{"id":5115,"date":"2023-08-01T18:24:16","date_gmt":"2023-08-01T18:24:16","guid":{"rendered":"https:\/\/1dronas.lt\/?post_type=product&#038;p=5115"},"modified":"2025-02-03T19:38:54","modified_gmt":"2025-02-03T19:38:54","slug":"meteor85-brushless-whoop-quadcopter","status":"publish","type":"product","link":"https:\/\/1dronas.lt\/en\/produktas\/meteor85-brushless-whoop-quadcopter\/","title":{"rendered":"Meteor85 Brushless Whoop Quadcopter"},"content":{"rendered":"<p><img loading=\"lazy\" decoding=\"async\" class=\"alignnone wp-image-5117 size-full\" src=\"https:\/\/1dronas.lt\/wp-content\/uploads\/2023\/08\/FB_63f648d4-7d45-4f7d-b533-8c2cd0494017_1024x1024.jpg\" alt=\"\" width=\"1024\" height=\"576\" srcset=\"https:\/\/1dronas.lt\/wp-content\/uploads\/2023\/08\/FB_63f648d4-7d45-4f7d-b533-8c2cd0494017_1024x1024.jpg 1024w, https:\/\/1dronas.lt\/wp-content\/uploads\/2023\/08\/FB_63f648d4-7d45-4f7d-b533-8c2cd0494017_1024x1024-300x169.jpg 300w, https:\/\/1dronas.lt\/wp-content\/uploads\/2023\/08\/FB_63f648d4-7d45-4f7d-b533-8c2cd0494017_1024x1024-768x432.jpg 768w, https:\/\/1dronas.lt\/wp-content\/uploads\/2023\/08\/FB_63f648d4-7d45-4f7d-b533-8c2cd0494017_1024x1024-18x10.jpg 18w, https:\/\/1dronas.lt\/wp-content\/uploads\/2023\/08\/FB_63f648d4-7d45-4f7d-b533-8c2cd0494017_1024x1024-510x287.jpg 510w\" sizes=\"auto, (max-width: 1024px) 100vw, 1024px\" \/><\/p>\n<p><strong>Specification:<\/strong><\/p>\n<p><b>\u2022<\/b>\u00a0Manufacturer: BETAFPV;<br \/>\n<b>\u2022\u00a0<\/b>Model: Meteor85;<br \/>\n<b>\u2022\u00a0<\/b>RX<b>:<\/b>\u00a0ELRS 2.4G;<br \/>\n<b>\u2022\u00a0<\/b>Motors: BETAFPV 1103 11000KV;<br \/>\n<b>\u2022\u00a0<\/b>Battery: 2s 450mAh;<br \/>\n<b>\u2022\u00a0<\/b>VTX: M03 25-350mW VTX;<br \/>\n<b>\u2022<\/b> Camera: Caddx Ant Camera;<br \/>\n<b>\u2022<\/b> FC&amp;ESC: F4 1S 12A AIO FC;<br \/>\n<b>\u2022\u00a0<\/b>Canopy: Polypropylene;<br \/>\n<b>\u2022\u00a0<\/b>Weight: ~43.85g.<\/p>\n<p><strong>Package:<\/strong><\/p>\n<p>1x Meteor85 drone;<br \/>\n1x 450mAh 2s 45C battery;<br \/>\n1x type-C to SH1.0 adapter;<br \/>\n1x SH1.0 cable;<br \/>\n1x set of spare propellers;<br \/>\n1x screwdriver;<br \/>\n3x decorative details;<br \/>\n1x set of screws;<br \/>\n1x user manual.<\/p>\n<p><img loading=\"lazy\" decoding=\"async\" class=\"alignnone wp-image-5118 size-full\" src=\"https:\/\/1dronas.lt\/wp-content\/uploads\/2023\/08\/3f89305fb1dabad87b9b93324e3c25cd_7ab3e210-61da-410e-9653-1872e30b15c0_600x600.jpg\" alt=\"\" width=\"600\" height=\"361\" srcset=\"https:\/\/1dronas.lt\/wp-content\/uploads\/2023\/08\/3f89305fb1dabad87b9b93324e3c25cd_7ab3e210-61da-410e-9653-1872e30b15c0_600x600.jpg 600w, https:\/\/1dronas.lt\/wp-content\/uploads\/2023\/08\/3f89305fb1dabad87b9b93324e3c25cd_7ab3e210-61da-410e-9653-1872e30b15c0_600x600-300x181.jpg 300w, https:\/\/1dronas.lt\/wp-content\/uploads\/2023\/08\/3f89305fb1dabad87b9b93324e3c25cd_7ab3e210-61da-410e-9653-1872e30b15c0_600x600-18x12.jpg 18w, https:\/\/1dronas.lt\/wp-content\/uploads\/2023\/08\/3f89305fb1dabad87b9b93324e3c25cd_7ab3e210-61da-410e-9653-1872e30b15c0_600x600-510x307.jpg 510w\" sizes=\"auto, (max-width: 600px) 100vw, 600px\" \/><\/p>\n<p>&nbsp;<\/p>\n<p><span style=\"color: #ed1c24;\"><strong>Important:<br \/>\n<em>* Do not overcharge or leave batteries discharged for long periods of time;<\/em><br \/>\n<em>* Do not store batteries near high temperatures;<\/em><br \/>\n<em>* Do not throw batteries into fire;<br \/>\n* Do not throw batteries into water.<\/em><\/strong><\/span><\/p>","protected":false},"excerpt":{"rendered":"<p><span style=\"color: #000000;\">The Meteor85 brushless drone, with its reduced weight, ensures smoother flight that is easier to control at high speeds.<\/span><\/p>\n<h4><strong><img loading=\"lazy\" decoding=\"async\" class=\"alignnone wp-image-1806\" src=\"https:\/\/1dronas.lt\/wp-content\/uploads\/2021\/05\/delivery-icon.png\" alt=\"\" width=\"24\" height=\"24\" srcset=\"https:\/\/1dronas.lt\/wp-content\/uploads\/2021\/05\/delivery-icon.png 35w, https:\/\/1dronas.lt\/wp-content\/uploads\/2021\/05\/delivery-icon-12x12.png 12w\" sizes=\"auto, (max-width: 24px) 100vw, 24px\" \/><\/strong> <span style=\"font-size: 90%;\"><strong>1 \u2013 2 days<\/strong><\/span><\/h4>","protected":false},"featured_media":5121,"comment_status":"open","ping_status":"closed","template":"","meta":[],"product_brand":[489],"product_cat":[105,104,112],"product_tag":[69,236,347,348],"class_list":{"0":"post-5115","1":"product","2":"type-product","3":"status-publish","4":"has-post-thumbnail","6":"product_brand-betafpv","7":"product_cat-fpv-bnf-dronai","8":"product_cat-orlaiviai","9":"product_cat-whoop","10":"product_tag-betafpv","11":"product_tag-lightweight","12":"product_tag-meteor","13":"product_tag-meteor85","15":"first","16":"outofstock","17":"taxable","18":"shipping-taxable","19":"purchasable","20":"product-type-simple"},"yoast_head":"<!-- This site is optimized with the Yoast SEO plugin v27.3 - https:\/\/yoast.com\/product\/yoast-seo-wordpress\/ -->\n<title>Meteor85 Brushless Whoop Quadcopter - 1dronas.lt<\/title>\n<meta name=\"robots\" content=\"index, follow, max-snippet:-1, max-image-preview:large, max-video-preview:-1\" \/>\n<link rel=\"canonical\" href=\"https:\/\/1dronas.lt\/en\/produktas\/meteor85-brushless-whoop-quadcopter\/\" \/>\n<meta property=\"og:locale\" content=\"en_US\" \/>\n<meta property=\"og:type\" content=\"article\" \/>\n<meta property=\"og:title\" content=\"Meteor85 Brushless Whoop Quadcopter - 1dronas.lt\" \/>\n<meta property=\"og:description\" content=\"\u201cMeteor85\u201d be\u0161epet\u0117linis dronas, yra suma\u017einto svorio, u\u017etikrina sklandesn\u012f skryd\u012f, kur\u012f lengviau valdyti esant dideliam grei\u010diui.  1 \u2013 2 d. d.\" \/>\n<meta property=\"og:url\" content=\"https:\/\/1dronas.lt\/en\/produktas\/meteor85-brushless-whoop-quadcopter\/\" \/>\n<meta property=\"og:site_name\" content=\"1dronas.lt\" \/>\n<meta property=\"article:publisher\" content=\"https:\/\/www.facebook.com\/1dronas\/\" \/>\n<meta property=\"article:modified_time\" content=\"2025-02-03T19:38:54+00:00\" \/>\n<meta property=\"og:image\" content=\"https:\/\/1dronas.lt\/wp-content\/uploads\/2023\/08\/74b96dbb2d19db9758ba306fc55ad040_2ee46477-d292-40a7-b9a5-29d8385fbffc_720x.jpg\" \/>\n\t<meta property=\"og:image:width\" content=\"720\" \/>\n\t<meta property=\"og:image:height\" content=\"720\" \/>\n\t<meta property=\"og:image:type\" content=\"image\/jpeg\" \/>\n<meta name=\"twitter:card\" content=\"summary_large_image\" \/>\n<meta name=\"twitter:label1\" content=\"Est. reading time\" \/>\n\t<meta name=\"twitter:data1\" content=\"2 minutes\" \/>\n<script type=\"application\/ld+json\" class=\"yoast-schema-graph\">{\"@context\":\"https:\\\/\\\/schema.org\",\"@graph\":[{\"@type\":\"WebPage\",\"@id\":\"https:\\\/\\\/1dronas.lt\\\/en\\\/produktas\\\/meteor85-brushless-whoop-quadcopter\\\/\",\"url\":\"https:\\\/\\\/1dronas.lt\\\/en\\\/produktas\\\/meteor85-brushless-whoop-quadcopter\\\/\",\"name\":\"Meteor85 Brushless Whoop Quadcopter - 1dronas.lt\",\"isPartOf\":{\"@id\":\"https:\\\/\\\/1dronas.lt\\\/en\\\/#website\"},\"primaryImageOfPage\":{\"@id\":\"https:\\\/\\\/1dronas.lt\\\/en\\\/produktas\\\/meteor85-brushless-whoop-quadcopter\\\/#primaryimage\"},\"image\":{\"@id\":\"https:\\\/\\\/1dronas.lt\\\/en\\\/produktas\\\/meteor85-brushless-whoop-quadcopter\\\/#primaryimage\"},\"thumbnailUrl\":\"https:\\\/\\\/1dronas.lt\\\/wp-content\\\/uploads\\\/2023\\\/08\\\/74b96dbb2d19db9758ba306fc55ad040_2ee46477-d292-40a7-b9a5-29d8385fbffc_720x.jpg\",\"datePublished\":\"2023-08-01T18:24:16+00:00\",\"dateModified\":\"2025-02-03T19:38:54+00:00\",\"breadcrumb\":{\"@id\":\"https:\\\/\\\/1dronas.lt\\\/en\\\/produktas\\\/meteor85-brushless-whoop-quadcopter\\\/#breadcrumb\"},\"inLanguage\":\"en-US\",\"potentialAction\":[{\"@type\":\"ReadAction\",\"target\":[\"https:\\\/\\\/1dronas.lt\\\/en\\\/produktas\\\/meteor85-brushless-whoop-quadcopter\\\/\"]}]},{\"@type\":\"ImageObject\",\"inLanguage\":\"en-US\",\"@id\":\"https:\\\/\\\/1dronas.lt\\\/en\\\/produktas\\\/meteor85-brushless-whoop-quadcopter\\\/#primaryimage\",\"url\":\"https:\\\/\\\/1dronas.lt\\\/wp-content\\\/uploads\\\/2023\\\/08\\\/74b96dbb2d19db9758ba306fc55ad040_2ee46477-d292-40a7-b9a5-29d8385fbffc_720x.jpg\",\"contentUrl\":\"https:\\\/\\\/1dronas.lt\\\/wp-content\\\/uploads\\\/2023\\\/08\\\/74b96dbb2d19db9758ba306fc55ad040_2ee46477-d292-40a7-b9a5-29d8385fbffc_720x.jpg\",\"width\":720,\"height\":720},{\"@type\":\"BreadcrumbList\",\"@id\":\"https:\\\/\\\/1dronas.lt\\\/en\\\/produktas\\\/meteor85-brushless-whoop-quadcopter\\\/#breadcrumb\",\"itemListElement\":[{\"@type\":\"ListItem\",\"position\":1,\"name\":\"Home\",\"item\":\"https:\\\/\\\/1dronas.lt\\\/\"},{\"@type\":\"ListItem\",\"position\":2,\"name\":\"Parduotuv\u0117\",\"item\":\"https:\\\/\\\/1dronas.lt\\\/parduotuve\\\/\"},{\"@type\":\"ListItem\",\"position\":3,\"name\":\"Meteor85 Brushless Whoop Quadcopter\"}]},{\"@type\":\"WebSite\",\"@id\":\"https:\\\/\\\/1dronas.lt\\\/en\\\/#website\",\"url\":\"https:\\\/\\\/1dronas.lt\\\/en\\\/\",\"name\":\"1dronas.lt\",\"description\":\"Internetin\u0117 parduotuv\u0117\",\"publisher\":{\"@id\":\"https:\\\/\\\/1dronas.lt\\\/en\\\/#organization\"},\"potentialAction\":[{\"@type\":\"SearchAction\",\"target\":{\"@type\":\"EntryPoint\",\"urlTemplate\":\"https:\\\/\\\/1dronas.lt\\\/en\\\/?s={search_term_string}\"},\"query-input\":{\"@type\":\"PropertyValueSpecification\",\"valueRequired\":true,\"valueName\":\"search_term_string\"}}],\"inLanguage\":\"en-US\"},{\"@type\":\"Organization\",\"@id\":\"https:\\\/\\\/1dronas.lt\\\/en\\\/#organization\",\"name\":\"1dronas.lt\",\"url\":\"https:\\\/\\\/1dronas.lt\\\/en\\\/\",\"logo\":{\"@type\":\"ImageObject\",\"inLanguage\":\"en-US\",\"@id\":\"https:\\\/\\\/1dronas.lt\\\/en\\\/#\\\/schema\\\/logo\\\/image\\\/\",\"url\":\"https:\\\/\\\/1dronas.lt\\\/wp-content\\\/uploads\\\/2020\\\/12\\\/Ekrano_kopija__2_-removebg-preview-1-1.png\",\"contentUrl\":\"https:\\\/\\\/1dronas.lt\\\/wp-content\\\/uploads\\\/2020\\\/12\\\/Ekrano_kopija__2_-removebg-preview-1-1.png\",\"width\":234,\"height\":81,\"caption\":\"1dronas.lt\"},\"image\":{\"@id\":\"https:\\\/\\\/1dronas.lt\\\/en\\\/#\\\/schema\\\/logo\\\/image\\\/\"},\"sameAs\":[\"https:\\\/\\\/www.facebook.com\\\/1dronas\\\/\"]}]}<\/script>\n<!-- \/ Yoast SEO plugin. -->","yoast_head_json":{"title":"Meteor85 Brushless Whoop Quadcopter - 1dronas.lt","robots":{"index":"index","follow":"follow","max-snippet":"max-snippet:-1","max-image-preview":"max-image-preview:large","max-video-preview":"max-video-preview:-1"},"canonical":"https:\/\/1dronas.lt\/en\/produktas\/meteor85-brushless-whoop-quadcopter\/","og_locale":"en_US","og_type":"article","og_title":"Meteor85 Brushless Whoop Quadcopter - 1dronas.lt","og_description":"\u201cMeteor85\u201d be\u0161epet\u0117linis dronas, yra suma\u017einto svorio, u\u017etikrina sklandesn\u012f skryd\u012f, kur\u012f lengviau valdyti esant dideliam grei\u010diui.  1 \u2013 2 d. d.","og_url":"https:\/\/1dronas.lt\/en\/produktas\/meteor85-brushless-whoop-quadcopter\/","og_site_name":"1dronas.lt","article_publisher":"https:\/\/www.facebook.com\/1dronas\/","article_modified_time":"2025-02-03T19:38:54+00:00","og_image":[{"width":720,"height":720,"url":"https:\/\/1dronas.lt\/wp-content\/uploads\/2023\/08\/74b96dbb2d19db9758ba306fc55ad040_2ee46477-d292-40a7-b9a5-29d8385fbffc_720x.jpg","type":"image\/jpeg"}],"twitter_card":"summary_large_image","twitter_misc":{"Est. reading time":"2 minutes"},"schema":{"@context":"https:\/\/schema.org","@graph":[{"@type":"WebPage","@id":"https:\/\/1dronas.lt\/en\/produktas\/meteor85-brushless-whoop-quadcopter\/","url":"https:\/\/1dronas.lt\/en\/produktas\/meteor85-brushless-whoop-quadcopter\/","name":"Meteor85 Brushless Whoop Quadcopter - 1dronas.lt","isPartOf":{"@id":"https:\/\/1dronas.lt\/en\/#website"},"primaryImageOfPage":{"@id":"https:\/\/1dronas.lt\/en\/produktas\/meteor85-brushless-whoop-quadcopter\/#primaryimage"},"image":{"@id":"https:\/\/1dronas.lt\/en\/produktas\/meteor85-brushless-whoop-quadcopter\/#primaryimage"},"thumbnailUrl":"https:\/\/1dronas.lt\/wp-content\/uploads\/2023\/08\/74b96dbb2d19db9758ba306fc55ad040_2ee46477-d292-40a7-b9a5-29d8385fbffc_720x.jpg","datePublished":"2023-08-01T18:24:16+00:00","dateModified":"2025-02-03T19:38:54+00:00","breadcrumb":{"@id":"https:\/\/1dronas.lt\/en\/produktas\/meteor85-brushless-whoop-quadcopter\/#breadcrumb"},"inLanguage":"en-US","potentialAction":[{"@type":"ReadAction","target":["https:\/\/1dronas.lt\/en\/produktas\/meteor85-brushless-whoop-quadcopter\/"]}]},{"@type":"ImageObject","inLanguage":"en-US","@id":"https:\/\/1dronas.lt\/en\/produktas\/meteor85-brushless-whoop-quadcopter\/#primaryimage","url":"https:\/\/1dronas.lt\/wp-content\/uploads\/2023\/08\/74b96dbb2d19db9758ba306fc55ad040_2ee46477-d292-40a7-b9a5-29d8385fbffc_720x.jpg","contentUrl":"https:\/\/1dronas.lt\/wp-content\/uploads\/2023\/08\/74b96dbb2d19db9758ba306fc55ad040_2ee46477-d292-40a7-b9a5-29d8385fbffc_720x.jpg","width":720,"height":720},{"@type":"BreadcrumbList","@id":"https:\/\/1dronas.lt\/en\/produktas\/meteor85-brushless-whoop-quadcopter\/#breadcrumb","itemListElement":[{"@type":"ListItem","position":1,"name":"Home","item":"https:\/\/1dronas.lt\/"},{"@type":"ListItem","position":2,"name":"Parduotuv\u0117","item":"https:\/\/1dronas.lt\/parduotuve\/"},{"@type":"ListItem","position":3,"name":"Meteor85 Brushless Whoop Quadcopter"}]},{"@type":"WebSite","@id":"https:\/\/1dronas.lt\/en\/#website","url":"https:\/\/1dronas.lt\/en\/","name":"1dronas.lt","description":"Online store","publisher":{"@id":"https:\/\/1dronas.lt\/en\/#organization"},"potentialAction":[{"@type":"SearchAction","target":{"@type":"EntryPoint","urlTemplate":"https:\/\/1dronas.lt\/en\/?s={search_term_string}"},"query-input":{"@type":"PropertyValueSpecification","valueRequired":true,"valueName":"search_term_string"}}],"inLanguage":"en-US"},{"@type":"Organization","@id":"https:\/\/1dronas.lt\/en\/#organization","name":"1dronas.lt","url":"https:\/\/1dronas.lt\/en\/","logo":{"@type":"ImageObject","inLanguage":"en-US","@id":"https:\/\/1dronas.lt\/en\/#\/schema\/logo\/image\/","url":"https:\/\/1dronas.lt\/wp-content\/uploads\/2020\/12\/Ekrano_kopija__2_-removebg-preview-1-1.png","contentUrl":"https:\/\/1dronas.lt\/wp-content\/uploads\/2020\/12\/Ekrano_kopija__2_-removebg-preview-1-1.png","width":234,"height":81,"caption":"1dronas.lt"},"image":{"@id":"https:\/\/1dronas.lt\/en\/#\/schema\/logo\/image\/"},"sameAs":["https:\/\/www.facebook.com\/1dronas\/"]}]}},"jetpack_sharing_enabled":true,"_links":{"self":[{"href":"https:\/\/1dronas.lt\/en\/wp-json\/wp\/v2\/product\/5115","targetHints":{"allow":["GET"]}}],"collection":[{"href":"https:\/\/1dronas.lt\/en\/wp-json\/wp\/v2\/product"}],"about":[{"href":"https:\/\/1dronas.lt\/en\/wp-json\/wp\/v2\/types\/product"}],"replies":[{"embeddable":true,"href":"https:\/\/1dronas.lt\/en\/wp-json\/wp\/v2\/comments?post=5115"}],"wp:featuredmedia":[{"embeddable":true,"href":"https:\/\/1dronas.lt\/en\/wp-json\/wp\/v2\/media\/5121"}],"wp:attachment":[{"href":"https:\/\/1dronas.lt\/en\/wp-json\/wp\/v2\/media?parent=5115"}],"wp:term":[{"taxonomy":"product_brand","embeddable":true,"href":"https:\/\/1dronas.lt\/en\/wp-json\/wp\/v2\/product_brand?post=5115"},{"taxonomy":"product_cat","embeddable":true,"href":"https:\/\/1dronas.lt\/en\/wp-json\/wp\/v2\/product_cat?post=5115"},{"taxonomy":"product_tag","embeddable":true,"href":"https:\/\/1dronas.lt\/en\/wp-json\/wp\/v2\/product_tag?post=5115"}],"curies":[{"name":"wp","href":"https:\/\/api.w.org\/{rel}","templated":true}]}}