{"id":4966,"date":"2023-06-05T13:50:32","date_gmt":"2023-06-05T13:50:32","guid":{"rendered":"https:\/\/1dronas.lt\/?post_type=product&#038;p=4966"},"modified":"2026-04-15T19:24:26","modified_gmt":"2026-04-15T16:24:26","slug":"bt2-0-ph2-0-adapterio-laidas-6-vnt","status":"publish","type":"product","link":"https:\/\/1dronas.lt\/en\/produktas\/bt2-0-ph2-0-adapterio-laidas-6-vnt\/","title":{"rendered":"BETAFPV BT2.0-PH2.0 Adapter Cable (6 pcs)"},"content":{"rendered":"<p><strong>Specification:<\/strong><\/p>\n<p>\u2022 Item: BT2.0-PH2.0 adapter cable;<br \/>\n\u2022 Length: 55 mm (plug not included);<br \/>\n\u2022 Weight: 1.07 g (1 pc.);<br \/>\n\u2022 Wire type: 22AWG;<br \/>\n\u2022 Input connector: PH2.0 external connector (PH2.0 for charger);<br \/>\n\u2022 Output connector: BT2.0 internal connector (BT2.0 for battery);<br \/>\n\u2022 Note: Blue color represents positive pole (+); white color represents negative pole (-).<\/p>\n<p><strong>Package:<\/strong><\/p>\n<p>6 x BT2.0-PH2.0 adapter cables.<\/p>\n<p>&nbsp;<\/p>\n<p>&nbsp;<\/p>","protected":false},"excerpt":{"rendered":"<p><span style=\"color: #333333;\"><strong><b>\u2022 <\/b><\/strong>Input connector: PH2.0 external connector (PH2.0 for charger);<\/span><br \/>\n<span style=\"color: #333333;\"><strong><b>\u2022 <\/b><\/strong>Output connector: BT2.0 internal connector (BT2.0 for battery);<\/span><\/p>\n<p><span style=\"color: #333333;\"><img loading=\"lazy\" decoding=\"async\" class=\"alignnone wp-image-1806\" src=\"https:\/\/1dronas.lt\/wp-content\/uploads\/2021\/05\/delivery-icon.png\" alt=\"\" width=\"24\" height=\"24\" srcset=\"https:\/\/1dronas.lt\/wp-content\/uploads\/2021\/05\/delivery-icon.png 35w, https:\/\/1dronas.lt\/wp-content\/uploads\/2021\/05\/delivery-icon-12x12.png 12w\" sizes=\"auto, (max-width: 24px) 100vw, 24px\" \/><strong>\u00a0\u00a0\u00a01 \u2013 4 days<\/strong><\/span><\/p>","protected":false},"featured_media":4976,"comment_status":"open","ping_status":"closed","template":"","meta":[],"product_brand":[489],"product_cat":[676],"product_tag":[],"class_list":{"0":"post-4966","1":"product","2":"type-product","3":"status-publish","4":"has-post-thumbnail","6":"product_brand-betafpv","7":"product_cat-laidai-jungtys","9":"first","10":"instock","11":"taxable","12":"shipping-taxable","13":"purchasable","14":"product-type-simple"},"yoast_head":"<!-- This site is optimized with the Yoast SEO plugin v27.4 - https:\/\/yoast.com\/product\/yoast-seo-wordpress\/ -->\n<title>BETAFPV BT2.0-PH2.0 Adapter Cable (6 vnt) - 1dronas.lt<\/title>\n<meta name=\"robots\" content=\"index, follow, max-snippet:-1, max-image-preview:large, max-video-preview:-1\" \/>\n<link rel=\"canonical\" href=\"https:\/\/1dronas.lt\/en\/produktas\/bt2-0-ph2-0-adapterio-laidas-6-vnt\/\" \/>\n<meta property=\"og:locale\" content=\"en_US\" \/>\n<meta property=\"og:type\" content=\"article\" \/>\n<meta property=\"og:title\" content=\"BETAFPV BT2.0-PH2.0 Adapter Cable (6 vnt) - 1dronas.lt\" \/>\n<meta property=\"og:description\" content=\"\u2022 \u012evesties jungtis: PH2.0 i\u0161orin\u0117 jungtis (PH2.0 \u012fkrovikliui); \u2022 I\u0161vesties jungtis:BT2.0 vidin\u0117 jungtis (BT2.0 akumuliatoriui);  \u00a0\u00a0\u00a01 \u2013 4 d. d.\" \/>\n<meta property=\"og:url\" content=\"https:\/\/1dronas.lt\/en\/produktas\/bt2-0-ph2-0-adapterio-laidas-6-vnt\/\" \/>\n<meta property=\"og:site_name\" content=\"1dronas.lt\" \/>\n<meta property=\"article:publisher\" content=\"https:\/\/www.facebook.com\/1dronas\/\" \/>\n<meta property=\"article:modified_time\" content=\"2026-04-15T16:24:26+00:00\" \/>\n<meta property=\"og:image\" content=\"https:\/\/1dronas.lt\/wp-content\/uploads\/2023\/06\/BT2.0_f7a765bf-32dc-4dcd-9b2c-1a9a06b67f79_720x.jpg\" \/>\n\t<meta property=\"og:image:width\" content=\"720\" \/>\n\t<meta property=\"og:image:height\" content=\"720\" \/>\n\t<meta property=\"og:image:type\" content=\"image\/jpeg\" \/>\n<meta name=\"twitter:card\" content=\"summary_large_image\" \/>\n<meta name=\"twitter:label1\" content=\"Est. reading time\" \/>\n\t<meta name=\"twitter:data1\" content=\"1 minute\" \/>\n<script type=\"application\/ld+json\" class=\"yoast-schema-graph\">{\"@context\":\"https:\\\/\\\/schema.org\",\"@graph\":[{\"@type\":\"WebPage\",\"@id\":\"https:\\\/\\\/1dronas.lt\\\/en\\\/produktas\\\/bt2-0-ph2-0-adapterio-laidas-6-vnt\\\/\",\"url\":\"https:\\\/\\\/1dronas.lt\\\/en\\\/produktas\\\/bt2-0-ph2-0-adapterio-laidas-6-vnt\\\/\",\"name\":\"BETAFPV BT2.0-PH2.0 Adapter Cable (6 vnt) - 1dronas.lt\",\"isPartOf\":{\"@id\":\"https:\\\/\\\/1dronas.lt\\\/en\\\/#website\"},\"primaryImageOfPage\":{\"@id\":\"https:\\\/\\\/1dronas.lt\\\/en\\\/produktas\\\/bt2-0-ph2-0-adapterio-laidas-6-vnt\\\/#primaryimage\"},\"image\":{\"@id\":\"https:\\\/\\\/1dronas.lt\\\/en\\\/produktas\\\/bt2-0-ph2-0-adapterio-laidas-6-vnt\\\/#primaryimage\"},\"thumbnailUrl\":\"https:\\\/\\\/1dronas.lt\\\/wp-content\\\/uploads\\\/2023\\\/06\\\/BT2.0_f7a765bf-32dc-4dcd-9b2c-1a9a06b67f79_720x.jpg\",\"datePublished\":\"2023-06-05T13:50:32+00:00\",\"dateModified\":\"2026-04-15T16:24:26+00:00\",\"breadcrumb\":{\"@id\":\"https:\\\/\\\/1dronas.lt\\\/en\\\/produktas\\\/bt2-0-ph2-0-adapterio-laidas-6-vnt\\\/#breadcrumb\"},\"inLanguage\":\"en-US\",\"potentialAction\":[{\"@type\":\"ReadAction\",\"target\":[\"https:\\\/\\\/1dronas.lt\\\/en\\\/produktas\\\/bt2-0-ph2-0-adapterio-laidas-6-vnt\\\/\"]}]},{\"@type\":\"ImageObject\",\"inLanguage\":\"en-US\",\"@id\":\"https:\\\/\\\/1dronas.lt\\\/en\\\/produktas\\\/bt2-0-ph2-0-adapterio-laidas-6-vnt\\\/#primaryimage\",\"url\":\"https:\\\/\\\/1dronas.lt\\\/wp-content\\\/uploads\\\/2023\\\/06\\\/BT2.0_f7a765bf-32dc-4dcd-9b2c-1a9a06b67f79_720x.jpg\",\"contentUrl\":\"https:\\\/\\\/1dronas.lt\\\/wp-content\\\/uploads\\\/2023\\\/06\\\/BT2.0_f7a765bf-32dc-4dcd-9b2c-1a9a06b67f79_720x.jpg\",\"width\":720,\"height\":720},{\"@type\":\"BreadcrumbList\",\"@id\":\"https:\\\/\\\/1dronas.lt\\\/en\\\/produktas\\\/bt2-0-ph2-0-adapterio-laidas-6-vnt\\\/#breadcrumb\",\"itemListElement\":[{\"@type\":\"ListItem\",\"position\":1,\"name\":\"Home\",\"item\":\"https:\\\/\\\/1dronas.lt\\\/\"},{\"@type\":\"ListItem\",\"position\":2,\"name\":\"Parduotuv\u0117\",\"item\":\"https:\\\/\\\/1dronas.lt\\\/parduotuve\\\/\"},{\"@type\":\"ListItem\",\"position\":3,\"name\":\"BETAFPV BT2.0-PH2.0 Adapter Cable (6 vnt)\"}]},{\"@type\":\"WebSite\",\"@id\":\"https:\\\/\\\/1dronas.lt\\\/en\\\/#website\",\"url\":\"https:\\\/\\\/1dronas.lt\\\/en\\\/\",\"name\":\"1dronas.lt\",\"description\":\"Internetin\u0117 parduotuv\u0117\",\"publisher\":{\"@id\":\"https:\\\/\\\/1dronas.lt\\\/en\\\/#organization\"},\"potentialAction\":[{\"@type\":\"SearchAction\",\"target\":{\"@type\":\"EntryPoint\",\"urlTemplate\":\"https:\\\/\\\/1dronas.lt\\\/en\\\/?s={search_term_string}\"},\"query-input\":{\"@type\":\"PropertyValueSpecification\",\"valueRequired\":true,\"valueName\":\"search_term_string\"}}],\"inLanguage\":\"en-US\"},{\"@type\":\"Organization\",\"@id\":\"https:\\\/\\\/1dronas.lt\\\/en\\\/#organization\",\"name\":\"1dronas.lt\",\"url\":\"https:\\\/\\\/1dronas.lt\\\/en\\\/\",\"logo\":{\"@type\":\"ImageObject\",\"inLanguage\":\"en-US\",\"@id\":\"https:\\\/\\\/1dronas.lt\\\/en\\\/#\\\/schema\\\/logo\\\/image\\\/\",\"url\":\"https:\\\/\\\/1dronas.lt\\\/wp-content\\\/uploads\\\/2020\\\/12\\\/Ekrano_kopija__2_-removebg-preview-1-1.png\",\"contentUrl\":\"https:\\\/\\\/1dronas.lt\\\/wp-content\\\/uploads\\\/2020\\\/12\\\/Ekrano_kopija__2_-removebg-preview-1-1.png\",\"width\":234,\"height\":81,\"caption\":\"1dronas.lt\"},\"image\":{\"@id\":\"https:\\\/\\\/1dronas.lt\\\/en\\\/#\\\/schema\\\/logo\\\/image\\\/\"},\"sameAs\":[\"https:\\\/\\\/www.facebook.com\\\/1dronas\\\/\"]}]}<\/script>\n<!-- \/ Yoast SEO plugin. -->","yoast_head_json":{"title":"BETAFPV BT2.0-PH2.0 Adapter Cable (6 vnt) - 1dronas.lt","robots":{"index":"index","follow":"follow","max-snippet":"max-snippet:-1","max-image-preview":"max-image-preview:large","max-video-preview":"max-video-preview:-1"},"canonical":"https:\/\/1dronas.lt\/en\/produktas\/bt2-0-ph2-0-adapterio-laidas-6-vnt\/","og_locale":"en_US","og_type":"article","og_title":"BETAFPV BT2.0-PH2.0 Adapter Cable (6 vnt) - 1dronas.lt","og_description":"\u2022 \u012evesties jungtis: PH2.0 i\u0161orin\u0117 jungtis (PH2.0 \u012fkrovikliui); \u2022 I\u0161vesties jungtis:BT2.0 vidin\u0117 jungtis (BT2.0 akumuliatoriui);  \u00a0\u00a0\u00a01 \u2013 4 d. d.","og_url":"https:\/\/1dronas.lt\/en\/produktas\/bt2-0-ph2-0-adapterio-laidas-6-vnt\/","og_site_name":"1dronas.lt","article_publisher":"https:\/\/www.facebook.com\/1dronas\/","article_modified_time":"2026-04-15T16:24:26+00:00","og_image":[{"width":720,"height":720,"url":"https:\/\/1dronas.lt\/wp-content\/uploads\/2023\/06\/BT2.0_f7a765bf-32dc-4dcd-9b2c-1a9a06b67f79_720x.jpg","type":"image\/jpeg"}],"twitter_card":"summary_large_image","twitter_misc":{"Est. reading time":"1 minute"},"schema":{"@context":"https:\/\/schema.org","@graph":[{"@type":"WebPage","@id":"https:\/\/1dronas.lt\/en\/produktas\/bt2-0-ph2-0-adapterio-laidas-6-vnt\/","url":"https:\/\/1dronas.lt\/en\/produktas\/bt2-0-ph2-0-adapterio-laidas-6-vnt\/","name":"BETAFPV BT2.0-PH2.0 Adapter Cable (6 vnt) - 1dronas.lt","isPartOf":{"@id":"https:\/\/1dronas.lt\/en\/#website"},"primaryImageOfPage":{"@id":"https:\/\/1dronas.lt\/en\/produktas\/bt2-0-ph2-0-adapterio-laidas-6-vnt\/#primaryimage"},"image":{"@id":"https:\/\/1dronas.lt\/en\/produktas\/bt2-0-ph2-0-adapterio-laidas-6-vnt\/#primaryimage"},"thumbnailUrl":"https:\/\/1dronas.lt\/wp-content\/uploads\/2023\/06\/BT2.0_f7a765bf-32dc-4dcd-9b2c-1a9a06b67f79_720x.jpg","datePublished":"2023-06-05T13:50:32+00:00","dateModified":"2026-04-15T16:24:26+00:00","breadcrumb":{"@id":"https:\/\/1dronas.lt\/en\/produktas\/bt2-0-ph2-0-adapterio-laidas-6-vnt\/#breadcrumb"},"inLanguage":"en-US","potentialAction":[{"@type":"ReadAction","target":["https:\/\/1dronas.lt\/en\/produktas\/bt2-0-ph2-0-adapterio-laidas-6-vnt\/"]}]},{"@type":"ImageObject","inLanguage":"en-US","@id":"https:\/\/1dronas.lt\/en\/produktas\/bt2-0-ph2-0-adapterio-laidas-6-vnt\/#primaryimage","url":"https:\/\/1dronas.lt\/wp-content\/uploads\/2023\/06\/BT2.0_f7a765bf-32dc-4dcd-9b2c-1a9a06b67f79_720x.jpg","contentUrl":"https:\/\/1dronas.lt\/wp-content\/uploads\/2023\/06\/BT2.0_f7a765bf-32dc-4dcd-9b2c-1a9a06b67f79_720x.jpg","width":720,"height":720},{"@type":"BreadcrumbList","@id":"https:\/\/1dronas.lt\/en\/produktas\/bt2-0-ph2-0-adapterio-laidas-6-vnt\/#breadcrumb","itemListElement":[{"@type":"ListItem","position":1,"name":"Home","item":"https:\/\/1dronas.lt\/"},{"@type":"ListItem","position":2,"name":"Parduotuv\u0117","item":"https:\/\/1dronas.lt\/parduotuve\/"},{"@type":"ListItem","position":3,"name":"BETAFPV BT2.0-PH2.0 Adapter Cable (6 vnt)"}]},{"@type":"WebSite","@id":"https:\/\/1dronas.lt\/en\/#website","url":"https:\/\/1dronas.lt\/en\/","name":"1dronas.lt","description":"Online store","publisher":{"@id":"https:\/\/1dronas.lt\/en\/#organization"},"potentialAction":[{"@type":"SearchAction","target":{"@type":"EntryPoint","urlTemplate":"https:\/\/1dronas.lt\/en\/?s={search_term_string}"},"query-input":{"@type":"PropertyValueSpecification","valueRequired":true,"valueName":"search_term_string"}}],"inLanguage":"en-US"},{"@type":"Organization","@id":"https:\/\/1dronas.lt\/en\/#organization","name":"1dronas.lt","url":"https:\/\/1dronas.lt\/en\/","logo":{"@type":"ImageObject","inLanguage":"en-US","@id":"https:\/\/1dronas.lt\/en\/#\/schema\/logo\/image\/","url":"https:\/\/1dronas.lt\/wp-content\/uploads\/2020\/12\/Ekrano_kopija__2_-removebg-preview-1-1.png","contentUrl":"https:\/\/1dronas.lt\/wp-content\/uploads\/2020\/12\/Ekrano_kopija__2_-removebg-preview-1-1.png","width":234,"height":81,"caption":"1dronas.lt"},"image":{"@id":"https:\/\/1dronas.lt\/en\/#\/schema\/logo\/image\/"},"sameAs":["https:\/\/www.facebook.com\/1dronas\/"]}]}},"jetpack_sharing_enabled":true,"_links":{"self":[{"href":"https:\/\/1dronas.lt\/en\/wp-json\/wp\/v2\/product\/4966","targetHints":{"allow":["GET"]}}],"collection":[{"href":"https:\/\/1dronas.lt\/en\/wp-json\/wp\/v2\/product"}],"about":[{"href":"https:\/\/1dronas.lt\/en\/wp-json\/wp\/v2\/types\/product"}],"replies":[{"embeddable":true,"href":"https:\/\/1dronas.lt\/en\/wp-json\/wp\/v2\/comments?post=4966"}],"wp:featuredmedia":[{"embeddable":true,"href":"https:\/\/1dronas.lt\/en\/wp-json\/wp\/v2\/media\/4976"}],"wp:attachment":[{"href":"https:\/\/1dronas.lt\/en\/wp-json\/wp\/v2\/media?parent=4966"}],"wp:term":[{"taxonomy":"product_brand","embeddable":true,"href":"https:\/\/1dronas.lt\/en\/wp-json\/wp\/v2\/product_brand?post=4966"},{"taxonomy":"product_cat","embeddable":true,"href":"https:\/\/1dronas.lt\/en\/wp-json\/wp\/v2\/product_cat?post=4966"},{"taxonomy":"product_tag","embeddable":true,"href":"https:\/\/1dronas.lt\/en\/wp-json\/wp\/v2\/product_tag?post=4966"}],"curies":[{"name":"wp","href":"https:\/\/api.w.org\/{rel}","templated":true}]}}