{"id":3805,"date":"2022-12-13T10:16:55","date_gmt":"2022-12-13T10:16:55","guid":{"rendered":"https:\/\/1dronas.lt\/?post_type=product&#038;p=3805"},"modified":"2026-01-27T19:46:26","modified_gmt":"2026-01-27T17:46:26","slug":"betafpv-vr03-akiniai","status":"publish","type":"product","link":"https:\/\/1dronas.lt\/en\/produktas\/betafpv-vr03-akiniai\/","title":{"rendered":"BETAFPV VR03 Goggles"},"content":{"rendered":"<p><strong><img loading=\"lazy\" decoding=\"async\" class=\"alignnone wp-image-3814 size-full\" src=\"https:\/\/1dronas.lt\/wp-content\/uploads\/2022\/12\/FB_b5b77ea3-4a45-4a96-a18d-ebb67d9f44d4_1024x1024.jpg\" alt=\"\" width=\"1024\" height=\"576\" srcset=\"https:\/\/1dronas.lt\/wp-content\/uploads\/2022\/12\/FB_b5b77ea3-4a45-4a96-a18d-ebb67d9f44d4_1024x1024.jpg 1024w, https:\/\/1dronas.lt\/wp-content\/uploads\/2022\/12\/FB_b5b77ea3-4a45-4a96-a18d-ebb67d9f44d4_1024x1024-300x169.jpg 300w, https:\/\/1dronas.lt\/wp-content\/uploads\/2022\/12\/FB_b5b77ea3-4a45-4a96-a18d-ebb67d9f44d4_1024x1024-768x432.jpg 768w, https:\/\/1dronas.lt\/wp-content\/uploads\/2022\/12\/FB_b5b77ea3-4a45-4a96-a18d-ebb67d9f44d4_1024x1024-18x10.jpg 18w, https:\/\/1dronas.lt\/wp-content\/uploads\/2022\/12\/FB_b5b77ea3-4a45-4a96-a18d-ebb67d9f44d4_1024x1024-510x287.jpg 510w\" sizes=\"auto, (max-width: 1024px) 100vw, 1024px\" \/><br \/>\nFeatures:<\/strong><\/p>\n<p><strong>\u2022<\/strong> A high-quality external 5.8G 3dBi antenna is included. The VR03 goggles have an omnidirectional antenna that evenly radiates and receives signals in 360 degrees horizontal directions to ensure stable video transmission and clear images during flight;<br \/>\n<strong>\u2022<\/strong> The interchangeable antenna design allows pilots to try out different antennas for different applications. In addition, pilots can adjust the angle of the antenna;<br \/>\n<strong>\u2022<\/strong> VR03 goggles with 4.3 inch 800*480px HD high-definition LCD screen will display a clear image without distorted and blurry images, which is specially designed for FPV racing or model airplanes;<br \/>\n<strong>\u2022<\/strong> Using the Micro SD card slot, pilots can record video and save it to the Micro SD card. The video can also be played back through the VR03 goggles.<\/p>\n<p>The VR03 FPV goggles have a frequency scanning function and a fast frequency auto search function. Pilots can easily find the frequency band and channel with a stronger signal for a better flight experience.<\/p>\n<p><img loading=\"lazy\" decoding=\"async\" class=\"alignnone wp-image-3807 size-full\" src=\"https:\/\/1dronas.lt\/wp-content\/uploads\/2022\/12\/3_3a064133-cb72-4311-b953-eb44e5069bc4_1024x1024.jpg\" alt=\"\" width=\"1024\" height=\"576\" srcset=\"https:\/\/1dronas.lt\/wp-content\/uploads\/2022\/12\/3_3a064133-cb72-4311-b953-eb44e5069bc4_1024x1024.jpg 1024w, https:\/\/1dronas.lt\/wp-content\/uploads\/2022\/12\/3_3a064133-cb72-4311-b953-eb44e5069bc4_1024x1024-300x169.jpg 300w, https:\/\/1dronas.lt\/wp-content\/uploads\/2022\/12\/3_3a064133-cb72-4311-b953-eb44e5069bc4_1024x1024-768x432.jpg 768w, https:\/\/1dronas.lt\/wp-content\/uploads\/2022\/12\/3_3a064133-cb72-4311-b953-eb44e5069bc4_1024x1024-18x10.jpg 18w, https:\/\/1dronas.lt\/wp-content\/uploads\/2022\/12\/3_3a064133-cb72-4311-b953-eb44e5069bc4_1024x1024-510x287.jpg 510w\" sizes=\"auto, (max-width: 1024px) 100vw, 1024px\" \/><\/p>\n\t<div id=\"accordion-4226258868\" class=\"accordion-item\">\n\t\t<a id=\"accordion-4226258868-label\" class=\"accordion-title plain\" href=\"#accordion-item-daugiau\" aria-expanded=\"false\" aria-controls=\"accordion-4226258868-content\">\n\t\t\t<button class=\"toggle\" aria-label=\"Toggle\"><i class=\"icon-angle-down\" aria-hidden=\"true\"><\/i><\/button>\n\t\t\t<span>More<\/span>\n\t\t<\/a>\n\t\t<div id=\"accordion-4226258868-content\" class=\"accordion-inner\" aria-labelledby=\"accordion-4226258868-label\">\n\t\t\t\n<p><strong>DVR recording function<\/strong><\/p>\n<p>VR03 FPV goggles can perfectly record FPV moments. In addition, pilots can enjoy the saved video playback through the goggles or export the videos to a Micro SD card.<\/p>\n<p><img loading=\"lazy\" decoding=\"async\" class=\"alignnone wp-image-3816 size-full\" src=\"https:\/\/1dronas.lt\/wp-content\/uploads\/2022\/12\/DVR.jpg\" alt=\"\" width=\"1024\" height=\"576\" srcset=\"https:\/\/1dronas.lt\/wp-content\/uploads\/2022\/12\/DVR.jpg 1024w, https:\/\/1dronas.lt\/wp-content\/uploads\/2022\/12\/DVR-300x169.jpg 300w, https:\/\/1dronas.lt\/wp-content\/uploads\/2022\/12\/DVR-768x432.jpg 768w, https:\/\/1dronas.lt\/wp-content\/uploads\/2022\/12\/DVR-18x10.jpg 18w, https:\/\/1dronas.lt\/wp-content\/uploads\/2022\/12\/DVR-510x287.jpg 510w\" sizes=\"auto, (max-width: 1024px) 100vw, 1024px\" \/><\/p>\n<p><strong>VR03 Glasses Chart<\/strong><\/p>\n<p><img loading=\"lazy\" decoding=\"async\" class=\"alignnone wp-image-3813 size-full\" src=\"https:\/\/1dronas.lt\/wp-content\/uploads\/2022\/12\/d2f254306cbea3a0223492d769f044c5_85a99fb7-4cd5-471c-84c0-550c11074bff_600x600.jpg\" alt=\"\" width=\"600\" height=\"401\" srcset=\"https:\/\/1dronas.lt\/wp-content\/uploads\/2022\/12\/d2f254306cbea3a0223492d769f044c5_85a99fb7-4cd5-471c-84c0-550c11074bff_600x600.jpg 600w, https:\/\/1dronas.lt\/wp-content\/uploads\/2022\/12\/d2f254306cbea3a0223492d769f044c5_85a99fb7-4cd5-471c-84c0-550c11074bff_600x600-300x201.jpg 300w, https:\/\/1dronas.lt\/wp-content\/uploads\/2022\/12\/d2f254306cbea3a0223492d769f044c5_85a99fb7-4cd5-471c-84c0-550c11074bff_600x600-18x12.jpg 18w, https:\/\/1dronas.lt\/wp-content\/uploads\/2022\/12\/d2f254306cbea3a0223492d769f044c5_85a99fb7-4cd5-471c-84c0-550c11074bff_600x600-510x341.jpg 510w\" sizes=\"auto, (max-width: 600px) 100vw, 600px\" \/><br \/>\n<span style=\"color: #999999;\"><em>Note: Before use, please make sure the battery is fully charged, the recommended voltage is greater than 3.7V (short press the S button to view). Wear the glasses properly and adjust the headband to a comfortable length.<\/em><\/span><\/p>\n<p>VR03 FPV goggles support 5.8G and 48 channels. Press and hold the search button for 2 seconds to activate frequency scanning, and the result will be displayed after 3 seconds. Different colors on the screen indicate the current status of each frequency, as follows:<\/p>\n<p><img loading=\"lazy\" decoding=\"async\" class=\"alignnone wp-image-3811 size-full\" src=\"https:\/\/1dronas.lt\/wp-content\/uploads\/2022\/12\/629dbe25aeab458ba5e2e5048ef237133436_600x600.jpg\" alt=\"\" width=\"562\" height=\"566\" srcset=\"https:\/\/1dronas.lt\/wp-content\/uploads\/2022\/12\/629dbe25aeab458ba5e2e5048ef237133436_600x600.jpg 562w, https:\/\/1dronas.lt\/wp-content\/uploads\/2022\/12\/629dbe25aeab458ba5e2e5048ef237133436_600x600-298x300.jpg 298w, https:\/\/1dronas.lt\/wp-content\/uploads\/2022\/12\/629dbe25aeab458ba5e2e5048ef237133436_600x600-150x150.jpg 150w, https:\/\/1dronas.lt\/wp-content\/uploads\/2022\/12\/629dbe25aeab458ba5e2e5048ef237133436_600x600-12x12.jpg 12w, https:\/\/1dronas.lt\/wp-content\/uploads\/2022\/12\/629dbe25aeab458ba5e2e5048ef237133436_600x600-510x514.jpg 510w, https:\/\/1dronas.lt\/wp-content\/uploads\/2022\/12\/629dbe25aeab458ba5e2e5048ef237133436_600x600-100x100.jpg 100w\" sizes=\"auto, (max-width: 562px) 100vw, 562px\" \/><\/p>\n<p><strong>How to film<\/strong><\/p>\n<p>Short press the record button to start or stop video recording.<\/p>\n<p><strong>\u2022<\/strong> Insert the Micro SD card into the Micro SD card slot (only supports FAT32 system and maximum storage capacity of 64G);<br \/>\n<strong>\u2022\u00a0<\/strong>After briefly pressing the record button, a red dot will appear in the upper left corner of the screen and a &quot;beep&quot; will be heard from the FPV goggles;<br \/>\n<strong>\u2022\u00a0<\/strong>Wait 8 seconds and the red dot and the recording indicator LED will start flashing. At the same time, a row of red numbers will appear and a timer will start to indicate the start of recording;<br \/>\n<strong>\u2022\u00a0<\/strong>Press the recording button briefly. After 2-3 seconds, the red dot in the upper left corner stops flashing along with the timer disappearing, and the red recording indicator LED also turns off. This means that the glasses have stopped recording.<\/p>\n<p><img loading=\"lazy\" decoding=\"async\" class=\"alignnone wp-image-3817 size-full\" src=\"https:\/\/1dronas.lt\/wp-content\/uploads\/2022\/12\/dvr1_1.jpg\" alt=\"\" width=\"770\" height=\"132\" srcset=\"https:\/\/1dronas.lt\/wp-content\/uploads\/2022\/12\/dvr1_1.jpg 770w, https:\/\/1dronas.lt\/wp-content\/uploads\/2022\/12\/dvr1_1-300x51.jpg 300w, https:\/\/1dronas.lt\/wp-content\/uploads\/2022\/12\/dvr1_1-768x132.jpg 768w, https:\/\/1dronas.lt\/wp-content\/uploads\/2022\/12\/dvr1_1-18x3.jpg 18w, https:\/\/1dronas.lt\/wp-content\/uploads\/2022\/12\/dvr1_1-510x87.jpg 510w\" sizes=\"auto, (max-width: 770px) 100vw, 770px\" \/><\/p>\n<p><span style=\"color: #999999;\"><em>Note: After pressing the record button, the recording function will start after about 8-10 seconds, so please wait patiently.<br \/>\n<\/em><br \/>\n<em>Note: The maximum duration of each recording is 10 minutes. When the recording duration exceeds 10 minutes, a new recording file will be created automatically.<br \/>\n<\/em><\/span><br \/>\n\t\t<\/div>\n\t<\/div>\n\t\n<p><strong>Specification:<\/strong><\/p>\n<p>\u2022 Manufacturer: BETAFPV;<br \/>\n\u2022 Model: VR03;<br \/>\n\u2022 Size: 130 x 145 x 90mm;<br \/>\n\u2022 Weight: 300g;<br \/>\n\u2022 Screen size: 4.3 inches;<br \/>\n\u2022 Screen resolution: 800*480 px;<br \/>\n\u2022 SD card slot: Micro SD card (not included), supports FAT32 system, supports up to 64 GB of memory;<br \/>\n\u2022 Viewing angle: 55\u00b0;<br \/>\n\u2022 Antenna socket: RP-SMA;<br \/>\n\u2022 Charging connector: Type-C;<br \/>\n\u2022 Voltage: 3.7V;<br \/>\n\u2022 Video recording resolution: 480p;<br \/>\n\u2022 Recording format: AVI;<br \/>\n\u2022 Battery: 3.7V \/ 2000mAh. (built-in).<\/p>\n<p><strong>Package:<\/strong><\/p>\n<p>1x BETAFPV VR03 FPV goggles;<br \/>\n1x Adjustable head strap;<br \/>\n1x User manual.<\/p>\n<p><img loading=\"lazy\" decoding=\"async\" class=\"alignnone wp-image-3808 size-full\" src=\"https:\/\/1dronas.lt\/wp-content\/uploads\/2022\/12\/3f89305fb1dabad87b9b93324e3c25cd_b287f78a-89f6-4de7-a8ab-41f21b90ff0a_600x600.jpg\" alt=\"\" width=\"600\" height=\"464\" srcset=\"https:\/\/1dronas.lt\/wp-content\/uploads\/2022\/12\/3f89305fb1dabad87b9b93324e3c25cd_b287f78a-89f6-4de7-a8ab-41f21b90ff0a_600x600.jpg 600w, https:\/\/1dronas.lt\/wp-content\/uploads\/2022\/12\/3f89305fb1dabad87b9b93324e3c25cd_b287f78a-89f6-4de7-a8ab-41f21b90ff0a_600x600-300x232.jpg 300w, https:\/\/1dronas.lt\/wp-content\/uploads\/2022\/12\/3f89305fb1dabad87b9b93324e3c25cd_b287f78a-89f6-4de7-a8ab-41f21b90ff0a_600x600-16x12.jpg 16w, https:\/\/1dronas.lt\/wp-content\/uploads\/2022\/12\/3f89305fb1dabad87b9b93324e3c25cd_b287f78a-89f6-4de7-a8ab-41f21b90ff0a_600x600-510x394.jpg 510w\" sizes=\"auto, (max-width: 600px) 100vw, 600px\" \/><\/p>","protected":false},"excerpt":{"rendered":"<p><span style=\"color: #000000;\">VR03 FPV goggles can perfectly record FPV moments. In addition, pilots can enjoy the video playback saved through the goggles or export the videos to a Micro SD card.<\/span><\/p>\n<h4><strong><img loading=\"lazy\" decoding=\"async\" class=\"alignnone wp-image-1806\" src=\"https:\/\/1dronas.lt\/wp-content\/uploads\/2021\/05\/delivery-icon.png\" alt=\"\" width=\"24\" height=\"24\" srcset=\"https:\/\/1dronas.lt\/wp-content\/uploads\/2021\/05\/delivery-icon.png 35w, https:\/\/1dronas.lt\/wp-content\/uploads\/2021\/05\/delivery-icon-12x12.png 12w\" sizes=\"auto, (max-width: 24px) 100vw, 24px\" \/><\/strong> <span style=\"font-size: 90%;\"><strong>1 \u2013 2 days<\/strong><\/span><\/h4>","protected":false},"featured_media":3810,"comment_status":"open","ping_status":"closed","template":"","meta":[],"product_brand":[489],"product_cat":[223],"product_tag":[69,160,243],"class_list":{"0":"post-3805","1":"product","2":"type-product","3":"status-publish","4":"has-post-thumbnail","6":"product_brand-betafpv","7":"product_cat-fpv-akiniai","8":"product_tag-betafpv","9":"product_tag-dvr","10":"product_tag-vr03","12":"first","13":"outofstock","14":"sale","15":"taxable","16":"shipping-taxable","17":"purchasable","18":"product-type-simple"},"yoast_head":"<!-- This site is optimized with the Yoast SEO plugin v27.4 - https:\/\/yoast.com\/product\/yoast-seo-wordpress\/ -->\n<title>BETAFPV VR03 Akiniai - 1dronas.lt<\/title>\n<meta name=\"robots\" content=\"index, follow, max-snippet:-1, max-image-preview:large, max-video-preview:-1\" \/>\n<link rel=\"canonical\" href=\"https:\/\/1dronas.lt\/en\/produktas\/betafpv-vr03-akiniai\/\" \/>\n<meta property=\"og:locale\" content=\"en_US\" \/>\n<meta property=\"og:type\" content=\"article\" \/>\n<meta property=\"og:title\" content=\"BETAFPV VR03 Akiniai - 1dronas.lt\" \/>\n<meta property=\"og:description\" content=\"VR03 FPV akiniai gali puikiai \u012fra\u0161yti FPV akimirkas. Be to, pilotai gali m\u0117gautis per akinius i\u0161saugotu vaizdo atk\u016brimu arba eksportuoti vaizdo \u012fra\u0161us \u012f \u201cMicro SD\u201d kortel\u0119.  1 \u2013 2 d. d.\" \/>\n<meta property=\"og:url\" content=\"https:\/\/1dronas.lt\/en\/produktas\/betafpv-vr03-akiniai\/\" \/>\n<meta property=\"og:site_name\" content=\"1dronas.lt\" \/>\n<meta property=\"article:publisher\" content=\"https:\/\/www.facebook.com\/1dronas\/\" \/>\n<meta property=\"article:modified_time\" content=\"2026-01-27T17:46:26+00:00\" \/>\n<meta property=\"og:image\" content=\"https:\/\/1dronas.lt\/wp-content\/uploads\/2022\/12\/74b96dbb2d19db9758ba306fc55ad040_ff1802ab-858a-4148-9bac-56fe82d37880_720x.jpg\" \/>\n\t<meta property=\"og:image:width\" content=\"720\" \/>\n\t<meta property=\"og:image:height\" content=\"720\" \/>\n\t<meta property=\"og:image:type\" content=\"image\/jpeg\" \/>\n<meta name=\"twitter:card\" content=\"summary_large_image\" \/>\n<meta name=\"twitter:label1\" content=\"Est. reading time\" \/>\n\t<meta name=\"twitter:data1\" content=\"5 minutes\" \/>\n<script type=\"application\/ld+json\" class=\"yoast-schema-graph\">{\"@context\":\"https:\\\/\\\/schema.org\",\"@graph\":[{\"@type\":\"WebPage\",\"@id\":\"https:\\\/\\\/1dronas.lt\\\/en\\\/produktas\\\/betafpv-vr03-akiniai\\\/\",\"url\":\"https:\\\/\\\/1dronas.lt\\\/en\\\/produktas\\\/betafpv-vr03-akiniai\\\/\",\"name\":\"BETAFPV VR03 Akiniai - 1dronas.lt\",\"isPartOf\":{\"@id\":\"https:\\\/\\\/1dronas.lt\\\/en\\\/#website\"},\"primaryImageOfPage\":{\"@id\":\"https:\\\/\\\/1dronas.lt\\\/en\\\/produktas\\\/betafpv-vr03-akiniai\\\/#primaryimage\"},\"image\":{\"@id\":\"https:\\\/\\\/1dronas.lt\\\/en\\\/produktas\\\/betafpv-vr03-akiniai\\\/#primaryimage\"},\"thumbnailUrl\":\"https:\\\/\\\/1dronas.lt\\\/wp-content\\\/uploads\\\/2022\\\/12\\\/74b96dbb2d19db9758ba306fc55ad040_ff1802ab-858a-4148-9bac-56fe82d37880_720x.jpg\",\"datePublished\":\"2022-12-13T10:16:55+00:00\",\"dateModified\":\"2026-01-27T17:46:26+00:00\",\"breadcrumb\":{\"@id\":\"https:\\\/\\\/1dronas.lt\\\/en\\\/produktas\\\/betafpv-vr03-akiniai\\\/#breadcrumb\"},\"inLanguage\":\"en-US\",\"potentialAction\":[{\"@type\":\"ReadAction\",\"target\":[\"https:\\\/\\\/1dronas.lt\\\/en\\\/produktas\\\/betafpv-vr03-akiniai\\\/\"]}]},{\"@type\":\"ImageObject\",\"inLanguage\":\"en-US\",\"@id\":\"https:\\\/\\\/1dronas.lt\\\/en\\\/produktas\\\/betafpv-vr03-akiniai\\\/#primaryimage\",\"url\":\"https:\\\/\\\/1dronas.lt\\\/wp-content\\\/uploads\\\/2022\\\/12\\\/74b96dbb2d19db9758ba306fc55ad040_ff1802ab-858a-4148-9bac-56fe82d37880_720x.jpg\",\"contentUrl\":\"https:\\\/\\\/1dronas.lt\\\/wp-content\\\/uploads\\\/2022\\\/12\\\/74b96dbb2d19db9758ba306fc55ad040_ff1802ab-858a-4148-9bac-56fe82d37880_720x.jpg\",\"width\":720,\"height\":720},{\"@type\":\"BreadcrumbList\",\"@id\":\"https:\\\/\\\/1dronas.lt\\\/en\\\/produktas\\\/betafpv-vr03-akiniai\\\/#breadcrumb\",\"itemListElement\":[{\"@type\":\"ListItem\",\"position\":1,\"name\":\"Home\",\"item\":\"https:\\\/\\\/1dronas.lt\\\/\"},{\"@type\":\"ListItem\",\"position\":2,\"name\":\"Parduotuv\u0117\",\"item\":\"https:\\\/\\\/1dronas.lt\\\/parduotuve\\\/\"},{\"@type\":\"ListItem\",\"position\":3,\"name\":\"BETAFPV VR03 Akiniai\"}]},{\"@type\":\"WebSite\",\"@id\":\"https:\\\/\\\/1dronas.lt\\\/en\\\/#website\",\"url\":\"https:\\\/\\\/1dronas.lt\\\/en\\\/\",\"name\":\"1dronas.lt\",\"description\":\"Internetin\u0117 parduotuv\u0117\",\"publisher\":{\"@id\":\"https:\\\/\\\/1dronas.lt\\\/en\\\/#organization\"},\"potentialAction\":[{\"@type\":\"SearchAction\",\"target\":{\"@type\":\"EntryPoint\",\"urlTemplate\":\"https:\\\/\\\/1dronas.lt\\\/en\\\/?s={search_term_string}\"},\"query-input\":{\"@type\":\"PropertyValueSpecification\",\"valueRequired\":true,\"valueName\":\"search_term_string\"}}],\"inLanguage\":\"en-US\"},{\"@type\":\"Organization\",\"@id\":\"https:\\\/\\\/1dronas.lt\\\/en\\\/#organization\",\"name\":\"1dronas.lt\",\"url\":\"https:\\\/\\\/1dronas.lt\\\/en\\\/\",\"logo\":{\"@type\":\"ImageObject\",\"inLanguage\":\"en-US\",\"@id\":\"https:\\\/\\\/1dronas.lt\\\/en\\\/#\\\/schema\\\/logo\\\/image\\\/\",\"url\":\"https:\\\/\\\/1dronas.lt\\\/wp-content\\\/uploads\\\/2020\\\/12\\\/Ekrano_kopija__2_-removebg-preview-1-1.png\",\"contentUrl\":\"https:\\\/\\\/1dronas.lt\\\/wp-content\\\/uploads\\\/2020\\\/12\\\/Ekrano_kopija__2_-removebg-preview-1-1.png\",\"width\":234,\"height\":81,\"caption\":\"1dronas.lt\"},\"image\":{\"@id\":\"https:\\\/\\\/1dronas.lt\\\/en\\\/#\\\/schema\\\/logo\\\/image\\\/\"},\"sameAs\":[\"https:\\\/\\\/www.facebook.com\\\/1dronas\\\/\"]}]}<\/script>\n<!-- \/ Yoast SEO plugin. -->","yoast_head_json":{"title":"BETAFPV VR03 Goggles - 1dronas.lt","robots":{"index":"index","follow":"follow","max-snippet":"max-snippet:-1","max-image-preview":"max-image-preview:large","max-video-preview":"max-video-preview:-1"},"canonical":"https:\/\/1dronas.lt\/en\/produktas\/betafpv-vr03-akiniai\/","og_locale":"en_US","og_type":"article","og_title":"BETAFPV VR03 Akiniai - 1dronas.lt","og_description":"VR03 FPV akiniai gali puikiai \u012fra\u0161yti FPV akimirkas. Be to, pilotai gali m\u0117gautis per akinius i\u0161saugotu vaizdo atk\u016brimu arba eksportuoti vaizdo \u012fra\u0161us \u012f \u201cMicro SD\u201d kortel\u0119.  1 \u2013 2 d. d.","og_url":"https:\/\/1dronas.lt\/en\/produktas\/betafpv-vr03-akiniai\/","og_site_name":"1dronas.lt","article_publisher":"https:\/\/www.facebook.com\/1dronas\/","article_modified_time":"2026-01-27T17:46:26+00:00","og_image":[{"width":720,"height":720,"url":"https:\/\/1dronas.lt\/wp-content\/uploads\/2022\/12\/74b96dbb2d19db9758ba306fc55ad040_ff1802ab-858a-4148-9bac-56fe82d37880_720x.jpg","type":"image\/jpeg"}],"twitter_card":"summary_large_image","twitter_misc":{"Est. reading time":"5 minutes"},"schema":{"@context":"https:\/\/schema.org","@graph":[{"@type":"WebPage","@id":"https:\/\/1dronas.lt\/en\/produktas\/betafpv-vr03-akiniai\/","url":"https:\/\/1dronas.lt\/en\/produktas\/betafpv-vr03-akiniai\/","name":"BETAFPV VR03 Goggles - 1dronas.lt","isPartOf":{"@id":"https:\/\/1dronas.lt\/en\/#website"},"primaryImageOfPage":{"@id":"https:\/\/1dronas.lt\/en\/produktas\/betafpv-vr03-akiniai\/#primaryimage"},"image":{"@id":"https:\/\/1dronas.lt\/en\/produktas\/betafpv-vr03-akiniai\/#primaryimage"},"thumbnailUrl":"https:\/\/1dronas.lt\/wp-content\/uploads\/2022\/12\/74b96dbb2d19db9758ba306fc55ad040_ff1802ab-858a-4148-9bac-56fe82d37880_720x.jpg","datePublished":"2022-12-13T10:16:55+00:00","dateModified":"2026-01-27T17:46:26+00:00","breadcrumb":{"@id":"https:\/\/1dronas.lt\/en\/produktas\/betafpv-vr03-akiniai\/#breadcrumb"},"inLanguage":"en-US","potentialAction":[{"@type":"ReadAction","target":["https:\/\/1dronas.lt\/en\/produktas\/betafpv-vr03-akiniai\/"]}]},{"@type":"ImageObject","inLanguage":"en-US","@id":"https:\/\/1dronas.lt\/en\/produktas\/betafpv-vr03-akiniai\/#primaryimage","url":"https:\/\/1dronas.lt\/wp-content\/uploads\/2022\/12\/74b96dbb2d19db9758ba306fc55ad040_ff1802ab-858a-4148-9bac-56fe82d37880_720x.jpg","contentUrl":"https:\/\/1dronas.lt\/wp-content\/uploads\/2022\/12\/74b96dbb2d19db9758ba306fc55ad040_ff1802ab-858a-4148-9bac-56fe82d37880_720x.jpg","width":720,"height":720},{"@type":"BreadcrumbList","@id":"https:\/\/1dronas.lt\/en\/produktas\/betafpv-vr03-akiniai\/#breadcrumb","itemListElement":[{"@type":"ListItem","position":1,"name":"Home","item":"https:\/\/1dronas.lt\/"},{"@type":"ListItem","position":2,"name":"Parduotuv\u0117","item":"https:\/\/1dronas.lt\/parduotuve\/"},{"@type":"ListItem","position":3,"name":"BETAFPV VR03 Akiniai"}]},{"@type":"WebSite","@id":"https:\/\/1dronas.lt\/en\/#website","url":"https:\/\/1dronas.lt\/en\/","name":"1dronas.lt","description":"Online store","publisher":{"@id":"https:\/\/1dronas.lt\/en\/#organization"},"potentialAction":[{"@type":"SearchAction","target":{"@type":"EntryPoint","urlTemplate":"https:\/\/1dronas.lt\/en\/?s={search_term_string}"},"query-input":{"@type":"PropertyValueSpecification","valueRequired":true,"valueName":"search_term_string"}}],"inLanguage":"en-US"},{"@type":"Organization","@id":"https:\/\/1dronas.lt\/en\/#organization","name":"1dronas.lt","url":"https:\/\/1dronas.lt\/en\/","logo":{"@type":"ImageObject","inLanguage":"en-US","@id":"https:\/\/1dronas.lt\/en\/#\/schema\/logo\/image\/","url":"https:\/\/1dronas.lt\/wp-content\/uploads\/2020\/12\/Ekrano_kopija__2_-removebg-preview-1-1.png","contentUrl":"https:\/\/1dronas.lt\/wp-content\/uploads\/2020\/12\/Ekrano_kopija__2_-removebg-preview-1-1.png","width":234,"height":81,"caption":"1dronas.lt"},"image":{"@id":"https:\/\/1dronas.lt\/en\/#\/schema\/logo\/image\/"},"sameAs":["https:\/\/www.facebook.com\/1dronas\/"]}]}},"jetpack_sharing_enabled":true,"_links":{"self":[{"href":"https:\/\/1dronas.lt\/en\/wp-json\/wp\/v2\/product\/3805","targetHints":{"allow":["GET"]}}],"collection":[{"href":"https:\/\/1dronas.lt\/en\/wp-json\/wp\/v2\/product"}],"about":[{"href":"https:\/\/1dronas.lt\/en\/wp-json\/wp\/v2\/types\/product"}],"replies":[{"embeddable":true,"href":"https:\/\/1dronas.lt\/en\/wp-json\/wp\/v2\/comments?post=3805"}],"wp:featuredmedia":[{"embeddable":true,"href":"https:\/\/1dronas.lt\/en\/wp-json\/wp\/v2\/media\/3810"}],"wp:attachment":[{"href":"https:\/\/1dronas.lt\/en\/wp-json\/wp\/v2\/media?parent=3805"}],"wp:term":[{"taxonomy":"product_brand","embeddable":true,"href":"https:\/\/1dronas.lt\/en\/wp-json\/wp\/v2\/product_brand?post=3805"},{"taxonomy":"product_cat","embeddable":true,"href":"https:\/\/1dronas.lt\/en\/wp-json\/wp\/v2\/product_cat?post=3805"},{"taxonomy":"product_tag","embeddable":true,"href":"https:\/\/1dronas.lt\/en\/wp-json\/wp\/v2\/product_tag?post=3805"}],"curies":[{"name":"wp","href":"https:\/\/api.w.org\/{rel}","templated":true}]}}