{"id":3659,"date":"2022-12-13T10:05:53","date_gmt":"2022-12-13T10:05:53","guid":{"rendered":"https:\/\/1dronas.lt\/?post_type=product&#038;p=3659"},"modified":"2026-03-04T07:44:55","modified_gmt":"2026-03-04T05:44:55","slug":"betafpv-cetus-x-fpv-kit","status":"publish","type":"product","link":"https:\/\/1dronas.lt\/en\/produktas\/betafpv-cetus-x-fpv-kit\/","title":{"rendered":"BETAFPV Cetus X FPV Kit"},"content":{"rendered":"<p><img loading=\"lazy\" decoding=\"async\" class=\"alignnone wp-image-3660 size-full\" src=\"https:\/\/1dronas.lt\/wp-content\/uploads\/2022\/11\/FB5_eb5f5ec7-2839-48d6-b829-dfcb78604c45_1024x1024.jpg\" alt=\"\" width=\"1024\" height=\"576\" srcset=\"https:\/\/1dronas.lt\/wp-content\/uploads\/2022\/11\/FB5_eb5f5ec7-2839-48d6-b829-dfcb78604c45_1024x1024.jpg 1024w, https:\/\/1dronas.lt\/wp-content\/uploads\/2022\/11\/FB5_eb5f5ec7-2839-48d6-b829-dfcb78604c45_1024x1024-300x169.jpg 300w, https:\/\/1dronas.lt\/wp-content\/uploads\/2022\/11\/FB5_eb5f5ec7-2839-48d6-b829-dfcb78604c45_1024x1024-768x432.jpg 768w, https:\/\/1dronas.lt\/wp-content\/uploads\/2022\/11\/FB5_eb5f5ec7-2839-48d6-b829-dfcb78604c45_1024x1024-18x10.jpg 18w, https:\/\/1dronas.lt\/wp-content\/uploads\/2022\/11\/FB5_eb5f5ec7-2839-48d6-b829-dfcb78604c45_1024x1024-510x287.jpg 510w\" sizes=\"auto, (max-width: 1024px) 100vw, 1024px\" \/><\/p>\n<p><strong>Features:<\/strong><\/p>\n<p><b>\u2022 <\/b>Nothing beats the Cetus X flight experience with its improved propulsion system and longer radio and video transmission range. With a highly functional and capable remote control and FPV goggles, pilots can unleash more potential and take their performance to the next level;<br \/>\n<b>\u2022 <\/b>Inheriting the classic white design from the Cetus series and made of PA12 material, the Cetus X frame has excellent drop and impact resistance, reducing the risk of damage;<br \/>\n<b>\u2022 <\/b>The 360\u00b0 protected Whoop frame ensures safe flights both indoors and outdoors, and the FPV camera supports a 0\u00b0-40\u00b0 adjustable angle, allowing pilots to see from different perspectives;<br \/>\n<b>\u2022 <\/b>LiteRadio 3 has a nano bay that supports an external TX module for compatibility with a wider variety of aircraft;<br \/>\n<b>\u2022 <\/b>The VR03 FPV goggles, which newly add a Micro SD card slot for video storage with DVR recording function, support most analog VTXs on the market;<br \/>\n<b>\u2022 <\/b>The drone, radio transmitter, FPV goggles and all accessories are packed in a portable EVA bag - convenient to carry outdoors and additional protection for the equipment.<\/p>\n<div>Cetus X supports Angle\/Horizon\/Air Modes, which can meet different pilot needs and adapt to various flight environments. If the drone falls to the ground and overturns, you can use the LiteRadio 3 transmitter to enter Turtle mode and turn it over and continue flying. Whether you are an experienced FPV pilot or a complete beginner, the Cetus X FPV kit will help everyone fly confidently from day one.<br \/>\n<img loading=\"lazy\" decoding=\"async\" class=\"alignnone wp-image-3777 size-full\" src=\"https:\/\/1dronas.lt\/wp-content\/uploads\/2022\/12\/5f185f265528ba515aee8e5964d417a3_1024x1024.jpg\" alt=\"\" width=\"780\" height=\"1024\" srcset=\"https:\/\/1dronas.lt\/wp-content\/uploads\/2022\/12\/5f185f265528ba515aee8e5964d417a3_1024x1024.jpg 780w, https:\/\/1dronas.lt\/wp-content\/uploads\/2022\/12\/5f185f265528ba515aee8e5964d417a3_1024x1024-229x300.jpg 229w, https:\/\/1dronas.lt\/wp-content\/uploads\/2022\/12\/5f185f265528ba515aee8e5964d417a3_1024x1024-768x1008.jpg 768w, https:\/\/1dronas.lt\/wp-content\/uploads\/2022\/12\/5f185f265528ba515aee8e5964d417a3_1024x1024-9x12.jpg 9w, https:\/\/1dronas.lt\/wp-content\/uploads\/2022\/12\/5f185f265528ba515aee8e5964d417a3_1024x1024-510x670.jpg 510w\" sizes=\"auto, (max-width: 780px) 100vw, 780px\" \/><\/div>\n<div><\/div>\n<p><strong>Specification:<\/strong><\/p>\n<p><strong><b>\u2022\u00a0<\/b><\/strong>Manufacturer: BETAFPV;<br \/>\n<strong><b>\u2022\u00a0<\/b><\/strong>Motors: 1103 11000KV brushless;<br \/>\n<strong><b>\u2022\u00a0<\/b><\/strong>Battery: BT2.0 450mah;<br \/>\n<strong><b>\u2022\u00a0<\/b><\/strong>Camera: C04 FPV Camera;<br \/>\n<strong><b>\u2022\u00a0<\/b><\/strong>VTX: 25-400mW;<br \/>\n<strong><b>\u2022\u00a0<\/b><\/strong>FC: F4 1S 12A AIO Brushless Flight Controller (2022);<br \/>\n<strong><b>\u2022\u00a0<\/b><\/strong>Connection: BT2.0;<br \/>\n<strong><b>\u2022\u00a0<\/b><\/strong>Flight time: ~5min.;<br \/>\n<strong><b>\u2022\u00a0<\/b><\/strong>Transmitter: ELRS 2.4G;<br \/>\n<strong><b>\u2022\u00a0<\/b><\/strong>Weight: ~55g.<\/p>\n<p><strong>Package:<\/strong><\/p>\n<p>1x Cetus X drone;<br \/>\n1x LiteRadio 3 remote control;<br \/>\n1x BETAFPV VR03 FPV goggles;<br \/>\n4x BT2.0 450mAh 1s Lipo batteries;<br \/>\n1x BT2.0 battery charger\/tester;<br \/>\n1x USB charging cable (Type-C);<br \/>\n1x Type-C to FC adapter;<br \/>\n1x propeller removal tool;<br \/>\n4x Gemfan 2020 4-blade propellers (spare);<br \/>\n1x Case.<br \/>\n<img loading=\"lazy\" decoding=\"async\" class=\"alignnone wp-image-3776 size-full\" src=\"https:\/\/1dronas.lt\/wp-content\/uploads\/2022\/12\/5761b2456fcc7f1ec663de02a797b6ae_600x600.jpg\" alt=\"\" width=\"600\" height=\"405\" srcset=\"https:\/\/1dronas.lt\/wp-content\/uploads\/2022\/12\/5761b2456fcc7f1ec663de02a797b6ae_600x600.jpg 600w, https:\/\/1dronas.lt\/wp-content\/uploads\/2022\/12\/5761b2456fcc7f1ec663de02a797b6ae_600x600-300x203.jpg 300w, https:\/\/1dronas.lt\/wp-content\/uploads\/2022\/12\/5761b2456fcc7f1ec663de02a797b6ae_600x600-18x12.jpg 18w, https:\/\/1dronas.lt\/wp-content\/uploads\/2022\/12\/5761b2456fcc7f1ec663de02a797b6ae_600x600-510x344.jpg 510w\" sizes=\"auto, (max-width: 600px) 100vw, 600px\" \/><\/p>\n<p><span style=\"color: #ed1c24;\"><strong>Important:<\/strong><\/span><\/p>\n<p><span style=\"color: #ed1c24;\"><em>* Do not overcharge or leave batteries discharged for long periods of time;<\/em><\/span><br \/>\n<span style=\"color: #ed1c24;\"><em>* Do not store batteries near high temperatures;<\/em><\/span><br \/>\n<em><span style=\"color: #ed1c24;\">* Do not throw batteries into fire;<\/span><br \/>\n<span style=\"color: #ed1c24;\">* Do not throw batteries into water.<\/span><br \/>\n<\/em><\/p>\n<p><span style=\"color: #ed1c24;\"><em>* Turtle mode will not work if something is stuck in the aircraft engine or prevents the propeller from rotating proportionally. In this case, please immediately push the &quot;SD&quot; lever on the remote control down to deactivate turtle mode.<\/em><\/span><\/p>\n<div id=\"malwarebytes-root\"><\/div>","protected":false},"excerpt":{"rendered":"<p><span style=\"color: #333333;\">Cetus X supports Angle\/Horizon\/Air Modes, which can meet different pilot needs and adapt to various flight environments.<\/span><\/p>\n<p><span style=\"color: #333333;\"><strong><img loading=\"lazy\" decoding=\"async\" class=\"alignnone wp-image-1806\" src=\"https:\/\/1dronas.lt\/wp-content\/uploads\/2021\/05\/delivery-icon.png\" alt=\"\" width=\"24\" height=\"24\" srcset=\"https:\/\/1dronas.lt\/wp-content\/uploads\/2021\/05\/delivery-icon.png 35w, https:\/\/1dronas.lt\/wp-content\/uploads\/2021\/05\/delivery-icon-12x12.png 12w\" sizes=\"auto, (max-width: 24px) 100vw, 24px\" \/> \u00a0<span style=\"font-size: 90%;\">1 \u2013 2 days<\/span><\/strong><\/span><\/p>","protected":false},"featured_media":3771,"comment_status":"open","ping_status":"closed","template":"","meta":[],"product_brand":[489],"product_cat":[63],"product_tag":[69,244,160,176],"class_list":{"0":"post-3659","1":"product","2":"type-product","3":"status-publish","4":"has-post-thumbnail","6":"product_brand-betafpv","7":"product_cat-fpv-rinkiniai","8":"product_tag-betafpv","9":"product_tag-cetus-x","10":"product_tag-dvr","11":"product_tag-elrs","13":"first","14":"instock","15":"sale","16":"taxable","17":"shipping-taxable","18":"purchasable","19":"product-type-simple"},"yoast_head":"<!-- This site is optimized with the Yoast SEO plugin v27.3 - https:\/\/yoast.com\/product\/yoast-seo-wordpress\/ -->\n<title>BETAFPV Cetus X FPV Kit - 1dronas.lt<\/title>\n<meta name=\"robots\" content=\"index, follow, max-snippet:-1, max-image-preview:large, max-video-preview:-1\" \/>\n<link rel=\"canonical\" href=\"https:\/\/1dronas.lt\/en\/produktas\/betafpv-cetus-x-fpv-kit\/\" \/>\n<meta property=\"og:locale\" content=\"en_US\" \/>\n<meta property=\"og:type\" content=\"article\" \/>\n<meta property=\"og:title\" content=\"BETAFPV Cetus X FPV Kit - 1dronas.lt\" \/>\n<meta property=\"og:description\" content=\"&quot;Cetus X&quot; palaiko &quot;Angle\/Horizon\/Air Modes&quot;, kurie gali patenkinti skirtingus pilot\u0173 poreikius ir prisitaikyti prie \u012fvairi\u0173 skryd\u017eio aplink\u0173.   \u00a01 \u2013 2 d. d.\" \/>\n<meta property=\"og:url\" content=\"https:\/\/1dronas.lt\/en\/produktas\/betafpv-cetus-x-fpv-kit\/\" \/>\n<meta property=\"og:site_name\" content=\"1dronas.lt\" \/>\n<meta property=\"article:publisher\" content=\"https:\/\/www.facebook.com\/1dronas\/\" \/>\n<meta property=\"article:modified_time\" content=\"2026-03-04T05:44:55+00:00\" \/>\n<meta property=\"og:image\" content=\"https:\/\/1dronas.lt\/wp-content\/uploads\/2022\/12\/cetus-x-1.jpg\" \/>\n\t<meta property=\"og:image:width\" content=\"720\" \/>\n\t<meta property=\"og:image:height\" content=\"720\" \/>\n\t<meta property=\"og:image:type\" content=\"image\/jpeg\" \/>\n<meta name=\"twitter:card\" content=\"summary_large_image\" \/>\n<meta name=\"twitter:label1\" content=\"Est. reading time\" \/>\n\t<meta name=\"twitter:data1\" content=\"3 minutes\" \/>\n<script type=\"application\/ld+json\" class=\"yoast-schema-graph\">{\"@context\":\"https:\\\/\\\/schema.org\",\"@graph\":[{\"@type\":\"WebPage\",\"@id\":\"https:\\\/\\\/1dronas.lt\\\/en\\\/produktas\\\/betafpv-cetus-x-fpv-kit\\\/\",\"url\":\"https:\\\/\\\/1dronas.lt\\\/en\\\/produktas\\\/betafpv-cetus-x-fpv-kit\\\/\",\"name\":\"BETAFPV Cetus X FPV Kit - 1dronas.lt\",\"isPartOf\":{\"@id\":\"https:\\\/\\\/1dronas.lt\\\/en\\\/#website\"},\"primaryImageOfPage\":{\"@id\":\"https:\\\/\\\/1dronas.lt\\\/en\\\/produktas\\\/betafpv-cetus-x-fpv-kit\\\/#primaryimage\"},\"image\":{\"@id\":\"https:\\\/\\\/1dronas.lt\\\/en\\\/produktas\\\/betafpv-cetus-x-fpv-kit\\\/#primaryimage\"},\"thumbnailUrl\":\"https:\\\/\\\/1dronas.lt\\\/wp-content\\\/uploads\\\/2022\\\/12\\\/cetus-x-1.jpg\",\"datePublished\":\"2022-12-13T10:05:53+00:00\",\"dateModified\":\"2026-03-04T05:44:55+00:00\",\"breadcrumb\":{\"@id\":\"https:\\\/\\\/1dronas.lt\\\/en\\\/produktas\\\/betafpv-cetus-x-fpv-kit\\\/#breadcrumb\"},\"inLanguage\":\"en-US\",\"potentialAction\":[{\"@type\":\"ReadAction\",\"target\":[\"https:\\\/\\\/1dronas.lt\\\/en\\\/produktas\\\/betafpv-cetus-x-fpv-kit\\\/\"]}]},{\"@type\":\"ImageObject\",\"inLanguage\":\"en-US\",\"@id\":\"https:\\\/\\\/1dronas.lt\\\/en\\\/produktas\\\/betafpv-cetus-x-fpv-kit\\\/#primaryimage\",\"url\":\"https:\\\/\\\/1dronas.lt\\\/wp-content\\\/uploads\\\/2022\\\/12\\\/cetus-x-1.jpg\",\"contentUrl\":\"https:\\\/\\\/1dronas.lt\\\/wp-content\\\/uploads\\\/2022\\\/12\\\/cetus-x-1.jpg\",\"width\":720,\"height\":720},{\"@type\":\"BreadcrumbList\",\"@id\":\"https:\\\/\\\/1dronas.lt\\\/en\\\/produktas\\\/betafpv-cetus-x-fpv-kit\\\/#breadcrumb\",\"itemListElement\":[{\"@type\":\"ListItem\",\"position\":1,\"name\":\"Home\",\"item\":\"https:\\\/\\\/1dronas.lt\\\/\"},{\"@type\":\"ListItem\",\"position\":2,\"name\":\"Parduotuv\u0117\",\"item\":\"https:\\\/\\\/1dronas.lt\\\/parduotuve\\\/\"},{\"@type\":\"ListItem\",\"position\":3,\"name\":\"BETAFPV Cetus X FPV Kit\"}]},{\"@type\":\"WebSite\",\"@id\":\"https:\\\/\\\/1dronas.lt\\\/en\\\/#website\",\"url\":\"https:\\\/\\\/1dronas.lt\\\/en\\\/\",\"name\":\"1dronas.lt\",\"description\":\"Internetin\u0117 parduotuv\u0117\",\"publisher\":{\"@id\":\"https:\\\/\\\/1dronas.lt\\\/en\\\/#organization\"},\"potentialAction\":[{\"@type\":\"SearchAction\",\"target\":{\"@type\":\"EntryPoint\",\"urlTemplate\":\"https:\\\/\\\/1dronas.lt\\\/en\\\/?s={search_term_string}\"},\"query-input\":{\"@type\":\"PropertyValueSpecification\",\"valueRequired\":true,\"valueName\":\"search_term_string\"}}],\"inLanguage\":\"en-US\"},{\"@type\":\"Organization\",\"@id\":\"https:\\\/\\\/1dronas.lt\\\/en\\\/#organization\",\"name\":\"1dronas.lt\",\"url\":\"https:\\\/\\\/1dronas.lt\\\/en\\\/\",\"logo\":{\"@type\":\"ImageObject\",\"inLanguage\":\"en-US\",\"@id\":\"https:\\\/\\\/1dronas.lt\\\/en\\\/#\\\/schema\\\/logo\\\/image\\\/\",\"url\":\"https:\\\/\\\/1dronas.lt\\\/wp-content\\\/uploads\\\/2020\\\/12\\\/Ekrano_kopija__2_-removebg-preview-1-1.png\",\"contentUrl\":\"https:\\\/\\\/1dronas.lt\\\/wp-content\\\/uploads\\\/2020\\\/12\\\/Ekrano_kopija__2_-removebg-preview-1-1.png\",\"width\":234,\"height\":81,\"caption\":\"1dronas.lt\"},\"image\":{\"@id\":\"https:\\\/\\\/1dronas.lt\\\/en\\\/#\\\/schema\\\/logo\\\/image\\\/\"},\"sameAs\":[\"https:\\\/\\\/www.facebook.com\\\/1dronas\\\/\"]}]}<\/script>\n<!-- \/ Yoast SEO plugin. -->","yoast_head_json":{"title":"BETAFPV Cetus X FPV Kit - 1dronas.lt","robots":{"index":"index","follow":"follow","max-snippet":"max-snippet:-1","max-image-preview":"max-image-preview:large","max-video-preview":"max-video-preview:-1"},"canonical":"https:\/\/1dronas.lt\/en\/produktas\/betafpv-cetus-x-fpv-kit\/","og_locale":"en_US","og_type":"article","og_title":"BETAFPV Cetus X FPV Kit - 1dronas.lt","og_description":"\"Cetus X\" palaiko \"Angle\/Horizon\/Air Modes\", kurie gali patenkinti skirtingus pilot\u0173 poreikius ir prisitaikyti prie \u012fvairi\u0173 skryd\u017eio aplink\u0173.   \u00a01 \u2013 2 d. d.","og_url":"https:\/\/1dronas.lt\/en\/produktas\/betafpv-cetus-x-fpv-kit\/","og_site_name":"1dronas.lt","article_publisher":"https:\/\/www.facebook.com\/1dronas\/","article_modified_time":"2026-03-04T05:44:55+00:00","og_image":[{"width":720,"height":720,"url":"https:\/\/1dronas.lt\/wp-content\/uploads\/2022\/12\/cetus-x-1.jpg","type":"image\/jpeg"}],"twitter_card":"summary_large_image","twitter_misc":{"Est. reading time":"3 minutes"},"schema":{"@context":"https:\/\/schema.org","@graph":[{"@type":"WebPage","@id":"https:\/\/1dronas.lt\/en\/produktas\/betafpv-cetus-x-fpv-kit\/","url":"https:\/\/1dronas.lt\/en\/produktas\/betafpv-cetus-x-fpv-kit\/","name":"BETAFPV Cetus X FPV Kit - 1dronas.lt","isPartOf":{"@id":"https:\/\/1dronas.lt\/en\/#website"},"primaryImageOfPage":{"@id":"https:\/\/1dronas.lt\/en\/produktas\/betafpv-cetus-x-fpv-kit\/#primaryimage"},"image":{"@id":"https:\/\/1dronas.lt\/en\/produktas\/betafpv-cetus-x-fpv-kit\/#primaryimage"},"thumbnailUrl":"https:\/\/1dronas.lt\/wp-content\/uploads\/2022\/12\/cetus-x-1.jpg","datePublished":"2022-12-13T10:05:53+00:00","dateModified":"2026-03-04T05:44:55+00:00","breadcrumb":{"@id":"https:\/\/1dronas.lt\/en\/produktas\/betafpv-cetus-x-fpv-kit\/#breadcrumb"},"inLanguage":"en-US","potentialAction":[{"@type":"ReadAction","target":["https:\/\/1dronas.lt\/en\/produktas\/betafpv-cetus-x-fpv-kit\/"]}]},{"@type":"ImageObject","inLanguage":"en-US","@id":"https:\/\/1dronas.lt\/en\/produktas\/betafpv-cetus-x-fpv-kit\/#primaryimage","url":"https:\/\/1dronas.lt\/wp-content\/uploads\/2022\/12\/cetus-x-1.jpg","contentUrl":"https:\/\/1dronas.lt\/wp-content\/uploads\/2022\/12\/cetus-x-1.jpg","width":720,"height":720},{"@type":"BreadcrumbList","@id":"https:\/\/1dronas.lt\/en\/produktas\/betafpv-cetus-x-fpv-kit\/#breadcrumb","itemListElement":[{"@type":"ListItem","position":1,"name":"Home","item":"https:\/\/1dronas.lt\/"},{"@type":"ListItem","position":2,"name":"Parduotuv\u0117","item":"https:\/\/1dronas.lt\/parduotuve\/"},{"@type":"ListItem","position":3,"name":"BETAFPV Cetus X FPV Kit"}]},{"@type":"WebSite","@id":"https:\/\/1dronas.lt\/en\/#website","url":"https:\/\/1dronas.lt\/en\/","name":"1dronas.lt","description":"Online store","publisher":{"@id":"https:\/\/1dronas.lt\/en\/#organization"},"potentialAction":[{"@type":"SearchAction","target":{"@type":"EntryPoint","urlTemplate":"https:\/\/1dronas.lt\/en\/?s={search_term_string}"},"query-input":{"@type":"PropertyValueSpecification","valueRequired":true,"valueName":"search_term_string"}}],"inLanguage":"en-US"},{"@type":"Organization","@id":"https:\/\/1dronas.lt\/en\/#organization","name":"1dronas.lt","url":"https:\/\/1dronas.lt\/en\/","logo":{"@type":"ImageObject","inLanguage":"en-US","@id":"https:\/\/1dronas.lt\/en\/#\/schema\/logo\/image\/","url":"https:\/\/1dronas.lt\/wp-content\/uploads\/2020\/12\/Ekrano_kopija__2_-removebg-preview-1-1.png","contentUrl":"https:\/\/1dronas.lt\/wp-content\/uploads\/2020\/12\/Ekrano_kopija__2_-removebg-preview-1-1.png","width":234,"height":81,"caption":"1dronas.lt"},"image":{"@id":"https:\/\/1dronas.lt\/en\/#\/schema\/logo\/image\/"},"sameAs":["https:\/\/www.facebook.com\/1dronas\/"]}]}},"jetpack_sharing_enabled":true,"_links":{"self":[{"href":"https:\/\/1dronas.lt\/en\/wp-json\/wp\/v2\/product\/3659","targetHints":{"allow":["GET"]}}],"collection":[{"href":"https:\/\/1dronas.lt\/en\/wp-json\/wp\/v2\/product"}],"about":[{"href":"https:\/\/1dronas.lt\/en\/wp-json\/wp\/v2\/types\/product"}],"replies":[{"embeddable":true,"href":"https:\/\/1dronas.lt\/en\/wp-json\/wp\/v2\/comments?post=3659"}],"wp:featuredmedia":[{"embeddable":true,"href":"https:\/\/1dronas.lt\/en\/wp-json\/wp\/v2\/media\/3771"}],"wp:attachment":[{"href":"https:\/\/1dronas.lt\/en\/wp-json\/wp\/v2\/media?parent=3659"}],"wp:term":[{"taxonomy":"product_brand","embeddable":true,"href":"https:\/\/1dronas.lt\/en\/wp-json\/wp\/v2\/product_brand?post=3659"},{"taxonomy":"product_cat","embeddable":true,"href":"https:\/\/1dronas.lt\/en\/wp-json\/wp\/v2\/product_cat?post=3659"},{"taxonomy":"product_tag","embeddable":true,"href":"https:\/\/1dronas.lt\/en\/wp-json\/wp\/v2\/product_tag?post=3659"}],"curies":[{"name":"wp","href":"https:\/\/api.w.org\/{rel}","templated":true}]}}