{"id":3267,"date":"2022-07-24T09:56:08","date_gmt":"2022-07-24T09:56:08","guid":{"rendered":"https:\/\/1dronas.lt\/?post_type=product&#038;p=3267"},"modified":"2025-02-03T19:46:20","modified_gmt":"2025-02-03T19:46:20","slug":"iflight-protek-r25-analog-elrs-2-4g-bnf","status":"publish","type":"product","link":"https:\/\/1dronas.lt\/en\/produktas\/iflight-protek-r25-analog-elrs-2-4g-bnf\/","title":{"rendered":"iFlight ProTek R25 Analog ELRS 2.4G - BNF"},"content":{"rendered":"<p><strong>Specification:<\/strong><\/p>\n<p><strong>\u2022 <\/strong>Engines:<br \/>\nManufacturer: iFlight;<br \/>\nModel: XING X1404 Toothpick;<br \/>\nInput voltage: 2-4S;<br \/>\nKV: 4600KV;<br \/>\nDimensions: \u03c618.3 x 12.5mm;<br \/>\nWeight: 8.5g(without cable);<br \/>\nConfiguration: 9N12P.<br \/>\n\t<div id=\"accordion-290555063\" class=\"accordion-item\">\n\t\t<a id=\"accordion-290555063-label\" class=\"accordion-title plain\" href=\"#accordion-item-apkrovos-testavimas\" aria-expanded=\"false\" aria-controls=\"accordion-290555063-content\">\n\t\t\t<button class=\"toggle\" aria-label=\"Toggle\"><i class=\"icon-angle-down\" aria-hidden=\"true\"><\/i><\/button>\n\t\t\t<span>Load testing<\/span>\n\t\t<\/a>\n\t\t<div id=\"accordion-290555063-content\" class=\"accordion-inner\" aria-labelledby=\"accordion-290555063-label\">\n\t\t\t\n<img loading=\"lazy\" decoding=\"async\" class=\"alignnone wp-image-3250 size-full\" src=\"https:\/\/1dronas.lt\/wp-content\/uploads\/2022\/07\/4600.png\" alt=\"\" width=\"1000\" height=\"1000\" srcset=\"https:\/\/1dronas.lt\/wp-content\/uploads\/2022\/07\/4600.png 1000w, https:\/\/1dronas.lt\/wp-content\/uploads\/2022\/07\/4600-300x300.png 300w, https:\/\/1dronas.lt\/wp-content\/uploads\/2022\/07\/4600-150x150.png 150w, https:\/\/1dronas.lt\/wp-content\/uploads\/2022\/07\/4600-768x768.png 768w, https:\/\/1dronas.lt\/wp-content\/uploads\/2022\/07\/4600-12x12.png 12w, https:\/\/1dronas.lt\/wp-content\/uploads\/2022\/07\/4600-247x247.png 247w, https:\/\/1dronas.lt\/wp-content\/uploads\/2022\/07\/4600-510x510.png 510w, https:\/\/1dronas.lt\/wp-content\/uploads\/2022\/07\/4600-100x100.png 100w\" sizes=\"auto, (max-width: 1000px) 100vw, 1000px\" \/><br \/>\n\t\t<\/div>\n\t<\/div>\n\t\n<p>\u2022 RX:<br \/>\nELRS 2.4g.<br \/>\n<strong><br \/>\n\u2022 <\/strong>Camera:<br \/>\nC01 Micro FPV Camera.<\/p>\n<p><strong><b>\u2022\u00a0<\/b><\/strong>VTX:<br \/>\nManufacturer: iFlight;<br \/>\nModel: SucceX-Force 5.8g 600mW VTX;<br \/>\nFrequency: 5.8GHz;<br \/>\nPower: PIT\/25mW\/200mW\/400mW\/600mW changeable;<br \/>\nChannels: 40;<br \/>\nSize: 29mm x 29mm;<br \/>\nVTX Protocol: IRC Tramp;<br \/>\nFastener arrangement: 20 x 20\u03a63\/25 x 25 mm\u03a62;<br \/>\nWeight: ~4g.<\/p>\n<p><strong style=\"font-weight: 400;\"><b>\u2022 <\/b><\/strong>FC:<br \/>\nManufacturer: iFlight;<br \/>\nModel: Whoop AIO F4 V1.1 AIO;<br \/>\nMCU: STM32F411;<br \/>\nGyro: BMI270;<br \/>\nBlack box: 8MB;<br \/>\nConfig: IFLIGHT_F411_PRO.config;<br \/>\nMounting arrangement: 25.5 x 25.5mm\/\u03c63;<br \/>\nSize: 30.5 x 30.5mm;<br \/>\nConnector: Micro-USB;<br \/>\nBEC output: 5V 2A;<br \/>\nINA pad: nR2;<br \/>\nInput: 2-4S;<br \/>\nContinuous current: 20A, 25A (Burst)<br \/>\nBlHeli: BLHeli-S;<br \/>\nESC Firmware: QH-50;<br \/>\nWeight: ~7.4g.<br \/>\n\t<div id=\"accordion-3333584344\" class=\"accordion-item\">\n\t\t<a id=\"accordion-3333584344-label\" class=\"accordion-title plain\" href=\"#accordion-item-elektros-schema\" aria-expanded=\"false\" aria-controls=\"accordion-3333584344-content\">\n\t\t\t<button class=\"toggle\" aria-label=\"Toggle\"><i class=\"icon-angle-down\" aria-hidden=\"true\"><\/i><\/button>\n\t\t\t<span>Electrical diagram<\/span>\n\t\t<\/a>\n\t\t<div id=\"accordion-3333584344-content\" class=\"accordion-inner\" aria-labelledby=\"accordion-3333584344-label\">\n\t\t\t\n<img loading=\"lazy\" decoding=\"async\" class=\"alignnone wp-image-3251 size-large\" src=\"https:\/\/1dronas.lt\/wp-content\/uploads\/2022\/07\/Whoop-AIO-F411-V1.1-Wiring-Diagram1-1024x739.png\" alt=\"\" width=\"1020\" height=\"736\" srcset=\"https:\/\/1dronas.lt\/wp-content\/uploads\/2022\/07\/Whoop-AIO-F411-V1.1-Wiring-Diagram1-1024x739.png 1024w, https:\/\/1dronas.lt\/wp-content\/uploads\/2022\/07\/Whoop-AIO-F411-V1.1-Wiring-Diagram1-300x217.png 300w, https:\/\/1dronas.lt\/wp-content\/uploads\/2022\/07\/Whoop-AIO-F411-V1.1-Wiring-Diagram1-768x554.png 768w, https:\/\/1dronas.lt\/wp-content\/uploads\/2022\/07\/Whoop-AIO-F411-V1.1-Wiring-Diagram1-1536x1109.png 1536w, https:\/\/1dronas.lt\/wp-content\/uploads\/2022\/07\/Whoop-AIO-F411-V1.1-Wiring-Diagram1-2048x1478.png 2048w, https:\/\/1dronas.lt\/wp-content\/uploads\/2022\/07\/Whoop-AIO-F411-V1.1-Wiring-Diagram1-18x12.png 18w, https:\/\/1dronas.lt\/wp-content\/uploads\/2022\/07\/Whoop-AIO-F411-V1.1-Wiring-Diagram1-510x368.png 510w\" sizes=\"auto, (max-width: 1020px) 100vw, 1020px\" \/> <img loading=\"lazy\" decoding=\"async\" class=\"alignnone wp-image-3252 size-large\" src=\"https:\/\/1dronas.lt\/wp-content\/uploads\/2022\/07\/Whoop-AIO-F411-V1.1-Wiring-Diagram2-1024x607.png\" alt=\"\" width=\"1020\" height=\"605\" srcset=\"https:\/\/1dronas.lt\/wp-content\/uploads\/2022\/07\/Whoop-AIO-F411-V1.1-Wiring-Diagram2-1024x607.png 1024w, https:\/\/1dronas.lt\/wp-content\/uploads\/2022\/07\/Whoop-AIO-F411-V1.1-Wiring-Diagram2-300x178.png 300w, https:\/\/1dronas.lt\/wp-content\/uploads\/2022\/07\/Whoop-AIO-F411-V1.1-Wiring-Diagram2-768x455.png 768w, https:\/\/1dronas.lt\/wp-content\/uploads\/2022\/07\/Whoop-AIO-F411-V1.1-Wiring-Diagram2-1536x910.png 1536w, https:\/\/1dronas.lt\/wp-content\/uploads\/2022\/07\/Whoop-AIO-F411-V1.1-Wiring-Diagram2-2048x1213.png 2048w, https:\/\/1dronas.lt\/wp-content\/uploads\/2022\/07\/Whoop-AIO-F411-V1.1-Wiring-Diagram2-18x12.png 18w, https:\/\/1dronas.lt\/wp-content\/uploads\/2022\/07\/Whoop-AIO-F411-V1.1-Wiring-Diagram2-510x302.png 510w\" sizes=\"auto, (max-width: 1020px) 100vw, 1020px\" \/> <img loading=\"lazy\" decoding=\"async\" class=\"alignnone wp-image-3253 size-large\" src=\"https:\/\/1dronas.lt\/wp-content\/uploads\/2022\/07\/Whoop-AIO-F411-V1.1-Wiring-Diagram3-1024x1002.png\" alt=\"\" width=\"1020\" height=\"998\" srcset=\"https:\/\/1dronas.lt\/wp-content\/uploads\/2022\/07\/Whoop-AIO-F411-V1.1-Wiring-Diagram3-1024x1002.png 1024w, https:\/\/1dronas.lt\/wp-content\/uploads\/2022\/07\/Whoop-AIO-F411-V1.1-Wiring-Diagram3-300x294.png 300w, https:\/\/1dronas.lt\/wp-content\/uploads\/2022\/07\/Whoop-AIO-F411-V1.1-Wiring-Diagram3-768x751.png 768w, https:\/\/1dronas.lt\/wp-content\/uploads\/2022\/07\/Whoop-AIO-F411-V1.1-Wiring-Diagram3-1536x1503.png 1536w, https:\/\/1dronas.lt\/wp-content\/uploads\/2022\/07\/Whoop-AIO-F411-V1.1-Wiring-Diagram3-2048x2004.png 2048w, https:\/\/1dronas.lt\/wp-content\/uploads\/2022\/07\/Whoop-AIO-F411-V1.1-Wiring-Diagram3-12x12.png 12w, https:\/\/1dronas.lt\/wp-content\/uploads\/2022\/07\/Whoop-AIO-F411-V1.1-Wiring-Diagram3-510x499.png 510w\" sizes=\"auto, (max-width: 1020px) 100vw, 1020px\" \/><br \/>\n\t\t<\/div>\n\t<\/div>\n\t\n<p><strong style=\"font-weight: 400;\"><b>\u2022 <\/b><\/strong>Propellers:<br \/>\nNazgul 2525;<br \/>\nMaterial: PC;<br \/>\nBlades: 3;<br \/>\nPropeller mounting hole: 1.5mm;<br \/>\n\t<div id=\"accordion-1935719727\" class=\"accordion-item\">\n\t\t<a id=\"accordion-1935719727-label\" class=\"accordion-title plain\" href=\"#accordion-item-i\u0161matavimai\" aria-expanded=\"false\" aria-controls=\"accordion-1935719727-content\">\n\t\t\t<button class=\"toggle\" aria-label=\"Toggle\"><i class=\"icon-angle-down\" aria-hidden=\"true\"><\/i><\/button>\n\t\t\t<span>Measurements<\/span>\n\t\t<\/a>\n\t\t<div id=\"accordion-1935719727-content\" class=\"accordion-inner\" aria-labelledby=\"accordion-1935719727-label\">\n\t\t\t\n<img loading=\"lazy\" decoding=\"async\" class=\"alignnone wp-image-3254 size-full\" src=\"https:\/\/1dronas.lt\/wp-content\/uploads\/2022\/07\/hksui9sam14-hg.jpg\" alt=\"\" width=\"1000\" height=\"1000\" srcset=\"https:\/\/1dronas.lt\/wp-content\/uploads\/2022\/07\/hksui9sam14-hg.jpg 1000w, https:\/\/1dronas.lt\/wp-content\/uploads\/2022\/07\/hksui9sam14-hg-300x300.jpg 300w, https:\/\/1dronas.lt\/wp-content\/uploads\/2022\/07\/hksui9sam14-hg-150x150.jpg 150w, https:\/\/1dronas.lt\/wp-content\/uploads\/2022\/07\/hksui9sam14-hg-768x768.jpg 768w, https:\/\/1dronas.lt\/wp-content\/uploads\/2022\/07\/hksui9sam14-hg-12x12.jpg 12w, https:\/\/1dronas.lt\/wp-content\/uploads\/2022\/07\/hksui9sam14-hg-247x247.jpg 247w, https:\/\/1dronas.lt\/wp-content\/uploads\/2022\/07\/hksui9sam14-hg-510x510.jpg 510w, https:\/\/1dronas.lt\/wp-content\/uploads\/2022\/07\/hksui9sam14-hg-100x100.jpg 100w\" sizes=\"auto, (max-width: 1000px) 100vw, 1000px\" \/><br \/>\n\t\t<\/div>\n\t<\/div>\n\t\n<p><strong>Package:<\/strong><\/p>\n<p>1x Protek R25 Analog quad;<br \/>\n1x iFlight Lipo strap 15 x 180mm;<br \/>\n<span style=\"color: #666666;\">2x Nazgul 2525 propellers;<br \/>\n1x Albatross ipex LHCP 5.8g 75mm antenna.<\/span><\/p>\n<p><span style=\"color: #ed1c24;\">Battery is not included.<\/span><\/p>\n<p>To restore lost versions or updates, please refer to the manufacturer&#039;s instructions, \u21d2<a href=\"https:\/\/iflightrc.freshdesk.com\/support\/solutions\/articles\/48001148115-firmware-wiring-factory-dumps\">Firmware\/Factory Dumps<\/a><\/p>\n<p>Angle-Mode is enabled by default to prevent your first flight from ending in a crash! To disable it, <span style=\"color: #666666;\">see the manufacturer&#039;s instructions<\/span>\u21d2 <a href=\"https:\/\/iflightrc.freshdesk.com\/support\/solutions\/articles\/48001158403\">&quot;How to disable Angle-Mode, activate Acro-Mode&quot;<\/a><\/p>\n<p><strong>We recommend:<\/strong><\/p>\n<div class=\"woocommerce columns-4\"><\/div>","protected":false},"excerpt":{"rendered":"<p><span style=\"color: #333333;\">Don&#039;t worry about the improvements, iFlight has done it for you! The basic PID and filter settings have been adjusted to make your flight perfect!<\/span><br \/>\n<span style=\"color: #333333;\"><strong><br \/>\n<img loading=\"lazy\" decoding=\"async\" class=\"alignnone wp-image-1806\" src=\"https:\/\/1dronas.lt\/wp-content\/uploads\/2021\/05\/delivery-icon.png\" alt=\"\" width=\"24\" height=\"24\" srcset=\"https:\/\/1dronas.lt\/wp-content\/uploads\/2021\/05\/delivery-icon.png 35w, https:\/\/1dronas.lt\/wp-content\/uploads\/2021\/05\/delivery-icon-12x12.png 12w\" sizes=\"auto, (max-width: 24px) 100vw, 24px\" \/><\/strong> \u00a0<strong>1 \u2013 4 days<\/strong><\/span><\/p>","protected":false},"featured_media":3268,"comment_status":"open","ping_status":"closed","template":"","meta":[],"product_brand":[496],"product_cat":[109,105,104],"product_tag":[110,91,206],"class_list":{"0":"post-3267","1":"product","2":"type-product","3":"status-publish","4":"has-post-thumbnail","6":"product_brand-iflight","7":"product_cat-cinewhoop","8":"product_cat-fpv-bnf-dronai","9":"product_cat-orlaiviai","10":"product_tag-cinewhoop","11":"product_tag-iflight","12":"product_tag-protek-r25-analog","14":"first","15":"outofstock","16":"purchasable","17":"product-type-simple"},"yoast_head":"<!-- This site is optimized with the Yoast SEO plugin v27.3 - https:\/\/yoast.com\/product\/yoast-seo-wordpress\/ -->\n<title>iFlight ProTek R25 Analog ELRS 2.4G - BNF - 1dronas.lt<\/title>\n<meta name=\"robots\" content=\"index, follow, max-snippet:-1, max-image-preview:large, max-video-preview:-1\" \/>\n<link rel=\"canonical\" href=\"https:\/\/1dronas.lt\/en\/produktas\/iflight-protek-r25-analog-elrs-2-4g-bnf\/\" \/>\n<meta property=\"og:locale\" content=\"en_US\" \/>\n<meta property=\"og:type\" content=\"article\" \/>\n<meta property=\"og:title\" content=\"iFlight ProTek R25 Analog ELRS 2.4G - BNF - 1dronas.lt\" \/>\n<meta property=\"og:description\" content=\"Nesijaudinkite d\u0117l patobulinim\u0173, iFlight tai padar\u0117 u\u017e jus! Buvo pritaikyti pagrindiniai PID ir filtro nustatymai, kad skrydis b\u016bt\u0173 puikus!   \u00a01 \u2013 4 d. d.\" \/>\n<meta property=\"og:url\" content=\"https:\/\/1dronas.lt\/en\/produktas\/iflight-protek-r25-analog-elrs-2-4g-bnf\/\" \/>\n<meta property=\"og:site_name\" content=\"1dronas.lt\" \/>\n<meta property=\"article:publisher\" content=\"https:\/\/www.facebook.com\/1dronas\/\" \/>\n<meta property=\"article:modified_time\" content=\"2025-02-03T19:46:20+00:00\" \/>\n<meta property=\"og:image\" content=\"https:\/\/1dronas.lt\/wp-content\/uploads\/2022\/07\/ProTek-R25-Analog.jpg\" \/>\n\t<meta property=\"og:image:width\" content=\"1001\" \/>\n\t<meta property=\"og:image:height\" content=\"1001\" \/>\n\t<meta property=\"og:image:type\" content=\"image\/jpeg\" \/>\n<meta name=\"twitter:card\" content=\"summary_large_image\" \/>\n<meta name=\"twitter:label1\" content=\"Est. reading time\" \/>\n\t<meta name=\"twitter:data1\" content=\"3 minutes\" \/>\n<script type=\"application\/ld+json\" class=\"yoast-schema-graph\">{\"@context\":\"https:\\\/\\\/schema.org\",\"@graph\":[{\"@type\":\"WebPage\",\"@id\":\"https:\\\/\\\/1dronas.lt\\\/en\\\/produktas\\\/iflight-protek-r25-analog-elrs-2-4g-bnf\\\/\",\"url\":\"https:\\\/\\\/1dronas.lt\\\/en\\\/produktas\\\/iflight-protek-r25-analog-elrs-2-4g-bnf\\\/\",\"name\":\"iFlight ProTek R25 Analog ELRS 2.4G - BNF - 1dronas.lt\",\"isPartOf\":{\"@id\":\"https:\\\/\\\/1dronas.lt\\\/en\\\/#website\"},\"primaryImageOfPage\":{\"@id\":\"https:\\\/\\\/1dronas.lt\\\/en\\\/produktas\\\/iflight-protek-r25-analog-elrs-2-4g-bnf\\\/#primaryimage\"},\"image\":{\"@id\":\"https:\\\/\\\/1dronas.lt\\\/en\\\/produktas\\\/iflight-protek-r25-analog-elrs-2-4g-bnf\\\/#primaryimage\"},\"thumbnailUrl\":\"https:\\\/\\\/1dronas.lt\\\/wp-content\\\/uploads\\\/2022\\\/07\\\/ProTek-R25-Analog.jpg\",\"datePublished\":\"2022-07-24T09:56:08+00:00\",\"dateModified\":\"2025-02-03T19:46:20+00:00\",\"breadcrumb\":{\"@id\":\"https:\\\/\\\/1dronas.lt\\\/en\\\/produktas\\\/iflight-protek-r25-analog-elrs-2-4g-bnf\\\/#breadcrumb\"},\"inLanguage\":\"en-US\",\"potentialAction\":[{\"@type\":\"ReadAction\",\"target\":[\"https:\\\/\\\/1dronas.lt\\\/en\\\/produktas\\\/iflight-protek-r25-analog-elrs-2-4g-bnf\\\/\"]}]},{\"@type\":\"ImageObject\",\"inLanguage\":\"en-US\",\"@id\":\"https:\\\/\\\/1dronas.lt\\\/en\\\/produktas\\\/iflight-protek-r25-analog-elrs-2-4g-bnf\\\/#primaryimage\",\"url\":\"https:\\\/\\\/1dronas.lt\\\/wp-content\\\/uploads\\\/2022\\\/07\\\/ProTek-R25-Analog.jpg\",\"contentUrl\":\"https:\\\/\\\/1dronas.lt\\\/wp-content\\\/uploads\\\/2022\\\/07\\\/ProTek-R25-Analog.jpg\",\"width\":1001,\"height\":1001},{\"@type\":\"BreadcrumbList\",\"@id\":\"https:\\\/\\\/1dronas.lt\\\/en\\\/produktas\\\/iflight-protek-r25-analog-elrs-2-4g-bnf\\\/#breadcrumb\",\"itemListElement\":[{\"@type\":\"ListItem\",\"position\":1,\"name\":\"Home\",\"item\":\"https:\\\/\\\/1dronas.lt\\\/\"},{\"@type\":\"ListItem\",\"position\":2,\"name\":\"Parduotuv\u0117\",\"item\":\"https:\\\/\\\/1dronas.lt\\\/parduotuve\\\/\"},{\"@type\":\"ListItem\",\"position\":3,\"name\":\"iFlight ProTek R25 Analog ELRS 2.4G &#8211; BNF\"}]},{\"@type\":\"WebSite\",\"@id\":\"https:\\\/\\\/1dronas.lt\\\/en\\\/#website\",\"url\":\"https:\\\/\\\/1dronas.lt\\\/en\\\/\",\"name\":\"1dronas.lt\",\"description\":\"Internetin\u0117 parduotuv\u0117\",\"publisher\":{\"@id\":\"https:\\\/\\\/1dronas.lt\\\/en\\\/#organization\"},\"potentialAction\":[{\"@type\":\"SearchAction\",\"target\":{\"@type\":\"EntryPoint\",\"urlTemplate\":\"https:\\\/\\\/1dronas.lt\\\/en\\\/?s={search_term_string}\"},\"query-input\":{\"@type\":\"PropertyValueSpecification\",\"valueRequired\":true,\"valueName\":\"search_term_string\"}}],\"inLanguage\":\"en-US\"},{\"@type\":\"Organization\",\"@id\":\"https:\\\/\\\/1dronas.lt\\\/en\\\/#organization\",\"name\":\"1dronas.lt\",\"url\":\"https:\\\/\\\/1dronas.lt\\\/en\\\/\",\"logo\":{\"@type\":\"ImageObject\",\"inLanguage\":\"en-US\",\"@id\":\"https:\\\/\\\/1dronas.lt\\\/en\\\/#\\\/schema\\\/logo\\\/image\\\/\",\"url\":\"https:\\\/\\\/1dronas.lt\\\/wp-content\\\/uploads\\\/2020\\\/12\\\/Ekrano_kopija__2_-removebg-preview-1-1.png\",\"contentUrl\":\"https:\\\/\\\/1dronas.lt\\\/wp-content\\\/uploads\\\/2020\\\/12\\\/Ekrano_kopija__2_-removebg-preview-1-1.png\",\"width\":234,\"height\":81,\"caption\":\"1dronas.lt\"},\"image\":{\"@id\":\"https:\\\/\\\/1dronas.lt\\\/en\\\/#\\\/schema\\\/logo\\\/image\\\/\"},\"sameAs\":[\"https:\\\/\\\/www.facebook.com\\\/1dronas\\\/\"]}]}<\/script>\n<!-- \/ Yoast SEO plugin. -->","yoast_head_json":{"title":"iFlight ProTek R25 Analog ELRS 2.4G - BNF - 1dronas.lt","robots":{"index":"index","follow":"follow","max-snippet":"max-snippet:-1","max-image-preview":"max-image-preview:large","max-video-preview":"max-video-preview:-1"},"canonical":"https:\/\/1dronas.lt\/en\/produktas\/iflight-protek-r25-analog-elrs-2-4g-bnf\/","og_locale":"en_US","og_type":"article","og_title":"iFlight ProTek R25 Analog ELRS 2.4G - BNF - 1dronas.lt","og_description":"Nesijaudinkite d\u0117l patobulinim\u0173, iFlight tai padar\u0117 u\u017e jus! Buvo pritaikyti pagrindiniai PID ir filtro nustatymai, kad skrydis b\u016bt\u0173 puikus!   \u00a01 \u2013 4 d. d.","og_url":"https:\/\/1dronas.lt\/en\/produktas\/iflight-protek-r25-analog-elrs-2-4g-bnf\/","og_site_name":"1dronas.lt","article_publisher":"https:\/\/www.facebook.com\/1dronas\/","article_modified_time":"2025-02-03T19:46:20+00:00","og_image":[{"width":1001,"height":1001,"url":"https:\/\/1dronas.lt\/wp-content\/uploads\/2022\/07\/ProTek-R25-Analog.jpg","type":"image\/jpeg"}],"twitter_card":"summary_large_image","twitter_misc":{"Est. reading time":"3 minutes"},"schema":{"@context":"https:\/\/schema.org","@graph":[{"@type":"WebPage","@id":"https:\/\/1dronas.lt\/en\/produktas\/iflight-protek-r25-analog-elrs-2-4g-bnf\/","url":"https:\/\/1dronas.lt\/en\/produktas\/iflight-protek-r25-analog-elrs-2-4g-bnf\/","name":"iFlight ProTek R25 Analog ELRS 2.4G - BNF - 1dronas.lt","isPartOf":{"@id":"https:\/\/1dronas.lt\/en\/#website"},"primaryImageOfPage":{"@id":"https:\/\/1dronas.lt\/en\/produktas\/iflight-protek-r25-analog-elrs-2-4g-bnf\/#primaryimage"},"image":{"@id":"https:\/\/1dronas.lt\/en\/produktas\/iflight-protek-r25-analog-elrs-2-4g-bnf\/#primaryimage"},"thumbnailUrl":"https:\/\/1dronas.lt\/wp-content\/uploads\/2022\/07\/ProTek-R25-Analog.jpg","datePublished":"2022-07-24T09:56:08+00:00","dateModified":"2025-02-03T19:46:20+00:00","breadcrumb":{"@id":"https:\/\/1dronas.lt\/en\/produktas\/iflight-protek-r25-analog-elrs-2-4g-bnf\/#breadcrumb"},"inLanguage":"en-US","potentialAction":[{"@type":"ReadAction","target":["https:\/\/1dronas.lt\/en\/produktas\/iflight-protek-r25-analog-elrs-2-4g-bnf\/"]}]},{"@type":"ImageObject","inLanguage":"en-US","@id":"https:\/\/1dronas.lt\/en\/produktas\/iflight-protek-r25-analog-elrs-2-4g-bnf\/#primaryimage","url":"https:\/\/1dronas.lt\/wp-content\/uploads\/2022\/07\/ProTek-R25-Analog.jpg","contentUrl":"https:\/\/1dronas.lt\/wp-content\/uploads\/2022\/07\/ProTek-R25-Analog.jpg","width":1001,"height":1001},{"@type":"BreadcrumbList","@id":"https:\/\/1dronas.lt\/en\/produktas\/iflight-protek-r25-analog-elrs-2-4g-bnf\/#breadcrumb","itemListElement":[{"@type":"ListItem","position":1,"name":"Home","item":"https:\/\/1dronas.lt\/"},{"@type":"ListItem","position":2,"name":"Parduotuv\u0117","item":"https:\/\/1dronas.lt\/parduotuve\/"},{"@type":"ListItem","position":3,"name":"iFlight ProTek R25 Analog ELRS 2.4G &#8211; BNF"}]},{"@type":"WebSite","@id":"https:\/\/1dronas.lt\/en\/#website","url":"https:\/\/1dronas.lt\/en\/","name":"1dronas.lt","description":"Online store","publisher":{"@id":"https:\/\/1dronas.lt\/en\/#organization"},"potentialAction":[{"@type":"SearchAction","target":{"@type":"EntryPoint","urlTemplate":"https:\/\/1dronas.lt\/en\/?s={search_term_string}"},"query-input":{"@type":"PropertyValueSpecification","valueRequired":true,"valueName":"search_term_string"}}],"inLanguage":"en-US"},{"@type":"Organization","@id":"https:\/\/1dronas.lt\/en\/#organization","name":"1dronas.lt","url":"https:\/\/1dronas.lt\/en\/","logo":{"@type":"ImageObject","inLanguage":"en-US","@id":"https:\/\/1dronas.lt\/en\/#\/schema\/logo\/image\/","url":"https:\/\/1dronas.lt\/wp-content\/uploads\/2020\/12\/Ekrano_kopija__2_-removebg-preview-1-1.png","contentUrl":"https:\/\/1dronas.lt\/wp-content\/uploads\/2020\/12\/Ekrano_kopija__2_-removebg-preview-1-1.png","width":234,"height":81,"caption":"1dronas.lt"},"image":{"@id":"https:\/\/1dronas.lt\/en\/#\/schema\/logo\/image\/"},"sameAs":["https:\/\/www.facebook.com\/1dronas\/"]}]}},"jetpack_sharing_enabled":true,"_links":{"self":[{"href":"https:\/\/1dronas.lt\/en\/wp-json\/wp\/v2\/product\/3267","targetHints":{"allow":["GET"]}}],"collection":[{"href":"https:\/\/1dronas.lt\/en\/wp-json\/wp\/v2\/product"}],"about":[{"href":"https:\/\/1dronas.lt\/en\/wp-json\/wp\/v2\/types\/product"}],"replies":[{"embeddable":true,"href":"https:\/\/1dronas.lt\/en\/wp-json\/wp\/v2\/comments?post=3267"}],"wp:featuredmedia":[{"embeddable":true,"href":"https:\/\/1dronas.lt\/en\/wp-json\/wp\/v2\/media\/3268"}],"wp:attachment":[{"href":"https:\/\/1dronas.lt\/en\/wp-json\/wp\/v2\/media?parent=3267"}],"wp:term":[{"taxonomy":"product_brand","embeddable":true,"href":"https:\/\/1dronas.lt\/en\/wp-json\/wp\/v2\/product_brand?post=3267"},{"taxonomy":"product_cat","embeddable":true,"href":"https:\/\/1dronas.lt\/en\/wp-json\/wp\/v2\/product_cat?post=3267"},{"taxonomy":"product_tag","embeddable":true,"href":"https:\/\/1dronas.lt\/en\/wp-json\/wp\/v2\/product_tag?post=3267"}],"curies":[{"name":"wp","href":"https:\/\/api.w.org\/{rel}","templated":true}]}}