{"id":3151,"date":"2022-07-09T12:14:02","date_gmt":"2022-07-09T12:14:02","guid":{"rendered":"https:\/\/1dronas.lt\/?post_type=product&#038;p=3151"},"modified":"2026-04-08T22:18:44","modified_gmt":"2026-04-08T19:18:44","slug":"betafpv-kaklo-dirzelis","status":"publish","type":"product","link":"https:\/\/1dronas.lt\/en\/produktas\/betafpv-kaklo-dirzelis\/","title":{"rendered":"BETAFPV neck strap"},"content":{"rendered":"<p><strong>Specification:<\/strong><\/p>\n<p><strong>\u2022<\/strong>\u00a0Material: Polyester\/nylon + metal buckle;<br \/>\n<strong>\u2022<\/strong>\u00a0Color: black with reflector, white-blue with remote cutouts;<br \/>\n<strong>\u2022<\/strong>\u00a0Weight: 40g.<\/p>\n<p><img loading=\"lazy\" decoding=\"async\" class=\"alignnone wp-image-3162 size-full\" src=\"https:\/\/1dronas.lt\/wp-content\/uploads\/2022\/06\/1_e6947baa-4169-45ad-9a85-7168a89f525d_600x600.jpg\" alt=\"\" width=\"600\" height=\"135\" srcset=\"https:\/\/1dronas.lt\/wp-content\/uploads\/2022\/06\/1_e6947baa-4169-45ad-9a85-7168a89f525d_600x600.jpg 600w, https:\/\/1dronas.lt\/wp-content\/uploads\/2022\/06\/1_e6947baa-4169-45ad-9a85-7168a89f525d_600x600-300x68.jpg 300w, https:\/\/1dronas.lt\/wp-content\/uploads\/2022\/06\/1_e6947baa-4169-45ad-9a85-7168a89f525d_600x600-18x4.jpg 18w, https:\/\/1dronas.lt\/wp-content\/uploads\/2022\/06\/1_e6947baa-4169-45ad-9a85-7168a89f525d_600x600-510x115.jpg 510w\" sizes=\"auto, (max-width: 600px) 100vw, 600px\" \/><br \/>\nWhite and blue with remote cutouts made of polyester.<br \/>\n<img loading=\"lazy\" decoding=\"async\" class=\"alignnone wp-image-3163 size-full\" src=\"https:\/\/1dronas.lt\/wp-content\/uploads\/2022\/06\/f7d7c897f798fc44c391847188c3ac79_725e1bba-1bbb-4362-b038-3e02a3241d8e_600x600.jpg\" alt=\"\" width=\"600\" height=\"135\" srcset=\"https:\/\/1dronas.lt\/wp-content\/uploads\/2022\/06\/f7d7c897f798fc44c391847188c3ac79_725e1bba-1bbb-4362-b038-3e02a3241d8e_600x600.jpg 600w, https:\/\/1dronas.lt\/wp-content\/uploads\/2022\/06\/f7d7c897f798fc44c391847188c3ac79_725e1bba-1bbb-4362-b038-3e02a3241d8e_600x600-300x68.jpg 300w, https:\/\/1dronas.lt\/wp-content\/uploads\/2022\/06\/f7d7c897f798fc44c391847188c3ac79_725e1bba-1bbb-4362-b038-3e02a3241d8e_600x600-18x4.jpg 18w, https:\/\/1dronas.lt\/wp-content\/uploads\/2022\/06\/f7d7c897f798fc44c391847188c3ac79_725e1bba-1bbb-4362-b038-3e02a3241d8e_600x600-510x115.jpg 510w\" sizes=\"auto, (max-width: 600px) 100vw, 600px\" \/><br \/>\nBlack with reflector made of nylon.<\/p>\n<p><strong>Package:<\/strong><\/p>\n<p>1x neck strap.<\/p>","protected":false},"excerpt":{"rendered":"<p><span style=\"color: #282828;\">The BETAFPV neck strap is made of comfortable soft nylon and polyester material.<\/span><\/p>\n<p><span style=\"font-size: 90%;\"><img loading=\"lazy\" decoding=\"async\" class=\"alignnone wp-image-1806\" src=\"https:\/\/1dronas.lt\/wp-content\/uploads\/2021\/05\/delivery-icon.png\" alt=\"\" width=\"24\" height=\"24\" srcset=\"https:\/\/1dronas.lt\/wp-content\/uploads\/2021\/05\/delivery-icon.png 35w, https:\/\/1dronas.lt\/wp-content\/uploads\/2021\/05\/delivery-icon-12x12.png 12w\" sizes=\"auto, (max-width: 24px) 100vw, 24px\" \/>\u00a0 \u00a0<strong><span style=\"color: #282828;\">1 \u2013 4 days<\/span><\/strong><\/span><\/p>","protected":false},"featured_media":3157,"comment_status":"open","ping_status":"closed","template":"","meta":[],"product_brand":[489],"product_cat":[21,686],"product_tag":[69,189],"class_list":{"0":"post-3151","1":"product","2":"type-product","3":"status-publish","4":"has-post-thumbnail","6":"product_brand-betafpv","7":"product_cat-aksesuarai","8":"product_cat-kaklo-dirzeliai","9":"product_tag-betafpv","10":"product_tag-kaklo-dirzelis","12":"first","13":"instock","14":"taxable","15":"shipping-taxable","16":"purchasable","17":"product-type-variable","18":"has-default-attributes"},"yoast_head":"<!-- This site is optimized with the Yoast SEO plugin v27.4 - https:\/\/yoast.com\/product\/yoast-seo-wordpress\/ -->\n<title>BETAFPV kaklo dir\u017eelis - 1dronas.lt<\/title>\n<meta name=\"robots\" content=\"index, follow, max-snippet:-1, max-image-preview:large, max-video-preview:-1\" \/>\n<link rel=\"canonical\" href=\"https:\/\/1dronas.lt\/en\/produktas\/betafpv-kaklo-dirzelis\/\" \/>\n<meta property=\"og:locale\" content=\"en_US\" \/>\n<meta property=\"og:type\" content=\"article\" \/>\n<meta property=\"og:title\" content=\"BETAFPV kaklo dir\u017eelis - 1dronas.lt\" \/>\n<meta property=\"og:description\" content=\"BETAFPV kaklo dir\u017eelis pagamintas i\u0161 patogios mink\u0161tos nailono bei poliesterio med\u017eiagos.  \u00a0 \u00a01 - 4 d. d.\" \/>\n<meta property=\"og:url\" content=\"https:\/\/1dronas.lt\/en\/produktas\/betafpv-kaklo-dirzelis\/\" \/>\n<meta property=\"og:site_name\" content=\"1dronas.lt\" \/>\n<meta property=\"article:publisher\" content=\"https:\/\/www.facebook.com\/1dronas\/\" \/>\n<meta property=\"article:modified_time\" content=\"2026-04-08T19:18:44+00:00\" \/>\n<meta property=\"og:image\" content=\"https:\/\/1dronas.lt\/wp-content\/uploads\/2022\/06\/1_3aa06705-5c87-4262-abd0-27c2a15c14bc_720x.jpg\" \/>\n\t<meta property=\"og:image:width\" content=\"720\" \/>\n\t<meta property=\"og:image:height\" content=\"720\" \/>\n\t<meta property=\"og:image:type\" content=\"image\/jpeg\" \/>\n<meta name=\"twitter:card\" content=\"summary_large_image\" \/>\n<meta name=\"twitter:label1\" content=\"Est. reading time\" \/>\n\t<meta name=\"twitter:data1\" content=\"1 minute\" \/>\n<script type=\"application\/ld+json\" class=\"yoast-schema-graph\">{\"@context\":\"https:\\\/\\\/schema.org\",\"@graph\":[{\"@type\":\"WebPage\",\"@id\":\"https:\\\/\\\/1dronas.lt\\\/en\\\/produktas\\\/betafpv-kaklo-dirzelis\\\/\",\"url\":\"https:\\\/\\\/1dronas.lt\\\/en\\\/produktas\\\/betafpv-kaklo-dirzelis\\\/\",\"name\":\"BETAFPV kaklo dir\u017eelis - 1dronas.lt\",\"isPartOf\":{\"@id\":\"https:\\\/\\\/1dronas.lt\\\/en\\\/#website\"},\"primaryImageOfPage\":{\"@id\":\"https:\\\/\\\/1dronas.lt\\\/en\\\/produktas\\\/betafpv-kaklo-dirzelis\\\/#primaryimage\"},\"image\":{\"@id\":\"https:\\\/\\\/1dronas.lt\\\/en\\\/produktas\\\/betafpv-kaklo-dirzelis\\\/#primaryimage\"},\"thumbnailUrl\":\"https:\\\/\\\/1dronas.lt\\\/wp-content\\\/uploads\\\/2022\\\/06\\\/1_3aa06705-5c87-4262-abd0-27c2a15c14bc_720x.jpg\",\"datePublished\":\"2022-07-09T12:14:02+00:00\",\"dateModified\":\"2026-04-08T19:18:44+00:00\",\"breadcrumb\":{\"@id\":\"https:\\\/\\\/1dronas.lt\\\/en\\\/produktas\\\/betafpv-kaklo-dirzelis\\\/#breadcrumb\"},\"inLanguage\":\"en-US\",\"potentialAction\":[{\"@type\":\"ReadAction\",\"target\":[\"https:\\\/\\\/1dronas.lt\\\/en\\\/produktas\\\/betafpv-kaklo-dirzelis\\\/\"]}]},{\"@type\":\"ImageObject\",\"inLanguage\":\"en-US\",\"@id\":\"https:\\\/\\\/1dronas.lt\\\/en\\\/produktas\\\/betafpv-kaklo-dirzelis\\\/#primaryimage\",\"url\":\"https:\\\/\\\/1dronas.lt\\\/wp-content\\\/uploads\\\/2022\\\/06\\\/1_3aa06705-5c87-4262-abd0-27c2a15c14bc_720x.jpg\",\"contentUrl\":\"https:\\\/\\\/1dronas.lt\\\/wp-content\\\/uploads\\\/2022\\\/06\\\/1_3aa06705-5c87-4262-abd0-27c2a15c14bc_720x.jpg\",\"width\":720,\"height\":720},{\"@type\":\"BreadcrumbList\",\"@id\":\"https:\\\/\\\/1dronas.lt\\\/en\\\/produktas\\\/betafpv-kaklo-dirzelis\\\/#breadcrumb\",\"itemListElement\":[{\"@type\":\"ListItem\",\"position\":1,\"name\":\"Home\",\"item\":\"https:\\\/\\\/1dronas.lt\\\/\"},{\"@type\":\"ListItem\",\"position\":2,\"name\":\"Parduotuv\u0117\",\"item\":\"https:\\\/\\\/1dronas.lt\\\/parduotuve\\\/\"},{\"@type\":\"ListItem\",\"position\":3,\"name\":\"BETAFPV kaklo dir\u017eelis\"}]},{\"@type\":\"WebSite\",\"@id\":\"https:\\\/\\\/1dronas.lt\\\/en\\\/#website\",\"url\":\"https:\\\/\\\/1dronas.lt\\\/en\\\/\",\"name\":\"1dronas.lt\",\"description\":\"Internetin\u0117 parduotuv\u0117\",\"publisher\":{\"@id\":\"https:\\\/\\\/1dronas.lt\\\/en\\\/#organization\"},\"potentialAction\":[{\"@type\":\"SearchAction\",\"target\":{\"@type\":\"EntryPoint\",\"urlTemplate\":\"https:\\\/\\\/1dronas.lt\\\/en\\\/?s={search_term_string}\"},\"query-input\":{\"@type\":\"PropertyValueSpecification\",\"valueRequired\":true,\"valueName\":\"search_term_string\"}}],\"inLanguage\":\"en-US\"},{\"@type\":\"Organization\",\"@id\":\"https:\\\/\\\/1dronas.lt\\\/en\\\/#organization\",\"name\":\"1dronas.lt\",\"url\":\"https:\\\/\\\/1dronas.lt\\\/en\\\/\",\"logo\":{\"@type\":\"ImageObject\",\"inLanguage\":\"en-US\",\"@id\":\"https:\\\/\\\/1dronas.lt\\\/en\\\/#\\\/schema\\\/logo\\\/image\\\/\",\"url\":\"https:\\\/\\\/1dronas.lt\\\/wp-content\\\/uploads\\\/2020\\\/12\\\/Ekrano_kopija__2_-removebg-preview-1-1.png\",\"contentUrl\":\"https:\\\/\\\/1dronas.lt\\\/wp-content\\\/uploads\\\/2020\\\/12\\\/Ekrano_kopija__2_-removebg-preview-1-1.png\",\"width\":234,\"height\":81,\"caption\":\"1dronas.lt\"},\"image\":{\"@id\":\"https:\\\/\\\/1dronas.lt\\\/en\\\/#\\\/schema\\\/logo\\\/image\\\/\"},\"sameAs\":[\"https:\\\/\\\/www.facebook.com\\\/1dronas\\\/\"]}]}<\/script>\n<!-- \/ Yoast SEO plugin. -->","yoast_head_json":{"title":"BETAFPV Neck Strap - 1dronas.lt","robots":{"index":"index","follow":"follow","max-snippet":"max-snippet:-1","max-image-preview":"max-image-preview:large","max-video-preview":"max-video-preview:-1"},"canonical":"https:\/\/1dronas.lt\/en\/produktas\/betafpv-kaklo-dirzelis\/","og_locale":"en_US","og_type":"article","og_title":"BETAFPV kaklo dir\u017eelis - 1dronas.lt","og_description":"BETAFPV kaklo dir\u017eelis pagamintas i\u0161 patogios mink\u0161tos nailono bei poliesterio med\u017eiagos.  \u00a0 \u00a01 - 4 d. d.","og_url":"https:\/\/1dronas.lt\/en\/produktas\/betafpv-kaklo-dirzelis\/","og_site_name":"1dronas.lt","article_publisher":"https:\/\/www.facebook.com\/1dronas\/","article_modified_time":"2026-04-08T19:18:44+00:00","og_image":[{"width":720,"height":720,"url":"https:\/\/1dronas.lt\/wp-content\/uploads\/2022\/06\/1_3aa06705-5c87-4262-abd0-27c2a15c14bc_720x.jpg","type":"image\/jpeg"}],"twitter_card":"summary_large_image","twitter_misc":{"Est. reading time":"1 minute"},"schema":{"@context":"https:\/\/schema.org","@graph":[{"@type":"WebPage","@id":"https:\/\/1dronas.lt\/en\/produktas\/betafpv-kaklo-dirzelis\/","url":"https:\/\/1dronas.lt\/en\/produktas\/betafpv-kaklo-dirzelis\/","name":"BETAFPV Neck Strap - 1dronas.lt","isPartOf":{"@id":"https:\/\/1dronas.lt\/en\/#website"},"primaryImageOfPage":{"@id":"https:\/\/1dronas.lt\/en\/produktas\/betafpv-kaklo-dirzelis\/#primaryimage"},"image":{"@id":"https:\/\/1dronas.lt\/en\/produktas\/betafpv-kaklo-dirzelis\/#primaryimage"},"thumbnailUrl":"https:\/\/1dronas.lt\/wp-content\/uploads\/2022\/06\/1_3aa06705-5c87-4262-abd0-27c2a15c14bc_720x.jpg","datePublished":"2022-07-09T12:14:02+00:00","dateModified":"2026-04-08T19:18:44+00:00","breadcrumb":{"@id":"https:\/\/1dronas.lt\/en\/produktas\/betafpv-kaklo-dirzelis\/#breadcrumb"},"inLanguage":"en-US","potentialAction":[{"@type":"ReadAction","target":["https:\/\/1dronas.lt\/en\/produktas\/betafpv-kaklo-dirzelis\/"]}]},{"@type":"ImageObject","inLanguage":"en-US","@id":"https:\/\/1dronas.lt\/en\/produktas\/betafpv-kaklo-dirzelis\/#primaryimage","url":"https:\/\/1dronas.lt\/wp-content\/uploads\/2022\/06\/1_3aa06705-5c87-4262-abd0-27c2a15c14bc_720x.jpg","contentUrl":"https:\/\/1dronas.lt\/wp-content\/uploads\/2022\/06\/1_3aa06705-5c87-4262-abd0-27c2a15c14bc_720x.jpg","width":720,"height":720},{"@type":"BreadcrumbList","@id":"https:\/\/1dronas.lt\/en\/produktas\/betafpv-kaklo-dirzelis\/#breadcrumb","itemListElement":[{"@type":"ListItem","position":1,"name":"Home","item":"https:\/\/1dronas.lt\/"},{"@type":"ListItem","position":2,"name":"Parduotuv\u0117","item":"https:\/\/1dronas.lt\/parduotuve\/"},{"@type":"ListItem","position":3,"name":"BETAFPV kaklo dir\u017eelis"}]},{"@type":"WebSite","@id":"https:\/\/1dronas.lt\/en\/#website","url":"https:\/\/1dronas.lt\/en\/","name":"1dronas.lt","description":"Online store","publisher":{"@id":"https:\/\/1dronas.lt\/en\/#organization"},"potentialAction":[{"@type":"SearchAction","target":{"@type":"EntryPoint","urlTemplate":"https:\/\/1dronas.lt\/en\/?s={search_term_string}"},"query-input":{"@type":"PropertyValueSpecification","valueRequired":true,"valueName":"search_term_string"}}],"inLanguage":"en-US"},{"@type":"Organization","@id":"https:\/\/1dronas.lt\/en\/#organization","name":"1dronas.lt","url":"https:\/\/1dronas.lt\/en\/","logo":{"@type":"ImageObject","inLanguage":"en-US","@id":"https:\/\/1dronas.lt\/en\/#\/schema\/logo\/image\/","url":"https:\/\/1dronas.lt\/wp-content\/uploads\/2020\/12\/Ekrano_kopija__2_-removebg-preview-1-1.png","contentUrl":"https:\/\/1dronas.lt\/wp-content\/uploads\/2020\/12\/Ekrano_kopija__2_-removebg-preview-1-1.png","width":234,"height":81,"caption":"1dronas.lt"},"image":{"@id":"https:\/\/1dronas.lt\/en\/#\/schema\/logo\/image\/"},"sameAs":["https:\/\/www.facebook.com\/1dronas\/"]}]}},"jetpack_sharing_enabled":true,"_links":{"self":[{"href":"https:\/\/1dronas.lt\/en\/wp-json\/wp\/v2\/product\/3151","targetHints":{"allow":["GET"]}}],"collection":[{"href":"https:\/\/1dronas.lt\/en\/wp-json\/wp\/v2\/product"}],"about":[{"href":"https:\/\/1dronas.lt\/en\/wp-json\/wp\/v2\/types\/product"}],"replies":[{"embeddable":true,"href":"https:\/\/1dronas.lt\/en\/wp-json\/wp\/v2\/comments?post=3151"}],"wp:featuredmedia":[{"embeddable":true,"href":"https:\/\/1dronas.lt\/en\/wp-json\/wp\/v2\/media\/3157"}],"wp:attachment":[{"href":"https:\/\/1dronas.lt\/en\/wp-json\/wp\/v2\/media?parent=3151"}],"wp:term":[{"taxonomy":"product_brand","embeddable":true,"href":"https:\/\/1dronas.lt\/en\/wp-json\/wp\/v2\/product_brand?post=3151"},{"taxonomy":"product_cat","embeddable":true,"href":"https:\/\/1dronas.lt\/en\/wp-json\/wp\/v2\/product_cat?post=3151"},{"taxonomy":"product_tag","embeddable":true,"href":"https:\/\/1dronas.lt\/en\/wp-json\/wp\/v2\/product_tag?post=3151"}],"curies":[{"name":"wp","href":"https:\/\/api.w.org\/{rel}","templated":true}]}}