{"id":3069,"date":"2022-06-09T14:51:26","date_gmt":"2022-06-09T14:51:26","guid":{"rendered":"https:\/\/1dronas.lt\/?post_type=product&#038;p=3069"},"modified":"2026-04-05T15:52:35","modified_gmt":"2026-04-05T12:52:35","slug":"betafpv-literadio-3","status":"publish","type":"product","link":"https:\/\/1dronas.lt\/en\/produktas\/betafpv-literadio-3\/","title":{"rendered":"BETAFPV LiteRadio 3 ELRS 2.4G (Mode 2\/Mode 1)"},"content":{"rendered":"<p><span style=\"font-weight: 400;\"><b><em>The Nano TX module is not included in the kit.<\/em><\/b><\/span><\/p>\n<p><strong>Features:<\/strong><\/p>\n<p><span style=\"font-weight: 400;\"><b>\u2022 <\/b>Built-in 2000 mAh 1S battery, LiteRadio 3 can operate for up to 15 hours without an external module, so it has excellent endurance characteristics.<br \/>\n<\/span><span style=\"font-weight: 400;\"><b>\u2022<\/b> The remote control uses BETAFPV&#039;s own &quot;LiteRadio&quot; system. The radio transmitter can directly control joystick calibration and software updates;<br \/>\n<b>\u2022 <\/b>Newly designed nano connector, it supports external TX module;<br \/>\n<b>\u2022\u00a0<\/b>With a custom rubber coating, the LiteRadio 3 is ergonomically shaped like a game controller. It&#039;s comfortable to hold, and the non-slip texture on the handles allows you to grip the remote firmly.<\/span><span style=\"font-weight: 400;\"><br \/>\n<\/span><b>\u2022<\/b> LiteRadio 3 has a built-in charging module, which makes USB charging convenient and extremely simple. The transmitter also warns of a low charge level when the battery is exhausted - the blue light flashes slowly and the audible signal beeps continuously;<br \/>\n<span lang=\"lt\"><b>\u2022<\/b> When connected to a PC, this radio transmitter works as a USB joystick. So you can use it to play FPV simulators.<br \/>\n<b>\u2022 <\/b>Comparing the LiteRadio 2 SE to the LiteRadio 3, the third version has a 2000 mAh 1S battery, so it can work up to 15 hours without an external module. The nano connector on the back supports an external module for use with the ELRS Nano TX, which supports the CRSF protocol. In addition, the LiteRadio 3 gimbal is newly upgraded and has a precision potentiometer and adjustable stick tips.<br \/>\n<\/span><\/p>\n<p><img loading=\"lazy\" decoding=\"async\" class=\"alignnone wp-image-3070 size-full\" src=\"https:\/\/1dronas.lt\/wp-content\/uploads\/2022\/06\/Beta1.jpg\" alt=\"\" width=\"1024\" height=\"576\" srcset=\"https:\/\/1dronas.lt\/wp-content\/uploads\/2022\/06\/Beta1.jpg 1024w, https:\/\/1dronas.lt\/wp-content\/uploads\/2022\/06\/Beta1-300x169.jpg 300w, https:\/\/1dronas.lt\/wp-content\/uploads\/2022\/06\/Beta1-768x432.jpg 768w, https:\/\/1dronas.lt\/wp-content\/uploads\/2022\/06\/Beta1-18x10.jpg 18w, https:\/\/1dronas.lt\/wp-content\/uploads\/2022\/06\/Beta1-510x287.jpg 510w\" sizes=\"auto, (max-width: 1024px) 100vw, 1024px\" \/><br \/>\nThe LiteRadio 3 radio transmitter is the latest addition to the LiteRadio series of remote controllers. This transmitter features an ergonomic handle, excellent runtime, a newly upgraded gimbal, and multi-protocol support (Frsky version). In addition, this version supports the BETAFPV Configurator application for updating, configuring, and debugging the radio controller.<\/p>\n<p dir=\"ltr\" data-placeholder=\"Vertimas\"><strong>Specification:<\/strong><\/p>\n<p dir=\"ltr\" data-placeholder=\"Vertimas\"><b>\u2022<\/b>\u00a0Manufacturer: BETAFPV;<br \/>\n<b>\u2022\u00a0<\/b>Model: <span lang=\"lt\">LiteRadio 3<\/span>;<br \/>\n<b>\u2022\u00a0<\/b>Color: White;<br \/>\n<b>\u2022\u00a0<\/b>Battery: <span lang=\"lt\">built-in 2000mAh 1S<\/span>;<br \/>\n<b>\u2022 <\/b>Operating time: up to 15h;<br \/>\n<b>\u2022<\/b> <span lang=\"lt\">Frequency range: 2.4G;<\/span><br \/>\n<b>\u2022<\/b> <span lang=\"lt\">2.4G system: SX1280;<\/span><br \/>\n<b>\u2022<\/b> <span lang=\"lt\">Channels: <\/span><span lang=\"lt\">8;<\/span><br \/>\n<b>\u2022<\/b> <span lang=\"lt\">Supports protocols: ExpressLRS 2.4G;<\/span><br \/>\n<b>\u2022 <\/b><span lang=\"lt\">Power: \u2264100mw;<br \/>\n<b>\u2022 <\/b>Adaptation to drone types: Multirotor, airplane;<br \/>\n<b>\u2022 <\/b>LED light: green-on \/ red-warning \/ blue-normal;<br \/>\n<strong>\u2022<\/strong> Charging connector: Type-C.<\/span><\/p>\n<p><b><img loading=\"lazy\" decoding=\"async\" class=\"alignnone wp-image-3071 size-full\" src=\"https:\/\/1dronas.lt\/wp-content\/uploads\/2022\/06\/beta2.jpg\" alt=\"\" width=\"1024\" height=\"576\" srcset=\"https:\/\/1dronas.lt\/wp-content\/uploads\/2022\/06\/beta2.jpg 1024w, https:\/\/1dronas.lt\/wp-content\/uploads\/2022\/06\/beta2-300x169.jpg 300w, https:\/\/1dronas.lt\/wp-content\/uploads\/2022\/06\/beta2-768x432.jpg 768w, https:\/\/1dronas.lt\/wp-content\/uploads\/2022\/06\/beta2-18x10.jpg 18w, https:\/\/1dronas.lt\/wp-content\/uploads\/2022\/06\/beta2-510x287.jpg 510w\" sizes=\"auto, (max-width: 1024px) 100vw, 1024px\" \/><\/b><\/p>\n<p>New nano gimbal for long service life<\/p>\n\t<div id=\"accordion-725898672\" class=\"accordion-item\">\n\t\t<a id=\"accordion-725898672-label\" class=\"accordion-title plain\" href=\"#accordion-item-configurator-programa\" aria-expanded=\"false\" aria-controls=\"accordion-725898672-content\">\n\t\t\t<button class=\"toggle\" aria-label=\"Toggle\"><i class=\"icon-angle-down\" aria-hidden=\"true\"><\/i><\/button>\n\t\t\t<span>Configurator program<\/span>\n\t\t<\/a>\n\t\t<div id=\"accordion-725898672-content\" class=\"accordion-inner\" aria-labelledby=\"accordion-725898672-label\">\n\t\t\t\n<img loading=\"lazy\" decoding=\"async\" class=\"alignnone wp-image-3080 size-full\" src=\"https:\/\/1dronas.lt\/wp-content\/uploads\/2022\/06\/ae.jpg\" alt=\"\" width=\"1024\" height=\"576\" srcset=\"https:\/\/1dronas.lt\/wp-content\/uploads\/2022\/06\/ae.jpg 1024w, https:\/\/1dronas.lt\/wp-content\/uploads\/2022\/06\/ae-300x169.jpg 300w, https:\/\/1dronas.lt\/wp-content\/uploads\/2022\/06\/ae-768x432.jpg 768w, https:\/\/1dronas.lt\/wp-content\/uploads\/2022\/06\/ae-18x10.jpg 18w, https:\/\/1dronas.lt\/wp-content\/uploads\/2022\/06\/ae-510x287.jpg 510w\" sizes=\"auto, (max-width: 1024px) 100vw, 1024px\" \/><\/p>\n<p>BETAFPV Configurator is a program designed to simplify the updating, configuration and debugging of the radio transmitter. Download link: <a href=\"https:\/\/github.com\/BETAFPV\/BETAFPV_Configurator\/releases\">Configurator<\/a><\/p>\n<p><strong>BETAFPV Configurator app features:\u00a0<\/strong><\/p>\n<p><span style=\"font-weight: 400;\"><b>\u2022 <\/b>Basic radio controller settings, such as mode switch, turning RF modules on and off;<\/span><br \/>\n<span style=\"font-weight: 400;\"><b>\u2022 <\/b>Full ExpressLRS configuration functionality, such as power, speed, etc.;<\/span><br \/>\n<span style=\"font-weight: 400;\"><b>\u2022 <\/b>Software update.<br \/>\n<\/span><br \/>\n\t\t<\/div>\n\t<\/div>\n\t\n<p><strong>Package:<\/strong><\/p>\n<p dir=\"ltr\" data-placeholder=\"Vertimas\">1x remote control LiteRadio 3;<br \/>\n1x user manual;<br \/>\n1x USB Type-C cable.<\/p>\n<div id=\"malwarebytes-root\"><\/div>","protected":false},"excerpt":{"rendered":"<p><span style=\"font-weight: 400; color: #333333;\">With a custom rubber coating, the LiteRadio 3 is ergonomically shaped like a game controller. It&#039;s comfortable to hold, and the non-slip texture on the handles allows you to grip the remote firmly.<\/span><\/p>\n<p><span style=\"color: #333333; font-size: 90%;\"><b><img loading=\"lazy\" decoding=\"async\" class=\"alignnone wp-image-1806\" src=\"https:\/\/1dronas.lt\/wp-content\/uploads\/2021\/05\/delivery-icon.png.webp\" alt=\"\" width=\"24\" height=\"24\" srcset=\"https:\/\/1dronas.lt\/wp-content\/uploads\/2021\/05\/delivery-icon.png 35w, https:\/\/1dronas.lt\/wp-content\/uploads\/2021\/05\/delivery-icon-12x12.png 12w\" sizes=\"auto, (max-width: 24px) 100vw, 24px\" \/><\/b> \u00a0<strong>1 \u2013 2 days<\/strong><\/span><\/p>","protected":false},"featured_media":3072,"comment_status":"open","ping_status":"closed","template":"","meta":[],"product_brand":[489],"product_cat":[221],"product_tag":[69,176,181,182],"class_list":{"0":"post-3069","1":"product","2":"type-product","3":"status-publish","4":"has-post-thumbnail","6":"product_brand-betafpv","7":"product_cat-nuotolinio-valdymo-pulteliai","8":"product_tag-betafpv","9":"product_tag-elrs","10":"product_tag-literadio-3","11":"product_tag-nano-tx-module","13":"first","14":"instock","15":"sale","16":"taxable","17":"shipping-taxable","18":"purchasable","19":"product-type-variable","20":"has-default-attributes"},"yoast_head":"<!-- This site is optimized with the Yoast SEO plugin v27.3 - https:\/\/yoast.com\/product\/yoast-seo-wordpress\/ -->\n<title>BETAFPV LiteRadio 3 ELRS 2.4G (Mode 2\/Mode 1) - 1dronas.lt<\/title>\n<meta name=\"robots\" content=\"index, follow, max-snippet:-1, max-image-preview:large, max-video-preview:-1\" \/>\n<link rel=\"canonical\" href=\"https:\/\/1dronas.lt\/en\/produktas\/betafpv-literadio-3\/\" \/>\n<meta property=\"og:locale\" content=\"en_US\" \/>\n<meta property=\"og:type\" content=\"article\" \/>\n<meta property=\"og:title\" content=\"BETAFPV LiteRadio 3 ELRS 2.4G (Mode 2\/Mode 1) - 1dronas.lt\" \/>\n<meta property=\"og:description\" content=\"Pritaikyta gumin\u0117 danga, \u201cLiteRadio 3\u201d yra ergonomi\u0161kas ir turi \u017eaidim\u0173 valdiklio form\u0105. J\u012f patogu laikyti, o ant ranken\u0173 esanti neslystanti tekst\u016bra leid\u017eia tvirtai suimti pultel\u012f.   \u00a01 \u2013 2 d.d.\" \/>\n<meta property=\"og:url\" content=\"https:\/\/1dronas.lt\/en\/produktas\/betafpv-literadio-3\/\" \/>\n<meta property=\"og:site_name\" content=\"1dronas.lt\" \/>\n<meta property=\"article:publisher\" content=\"https:\/\/www.facebook.com\/1dronas\/\" \/>\n<meta property=\"article:modified_time\" content=\"2026-04-05T12:52:35+00:00\" \/>\n<meta property=\"og:image\" content=\"https:\/\/1dronas.lt\/wp-content\/uploads\/2022\/06\/11.jpg\" \/>\n\t<meta property=\"og:image:width\" content=\"720\" \/>\n\t<meta property=\"og:image:height\" content=\"720\" \/>\n\t<meta property=\"og:image:type\" content=\"image\/jpeg\" \/>\n<meta name=\"twitter:card\" content=\"summary_large_image\" \/>\n<meta name=\"twitter:label1\" content=\"Est. reading time\" \/>\n\t<meta name=\"twitter:data1\" content=\"3 minutes\" \/>\n<script type=\"application\/ld+json\" class=\"yoast-schema-graph\">{\"@context\":\"https:\\\/\\\/schema.org\",\"@graph\":[{\"@type\":\"WebPage\",\"@id\":\"https:\\\/\\\/1dronas.lt\\\/en\\\/produktas\\\/betafpv-literadio-3\\\/\",\"url\":\"https:\\\/\\\/1dronas.lt\\\/en\\\/produktas\\\/betafpv-literadio-3\\\/\",\"name\":\"BETAFPV LiteRadio 3 ELRS 2.4G (Mode 2\\\/Mode 1) - 1dronas.lt\",\"isPartOf\":{\"@id\":\"https:\\\/\\\/1dronas.lt\\\/en\\\/#website\"},\"primaryImageOfPage\":{\"@id\":\"https:\\\/\\\/1dronas.lt\\\/en\\\/produktas\\\/betafpv-literadio-3\\\/#primaryimage\"},\"image\":{\"@id\":\"https:\\\/\\\/1dronas.lt\\\/en\\\/produktas\\\/betafpv-literadio-3\\\/#primaryimage\"},\"thumbnailUrl\":\"https:\\\/\\\/1dronas.lt\\\/wp-content\\\/uploads\\\/2022\\\/06\\\/11.jpg\",\"datePublished\":\"2022-06-09T14:51:26+00:00\",\"dateModified\":\"2026-04-05T12:52:35+00:00\",\"breadcrumb\":{\"@id\":\"https:\\\/\\\/1dronas.lt\\\/en\\\/produktas\\\/betafpv-literadio-3\\\/#breadcrumb\"},\"inLanguage\":\"en-US\",\"potentialAction\":[{\"@type\":\"ReadAction\",\"target\":[\"https:\\\/\\\/1dronas.lt\\\/en\\\/produktas\\\/betafpv-literadio-3\\\/\"]}]},{\"@type\":\"ImageObject\",\"inLanguage\":\"en-US\",\"@id\":\"https:\\\/\\\/1dronas.lt\\\/en\\\/produktas\\\/betafpv-literadio-3\\\/#primaryimage\",\"url\":\"https:\\\/\\\/1dronas.lt\\\/wp-content\\\/uploads\\\/2022\\\/06\\\/11.jpg\",\"contentUrl\":\"https:\\\/\\\/1dronas.lt\\\/wp-content\\\/uploads\\\/2022\\\/06\\\/11.jpg\",\"width\":720,\"height\":720},{\"@type\":\"BreadcrumbList\",\"@id\":\"https:\\\/\\\/1dronas.lt\\\/en\\\/produktas\\\/betafpv-literadio-3\\\/#breadcrumb\",\"itemListElement\":[{\"@type\":\"ListItem\",\"position\":1,\"name\":\"Home\",\"item\":\"https:\\\/\\\/1dronas.lt\\\/\"},{\"@type\":\"ListItem\",\"position\":2,\"name\":\"Parduotuv\u0117\",\"item\":\"https:\\\/\\\/1dronas.lt\\\/parduotuve\\\/\"},{\"@type\":\"ListItem\",\"position\":3,\"name\":\"BETAFPV LiteRadio 3 ELRS 2.4G (Mode 2\\\/Mode 1)\"}]},{\"@type\":\"WebSite\",\"@id\":\"https:\\\/\\\/1dronas.lt\\\/en\\\/#website\",\"url\":\"https:\\\/\\\/1dronas.lt\\\/en\\\/\",\"name\":\"1dronas.lt\",\"description\":\"Internetin\u0117 parduotuv\u0117\",\"publisher\":{\"@id\":\"https:\\\/\\\/1dronas.lt\\\/en\\\/#organization\"},\"potentialAction\":[{\"@type\":\"SearchAction\",\"target\":{\"@type\":\"EntryPoint\",\"urlTemplate\":\"https:\\\/\\\/1dronas.lt\\\/en\\\/?s={search_term_string}\"},\"query-input\":{\"@type\":\"PropertyValueSpecification\",\"valueRequired\":true,\"valueName\":\"search_term_string\"}}],\"inLanguage\":\"en-US\"},{\"@type\":\"Organization\",\"@id\":\"https:\\\/\\\/1dronas.lt\\\/en\\\/#organization\",\"name\":\"1dronas.lt\",\"url\":\"https:\\\/\\\/1dronas.lt\\\/en\\\/\",\"logo\":{\"@type\":\"ImageObject\",\"inLanguage\":\"en-US\",\"@id\":\"https:\\\/\\\/1dronas.lt\\\/en\\\/#\\\/schema\\\/logo\\\/image\\\/\",\"url\":\"https:\\\/\\\/1dronas.lt\\\/wp-content\\\/uploads\\\/2020\\\/12\\\/Ekrano_kopija__2_-removebg-preview-1-1.png\",\"contentUrl\":\"https:\\\/\\\/1dronas.lt\\\/wp-content\\\/uploads\\\/2020\\\/12\\\/Ekrano_kopija__2_-removebg-preview-1-1.png\",\"width\":234,\"height\":81,\"caption\":\"1dronas.lt\"},\"image\":{\"@id\":\"https:\\\/\\\/1dronas.lt\\\/en\\\/#\\\/schema\\\/logo\\\/image\\\/\"},\"sameAs\":[\"https:\\\/\\\/www.facebook.com\\\/1dronas\\\/\"]}]}<\/script>\n<!-- \/ Yoast SEO plugin. -->","yoast_head_json":{"title":"BETAFPV LiteRadio 3 ELRS 2.4G (Mode 2\/Mode 1) - 1dronas.lt","robots":{"index":"index","follow":"follow","max-snippet":"max-snippet:-1","max-image-preview":"max-image-preview:large","max-video-preview":"max-video-preview:-1"},"canonical":"https:\/\/1dronas.lt\/en\/produktas\/betafpv-literadio-3\/","og_locale":"en_US","og_type":"article","og_title":"BETAFPV LiteRadio 3 ELRS 2.4G (Mode 2\/Mode 1) - 1dronas.lt","og_description":"Pritaikyta gumin\u0117 danga, \u201cLiteRadio 3\u201d yra ergonomi\u0161kas ir turi \u017eaidim\u0173 valdiklio form\u0105. J\u012f patogu laikyti, o ant ranken\u0173 esanti neslystanti tekst\u016bra leid\u017eia tvirtai suimti pultel\u012f.   \u00a01 \u2013 2 d.d.","og_url":"https:\/\/1dronas.lt\/en\/produktas\/betafpv-literadio-3\/","og_site_name":"1dronas.lt","article_publisher":"https:\/\/www.facebook.com\/1dronas\/","article_modified_time":"2026-04-05T12:52:35+00:00","og_image":[{"width":720,"height":720,"url":"https:\/\/1dronas.lt\/wp-content\/uploads\/2022\/06\/11.jpg","type":"image\/jpeg"}],"twitter_card":"summary_large_image","twitter_misc":{"Est. reading time":"3 minutes"},"schema":{"@context":"https:\/\/schema.org","@graph":[{"@type":"WebPage","@id":"https:\/\/1dronas.lt\/en\/produktas\/betafpv-literadio-3\/","url":"https:\/\/1dronas.lt\/en\/produktas\/betafpv-literadio-3\/","name":"BETAFPV LiteRadio 3 ELRS 2.4G (Mode 2\/Mode 1) - 1dronas.lt","isPartOf":{"@id":"https:\/\/1dronas.lt\/en\/#website"},"primaryImageOfPage":{"@id":"https:\/\/1dronas.lt\/en\/produktas\/betafpv-literadio-3\/#primaryimage"},"image":{"@id":"https:\/\/1dronas.lt\/en\/produktas\/betafpv-literadio-3\/#primaryimage"},"thumbnailUrl":"https:\/\/1dronas.lt\/wp-content\/uploads\/2022\/06\/11.jpg","datePublished":"2022-06-09T14:51:26+00:00","dateModified":"2026-04-05T12:52:35+00:00","breadcrumb":{"@id":"https:\/\/1dronas.lt\/en\/produktas\/betafpv-literadio-3\/#breadcrumb"},"inLanguage":"en-US","potentialAction":[{"@type":"ReadAction","target":["https:\/\/1dronas.lt\/en\/produktas\/betafpv-literadio-3\/"]}]},{"@type":"ImageObject","inLanguage":"en-US","@id":"https:\/\/1dronas.lt\/en\/produktas\/betafpv-literadio-3\/#primaryimage","url":"https:\/\/1dronas.lt\/wp-content\/uploads\/2022\/06\/11.jpg","contentUrl":"https:\/\/1dronas.lt\/wp-content\/uploads\/2022\/06\/11.jpg","width":720,"height":720},{"@type":"BreadcrumbList","@id":"https:\/\/1dronas.lt\/en\/produktas\/betafpv-literadio-3\/#breadcrumb","itemListElement":[{"@type":"ListItem","position":1,"name":"Home","item":"https:\/\/1dronas.lt\/"},{"@type":"ListItem","position":2,"name":"Parduotuv\u0117","item":"https:\/\/1dronas.lt\/parduotuve\/"},{"@type":"ListItem","position":3,"name":"BETAFPV LiteRadio 3 ELRS 2.4G (Mode 2\/Mode 1)"}]},{"@type":"WebSite","@id":"https:\/\/1dronas.lt\/en\/#website","url":"https:\/\/1dronas.lt\/en\/","name":"1dronas.lt","description":"Online store","publisher":{"@id":"https:\/\/1dronas.lt\/en\/#organization"},"potentialAction":[{"@type":"SearchAction","target":{"@type":"EntryPoint","urlTemplate":"https:\/\/1dronas.lt\/en\/?s={search_term_string}"},"query-input":{"@type":"PropertyValueSpecification","valueRequired":true,"valueName":"search_term_string"}}],"inLanguage":"en-US"},{"@type":"Organization","@id":"https:\/\/1dronas.lt\/en\/#organization","name":"1dronas.lt","url":"https:\/\/1dronas.lt\/en\/","logo":{"@type":"ImageObject","inLanguage":"en-US","@id":"https:\/\/1dronas.lt\/en\/#\/schema\/logo\/image\/","url":"https:\/\/1dronas.lt\/wp-content\/uploads\/2020\/12\/Ekrano_kopija__2_-removebg-preview-1-1.png","contentUrl":"https:\/\/1dronas.lt\/wp-content\/uploads\/2020\/12\/Ekrano_kopija__2_-removebg-preview-1-1.png","width":234,"height":81,"caption":"1dronas.lt"},"image":{"@id":"https:\/\/1dronas.lt\/en\/#\/schema\/logo\/image\/"},"sameAs":["https:\/\/www.facebook.com\/1dronas\/"]}]}},"jetpack_sharing_enabled":true,"_links":{"self":[{"href":"https:\/\/1dronas.lt\/en\/wp-json\/wp\/v2\/product\/3069","targetHints":{"allow":["GET"]}}],"collection":[{"href":"https:\/\/1dronas.lt\/en\/wp-json\/wp\/v2\/product"}],"about":[{"href":"https:\/\/1dronas.lt\/en\/wp-json\/wp\/v2\/types\/product"}],"replies":[{"embeddable":true,"href":"https:\/\/1dronas.lt\/en\/wp-json\/wp\/v2\/comments?post=3069"}],"wp:featuredmedia":[{"embeddable":true,"href":"https:\/\/1dronas.lt\/en\/wp-json\/wp\/v2\/media\/3072"}],"wp:attachment":[{"href":"https:\/\/1dronas.lt\/en\/wp-json\/wp\/v2\/media?parent=3069"}],"wp:term":[{"taxonomy":"product_brand","embeddable":true,"href":"https:\/\/1dronas.lt\/en\/wp-json\/wp\/v2\/product_brand?post=3069"},{"taxonomy":"product_cat","embeddable":true,"href":"https:\/\/1dronas.lt\/en\/wp-json\/wp\/v2\/product_cat?post=3069"},{"taxonomy":"product_tag","embeddable":true,"href":"https:\/\/1dronas.lt\/en\/wp-json\/wp\/v2\/product_tag?post=3069"}],"curies":[{"name":"wp","href":"https:\/\/api.w.org\/{rel}","templated":true}]}}