{"id":2962,"date":"2022-04-23T14:10:55","date_gmt":"2022-04-23T14:10:55","guid":{"rendered":"https:\/\/1dronas.lt\/?post_type=product&#038;p=2962"},"modified":"2025-02-03T19:50:07","modified_gmt":"2025-02-03T19:50:07","slug":"emax-tinyhawk-iii-2","status":"publish","type":"product","link":"https:\/\/1dronas.lt\/en\/produktas\/emax-tinyhawk-iii-2\/","title":{"rendered":"Emax Tinyhawk III"},"content":{"rendered":"<p><strong>Specification:<\/strong><\/p>\n<p>\u2022 Manufacturer: EMAX;<br \/>\n\u2022 Product: Tinyhawk III FPV Racing Drone;<br \/>\n\u2022 Motors: TH0802 II 15000KV;<br \/>\n\u2022 Propellers: Avan TH Turtlemode-3;<br \/>\n\u2022 Motherboard: F4 (STM32F411 firmware) 4in1\/5A ESC EMAX Tiny Receiver (SPI\/Frsky_D8);<br \/>\n\u2022 Camera: Run Cam Nano 4 Camera;<br \/>\n\u2022 VTX: 200-100-25mW 37CH (Adjustable frequency) Support SmartAudio;<br \/>\n\u2022 Battery: 1SHV 450mAh;<br \/>\n\u2022 Flight time: about 7 minutes;<br \/>\n\u2022 Flight range: about 400m;<br \/>\n\u2022 Size: 105x105x45mm.;<br \/>\n\u2022 Weight (without battery): about 32g.<\/p>\n<p><strong>Package: <\/strong><\/p>\n<p>1x Tinyhawk III drone;<br \/>\n1x battery Emax 1s HV 450mAh;<br \/>\n1x charger;<br \/>\n4x propellers;<br \/>\n1x accessory pack.<\/p>\n<p><span style=\"color: #ed1c24;\"><strong>Important:<br \/>\n<em>* Do not overcharge or leave batteries discharged for long periods of time;<\/em><br \/>\n<em>* Do not store batteries near high temperatures;<\/em><br \/>\n<em>* Do not throw batteries into fire;<br \/>\n* Do not throw batteries into water.<\/em><\/strong><\/span><\/p>\n<p><img loading=\"lazy\" decoding=\"async\" class=\"alignnone wp-image-2967 size-full\" src=\"https:\/\/1dronas.lt\/wp-content\/uploads\/2022\/04\/TinyhawkIIIBNF_2_696ad932-e2b7-47a4-bdb3-4f62d5a71c42.jpg\" alt=\"\" width=\"1000\" height=\"1000\" srcset=\"https:\/\/1dronas.lt\/wp-content\/uploads\/2022\/04\/TinyhawkIIIBNF_2_696ad932-e2b7-47a4-bdb3-4f62d5a71c42.jpg 1000w, https:\/\/1dronas.lt\/wp-content\/uploads\/2022\/04\/TinyhawkIIIBNF_2_696ad932-e2b7-47a4-bdb3-4f62d5a71c42-300x300.jpg 300w, https:\/\/1dronas.lt\/wp-content\/uploads\/2022\/04\/TinyhawkIIIBNF_2_696ad932-e2b7-47a4-bdb3-4f62d5a71c42-150x150.jpg 150w, https:\/\/1dronas.lt\/wp-content\/uploads\/2022\/04\/TinyhawkIIIBNF_2_696ad932-e2b7-47a4-bdb3-4f62d5a71c42-768x768.jpg 768w, https:\/\/1dronas.lt\/wp-content\/uploads\/2022\/04\/TinyhawkIIIBNF_2_696ad932-e2b7-47a4-bdb3-4f62d5a71c42-12x12.jpg 12w, https:\/\/1dronas.lt\/wp-content\/uploads\/2022\/04\/TinyhawkIIIBNF_2_696ad932-e2b7-47a4-bdb3-4f62d5a71c42-247x247.jpg 247w, https:\/\/1dronas.lt\/wp-content\/uploads\/2022\/04\/TinyhawkIIIBNF_2_696ad932-e2b7-47a4-bdb3-4f62d5a71c42-510x510.jpg 510w, https:\/\/1dronas.lt\/wp-content\/uploads\/2022\/04\/TinyhawkIIIBNF_2_696ad932-e2b7-47a4-bdb3-4f62d5a71c42-100x100.jpg 100w\" sizes=\"auto, (max-width: 1000px) 100vw, 1000px\" \/><\/p>\n<p>&nbsp;<\/p>","protected":false},"excerpt":{"rendered":"<p><span style=\"color: #333333;\">Special attention was paid to reinforcing all weak points of the frame, ensuring maximum reliability for the engines and electronics inside the aircraft.<\/span><\/p>\n<p><span style=\"color: #333333;\"><strong><img loading=\"lazy\" decoding=\"async\" class=\"alignnone wp-image-1806\" src=\"https:\/\/1dronas.lt\/wp-content\/uploads\/2021\/05\/delivery-icon.png\" alt=\"\" width=\"24\" height=\"24\" srcset=\"https:\/\/1dronas.lt\/wp-content\/uploads\/2021\/05\/delivery-icon.png 35w, https:\/\/1dronas.lt\/wp-content\/uploads\/2021\/05\/delivery-icon-12x12.png 12w\" sizes=\"auto, (max-width: 24px) 100vw, 24px\" \/>\u00a0<span style=\"font-size: 90%;\"> \u00a01 \u2013 4 days<\/span><\/strong><\/span><\/p>","protected":false},"featured_media":2963,"comment_status":"open","ping_status":"closed","template":"","meta":[],"product_brand":[498],"product_cat":[104,112],"product_tag":[34,113],"class_list":{"0":"post-2962","1":"product","2":"type-product","3":"status-publish","4":"has-post-thumbnail","6":"product_brand-emax","7":"product_cat-orlaiviai","8":"product_cat-whoop","9":"product_tag-emax","10":"product_tag-whoop","12":"first","13":"outofstock","14":"taxable","15":"shipping-taxable","16":"purchasable","17":"product-type-simple"},"yoast_head":"<!-- This site is optimized with the Yoast SEO plugin v27.4 - https:\/\/yoast.com\/product\/yoast-seo-wordpress\/ -->\n<title>Emax Tinyhawk III - 1dronas.lt<\/title>\n<meta name=\"robots\" content=\"index, follow, max-snippet:-1, max-image-preview:large, max-video-preview:-1\" \/>\n<link rel=\"canonical\" href=\"https:\/\/1dronas.lt\/en\/produktas\/emax-tinyhawk-iii-2\/\" \/>\n<meta property=\"og:locale\" content=\"en_US\" \/>\n<meta property=\"og:type\" content=\"article\" \/>\n<meta property=\"og:title\" content=\"Emax Tinyhawk III - 1dronas.lt\" \/>\n<meta property=\"og:description\" content=\"Ypatingas d\u0117mesys skirtas vis\u0173 silpn\u0173j\u0173 r\u0117mo viet\u0173 sutvirtinimui, u\u017etikrinant maksimal\u0173 patikimum\u0105 varikliams ir elektronikai orlaivio viduje.  \u00a0 \u00a01 \u2013 4 d. d.\" \/>\n<meta property=\"og:url\" content=\"https:\/\/1dronas.lt\/en\/produktas\/emax-tinyhawk-iii-2\/\" \/>\n<meta property=\"og:site_name\" content=\"1dronas.lt\" \/>\n<meta property=\"article:publisher\" content=\"https:\/\/www.facebook.com\/1dronas\/\" \/>\n<meta property=\"article:modified_time\" content=\"2025-02-03T19:50:07+00:00\" \/>\n<meta property=\"og:image\" content=\"https:\/\/1dronas.lt\/wp-content\/uploads\/2022\/04\/TinyhawkIIIBNF_1.jpg\" \/>\n\t<meta property=\"og:image:width\" content=\"1000\" \/>\n\t<meta property=\"og:image:height\" content=\"1000\" \/>\n\t<meta property=\"og:image:type\" content=\"image\/jpeg\" \/>\n<meta name=\"twitter:card\" content=\"summary_large_image\" \/>\n<meta name=\"twitter:label1\" content=\"Est. reading time\" \/>\n\t<meta name=\"twitter:data1\" content=\"2 minutes\" \/>\n<script type=\"application\/ld+json\" class=\"yoast-schema-graph\">{\"@context\":\"https:\\\/\\\/schema.org\",\"@graph\":[{\"@type\":\"WebPage\",\"@id\":\"https:\\\/\\\/1dronas.lt\\\/en\\\/produktas\\\/emax-tinyhawk-iii-2\\\/\",\"url\":\"https:\\\/\\\/1dronas.lt\\\/en\\\/produktas\\\/emax-tinyhawk-iii-2\\\/\",\"name\":\"Emax Tinyhawk III - 1dronas.lt\",\"isPartOf\":{\"@id\":\"https:\\\/\\\/1dronas.lt\\\/en\\\/#website\"},\"primaryImageOfPage\":{\"@id\":\"https:\\\/\\\/1dronas.lt\\\/en\\\/produktas\\\/emax-tinyhawk-iii-2\\\/#primaryimage\"},\"image\":{\"@id\":\"https:\\\/\\\/1dronas.lt\\\/en\\\/produktas\\\/emax-tinyhawk-iii-2\\\/#primaryimage\"},\"thumbnailUrl\":\"https:\\\/\\\/1dronas.lt\\\/wp-content\\\/uploads\\\/2022\\\/04\\\/TinyhawkIIIBNF_1.jpg\",\"datePublished\":\"2022-04-23T14:10:55+00:00\",\"dateModified\":\"2025-02-03T19:50:07+00:00\",\"breadcrumb\":{\"@id\":\"https:\\\/\\\/1dronas.lt\\\/en\\\/produktas\\\/emax-tinyhawk-iii-2\\\/#breadcrumb\"},\"inLanguage\":\"en-US\",\"potentialAction\":[{\"@type\":\"ReadAction\",\"target\":[\"https:\\\/\\\/1dronas.lt\\\/en\\\/produktas\\\/emax-tinyhawk-iii-2\\\/\"]}]},{\"@type\":\"ImageObject\",\"inLanguage\":\"en-US\",\"@id\":\"https:\\\/\\\/1dronas.lt\\\/en\\\/produktas\\\/emax-tinyhawk-iii-2\\\/#primaryimage\",\"url\":\"https:\\\/\\\/1dronas.lt\\\/wp-content\\\/uploads\\\/2022\\\/04\\\/TinyhawkIIIBNF_1.jpg\",\"contentUrl\":\"https:\\\/\\\/1dronas.lt\\\/wp-content\\\/uploads\\\/2022\\\/04\\\/TinyhawkIIIBNF_1.jpg\",\"width\":1000,\"height\":1000},{\"@type\":\"BreadcrumbList\",\"@id\":\"https:\\\/\\\/1dronas.lt\\\/en\\\/produktas\\\/emax-tinyhawk-iii-2\\\/#breadcrumb\",\"itemListElement\":[{\"@type\":\"ListItem\",\"position\":1,\"name\":\"Home\",\"item\":\"https:\\\/\\\/1dronas.lt\\\/\"},{\"@type\":\"ListItem\",\"position\":2,\"name\":\"Parduotuv\u0117\",\"item\":\"https:\\\/\\\/1dronas.lt\\\/parduotuve\\\/\"},{\"@type\":\"ListItem\",\"position\":3,\"name\":\"Emax Tinyhawk III\"}]},{\"@type\":\"WebSite\",\"@id\":\"https:\\\/\\\/1dronas.lt\\\/en\\\/#website\",\"url\":\"https:\\\/\\\/1dronas.lt\\\/en\\\/\",\"name\":\"1dronas.lt\",\"description\":\"Internetin\u0117 parduotuv\u0117\",\"publisher\":{\"@id\":\"https:\\\/\\\/1dronas.lt\\\/en\\\/#organization\"},\"potentialAction\":[{\"@type\":\"SearchAction\",\"target\":{\"@type\":\"EntryPoint\",\"urlTemplate\":\"https:\\\/\\\/1dronas.lt\\\/en\\\/?s={search_term_string}\"},\"query-input\":{\"@type\":\"PropertyValueSpecification\",\"valueRequired\":true,\"valueName\":\"search_term_string\"}}],\"inLanguage\":\"en-US\"},{\"@type\":\"Organization\",\"@id\":\"https:\\\/\\\/1dronas.lt\\\/en\\\/#organization\",\"name\":\"1dronas.lt\",\"url\":\"https:\\\/\\\/1dronas.lt\\\/en\\\/\",\"logo\":{\"@type\":\"ImageObject\",\"inLanguage\":\"en-US\",\"@id\":\"https:\\\/\\\/1dronas.lt\\\/en\\\/#\\\/schema\\\/logo\\\/image\\\/\",\"url\":\"https:\\\/\\\/1dronas.lt\\\/wp-content\\\/uploads\\\/2020\\\/12\\\/Ekrano_kopija__2_-removebg-preview-1-1.png\",\"contentUrl\":\"https:\\\/\\\/1dronas.lt\\\/wp-content\\\/uploads\\\/2020\\\/12\\\/Ekrano_kopija__2_-removebg-preview-1-1.png\",\"width\":234,\"height\":81,\"caption\":\"1dronas.lt\"},\"image\":{\"@id\":\"https:\\\/\\\/1dronas.lt\\\/en\\\/#\\\/schema\\\/logo\\\/image\\\/\"},\"sameAs\":[\"https:\\\/\\\/www.facebook.com\\\/1dronas\\\/\"]}]}<\/script>\n<!-- \/ Yoast SEO plugin. -->","yoast_head_json":{"title":"Emax Tinyhawk III - 1dronas.lt","robots":{"index":"index","follow":"follow","max-snippet":"max-snippet:-1","max-image-preview":"max-image-preview:large","max-video-preview":"max-video-preview:-1"},"canonical":"https:\/\/1dronas.lt\/en\/produktas\/emax-tinyhawk-iii-2\/","og_locale":"en_US","og_type":"article","og_title":"Emax Tinyhawk III - 1dronas.lt","og_description":"Ypatingas d\u0117mesys skirtas vis\u0173 silpn\u0173j\u0173 r\u0117mo viet\u0173 sutvirtinimui, u\u017etikrinant maksimal\u0173 patikimum\u0105 varikliams ir elektronikai orlaivio viduje.  \u00a0 \u00a01 \u2013 4 d. d.","og_url":"https:\/\/1dronas.lt\/en\/produktas\/emax-tinyhawk-iii-2\/","og_site_name":"1dronas.lt","article_publisher":"https:\/\/www.facebook.com\/1dronas\/","article_modified_time":"2025-02-03T19:50:07+00:00","og_image":[{"width":1000,"height":1000,"url":"https:\/\/1dronas.lt\/wp-content\/uploads\/2022\/04\/TinyhawkIIIBNF_1.jpg","type":"image\/jpeg"}],"twitter_card":"summary_large_image","twitter_misc":{"Est. reading time":"2 minutes"},"schema":{"@context":"https:\/\/schema.org","@graph":[{"@type":"WebPage","@id":"https:\/\/1dronas.lt\/en\/produktas\/emax-tinyhawk-iii-2\/","url":"https:\/\/1dronas.lt\/en\/produktas\/emax-tinyhawk-iii-2\/","name":"Emax Tinyhawk III - 1dronas.lt","isPartOf":{"@id":"https:\/\/1dronas.lt\/en\/#website"},"primaryImageOfPage":{"@id":"https:\/\/1dronas.lt\/en\/produktas\/emax-tinyhawk-iii-2\/#primaryimage"},"image":{"@id":"https:\/\/1dronas.lt\/en\/produktas\/emax-tinyhawk-iii-2\/#primaryimage"},"thumbnailUrl":"https:\/\/1dronas.lt\/wp-content\/uploads\/2022\/04\/TinyhawkIIIBNF_1.jpg","datePublished":"2022-04-23T14:10:55+00:00","dateModified":"2025-02-03T19:50:07+00:00","breadcrumb":{"@id":"https:\/\/1dronas.lt\/en\/produktas\/emax-tinyhawk-iii-2\/#breadcrumb"},"inLanguage":"en-US","potentialAction":[{"@type":"ReadAction","target":["https:\/\/1dronas.lt\/en\/produktas\/emax-tinyhawk-iii-2\/"]}]},{"@type":"ImageObject","inLanguage":"en-US","@id":"https:\/\/1dronas.lt\/en\/produktas\/emax-tinyhawk-iii-2\/#primaryimage","url":"https:\/\/1dronas.lt\/wp-content\/uploads\/2022\/04\/TinyhawkIIIBNF_1.jpg","contentUrl":"https:\/\/1dronas.lt\/wp-content\/uploads\/2022\/04\/TinyhawkIIIBNF_1.jpg","width":1000,"height":1000},{"@type":"BreadcrumbList","@id":"https:\/\/1dronas.lt\/en\/produktas\/emax-tinyhawk-iii-2\/#breadcrumb","itemListElement":[{"@type":"ListItem","position":1,"name":"Home","item":"https:\/\/1dronas.lt\/"},{"@type":"ListItem","position":2,"name":"Parduotuv\u0117","item":"https:\/\/1dronas.lt\/parduotuve\/"},{"@type":"ListItem","position":3,"name":"Emax Tinyhawk III"}]},{"@type":"WebSite","@id":"https:\/\/1dronas.lt\/en\/#website","url":"https:\/\/1dronas.lt\/en\/","name":"1dronas.lt","description":"Online store","publisher":{"@id":"https:\/\/1dronas.lt\/en\/#organization"},"potentialAction":[{"@type":"SearchAction","target":{"@type":"EntryPoint","urlTemplate":"https:\/\/1dronas.lt\/en\/?s={search_term_string}"},"query-input":{"@type":"PropertyValueSpecification","valueRequired":true,"valueName":"search_term_string"}}],"inLanguage":"en-US"},{"@type":"Organization","@id":"https:\/\/1dronas.lt\/en\/#organization","name":"1dronas.lt","url":"https:\/\/1dronas.lt\/en\/","logo":{"@type":"ImageObject","inLanguage":"en-US","@id":"https:\/\/1dronas.lt\/en\/#\/schema\/logo\/image\/","url":"https:\/\/1dronas.lt\/wp-content\/uploads\/2020\/12\/Ekrano_kopija__2_-removebg-preview-1-1.png","contentUrl":"https:\/\/1dronas.lt\/wp-content\/uploads\/2020\/12\/Ekrano_kopija__2_-removebg-preview-1-1.png","width":234,"height":81,"caption":"1dronas.lt"},"image":{"@id":"https:\/\/1dronas.lt\/en\/#\/schema\/logo\/image\/"},"sameAs":["https:\/\/www.facebook.com\/1dronas\/"]}]}},"jetpack_sharing_enabled":true,"_links":{"self":[{"href":"https:\/\/1dronas.lt\/en\/wp-json\/wp\/v2\/product\/2962","targetHints":{"allow":["GET"]}}],"collection":[{"href":"https:\/\/1dronas.lt\/en\/wp-json\/wp\/v2\/product"}],"about":[{"href":"https:\/\/1dronas.lt\/en\/wp-json\/wp\/v2\/types\/product"}],"replies":[{"embeddable":true,"href":"https:\/\/1dronas.lt\/en\/wp-json\/wp\/v2\/comments?post=2962"}],"wp:featuredmedia":[{"embeddable":true,"href":"https:\/\/1dronas.lt\/en\/wp-json\/wp\/v2\/media\/2963"}],"wp:attachment":[{"href":"https:\/\/1dronas.lt\/en\/wp-json\/wp\/v2\/media?parent=2962"}],"wp:term":[{"taxonomy":"product_brand","embeddable":true,"href":"https:\/\/1dronas.lt\/en\/wp-json\/wp\/v2\/product_brand?post=2962"},{"taxonomy":"product_cat","embeddable":true,"href":"https:\/\/1dronas.lt\/en\/wp-json\/wp\/v2\/product_cat?post=2962"},{"taxonomy":"product_tag","embeddable":true,"href":"https:\/\/1dronas.lt\/en\/wp-json\/wp\/v2\/product_tag?post=2962"}],"curies":[{"name":"wp","href":"https:\/\/api.w.org\/{rel}","templated":true}]}}