{"id":2764,"date":"2021-12-12T09:37:36","date_gmt":"2021-12-12T09:37:36","guid":{"rendered":"https:\/\/1dronas.lt\/?post_type=product&#038;p=2764"},"modified":"2025-10-23T15:27:17","modified_gmt":"2025-10-23T12:27:17","slug":"betafpv-cetus-pro-brushless-quadcopter","status":"publish","type":"product","link":"https:\/\/1dronas.lt\/en\/produktas\/betafpv-cetus-pro-brushless-quadcopter\/","title":{"rendered":"BETAFPV Cetus Pro Brushless Quadcopter"},"content":{"rendered":"<p><strong>Features:<\/strong><\/p>\n<p><b>\u2022<\/b>\u00a0Cetus&quot; The aircraft has an excellent self-protection function. Which can perform an emergency landing when control is lost or when the battery runs out. It will also automatically shut down and fall to the ground when it collides heavily with an obstacle;<\/p>\n<p><img loading=\"lazy\" decoding=\"async\" class=\"alignnone size-full wp-image-2771\" src=\"https:\/\/1dronas.lt\/wp-content\/uploads\/2021\/12\/emergency_landing_function_intro_600x600.jpg\" alt=\"\" width=\"600\" height=\"338\" srcset=\"https:\/\/1dronas.lt\/wp-content\/uploads\/2021\/12\/emergency_landing_function_intro_600x600.jpg 600w, https:\/\/1dronas.lt\/wp-content\/uploads\/2021\/12\/emergency_landing_function_intro_600x600-300x169.jpg 300w, https:\/\/1dronas.lt\/wp-content\/uploads\/2021\/12\/emergency_landing_function_intro_600x600-18x10.jpg 18w, https:\/\/1dronas.lt\/wp-content\/uploads\/2021\/12\/emergency_landing_function_intro_600x600-510x287.jpg 510w\" sizes=\"auto, (max-width: 600px) 100vw, 600px\" \/><\/p>\n<p><b>\u2022 <\/b>If the aircraft falls to the ground and flips upside down, use the remote control to turn it over and continue flying. With this feature, you don&#039;t need to walk to manually correct the drone&#039;s position.<\/p>\n<p><img loading=\"lazy\" decoding=\"async\" class=\"alignnone size-full wp-image-2773\" src=\"https:\/\/1dronas.lt\/wp-content\/uploads\/2021\/12\/anti-turtle_mode_showcase_600x600.gif\" alt=\"\" width=\"600\" height=\"300\" \/><\/p>\n<p><b>\u2022\u00a0<\/b>The altitude hold function allows the Cetus quadcopter to automatically take off. The drone can stay at a set altitude, the barometer\/laser achieves precise and stable positioning, making the aircraft very stable when hovering indoors. Flying for beginners has never been so easy!<\/p>\n<p><img loading=\"lazy\" decoding=\"async\" class=\"alignnone size-full wp-image-2774\" src=\"https:\/\/1dronas.lt\/wp-content\/uploads\/2021\/12\/altitude_hold_showcase_8a517797-48ba-4ae1-93f9-cc4001c13ac6_600x600.gif\" alt=\"\" width=\"600\" height=\"300\" \/><\/p>\n<p><strong><b>\u2022\u00a0<\/b><\/strong>There are three modes available: N-NEUTRAL \/ S-SPORT \/ M-MANUAL, which can meet different pilots&#039; needs and adapt to various flight environments. No matter you are an experienced FPV pilot or a complete beginner, Cetus Pro FPV Kit makes everyone feel confident from day one. The 3 flight modes can be switched by one SB switch on the transmitter, simple and convenient. Meanwhile, all these 3 modes support 3 different speeds with SLOW \/ MID \/ FAST, pilots can switch it through one SC switch on the transmitter.<\/p>\n<p><img loading=\"lazy\" decoding=\"async\" class=\"alignnone size-full wp-image-2775\" src=\"https:\/\/1dronas.lt\/wp-content\/uploads\/2021\/12\/three_fly_modes_600x600_e17655e0-a293-4227-b2dc-c93f38fc9d8b_600x600.jpg\" alt=\"\" width=\"600\" height=\"338\" srcset=\"https:\/\/1dronas.lt\/wp-content\/uploads\/2021\/12\/three_fly_modes_600x600_e17655e0-a293-4227-b2dc-c93f38fc9d8b_600x600.jpg 600w, https:\/\/1dronas.lt\/wp-content\/uploads\/2021\/12\/three_fly_modes_600x600_e17655e0-a293-4227-b2dc-c93f38fc9d8b_600x600-300x169.jpg 300w, https:\/\/1dronas.lt\/wp-content\/uploads\/2021\/12\/three_fly_modes_600x600_e17655e0-a293-4227-b2dc-c93f38fc9d8b_600x600-18x10.jpg 18w, https:\/\/1dronas.lt\/wp-content\/uploads\/2021\/12\/three_fly_modes_600x600_e17655e0-a293-4227-b2dc-c93f38fc9d8b_600x600-510x287.jpg 510w\" sizes=\"auto, (max-width: 600px) 100vw, 600px\" \/><\/p>\n<p><strong>Specification:<\/strong><\/p>\n<p><strong><b>\u2022\u00a0<\/b><\/strong>Manufacturer: BETAFPV;<br \/>\n<strong><b>\u2022\u00a0<\/b><\/strong>Motors: 1102 18000KV brushless;<br \/>\n<strong><b>\u2022\u00a0<\/b><\/strong>Battery: BT2.0 450mah;<br \/>\n<strong><b>\u2022\u00a0<\/b><\/strong>Camera: C02 FPV Micro\/1200TVL\/FOV 160\u00b0\/VTX25mW;<br \/>\n<strong><b>\u2022\u00a0<\/b><\/strong>VTX: 25mW;<br \/>\n<strong><b>\u2022\u00a0<\/b><\/strong>FC: Lite 1-2S Pro brushless FC;<br \/>\n<strong><b>\u2022\u00a0<\/b><\/strong>Connection: BT2.0;<br \/>\n<strong><b>\u2022\u00a0<\/b><\/strong>Flight time: 4-5min.;<br \/>\n<strong><b>\u2022\u00a0<\/b><\/strong>Flight range: ~80m (in a wide and undisturbed environment);<br \/>\n<strong><b>\u2022\u00a0<\/b><\/strong>Transmitter: Frsky D8;<br \/>\n<strong><b>\u2022\u00a0<\/b><\/strong>Weight: 33.19g.<\/p>\n<p><img loading=\"lazy\" decoding=\"async\" class=\"alignnone size-full wp-image-2776\" src=\"https:\/\/1dronas.lt\/wp-content\/uploads\/2021\/12\/cetus_pro_camera_tilt_degree_600x600.jpg\" alt=\"\" width=\"600\" height=\"285\" srcset=\"https:\/\/1dronas.lt\/wp-content\/uploads\/2021\/12\/cetus_pro_camera_tilt_degree_600x600.jpg 600w, https:\/\/1dronas.lt\/wp-content\/uploads\/2021\/12\/cetus_pro_camera_tilt_degree_600x600-300x143.jpg 300w, https:\/\/1dronas.lt\/wp-content\/uploads\/2021\/12\/cetus_pro_camera_tilt_degree_600x600-18x9.jpg 18w, https:\/\/1dronas.lt\/wp-content\/uploads\/2021\/12\/cetus_pro_camera_tilt_degree_600x600-510x242.jpg 510w\" sizes=\"auto, (max-width: 600px) 100vw, 600px\" \/><\/p>\n<p><strong>Package:<\/strong><\/p>\n<p>1 x Cetus Pro Brushless drone;<br \/>\n2 x BT2.0 450mAh 1S Lipo Battery;<br \/>\n1 x BT2.0 Battery charger\/tester;<br \/>\n1 x Type-C adapter;<br \/>\n1 x Propeller removal tool;<br \/>\n4 x 40mm 3-blade propellers;<br \/>\n2 x User manuals.<\/p>\n<p><img loading=\"lazy\" decoding=\"async\" class=\"alignnone size-full wp-image-2777\" src=\"https:\/\/1dronas.lt\/wp-content\/uploads\/2021\/12\/cetus_pro_package_600x600.jpg\" alt=\"\" width=\"600\" height=\"494\" srcset=\"https:\/\/1dronas.lt\/wp-content\/uploads\/2021\/12\/cetus_pro_package_600x600.jpg 600w, https:\/\/1dronas.lt\/wp-content\/uploads\/2021\/12\/cetus_pro_package_600x600-300x247.jpg 300w, https:\/\/1dronas.lt\/wp-content\/uploads\/2021\/12\/cetus_pro_package_600x600-15x12.jpg 15w, https:\/\/1dronas.lt\/wp-content\/uploads\/2021\/12\/cetus_pro_package_600x600-510x420.jpg 510w\" sizes=\"auto, (max-width: 600px) 100vw, 600px\" \/><\/p>\n<p><strong><span style=\"color: #ed1c24;\">Important:<br \/>\n<em>* Do not overcharge or leave batteries discharged for long periods of time;<\/em><br \/>\n<em> * Do not store batteries near high temperatures;<\/em><br \/>\n<em>* Do not throw batteries into fire;<br \/>\n* Do not throw batteries into water.<\/em><\/span><\/strong><\/p>\n<div id=\"malwarebytes-root\"><\/div>","protected":false},"excerpt":{"rendered":"<p><span style=\"color: #333333;\">Very beginner-friendly and suitable for training, the turtle mode and three power modes help pilots more easily experience the pleasure of FPV racing!<\/span><\/p>\n<h4><span style=\"color: #333333;\"><strong><img loading=\"lazy\" decoding=\"async\" class=\"alignnone wp-image-1806\" src=\"https:\/\/1dronas.lt\/wp-content\/uploads\/2021\/05\/delivery-icon.png\" alt=\"\" width=\"24\" height=\"24\" srcset=\"https:\/\/1dronas.lt\/wp-content\/uploads\/2021\/05\/delivery-icon.png 35w, https:\/\/1dronas.lt\/wp-content\/uploads\/2021\/05\/delivery-icon-12x12.png 12w\" sizes=\"auto, (max-width: 24px) 100vw, 24px\" \/><span style=\"font-size: 90%;\">\u00a0 \u00a01 \u2013 4 days<\/span><\/strong><\/span><\/h4>","protected":false},"featured_media":2766,"comment_status":"open","ping_status":"closed","template":"","meta":[],"product_brand":[489],"product_cat":[112],"product_tag":[69,114,103],"class_list":{"0":"post-2764","1":"product","2":"type-product","3":"status-publish","4":"has-post-thumbnail","6":"product_brand-betafpv","7":"product_cat-whoop","8":"product_tag-betafpv","9":"product_tag-bnf","10":"product_tag-brushless","12":"first","13":"outofstock","14":"taxable","15":"shipping-taxable","16":"purchasable","17":"product-type-simple"},"yoast_head":"<!-- This site is optimized with the Yoast SEO plugin v27.4 - https:\/\/yoast.com\/product\/yoast-seo-wordpress\/ -->\n<title>BETAFPV Cetus Pro Brushless Quadcopter - 1dronas.lt<\/title>\n<meta name=\"robots\" content=\"index, follow, max-snippet:-1, max-image-preview:large, max-video-preview:-1\" \/>\n<link rel=\"canonical\" href=\"https:\/\/1dronas.lt\/en\/produktas\/betafpv-cetus-pro-brushless-quadcopter\/\" \/>\n<meta property=\"og:locale\" content=\"en_US\" \/>\n<meta property=\"og:type\" content=\"article\" \/>\n<meta property=\"og:title\" content=\"BETAFPV Cetus Pro Brushless Quadcopter - 1dronas.lt\" \/>\n<meta property=\"og:description\" content=\"Labai patogus pradedantiesiems ir tinkamas mokymams, v\u0117\u017elio re\u017eimas ir trys galios re\u017eimai padeda pilotams lengviau pajausti FPV lenktyni\u0173 malonum\u0105! \u00a0 \u00a01 \u2013 4 d. d.\" \/>\n<meta property=\"og:url\" content=\"https:\/\/1dronas.lt\/en\/produktas\/betafpv-cetus-pro-brushless-quadcopter\/\" \/>\n<meta property=\"og:site_name\" content=\"1dronas.lt\" \/>\n<meta property=\"article:publisher\" content=\"https:\/\/www.facebook.com\/1dronas\/\" \/>\n<meta property=\"article:modified_time\" content=\"2025-10-23T12:27:17+00:00\" \/>\n<meta property=\"og:image\" content=\"https:\/\/1dronas.lt\/wp-content\/uploads\/2021\/12\/cetus_pro_1_720x.jpg\" \/>\n\t<meta property=\"og:image:width\" content=\"720\" \/>\n\t<meta property=\"og:image:height\" content=\"720\" \/>\n\t<meta property=\"og:image:type\" content=\"image\/jpeg\" \/>\n<meta name=\"twitter:card\" content=\"summary_large_image\" \/>\n<meta name=\"twitter:label1\" content=\"Est. reading time\" \/>\n\t<meta name=\"twitter:data1\" content=\"4 minutes\" \/>\n<script type=\"application\/ld+json\" class=\"yoast-schema-graph\">{\"@context\":\"https:\\\/\\\/schema.org\",\"@graph\":[{\"@type\":\"WebPage\",\"@id\":\"https:\\\/\\\/1dronas.lt\\\/en\\\/produktas\\\/betafpv-cetus-pro-brushless-quadcopter\\\/\",\"url\":\"https:\\\/\\\/1dronas.lt\\\/en\\\/produktas\\\/betafpv-cetus-pro-brushless-quadcopter\\\/\",\"name\":\"BETAFPV Cetus Pro Brushless Quadcopter - 1dronas.lt\",\"isPartOf\":{\"@id\":\"https:\\\/\\\/1dronas.lt\\\/en\\\/#website\"},\"primaryImageOfPage\":{\"@id\":\"https:\\\/\\\/1dronas.lt\\\/en\\\/produktas\\\/betafpv-cetus-pro-brushless-quadcopter\\\/#primaryimage\"},\"image\":{\"@id\":\"https:\\\/\\\/1dronas.lt\\\/en\\\/produktas\\\/betafpv-cetus-pro-brushless-quadcopter\\\/#primaryimage\"},\"thumbnailUrl\":\"https:\\\/\\\/1dronas.lt\\\/wp-content\\\/uploads\\\/2021\\\/12\\\/cetus_pro_1_720x.jpg\",\"datePublished\":\"2021-12-12T09:37:36+00:00\",\"dateModified\":\"2025-10-23T12:27:17+00:00\",\"breadcrumb\":{\"@id\":\"https:\\\/\\\/1dronas.lt\\\/en\\\/produktas\\\/betafpv-cetus-pro-brushless-quadcopter\\\/#breadcrumb\"},\"inLanguage\":\"en-US\",\"potentialAction\":[{\"@type\":\"ReadAction\",\"target\":[\"https:\\\/\\\/1dronas.lt\\\/en\\\/produktas\\\/betafpv-cetus-pro-brushless-quadcopter\\\/\"]}]},{\"@type\":\"ImageObject\",\"inLanguage\":\"en-US\",\"@id\":\"https:\\\/\\\/1dronas.lt\\\/en\\\/produktas\\\/betafpv-cetus-pro-brushless-quadcopter\\\/#primaryimage\",\"url\":\"https:\\\/\\\/1dronas.lt\\\/wp-content\\\/uploads\\\/2021\\\/12\\\/cetus_pro_1_720x.jpg\",\"contentUrl\":\"https:\\\/\\\/1dronas.lt\\\/wp-content\\\/uploads\\\/2021\\\/12\\\/cetus_pro_1_720x.jpg\",\"width\":720,\"height\":720},{\"@type\":\"BreadcrumbList\",\"@id\":\"https:\\\/\\\/1dronas.lt\\\/en\\\/produktas\\\/betafpv-cetus-pro-brushless-quadcopter\\\/#breadcrumb\",\"itemListElement\":[{\"@type\":\"ListItem\",\"position\":1,\"name\":\"Home\",\"item\":\"https:\\\/\\\/1dronas.lt\\\/\"},{\"@type\":\"ListItem\",\"position\":2,\"name\":\"Parduotuv\u0117\",\"item\":\"https:\\\/\\\/1dronas.lt\\\/parduotuve\\\/\"},{\"@type\":\"ListItem\",\"position\":3,\"name\":\"BETAFPV Cetus Pro Brushless Quadcopter\"}]},{\"@type\":\"WebSite\",\"@id\":\"https:\\\/\\\/1dronas.lt\\\/en\\\/#website\",\"url\":\"https:\\\/\\\/1dronas.lt\\\/en\\\/\",\"name\":\"1dronas.lt\",\"description\":\"Internetin\u0117 parduotuv\u0117\",\"publisher\":{\"@id\":\"https:\\\/\\\/1dronas.lt\\\/en\\\/#organization\"},\"potentialAction\":[{\"@type\":\"SearchAction\",\"target\":{\"@type\":\"EntryPoint\",\"urlTemplate\":\"https:\\\/\\\/1dronas.lt\\\/en\\\/?s={search_term_string}\"},\"query-input\":{\"@type\":\"PropertyValueSpecification\",\"valueRequired\":true,\"valueName\":\"search_term_string\"}}],\"inLanguage\":\"en-US\"},{\"@type\":\"Organization\",\"@id\":\"https:\\\/\\\/1dronas.lt\\\/en\\\/#organization\",\"name\":\"1dronas.lt\",\"url\":\"https:\\\/\\\/1dronas.lt\\\/en\\\/\",\"logo\":{\"@type\":\"ImageObject\",\"inLanguage\":\"en-US\",\"@id\":\"https:\\\/\\\/1dronas.lt\\\/en\\\/#\\\/schema\\\/logo\\\/image\\\/\",\"url\":\"https:\\\/\\\/1dronas.lt\\\/wp-content\\\/uploads\\\/2020\\\/12\\\/Ekrano_kopija__2_-removebg-preview-1-1.png\",\"contentUrl\":\"https:\\\/\\\/1dronas.lt\\\/wp-content\\\/uploads\\\/2020\\\/12\\\/Ekrano_kopija__2_-removebg-preview-1-1.png\",\"width\":234,\"height\":81,\"caption\":\"1dronas.lt\"},\"image\":{\"@id\":\"https:\\\/\\\/1dronas.lt\\\/en\\\/#\\\/schema\\\/logo\\\/image\\\/\"},\"sameAs\":[\"https:\\\/\\\/www.facebook.com\\\/1dronas\\\/\"]}]}<\/script>\n<!-- \/ Yoast SEO plugin. -->","yoast_head_json":{"title":"BETAFPV Cetus Pro Brushless Quadcopter - 1dronas.lt","robots":{"index":"index","follow":"follow","max-snippet":"max-snippet:-1","max-image-preview":"max-image-preview:large","max-video-preview":"max-video-preview:-1"},"canonical":"https:\/\/1dronas.lt\/en\/produktas\/betafpv-cetus-pro-brushless-quadcopter\/","og_locale":"en_US","og_type":"article","og_title":"BETAFPV Cetus Pro Brushless Quadcopter - 1dronas.lt","og_description":"Labai patogus pradedantiesiems ir tinkamas mokymams, v\u0117\u017elio re\u017eimas ir trys galios re\u017eimai padeda pilotams lengviau pajausti FPV lenktyni\u0173 malonum\u0105! \u00a0 \u00a01 \u2013 4 d. d.","og_url":"https:\/\/1dronas.lt\/en\/produktas\/betafpv-cetus-pro-brushless-quadcopter\/","og_site_name":"1dronas.lt","article_publisher":"https:\/\/www.facebook.com\/1dronas\/","article_modified_time":"2025-10-23T12:27:17+00:00","og_image":[{"width":720,"height":720,"url":"https:\/\/1dronas.lt\/wp-content\/uploads\/2021\/12\/cetus_pro_1_720x.jpg","type":"image\/jpeg"}],"twitter_card":"summary_large_image","twitter_misc":{"Est. reading time":"4 minutes"},"schema":{"@context":"https:\/\/schema.org","@graph":[{"@type":"WebPage","@id":"https:\/\/1dronas.lt\/en\/produktas\/betafpv-cetus-pro-brushless-quadcopter\/","url":"https:\/\/1dronas.lt\/en\/produktas\/betafpv-cetus-pro-brushless-quadcopter\/","name":"BETAFPV Cetus Pro Brushless Quadcopter - 1dronas.lt","isPartOf":{"@id":"https:\/\/1dronas.lt\/en\/#website"},"primaryImageOfPage":{"@id":"https:\/\/1dronas.lt\/en\/produktas\/betafpv-cetus-pro-brushless-quadcopter\/#primaryimage"},"image":{"@id":"https:\/\/1dronas.lt\/en\/produktas\/betafpv-cetus-pro-brushless-quadcopter\/#primaryimage"},"thumbnailUrl":"https:\/\/1dronas.lt\/wp-content\/uploads\/2021\/12\/cetus_pro_1_720x.jpg","datePublished":"2021-12-12T09:37:36+00:00","dateModified":"2025-10-23T12:27:17+00:00","breadcrumb":{"@id":"https:\/\/1dronas.lt\/en\/produktas\/betafpv-cetus-pro-brushless-quadcopter\/#breadcrumb"},"inLanguage":"en-US","potentialAction":[{"@type":"ReadAction","target":["https:\/\/1dronas.lt\/en\/produktas\/betafpv-cetus-pro-brushless-quadcopter\/"]}]},{"@type":"ImageObject","inLanguage":"en-US","@id":"https:\/\/1dronas.lt\/en\/produktas\/betafpv-cetus-pro-brushless-quadcopter\/#primaryimage","url":"https:\/\/1dronas.lt\/wp-content\/uploads\/2021\/12\/cetus_pro_1_720x.jpg","contentUrl":"https:\/\/1dronas.lt\/wp-content\/uploads\/2021\/12\/cetus_pro_1_720x.jpg","width":720,"height":720},{"@type":"BreadcrumbList","@id":"https:\/\/1dronas.lt\/en\/produktas\/betafpv-cetus-pro-brushless-quadcopter\/#breadcrumb","itemListElement":[{"@type":"ListItem","position":1,"name":"Home","item":"https:\/\/1dronas.lt\/"},{"@type":"ListItem","position":2,"name":"Parduotuv\u0117","item":"https:\/\/1dronas.lt\/parduotuve\/"},{"@type":"ListItem","position":3,"name":"BETAFPV Cetus Pro Brushless Quadcopter"}]},{"@type":"WebSite","@id":"https:\/\/1dronas.lt\/en\/#website","url":"https:\/\/1dronas.lt\/en\/","name":"1dronas.lt","description":"Online store","publisher":{"@id":"https:\/\/1dronas.lt\/en\/#organization"},"potentialAction":[{"@type":"SearchAction","target":{"@type":"EntryPoint","urlTemplate":"https:\/\/1dronas.lt\/en\/?s={search_term_string}"},"query-input":{"@type":"PropertyValueSpecification","valueRequired":true,"valueName":"search_term_string"}}],"inLanguage":"en-US"},{"@type":"Organization","@id":"https:\/\/1dronas.lt\/en\/#organization","name":"1dronas.lt","url":"https:\/\/1dronas.lt\/en\/","logo":{"@type":"ImageObject","inLanguage":"en-US","@id":"https:\/\/1dronas.lt\/en\/#\/schema\/logo\/image\/","url":"https:\/\/1dronas.lt\/wp-content\/uploads\/2020\/12\/Ekrano_kopija__2_-removebg-preview-1-1.png","contentUrl":"https:\/\/1dronas.lt\/wp-content\/uploads\/2020\/12\/Ekrano_kopija__2_-removebg-preview-1-1.png","width":234,"height":81,"caption":"1dronas.lt"},"image":{"@id":"https:\/\/1dronas.lt\/en\/#\/schema\/logo\/image\/"},"sameAs":["https:\/\/www.facebook.com\/1dronas\/"]}]}},"jetpack_sharing_enabled":true,"_links":{"self":[{"href":"https:\/\/1dronas.lt\/en\/wp-json\/wp\/v2\/product\/2764","targetHints":{"allow":["GET"]}}],"collection":[{"href":"https:\/\/1dronas.lt\/en\/wp-json\/wp\/v2\/product"}],"about":[{"href":"https:\/\/1dronas.lt\/en\/wp-json\/wp\/v2\/types\/product"}],"replies":[{"embeddable":true,"href":"https:\/\/1dronas.lt\/en\/wp-json\/wp\/v2\/comments?post=2764"}],"wp:featuredmedia":[{"embeddable":true,"href":"https:\/\/1dronas.lt\/en\/wp-json\/wp\/v2\/media\/2766"}],"wp:attachment":[{"href":"https:\/\/1dronas.lt\/en\/wp-json\/wp\/v2\/media?parent=2764"}],"wp:term":[{"taxonomy":"product_brand","embeddable":true,"href":"https:\/\/1dronas.lt\/en\/wp-json\/wp\/v2\/product_brand?post=2764"},{"taxonomy":"product_cat","embeddable":true,"href":"https:\/\/1dronas.lt\/en\/wp-json\/wp\/v2\/product_cat?post=2764"},{"taxonomy":"product_tag","embeddable":true,"href":"https:\/\/1dronas.lt\/en\/wp-json\/wp\/v2\/product_tag?post=2764"}],"curies":[{"name":"wp","href":"https:\/\/api.w.org\/{rel}","templated":true}]}}