{"id":2721,"date":"2021-12-28T10:40:44","date_gmt":"2021-12-28T10:40:44","guid":{"rendered":"https:\/\/1dronas.lt\/?post_type=product&#038;p=2721"},"modified":"2025-02-03T19:51:13","modified_gmt":"2025-02-03T19:51:13","slug":"nazgul-evoque-f5-6s-dji-camera-vista-hd-system","status":"publish","type":"product","link":"https:\/\/1dronas.lt\/en\/produktas\/nazgul-evoque-f5-6s-dji-camera-vista-hd-system\/","title":{"rendered":"iFlight Nazgul Evoque F5X 6S DJI Camera Vista HD System"},"content":{"rendered":"<p><img loading=\"lazy\" decoding=\"async\" src=\"https:\/\/1dronas.lt\/wp-content\/uploads\/2021\/12\/Nazgul-F5D-evoque-1000x1000-1.jpg\" alt=\"\" width=\"1000\" height=\"1000\" \/><strong><br \/>\nGoPro camera, mounts and battery not included.<\/strong><\/p>\n<p><strong>What&#039;s new:<\/strong><\/p>\n<p>\u2022 FC board;<strong><br \/>\n<\/strong><strong>\u2022 <\/strong>ESC board;<strong><br \/>\n\u2022 <\/strong>Camera system;<strong><br \/>\n\u2022 <\/strong>Motors.\u00a0<strong><br \/>\n<\/strong><\/p>\n<p><strong>Specification:<\/strong><\/p>\n<p><strong>\u2022 <\/strong>Engines:<br \/>\nManufacturer: iFlight;<br \/>\nModel: XING2 2207 motors;<br \/>\nInput voltage: 4-6S;<br \/>\nKV: 18000KV;<br \/>\nDimensions: \u03c629 x 19.25mm;<br \/>\nWeight: 34g;<br \/>\nConfiguration: 12N14P.<\/p>\n<p><strong style=\"font-weight: 400;\"><b>\u2022 <\/b><\/strong>ESC:<br \/>\nManufacturer: iFlight;<br \/>\nMCU: G071;<br \/>\nModel: BLITZ Mini 2-6S E55 4-IN-1 BLHeli32 ESC;<br \/>\nInput: 2-6s Lipo;<br \/>\nMounting arrangement: 20 x 20mm;<br \/>\nSupports: DShot150\/300\/600\/MultiShot\/OneShot etc;<br \/>\nTarget: IFLIGHT_BLITZ_G1;<br \/>\nSize: 35 x 42mm;<br \/>\nWeight: ~11.3g;<br \/>\nConstant: 55 Amps;<br \/>\nBurst: 60Amps.<br \/>\n\t<div id=\"accordion-1218000357\" class=\"accordion-item\">\n\t\t<a id=\"accordion-1218000357-label\" class=\"accordion-title plain\" href=\"#accordion-item-elektros-schema\" aria-expanded=\"false\" aria-controls=\"accordion-1218000357-content\">\n\t\t\t<button class=\"toggle\" aria-label=\"Toggle\"><i class=\"icon-angle-down\" aria-hidden=\"true\"><\/i><\/button>\n\t\t\t<span>Electrical diagram<\/span>\n\t\t<\/a>\n\t\t<div id=\"accordion-1218000357-content\" class=\"accordion-inner\" aria-labelledby=\"accordion-1218000357-label\">\n\t\t\t\n<img loading=\"lazy\" decoding=\"async\" class=\"alignnone wp-image-2722 size-full\" src=\"https:\/\/1dronas.lt\/wp-content\/uploads\/2021\/12\/BLITZ-E55-Mini.png\" alt=\"\" width=\"2275\" height=\"3142\" \/><br \/>\n\t\t<\/div>\n\t<\/div>\n\t\n<p><strong style=\"font-weight: 400;\"><b>\u2022 <\/b><\/strong>VTX:<br \/>\nManufacturer: iFlight;<br \/>\nModel: 5.8GHz SucceX Mini Micro 600mW VTX;<br \/>\nFrequency: 5.8GHz;<br \/>\nPower: PIT\/25\/200\/400mW\/600mW;<br \/>\nProtocol: IRC Tramp;<br \/>\nChannels: 40;<br \/>\nSize: 29mm x 29mm;<br \/>\nWeight: ~4g.<\/p>\n<p>\u2022 RX:<br \/>\nTBS Crossfire Nano rx.<br \/>\n<strong><br \/>\n\u2022 <\/strong>Camera:<br \/>\nDJI Camera Vista.<\/p>\n<p><strong style=\"font-weight: 400;\"><b>\u2022 <\/b><\/strong>FC:<br \/>\nManufacturer: iFlight;<br \/>\nModel: BLITZ Mini F7;<br \/>\nMCU: STM32 F722;<br \/>\nGyro: MPU6000;<br \/>\nOSD Chip: AT7456;<br \/>\nBlack box: 16MB;<br \/>\nSupports: Smartaudio &amp; IRCTramp;<br \/>\nMounting arrangement: 20 x 20mm\/\u03c64;<br \/>\nSize: 30.5 x 27mm;<br \/>\n5X Uarts\uff081 2 3 4 6 );<br \/>\nUART1 VTX HD\/Analog;<br \/>\nUART2 Receiver;<br \/>\nUART3, UART4 for GPS or other sensors that require a serial port;<br \/>\nUART6, ESC Telemetry;<br \/>\nWeight: ~5g.<br \/>\n\t<div id=\"accordion-199580695\" class=\"accordion-item\">\n\t\t<a id=\"accordion-199580695-label\" class=\"accordion-title plain\" href=\"#accordion-item-elektros-schema\" aria-expanded=\"false\" aria-controls=\"accordion-199580695-content\">\n\t\t\t<button class=\"toggle\" aria-label=\"Toggle\"><i class=\"icon-angle-down\" aria-hidden=\"true\"><\/i><\/button>\n\t\t\t<span>Electrical diagram<\/span>\n\t\t<\/a>\n\t\t<div id=\"accordion-199580695-content\" class=\"accordion-inner\" aria-labelledby=\"accordion-199580695-label\">\n\t\t\t\n<img loading=\"lazy\" decoding=\"async\" class=\"alignnone wp-image-2724 size-full\" src=\"https:\/\/1dronas.lt\/wp-content\/uploads\/2021\/12\/1.png\" alt=\"\" width=\"2466\" height=\"1369\" srcset=\"https:\/\/1dronas.lt\/wp-content\/uploads\/2021\/12\/1.png 2466w, https:\/\/1dronas.lt\/wp-content\/uploads\/2021\/12\/1-300x167.png 300w, https:\/\/1dronas.lt\/wp-content\/uploads\/2021\/12\/1-1024x568.png 1024w, https:\/\/1dronas.lt\/wp-content\/uploads\/2021\/12\/1-768x426.png 768w, https:\/\/1dronas.lt\/wp-content\/uploads\/2021\/12\/1-1536x853.png 1536w, https:\/\/1dronas.lt\/wp-content\/uploads\/2021\/12\/1-2048x1137.png 2048w, https:\/\/1dronas.lt\/wp-content\/uploads\/2021\/12\/1-18x10.png 18w, https:\/\/1dronas.lt\/wp-content\/uploads\/2021\/12\/1-510x283.png 510w\" sizes=\"auto, (max-width: 2466px) 100vw, 2466px\" \/> <img loading=\"lazy\" decoding=\"async\" class=\"alignnone wp-image-2725 size-full\" src=\"https:\/\/1dronas.lt\/wp-content\/uploads\/2021\/12\/2-e1639160361879.png\" alt=\"\" width=\"2481\" height=\"2046\" srcset=\"https:\/\/1dronas.lt\/wp-content\/uploads\/2021\/12\/2-e1639160361879.png 2481w, https:\/\/1dronas.lt\/wp-content\/uploads\/2021\/12\/2-e1639160361879-300x247.png 300w, https:\/\/1dronas.lt\/wp-content\/uploads\/2021\/12\/2-e1639160361879-1024x844.png 1024w, https:\/\/1dronas.lt\/wp-content\/uploads\/2021\/12\/2-e1639160361879-768x633.png 768w, https:\/\/1dronas.lt\/wp-content\/uploads\/2021\/12\/2-e1639160361879-1536x1267.png 1536w, https:\/\/1dronas.lt\/wp-content\/uploads\/2021\/12\/2-e1639160361879-2048x1689.png 2048w, https:\/\/1dronas.lt\/wp-content\/uploads\/2021\/12\/2-e1639160361879-15x12.png 15w, https:\/\/1dronas.lt\/wp-content\/uploads\/2021\/12\/2-e1639160361879-510x421.png 510w\" sizes=\"auto, (max-width: 2481px) 100vw, 2481px\" \/> <img loading=\"lazy\" decoding=\"async\" class=\"alignnone wp-image-2726 size-full\" src=\"https:\/\/1dronas.lt\/wp-content\/uploads\/2021\/12\/3.png\" alt=\"\" width=\"2471\" height=\"1672\" srcset=\"https:\/\/1dronas.lt\/wp-content\/uploads\/2021\/12\/3.png 2471w, https:\/\/1dronas.lt\/wp-content\/uploads\/2021\/12\/3-300x203.png 300w, https:\/\/1dronas.lt\/wp-content\/uploads\/2021\/12\/3-1024x693.png 1024w, https:\/\/1dronas.lt\/wp-content\/uploads\/2021\/12\/3-768x520.png 768w, https:\/\/1dronas.lt\/wp-content\/uploads\/2021\/12\/3-1536x1039.png 1536w, https:\/\/1dronas.lt\/wp-content\/uploads\/2021\/12\/3-2048x1386.png 2048w, https:\/\/1dronas.lt\/wp-content\/uploads\/2021\/12\/3-18x12.png 18w, https:\/\/1dronas.lt\/wp-content\/uploads\/2021\/12\/3-510x345.png 510w\" sizes=\"auto, (max-width: 2471px) 100vw, 2471px\" \/> <img loading=\"lazy\" decoding=\"async\" class=\"alignnone wp-image-2727 size-full\" src=\"https:\/\/1dronas.lt\/wp-content\/uploads\/2021\/12\/4.png\" alt=\"\" width=\"2480\" height=\"2614\" \/><br \/>\n\t\t<\/div>\n\t<\/div>\n\t\n<p><strong style=\"font-weight: 400;\"><b>\u2022 <\/b><\/strong>Propellers:<br \/>\nNazgul F5;<br \/>\nMaterial: PC;<br \/>\nBlades: 3;<br \/>\nPropeller mounting hole: 5mm;<br \/>\nWeight: ~3.9g.<br \/>\n\t<div id=\"accordion-3733853370\" class=\"accordion-item\">\n\t\t<a id=\"accordion-3733853370-label\" class=\"accordion-title plain\" href=\"#accordion-item-i\u0161matavimai\" aria-expanded=\"false\" aria-controls=\"accordion-3733853370-content\">\n\t\t\t<button class=\"toggle\" aria-label=\"Toggle\"><i class=\"icon-angle-down\" aria-hidden=\"true\"><\/i><\/button>\n\t\t\t<span>Measurements<\/span>\n\t\t<\/a>\n\t\t<div id=\"accordion-3733853370-content\" class=\"accordion-inner\" aria-labelledby=\"accordion-3733853370-label\">\n\t\t\t\n<img loading=\"lazy\" decoding=\"async\" class=\"alignnone wp-image-2456 size-full\" src=\"https:\/\/1dronas.lt\/wp-content\/uploads\/2021\/09\/F5.jpg\" alt=\"\" width=\"1000\" height=\"1000\" srcset=\"https:\/\/1dronas.lt\/wp-content\/uploads\/2021\/09\/F5.jpg 1000w, https:\/\/1dronas.lt\/wp-content\/uploads\/2021\/09\/F5-300x300.jpg 300w, https:\/\/1dronas.lt\/wp-content\/uploads\/2021\/09\/F5-150x150.jpg 150w, https:\/\/1dronas.lt\/wp-content\/uploads\/2021\/09\/F5-768x768.jpg 768w, https:\/\/1dronas.lt\/wp-content\/uploads\/2021\/09\/F5-12x12.jpg 12w, https:\/\/1dronas.lt\/wp-content\/uploads\/2021\/09\/F5-247x247.jpg 247w, https:\/\/1dronas.lt\/wp-content\/uploads\/2021\/09\/F5-510x510.jpg 510w, https:\/\/1dronas.lt\/wp-content\/uploads\/2021\/09\/F5-100x100.jpg 100w\" sizes=\"auto, (max-width: 1000px) 100vw, 1000px\" \/><br \/>\n\t\t<\/div>\n\t<\/div>\n\t\n<p><strong>Package:<\/strong><\/p>\n<p>1x Nazgul Evoque F5(Squashed X);<br \/>\n2x sets of battery pads;<br \/>\n<span style=\"color: #666666;\">4x Nazgul F5 propellers;<br \/>\n2x battery fastening straps;<br \/>\n1x set of screws;<\/span><\/p>\n<p><span style=\"color: #ed1c24;\">Battery is not included. <\/span><\/p>\n<p><strong>We recommend:<\/strong><\/p>\n<div class=\"woocommerce columns-4\"><div class=\"products row row-small large-columns-4 medium-columns-3 small-columns-2 has-shadow row-box-shadow-3 row-box-shadow-4-hover has-equal-box-heights equalize-box\">\n<div class=\"product-small col has-hover product type-product post-2304 status-publish first instock product_cat-5-coliu-propeleriai-127-152-mm product_tag-5-coliu product_tag-5-inch product_tag-iflight product_tag-propeleriai has-post-thumbnail taxable shipping-taxable purchasable product-type-variable has-default-attributes woovr-active woovr-show-price woovr-show-availability\">\n\t<div class=\"col-inner\">\n\t\n<div class=\"badge-container absolute left top z-1\">\n\n<\/div>\n\t<div class=\"product-small box\">\n\t\t<div class=\"box-image\">\n\t\t\t<div class=\"image-zoom\">\n\t\t\t\t<a href=\"https:\/\/1dronas.lt\/en\/produktas\/nazgul-f5-3-asmenu-propeleriai-5mm\/\">\n\t\t\t\t\t<img loading=\"lazy\" decoding=\"async\" width=\"247\" height=\"247\" src=\"https:\/\/1dronas.lt\/wp-content\/uploads\/2021\/09\/Nazgul-F5-1000x1000-1-247x247.jpg\" class=\"attachment-woocommerce_thumbnail size-woocommerce_thumbnail\" alt=\"Nazgul F5 3-a\u0161men\u0173 propeleriai 5mm\" srcset=\"https:\/\/1dronas.lt\/wp-content\/uploads\/2021\/09\/Nazgul-F5-1000x1000-1-247x247.jpg 247w, https:\/\/1dronas.lt\/wp-content\/uploads\/2021\/09\/Nazgul-F5-1000x1000-1-300x300.jpg 300w, https:\/\/1dronas.lt\/wp-content\/uploads\/2021\/09\/Nazgul-F5-1000x1000-1-150x150.jpg 150w, https:\/\/1dronas.lt\/wp-content\/uploads\/2021\/09\/Nazgul-F5-1000x1000-1-768x768.jpg 768w, https:\/\/1dronas.lt\/wp-content\/uploads\/2021\/09\/Nazgul-F5-1000x1000-1-12x12.jpg 12w, https:\/\/1dronas.lt\/wp-content\/uploads\/2021\/09\/Nazgul-F5-1000x1000-1-510x510.jpg 510w, https:\/\/1dronas.lt\/wp-content\/uploads\/2021\/09\/Nazgul-F5-1000x1000-1-100x100.jpg 100w, https:\/\/1dronas.lt\/wp-content\/uploads\/2021\/09\/Nazgul-F5-1000x1000-1.jpg 1000w\" sizes=\"auto, (max-width: 247px) 100vw, 247px\" \/>\t\t\t\t<\/a>\n\t\t\t<\/div>\n\t\t\t<div class=\"image-tools is-small top right show-on-hover\">\n\t\t\t\t\t\t\t<\/div>\n\t\t\t<div class=\"image-tools is-small hide-for-small bottom left show-on-hover\">\n\t\t\t\t\t\t\t<\/div>\n\t\t\t<div class=\"image-tools grid-tools text-center hide-for-small bottom hover-slide-in show-on-hover\">\n\t\t\t\t<a href=\"#quick-view\" class=\"quick-view\" role=\"button\" data-prod=\"2304\" aria-haspopup=\"dialog\" aria-expanded=\"false\" data-flatsome-role-button>Quick View<\/a>\t\t\t<\/div>\n\t\t\t\t\t<\/div>\n\n\t\t<div class=\"box-text box-text-products text-center grid-style-2\">\n\t\t\t<div class=\"title-wrapper\">\t\t<p class=\"category uppercase is-smaller no-text-overflow product-cat op-8\">\n\t\t\t5 inch propellers (127-152 mm)\t\t<\/p>\n\t<p class=\"name product-title woocommerce-loop-product__title\"><a href=\"https:\/\/1dronas.lt\/en\/produktas\/nazgul-f5-3-asmenu-propeleriai-5mm\/\" class=\"woocommerce-LoopProduct-link woocommerce-loop-product__link\">Nazgul F5 3-blade propellers 5mm<\/a><\/p><\/div><div class=\"price-wrapper\">\n\t<span class=\"price\"><span class=\"woocommerce-Price-amount amount\"><bdi><span class=\"woocommerce-Price-currencySymbol\">\u20ac<\/span>3,29<\/bdi><\/span><\/span>\n<\/div><div class=\"add-to-cart-button\"><a href=\"https:\/\/1dronas.lt\/en\/produktas\/nazgul-f5-3-asmenu-propeleriai-5mm\/\" aria-describedby=\"woocommerce_loop_add_to_cart_link_describedby_2304\" data-quantity=\"1\" class=\"primary is-small mb-0 button product_type_variable add_to_cart_button is-flat\" data-product_id=\"2304\" data-product_sku=\"\" aria-label=\"Select options for \u201cNazgul F5 3-a\u0161men\u0173 propeleriai 5mm\u201d\" rel=\"nofollow\" data-no-translation=\"\" data-trp-gettext=\"\" data-no-translation-aria-label=\"\">Select options<\/a><\/div>\t<span id=\"woocommerce_loop_add_to_cart_link_describedby_2304\" class=\"screen-reader-text\">\n\t\tThis product has multiple variants. The options may be chosen on the product page\t<\/span>\n\t\t<\/div>\n\t<\/div>\n\t\t<\/div>\n<\/div><\/div><!-- row -->\n<\/div>\n<p><span style=\"color: #ed1c24;\">\u00a0<\/span><\/p>","protected":false},"excerpt":{"rendered":"<p style=\"text-align: left;\"><span style=\"color: #333333;\">Pre-tuned and configured. All you need to do is pair the aircraft and fly!<\/span><\/p>\n<p><span style=\"color: #333333;\"><strong><img loading=\"lazy\" decoding=\"async\" class=\"alignnone wp-image-1806\" src=\"https:\/\/1dronas.lt\/wp-content\/uploads\/2021\/05\/delivery-icon.png\" alt=\"\" width=\"24\" height=\"24\" srcset=\"https:\/\/1dronas.lt\/wp-content\/uploads\/2021\/05\/delivery-icon.png 35w, https:\/\/1dronas.lt\/wp-content\/uploads\/2021\/05\/delivery-icon-12x12.png 12w\" sizes=\"auto, (max-width: 24px) 100vw, 24px\" \/><\/strong>\u00a0<strong>1 \u2013 4 days<\/strong><\/span><\/p>","protected":false},"featured_media":2733,"comment_status":"open","ping_status":"closed","template":"","meta":[],"product_brand":[496],"product_cat":[105,106,104],"product_tag":[165,174,92,91],"class_list":{"0":"post-2721","1":"product","2":"type-product","3":"status-publish","4":"has-post-thumbnail","6":"product_brand-iflight","7":"product_cat-fpv-bnf-dronai","8":"product_cat-freestyle","9":"product_cat-orlaiviai","10":"product_tag-evoque","11":"product_tag-f5","12":"product_tag-freestyle","13":"product_tag-iflight","15":"first","16":"outofstock","17":"sale","18":"taxable","19":"shipping-taxable","20":"purchasable","21":"product-type-simple"},"yoast_head":"<!-- This site is optimized with the Yoast SEO plugin v27.5 - https:\/\/yoast.com\/product\/yoast-seo-wordpress\/ -->\n<title>iFlight Nazgul Evoque F5X 6S DJI Camera Vista HD System - 1dronas.lt<\/title>\n<meta name=\"robots\" content=\"index, follow, max-snippet:-1, max-image-preview:large, max-video-preview:-1\" \/>\n<link rel=\"canonical\" href=\"https:\/\/1dronas.lt\/en\/produktas\/nazgul-evoque-f5-6s-dji-camera-vista-hd-system\/\" \/>\n<meta property=\"og:locale\" content=\"en_US\" \/>\n<meta property=\"og:type\" content=\"article\" \/>\n<meta property=\"og:title\" content=\"iFlight Nazgul Evoque F5X 6S DJI Camera Vista HD System - 1dronas.lt\" \/>\n<meta property=\"og:description\" content=\"I\u0161 anksto sureguliuota ir sukonfig\u016bruota. Viskas k\u0105 Jums reikia atlikti \u2013 susieti orlaiv\u012f ir skristi! \u00a01 \u2013 4 d. d.\" \/>\n<meta property=\"og:url\" content=\"https:\/\/1dronas.lt\/en\/produktas\/nazgul-evoque-f5-6s-dji-camera-vista-hd-system\/\" \/>\n<meta property=\"og:site_name\" content=\"1dronas.lt\" \/>\n<meta property=\"article:publisher\" content=\"https:\/\/www.facebook.com\/1dronas\/\" \/>\n<meta property=\"article:modified_time\" content=\"2025-02-03T19:51:13+00:00\" \/>\n<meta property=\"og:image\" content=\"https:\/\/1dronas.lt\/wp-content\/uploads\/2021\/12\/Nazgul-Evoque-F5X-HD-1000x1000-1.jpg\" \/>\n\t<meta property=\"og:image:width\" content=\"1000\" \/>\n\t<meta property=\"og:image:height\" content=\"1000\" \/>\n\t<meta property=\"og:image:type\" content=\"image\/jpeg\" \/>\n<meta name=\"twitter:card\" content=\"summary_large_image\" \/>\n<meta name=\"twitter:label1\" content=\"Est. reading time\" \/>\n\t<meta name=\"twitter:data1\" content=\"3 minutes\" \/>\n<script type=\"application\/ld+json\" class=\"yoast-schema-graph\">{\"@context\":\"https:\\\/\\\/schema.org\",\"@graph\":[{\"@type\":\"WebPage\",\"@id\":\"https:\\\/\\\/1dronas.lt\\\/en\\\/produktas\\\/nazgul-evoque-f5-6s-dji-camera-vista-hd-system\\\/\",\"url\":\"https:\\\/\\\/1dronas.lt\\\/en\\\/produktas\\\/nazgul-evoque-f5-6s-dji-camera-vista-hd-system\\\/\",\"name\":\"iFlight Nazgul Evoque F5X 6S DJI Camera Vista HD System - 1dronas.lt\",\"isPartOf\":{\"@id\":\"https:\\\/\\\/1dronas.lt\\\/en\\\/#website\"},\"primaryImageOfPage\":{\"@id\":\"https:\\\/\\\/1dronas.lt\\\/en\\\/produktas\\\/nazgul-evoque-f5-6s-dji-camera-vista-hd-system\\\/#primaryimage\"},\"image\":{\"@id\":\"https:\\\/\\\/1dronas.lt\\\/en\\\/produktas\\\/nazgul-evoque-f5-6s-dji-camera-vista-hd-system\\\/#primaryimage\"},\"thumbnailUrl\":\"https:\\\/\\\/1dronas.lt\\\/wp-content\\\/uploads\\\/2021\\\/12\\\/Nazgul-Evoque-F5X-HD-1000x1000-1.jpg\",\"datePublished\":\"2021-12-28T10:40:44+00:00\",\"dateModified\":\"2025-02-03T19:51:13+00:00\",\"breadcrumb\":{\"@id\":\"https:\\\/\\\/1dronas.lt\\\/en\\\/produktas\\\/nazgul-evoque-f5-6s-dji-camera-vista-hd-system\\\/#breadcrumb\"},\"inLanguage\":\"en-US\",\"potentialAction\":[{\"@type\":\"ReadAction\",\"target\":[\"https:\\\/\\\/1dronas.lt\\\/en\\\/produktas\\\/nazgul-evoque-f5-6s-dji-camera-vista-hd-system\\\/\"]}]},{\"@type\":\"ImageObject\",\"inLanguage\":\"en-US\",\"@id\":\"https:\\\/\\\/1dronas.lt\\\/en\\\/produktas\\\/nazgul-evoque-f5-6s-dji-camera-vista-hd-system\\\/#primaryimage\",\"url\":\"https:\\\/\\\/1dronas.lt\\\/wp-content\\\/uploads\\\/2021\\\/12\\\/Nazgul-Evoque-F5X-HD-1000x1000-1.jpg\",\"contentUrl\":\"https:\\\/\\\/1dronas.lt\\\/wp-content\\\/uploads\\\/2021\\\/12\\\/Nazgul-Evoque-F5X-HD-1000x1000-1.jpg\",\"width\":1000,\"height\":1000},{\"@type\":\"BreadcrumbList\",\"@id\":\"https:\\\/\\\/1dronas.lt\\\/en\\\/produktas\\\/nazgul-evoque-f5-6s-dji-camera-vista-hd-system\\\/#breadcrumb\",\"itemListElement\":[{\"@type\":\"ListItem\",\"position\":1,\"name\":\"Home\",\"item\":\"https:\\\/\\\/1dronas.lt\\\/\"},{\"@type\":\"ListItem\",\"position\":2,\"name\":\"Parduotuv\u0117\",\"item\":\"https:\\\/\\\/1dronas.lt\\\/parduotuve\\\/\"},{\"@type\":\"ListItem\",\"position\":3,\"name\":\"iFlight Nazgul Evoque F5X 6S DJI Camera Vista HD System\"}]},{\"@type\":\"WebSite\",\"@id\":\"https:\\\/\\\/1dronas.lt\\\/en\\\/#website\",\"url\":\"https:\\\/\\\/1dronas.lt\\\/en\\\/\",\"name\":\"1dronas.lt\",\"description\":\"Internetin\u0117 parduotuv\u0117\",\"publisher\":{\"@id\":\"https:\\\/\\\/1dronas.lt\\\/en\\\/#organization\"},\"potentialAction\":[{\"@type\":\"SearchAction\",\"target\":{\"@type\":\"EntryPoint\",\"urlTemplate\":\"https:\\\/\\\/1dronas.lt\\\/en\\\/?s={search_term_string}\"},\"query-input\":{\"@type\":\"PropertyValueSpecification\",\"valueRequired\":true,\"valueName\":\"search_term_string\"}}],\"inLanguage\":\"en-US\"},{\"@type\":\"Organization\",\"@id\":\"https:\\\/\\\/1dronas.lt\\\/en\\\/#organization\",\"name\":\"1dronas.lt\",\"url\":\"https:\\\/\\\/1dronas.lt\\\/en\\\/\",\"logo\":{\"@type\":\"ImageObject\",\"inLanguage\":\"en-US\",\"@id\":\"https:\\\/\\\/1dronas.lt\\\/en\\\/#\\\/schema\\\/logo\\\/image\\\/\",\"url\":\"https:\\\/\\\/1dronas.lt\\\/wp-content\\\/uploads\\\/2020\\\/12\\\/Ekrano_kopija__2_-removebg-preview-1-1.png\",\"contentUrl\":\"https:\\\/\\\/1dronas.lt\\\/wp-content\\\/uploads\\\/2020\\\/12\\\/Ekrano_kopija__2_-removebg-preview-1-1.png\",\"width\":234,\"height\":81,\"caption\":\"1dronas.lt\"},\"image\":{\"@id\":\"https:\\\/\\\/1dronas.lt\\\/en\\\/#\\\/schema\\\/logo\\\/image\\\/\"},\"sameAs\":[\"https:\\\/\\\/www.facebook.com\\\/1dronas\\\/\"]}]}<\/script>\n<!-- \/ Yoast SEO plugin. -->","yoast_head_json":{"title":"iFlight Nazgul Evoque F5X 6S DJI Camera Vista HD System - 1dronas.lt","robots":{"index":"index","follow":"follow","max-snippet":"max-snippet:-1","max-image-preview":"max-image-preview:large","max-video-preview":"max-video-preview:-1"},"canonical":"https:\/\/1dronas.lt\/en\/produktas\/nazgul-evoque-f5-6s-dji-camera-vista-hd-system\/","og_locale":"en_US","og_type":"article","og_title":"iFlight Nazgul Evoque F5X 6S DJI Camera Vista HD System - 1dronas.lt","og_description":"I\u0161 anksto sureguliuota ir sukonfig\u016bruota. Viskas k\u0105 Jums reikia atlikti \u2013 susieti orlaiv\u012f ir skristi! \u00a01 \u2013 4 d. d.","og_url":"https:\/\/1dronas.lt\/en\/produktas\/nazgul-evoque-f5-6s-dji-camera-vista-hd-system\/","og_site_name":"1dronas.lt","article_publisher":"https:\/\/www.facebook.com\/1dronas\/","article_modified_time":"2025-02-03T19:51:13+00:00","og_image":[{"width":1000,"height":1000,"url":"https:\/\/1dronas.lt\/wp-content\/uploads\/2021\/12\/Nazgul-Evoque-F5X-HD-1000x1000-1.jpg","type":"image\/jpeg"}],"twitter_card":"summary_large_image","twitter_misc":{"Est. reading time":"3 minutes"},"schema":{"@context":"https:\/\/schema.org","@graph":[{"@type":"WebPage","@id":"https:\/\/1dronas.lt\/en\/produktas\/nazgul-evoque-f5-6s-dji-camera-vista-hd-system\/","url":"https:\/\/1dronas.lt\/en\/produktas\/nazgul-evoque-f5-6s-dji-camera-vista-hd-system\/","name":"iFlight Nazgul Evoque F5X 6S DJI Camera Vista HD System - 1dronas.lt","isPartOf":{"@id":"https:\/\/1dronas.lt\/en\/#website"},"primaryImageOfPage":{"@id":"https:\/\/1dronas.lt\/en\/produktas\/nazgul-evoque-f5-6s-dji-camera-vista-hd-system\/#primaryimage"},"image":{"@id":"https:\/\/1dronas.lt\/en\/produktas\/nazgul-evoque-f5-6s-dji-camera-vista-hd-system\/#primaryimage"},"thumbnailUrl":"https:\/\/1dronas.lt\/wp-content\/uploads\/2021\/12\/Nazgul-Evoque-F5X-HD-1000x1000-1.jpg","datePublished":"2021-12-28T10:40:44+00:00","dateModified":"2025-02-03T19:51:13+00:00","breadcrumb":{"@id":"https:\/\/1dronas.lt\/en\/produktas\/nazgul-evoque-f5-6s-dji-camera-vista-hd-system\/#breadcrumb"},"inLanguage":"en-US","potentialAction":[{"@type":"ReadAction","target":["https:\/\/1dronas.lt\/en\/produktas\/nazgul-evoque-f5-6s-dji-camera-vista-hd-system\/"]}]},{"@type":"ImageObject","inLanguage":"en-US","@id":"https:\/\/1dronas.lt\/en\/produktas\/nazgul-evoque-f5-6s-dji-camera-vista-hd-system\/#primaryimage","url":"https:\/\/1dronas.lt\/wp-content\/uploads\/2021\/12\/Nazgul-Evoque-F5X-HD-1000x1000-1.jpg","contentUrl":"https:\/\/1dronas.lt\/wp-content\/uploads\/2021\/12\/Nazgul-Evoque-F5X-HD-1000x1000-1.jpg","width":1000,"height":1000},{"@type":"BreadcrumbList","@id":"https:\/\/1dronas.lt\/en\/produktas\/nazgul-evoque-f5-6s-dji-camera-vista-hd-system\/#breadcrumb","itemListElement":[{"@type":"ListItem","position":1,"name":"Home","item":"https:\/\/1dronas.lt\/"},{"@type":"ListItem","position":2,"name":"Parduotuv\u0117","item":"https:\/\/1dronas.lt\/parduotuve\/"},{"@type":"ListItem","position":3,"name":"iFlight Nazgul Evoque F5X 6S DJI Camera Vista HD System"}]},{"@type":"WebSite","@id":"https:\/\/1dronas.lt\/en\/#website","url":"https:\/\/1dronas.lt\/en\/","name":"1dronas.lt","description":"Online store","publisher":{"@id":"https:\/\/1dronas.lt\/en\/#organization"},"potentialAction":[{"@type":"SearchAction","target":{"@type":"EntryPoint","urlTemplate":"https:\/\/1dronas.lt\/en\/?s={search_term_string}"},"query-input":{"@type":"PropertyValueSpecification","valueRequired":true,"valueName":"search_term_string"}}],"inLanguage":"en-US"},{"@type":"Organization","@id":"https:\/\/1dronas.lt\/en\/#organization","name":"1dronas.lt","url":"https:\/\/1dronas.lt\/en\/","logo":{"@type":"ImageObject","inLanguage":"en-US","@id":"https:\/\/1dronas.lt\/en\/#\/schema\/logo\/image\/","url":"https:\/\/1dronas.lt\/wp-content\/uploads\/2020\/12\/Ekrano_kopija__2_-removebg-preview-1-1.png","contentUrl":"https:\/\/1dronas.lt\/wp-content\/uploads\/2020\/12\/Ekrano_kopija__2_-removebg-preview-1-1.png","width":234,"height":81,"caption":"1dronas.lt"},"image":{"@id":"https:\/\/1dronas.lt\/en\/#\/schema\/logo\/image\/"},"sameAs":["https:\/\/www.facebook.com\/1dronas\/"]}]}},"jetpack_sharing_enabled":true,"_links":{"self":[{"href":"https:\/\/1dronas.lt\/en\/wp-json\/wp\/v2\/product\/2721","targetHints":{"allow":["GET"]}}],"collection":[{"href":"https:\/\/1dronas.lt\/en\/wp-json\/wp\/v2\/product"}],"about":[{"href":"https:\/\/1dronas.lt\/en\/wp-json\/wp\/v2\/types\/product"}],"replies":[{"embeddable":true,"href":"https:\/\/1dronas.lt\/en\/wp-json\/wp\/v2\/comments?post=2721"}],"wp:featuredmedia":[{"embeddable":true,"href":"https:\/\/1dronas.lt\/en\/wp-json\/wp\/v2\/media\/2733"}],"wp:attachment":[{"href":"https:\/\/1dronas.lt\/en\/wp-json\/wp\/v2\/media?parent=2721"}],"wp:term":[{"taxonomy":"product_brand","embeddable":true,"href":"https:\/\/1dronas.lt\/en\/wp-json\/wp\/v2\/product_brand?post=2721"},{"taxonomy":"product_cat","embeddable":true,"href":"https:\/\/1dronas.lt\/en\/wp-json\/wp\/v2\/product_cat?post=2721"},{"taxonomy":"product_tag","embeddable":true,"href":"https:\/\/1dronas.lt\/en\/wp-json\/wp\/v2\/product_tag?post=2721"}],"curies":[{"name":"wp","href":"https:\/\/api.w.org\/{rel}","templated":true}]}}