{"id":2709,"date":"2022-01-15T18:27:53","date_gmt":"2022-01-15T18:27:53","guid":{"rendered":"https:\/\/1dronas.lt\/?post_type=product&#038;p=2709"},"modified":"2026-04-08T14:04:10","modified_gmt":"2026-04-08T11:04:10","slug":"betafpv-elrs-nano-receiver","status":"publish","type":"product","link":"https:\/\/1dronas.lt\/en\/produktas\/betafpv-elrs-nano-receiver\/","title":{"rendered":"BETAFPV ELRS Nano Receiver"},"content":{"rendered":"<p><strong>Features:<\/strong><\/p>\n<p>\u2022 BETAFPV Nano RF TX module is based on the ExpressLRS project, an open source RC connector for RC. The goal of the ExpressLRS project is to achieve the best possible communication performance in terms of speed, latency, and range. As a result, ExpressLRS is one of the fastest RC connectors while providing a long operating range.<\/p>\n<p><img loading=\"lazy\" decoding=\"async\" class=\"alignnone wp-image-2715 size-full\" src=\"https:\/\/1dronas.lt\/wp-content\/uploads\/2021\/12\/FB_c629c910-07c6-49b3-9498-86847f6abf1d_1024x1024.jpg\" alt=\"\" width=\"1024\" height=\"576\" srcset=\"https:\/\/1dronas.lt\/wp-content\/uploads\/2021\/12\/FB_c629c910-07c6-49b3-9498-86847f6abf1d_1024x1024.jpg 1024w, https:\/\/1dronas.lt\/wp-content\/uploads\/2021\/12\/FB_c629c910-07c6-49b3-9498-86847f6abf1d_1024x1024-300x169.jpg 300w, https:\/\/1dronas.lt\/wp-content\/uploads\/2021\/12\/FB_c629c910-07c6-49b3-9498-86847f6abf1d_1024x1024-768x432.jpg 768w, https:\/\/1dronas.lt\/wp-content\/uploads\/2021\/12\/FB_c629c910-07c6-49b3-9498-86847f6abf1d_1024x1024-18x10.jpg 18w, https:\/\/1dronas.lt\/wp-content\/uploads\/2021\/12\/FB_c629c910-07c6-49b3-9498-86847f6abf1d_1024x1024-510x287.jpg 510w\" sizes=\"auto, (max-width: 1024px) 100vw, 1024px\" \/><br \/>\n<strong>Specification:<\/strong><\/p>\n<p>\u2022 Manufacturer: BETAFPV;<br \/>\n\u2022 Model: ELRS Nano Receiver;<br \/>\n\u2022 Size: 12 x 19mm;<br \/>\n\u2022 Antenna length: 46mm \/ 80mm (optional);<br \/>\n\u2022 Frequency versions: (Nano receiver 2.4G version): 2.4GHz ISM;<br \/>\n\u2022 Input voltage: 5V;<br \/>\n\u2022 Antenna connector: IPEX MHF.<\/p>\n\t<div id=\"accordion-238915732\" class=\"accordion-item\">\n\t\t<a id=\"accordion-238915732-label\" class=\"accordion-title plain\" href=\"#accordion-item-daugiau\" aria-expanded=\"false\" aria-controls=\"accordion-238915732-content\">\n\t\t\t<button class=\"toggle\" aria-label=\"Toggle\"><i class=\"icon-angle-down\" aria-hidden=\"true\"><\/i><\/button>\n\t\t\t<span>More<\/span>\n\t\t<\/a>\n\t\t<div id=\"accordion-238915732-content\" class=\"accordion-inner\" aria-labelledby=\"accordion-238915732-label\">\n\t\t\t\n<p><strong>Diagram<\/strong><\/p>\n<p>The schematic of the 2.4G version of the Nano receiver is as shown below.<\/p>\n<p><img loading=\"lazy\" decoding=\"async\" class=\"alignnone wp-image-2716 size-full\" src=\"https:\/\/1dronas.lt\/wp-content\/uploads\/2021\/12\/c64abdf160319a144386c138470c9ecb_410768d9-19f9-461f-8b1b-2c399c61eede_600x600.jpg\" alt=\"\" width=\"600\" height=\"338\" srcset=\"https:\/\/1dronas.lt\/wp-content\/uploads\/2021\/12\/c64abdf160319a144386c138470c9ecb_410768d9-19f9-461f-8b1b-2c399c61eede_600x600.jpg 600w, https:\/\/1dronas.lt\/wp-content\/uploads\/2021\/12\/c64abdf160319a144386c138470c9ecb_410768d9-19f9-461f-8b1b-2c399c61eede_600x600-300x169.jpg 300w, https:\/\/1dronas.lt\/wp-content\/uploads\/2021\/12\/c64abdf160319a144386c138470c9ecb_410768d9-19f9-461f-8b1b-2c399c61eede_600x600-18x10.jpg 18w, https:\/\/1dronas.lt\/wp-content\/uploads\/2021\/12\/c64abdf160319a144386c138470c9ecb_410768d9-19f9-461f-8b1b-2c399c61eede_600x600-510x287.jpg 510w\" sizes=\"auto, (max-width: 600px) 100vw, 600px\" \/><br \/>\n<strong>The manufacturer recommends updating TX modules and receivers to the first major version V1.0.0. And following them in the future.<br \/>\n<\/strong><br \/>\nExpressLRS is based on Semtech Lora SX127x or SX1280 hardware for RX and TX respectively. It aims to achieve the best possible communication performance in terms of speed, latency and range. At 900 MHz, a maximum rate of 200 Hz is supported. At 2.4 GHz, a staggering 500 Hz is currently supported using a custom OpenTX design. This makes ExpressLRS one of the fastest RC links while still providing long-range performance.<\/p>\n<p><iframe loading=\"lazy\" title=\"ExpressLRS 1.0.0 is finally here... 1st EVER RELEASE!!\" width=\"1020\" height=\"574\" src=\"https:\/\/www.youtube.com\/embed\/XbKpWI0YJ5I?feature=oembed\" frameborder=\"0\" allow=\"accelerometer; autoplay; clipboard-write; encrypted-media; gyroscope; picture-in-picture; web-share\" referrerpolicy=\"strict-origin-when-cross-origin\" allowfullscreen><\/iframe><\/p>\n<p><strong>Configuration and linking<\/strong><\/p>\n<p>The connection between the ELRS Nano receiver and the FC board is shown below.<br \/>\n<img loading=\"lazy\" decoding=\"async\" class=\"alignnone wp-image-2717 size-full\" src=\"https:\/\/1dronas.lt\/wp-content\/uploads\/2021\/12\/1_323dda3c-f490-430c-8858-e7b1b0e5937a.png\" alt=\"\" width=\"477\" height=\"164\" srcset=\"https:\/\/1dronas.lt\/wp-content\/uploads\/2021\/12\/1_323dda3c-f490-430c-8858-e7b1b0e5937a.png 477w, https:\/\/1dronas.lt\/wp-content\/uploads\/2021\/12\/1_323dda3c-f490-430c-8858-e7b1b0e5937a-300x103.png 300w, https:\/\/1dronas.lt\/wp-content\/uploads\/2021\/12\/1_323dda3c-f490-430c-8858-e7b1b0e5937a-18x6.png 18w\" sizes=\"auto, (max-width: 477px) 100vw, 477px\" \/><\/p>\n<p>Enable the appropriate UART (e.g. UART3 below) as Serial Rx in the Ports tab of the Betaflight Configurator.<br \/>\n<img loading=\"lazy\" decoding=\"async\" class=\"alignnone wp-image-2718 size-full\" src=\"https:\/\/1dronas.lt\/wp-content\/uploads\/2021\/12\/2_39841eac-9d0e-4d23-8c5b-d2c7e1eafde2.png\" alt=\"\" width=\"453\" height=\"164\" srcset=\"https:\/\/1dronas.lt\/wp-content\/uploads\/2021\/12\/2_39841eac-9d0e-4d23-8c5b-d2c7e1eafde2.png 453w, https:\/\/1dronas.lt\/wp-content\/uploads\/2021\/12\/2_39841eac-9d0e-4d23-8c5b-d2c7e1eafde2-300x109.png 300w, https:\/\/1dronas.lt\/wp-content\/uploads\/2021\/12\/2_39841eac-9d0e-4d23-8c5b-d2c7e1eafde2-18x7.png 18w\" sizes=\"auto, (max-width: 453px) 100vw, 453px\" \/><\/p>\n<p>The Nano receiver can enter pairing state after powering on\/off three times.<\/p>\n<p>\u2022 Turn the nano receiver on and off three times;<br \/>\n\u2022 Make sure the LED blinks twice quickly \u2013 this means the receiver is in pairing mode;<br \/>\n\u2022 If the receiver light is on continuously, it is paired.<\/p>\n\t\t<\/div>\n\t<\/div>\n\t\n<p><strong>Package:<\/strong><\/p>\n<p>1x BETAFPV ELRS Nano receiver;<br \/>\n1x BETAFPV T antenna;<br \/>\n2x spare shrink tubes;<br \/>\n4x 30awg jumper wires (1 black, 1 red, 1 white, 1 yellow);<br \/>\n1x Nano Transmitter User Manual.<br \/>\n<img loading=\"lazy\" decoding=\"async\" class=\"alignnone wp-image-2719 size-full\" src=\"https:\/\/1dronas.lt\/wp-content\/uploads\/2021\/12\/b04a70ae01f04036e17b97cf0b12c47c_600x600.jpg\" alt=\"\" width=\"600\" height=\"600\" srcset=\"https:\/\/1dronas.lt\/wp-content\/uploads\/2021\/12\/b04a70ae01f04036e17b97cf0b12c47c_600x600.jpg 600w, https:\/\/1dronas.lt\/wp-content\/uploads\/2021\/12\/b04a70ae01f04036e17b97cf0b12c47c_600x600-300x300.jpg 300w, https:\/\/1dronas.lt\/wp-content\/uploads\/2021\/12\/b04a70ae01f04036e17b97cf0b12c47c_600x600-150x150.jpg 150w, https:\/\/1dronas.lt\/wp-content\/uploads\/2021\/12\/b04a70ae01f04036e17b97cf0b12c47c_600x600-12x12.jpg 12w, https:\/\/1dronas.lt\/wp-content\/uploads\/2021\/12\/b04a70ae01f04036e17b97cf0b12c47c_600x600-247x247.jpg 247w, https:\/\/1dronas.lt\/wp-content\/uploads\/2021\/12\/b04a70ae01f04036e17b97cf0b12c47c_600x600-510x510.jpg 510w, https:\/\/1dronas.lt\/wp-content\/uploads\/2021\/12\/b04a70ae01f04036e17b97cf0b12c47c_600x600-100x100.jpg 100w\" sizes=\"auto, (max-width: 600px) 100vw, 600px\" \/><\/p>\n<div id=\"malwarebytes-root\"><\/div>","protected":false},"excerpt":{"rendered":"<p><span style=\"color: #333333;\">ExpressLRS is one of the fastest RC connectors and at the same time ensures a long operating range.<\/span><\/p>\n<p><span style=\"color: #333333;\"><strong><img loading=\"lazy\" decoding=\"async\" class=\"alignnone wp-image-1806\" src=\"https:\/\/1dronas.lt\/wp-content\/uploads\/2021\/05\/delivery-icon.png\" alt=\"\" width=\"24\" height=\"24\" srcset=\"https:\/\/1dronas.lt\/wp-content\/uploads\/2021\/05\/delivery-icon.png 35w, https:\/\/1dronas.lt\/wp-content\/uploads\/2021\/05\/delivery-icon-12x12.png 12w\" sizes=\"auto, (max-width: 24px) 100vw, 24px\" \/>\u00a0\u00a0\u00a0<span style=\"font-size: 90%;\">1 \u2013 2 days<\/span><\/strong><\/span><\/p>","protected":false},"featured_media":2815,"comment_status":"open","ping_status":"closed","template":"","meta":[],"product_brand":[489],"product_cat":[682],"product_tag":[69,176],"class_list":{"0":"post-2709","1":"product","2":"type-product","3":"status-publish","4":"has-post-thumbnail","6":"product_brand-betafpv","7":"product_cat-imtuvai-rx","8":"product_tag-betafpv","9":"product_tag-elrs","11":"first","12":"instock","13":"taxable","14":"shipping-taxable","15":"purchasable","16":"product-type-variable","17":"has-default-attributes"},"yoast_head":"<!-- This site is optimized with the Yoast SEO plugin v27.5 - https:\/\/yoast.com\/product\/yoast-seo-wordpress\/ -->\n<title>BETAFPV ELRS Nano Receiver - 1dronas.lt<\/title>\n<meta name=\"robots\" content=\"index, follow, max-snippet:-1, max-image-preview:large, max-video-preview:-1\" \/>\n<link rel=\"canonical\" href=\"https:\/\/1dronas.lt\/en\/produktas\/betafpv-elrs-nano-receiver\/\" \/>\n<meta property=\"og:locale\" content=\"en_US\" \/>\n<meta property=\"og:type\" content=\"article\" \/>\n<meta property=\"og:title\" content=\"BETAFPV ELRS Nano Receiver - 1dronas.lt\" \/>\n<meta property=\"og:description\" content=\"&quot;ExpressLRS&quot; yra viena spar\u010diausi\u0173 RC jung\u010di\u0173 ir kartu u\u017etikrina didel\u012f veikimo nuotol\u012f.  \u00a0\u00a0\u00a01 \u2013 2 d. d.\" \/>\n<meta property=\"og:url\" content=\"https:\/\/1dronas.lt\/en\/produktas\/betafpv-elrs-nano-receiver\/\" \/>\n<meta property=\"og:site_name\" content=\"1dronas.lt\" \/>\n<meta property=\"article:publisher\" content=\"https:\/\/www.facebook.com\/1dronas\/\" \/>\n<meta property=\"article:modified_time\" content=\"2026-04-08T11:04:10+00:00\" \/>\n<meta property=\"og:image\" content=\"https:\/\/1dronas.lt\/wp-content\/uploads\/2021\/12\/041efb152c0233f560a630c60b42c08a_5154ef68-32d1-4f39-a90b-472492787800_540x.jpg\" \/>\n\t<meta property=\"og:image:width\" content=\"540\" \/>\n\t<meta property=\"og:image:height\" content=\"540\" \/>\n\t<meta property=\"og:image:type\" content=\"image\/jpeg\" \/>\n<meta name=\"twitter:card\" content=\"summary_large_image\" \/>\n<meta name=\"twitter:label1\" content=\"Est. reading time\" \/>\n\t<meta name=\"twitter:data1\" content=\"3 minutes\" \/>\n<script type=\"application\/ld+json\" class=\"yoast-schema-graph\">{\"@context\":\"https:\\\/\\\/schema.org\",\"@graph\":[{\"@type\":\"WebPage\",\"@id\":\"https:\\\/\\\/1dronas.lt\\\/en\\\/produktas\\\/betafpv-elrs-nano-receiver\\\/\",\"url\":\"https:\\\/\\\/1dronas.lt\\\/en\\\/produktas\\\/betafpv-elrs-nano-receiver\\\/\",\"name\":\"BETAFPV ELRS Nano Receiver - 1dronas.lt\",\"isPartOf\":{\"@id\":\"https:\\\/\\\/1dronas.lt\\\/en\\\/#website\"},\"primaryImageOfPage\":{\"@id\":\"https:\\\/\\\/1dronas.lt\\\/en\\\/produktas\\\/betafpv-elrs-nano-receiver\\\/#primaryimage\"},\"image\":{\"@id\":\"https:\\\/\\\/1dronas.lt\\\/en\\\/produktas\\\/betafpv-elrs-nano-receiver\\\/#primaryimage\"},\"thumbnailUrl\":\"https:\\\/\\\/1dronas.lt\\\/wp-content\\\/uploads\\\/2021\\\/12\\\/041efb152c0233f560a630c60b42c08a_5154ef68-32d1-4f39-a90b-472492787800_540x.jpg\",\"datePublished\":\"2022-01-15T18:27:53+00:00\",\"dateModified\":\"2026-04-08T11:04:10+00:00\",\"breadcrumb\":{\"@id\":\"https:\\\/\\\/1dronas.lt\\\/en\\\/produktas\\\/betafpv-elrs-nano-receiver\\\/#breadcrumb\"},\"inLanguage\":\"en-US\",\"potentialAction\":[{\"@type\":\"ReadAction\",\"target\":[\"https:\\\/\\\/1dronas.lt\\\/en\\\/produktas\\\/betafpv-elrs-nano-receiver\\\/\"]}]},{\"@type\":\"ImageObject\",\"inLanguage\":\"en-US\",\"@id\":\"https:\\\/\\\/1dronas.lt\\\/en\\\/produktas\\\/betafpv-elrs-nano-receiver\\\/#primaryimage\",\"url\":\"https:\\\/\\\/1dronas.lt\\\/wp-content\\\/uploads\\\/2021\\\/12\\\/041efb152c0233f560a630c60b42c08a_5154ef68-32d1-4f39-a90b-472492787800_540x.jpg\",\"contentUrl\":\"https:\\\/\\\/1dronas.lt\\\/wp-content\\\/uploads\\\/2021\\\/12\\\/041efb152c0233f560a630c60b42c08a_5154ef68-32d1-4f39-a90b-472492787800_540x.jpg\",\"width\":540,\"height\":540},{\"@type\":\"BreadcrumbList\",\"@id\":\"https:\\\/\\\/1dronas.lt\\\/en\\\/produktas\\\/betafpv-elrs-nano-receiver\\\/#breadcrumb\",\"itemListElement\":[{\"@type\":\"ListItem\",\"position\":1,\"name\":\"Home\",\"item\":\"https:\\\/\\\/1dronas.lt\\\/\"},{\"@type\":\"ListItem\",\"position\":2,\"name\":\"Parduotuv\u0117\",\"item\":\"https:\\\/\\\/1dronas.lt\\\/parduotuve\\\/\"},{\"@type\":\"ListItem\",\"position\":3,\"name\":\"BETAFPV ELRS Nano Receiver\"}]},{\"@type\":\"WebSite\",\"@id\":\"https:\\\/\\\/1dronas.lt\\\/en\\\/#website\",\"url\":\"https:\\\/\\\/1dronas.lt\\\/en\\\/\",\"name\":\"1dronas.lt\",\"description\":\"Internetin\u0117 parduotuv\u0117\",\"publisher\":{\"@id\":\"https:\\\/\\\/1dronas.lt\\\/en\\\/#organization\"},\"potentialAction\":[{\"@type\":\"SearchAction\",\"target\":{\"@type\":\"EntryPoint\",\"urlTemplate\":\"https:\\\/\\\/1dronas.lt\\\/en\\\/?s={search_term_string}\"},\"query-input\":{\"@type\":\"PropertyValueSpecification\",\"valueRequired\":true,\"valueName\":\"search_term_string\"}}],\"inLanguage\":\"en-US\"},{\"@type\":\"Organization\",\"@id\":\"https:\\\/\\\/1dronas.lt\\\/en\\\/#organization\",\"name\":\"1dronas.lt\",\"url\":\"https:\\\/\\\/1dronas.lt\\\/en\\\/\",\"logo\":{\"@type\":\"ImageObject\",\"inLanguage\":\"en-US\",\"@id\":\"https:\\\/\\\/1dronas.lt\\\/en\\\/#\\\/schema\\\/logo\\\/image\\\/\",\"url\":\"https:\\\/\\\/1dronas.lt\\\/wp-content\\\/uploads\\\/2020\\\/12\\\/Ekrano_kopija__2_-removebg-preview-1-1.png\",\"contentUrl\":\"https:\\\/\\\/1dronas.lt\\\/wp-content\\\/uploads\\\/2020\\\/12\\\/Ekrano_kopija__2_-removebg-preview-1-1.png\",\"width\":234,\"height\":81,\"caption\":\"1dronas.lt\"},\"image\":{\"@id\":\"https:\\\/\\\/1dronas.lt\\\/en\\\/#\\\/schema\\\/logo\\\/image\\\/\"},\"sameAs\":[\"https:\\\/\\\/www.facebook.com\\\/1dronas\\\/\"]}]}<\/script>\n<!-- \/ Yoast SEO plugin. -->","yoast_head_json":{"title":"BETAFPV ELRS Nano Receiver - 1dronas.lt","robots":{"index":"index","follow":"follow","max-snippet":"max-snippet:-1","max-image-preview":"max-image-preview:large","max-video-preview":"max-video-preview:-1"},"canonical":"https:\/\/1dronas.lt\/en\/produktas\/betafpv-elrs-nano-receiver\/","og_locale":"en_US","og_type":"article","og_title":"BETAFPV ELRS Nano Receiver - 1dronas.lt","og_description":"\"ExpressLRS\" yra viena spar\u010diausi\u0173 RC jung\u010di\u0173 ir kartu u\u017etikrina didel\u012f veikimo nuotol\u012f.  \u00a0\u00a0\u00a01 \u2013 2 d. d.","og_url":"https:\/\/1dronas.lt\/en\/produktas\/betafpv-elrs-nano-receiver\/","og_site_name":"1dronas.lt","article_publisher":"https:\/\/www.facebook.com\/1dronas\/","article_modified_time":"2026-04-08T11:04:10+00:00","og_image":[{"width":540,"height":540,"url":"https:\/\/1dronas.lt\/wp-content\/uploads\/2021\/12\/041efb152c0233f560a630c60b42c08a_5154ef68-32d1-4f39-a90b-472492787800_540x.jpg","type":"image\/jpeg"}],"twitter_card":"summary_large_image","twitter_misc":{"Est. reading time":"3 minutes"},"schema":{"@context":"https:\/\/schema.org","@graph":[{"@type":"WebPage","@id":"https:\/\/1dronas.lt\/en\/produktas\/betafpv-elrs-nano-receiver\/","url":"https:\/\/1dronas.lt\/en\/produktas\/betafpv-elrs-nano-receiver\/","name":"BETAFPV ELRS Nano Receiver - 1dronas.lt","isPartOf":{"@id":"https:\/\/1dronas.lt\/en\/#website"},"primaryImageOfPage":{"@id":"https:\/\/1dronas.lt\/en\/produktas\/betafpv-elrs-nano-receiver\/#primaryimage"},"image":{"@id":"https:\/\/1dronas.lt\/en\/produktas\/betafpv-elrs-nano-receiver\/#primaryimage"},"thumbnailUrl":"https:\/\/1dronas.lt\/wp-content\/uploads\/2021\/12\/041efb152c0233f560a630c60b42c08a_5154ef68-32d1-4f39-a90b-472492787800_540x.jpg","datePublished":"2022-01-15T18:27:53+00:00","dateModified":"2026-04-08T11:04:10+00:00","breadcrumb":{"@id":"https:\/\/1dronas.lt\/en\/produktas\/betafpv-elrs-nano-receiver\/#breadcrumb"},"inLanguage":"en-US","potentialAction":[{"@type":"ReadAction","target":["https:\/\/1dronas.lt\/en\/produktas\/betafpv-elrs-nano-receiver\/"]}]},{"@type":"ImageObject","inLanguage":"en-US","@id":"https:\/\/1dronas.lt\/en\/produktas\/betafpv-elrs-nano-receiver\/#primaryimage","url":"https:\/\/1dronas.lt\/wp-content\/uploads\/2021\/12\/041efb152c0233f560a630c60b42c08a_5154ef68-32d1-4f39-a90b-472492787800_540x.jpg","contentUrl":"https:\/\/1dronas.lt\/wp-content\/uploads\/2021\/12\/041efb152c0233f560a630c60b42c08a_5154ef68-32d1-4f39-a90b-472492787800_540x.jpg","width":540,"height":540},{"@type":"BreadcrumbList","@id":"https:\/\/1dronas.lt\/en\/produktas\/betafpv-elrs-nano-receiver\/#breadcrumb","itemListElement":[{"@type":"ListItem","position":1,"name":"Home","item":"https:\/\/1dronas.lt\/"},{"@type":"ListItem","position":2,"name":"Parduotuv\u0117","item":"https:\/\/1dronas.lt\/parduotuve\/"},{"@type":"ListItem","position":3,"name":"BETAFPV ELRS Nano Receiver"}]},{"@type":"WebSite","@id":"https:\/\/1dronas.lt\/en\/#website","url":"https:\/\/1dronas.lt\/en\/","name":"1dronas.lt","description":"Online store","publisher":{"@id":"https:\/\/1dronas.lt\/en\/#organization"},"potentialAction":[{"@type":"SearchAction","target":{"@type":"EntryPoint","urlTemplate":"https:\/\/1dronas.lt\/en\/?s={search_term_string}"},"query-input":{"@type":"PropertyValueSpecification","valueRequired":true,"valueName":"search_term_string"}}],"inLanguage":"en-US"},{"@type":"Organization","@id":"https:\/\/1dronas.lt\/en\/#organization","name":"1dronas.lt","url":"https:\/\/1dronas.lt\/en\/","logo":{"@type":"ImageObject","inLanguage":"en-US","@id":"https:\/\/1dronas.lt\/en\/#\/schema\/logo\/image\/","url":"https:\/\/1dronas.lt\/wp-content\/uploads\/2020\/12\/Ekrano_kopija__2_-removebg-preview-1-1.png","contentUrl":"https:\/\/1dronas.lt\/wp-content\/uploads\/2020\/12\/Ekrano_kopija__2_-removebg-preview-1-1.png","width":234,"height":81,"caption":"1dronas.lt"},"image":{"@id":"https:\/\/1dronas.lt\/en\/#\/schema\/logo\/image\/"},"sameAs":["https:\/\/www.facebook.com\/1dronas\/"]}]}},"jetpack_sharing_enabled":true,"_links":{"self":[{"href":"https:\/\/1dronas.lt\/en\/wp-json\/wp\/v2\/product\/2709","targetHints":{"allow":["GET"]}}],"collection":[{"href":"https:\/\/1dronas.lt\/en\/wp-json\/wp\/v2\/product"}],"about":[{"href":"https:\/\/1dronas.lt\/en\/wp-json\/wp\/v2\/types\/product"}],"replies":[{"embeddable":true,"href":"https:\/\/1dronas.lt\/en\/wp-json\/wp\/v2\/comments?post=2709"}],"wp:featuredmedia":[{"embeddable":true,"href":"https:\/\/1dronas.lt\/en\/wp-json\/wp\/v2\/media\/2815"}],"wp:attachment":[{"href":"https:\/\/1dronas.lt\/en\/wp-json\/wp\/v2\/media?parent=2709"}],"wp:term":[{"taxonomy":"product_brand","embeddable":true,"href":"https:\/\/1dronas.lt\/en\/wp-json\/wp\/v2\/product_brand?post=2709"},{"taxonomy":"product_cat","embeddable":true,"href":"https:\/\/1dronas.lt\/en\/wp-json\/wp\/v2\/product_cat?post=2709"},{"taxonomy":"product_tag","embeddable":true,"href":"https:\/\/1dronas.lt\/en\/wp-json\/wp\/v2\/product_tag?post=2709"}],"curies":[{"name":"wp","href":"https:\/\/api.w.org\/{rel}","templated":true}]}}