{"id":2697,"date":"2022-01-15T17:51:12","date_gmt":"2022-01-15T17:51:12","guid":{"rendered":"https:\/\/1dronas.lt\/?post_type=product&#038;p=2697"},"modified":"2025-02-03T19:50:35","modified_gmt":"2025-02-03T19:50:35","slug":"betafpv-elrs-nano-tx-module","status":"publish","type":"product","link":"https:\/\/1dronas.lt\/en\/produktas\/betafpv-elrs-nano-tx-module\/","title":{"rendered":"BETAFPV ELRS Nano TX Module"},"content":{"rendered":"<p><strong>Features:<\/strong><\/p>\n<p>\u2022 BETAFPV Nano RF TX module is based on the ExpressLRS project, an open source RC connector for RC. The goal of the ExpressLRS project is to achieve the best possible communication performance in terms of speed, latency, and range. As a result, ExpressLRS is one of the fastest RC connectors while providing a long operating range.<br \/>\n<img loading=\"lazy\" decoding=\"async\" class=\"alignnone wp-image-2698 size-full\" src=\"https:\/\/1dronas.lt\/wp-content\/uploads\/2021\/12\/FB_Moxon_550783e7-8e98-4ad6-a10e-32874e72ab1e_1024x1024.jpg\" alt=\"\" width=\"1024\" height=\"576\" srcset=\"https:\/\/1dronas.lt\/wp-content\/uploads\/2021\/12\/FB_Moxon_550783e7-8e98-4ad6-a10e-32874e72ab1e_1024x1024.jpg 1024w, https:\/\/1dronas.lt\/wp-content\/uploads\/2021\/12\/FB_Moxon_550783e7-8e98-4ad6-a10e-32874e72ab1e_1024x1024-300x169.jpg 300w, https:\/\/1dronas.lt\/wp-content\/uploads\/2021\/12\/FB_Moxon_550783e7-8e98-4ad6-a10e-32874e72ab1e_1024x1024-768x432.jpg 768w, https:\/\/1dronas.lt\/wp-content\/uploads\/2021\/12\/FB_Moxon_550783e7-8e98-4ad6-a10e-32874e72ab1e_1024x1024-18x10.jpg 18w, https:\/\/1dronas.lt\/wp-content\/uploads\/2021\/12\/FB_Moxon_550783e7-8e98-4ad6-a10e-32874e72ab1e_1024x1024-510x287.jpg 510w\" sizes=\"auto, (max-width: 1024px) 100vw, 1024px\" \/><\/p>\n<p><strong>Specification:<\/strong><\/p>\n<p>\u2022 Manufacturer: BETAFPV;<br \/>\n\u2022 Model: ELRS Nano TX Module;<br \/>\n\u2022 RF output power: 100 mW\/250 mW\/500 mW;<br \/>\n\u2022 Frequency versions: (Nano RF module 2.4G version): 2.4 GHz ISM;<br \/>\n\u2022 Input voltage: 5V~12V;<br \/>\n\u2022 USB port: type-C connector.<\/p>\n\t<div id=\"accordion-2314598427\" class=\"accordion-item\">\n\t\t<a id=\"accordion-2314598427-label\" class=\"accordion-title plain\" href=\"#accordion-item-daugiau\" aria-expanded=\"false\" aria-controls=\"accordion-2314598427-content\">\n\t\t\t<button class=\"toggle\" aria-label=\"Toggle\"><i class=\"icon-angle-down\" aria-hidden=\"true\"><\/i><\/button>\n\t\t\t<span>More<\/span>\n\t\t<\/a>\n\t\t<div id=\"accordion-2314598427-content\" class=\"accordion-inner\" aria-labelledby=\"accordion-2314598427-label\">\n\t\t\t\n<p><strong>Diagram<\/strong><\/p>\n<p>The BETAFPV Nano RF module is compatible with radio transmitters that have a nano module slot (also called a Lite module slot, e.g. Frsky Taranis X-Lite, Frsky Taranis X9D Lite, TBS Tango 2).<br \/>\n<img loading=\"lazy\" decoding=\"async\" class=\"alignnone wp-image-2705 size-full\" src=\"https:\/\/1dronas.lt\/wp-content\/uploads\/2021\/12\/1_cb691166-e00e-4f1a-a211-0fbdfe66a2f0_600x600.jpg\" alt=\"\" width=\"600\" height=\"338\" srcset=\"https:\/\/1dronas.lt\/wp-content\/uploads\/2021\/12\/1_cb691166-e00e-4f1a-a211-0fbdfe66a2f0_600x600.jpg 600w, https:\/\/1dronas.lt\/wp-content\/uploads\/2021\/12\/1_cb691166-e00e-4f1a-a211-0fbdfe66a2f0_600x600-300x169.jpg 300w, https:\/\/1dronas.lt\/wp-content\/uploads\/2021\/12\/1_cb691166-e00e-4f1a-a211-0fbdfe66a2f0_600x600-18x10.jpg 18w, https:\/\/1dronas.lt\/wp-content\/uploads\/2021\/12\/1_cb691166-e00e-4f1a-a211-0fbdfe66a2f0_600x600-510x287.jpg 510w\" sizes=\"auto, (max-width: 600px) 100vw, 600px\" \/><\/p>\n<div>\n<p><strong>The manufacturer recommends updating TX modules and receivers to the first major version V1.0.0. And following them in the future.<\/strong><\/p>\n<p>1. The TX module and receiver must be of the same ELRS version, otherwise pairing will fail.<\/p>\n<\/div>\n<div>\n<p>2. TX module CANNOT support updating via WiFi. Please use ExpressLRS Configurator to update the software.<\/p>\n<div>\n<p>ExpressLRS is based on Semtech Lora SX127x or SX1280 hardware for RX and TX respectively. It aims to achieve the best possible communication performance in terms of speed, latency and range. At 900 MHz, a maximum rate of 200 Hz is supported. At 2.4 GHz, a staggering 500 Hz is currently supported using a custom OpenTX design. This makes ExpressLRS one of the fastest RC links while still providing long-range performance.<\/p>\n<\/div>\n<div>\n<p><iframe loading=\"lazy\" title=\"ExpressLRS 1.0.0 is finally here... 1st EVER RELEASE!!\" width=\"1020\" height=\"574\" src=\"https:\/\/www.youtube.com\/embed\/XbKpWI0YJ5I?feature=oembed\" frameborder=\"0\" allow=\"accelerometer; autoplay; clipboard-write; encrypted-media; gyroscope; picture-in-picture; web-share\" referrerpolicy=\"strict-origin-when-cross-origin\" allowfullscreen><\/iframe><\/p>\n<\/div>\n<\/div>\n<div>\n<p><strong>Basic configuration<\/strong><\/p>\n<\/div>\n<div>ExpressLRS uses the Crossfire serial protocol (also known as CRSF protocol) to communicate between the radio and the Nano TX module. Therefore, make sure that your radio supports the CRSF serial protocol. We will use the radio with the OpenTX system to demonstrate how to set up the CRSF protocol and LUA script. To set this up, go to the model settings in the OpenTX system and disable Internal RF in the MODEL SETUP tab. Then enable External RF and select CRSF as the protocol.<br \/>\n<img loading=\"lazy\" decoding=\"async\" class=\"alignnone wp-image-2700 size-full\" src=\"https:\/\/1dronas.lt\/wp-content\/uploads\/2021\/12\/1_3f7ecaec-2194-45a3-8e88-1f98af1fc768_480x480.png\" alt=\"\" width=\"480\" height=\"173\" srcset=\"https:\/\/1dronas.lt\/wp-content\/uploads\/2021\/12\/1_3f7ecaec-2194-45a3-8e88-1f98af1fc768_480x480.png 480w, https:\/\/1dronas.lt\/wp-content\/uploads\/2021\/12\/1_3f7ecaec-2194-45a3-8e88-1f98af1fc768_480x480-300x108.png 300w, https:\/\/1dronas.lt\/wp-content\/uploads\/2021\/12\/1_3f7ecaec-2194-45a3-8e88-1f98af1fc768_480x480-18x6.png 18w\" sizes=\"auto, (max-width: 480px) 100vw, 480px\" \/><\/div>\n<div><\/div>\n<div>ExpressLRS uses the OpenTX LUA script to control the TX module, such as pairing or setting it up. Using the LUA script, pilots can check and set some of the Nano RF TX module configurations.<\/div>\n<p>Briefly pressing the module button will enter pairing mode.<br \/>\n<img loading=\"lazy\" decoding=\"async\" class=\"alignnone wp-image-2701 size-full\" src=\"https:\/\/1dronas.lt\/wp-content\/uploads\/2021\/12\/3_31a70b65-4196-4e81-a3bd-0917e10477c6_480x480.jpg\" alt=\"\" width=\"397\" height=\"356\" srcset=\"https:\/\/1dronas.lt\/wp-content\/uploads\/2021\/12\/3_31a70b65-4196-4e81-a3bd-0917e10477c6_480x480.jpg 397w, https:\/\/1dronas.lt\/wp-content\/uploads\/2021\/12\/3_31a70b65-4196-4e81-a3bd-0917e10477c6_480x480-300x269.jpg 300w, https:\/\/1dronas.lt\/wp-content\/uploads\/2021\/12\/3_31a70b65-4196-4e81-a3bd-0917e10477c6_480x480-13x12.jpg 13w\" sizes=\"auto, (max-width: 397px) 100vw, 397px\" \/><br \/>\n<span style=\"color: #ed1c24;\"><em>Note: When entering the pairing state, the LED will not flash. The module will exit the pairing state after 5 seconds automatically. Short press 3 times in succession to pair.<\/em><\/span><\/p>\n<p><span style=\"color: #000000;\">RF TX module output power and LED indication as shown below.<br \/>\n<\/span><\/p>\n<table style=\"width: 75.4682%;\">\n<tbody>\n<tr>\n<td style=\"width: 32.0225%;\">LED color<\/td>\n<td style=\"width: 40.4494%;\">RF output power<\/td>\n<\/tr>\n<tr>\n<td style=\"width: 32.0225%;\">Blue<\/td>\n<td style=\"width: 40.4494%;\">100mW<\/td>\n<\/tr>\n<tr>\n<td style=\"width: 32.0225%;\">Violet<\/td>\n<td style=\"width: 40.4494%;\">250mW<\/td>\n<\/tr>\n<tr>\n<td style=\"width: 32.0225%;\">Red<\/td>\n<td style=\"width: 40.4494%;\">500mW<\/td>\n<\/tr>\n<\/tbody>\n<\/table>\n\t\t<\/div>\n\t<\/div>\n\t\n<p><strong>Package:<\/strong><\/p>\n<p>1x BETAFPV ELRS Nano TX module;<br \/>\n1x BETAFPV Moxon antenna;<br \/>\n1x Nano TX module user manual.<\/p>\n<p><span style=\"color: #ed1c24;\"><em>Warning: Please install the antenna before turning on the device. Otherwise, the PA chip of the Nano TX module will be permanently damaged!<\/em><\/span><\/p>\n<p>&nbsp;<\/p>\n<div><strong>We recommend:<\/strong><\/div>\n<div><\/div>\n<div><div class=\"woocommerce columns-4\"><div class=\"products row row-small large-columns-4 medium-columns-3 small-columns-2 has-shadow row-box-shadow-3 row-box-shadow-4-hover has-equal-box-heights equalize-box\">\n<div class=\"product-small col has-hover product type-product post-2709 status-publish first instock product_cat-imtuvai-rx product_tag-betafpv product_tag-elrs has-post-thumbnail taxable shipping-taxable purchasable product-type-variable has-default-attributes woovr-active woovr-show-price woovr-show-availability\">\n\t<div class=\"col-inner\">\n\t\n<div class=\"badge-container absolute left top z-1\">\n\n<\/div>\n\t<div class=\"product-small box\">\n\t\t<div class=\"box-image\">\n\t\t\t<div class=\"image-zoom\">\n\t\t\t\t<a href=\"https:\/\/1dronas.lt\/en\/produktas\/betafpv-elrs-nano-receiver\/\">\n\t\t\t\t\t<img loading=\"lazy\" decoding=\"async\" width=\"247\" height=\"247\" src=\"https:\/\/1dronas.lt\/wp-content\/uploads\/2021\/12\/041efb152c0233f560a630c60b42c08a_5154ef68-32d1-4f39-a90b-472492787800_540x-247x247.jpg\" class=\"attachment-woocommerce_thumbnail size-woocommerce_thumbnail\" alt=\"BETAFPV ELRS Nano Receiver\" srcset=\"https:\/\/1dronas.lt\/wp-content\/uploads\/2021\/12\/041efb152c0233f560a630c60b42c08a_5154ef68-32d1-4f39-a90b-472492787800_540x-247x247.jpg 247w, https:\/\/1dronas.lt\/wp-content\/uploads\/2021\/12\/041efb152c0233f560a630c60b42c08a_5154ef68-32d1-4f39-a90b-472492787800_540x-300x300.jpg 300w, https:\/\/1dronas.lt\/wp-content\/uploads\/2021\/12\/041efb152c0233f560a630c60b42c08a_5154ef68-32d1-4f39-a90b-472492787800_540x-150x150.jpg 150w, https:\/\/1dronas.lt\/wp-content\/uploads\/2021\/12\/041efb152c0233f560a630c60b42c08a_5154ef68-32d1-4f39-a90b-472492787800_540x-12x12.jpg 12w, https:\/\/1dronas.lt\/wp-content\/uploads\/2021\/12\/041efb152c0233f560a630c60b42c08a_5154ef68-32d1-4f39-a90b-472492787800_540x-510x510.jpg 510w, https:\/\/1dronas.lt\/wp-content\/uploads\/2021\/12\/041efb152c0233f560a630c60b42c08a_5154ef68-32d1-4f39-a90b-472492787800_540x-100x100.jpg 100w, https:\/\/1dronas.lt\/wp-content\/uploads\/2021\/12\/041efb152c0233f560a630c60b42c08a_5154ef68-32d1-4f39-a90b-472492787800_540x.jpg 540w\" sizes=\"auto, (max-width: 247px) 100vw, 247px\" \/>\t\t\t\t<\/a>\n\t\t\t<\/div>\n\t\t\t<div class=\"image-tools is-small top right show-on-hover\">\n\t\t\t\t\t\t\t<\/div>\n\t\t\t<div class=\"image-tools is-small hide-for-small bottom left show-on-hover\">\n\t\t\t\t\t\t\t<\/div>\n\t\t\t<div class=\"image-tools grid-tools text-center hide-for-small bottom hover-slide-in show-on-hover\">\n\t\t\t\t<a href=\"#quick-view\" class=\"quick-view\" role=\"button\" data-prod=\"2709\" aria-haspopup=\"dialog\" aria-expanded=\"false\" data-flatsome-role-button>Quick View<\/a>\t\t\t<\/div>\n\t\t\t\t\t<\/div>\n\n\t\t<div class=\"box-text box-text-products text-center grid-style-2\">\n\t\t\t<div class=\"title-wrapper\">\t\t<p class=\"category uppercase is-smaller no-text-overflow product-cat op-8\">\n\t\t\tReceivers (RX)\t\t<\/p>\n\t<p class=\"name product-title woocommerce-loop-product__title\"><a href=\"https:\/\/1dronas.lt\/en\/produktas\/betafpv-elrs-nano-receiver\/\" class=\"woocommerce-LoopProduct-link woocommerce-loop-product__link\">BETAFPV ELRS Nano Receiver<\/a><\/p><\/div><div class=\"price-wrapper\">\n\t<span class=\"price\"><span class=\"woocommerce-Price-amount amount\"><bdi><span class=\"woocommerce-Price-currencySymbol\">\u20ac<\/span>22,99<\/bdi><\/span><\/span>\n<\/div><div class=\"add-to-cart-button\"><a href=\"https:\/\/1dronas.lt\/en\/produktas\/betafpv-elrs-nano-receiver\/\" aria-describedby=\"woocommerce_loop_add_to_cart_link_describedby_2709\" data-quantity=\"1\" class=\"primary is-small mb-0 button product_type_variable add_to_cart_button is-flat\" data-product_id=\"2709\" data-product_sku=\"\" aria-label=\"Select options for \u201cBETAFPV ELRS Nano Receiver\u201d\" rel=\"nofollow\" data-no-translation=\"\" data-trp-gettext=\"\" data-no-translation-aria-label=\"\">Select options<\/a><\/div>\t<span id=\"woocommerce_loop_add_to_cart_link_describedby_2709\" class=\"screen-reader-text\">\n\t\tThis product has multiple variants. The options may be chosen on the product page\t<\/span>\n\t\t<\/div>\n\t<\/div>\n\t\t<\/div>\n<\/div><\/div><!-- row -->\n<\/div><\/div>","protected":false},"excerpt":{"rendered":"<p><span style=\"color: #333333;\">ExpressLRS is one of the fastest RC connectors and at the same time ensures a long operating range.<\/span><\/p>\n<p><span style=\"color: #333333;\"><strong><img loading=\"lazy\" decoding=\"async\" class=\"alignnone wp-image-1806\" src=\"https:\/\/1dronas.lt\/wp-content\/uploads\/2021\/05\/delivery-icon.png\" alt=\"\" width=\"24\" height=\"24\" srcset=\"https:\/\/1dronas.lt\/wp-content\/uploads\/2021\/05\/delivery-icon.png 35w, https:\/\/1dronas.lt\/wp-content\/uploads\/2021\/05\/delivery-icon-12x12.png 12w\" sizes=\"auto, (max-width: 24px) 100vw, 24px\" \/>\u00a0<span style=\"font-size: 90%;\">\u00a0\u00a01 \u2013 4 days<\/span><\/strong><\/span><\/p>","protected":false},"featured_media":2702,"comment_status":"open","ping_status":"closed","template":"","meta":[],"product_brand":[489],"product_cat":[175,74],"product_tag":[69,176],"class_list":{"0":"post-2697","1":"product","2":"type-product","3":"status-publish","4":"has-post-thumbnail","6":"product_brand-betafpv","7":"product_cat-moduliai-tx","8":"product_cat-pulteliai-ir-moduliai","9":"product_tag-betafpv","10":"product_tag-elrs","12":"first","13":"outofstock","14":"sale","15":"taxable","16":"shipping-taxable","17":"purchasable","18":"product-type-simple"},"yoast_head":"<!-- This site is optimized with the Yoast SEO plugin v27.4 - https:\/\/yoast.com\/product\/yoast-seo-wordpress\/ -->\n<title>BETAFPV ELRS Nano TX Module - 1dronas.lt<\/title>\n<meta name=\"robots\" content=\"index, follow, max-snippet:-1, max-image-preview:large, max-video-preview:-1\" \/>\n<link rel=\"canonical\" href=\"https:\/\/1dronas.lt\/en\/produktas\/betafpv-elrs-nano-tx-module\/\" \/>\n<meta property=\"og:locale\" content=\"en_US\" \/>\n<meta property=\"og:type\" content=\"article\" \/>\n<meta property=\"og:title\" content=\"BETAFPV ELRS Nano TX Module - 1dronas.lt\" \/>\n<meta property=\"og:description\" content=\"&quot;ExpressLRS&quot; yra viena spar\u010diausi\u0173 RC jung\u010di\u0173 ir kartu u\u017etikrina didel\u012f veikimo nuotol\u012f.  \u00a0\u00a0\u00a01 \u2013 4 d. d.\" \/>\n<meta property=\"og:url\" content=\"https:\/\/1dronas.lt\/en\/produktas\/betafpv-elrs-nano-tx-module\/\" \/>\n<meta property=\"og:site_name\" content=\"1dronas.lt\" \/>\n<meta property=\"article:publisher\" content=\"https:\/\/www.facebook.com\/1dronas\/\" \/>\n<meta property=\"article:modified_time\" content=\"2025-02-03T19:50:35+00:00\" \/>\n<meta property=\"og:image\" content=\"https:\/\/1dronas.lt\/wp-content\/uploads\/2021\/12\/3_7125fc85-fbd3-4cea-b0a6-1e4f8d49467d_900x.jpg\" \/>\n\t<meta property=\"og:image:width\" content=\"900\" \/>\n\t<meta property=\"og:image:height\" content=\"900\" \/>\n\t<meta property=\"og:image:type\" content=\"image\/jpeg\" \/>\n<meta name=\"twitter:card\" content=\"summary_large_image\" \/>\n<meta name=\"twitter:label1\" content=\"Est. reading time\" \/>\n\t<meta name=\"twitter:data1\" content=\"4 minutes\" \/>\n<script type=\"application\/ld+json\" class=\"yoast-schema-graph\">{\"@context\":\"https:\\\/\\\/schema.org\",\"@graph\":[{\"@type\":\"WebPage\",\"@id\":\"https:\\\/\\\/1dronas.lt\\\/en\\\/produktas\\\/betafpv-elrs-nano-tx-module\\\/\",\"url\":\"https:\\\/\\\/1dronas.lt\\\/en\\\/produktas\\\/betafpv-elrs-nano-tx-module\\\/\",\"name\":\"BETAFPV ELRS Nano TX Module - 1dronas.lt\",\"isPartOf\":{\"@id\":\"https:\\\/\\\/1dronas.lt\\\/en\\\/#website\"},\"primaryImageOfPage\":{\"@id\":\"https:\\\/\\\/1dronas.lt\\\/en\\\/produktas\\\/betafpv-elrs-nano-tx-module\\\/#primaryimage\"},\"image\":{\"@id\":\"https:\\\/\\\/1dronas.lt\\\/en\\\/produktas\\\/betafpv-elrs-nano-tx-module\\\/#primaryimage\"},\"thumbnailUrl\":\"https:\\\/\\\/1dronas.lt\\\/wp-content\\\/uploads\\\/2021\\\/12\\\/3_7125fc85-fbd3-4cea-b0a6-1e4f8d49467d_900x.jpg\",\"datePublished\":\"2022-01-15T17:51:12+00:00\",\"dateModified\":\"2025-02-03T19:50:35+00:00\",\"breadcrumb\":{\"@id\":\"https:\\\/\\\/1dronas.lt\\\/en\\\/produktas\\\/betafpv-elrs-nano-tx-module\\\/#breadcrumb\"},\"inLanguage\":\"en-US\",\"potentialAction\":[{\"@type\":\"ReadAction\",\"target\":[\"https:\\\/\\\/1dronas.lt\\\/en\\\/produktas\\\/betafpv-elrs-nano-tx-module\\\/\"]}]},{\"@type\":\"ImageObject\",\"inLanguage\":\"en-US\",\"@id\":\"https:\\\/\\\/1dronas.lt\\\/en\\\/produktas\\\/betafpv-elrs-nano-tx-module\\\/#primaryimage\",\"url\":\"https:\\\/\\\/1dronas.lt\\\/wp-content\\\/uploads\\\/2021\\\/12\\\/3_7125fc85-fbd3-4cea-b0a6-1e4f8d49467d_900x.jpg\",\"contentUrl\":\"https:\\\/\\\/1dronas.lt\\\/wp-content\\\/uploads\\\/2021\\\/12\\\/3_7125fc85-fbd3-4cea-b0a6-1e4f8d49467d_900x.jpg\",\"width\":900,\"height\":900},{\"@type\":\"BreadcrumbList\",\"@id\":\"https:\\\/\\\/1dronas.lt\\\/en\\\/produktas\\\/betafpv-elrs-nano-tx-module\\\/#breadcrumb\",\"itemListElement\":[{\"@type\":\"ListItem\",\"position\":1,\"name\":\"Home\",\"item\":\"https:\\\/\\\/1dronas.lt\\\/\"},{\"@type\":\"ListItem\",\"position\":2,\"name\":\"Parduotuv\u0117\",\"item\":\"https:\\\/\\\/1dronas.lt\\\/parduotuve\\\/\"},{\"@type\":\"ListItem\",\"position\":3,\"name\":\"BETAFPV ELRS Nano TX Module\"}]},{\"@type\":\"WebSite\",\"@id\":\"https:\\\/\\\/1dronas.lt\\\/en\\\/#website\",\"url\":\"https:\\\/\\\/1dronas.lt\\\/en\\\/\",\"name\":\"1dronas.lt\",\"description\":\"Internetin\u0117 parduotuv\u0117\",\"publisher\":{\"@id\":\"https:\\\/\\\/1dronas.lt\\\/en\\\/#organization\"},\"potentialAction\":[{\"@type\":\"SearchAction\",\"target\":{\"@type\":\"EntryPoint\",\"urlTemplate\":\"https:\\\/\\\/1dronas.lt\\\/en\\\/?s={search_term_string}\"},\"query-input\":{\"@type\":\"PropertyValueSpecification\",\"valueRequired\":true,\"valueName\":\"search_term_string\"}}],\"inLanguage\":\"en-US\"},{\"@type\":\"Organization\",\"@id\":\"https:\\\/\\\/1dronas.lt\\\/en\\\/#organization\",\"name\":\"1dronas.lt\",\"url\":\"https:\\\/\\\/1dronas.lt\\\/en\\\/\",\"logo\":{\"@type\":\"ImageObject\",\"inLanguage\":\"en-US\",\"@id\":\"https:\\\/\\\/1dronas.lt\\\/en\\\/#\\\/schema\\\/logo\\\/image\\\/\",\"url\":\"https:\\\/\\\/1dronas.lt\\\/wp-content\\\/uploads\\\/2020\\\/12\\\/Ekrano_kopija__2_-removebg-preview-1-1.png\",\"contentUrl\":\"https:\\\/\\\/1dronas.lt\\\/wp-content\\\/uploads\\\/2020\\\/12\\\/Ekrano_kopija__2_-removebg-preview-1-1.png\",\"width\":234,\"height\":81,\"caption\":\"1dronas.lt\"},\"image\":{\"@id\":\"https:\\\/\\\/1dronas.lt\\\/en\\\/#\\\/schema\\\/logo\\\/image\\\/\"},\"sameAs\":[\"https:\\\/\\\/www.facebook.com\\\/1dronas\\\/\"]}]}<\/script>\n<!-- \/ Yoast SEO plugin. -->","yoast_head_json":{"title":"BETAFPV ELRS Nano TX Module - 1dronas.lt","robots":{"index":"index","follow":"follow","max-snippet":"max-snippet:-1","max-image-preview":"max-image-preview:large","max-video-preview":"max-video-preview:-1"},"canonical":"https:\/\/1dronas.lt\/en\/produktas\/betafpv-elrs-nano-tx-module\/","og_locale":"en_US","og_type":"article","og_title":"BETAFPV ELRS Nano TX Module - 1dronas.lt","og_description":"\"ExpressLRS\" yra viena spar\u010diausi\u0173 RC jung\u010di\u0173 ir kartu u\u017etikrina didel\u012f veikimo nuotol\u012f.  \u00a0\u00a0\u00a01 \u2013 4 d. d.","og_url":"https:\/\/1dronas.lt\/en\/produktas\/betafpv-elrs-nano-tx-module\/","og_site_name":"1dronas.lt","article_publisher":"https:\/\/www.facebook.com\/1dronas\/","article_modified_time":"2025-02-03T19:50:35+00:00","og_image":[{"width":900,"height":900,"url":"https:\/\/1dronas.lt\/wp-content\/uploads\/2021\/12\/3_7125fc85-fbd3-4cea-b0a6-1e4f8d49467d_900x.jpg","type":"image\/jpeg"}],"twitter_card":"summary_large_image","twitter_misc":{"Est. reading time":"4 minutes"},"schema":{"@context":"https:\/\/schema.org","@graph":[{"@type":"WebPage","@id":"https:\/\/1dronas.lt\/en\/produktas\/betafpv-elrs-nano-tx-module\/","url":"https:\/\/1dronas.lt\/en\/produktas\/betafpv-elrs-nano-tx-module\/","name":"BETAFPV ELRS Nano TX Module - 1dronas.lt","isPartOf":{"@id":"https:\/\/1dronas.lt\/en\/#website"},"primaryImageOfPage":{"@id":"https:\/\/1dronas.lt\/en\/produktas\/betafpv-elrs-nano-tx-module\/#primaryimage"},"image":{"@id":"https:\/\/1dronas.lt\/en\/produktas\/betafpv-elrs-nano-tx-module\/#primaryimage"},"thumbnailUrl":"https:\/\/1dronas.lt\/wp-content\/uploads\/2021\/12\/3_7125fc85-fbd3-4cea-b0a6-1e4f8d49467d_900x.jpg","datePublished":"2022-01-15T17:51:12+00:00","dateModified":"2025-02-03T19:50:35+00:00","breadcrumb":{"@id":"https:\/\/1dronas.lt\/en\/produktas\/betafpv-elrs-nano-tx-module\/#breadcrumb"},"inLanguage":"en-US","potentialAction":[{"@type":"ReadAction","target":["https:\/\/1dronas.lt\/en\/produktas\/betafpv-elrs-nano-tx-module\/"]}]},{"@type":"ImageObject","inLanguage":"en-US","@id":"https:\/\/1dronas.lt\/en\/produktas\/betafpv-elrs-nano-tx-module\/#primaryimage","url":"https:\/\/1dronas.lt\/wp-content\/uploads\/2021\/12\/3_7125fc85-fbd3-4cea-b0a6-1e4f8d49467d_900x.jpg","contentUrl":"https:\/\/1dronas.lt\/wp-content\/uploads\/2021\/12\/3_7125fc85-fbd3-4cea-b0a6-1e4f8d49467d_900x.jpg","width":900,"height":900},{"@type":"BreadcrumbList","@id":"https:\/\/1dronas.lt\/en\/produktas\/betafpv-elrs-nano-tx-module\/#breadcrumb","itemListElement":[{"@type":"ListItem","position":1,"name":"Home","item":"https:\/\/1dronas.lt\/"},{"@type":"ListItem","position":2,"name":"Parduotuv\u0117","item":"https:\/\/1dronas.lt\/parduotuve\/"},{"@type":"ListItem","position":3,"name":"BETAFPV ELRS Nano TX Module"}]},{"@type":"WebSite","@id":"https:\/\/1dronas.lt\/en\/#website","url":"https:\/\/1dronas.lt\/en\/","name":"1dronas.lt","description":"Online store","publisher":{"@id":"https:\/\/1dronas.lt\/en\/#organization"},"potentialAction":[{"@type":"SearchAction","target":{"@type":"EntryPoint","urlTemplate":"https:\/\/1dronas.lt\/en\/?s={search_term_string}"},"query-input":{"@type":"PropertyValueSpecification","valueRequired":true,"valueName":"search_term_string"}}],"inLanguage":"en-US"},{"@type":"Organization","@id":"https:\/\/1dronas.lt\/en\/#organization","name":"1dronas.lt","url":"https:\/\/1dronas.lt\/en\/","logo":{"@type":"ImageObject","inLanguage":"en-US","@id":"https:\/\/1dronas.lt\/en\/#\/schema\/logo\/image\/","url":"https:\/\/1dronas.lt\/wp-content\/uploads\/2020\/12\/Ekrano_kopija__2_-removebg-preview-1-1.png","contentUrl":"https:\/\/1dronas.lt\/wp-content\/uploads\/2020\/12\/Ekrano_kopija__2_-removebg-preview-1-1.png","width":234,"height":81,"caption":"1dronas.lt"},"image":{"@id":"https:\/\/1dronas.lt\/en\/#\/schema\/logo\/image\/"},"sameAs":["https:\/\/www.facebook.com\/1dronas\/"]}]}},"jetpack_sharing_enabled":true,"_links":{"self":[{"href":"https:\/\/1dronas.lt\/en\/wp-json\/wp\/v2\/product\/2697","targetHints":{"allow":["GET"]}}],"collection":[{"href":"https:\/\/1dronas.lt\/en\/wp-json\/wp\/v2\/product"}],"about":[{"href":"https:\/\/1dronas.lt\/en\/wp-json\/wp\/v2\/types\/product"}],"replies":[{"embeddable":true,"href":"https:\/\/1dronas.lt\/en\/wp-json\/wp\/v2\/comments?post=2697"}],"wp:featuredmedia":[{"embeddable":true,"href":"https:\/\/1dronas.lt\/en\/wp-json\/wp\/v2\/media\/2702"}],"wp:attachment":[{"href":"https:\/\/1dronas.lt\/en\/wp-json\/wp\/v2\/media?parent=2697"}],"wp:term":[{"taxonomy":"product_brand","embeddable":true,"href":"https:\/\/1dronas.lt\/en\/wp-json\/wp\/v2\/product_brand?post=2697"},{"taxonomy":"product_cat","embeddable":true,"href":"https:\/\/1dronas.lt\/en\/wp-json\/wp\/v2\/product_cat?post=2697"},{"taxonomy":"product_tag","embeddable":true,"href":"https:\/\/1dronas.lt\/en\/wp-json\/wp\/v2\/product_tag?post=2697"}],"curies":[{"name":"wp","href":"https:\/\/api.w.org\/{rel}","templated":true}]}}