{"id":2655,"date":"2021-12-08T16:52:17","date_gmt":"2021-12-08T16:52:17","guid":{"rendered":"https:\/\/1dronas.lt\/?post_type=product&#038;p=2655"},"modified":"2025-07-21T10:22:33","modified_gmt":"2025-07-21T10:22:33","slug":"tbs-unify-pro-5g8-hv-race-sma","status":"publish","type":"product","link":"https:\/\/1dronas.lt\/en\/produktas\/tbs-unify-pro-5g8-hv-race-sma\/","title":{"rendered":"TBS UNIFY PRO 5G8 HV RACE (SMA)"},"content":{"rendered":"<p><strong>Features:<\/strong><\/p>\n<h5><span style=\"color: #6e6e6e;\"><strong>PITMODE \u2013 DESIGNED FOR RACING<\/strong><\/span><\/h5>\n<p>Zero interference even when powered on \u2013 now it\u2019s possible! If you\u2019ve ever repaired an aircraft during a race, you know how frustrating it can be to not be able to power up and test your systems. With PitMode, we\u2019ll reduce the output power to a minimum (well below single-digit mW) and move you to frequencies not used by the race organizers so you can power up your aircraft and still see the picture! You\u2019ll have a range of several meters to test your aircraft before you park it on the starting line, and with CleanSwitch, you can power up as soon as your channel is free, without interrupting any active channels.<\/p>\n<h5><span style=\"color: #6e6e6e;\"><strong>SMARTAUDIO V2 \u2013 FULL CONTROL<\/strong><\/span><\/h5>\n<p>SmartAudio technology provides full UART and I2C control of the video transmitter. Parameters such as output power, bands, channels and frequency can be freely controlled. This allows remote control of channels directly from a smart device (requires TBS Crossfire, external Bluetooth or Wi-Fi module), from a radio (requires TBS Crossfire with TBS Tango or OpenTX compatible remote control) or from the OSD (e.g. TBS CORE PRO). With all these options, you should find something that suits you. Together with CleanSwitch - it is possible to jump from one channel to another without disturbing other pilots in the air, create a backup\/emergency frequency, global VTx power regulation by the competition organizers or other smart systems designed to simplify and improve competition management!<\/p>\n<h5><span style=\"color: #6e6e6e;\"><strong>CLEANSWITCH \u2013 NEIGHBORHOOD FRIENDLY<\/strong><\/span><\/h5>\n<p>CleanSwitch is a technology developed by TBS that will ensure that your video transmitter does not cause interference when you turn it on or change channels. All current video transmitters sweep the entire frequency band when turned on, which often causes flickering and strong interference to everyone on the air, regardless of the selected video channel. With TBS CleanSwitch, you will be able to turn on and change channels while your buddies are on the air, without any external interference. CleanSwitch is friendly to racers and pilots\u2026 yes.<\/p>\n<p><strong>Specification:<br \/>\n<\/strong><\/p>\n<p>\u2022 Manufacturer: TBS;<br \/>\n\u2022 Model: TBS UNIFY PRO 5G8 HV;<br \/>\n\u2022 Operating voltage: 2S \u2013 6S;<br \/>\n\u2022 Supply current: 600mA;<br \/>\n\u2022 Audio frequency: 6.5 MHz;<br \/>\n\u2022 Video input impedance: 75 Ohm;<br \/>\n\u2022 Antenna connector: SMA Female with screw mounting holes, U.FL to VTx;<br \/>\n\u2022 Video format: NTSC\/PAL;<br \/>\n\u2022 Input connector: JST GH;<br \/>\n\u2022 Output power: 13dBm (25mW), 23dBm (200mW);<br \/>\n\u2022 Weight: 7 g.<\/p>\n<p><strong>Package:<\/strong><\/p>\n<p>1x TBS UNIFY video transmitter;<br \/>\n1x 5V video transmitter cable;<\/p>","protected":false},"excerpt":{"rendered":"<p id=\"tw-target-text\" class=\"tw-data-text tw-text-large tw-ta\" dir=\"ltr\" data-placeholder=\"Translation\"><span class=\"Y2IQFc\" lang=\"lt\" style=\"color: #333333;\">Small, lightweight and powerful video transmitter for FPV racing at a very attractive price!<\/span><\/p>\n<p><span style=\"color: #333333; font-size: 90%;\"><strong><img loading=\"lazy\" decoding=\"async\" class=\"alignnone wp-image-1806\" src=\"https:\/\/1dronas.lt\/wp-content\/uploads\/2021\/05\/delivery-icon.png\" alt=\"\" width=\"24\" height=\"24\" srcset=\"https:\/\/1dronas.lt\/wp-content\/uploads\/2021\/05\/delivery-icon.png 35w, https:\/\/1dronas.lt\/wp-content\/uploads\/2021\/05\/delivery-icon-12x12.png 12w\" sizes=\"auto, (max-width: 24px) 100vw, 24px\" \/>\u00a0 \u00a01 \u2013 4 days<\/strong><\/span><\/p>","protected":false},"featured_media":2670,"comment_status":"open","ping_status":"closed","template":"","meta":[],"product_brand":[501],"product_cat":[218],"product_tag":[167,170],"class_list":{"0":"post-2655","1":"product","2":"type-product","3":"status-publish","4":"has-post-thumbnail","6":"product_brand-tbs","7":"product_cat-vaizdo-siustuvai-vtx","8":"product_tag-tbs","9":"product_tag-vtx","11":"first","12":"outofstock","13":"taxable","14":"shipping-taxable","15":"purchasable","16":"product-type-simple"},"yoast_head":"<!-- This site is optimized with the Yoast SEO plugin v27.6 - https:\/\/yoast.com\/product\/yoast-seo-wordpress\/ -->\n<title>TBS UNIFY PRO 5G8 HV RACE (SMA) - 1dronas.lt<\/title>\n<meta name=\"robots\" content=\"index, follow, max-snippet:-1, max-image-preview:large, max-video-preview:-1\" \/>\n<link rel=\"canonical\" href=\"https:\/\/1dronas.lt\/en\/produktas\/tbs-unify-pro-5g8-hv-race-sma\/\" \/>\n<meta property=\"og:locale\" content=\"en_US\" \/>\n<meta property=\"og:type\" content=\"article\" \/>\n<meta property=\"og:title\" content=\"TBS UNIFY PRO 5G8 HV RACE (SMA) - 1dronas.lt\" \/>\n<meta property=\"og:description\" content=\"Ma\u017eas, lengvas ir galingas vaizdo si\u0173stuvas FPV lenktyn\u0117ms u\u017e labai patraukli\u0105 kain\u0105! \u00a0 \u00a01 \u2013 4 d. d.\" \/>\n<meta property=\"og:url\" content=\"https:\/\/1dronas.lt\/en\/produktas\/tbs-unify-pro-5g8-hv-race-sma\/\" \/>\n<meta property=\"og:site_name\" content=\"1dronas.lt\" \/>\n<meta property=\"article:publisher\" content=\"https:\/\/www.facebook.com\/1dronas\/\" \/>\n<meta property=\"article:modified_time\" content=\"2025-07-21T10:22:33+00:00\" \/>\n<meta property=\"og:image\" content=\"https:\/\/1dronas.lt\/wp-content\/uploads\/2021\/12\/1_15fb0f37-986c-4cbc-8f36-a133401a6489_720x.jpg\" \/>\n\t<meta property=\"og:image:width\" content=\"1000\" \/>\n\t<meta property=\"og:image:height\" content=\"1000\" \/>\n\t<meta property=\"og:image:type\" content=\"image\/jpeg\" \/>\n<meta name=\"twitter:card\" content=\"summary_large_image\" \/>\n<meta name=\"twitter:label1\" content=\"Est. reading time\" \/>\n\t<meta name=\"twitter:data1\" content=\"3 minutes\" \/>\n<script type=\"application\/ld+json\" class=\"yoast-schema-graph\">{\"@context\":\"https:\\\/\\\/schema.org\",\"@graph\":[{\"@type\":\"WebPage\",\"@id\":\"https:\\\/\\\/1dronas.lt\\\/en\\\/produktas\\\/tbs-unify-pro-5g8-hv-race-sma\\\/\",\"url\":\"https:\\\/\\\/1dronas.lt\\\/en\\\/produktas\\\/tbs-unify-pro-5g8-hv-race-sma\\\/\",\"name\":\"TBS UNIFY PRO 5G8 HV RACE (SMA) - 1dronas.lt\",\"isPartOf\":{\"@id\":\"https:\\\/\\\/1dronas.lt\\\/en\\\/#website\"},\"primaryImageOfPage\":{\"@id\":\"https:\\\/\\\/1dronas.lt\\\/en\\\/produktas\\\/tbs-unify-pro-5g8-hv-race-sma\\\/#primaryimage\"},\"image\":{\"@id\":\"https:\\\/\\\/1dronas.lt\\\/en\\\/produktas\\\/tbs-unify-pro-5g8-hv-race-sma\\\/#primaryimage\"},\"thumbnailUrl\":\"https:\\\/\\\/1dronas.lt\\\/wp-content\\\/uploads\\\/2021\\\/12\\\/1_15fb0f37-986c-4cbc-8f36-a133401a6489_720x.jpg\",\"datePublished\":\"2021-12-08T16:52:17+00:00\",\"dateModified\":\"2025-07-21T10:22:33+00:00\",\"breadcrumb\":{\"@id\":\"https:\\\/\\\/1dronas.lt\\\/en\\\/produktas\\\/tbs-unify-pro-5g8-hv-race-sma\\\/#breadcrumb\"},\"inLanguage\":\"en-US\",\"potentialAction\":[{\"@type\":\"ReadAction\",\"target\":[\"https:\\\/\\\/1dronas.lt\\\/en\\\/produktas\\\/tbs-unify-pro-5g8-hv-race-sma\\\/\"]}]},{\"@type\":\"ImageObject\",\"inLanguage\":\"en-US\",\"@id\":\"https:\\\/\\\/1dronas.lt\\\/en\\\/produktas\\\/tbs-unify-pro-5g8-hv-race-sma\\\/#primaryimage\",\"url\":\"https:\\\/\\\/1dronas.lt\\\/wp-content\\\/uploads\\\/2021\\\/12\\\/1_15fb0f37-986c-4cbc-8f36-a133401a6489_720x.jpg\",\"contentUrl\":\"https:\\\/\\\/1dronas.lt\\\/wp-content\\\/uploads\\\/2021\\\/12\\\/1_15fb0f37-986c-4cbc-8f36-a133401a6489_720x.jpg\",\"width\":1000,\"height\":1000},{\"@type\":\"BreadcrumbList\",\"@id\":\"https:\\\/\\\/1dronas.lt\\\/en\\\/produktas\\\/tbs-unify-pro-5g8-hv-race-sma\\\/#breadcrumb\",\"itemListElement\":[{\"@type\":\"ListItem\",\"position\":1,\"name\":\"Home\",\"item\":\"https:\\\/\\\/1dronas.lt\\\/\"},{\"@type\":\"ListItem\",\"position\":2,\"name\":\"Parduotuv\u0117\",\"item\":\"https:\\\/\\\/1dronas.lt\\\/parduotuve\\\/\"},{\"@type\":\"ListItem\",\"position\":3,\"name\":\"TBS UNIFY PRO 5G8 HV RACE (SMA)\"}]},{\"@type\":\"WebSite\",\"@id\":\"https:\\\/\\\/1dronas.lt\\\/en\\\/#website\",\"url\":\"https:\\\/\\\/1dronas.lt\\\/en\\\/\",\"name\":\"1dronas.lt\",\"description\":\"Internetin\u0117 parduotuv\u0117\",\"publisher\":{\"@id\":\"https:\\\/\\\/1dronas.lt\\\/en\\\/#organization\"},\"potentialAction\":[{\"@type\":\"SearchAction\",\"target\":{\"@type\":\"EntryPoint\",\"urlTemplate\":\"https:\\\/\\\/1dronas.lt\\\/en\\\/?s={search_term_string}\"},\"query-input\":{\"@type\":\"PropertyValueSpecification\",\"valueRequired\":true,\"valueName\":\"search_term_string\"}}],\"inLanguage\":\"en-US\"},{\"@type\":\"Organization\",\"@id\":\"https:\\\/\\\/1dronas.lt\\\/en\\\/#organization\",\"name\":\"1dronas.lt\",\"url\":\"https:\\\/\\\/1dronas.lt\\\/en\\\/\",\"logo\":{\"@type\":\"ImageObject\",\"inLanguage\":\"en-US\",\"@id\":\"https:\\\/\\\/1dronas.lt\\\/en\\\/#\\\/schema\\\/logo\\\/image\\\/\",\"url\":\"https:\\\/\\\/1dronas.lt\\\/wp-content\\\/uploads\\\/2020\\\/12\\\/Ekrano_kopija__2_-removebg-preview-1-1.png\",\"contentUrl\":\"https:\\\/\\\/1dronas.lt\\\/wp-content\\\/uploads\\\/2020\\\/12\\\/Ekrano_kopija__2_-removebg-preview-1-1.png\",\"width\":234,\"height\":81,\"caption\":\"1dronas.lt\"},\"image\":{\"@id\":\"https:\\\/\\\/1dronas.lt\\\/en\\\/#\\\/schema\\\/logo\\\/image\\\/\"},\"sameAs\":[\"https:\\\/\\\/www.facebook.com\\\/1dronas\\\/\"]}]}<\/script>\n<!-- \/ Yoast SEO plugin. -->","yoast_head_json":{"title":"TBS UNIFY PRO 5G8 HV RACE (SMA) - 1dronas.lt","robots":{"index":"index","follow":"follow","max-snippet":"max-snippet:-1","max-image-preview":"max-image-preview:large","max-video-preview":"max-video-preview:-1"},"canonical":"https:\/\/1dronas.lt\/en\/produktas\/tbs-unify-pro-5g8-hv-race-sma\/","og_locale":"en_US","og_type":"article","og_title":"TBS UNIFY PRO 5G8 HV RACE (SMA) - 1dronas.lt","og_description":"Ma\u017eas, lengvas ir galingas vaizdo si\u0173stuvas FPV lenktyn\u0117ms u\u017e labai patraukli\u0105 kain\u0105! \u00a0 \u00a01 \u2013 4 d. d.","og_url":"https:\/\/1dronas.lt\/en\/produktas\/tbs-unify-pro-5g8-hv-race-sma\/","og_site_name":"1dronas.lt","article_publisher":"https:\/\/www.facebook.com\/1dronas\/","article_modified_time":"2025-07-21T10:22:33+00:00","og_image":[{"width":1000,"height":1000,"url":"https:\/\/1dronas.lt\/wp-content\/uploads\/2021\/12\/1_15fb0f37-986c-4cbc-8f36-a133401a6489_720x.jpg","type":"image\/jpeg"}],"twitter_card":"summary_large_image","twitter_misc":{"Est. reading time":"3 minutes"},"schema":{"@context":"https:\/\/schema.org","@graph":[{"@type":"WebPage","@id":"https:\/\/1dronas.lt\/en\/produktas\/tbs-unify-pro-5g8-hv-race-sma\/","url":"https:\/\/1dronas.lt\/en\/produktas\/tbs-unify-pro-5g8-hv-race-sma\/","name":"TBS UNIFY PRO 5G8 HV RACE (SMA) - 1dronas.lt","isPartOf":{"@id":"https:\/\/1dronas.lt\/en\/#website"},"primaryImageOfPage":{"@id":"https:\/\/1dronas.lt\/en\/produktas\/tbs-unify-pro-5g8-hv-race-sma\/#primaryimage"},"image":{"@id":"https:\/\/1dronas.lt\/en\/produktas\/tbs-unify-pro-5g8-hv-race-sma\/#primaryimage"},"thumbnailUrl":"https:\/\/1dronas.lt\/wp-content\/uploads\/2021\/12\/1_15fb0f37-986c-4cbc-8f36-a133401a6489_720x.jpg","datePublished":"2021-12-08T16:52:17+00:00","dateModified":"2025-07-21T10:22:33+00:00","breadcrumb":{"@id":"https:\/\/1dronas.lt\/en\/produktas\/tbs-unify-pro-5g8-hv-race-sma\/#breadcrumb"},"inLanguage":"en-US","potentialAction":[{"@type":"ReadAction","target":["https:\/\/1dronas.lt\/en\/produktas\/tbs-unify-pro-5g8-hv-race-sma\/"]}]},{"@type":"ImageObject","inLanguage":"en-US","@id":"https:\/\/1dronas.lt\/en\/produktas\/tbs-unify-pro-5g8-hv-race-sma\/#primaryimage","url":"https:\/\/1dronas.lt\/wp-content\/uploads\/2021\/12\/1_15fb0f37-986c-4cbc-8f36-a133401a6489_720x.jpg","contentUrl":"https:\/\/1dronas.lt\/wp-content\/uploads\/2021\/12\/1_15fb0f37-986c-4cbc-8f36-a133401a6489_720x.jpg","width":1000,"height":1000},{"@type":"BreadcrumbList","@id":"https:\/\/1dronas.lt\/en\/produktas\/tbs-unify-pro-5g8-hv-race-sma\/#breadcrumb","itemListElement":[{"@type":"ListItem","position":1,"name":"Home","item":"https:\/\/1dronas.lt\/"},{"@type":"ListItem","position":2,"name":"Parduotuv\u0117","item":"https:\/\/1dronas.lt\/parduotuve\/"},{"@type":"ListItem","position":3,"name":"TBS UNIFY PRO 5G8 HV RACE (SMA)"}]},{"@type":"WebSite","@id":"https:\/\/1dronas.lt\/en\/#website","url":"https:\/\/1dronas.lt\/en\/","name":"1dronas.lt","description":"Online store","publisher":{"@id":"https:\/\/1dronas.lt\/en\/#organization"},"potentialAction":[{"@type":"SearchAction","target":{"@type":"EntryPoint","urlTemplate":"https:\/\/1dronas.lt\/en\/?s={search_term_string}"},"query-input":{"@type":"PropertyValueSpecification","valueRequired":true,"valueName":"search_term_string"}}],"inLanguage":"en-US"},{"@type":"Organization","@id":"https:\/\/1dronas.lt\/en\/#organization","name":"1dronas.lt","url":"https:\/\/1dronas.lt\/en\/","logo":{"@type":"ImageObject","inLanguage":"en-US","@id":"https:\/\/1dronas.lt\/en\/#\/schema\/logo\/image\/","url":"https:\/\/1dronas.lt\/wp-content\/uploads\/2020\/12\/Ekrano_kopija__2_-removebg-preview-1-1.png","contentUrl":"https:\/\/1dronas.lt\/wp-content\/uploads\/2020\/12\/Ekrano_kopija__2_-removebg-preview-1-1.png","width":234,"height":81,"caption":"1dronas.lt"},"image":{"@id":"https:\/\/1dronas.lt\/en\/#\/schema\/logo\/image\/"},"sameAs":["https:\/\/www.facebook.com\/1dronas\/"]}]}},"jetpack_sharing_enabled":true,"_links":{"self":[{"href":"https:\/\/1dronas.lt\/en\/wp-json\/wp\/v2\/product\/2655","targetHints":{"allow":["GET"]}}],"collection":[{"href":"https:\/\/1dronas.lt\/en\/wp-json\/wp\/v2\/product"}],"about":[{"href":"https:\/\/1dronas.lt\/en\/wp-json\/wp\/v2\/types\/product"}],"replies":[{"embeddable":true,"href":"https:\/\/1dronas.lt\/en\/wp-json\/wp\/v2\/comments?post=2655"}],"wp:featuredmedia":[{"embeddable":true,"href":"https:\/\/1dronas.lt\/en\/wp-json\/wp\/v2\/media\/2670"}],"wp:attachment":[{"href":"https:\/\/1dronas.lt\/en\/wp-json\/wp\/v2\/media?parent=2655"}],"wp:term":[{"taxonomy":"product_brand","embeddable":true,"href":"https:\/\/1dronas.lt\/en\/wp-json\/wp\/v2\/product_brand?post=2655"},{"taxonomy":"product_cat","embeddable":true,"href":"https:\/\/1dronas.lt\/en\/wp-json\/wp\/v2\/product_cat?post=2655"},{"taxonomy":"product_tag","embeddable":true,"href":"https:\/\/1dronas.lt\/en\/wp-json\/wp\/v2\/product_tag?post=2655"}],"curies":[{"name":"wp","href":"https:\/\/api.w.org\/{rel}","templated":true}]}}