{"id":2616,"date":"2021-12-01T11:45:30","date_gmt":"2021-12-01T11:45:30","guid":{"rendered":"https:\/\/1dronas.lt\/?post_type=product&#038;p=2616"},"modified":"2022-12-18T11:28:54","modified_gmt":"2022-12-18T11:28:54","slug":"tbs-mambo-fpv","status":"publish","type":"product","link":"https:\/\/1dronas.lt\/en\/produktas\/tbs-mambo-fpv\/","title":{"rendered":"TBS MAMBO FPV"},"content":{"rendered":"<p><strong>Features:<\/strong><\/p>\n<p>\u2022 The first radio receiver with a built-in TBS Tracer. It fits your existing TBS Crossfire module via the JR socket!;<br \/>\n\u2022 CRSF V3 protocol support \u2013 lowest latency and most immediate response of all available remote controls. Supports range up to 25 km \/ 15 miles. Built-in antenna ensures maximum immunity to interference.<br \/>\n\u2022 Ball bearing sensor rotary mechanisms;<br \/>\n\u2022 Configurable resistance and tension. Adjustable throttle handle and tilt direction (+\/- 10 degrees). Includes a set of spare springs for lower tension;<br \/>\n\u2022 Ergonomic housing design with comfortable rubber edges 4 x 3-position switches, 2x potentiometers with central notch, 1 x 2-position switch, 1x momentary button, 4x digital buttons;<br \/>\n\u2022 Perfectly balanced strap holder;<br \/>\n\u2022 Support for up to 12 channels;<br \/>\n\u2022 Speech audio output with audio jack and touch vibration alert;<br \/>\n\u2022 Rocker wheel and 3-button menu \u2013 for extremely simple navigation;<br \/>\n\u2022 High resolution (128*64) black and white LCD screen with backlight;<br \/>\n\u2022 100+ model memory with included SD card;<br \/>\n\u2022 Compatibility with TBS Cloud.<\/p>\n<p><strong>Specification:<\/strong><\/p>\n<p>\u2022 Manufacturer: TBS;<br \/>\n\u2022 Model: Mambo;<br \/>\n\u2022 Weight: 565g. ;<br \/>\n\u2022 Channels: up to 12;<br \/>\n\u2022 Charging connector: TypeC.<\/p>\n<p><strong>Package:<\/strong><\/p>\n<p>1x remote control TBS Mambo;<br \/>\n1x set of springs (loose)<\/p>\n<p>We recommend:<\/p>\n<div class=\"woocommerce columns-4\"><div class=\"products row row-small large-columns-4 medium-columns-3 small-columns-2 has-shadow row-box-shadow-3 row-box-shadow-4-hover has-equal-box-heights equalize-box\">\n<\/div><!-- row -->\n<\/div>","protected":false},"excerpt":{"rendered":"<p id=\"tw-target-text\" class=\"tw-data-text tw-text-large tw-ta\" dir=\"ltr\" data-placeholder=\"Translation\"><span class=\"Y2IQFc\" lang=\"lt\" style=\"color: #333333;\">The TBS Mambo follows in the footsteps of the Tango 2, with greater attention to detail: a larger screen, a traditional-shaped remote with switches and potentiometers, a JR module compartment, replaceable batteries, and trim buttons!<\/span><\/p>\n<p dir=\"ltr\" data-placeholder=\"Translation\"><span style=\"font-size: 90%; color: #333333;\"><strong><img loading=\"lazy\" decoding=\"async\" class=\"alignnone wp-image-1806\" src=\"https:\/\/1dronas.lt\/wp-content\/uploads\/2021\/05\/delivery-icon.png\" alt=\"\" width=\"24\" height=\"24\" srcset=\"https:\/\/1dronas.lt\/wp-content\/uploads\/2021\/05\/delivery-icon.png 35w, https:\/\/1dronas.lt\/wp-content\/uploads\/2021\/05\/delivery-icon-12x12.png 12w\" sizes=\"auto, (max-width: 24px) 100vw, 24px\" \/>\u00a0 \u00a01 \u2013 4 days<\/strong><\/span><\/p>","protected":false},"featured_media":2625,"comment_status":"open","ping_status":"closed","template":"","meta":[],"product_brand":[],"product_cat":[221,74],"product_tag":[75,167],"class_list":{"0":"post-2616","1":"product","2":"type-product","3":"status-publish","4":"has-post-thumbnail","6":"product_cat-nuotolinio-valdymo-pulteliai","7":"product_cat-pulteliai-ir-moduliai","8":"product_tag-nuotolinio-valdymo-pulteliai","9":"product_tag-tbs","11":"first","12":"outofstock","13":"purchasable","14":"product-type-simple"},"yoast_head":"<!-- This site is optimized with the Yoast SEO plugin v27.4 - https:\/\/yoast.com\/product\/yoast-seo-wordpress\/ -->\n<title>TBS MAMBO FPV - 1dronas.lt<\/title>\n<meta name=\"robots\" content=\"index, follow, max-snippet:-1, max-image-preview:large, max-video-preview:-1\" \/>\n<link rel=\"canonical\" href=\"https:\/\/1dronas.lt\/en\/produktas\/tbs-mambo-fpv\/\" \/>\n<meta property=\"og:locale\" content=\"en_US\" \/>\n<meta property=\"og:type\" content=\"article\" \/>\n<meta property=\"og:title\" content=\"TBS MAMBO FPV - 1dronas.lt\" \/>\n<meta property=\"og:description\" content=\"TBS Mambo seka Tango 2 p\u0117domis, su didesniu d\u0117mesiu detal\u0117ms: didesnis ekranas, tradicin\u0117s formos pultelis su jungikliais ir potenciometrais, JR modulio skyrius, kei\u010diamos baterijos ir apdailos mygtukai! \u00a0 \u00a01 \u2013 4 d. d.\" \/>\n<meta property=\"og:url\" content=\"https:\/\/1dronas.lt\/en\/produktas\/tbs-mambo-fpv\/\" \/>\n<meta property=\"og:site_name\" content=\"1dronas.lt\" \/>\n<meta property=\"article:publisher\" content=\"https:\/\/www.facebook.com\/1dronas\/\" \/>\n<meta property=\"article:modified_time\" content=\"2022-12-18T11:28:54+00:00\" \/>\n<meta property=\"og:image\" content=\"https:\/\/1dronas.lt\/wp-content\/uploads\/2021\/11\/2134-1.jpg\" \/>\n\t<meta property=\"og:image:width\" content=\"800\" \/>\n\t<meta property=\"og:image:height\" content=\"800\" \/>\n\t<meta property=\"og:image:type\" content=\"image\/jpeg\" \/>\n<meta name=\"twitter:card\" content=\"summary_large_image\" \/>\n<meta name=\"twitter:label1\" content=\"Est. reading time\" \/>\n\t<meta name=\"twitter:data1\" content=\"1 minute\" \/>\n<script type=\"application\/ld+json\" class=\"yoast-schema-graph\">{\"@context\":\"https:\\\/\\\/schema.org\",\"@graph\":[{\"@type\":\"WebPage\",\"@id\":\"https:\\\/\\\/1dronas.lt\\\/en\\\/produktas\\\/tbs-mambo-fpv\\\/\",\"url\":\"https:\\\/\\\/1dronas.lt\\\/en\\\/produktas\\\/tbs-mambo-fpv\\\/\",\"name\":\"TBS MAMBO FPV - 1dronas.lt\",\"isPartOf\":{\"@id\":\"https:\\\/\\\/1dronas.lt\\\/en\\\/#website\"},\"primaryImageOfPage\":{\"@id\":\"https:\\\/\\\/1dronas.lt\\\/en\\\/produktas\\\/tbs-mambo-fpv\\\/#primaryimage\"},\"image\":{\"@id\":\"https:\\\/\\\/1dronas.lt\\\/en\\\/produktas\\\/tbs-mambo-fpv\\\/#primaryimage\"},\"thumbnailUrl\":\"https:\\\/\\\/1dronas.lt\\\/wp-content\\\/uploads\\\/2021\\\/11\\\/2134-1.jpg\",\"datePublished\":\"2021-12-01T11:45:30+00:00\",\"dateModified\":\"2022-12-18T11:28:54+00:00\",\"breadcrumb\":{\"@id\":\"https:\\\/\\\/1dronas.lt\\\/en\\\/produktas\\\/tbs-mambo-fpv\\\/#breadcrumb\"},\"inLanguage\":\"en-US\",\"potentialAction\":[{\"@type\":\"ReadAction\",\"target\":[\"https:\\\/\\\/1dronas.lt\\\/en\\\/produktas\\\/tbs-mambo-fpv\\\/\"]}]},{\"@type\":\"ImageObject\",\"inLanguage\":\"en-US\",\"@id\":\"https:\\\/\\\/1dronas.lt\\\/en\\\/produktas\\\/tbs-mambo-fpv\\\/#primaryimage\",\"url\":\"https:\\\/\\\/1dronas.lt\\\/wp-content\\\/uploads\\\/2021\\\/11\\\/2134-1.jpg\",\"contentUrl\":\"https:\\\/\\\/1dronas.lt\\\/wp-content\\\/uploads\\\/2021\\\/11\\\/2134-1.jpg\",\"width\":800,\"height\":800},{\"@type\":\"BreadcrumbList\",\"@id\":\"https:\\\/\\\/1dronas.lt\\\/en\\\/produktas\\\/tbs-mambo-fpv\\\/#breadcrumb\",\"itemListElement\":[{\"@type\":\"ListItem\",\"position\":1,\"name\":\"Home\",\"item\":\"https:\\\/\\\/1dronas.lt\\\/\"},{\"@type\":\"ListItem\",\"position\":2,\"name\":\"Parduotuv\u0117\",\"item\":\"https:\\\/\\\/1dronas.lt\\\/parduotuve\\\/\"},{\"@type\":\"ListItem\",\"position\":3,\"name\":\"TBS MAMBO FPV\"}]},{\"@type\":\"WebSite\",\"@id\":\"https:\\\/\\\/1dronas.lt\\\/en\\\/#website\",\"url\":\"https:\\\/\\\/1dronas.lt\\\/en\\\/\",\"name\":\"1dronas.lt\",\"description\":\"Internetin\u0117 parduotuv\u0117\",\"publisher\":{\"@id\":\"https:\\\/\\\/1dronas.lt\\\/en\\\/#organization\"},\"potentialAction\":[{\"@type\":\"SearchAction\",\"target\":{\"@type\":\"EntryPoint\",\"urlTemplate\":\"https:\\\/\\\/1dronas.lt\\\/en\\\/?s={search_term_string}\"},\"query-input\":{\"@type\":\"PropertyValueSpecification\",\"valueRequired\":true,\"valueName\":\"search_term_string\"}}],\"inLanguage\":\"en-US\"},{\"@type\":\"Organization\",\"@id\":\"https:\\\/\\\/1dronas.lt\\\/en\\\/#organization\",\"name\":\"1dronas.lt\",\"url\":\"https:\\\/\\\/1dronas.lt\\\/en\\\/\",\"logo\":{\"@type\":\"ImageObject\",\"inLanguage\":\"en-US\",\"@id\":\"https:\\\/\\\/1dronas.lt\\\/en\\\/#\\\/schema\\\/logo\\\/image\\\/\",\"url\":\"https:\\\/\\\/1dronas.lt\\\/wp-content\\\/uploads\\\/2020\\\/12\\\/Ekrano_kopija__2_-removebg-preview-1-1.png\",\"contentUrl\":\"https:\\\/\\\/1dronas.lt\\\/wp-content\\\/uploads\\\/2020\\\/12\\\/Ekrano_kopija__2_-removebg-preview-1-1.png\",\"width\":234,\"height\":81,\"caption\":\"1dronas.lt\"},\"image\":{\"@id\":\"https:\\\/\\\/1dronas.lt\\\/en\\\/#\\\/schema\\\/logo\\\/image\\\/\"},\"sameAs\":[\"https:\\\/\\\/www.facebook.com\\\/1dronas\\\/\"]}]}<\/script>\n<!-- \/ Yoast SEO plugin. -->","yoast_head_json":{"title":"TBS MAMBO FPV - 1dronas.lt","robots":{"index":"index","follow":"follow","max-snippet":"max-snippet:-1","max-image-preview":"max-image-preview:large","max-video-preview":"max-video-preview:-1"},"canonical":"https:\/\/1dronas.lt\/en\/produktas\/tbs-mambo-fpv\/","og_locale":"en_US","og_type":"article","og_title":"TBS MAMBO FPV - 1dronas.lt","og_description":"TBS Mambo seka Tango 2 p\u0117domis, su didesniu d\u0117mesiu detal\u0117ms: didesnis ekranas, tradicin\u0117s formos pultelis su jungikliais ir potenciometrais, JR modulio skyrius, kei\u010diamos baterijos ir apdailos mygtukai! \u00a0 \u00a01 \u2013 4 d. d.","og_url":"https:\/\/1dronas.lt\/en\/produktas\/tbs-mambo-fpv\/","og_site_name":"1dronas.lt","article_publisher":"https:\/\/www.facebook.com\/1dronas\/","article_modified_time":"2022-12-18T11:28:54+00:00","og_image":[{"width":800,"height":800,"url":"https:\/\/1dronas.lt\/wp-content\/uploads\/2021\/11\/2134-1.jpg","type":"image\/jpeg"}],"twitter_card":"summary_large_image","twitter_misc":{"Est. reading time":"1 minute"},"schema":{"@context":"https:\/\/schema.org","@graph":[{"@type":"WebPage","@id":"https:\/\/1dronas.lt\/en\/produktas\/tbs-mambo-fpv\/","url":"https:\/\/1dronas.lt\/en\/produktas\/tbs-mambo-fpv\/","name":"TBS MAMBO FPV - 1dronas.lt","isPartOf":{"@id":"https:\/\/1dronas.lt\/en\/#website"},"primaryImageOfPage":{"@id":"https:\/\/1dronas.lt\/en\/produktas\/tbs-mambo-fpv\/#primaryimage"},"image":{"@id":"https:\/\/1dronas.lt\/en\/produktas\/tbs-mambo-fpv\/#primaryimage"},"thumbnailUrl":"https:\/\/1dronas.lt\/wp-content\/uploads\/2021\/11\/2134-1.jpg","datePublished":"2021-12-01T11:45:30+00:00","dateModified":"2022-12-18T11:28:54+00:00","breadcrumb":{"@id":"https:\/\/1dronas.lt\/en\/produktas\/tbs-mambo-fpv\/#breadcrumb"},"inLanguage":"en-US","potentialAction":[{"@type":"ReadAction","target":["https:\/\/1dronas.lt\/en\/produktas\/tbs-mambo-fpv\/"]}]},{"@type":"ImageObject","inLanguage":"en-US","@id":"https:\/\/1dronas.lt\/en\/produktas\/tbs-mambo-fpv\/#primaryimage","url":"https:\/\/1dronas.lt\/wp-content\/uploads\/2021\/11\/2134-1.jpg","contentUrl":"https:\/\/1dronas.lt\/wp-content\/uploads\/2021\/11\/2134-1.jpg","width":800,"height":800},{"@type":"BreadcrumbList","@id":"https:\/\/1dronas.lt\/en\/produktas\/tbs-mambo-fpv\/#breadcrumb","itemListElement":[{"@type":"ListItem","position":1,"name":"Home","item":"https:\/\/1dronas.lt\/"},{"@type":"ListItem","position":2,"name":"Parduotuv\u0117","item":"https:\/\/1dronas.lt\/parduotuve\/"},{"@type":"ListItem","position":3,"name":"TBS MAMBO FPV"}]},{"@type":"WebSite","@id":"https:\/\/1dronas.lt\/en\/#website","url":"https:\/\/1dronas.lt\/en\/","name":"1dronas.lt","description":"Online store","publisher":{"@id":"https:\/\/1dronas.lt\/en\/#organization"},"potentialAction":[{"@type":"SearchAction","target":{"@type":"EntryPoint","urlTemplate":"https:\/\/1dronas.lt\/en\/?s={search_term_string}"},"query-input":{"@type":"PropertyValueSpecification","valueRequired":true,"valueName":"search_term_string"}}],"inLanguage":"en-US"},{"@type":"Organization","@id":"https:\/\/1dronas.lt\/en\/#organization","name":"1dronas.lt","url":"https:\/\/1dronas.lt\/en\/","logo":{"@type":"ImageObject","inLanguage":"en-US","@id":"https:\/\/1dronas.lt\/en\/#\/schema\/logo\/image\/","url":"https:\/\/1dronas.lt\/wp-content\/uploads\/2020\/12\/Ekrano_kopija__2_-removebg-preview-1-1.png","contentUrl":"https:\/\/1dronas.lt\/wp-content\/uploads\/2020\/12\/Ekrano_kopija__2_-removebg-preview-1-1.png","width":234,"height":81,"caption":"1dronas.lt"},"image":{"@id":"https:\/\/1dronas.lt\/en\/#\/schema\/logo\/image\/"},"sameAs":["https:\/\/www.facebook.com\/1dronas\/"]}]}},"jetpack_sharing_enabled":true,"_links":{"self":[{"href":"https:\/\/1dronas.lt\/en\/wp-json\/wp\/v2\/product\/2616","targetHints":{"allow":["GET"]}}],"collection":[{"href":"https:\/\/1dronas.lt\/en\/wp-json\/wp\/v2\/product"}],"about":[{"href":"https:\/\/1dronas.lt\/en\/wp-json\/wp\/v2\/types\/product"}],"replies":[{"embeddable":true,"href":"https:\/\/1dronas.lt\/en\/wp-json\/wp\/v2\/comments?post=2616"}],"wp:featuredmedia":[{"embeddable":true,"href":"https:\/\/1dronas.lt\/en\/wp-json\/wp\/v2\/media\/2625"}],"wp:attachment":[{"href":"https:\/\/1dronas.lt\/en\/wp-json\/wp\/v2\/media?parent=2616"}],"wp:term":[{"taxonomy":"product_brand","embeddable":true,"href":"https:\/\/1dronas.lt\/en\/wp-json\/wp\/v2\/product_brand?post=2616"},{"taxonomy":"product_cat","embeddable":true,"href":"https:\/\/1dronas.lt\/en\/wp-json\/wp\/v2\/product_cat?post=2616"},{"taxonomy":"product_tag","embeddable":true,"href":"https:\/\/1dronas.lt\/en\/wp-json\/wp\/v2\/product_tag?post=2616"}],"curies":[{"name":"wp","href":"https:\/\/api.w.org\/{rel}","templated":true}]}}