{"id":2518,"date":"2021-09-28T17:55:12","date_gmt":"2021-09-28T17:55:12","guid":{"rendered":"https:\/\/1dronas.lt\/?post_type=product&#038;p=2518"},"modified":"2026-03-22T11:39:09","modified_gmt":"2026-03-22T09:39:09","slug":"betafpv-cetus-pro-fpv-kit","status":"publish","type":"product","link":"https:\/\/1dronas.lt\/en\/produktas\/betafpv-cetus-pro-fpv-kit\/","title":{"rendered":"BETAFPV Cetus Pro FPV Kit"},"content":{"rendered":"<p><iframe loading=\"lazy\" title=\"Cetus Pro FPV Kit | From Zero to Hero | GIVEAWAY AT THE END\" width=\"1020\" height=\"574\" src=\"https:\/\/www.youtube.com\/embed\/PlEqnO08mUE?feature=oembed\" frameborder=\"0\" allow=\"accelerometer; autoplay; clipboard-write; encrypted-media; gyroscope; picture-in-picture; web-share\" referrerpolicy=\"strict-origin-when-cross-origin\" allowfullscreen><\/iframe><\/p>\n<p><strong>Cetus Pro FPV Kit From Zero to the Moon!<\/strong><\/p>\n<p><strong>Features:<\/strong><\/p>\n<p><span style=\"font-weight: 400;\"><b>\u2022<\/b>The Cetus Pro FPV Kit is finally here! It is currently the best choice for beginners. The kit includes the Cetus Pro brushless drone, LiteRadio2 SE transmitter and VR02 FPV goggles, the aircraft is more powerful and maneuverable. We highly recommend it to all beginners as well as FPV professionals who want to practice indoors and outdoors.<br \/>\n<\/span><span style=\"font-weight: 400;\"><b>\u2022<\/b><\/span><span style=\"font-weight: 400;\"> Cetus&quot; The aircraft has an excellent self-protection function. Which can perform an emergency landing when control is lost or when the battery runs out. It will also automatically shut down and fall to the ground when it collides heavily with an obstacle;<br \/>\n<b>\u2022 <\/b>If the aircraft falls to the ground and flips upside down, use the remote control to turn it over and continue flying. With this feature, you don&#039;t need to walk to manually correct the drone&#039;s position.<br \/>\n<b>\u2022 <\/b>The altitude hold function allows the Cetus quadcopter to automatically take off. The drone can stay at a set altitude, the barometer\/laser achieves precise and stable positioning, making the aircraft very stable when hovering indoors. Flying for beginners has never been so easy!<br \/>\n<\/span><strong><span style=\"font-weight: 400;\"><b>\u2022 <\/b><\/span><\/strong><span style=\"font-weight: 400;\">Perhaps the most praised element of the set is the remote control.<\/span><span style=\"font-weight: 400;\">. Convenient to use with integrated 1000mah 1S battery (operating time of a charged remote control up to 8 hours). In addition, the remote control is paired with the aircraft and ready to fly.<br \/>\n<strong style=\"font-weight: 400;\"><b>\u2022\u00a0<\/b><\/strong>The virtual reality glasses have a 4.3-inch, 800 x 480 pixel HD liquid crystal display, thanks to which you will see an undistorted and bright image that immerses you in virtual reality.<br \/>\n<strong style=\"font-weight: 400;\"><b>\u2022 <\/b><\/strong>There are three modes available: N-NEUTRAL \/ S-SPORT \/ M-MANUAL, which can meet different pilots&#039; needs and adapt to various flight environments. No matter you are an experienced FPV pilot or a complete beginner, Cetus Pro FPV Kit makes everyone feel confident from day one. The 3 flight modes can be switched by one SB switch on the transmitter, simple and convenient. Meanwhile, all these 3 modes support 3 different speeds with SLOW \/ MID \/ FAST, pilots can switch it through one SC switch on the transmitter.<\/span><\/p>\n<p><span style=\"font-weight: 400;\"><br \/>\n<img loading=\"lazy\" decoding=\"async\" class=\"alignnone wp-image-2521 size-full\" src=\"https:\/\/1dronas.lt\/wp-content\/uploads\/2021\/09\/Cetus-Pro.jpg\" alt=\"\" width=\"1024\" height=\"576\" srcset=\"https:\/\/1dronas.lt\/wp-content\/uploads\/2021\/09\/Cetus-Pro.jpg 1024w, https:\/\/1dronas.lt\/wp-content\/uploads\/2021\/09\/Cetus-Pro-300x169.jpg 300w, https:\/\/1dronas.lt\/wp-content\/uploads\/2021\/09\/Cetus-Pro-768x432.jpg 768w, https:\/\/1dronas.lt\/wp-content\/uploads\/2021\/09\/Cetus-Pro-18x10.jpg 18w, https:\/\/1dronas.lt\/wp-content\/uploads\/2021\/09\/Cetus-Pro-510x287.jpg 510w\" sizes=\"auto, (max-width: 1024px) 100vw, 1024px\" \/><br \/>\n<\/span><\/p>\n<p><strong>Specification:<\/strong><\/p>\n<p><strong style=\"font-weight: 400;\"><b>\u2022 <\/b><\/strong>Manufacturer: BETAFPV;<br \/>\n<strong style=\"font-weight: 400;\"><b>\u2022 <\/b><\/strong>Motors: 1102 18000KV brushless;<br \/>\n<strong style=\"font-weight: 400;\"><b>\u2022 <\/b><\/strong>Battery: BT2.0 450mah;<br \/>\n<strong style=\"font-weight: 400;\"><b>\u2022 <\/b><\/strong>Camera: C02 FPV Micro\/1200TVL\/FOV 160\u00b0\/VTX25mW;<br \/>\n<strong style=\"font-weight: 400;\"><b>\u2022\u00a0<\/b><\/strong>VTX: 25mW;<br \/>\n<strong style=\"font-weight: 400;\"><b>\u2022 <\/b><\/strong>FC: Lite 1-2S Pro brushless FC;<br \/>\n<strong style=\"font-weight: 400;\"><b>\u2022 <\/b><\/strong>Connection: BT2.0;<br \/>\n<strong style=\"font-weight: 400;\"><b>\u2022 <\/b><\/strong>Flight time: 4-5min.;<br \/>\n<strong style=\"font-weight: 400;\"><b>\u2022 <\/b><\/strong>Flight range: ~80m (in a wide and undisturbed environment);<br \/>\n<strong style=\"font-weight: 400;\"><b>\u2022 <\/b><\/strong>Transmitter: Frsky D8;<br \/>\n<strong style=\"font-weight: 400;\"><b>\u2022 <\/b><\/strong>Weight: 33.19g.<\/p>\n<p><img loading=\"lazy\" decoding=\"async\" class=\"alignnone wp-image-2523 size-full\" src=\"https:\/\/1dronas.lt\/wp-content\/uploads\/2021\/09\/Cetus1.jpg\" alt=\"\" width=\"600\" height=\"338\" srcset=\"https:\/\/1dronas.lt\/wp-content\/uploads\/2021\/09\/Cetus1.jpg 600w, https:\/\/1dronas.lt\/wp-content\/uploads\/2021\/09\/Cetus1-300x169.jpg 300w, https:\/\/1dronas.lt\/wp-content\/uploads\/2021\/09\/Cetus1-18x10.jpg 18w, https:\/\/1dronas.lt\/wp-content\/uploads\/2021\/09\/Cetus1-510x287.jpg 510w\" sizes=\"auto, (max-width: 600px) 100vw, 600px\" \/> <img loading=\"lazy\" decoding=\"async\" class=\"alignnone wp-image-2522 size-full\" src=\"https:\/\/1dronas.lt\/wp-content\/uploads\/2021\/09\/Cetus-Proo.jpg\" alt=\"\" width=\"600\" height=\"338\" srcset=\"https:\/\/1dronas.lt\/wp-content\/uploads\/2021\/09\/Cetus-Proo.jpg 600w, https:\/\/1dronas.lt\/wp-content\/uploads\/2021\/09\/Cetus-Proo-300x169.jpg 300w, https:\/\/1dronas.lt\/wp-content\/uploads\/2021\/09\/Cetus-Proo-18x10.jpg 18w, https:\/\/1dronas.lt\/wp-content\/uploads\/2021\/09\/Cetus-Proo-510x287.jpg 510w\" sizes=\"auto, (max-width: 600px) 100vw, 600px\" \/><\/p>\n<p><strong>Package:<\/strong><\/p>\n<p>1x drone;<br \/>\n1x remote control;<br \/>\n1x C-connector adapter;<br \/>\n1x glasses;<br \/>\n4x spare propellers;<br \/>\n1x USB charging cable;<br \/>\n1x BT2.0 charger\/tester;<br \/>\n2x BT2.0 450mAh batteries;<br \/>\n1x propeller removal tool;<br \/>\n1x user manual;<br \/>\n1x bag.<\/p>\n<p><img loading=\"lazy\" decoding=\"async\" class=\"alignnone wp-image-2524 size-full\" src=\"https:\/\/1dronas.lt\/wp-content\/uploads\/2021\/09\/ccf47ad84aecd54ae7a1faec4372698e_600x600.jpg\" alt=\"\" width=\"599\" height=\"400\" srcset=\"https:\/\/1dronas.lt\/wp-content\/uploads\/2021\/09\/ccf47ad84aecd54ae7a1faec4372698e_600x600.jpg 599w, https:\/\/1dronas.lt\/wp-content\/uploads\/2021\/09\/ccf47ad84aecd54ae7a1faec4372698e_600x600-300x200.jpg 300w, https:\/\/1dronas.lt\/wp-content\/uploads\/2021\/09\/ccf47ad84aecd54ae7a1faec4372698e_600x600-18x12.jpg 18w, https:\/\/1dronas.lt\/wp-content\/uploads\/2021\/09\/ccf47ad84aecd54ae7a1faec4372698e_600x600-510x341.jpg 510w\" sizes=\"auto, (max-width: 599px) 100vw, 599px\" \/><br \/>\n<strong><span style=\"color: #ed1c24;\">Important:<br \/>\n<em>* Do not overcharge or leave batteries discharged for long periods of time;<\/em><br \/>\n<em> * Do not store batteries near high temperatures;<\/em><br \/>\n<em>* Do not throw batteries into fire;<br \/>\n* Do not throw batteries into water.<br \/>\n<\/em><\/span><\/strong><\/p>\n<p><strong><span style=\"color: #ed1c24;\"><em>* Turtle mode will not work if something is stuck in the aircraft engine or prevents the propeller from rotating proportionally. In this case, please immediately push the \u201cSD\u201d lever on the remote control down to deactivate turtle mode.<\/em><\/span><\/strong><\/p>","protected":false},"excerpt":{"rendered":"<p><span style=\"font-weight: 400; color: #000000;\">If the aircraft falls to the ground and flips upside down, use the remote control to turn it over and continue flying. With this feature, you don&#039;t need to walk to manually correct the drone&#039;s position.<\/span><\/p>\n<h4><span style=\"color: #000000;\"><strong><img loading=\"lazy\" decoding=\"async\" class=\"alignnone wp-image-1806\" src=\"https:\/\/1dronas.lt\/wp-content\/uploads\/2021\/05\/delivery-icon.png\" alt=\"\" width=\"24\" height=\"24\" srcset=\"https:\/\/1dronas.lt\/wp-content\/uploads\/2021\/05\/delivery-icon.png 35w, https:\/\/1dronas.lt\/wp-content\/uploads\/2021\/05\/delivery-icon-12x12.png 12w\" sizes=\"auto, (max-width: 24px) 100vw, 24px\" \/>\u00a0 \u00a0<span style=\"font-size: 85%;\">1 \u2013 4 days<\/span><\/strong><\/span><\/h4>","protected":false},"featured_media":2525,"comment_status":"open","ping_status":"closed","template":"","meta":[],"product_brand":[489],"product_cat":[63,104],"product_tag":[69,216,18,67,127,70],"class_list":{"0":"post-2518","1":"product","2":"type-product","3":"status-publish","4":"has-post-thumbnail","6":"product_brand-betafpv","7":"product_cat-fpv-rinkiniai","8":"product_cat-orlaiviai","9":"product_tag-betafpv","10":"product_tag-cetus","11":"product_tag-dronai","12":"product_tag-fpv-lenktyniniai-rinkiniai","13":"product_tag-orlaiviai","14":"product_tag-pradziamoksliui","16":"first","17":"outofstock","18":"sale","19":"featured","20":"taxable","21":"shipping-taxable","22":"purchasable","23":"product-type-simple"},"yoast_head":"<!-- This site is optimized with the Yoast SEO plugin v27.4 - https:\/\/yoast.com\/product\/yoast-seo-wordpress\/ -->\n<title>BETAFPV Cetus Pro FPV Kit - 1dronas.lt<\/title>\n<meta name=\"description\" content=\"Bene geriausias pasirinkimas FPV pradedantiesiems norintiems i\u0161bandyti \u0161\u012f pom\u0117g\u012f. \u201eCetus\u201c \u0161epetinis kvadrokopteris, \u201eLiteRadio2 SE\u201c si\u0173stuvas ir \u201eVR02 FPV\u201c akiniai, viskas ko reikia vienoje pakuot\u0117je!\" \/>\n<meta name=\"robots\" content=\"index, follow, max-snippet:-1, max-image-preview:large, max-video-preview:-1\" \/>\n<link rel=\"canonical\" href=\"https:\/\/1dronas.lt\/en\/produktas\/betafpv-cetus-pro-fpv-kit\/\" \/>\n<meta property=\"og:locale\" content=\"en_US\" \/>\n<meta property=\"og:type\" content=\"article\" \/>\n<meta property=\"og:title\" content=\"BETAFPV Cetus Pro FPV Kit - 1dronas.lt\" \/>\n<meta property=\"og:description\" content=\"Bene geriausias pasirinkimas FPV pradedantiesiems norintiems i\u0161bandyti \u0161\u012f pom\u0117g\u012f. \u201eCetus\u201c \u0161epetinis kvadrokopteris, \u201eLiteRadio2 SE\u201c si\u0173stuvas ir \u201eVR02 FPV\u201c akiniai, viskas ko reikia vienoje pakuot\u0117je!\" \/>\n<meta property=\"og:url\" content=\"https:\/\/1dronas.lt\/en\/produktas\/betafpv-cetus-pro-fpv-kit\/\" \/>\n<meta property=\"og:site_name\" content=\"1dronas.lt\" \/>\n<meta property=\"article:publisher\" content=\"https:\/\/www.facebook.com\/1dronas\/\" \/>\n<meta property=\"article:modified_time\" content=\"2026-03-22T09:39:09+00:00\" \/>\n<meta property=\"og:image\" content=\"https:\/\/1dronas.lt\/wp-content\/uploads\/2021\/09\/firstshowingpic_720x.jpg\" \/>\n\t<meta property=\"og:image:width\" content=\"720\" \/>\n\t<meta property=\"og:image:height\" content=\"720\" \/>\n\t<meta property=\"og:image:type\" content=\"image\/jpeg\" \/>\n<meta name=\"twitter:card\" content=\"summary_large_image\" \/>\n<meta name=\"twitter:label1\" content=\"Est. reading time\" \/>\n\t<meta name=\"twitter:data1\" content=\"4 minutes\" \/>\n<script type=\"application\/ld+json\" class=\"yoast-schema-graph\">{\"@context\":\"https:\\\/\\\/schema.org\",\"@graph\":[{\"@type\":\"WebPage\",\"@id\":\"https:\\\/\\\/1dronas.lt\\\/en\\\/produktas\\\/betafpv-cetus-pro-fpv-kit\\\/\",\"url\":\"https:\\\/\\\/1dronas.lt\\\/en\\\/produktas\\\/betafpv-cetus-pro-fpv-kit\\\/\",\"name\":\"BETAFPV Cetus Pro FPV Kit - 1dronas.lt\",\"isPartOf\":{\"@id\":\"https:\\\/\\\/1dronas.lt\\\/en\\\/#website\"},\"primaryImageOfPage\":{\"@id\":\"https:\\\/\\\/1dronas.lt\\\/en\\\/produktas\\\/betafpv-cetus-pro-fpv-kit\\\/#primaryimage\"},\"image\":{\"@id\":\"https:\\\/\\\/1dronas.lt\\\/en\\\/produktas\\\/betafpv-cetus-pro-fpv-kit\\\/#primaryimage\"},\"thumbnailUrl\":\"https:\\\/\\\/1dronas.lt\\\/wp-content\\\/uploads\\\/2021\\\/09\\\/firstshowingpic_720x.jpg\",\"datePublished\":\"2021-09-28T17:55:12+00:00\",\"dateModified\":\"2026-03-22T09:39:09+00:00\",\"description\":\"Bene geriausias pasirinkimas FPV pradedantiesiems norintiems i\u0161bandyti \u0161\u012f pom\u0117g\u012f. \u201eCetus\u201c \u0161epetinis kvadrokopteris, \u201eLiteRadio2 SE\u201c si\u0173stuvas ir \u201eVR02 FPV\u201c akiniai, viskas ko reikia vienoje pakuot\u0117je!\",\"breadcrumb\":{\"@id\":\"https:\\\/\\\/1dronas.lt\\\/en\\\/produktas\\\/betafpv-cetus-pro-fpv-kit\\\/#breadcrumb\"},\"inLanguage\":\"en-US\",\"potentialAction\":[{\"@type\":\"ReadAction\",\"target\":[\"https:\\\/\\\/1dronas.lt\\\/en\\\/produktas\\\/betafpv-cetus-pro-fpv-kit\\\/\"]}]},{\"@type\":\"ImageObject\",\"inLanguage\":\"en-US\",\"@id\":\"https:\\\/\\\/1dronas.lt\\\/en\\\/produktas\\\/betafpv-cetus-pro-fpv-kit\\\/#primaryimage\",\"url\":\"https:\\\/\\\/1dronas.lt\\\/wp-content\\\/uploads\\\/2021\\\/09\\\/firstshowingpic_720x.jpg\",\"contentUrl\":\"https:\\\/\\\/1dronas.lt\\\/wp-content\\\/uploads\\\/2021\\\/09\\\/firstshowingpic_720x.jpg\",\"width\":720,\"height\":720},{\"@type\":\"BreadcrumbList\",\"@id\":\"https:\\\/\\\/1dronas.lt\\\/en\\\/produktas\\\/betafpv-cetus-pro-fpv-kit\\\/#breadcrumb\",\"itemListElement\":[{\"@type\":\"ListItem\",\"position\":1,\"name\":\"Home\",\"item\":\"https:\\\/\\\/1dronas.lt\\\/\"},{\"@type\":\"ListItem\",\"position\":2,\"name\":\"Parduotuv\u0117\",\"item\":\"https:\\\/\\\/1dronas.lt\\\/parduotuve\\\/\"},{\"@type\":\"ListItem\",\"position\":3,\"name\":\"BETAFPV Cetus Pro FPV Kit\"}]},{\"@type\":\"WebSite\",\"@id\":\"https:\\\/\\\/1dronas.lt\\\/en\\\/#website\",\"url\":\"https:\\\/\\\/1dronas.lt\\\/en\\\/\",\"name\":\"1dronas.lt\",\"description\":\"Internetin\u0117 parduotuv\u0117\",\"publisher\":{\"@id\":\"https:\\\/\\\/1dronas.lt\\\/en\\\/#organization\"},\"potentialAction\":[{\"@type\":\"SearchAction\",\"target\":{\"@type\":\"EntryPoint\",\"urlTemplate\":\"https:\\\/\\\/1dronas.lt\\\/en\\\/?s={search_term_string}\"},\"query-input\":{\"@type\":\"PropertyValueSpecification\",\"valueRequired\":true,\"valueName\":\"search_term_string\"}}],\"inLanguage\":\"en-US\"},{\"@type\":\"Organization\",\"@id\":\"https:\\\/\\\/1dronas.lt\\\/en\\\/#organization\",\"name\":\"1dronas.lt\",\"url\":\"https:\\\/\\\/1dronas.lt\\\/en\\\/\",\"logo\":{\"@type\":\"ImageObject\",\"inLanguage\":\"en-US\",\"@id\":\"https:\\\/\\\/1dronas.lt\\\/en\\\/#\\\/schema\\\/logo\\\/image\\\/\",\"url\":\"https:\\\/\\\/1dronas.lt\\\/wp-content\\\/uploads\\\/2020\\\/12\\\/Ekrano_kopija__2_-removebg-preview-1-1.png\",\"contentUrl\":\"https:\\\/\\\/1dronas.lt\\\/wp-content\\\/uploads\\\/2020\\\/12\\\/Ekrano_kopija__2_-removebg-preview-1-1.png\",\"width\":234,\"height\":81,\"caption\":\"1dronas.lt\"},\"image\":{\"@id\":\"https:\\\/\\\/1dronas.lt\\\/en\\\/#\\\/schema\\\/logo\\\/image\\\/\"},\"sameAs\":[\"https:\\\/\\\/www.facebook.com\\\/1dronas\\\/\"]}]}<\/script>\n<!-- \/ Yoast SEO plugin. -->","yoast_head_json":{"title":"BETAFPV Cetus Pro FPV Kit - 1dronas.lt","description":"Probably the best choice for FPV beginners who want to try this hobby. Cetus brushed quadcopter, LiteRadio2 SE transmitter and VR02 FPV goggles, everything you need in one package!","robots":{"index":"index","follow":"follow","max-snippet":"max-snippet:-1","max-image-preview":"max-image-preview:large","max-video-preview":"max-video-preview:-1"},"canonical":"https:\/\/1dronas.lt\/en\/produktas\/betafpv-cetus-pro-fpv-kit\/","og_locale":"en_US","og_type":"article","og_title":"BETAFPV Cetus Pro FPV Kit - 1dronas.lt","og_description":"Bene geriausias pasirinkimas FPV pradedantiesiems norintiems i\u0161bandyti \u0161\u012f pom\u0117g\u012f. \u201eCetus\u201c \u0161epetinis kvadrokopteris, \u201eLiteRadio2 SE\u201c si\u0173stuvas ir \u201eVR02 FPV\u201c akiniai, viskas ko reikia vienoje pakuot\u0117je!","og_url":"https:\/\/1dronas.lt\/en\/produktas\/betafpv-cetus-pro-fpv-kit\/","og_site_name":"1dronas.lt","article_publisher":"https:\/\/www.facebook.com\/1dronas\/","article_modified_time":"2026-03-22T09:39:09+00:00","og_image":[{"width":720,"height":720,"url":"https:\/\/1dronas.lt\/wp-content\/uploads\/2021\/09\/firstshowingpic_720x.jpg","type":"image\/jpeg"}],"twitter_card":"summary_large_image","twitter_misc":{"Est. reading time":"4 minutes"},"schema":{"@context":"https:\/\/schema.org","@graph":[{"@type":"WebPage","@id":"https:\/\/1dronas.lt\/en\/produktas\/betafpv-cetus-pro-fpv-kit\/","url":"https:\/\/1dronas.lt\/en\/produktas\/betafpv-cetus-pro-fpv-kit\/","name":"BETAFPV Cetus Pro FPV Kit - 1dronas.lt","isPartOf":{"@id":"https:\/\/1dronas.lt\/en\/#website"},"primaryImageOfPage":{"@id":"https:\/\/1dronas.lt\/en\/produktas\/betafpv-cetus-pro-fpv-kit\/#primaryimage"},"image":{"@id":"https:\/\/1dronas.lt\/en\/produktas\/betafpv-cetus-pro-fpv-kit\/#primaryimage"},"thumbnailUrl":"https:\/\/1dronas.lt\/wp-content\/uploads\/2021\/09\/firstshowingpic_720x.jpg","datePublished":"2021-09-28T17:55:12+00:00","dateModified":"2026-03-22T09:39:09+00:00","description":"Probably the best choice for FPV beginners who want to try this hobby. Cetus brushed quadcopter, LiteRadio2 SE transmitter and VR02 FPV goggles, everything you need in one package!","breadcrumb":{"@id":"https:\/\/1dronas.lt\/en\/produktas\/betafpv-cetus-pro-fpv-kit\/#breadcrumb"},"inLanguage":"en-US","potentialAction":[{"@type":"ReadAction","target":["https:\/\/1dronas.lt\/en\/produktas\/betafpv-cetus-pro-fpv-kit\/"]}]},{"@type":"ImageObject","inLanguage":"en-US","@id":"https:\/\/1dronas.lt\/en\/produktas\/betafpv-cetus-pro-fpv-kit\/#primaryimage","url":"https:\/\/1dronas.lt\/wp-content\/uploads\/2021\/09\/firstshowingpic_720x.jpg","contentUrl":"https:\/\/1dronas.lt\/wp-content\/uploads\/2021\/09\/firstshowingpic_720x.jpg","width":720,"height":720},{"@type":"BreadcrumbList","@id":"https:\/\/1dronas.lt\/en\/produktas\/betafpv-cetus-pro-fpv-kit\/#breadcrumb","itemListElement":[{"@type":"ListItem","position":1,"name":"Home","item":"https:\/\/1dronas.lt\/"},{"@type":"ListItem","position":2,"name":"Parduotuv\u0117","item":"https:\/\/1dronas.lt\/parduotuve\/"},{"@type":"ListItem","position":3,"name":"BETAFPV Cetus Pro FPV Kit"}]},{"@type":"WebSite","@id":"https:\/\/1dronas.lt\/en\/#website","url":"https:\/\/1dronas.lt\/en\/","name":"1dronas.lt","description":"Online store","publisher":{"@id":"https:\/\/1dronas.lt\/en\/#organization"},"potentialAction":[{"@type":"SearchAction","target":{"@type":"EntryPoint","urlTemplate":"https:\/\/1dronas.lt\/en\/?s={search_term_string}"},"query-input":{"@type":"PropertyValueSpecification","valueRequired":true,"valueName":"search_term_string"}}],"inLanguage":"en-US"},{"@type":"Organization","@id":"https:\/\/1dronas.lt\/en\/#organization","name":"1dronas.lt","url":"https:\/\/1dronas.lt\/en\/","logo":{"@type":"ImageObject","inLanguage":"en-US","@id":"https:\/\/1dronas.lt\/en\/#\/schema\/logo\/image\/","url":"https:\/\/1dronas.lt\/wp-content\/uploads\/2020\/12\/Ekrano_kopija__2_-removebg-preview-1-1.png","contentUrl":"https:\/\/1dronas.lt\/wp-content\/uploads\/2020\/12\/Ekrano_kopija__2_-removebg-preview-1-1.png","width":234,"height":81,"caption":"1dronas.lt"},"image":{"@id":"https:\/\/1dronas.lt\/en\/#\/schema\/logo\/image\/"},"sameAs":["https:\/\/www.facebook.com\/1dronas\/"]}]}},"jetpack_sharing_enabled":true,"_links":{"self":[{"href":"https:\/\/1dronas.lt\/en\/wp-json\/wp\/v2\/product\/2518","targetHints":{"allow":["GET"]}}],"collection":[{"href":"https:\/\/1dronas.lt\/en\/wp-json\/wp\/v2\/product"}],"about":[{"href":"https:\/\/1dronas.lt\/en\/wp-json\/wp\/v2\/types\/product"}],"replies":[{"embeddable":true,"href":"https:\/\/1dronas.lt\/en\/wp-json\/wp\/v2\/comments?post=2518"}],"wp:featuredmedia":[{"embeddable":true,"href":"https:\/\/1dronas.lt\/en\/wp-json\/wp\/v2\/media\/2525"}],"wp:attachment":[{"href":"https:\/\/1dronas.lt\/en\/wp-json\/wp\/v2\/media?parent=2518"}],"wp:term":[{"taxonomy":"product_brand","embeddable":true,"href":"https:\/\/1dronas.lt\/en\/wp-json\/wp\/v2\/product_brand?post=2518"},{"taxonomy":"product_cat","embeddable":true,"href":"https:\/\/1dronas.lt\/en\/wp-json\/wp\/v2\/product_cat?post=2518"},{"taxonomy":"product_tag","embeddable":true,"href":"https:\/\/1dronas.lt\/en\/wp-json\/wp\/v2\/product_tag?post=2518"}],"curies":[{"name":"wp","href":"https:\/\/api.w.org\/{rel}","templated":true}]}}