{"id":2496,"date":"2021-09-19T17:44:57","date_gmt":"2021-09-19T17:44:57","guid":{"rendered":"https:\/\/1dronas.lt\/?post_type=product&#038;p=2496"},"modified":"2026-04-11T13:59:27","modified_gmt":"2026-04-11T10:59:27","slug":"betafpv-6-jungciu-1s-bateriju-ikroviklis","status":"publish","type":"product","link":"https:\/\/1dronas.lt\/en\/produktas\/betafpv-6-jungciu-1s-bateriju-ikroviklis\/","title":{"rendered":"BETAFPV 6-port 1S battery charger"},"content":{"rendered":"<p>This new 6-port 1S battery charger supports PH2.0 and BT2.0 simultaneously. In addition, with the 30W adapter, charging is faster. Compact, fast charging and portable, choosing the 1S battery charger that best suits your needs will no longer be difficult with this 6-port 1S battery charger.<\/p>\n<p><strong>Specification:<\/strong><\/p>\n<p><b>\u2022 <\/b>Input connector: Type-C;<br \/>\n<b>\u2022 <\/b>Input voltage range: 5-12V;<br \/>\n<b>\u2022 <\/b>Input Voltage Maximum Power: 30W;<br \/>\n<b>\u2022 <\/b>Maximum input current: 2.5A;<br \/>\n<b>\u2022 <\/b>Maximum charging current: 1A;<br \/>\n<b>\u2022 <\/b>Suitable battery connectors: BT2.0&amp;PH2.0;<br \/>\n<b>\u2022<\/b> Charging protocols: PD3.0\/QC3.0 (5V\/9V\/12V) \/BC1.2;<br \/>\n<b>\u2022 <\/b>Battery type: LiHV 4.35V;<br \/>\n<b>\u2022 <\/b>Dimensions: 79 x 46 x 19mm.<\/p>\n<p><img loading=\"lazy\" decoding=\"async\" class=\"alignnone wp-image-2501 size-full\" src=\"https:\/\/1dronas.lt\/wp-content\/uploads\/2021\/09\/1_0c25d643-13ef-47d4-8631-833c4d090d32_600x600.jpg\" alt=\"\" width=\"600\" height=\"338\" srcset=\"https:\/\/1dronas.lt\/wp-content\/uploads\/2021\/09\/1_0c25d643-13ef-47d4-8631-833c4d090d32_600x600.jpg 600w, https:\/\/1dronas.lt\/wp-content\/uploads\/2021\/09\/1_0c25d643-13ef-47d4-8631-833c4d090d32_600x600-300x169.jpg 300w, https:\/\/1dronas.lt\/wp-content\/uploads\/2021\/09\/1_0c25d643-13ef-47d4-8631-833c4d090d32_600x600-18x10.jpg 18w, https:\/\/1dronas.lt\/wp-content\/uploads\/2021\/09\/1_0c25d643-13ef-47d4-8631-833c4d090d32_600x600-510x287.jpg 510w\" sizes=\"auto, (max-width: 600px) 100vw, 600px\" \/><\/p>\n<p><strong>Package:<\/strong><\/p>\n<p>1x 6-port 1S battery charger;<br \/>\n1x user manual.<\/p>","protected":false},"excerpt":{"rendered":"<p><span style=\"color: #000000;\">Choosing the 1S battery charger that best suits your needs will no longer be difficult with this 6-port 1S battery charger.<\/span><\/p>\n<h4><span style=\"color: #333333;\"><strong><img loading=\"lazy\" decoding=\"async\" class=\"alignnone wp-image-1806\" src=\"https:\/\/1dronas.lt\/wp-content\/uploads\/2021\/05\/delivery-icon.png\" alt=\"\" width=\"24\" height=\"24\" srcset=\"https:\/\/1dronas.lt\/wp-content\/uploads\/2021\/05\/delivery-icon.png 35w, https:\/\/1dronas.lt\/wp-content\/uploads\/2021\/05\/delivery-icon-12x12.png 12w\" sizes=\"auto, (max-width: 24px) 100vw, 24px\" \/><\/strong> <span style=\"font-size: 90%;\"><strong>1 \u2013 2 days<\/strong><\/span><\/span><\/h4>","protected":false},"featured_media":2502,"comment_status":"open","ping_status":"closed","template":"","meta":[],"product_brand":[489],"product_cat":[157],"product_tag":[166,69],"class_list":{"0":"post-2496","1":"product","2":"type-product","3":"status-publish","4":"has-post-thumbnail","6":"product_brand-betafpv","7":"product_cat-ikrovikliai","8":"product_tag-6-jungciu-1s-bateriju-ikroviklis","9":"product_tag-betafpv","11":"first","12":"onbackorder","13":"sale","14":"taxable","15":"shipping-taxable","16":"purchasable","17":"product-type-simple"},"yoast_head":"<!-- This site is optimized with the Yoast SEO plugin v27.3 - https:\/\/yoast.com\/product\/yoast-seo-wordpress\/ -->\n<title>BETAFPV 6 jung\u010di\u0173 1S baterij\u0173 \u012fkroviklis - 1dronas.lt<\/title>\n<meta name=\"robots\" content=\"index, follow, max-snippet:-1, max-image-preview:large, max-video-preview:-1\" \/>\n<link rel=\"canonical\" href=\"https:\/\/1dronas.lt\/en\/produktas\/betafpv-6-jungciu-1s-bateriju-ikroviklis\/\" \/>\n<meta property=\"og:locale\" content=\"en_US\" \/>\n<meta property=\"og:type\" content=\"article\" \/>\n<meta property=\"og:title\" content=\"BETAFPV 6 jung\u010di\u0173 1S baterij\u0173 \u012fkroviklis - 1dronas.lt\" \/>\n<meta property=\"og:description\" content=\"I\u0161sirinkti geriausiai j\u016bs\u0173 poreikius atitinkant\u012f 1S baterijos \u012fkrovikl\u012f daugiau nebus sunku, naudojant \u0161\u012f 6 jung\u010di\u0173 1S baterij\u0173 \u012fkrovikl\u012f.  1 \u2013 2 d. d.\" \/>\n<meta property=\"og:url\" content=\"https:\/\/1dronas.lt\/en\/produktas\/betafpv-6-jungciu-1s-bateriju-ikroviklis\/\" \/>\n<meta property=\"og:site_name\" content=\"1dronas.lt\" \/>\n<meta property=\"article:publisher\" content=\"https:\/\/www.facebook.com\/1dronas\/\" \/>\n<meta property=\"article:modified_time\" content=\"2026-04-11T10:59:27+00:00\" \/>\n<meta property=\"og:image\" content=\"https:\/\/1dronas.lt\/wp-content\/uploads\/2021\/09\/74b96dbb2d19db9758ba306fc55ad040_cdc152d1-d69c-4fcd-9bd7-1d66a09a4c28_720x-e1681758300407.jpg\" \/>\n\t<meta property=\"og:image:width\" content=\"719\" \/>\n\t<meta property=\"og:image:height\" content=\"719\" \/>\n\t<meta property=\"og:image:type\" content=\"image\/jpeg\" \/>\n<meta name=\"twitter:card\" content=\"summary_large_image\" \/>\n<meta name=\"twitter:label1\" content=\"Est. reading time\" \/>\n\t<meta name=\"twitter:data1\" content=\"1 minute\" \/>\n<script type=\"application\/ld+json\" class=\"yoast-schema-graph\">{\"@context\":\"https:\\\/\\\/schema.org\",\"@graph\":[{\"@type\":\"WebPage\",\"@id\":\"https:\\\/\\\/1dronas.lt\\\/en\\\/produktas\\\/betafpv-6-jungciu-1s-bateriju-ikroviklis\\\/\",\"url\":\"https:\\\/\\\/1dronas.lt\\\/en\\\/produktas\\\/betafpv-6-jungciu-1s-bateriju-ikroviklis\\\/\",\"name\":\"BETAFPV 6 jung\u010di\u0173 1S baterij\u0173 \u012fkroviklis - 1dronas.lt\",\"isPartOf\":{\"@id\":\"https:\\\/\\\/1dronas.lt\\\/en\\\/#website\"},\"primaryImageOfPage\":{\"@id\":\"https:\\\/\\\/1dronas.lt\\\/en\\\/produktas\\\/betafpv-6-jungciu-1s-bateriju-ikroviklis\\\/#primaryimage\"},\"image\":{\"@id\":\"https:\\\/\\\/1dronas.lt\\\/en\\\/produktas\\\/betafpv-6-jungciu-1s-bateriju-ikroviklis\\\/#primaryimage\"},\"thumbnailUrl\":\"https:\\\/\\\/1dronas.lt\\\/wp-content\\\/uploads\\\/2021\\\/09\\\/74b96dbb2d19db9758ba306fc55ad040_cdc152d1-d69c-4fcd-9bd7-1d66a09a4c28_720x-e1681758300407.jpg\",\"datePublished\":\"2021-09-19T17:44:57+00:00\",\"dateModified\":\"2026-04-11T10:59:27+00:00\",\"breadcrumb\":{\"@id\":\"https:\\\/\\\/1dronas.lt\\\/en\\\/produktas\\\/betafpv-6-jungciu-1s-bateriju-ikroviklis\\\/#breadcrumb\"},\"inLanguage\":\"en-US\",\"potentialAction\":[{\"@type\":\"ReadAction\",\"target\":[\"https:\\\/\\\/1dronas.lt\\\/en\\\/produktas\\\/betafpv-6-jungciu-1s-bateriju-ikroviklis\\\/\"]}]},{\"@type\":\"ImageObject\",\"inLanguage\":\"en-US\",\"@id\":\"https:\\\/\\\/1dronas.lt\\\/en\\\/produktas\\\/betafpv-6-jungciu-1s-bateriju-ikroviklis\\\/#primaryimage\",\"url\":\"https:\\\/\\\/1dronas.lt\\\/wp-content\\\/uploads\\\/2021\\\/09\\\/74b96dbb2d19db9758ba306fc55ad040_cdc152d1-d69c-4fcd-9bd7-1d66a09a4c28_720x-e1681758300407.jpg\",\"contentUrl\":\"https:\\\/\\\/1dronas.lt\\\/wp-content\\\/uploads\\\/2021\\\/09\\\/74b96dbb2d19db9758ba306fc55ad040_cdc152d1-d69c-4fcd-9bd7-1d66a09a4c28_720x-e1681758300407.jpg\",\"width\":719,\"height\":719},{\"@type\":\"BreadcrumbList\",\"@id\":\"https:\\\/\\\/1dronas.lt\\\/en\\\/produktas\\\/betafpv-6-jungciu-1s-bateriju-ikroviklis\\\/#breadcrumb\",\"itemListElement\":[{\"@type\":\"ListItem\",\"position\":1,\"name\":\"Home\",\"item\":\"https:\\\/\\\/1dronas.lt\\\/\"},{\"@type\":\"ListItem\",\"position\":2,\"name\":\"Parduotuv\u0117\",\"item\":\"https:\\\/\\\/1dronas.lt\\\/parduotuve\\\/\"},{\"@type\":\"ListItem\",\"position\":3,\"name\":\"BETAFPV 6 jung\u010di\u0173 1S baterij\u0173 \u012fkroviklis\"}]},{\"@type\":\"WebSite\",\"@id\":\"https:\\\/\\\/1dronas.lt\\\/en\\\/#website\",\"url\":\"https:\\\/\\\/1dronas.lt\\\/en\\\/\",\"name\":\"1dronas.lt\",\"description\":\"Internetin\u0117 parduotuv\u0117\",\"publisher\":{\"@id\":\"https:\\\/\\\/1dronas.lt\\\/en\\\/#organization\"},\"potentialAction\":[{\"@type\":\"SearchAction\",\"target\":{\"@type\":\"EntryPoint\",\"urlTemplate\":\"https:\\\/\\\/1dronas.lt\\\/en\\\/?s={search_term_string}\"},\"query-input\":{\"@type\":\"PropertyValueSpecification\",\"valueRequired\":true,\"valueName\":\"search_term_string\"}}],\"inLanguage\":\"en-US\"},{\"@type\":\"Organization\",\"@id\":\"https:\\\/\\\/1dronas.lt\\\/en\\\/#organization\",\"name\":\"1dronas.lt\",\"url\":\"https:\\\/\\\/1dronas.lt\\\/en\\\/\",\"logo\":{\"@type\":\"ImageObject\",\"inLanguage\":\"en-US\",\"@id\":\"https:\\\/\\\/1dronas.lt\\\/en\\\/#\\\/schema\\\/logo\\\/image\\\/\",\"url\":\"https:\\\/\\\/1dronas.lt\\\/wp-content\\\/uploads\\\/2020\\\/12\\\/Ekrano_kopija__2_-removebg-preview-1-1.png\",\"contentUrl\":\"https:\\\/\\\/1dronas.lt\\\/wp-content\\\/uploads\\\/2020\\\/12\\\/Ekrano_kopija__2_-removebg-preview-1-1.png\",\"width\":234,\"height\":81,\"caption\":\"1dronas.lt\"},\"image\":{\"@id\":\"https:\\\/\\\/1dronas.lt\\\/en\\\/#\\\/schema\\\/logo\\\/image\\\/\"},\"sameAs\":[\"https:\\\/\\\/www.facebook.com\\\/1dronas\\\/\"]}]}<\/script>\n<!-- \/ Yoast SEO plugin. -->","yoast_head_json":{"title":"BETAFPV 6-port 1S battery charger - 1dronas.lt","robots":{"index":"index","follow":"follow","max-snippet":"max-snippet:-1","max-image-preview":"max-image-preview:large","max-video-preview":"max-video-preview:-1"},"canonical":"https:\/\/1dronas.lt\/en\/produktas\/betafpv-6-jungciu-1s-bateriju-ikroviklis\/","og_locale":"en_US","og_type":"article","og_title":"BETAFPV 6 jung\u010di\u0173 1S baterij\u0173 \u012fkroviklis - 1dronas.lt","og_description":"I\u0161sirinkti geriausiai j\u016bs\u0173 poreikius atitinkant\u012f 1S baterijos \u012fkrovikl\u012f daugiau nebus sunku, naudojant \u0161\u012f 6 jung\u010di\u0173 1S baterij\u0173 \u012fkrovikl\u012f.  1 \u2013 2 d. d.","og_url":"https:\/\/1dronas.lt\/en\/produktas\/betafpv-6-jungciu-1s-bateriju-ikroviklis\/","og_site_name":"1dronas.lt","article_publisher":"https:\/\/www.facebook.com\/1dronas\/","article_modified_time":"2026-04-11T10:59:27+00:00","og_image":[{"width":719,"height":719,"url":"https:\/\/1dronas.lt\/wp-content\/uploads\/2021\/09\/74b96dbb2d19db9758ba306fc55ad040_cdc152d1-d69c-4fcd-9bd7-1d66a09a4c28_720x-e1681758300407.jpg","type":"image\/jpeg"}],"twitter_card":"summary_large_image","twitter_misc":{"Est. reading time":"1 minute"},"schema":{"@context":"https:\/\/schema.org","@graph":[{"@type":"WebPage","@id":"https:\/\/1dronas.lt\/en\/produktas\/betafpv-6-jungciu-1s-bateriju-ikroviklis\/","url":"https:\/\/1dronas.lt\/en\/produktas\/betafpv-6-jungciu-1s-bateriju-ikroviklis\/","name":"BETAFPV 6-port 1S battery charger - 1dronas.lt","isPartOf":{"@id":"https:\/\/1dronas.lt\/en\/#website"},"primaryImageOfPage":{"@id":"https:\/\/1dronas.lt\/en\/produktas\/betafpv-6-jungciu-1s-bateriju-ikroviklis\/#primaryimage"},"image":{"@id":"https:\/\/1dronas.lt\/en\/produktas\/betafpv-6-jungciu-1s-bateriju-ikroviklis\/#primaryimage"},"thumbnailUrl":"https:\/\/1dronas.lt\/wp-content\/uploads\/2021\/09\/74b96dbb2d19db9758ba306fc55ad040_cdc152d1-d69c-4fcd-9bd7-1d66a09a4c28_720x-e1681758300407.jpg","datePublished":"2021-09-19T17:44:57+00:00","dateModified":"2026-04-11T10:59:27+00:00","breadcrumb":{"@id":"https:\/\/1dronas.lt\/en\/produktas\/betafpv-6-jungciu-1s-bateriju-ikroviklis\/#breadcrumb"},"inLanguage":"en-US","potentialAction":[{"@type":"ReadAction","target":["https:\/\/1dronas.lt\/en\/produktas\/betafpv-6-jungciu-1s-bateriju-ikroviklis\/"]}]},{"@type":"ImageObject","inLanguage":"en-US","@id":"https:\/\/1dronas.lt\/en\/produktas\/betafpv-6-jungciu-1s-bateriju-ikroviklis\/#primaryimage","url":"https:\/\/1dronas.lt\/wp-content\/uploads\/2021\/09\/74b96dbb2d19db9758ba306fc55ad040_cdc152d1-d69c-4fcd-9bd7-1d66a09a4c28_720x-e1681758300407.jpg","contentUrl":"https:\/\/1dronas.lt\/wp-content\/uploads\/2021\/09\/74b96dbb2d19db9758ba306fc55ad040_cdc152d1-d69c-4fcd-9bd7-1d66a09a4c28_720x-e1681758300407.jpg","width":719,"height":719},{"@type":"BreadcrumbList","@id":"https:\/\/1dronas.lt\/en\/produktas\/betafpv-6-jungciu-1s-bateriju-ikroviklis\/#breadcrumb","itemListElement":[{"@type":"ListItem","position":1,"name":"Home","item":"https:\/\/1dronas.lt\/"},{"@type":"ListItem","position":2,"name":"Parduotuv\u0117","item":"https:\/\/1dronas.lt\/parduotuve\/"},{"@type":"ListItem","position":3,"name":"BETAFPV 6 jung\u010di\u0173 1S baterij\u0173 \u012fkroviklis"}]},{"@type":"WebSite","@id":"https:\/\/1dronas.lt\/en\/#website","url":"https:\/\/1dronas.lt\/en\/","name":"1dronas.lt","description":"Online store","publisher":{"@id":"https:\/\/1dronas.lt\/en\/#organization"},"potentialAction":[{"@type":"SearchAction","target":{"@type":"EntryPoint","urlTemplate":"https:\/\/1dronas.lt\/en\/?s={search_term_string}"},"query-input":{"@type":"PropertyValueSpecification","valueRequired":true,"valueName":"search_term_string"}}],"inLanguage":"en-US"},{"@type":"Organization","@id":"https:\/\/1dronas.lt\/en\/#organization","name":"1dronas.lt","url":"https:\/\/1dronas.lt\/en\/","logo":{"@type":"ImageObject","inLanguage":"en-US","@id":"https:\/\/1dronas.lt\/en\/#\/schema\/logo\/image\/","url":"https:\/\/1dronas.lt\/wp-content\/uploads\/2020\/12\/Ekrano_kopija__2_-removebg-preview-1-1.png","contentUrl":"https:\/\/1dronas.lt\/wp-content\/uploads\/2020\/12\/Ekrano_kopija__2_-removebg-preview-1-1.png","width":234,"height":81,"caption":"1dronas.lt"},"image":{"@id":"https:\/\/1dronas.lt\/en\/#\/schema\/logo\/image\/"},"sameAs":["https:\/\/www.facebook.com\/1dronas\/"]}]}},"jetpack_sharing_enabled":true,"_links":{"self":[{"href":"https:\/\/1dronas.lt\/en\/wp-json\/wp\/v2\/product\/2496","targetHints":{"allow":["GET"]}}],"collection":[{"href":"https:\/\/1dronas.lt\/en\/wp-json\/wp\/v2\/product"}],"about":[{"href":"https:\/\/1dronas.lt\/en\/wp-json\/wp\/v2\/types\/product"}],"replies":[{"embeddable":true,"href":"https:\/\/1dronas.lt\/en\/wp-json\/wp\/v2\/comments?post=2496"}],"wp:featuredmedia":[{"embeddable":true,"href":"https:\/\/1dronas.lt\/en\/wp-json\/wp\/v2\/media\/2502"}],"wp:attachment":[{"href":"https:\/\/1dronas.lt\/en\/wp-json\/wp\/v2\/media?parent=2496"}],"wp:term":[{"taxonomy":"product_brand","embeddable":true,"href":"https:\/\/1dronas.lt\/en\/wp-json\/wp\/v2\/product_brand?post=2496"},{"taxonomy":"product_cat","embeddable":true,"href":"https:\/\/1dronas.lt\/en\/wp-json\/wp\/v2\/product_cat?post=2496"},{"taxonomy":"product_tag","embeddable":true,"href":"https:\/\/1dronas.lt\/en\/wp-json\/wp\/v2\/product_tag?post=2496"}],"curies":[{"name":"wp","href":"https:\/\/api.w.org\/{rel}","templated":true}]}}