{"id":2472,"date":"2021-09-19T16:08:19","date_gmt":"2021-09-19T16:08:19","guid":{"rendered":"https:\/\/1dronas.lt\/?post_type=product&#038;p=2472"},"modified":"2023-01-09T14:44:00","modified_gmt":"2023-01-09T14:44:00","slug":"betafpv-lite-brushed-flight-controller-v3","status":"publish","type":"product","link":"https:\/\/1dronas.lt\/en\/produktas\/betafpv-lite-brushed-flight-controller-v3\/","title":{"rendered":"BETAFPV Lite Brushed Flight Controller V3"},"content":{"rendered":"<p><strong style=\"font-weight: 400;\"><b><strong><img loading=\"lazy\" decoding=\"async\" class=\"alignnone wp-image-2479 size-large\" src=\"https:\/\/1dronas.lt\/wp-content\/uploads\/2021\/09\/1-1024x576.jpg\" alt=\"\" width=\"1020\" height=\"574\" srcset=\"https:\/\/1dronas.lt\/wp-content\/uploads\/2021\/09\/1-1024x576.jpg 1024w, https:\/\/1dronas.lt\/wp-content\/uploads\/2021\/09\/1-300x169.jpg 300w, https:\/\/1dronas.lt\/wp-content\/uploads\/2021\/09\/1-768x432.jpg 768w, https:\/\/1dronas.lt\/wp-content\/uploads\/2021\/09\/1-1536x864.jpg 1536w, https:\/\/1dronas.lt\/wp-content\/uploads\/2021\/09\/1-18x10.jpg 18w, https:\/\/1dronas.lt\/wp-content\/uploads\/2021\/09\/1-510x287.jpg 510w, https:\/\/1dronas.lt\/wp-content\/uploads\/2021\/09\/1.jpg 1600w\" sizes=\"auto, (max-width: 1020px) 100vw, 1020px\" \/><br \/>\nThe board has a built-in SPI Frsky receiver with D8 protocol<\/strong><\/b><\/strong><\/p>\n<p><strong>Specification:<\/strong><\/p>\n<p>Manufacturer: BETAFPV;<br \/>\nModel: Lite Brushed Flight Controller V3;<br \/>\nCPU: MM32F103KBU6;<br \/>\nIMU: MPU6000;<br \/>\nESC: All FETs are rated at 6.3A maximum. Support 6x15mm\/7x20mm\/8x20mm\/8.5x20mm etc motors;<br \/>\nConnection: BT2.0;<br \/>\nSize: 26 x 26mm;<br \/>\nWeight: ~3.2g.<\/p>\n\t<div id=\"accordion-1730295767\" class=\"accordion-item\">\n\t\t<a id=\"accordion-1730295767-label\" class=\"accordion-title plain\" href=\"#accordion-item-elektros-schema\" aria-expanded=\"false\" aria-controls=\"accordion-1730295767-content\">\n\t\t\t<button class=\"toggle\" aria-label=\"Toggle\"><i class=\"icon-angle-down\" aria-hidden=\"true\"><\/i><\/button>\n\t\t\t<span>Electrical diagram<\/span>\n\t\t<\/a>\n\t\t<div id=\"accordion-1730295767-content\" class=\"accordion-inner\" aria-labelledby=\"accordion-1730295767-label\">\n\t\t\t\n<img loading=\"lazy\" decoding=\"async\" class=\"alignnone wp-image-2473 size-full\" src=\"https:\/\/1dronas.lt\/wp-content\/uploads\/2021\/09\/0cb3583415a4558d6c5d6ffb43f91be0_7602a480-bdcc-491f-9063-37f83481edf4_600x600.jpg\" alt=\"\" width=\"600\" height=\"600\" srcset=\"https:\/\/1dronas.lt\/wp-content\/uploads\/2021\/09\/0cb3583415a4558d6c5d6ffb43f91be0_7602a480-bdcc-491f-9063-37f83481edf4_600x600.jpg 600w, https:\/\/1dronas.lt\/wp-content\/uploads\/2021\/09\/0cb3583415a4558d6c5d6ffb43f91be0_7602a480-bdcc-491f-9063-37f83481edf4_600x600-300x300.jpg 300w, https:\/\/1dronas.lt\/wp-content\/uploads\/2021\/09\/0cb3583415a4558d6c5d6ffb43f91be0_7602a480-bdcc-491f-9063-37f83481edf4_600x600-150x150.jpg 150w, https:\/\/1dronas.lt\/wp-content\/uploads\/2021\/09\/0cb3583415a4558d6c5d6ffb43f91be0_7602a480-bdcc-491f-9063-37f83481edf4_600x600-12x12.jpg 12w, https:\/\/1dronas.lt\/wp-content\/uploads\/2021\/09\/0cb3583415a4558d6c5d6ffb43f91be0_7602a480-bdcc-491f-9063-37f83481edf4_600x600-247x247.jpg 247w, https:\/\/1dronas.lt\/wp-content\/uploads\/2021\/09\/0cb3583415a4558d6c5d6ffb43f91be0_7602a480-bdcc-491f-9063-37f83481edf4_600x600-510x510.jpg 510w, https:\/\/1dronas.lt\/wp-content\/uploads\/2021\/09\/0cb3583415a4558d6c5d6ffb43f91be0_7602a480-bdcc-491f-9063-37f83481edf4_600x600-100x100.jpg 100w\" sizes=\"auto, (max-width: 600px) 100vw, 600px\" \/><img loading=\"lazy\" decoding=\"async\" class=\"alignnone wp-image-2474 size-full\" style=\"color: #333333;\" src=\"https:\/\/1dronas.lt\/wp-content\/uploads\/2021\/09\/8b1760d60771bc56e3f18490d57f3c36_fbbbe4b4-201d-4dd3-b624-0d6922b929c4_600x600.jpg\" alt=\"\" width=\"600\" height=\"600\" srcset=\"https:\/\/1dronas.lt\/wp-content\/uploads\/2021\/09\/8b1760d60771bc56e3f18490d57f3c36_fbbbe4b4-201d-4dd3-b624-0d6922b929c4_600x600.jpg 600w, https:\/\/1dronas.lt\/wp-content\/uploads\/2021\/09\/8b1760d60771bc56e3f18490d57f3c36_fbbbe4b4-201d-4dd3-b624-0d6922b929c4_600x600-300x300.jpg 300w, https:\/\/1dronas.lt\/wp-content\/uploads\/2021\/09\/8b1760d60771bc56e3f18490d57f3c36_fbbbe4b4-201d-4dd3-b624-0d6922b929c4_600x600-150x150.jpg 150w, https:\/\/1dronas.lt\/wp-content\/uploads\/2021\/09\/8b1760d60771bc56e3f18490d57f3c36_fbbbe4b4-201d-4dd3-b624-0d6922b929c4_600x600-12x12.jpg 12w, https:\/\/1dronas.lt\/wp-content\/uploads\/2021\/09\/8b1760d60771bc56e3f18490d57f3c36_fbbbe4b4-201d-4dd3-b624-0d6922b929c4_600x600-247x247.jpg 247w, https:\/\/1dronas.lt\/wp-content\/uploads\/2021\/09\/8b1760d60771bc56e3f18490d57f3c36_fbbbe4b4-201d-4dd3-b624-0d6922b929c4_600x600-510x510.jpg 510w, https:\/\/1dronas.lt\/wp-content\/uploads\/2021\/09\/8b1760d60771bc56e3f18490d57f3c36_fbbbe4b4-201d-4dd3-b624-0d6922b929c4_600x600-100x100.jpg 100w\" sizes=\"auto, (max-width: 600px) 100vw, 600px\" \/><\/p>\n\t\t<\/div>\n\t<\/div>\n\t\n<p><strong>Package:<br \/>\n<\/strong><br \/>\n1x BETAFPV Lite Brushed Flight Controller V3;<br \/>\n1x USB Type-C adapter;<br \/>\n4x M1.2x4mm screws;<br \/>\n4x M1.4x5mm screws;<br \/>\n4x anti-vibration gaskets.<\/p>\n<p>&nbsp;<\/p>","protected":false},"excerpt":{"rendered":"<p><span style=\"color: #000000;\">The board has a built-in SPI Frsky receiver with D8 protocol.\u00a0<\/span><\/p>\n<p><span style=\"color: #000000;\"><strong><img loading=\"lazy\" decoding=\"async\" class=\"alignnone wp-image-1806\" src=\"https:\/\/1dronas.lt\/wp-content\/uploads\/2021\/05\/delivery-icon.png\" alt=\"\" width=\"24\" height=\"24\" srcset=\"https:\/\/1dronas.lt\/wp-content\/uploads\/2021\/05\/delivery-icon.png 35w, https:\/\/1dronas.lt\/wp-content\/uploads\/2021\/05\/delivery-icon-12x12.png 12w\" sizes=\"auto, (max-width: 24px) 100vw, 24px\" \/>\u00a0 \u00a0<span style=\"font-size: 90%;\">1 \u2013 4 days<\/span><\/strong><\/span><\/p>","protected":false},"featured_media":2476,"comment_status":"open","ping_status":"closed","template":"","meta":[],"product_brand":[],"product_cat":[150,217],"product_tag":[69,152,151,154],"class_list":{"0":"post-2472","1":"product","2":"type-product","3":"status-publish","4":"has-post-thumbnail","6":"product_cat-elektronika","7":"product_cat-skydzio-valdikliai-fc-aio-stack","8":"product_tag-betafpv","9":"product_tag-esc","10":"product_tag-fc","11":"product_tag-komponentai","13":"first","14":"outofstock","15":"purchasable","16":"product-type-simple"},"yoast_head":"<!-- This site is optimized with the Yoast SEO plugin v27.3 - https:\/\/yoast.com\/product\/yoast-seo-wordpress\/ -->\n<title>BETAFPV Lite Brushed Flight Controller V3 - 1dronas.lt<\/title>\n<meta name=\"robots\" content=\"index, follow, max-snippet:-1, max-image-preview:large, max-video-preview:-1\" \/>\n<link rel=\"canonical\" href=\"https:\/\/1dronas.lt\/en\/produktas\/betafpv-lite-brushed-flight-controller-v3\/\" \/>\n<meta property=\"og:locale\" content=\"en_US\" \/>\n<meta property=\"og:type\" content=\"article\" \/>\n<meta property=\"og:title\" content=\"BETAFPV Lite Brushed Flight Controller V3 - 1dronas.lt\" \/>\n<meta property=\"og:description\" content=\"Plok\u0161t\u0117je \u012fmontuotas &quot;SPI Frsky receiver&quot; su D8 protokolu.\u00a0  \u00a0 \u00a01 \u2013 4 d. d.\" \/>\n<meta property=\"og:url\" content=\"https:\/\/1dronas.lt\/en\/produktas\/betafpv-lite-brushed-flight-controller-v3\/\" \/>\n<meta property=\"og:site_name\" content=\"1dronas.lt\" \/>\n<meta property=\"article:publisher\" content=\"https:\/\/www.facebook.com\/1dronas\/\" \/>\n<meta property=\"article:modified_time\" content=\"2023-01-09T14:44:00+00:00\" \/>\n<meta property=\"og:image\" content=\"https:\/\/1dronas.lt\/wp-content\/uploads\/2021\/09\/c2831abc7349d543adb0b881462785d1_b2bfaaa0-0233-4d8b-aa0c-15eee1f1d49c_900x.jpg\" \/>\n\t<meta property=\"og:image:width\" content=\"900\" \/>\n\t<meta property=\"og:image:height\" content=\"900\" \/>\n\t<meta property=\"og:image:type\" content=\"image\/jpeg\" \/>\n<meta name=\"twitter:card\" content=\"summary_large_image\" \/>\n<meta name=\"twitter:label1\" content=\"Est. reading time\" \/>\n\t<meta name=\"twitter:data1\" content=\"1 minute\" \/>\n<script type=\"application\/ld+json\" class=\"yoast-schema-graph\">{\"@context\":\"https:\\\/\\\/schema.org\",\"@graph\":[{\"@type\":\"WebPage\",\"@id\":\"https:\\\/\\\/1dronas.lt\\\/en\\\/produktas\\\/betafpv-lite-brushed-flight-controller-v3\\\/\",\"url\":\"https:\\\/\\\/1dronas.lt\\\/en\\\/produktas\\\/betafpv-lite-brushed-flight-controller-v3\\\/\",\"name\":\"BETAFPV Lite Brushed Flight Controller V3 - 1dronas.lt\",\"isPartOf\":{\"@id\":\"https:\\\/\\\/1dronas.lt\\\/en\\\/#website\"},\"primaryImageOfPage\":{\"@id\":\"https:\\\/\\\/1dronas.lt\\\/en\\\/produktas\\\/betafpv-lite-brushed-flight-controller-v3\\\/#primaryimage\"},\"image\":{\"@id\":\"https:\\\/\\\/1dronas.lt\\\/en\\\/produktas\\\/betafpv-lite-brushed-flight-controller-v3\\\/#primaryimage\"},\"thumbnailUrl\":\"https:\\\/\\\/1dronas.lt\\\/wp-content\\\/uploads\\\/2021\\\/09\\\/c2831abc7349d543adb0b881462785d1_b2bfaaa0-0233-4d8b-aa0c-15eee1f1d49c_900x.jpg\",\"datePublished\":\"2021-09-19T16:08:19+00:00\",\"dateModified\":\"2023-01-09T14:44:00+00:00\",\"breadcrumb\":{\"@id\":\"https:\\\/\\\/1dronas.lt\\\/en\\\/produktas\\\/betafpv-lite-brushed-flight-controller-v3\\\/#breadcrumb\"},\"inLanguage\":\"en-US\",\"potentialAction\":[{\"@type\":\"ReadAction\",\"target\":[\"https:\\\/\\\/1dronas.lt\\\/en\\\/produktas\\\/betafpv-lite-brushed-flight-controller-v3\\\/\"]}]},{\"@type\":\"ImageObject\",\"inLanguage\":\"en-US\",\"@id\":\"https:\\\/\\\/1dronas.lt\\\/en\\\/produktas\\\/betafpv-lite-brushed-flight-controller-v3\\\/#primaryimage\",\"url\":\"https:\\\/\\\/1dronas.lt\\\/wp-content\\\/uploads\\\/2021\\\/09\\\/c2831abc7349d543adb0b881462785d1_b2bfaaa0-0233-4d8b-aa0c-15eee1f1d49c_900x.jpg\",\"contentUrl\":\"https:\\\/\\\/1dronas.lt\\\/wp-content\\\/uploads\\\/2021\\\/09\\\/c2831abc7349d543adb0b881462785d1_b2bfaaa0-0233-4d8b-aa0c-15eee1f1d49c_900x.jpg\",\"width\":900,\"height\":900},{\"@type\":\"BreadcrumbList\",\"@id\":\"https:\\\/\\\/1dronas.lt\\\/en\\\/produktas\\\/betafpv-lite-brushed-flight-controller-v3\\\/#breadcrumb\",\"itemListElement\":[{\"@type\":\"ListItem\",\"position\":1,\"name\":\"Home\",\"item\":\"https:\\\/\\\/1dronas.lt\\\/\"},{\"@type\":\"ListItem\",\"position\":2,\"name\":\"Parduotuv\u0117\",\"item\":\"https:\\\/\\\/1dronas.lt\\\/parduotuve\\\/\"},{\"@type\":\"ListItem\",\"position\":3,\"name\":\"BETAFPV Lite Brushed Flight Controller V3\"}]},{\"@type\":\"WebSite\",\"@id\":\"https:\\\/\\\/1dronas.lt\\\/en\\\/#website\",\"url\":\"https:\\\/\\\/1dronas.lt\\\/en\\\/\",\"name\":\"1dronas.lt\",\"description\":\"Internetin\u0117 parduotuv\u0117\",\"publisher\":{\"@id\":\"https:\\\/\\\/1dronas.lt\\\/en\\\/#organization\"},\"potentialAction\":[{\"@type\":\"SearchAction\",\"target\":{\"@type\":\"EntryPoint\",\"urlTemplate\":\"https:\\\/\\\/1dronas.lt\\\/en\\\/?s={search_term_string}\"},\"query-input\":{\"@type\":\"PropertyValueSpecification\",\"valueRequired\":true,\"valueName\":\"search_term_string\"}}],\"inLanguage\":\"en-US\"},{\"@type\":\"Organization\",\"@id\":\"https:\\\/\\\/1dronas.lt\\\/en\\\/#organization\",\"name\":\"1dronas.lt\",\"url\":\"https:\\\/\\\/1dronas.lt\\\/en\\\/\",\"logo\":{\"@type\":\"ImageObject\",\"inLanguage\":\"en-US\",\"@id\":\"https:\\\/\\\/1dronas.lt\\\/en\\\/#\\\/schema\\\/logo\\\/image\\\/\",\"url\":\"https:\\\/\\\/1dronas.lt\\\/wp-content\\\/uploads\\\/2020\\\/12\\\/Ekrano_kopija__2_-removebg-preview-1-1.png\",\"contentUrl\":\"https:\\\/\\\/1dronas.lt\\\/wp-content\\\/uploads\\\/2020\\\/12\\\/Ekrano_kopija__2_-removebg-preview-1-1.png\",\"width\":234,\"height\":81,\"caption\":\"1dronas.lt\"},\"image\":{\"@id\":\"https:\\\/\\\/1dronas.lt\\\/en\\\/#\\\/schema\\\/logo\\\/image\\\/\"},\"sameAs\":[\"https:\\\/\\\/www.facebook.com\\\/1dronas\\\/\"]}]}<\/script>\n<!-- \/ Yoast SEO plugin. -->","yoast_head_json":{"title":"BETAFPV Lite Brushed Flight Controller V3 - 1dronas.lt","robots":{"index":"index","follow":"follow","max-snippet":"max-snippet:-1","max-image-preview":"max-image-preview:large","max-video-preview":"max-video-preview:-1"},"canonical":"https:\/\/1dronas.lt\/en\/produktas\/betafpv-lite-brushed-flight-controller-v3\/","og_locale":"en_US","og_type":"article","og_title":"BETAFPV Lite Brushed Flight Controller V3 - 1dronas.lt","og_description":"Plok\u0161t\u0117je \u012fmontuotas \"SPI Frsky receiver\" su D8 protokolu.\u00a0  \u00a0 \u00a01 \u2013 4 d. d.","og_url":"https:\/\/1dronas.lt\/en\/produktas\/betafpv-lite-brushed-flight-controller-v3\/","og_site_name":"1dronas.lt","article_publisher":"https:\/\/www.facebook.com\/1dronas\/","article_modified_time":"2023-01-09T14:44:00+00:00","og_image":[{"width":900,"height":900,"url":"https:\/\/1dronas.lt\/wp-content\/uploads\/2021\/09\/c2831abc7349d543adb0b881462785d1_b2bfaaa0-0233-4d8b-aa0c-15eee1f1d49c_900x.jpg","type":"image\/jpeg"}],"twitter_card":"summary_large_image","twitter_misc":{"Est. reading time":"1 minute"},"schema":{"@context":"https:\/\/schema.org","@graph":[{"@type":"WebPage","@id":"https:\/\/1dronas.lt\/en\/produktas\/betafpv-lite-brushed-flight-controller-v3\/","url":"https:\/\/1dronas.lt\/en\/produktas\/betafpv-lite-brushed-flight-controller-v3\/","name":"BETAFPV Lite Brushed Flight Controller V3 - 1dronas.lt","isPartOf":{"@id":"https:\/\/1dronas.lt\/en\/#website"},"primaryImageOfPage":{"@id":"https:\/\/1dronas.lt\/en\/produktas\/betafpv-lite-brushed-flight-controller-v3\/#primaryimage"},"image":{"@id":"https:\/\/1dronas.lt\/en\/produktas\/betafpv-lite-brushed-flight-controller-v3\/#primaryimage"},"thumbnailUrl":"https:\/\/1dronas.lt\/wp-content\/uploads\/2021\/09\/c2831abc7349d543adb0b881462785d1_b2bfaaa0-0233-4d8b-aa0c-15eee1f1d49c_900x.jpg","datePublished":"2021-09-19T16:08:19+00:00","dateModified":"2023-01-09T14:44:00+00:00","breadcrumb":{"@id":"https:\/\/1dronas.lt\/en\/produktas\/betafpv-lite-brushed-flight-controller-v3\/#breadcrumb"},"inLanguage":"en-US","potentialAction":[{"@type":"ReadAction","target":["https:\/\/1dronas.lt\/en\/produktas\/betafpv-lite-brushed-flight-controller-v3\/"]}]},{"@type":"ImageObject","inLanguage":"en-US","@id":"https:\/\/1dronas.lt\/en\/produktas\/betafpv-lite-brushed-flight-controller-v3\/#primaryimage","url":"https:\/\/1dronas.lt\/wp-content\/uploads\/2021\/09\/c2831abc7349d543adb0b881462785d1_b2bfaaa0-0233-4d8b-aa0c-15eee1f1d49c_900x.jpg","contentUrl":"https:\/\/1dronas.lt\/wp-content\/uploads\/2021\/09\/c2831abc7349d543adb0b881462785d1_b2bfaaa0-0233-4d8b-aa0c-15eee1f1d49c_900x.jpg","width":900,"height":900},{"@type":"BreadcrumbList","@id":"https:\/\/1dronas.lt\/en\/produktas\/betafpv-lite-brushed-flight-controller-v3\/#breadcrumb","itemListElement":[{"@type":"ListItem","position":1,"name":"Home","item":"https:\/\/1dronas.lt\/"},{"@type":"ListItem","position":2,"name":"Parduotuv\u0117","item":"https:\/\/1dronas.lt\/parduotuve\/"},{"@type":"ListItem","position":3,"name":"BETAFPV Lite Brushed Flight Controller V3"}]},{"@type":"WebSite","@id":"https:\/\/1dronas.lt\/en\/#website","url":"https:\/\/1dronas.lt\/en\/","name":"1dronas.lt","description":"Online store","publisher":{"@id":"https:\/\/1dronas.lt\/en\/#organization"},"potentialAction":[{"@type":"SearchAction","target":{"@type":"EntryPoint","urlTemplate":"https:\/\/1dronas.lt\/en\/?s={search_term_string}"},"query-input":{"@type":"PropertyValueSpecification","valueRequired":true,"valueName":"search_term_string"}}],"inLanguage":"en-US"},{"@type":"Organization","@id":"https:\/\/1dronas.lt\/en\/#organization","name":"1dronas.lt","url":"https:\/\/1dronas.lt\/en\/","logo":{"@type":"ImageObject","inLanguage":"en-US","@id":"https:\/\/1dronas.lt\/en\/#\/schema\/logo\/image\/","url":"https:\/\/1dronas.lt\/wp-content\/uploads\/2020\/12\/Ekrano_kopija__2_-removebg-preview-1-1.png","contentUrl":"https:\/\/1dronas.lt\/wp-content\/uploads\/2020\/12\/Ekrano_kopija__2_-removebg-preview-1-1.png","width":234,"height":81,"caption":"1dronas.lt"},"image":{"@id":"https:\/\/1dronas.lt\/en\/#\/schema\/logo\/image\/"},"sameAs":["https:\/\/www.facebook.com\/1dronas\/"]}]}},"jetpack_sharing_enabled":true,"_links":{"self":[{"href":"https:\/\/1dronas.lt\/en\/wp-json\/wp\/v2\/product\/2472","targetHints":{"allow":["GET"]}}],"collection":[{"href":"https:\/\/1dronas.lt\/en\/wp-json\/wp\/v2\/product"}],"about":[{"href":"https:\/\/1dronas.lt\/en\/wp-json\/wp\/v2\/types\/product"}],"replies":[{"embeddable":true,"href":"https:\/\/1dronas.lt\/en\/wp-json\/wp\/v2\/comments?post=2472"}],"wp:featuredmedia":[{"embeddable":true,"href":"https:\/\/1dronas.lt\/en\/wp-json\/wp\/v2\/media\/2476"}],"wp:attachment":[{"href":"https:\/\/1dronas.lt\/en\/wp-json\/wp\/v2\/media?parent=2472"}],"wp:term":[{"taxonomy":"product_brand","embeddable":true,"href":"https:\/\/1dronas.lt\/en\/wp-json\/wp\/v2\/product_brand?post=2472"},{"taxonomy":"product_cat","embeddable":true,"href":"https:\/\/1dronas.lt\/en\/wp-json\/wp\/v2\/product_cat?post=2472"},{"taxonomy":"product_tag","embeddable":true,"href":"https:\/\/1dronas.lt\/en\/wp-json\/wp\/v2\/product_tag?post=2472"}],"curies":[{"name":"wp","href":"https:\/\/api.w.org\/{rel}","templated":true}]}}