{"id":2437,"date":"2021-09-16T17:14:50","date_gmt":"2021-09-16T17:14:50","guid":{"rendered":"https:\/\/1dronas.lt\/?post_type=product&#038;p=2437"},"modified":"2025-02-03T19:54:07","modified_gmt":"2025-02-03T19:54:07","slug":"iflight-nazgul5-v2-6s-led","status":"publish","type":"product","link":"https:\/\/1dronas.lt\/en\/produktas\/iflight-nazgul5-v2-6s-led\/","title":{"rendered":"iFlight Nazgul5 V2 6S + LED"},"content":{"rendered":"<p><strong>GoPro camera and mounts are not included.<\/strong><\/p>\n<p><strong>New FC: SucceX-E F7 V2.1 Flight Controller;<\/strong><br \/>\n<strong>New camera: RaceCam R1 Mini 1200TVL;<\/strong><br \/>\n<strong>Improved frame;<\/strong><br \/>\n<strong>Easier.<\/strong><\/p>\n<p><strong>Specification:<\/strong><\/p>\n<p><strong>\u2022 <\/strong>Engines:<br \/>\nManufacturer: iFlight;<br \/>\nModel: XING-E 2207 motors;<br \/>\nInput voltage: 3-6S;<br \/>\nKV: 18000KV.<br \/>\n\t<div id=\"accordion-3411829441\" class=\"accordion-item\">\n\t\t<a id=\"accordion-3411829441-label\" class=\"accordion-title plain\" href=\"#accordion-item-apkrova\/i\u0161matavimai\" aria-expanded=\"false\" aria-controls=\"accordion-3411829441-content\">\n\t\t\t<button class=\"toggle\" aria-label=\"Toggle\"><i class=\"icon-angle-down\" aria-hidden=\"true\"><\/i><\/button>\n\t\t\t<span>Load\/Dimensions<\/span>\n\t\t<\/a>\n\t\t<div id=\"accordion-3411829441-content\" class=\"accordion-inner\" aria-labelledby=\"accordion-3411829441-label\">\n\t\t\t\n<img loading=\"lazy\" decoding=\"async\" class=\"alignnone wp-image-2152 size-full\" src=\"https:\/\/1dronas.lt\/wp-content\/uploads\/2021\/07\/1800KV-1000x1000-1.jpg\" alt=\"\" width=\"1000\" height=\"1000\" srcset=\"https:\/\/1dronas.lt\/wp-content\/uploads\/2021\/07\/1800KV-1000x1000-1.jpg 1000w, https:\/\/1dronas.lt\/wp-content\/uploads\/2021\/07\/1800KV-1000x1000-1-300x300.jpg 300w, https:\/\/1dronas.lt\/wp-content\/uploads\/2021\/07\/1800KV-1000x1000-1-150x150.jpg 150w, https:\/\/1dronas.lt\/wp-content\/uploads\/2021\/07\/1800KV-1000x1000-1-768x768.jpg 768w, https:\/\/1dronas.lt\/wp-content\/uploads\/2021\/07\/1800KV-1000x1000-1-12x12.jpg 12w, https:\/\/1dronas.lt\/wp-content\/uploads\/2021\/07\/1800KV-1000x1000-1-247x247.jpg 247w, https:\/\/1dronas.lt\/wp-content\/uploads\/2021\/07\/1800KV-1000x1000-1-510x510.jpg 510w, https:\/\/1dronas.lt\/wp-content\/uploads\/2021\/07\/1800KV-1000x1000-1-100x100.jpg 100w\" sizes=\"auto, (max-width: 1000px) 100vw, 1000px\" \/><\/p>\n\t\t<\/div>\n\t<\/div>\n\t\n<p><strong style=\"font-weight: 400;\"><b>\u2022 <\/b><\/strong>ESC:<br \/>\nManufacturer: iFlight;<br \/>\nModel: SucceX-E 45A 2-6S BLHeli_S 4-in-1 ESC;<br \/>\nBLHeliS.<br \/>\nESC MCU: EFM8BB21 24Mhz Runs BLHELI 16.X Firmware;<br \/>\nContinuous current: 45A;<br \/>\nInput: 2-6s Lipo;<br \/>\nSupports: Dshot150\/300\/600, Oneshot, Multishot;<br \/>\nMounting arrangement: 30.5 x 30.5mm;<br \/>\nTarget: GH-30 BLS 16.7;<br \/>\nSize: 36 x 43mm;<br \/>\nWeight: ~14.4g.<br \/>\n\t<div id=\"accordion-1607456049\" class=\"accordion-item\">\n\t\t<a id=\"accordion-1607456049-label\" class=\"accordion-title plain\" href=\"#accordion-item-elektros-schema\" aria-expanded=\"false\" aria-controls=\"accordion-1607456049-content\">\n\t\t\t<button class=\"toggle\" aria-label=\"Toggle\"><i class=\"icon-angle-down\" aria-hidden=\"true\"><\/i><\/button>\n\t\t\t<span>Electrical diagram<\/span>\n\t\t<\/a>\n\t\t<div id=\"accordion-1607456049-content\" class=\"accordion-inner\" aria-labelledby=\"accordion-1607456049-label\">\n\t\t\t\n<img loading=\"lazy\" decoding=\"async\" class=\"alignnone wp-image-2173 size-full\" src=\"https:\/\/1dronas.lt\/wp-content\/uploads\/2021\/04\/lokhut.jpg\" alt=\"\" width=\"1000\" height=\"1388\" srcset=\"https:\/\/1dronas.lt\/wp-content\/uploads\/2021\/04\/lokhut.jpg 1000w, https:\/\/1dronas.lt\/wp-content\/uploads\/2021\/04\/lokhut-216x300.jpg 216w, https:\/\/1dronas.lt\/wp-content\/uploads\/2021\/04\/lokhut-738x1024.jpg 738w, https:\/\/1dronas.lt\/wp-content\/uploads\/2021\/04\/lokhut-768x1066.jpg 768w, https:\/\/1dronas.lt\/wp-content\/uploads\/2021\/04\/lokhut-9x12.jpg 9w, https:\/\/1dronas.lt\/wp-content\/uploads\/2021\/04\/lokhut-510x708.jpg 510w\" sizes=\"auto, (max-width: 1000px) 100vw, 1000px\" \/><br \/>\n\t\t<\/div>\n\t<\/div>\n\t\n<p><strong style=\"font-weight: 400;\"><b>\u2022 <\/b><\/strong>VTX:<br \/>\nManufacturer: iFlight;<br \/>\nModel: SucceX-Force 5.8g 800mW adjustable VTX;<br \/>\nFrequency: 5.8GHz;<br \/>\nInput voltage: 5V;<br \/>\nInput voltage\/maximum current: 5V 1A;<br \/>\nPower: PIT\/25mW\/200mW\/400mW\/800mW changeable;<br \/>\nVideo system: NTSC\/PAL;<br \/>\nChannels: 48;<br \/>\nSize: 36mm x 36mm;<br \/>\nMounting hole diameter: 3mm;<br \/>\nMounting Holes: 4-M3;<br \/>\nWeight: ~7.2g.<\/p>\n<p>\u2022RX:<br \/>\nTBS Crossfire Nano rx.<strong><br \/>\n<\/strong><\/p>\n<p><strong style=\"font-weight: 400;\"><b>\u2022 <\/b><\/strong>Camera:<br \/>\nRaceCAM R1 Mini 1200TVL.<\/p>\n<p><strong style=\"font-weight: 400;\"><b>\u2022 <\/b><\/strong>FC:<br \/>\nManufacturer: iFlight;<br \/>\nModel: SucceX-E F7;<br \/>\nMCU: STM32F22RET6 216MHz;<br \/>\nIMU: MPU6000 gyro\/accelerometer (SPI);<br \/>\nOSD: BetaFlight OSD (AT7456E);<br \/>\nBlack box: 8MB;<br \/>\nInput voltage: 2-6s;<br \/>\nBEC output: 5V@2.5A;<br \/>\nMounting arrangement: 30.5 x 30.5mm;<br \/>\nSize: 36 x 36mm;<br \/>\nMounting hole diameter: 4mm with Grommets 3mm;<br \/>\n4X Uarts\uff081 2 4 5 );<br \/>\nWeight: ~6.9g.<br \/>\n\t<div id=\"accordion-428750078\" class=\"accordion-item\">\n\t\t<a id=\"accordion-428750078-label\" class=\"accordion-title plain\" href=\"#accordion-item-elektros-schema\" aria-expanded=\"false\" aria-controls=\"accordion-428750078-content\">\n\t\t\t<button class=\"toggle\" aria-label=\"Toggle\"><i class=\"icon-angle-down\" aria-hidden=\"true\"><\/i><\/button>\n\t\t\t<span>Electrical diagram<\/span>\n\t\t<\/a>\n\t\t<div id=\"accordion-428750078-content\" class=\"accordion-inner\" aria-labelledby=\"accordion-428750078-label\">\n\t\t\t\n<img loading=\"lazy\" decoding=\"async\" class=\"alignnone wp-image-2362 size-full\" src=\"https:\/\/1dronas.lt\/wp-content\/uploads\/2021\/07\/Diagrama1-scaled.jpg\" alt=\"\" width=\"1823\" height=\"2560\" srcset=\"https:\/\/1dronas.lt\/wp-content\/uploads\/2021\/07\/Diagrama1-scaled.jpg 1823w, https:\/\/1dronas.lt\/wp-content\/uploads\/2021\/07\/Diagrama1-scaled-214x300.jpg 214w, https:\/\/1dronas.lt\/wp-content\/uploads\/2021\/07\/Diagrama1-scaled-729x1024.jpg 729w, https:\/\/1dronas.lt\/wp-content\/uploads\/2021\/07\/Diagrama1-scaled-768x1078.jpg 768w, https:\/\/1dronas.lt\/wp-content\/uploads\/2021\/07\/Diagrama1-scaled-1094x1536.jpg 1094w, https:\/\/1dronas.lt\/wp-content\/uploads\/2021\/07\/Diagrama1-scaled-1458x2048.jpg 1458w, https:\/\/1dronas.lt\/wp-content\/uploads\/2021\/07\/Diagrama1-scaled-9x12.jpg 9w, https:\/\/1dronas.lt\/wp-content\/uploads\/2021\/07\/Diagrama1-scaled-510x716.jpg 510w\" sizes=\"auto, (max-width: 1823px) 100vw, 1823px\" \/> <img loading=\"lazy\" decoding=\"async\" class=\"alignnone wp-image-2363 size-full\" src=\"https:\/\/1dronas.lt\/wp-content\/uploads\/2021\/07\/Diagrama2-scaled.jpg\" alt=\"\" width=\"1412\" height=\"2560\" srcset=\"https:\/\/1dronas.lt\/wp-content\/uploads\/2021\/07\/Diagrama2-scaled.jpg 1412w, https:\/\/1dronas.lt\/wp-content\/uploads\/2021\/07\/Diagrama2-scaled-165x300.jpg 165w, https:\/\/1dronas.lt\/wp-content\/uploads\/2021\/07\/Diagrama2-scaled-565x1024.jpg 565w, https:\/\/1dronas.lt\/wp-content\/uploads\/2021\/07\/Diagrama2-scaled-768x1392.jpg 768w, https:\/\/1dronas.lt\/wp-content\/uploads\/2021\/07\/Diagrama2-scaled-847x1536.jpg 847w, https:\/\/1dronas.lt\/wp-content\/uploads\/2021\/07\/Diagrama2-scaled-1130x2048.jpg 1130w, https:\/\/1dronas.lt\/wp-content\/uploads\/2021\/07\/Diagrama2-scaled-7x12.jpg 7w, https:\/\/1dronas.lt\/wp-content\/uploads\/2021\/07\/Diagrama2-scaled-510x925.jpg 510w\" sizes=\"auto, (max-width: 1412px) 100vw, 1412px\" \/> <img loading=\"lazy\" decoding=\"async\" class=\"alignnone wp-image-2364 size-large\" src=\"https:\/\/1dronas.lt\/wp-content\/uploads\/2021\/07\/diagrama3-1024x725.jpg\" alt=\"\" width=\"1020\" height=\"722\" srcset=\"https:\/\/1dronas.lt\/wp-content\/uploads\/2021\/07\/diagrama3-1024x725.jpg 1024w, https:\/\/1dronas.lt\/wp-content\/uploads\/2021\/07\/diagrama3-300x213.jpg 300w, https:\/\/1dronas.lt\/wp-content\/uploads\/2021\/07\/diagrama3-768x544.jpg 768w, https:\/\/1dronas.lt\/wp-content\/uploads\/2021\/07\/diagrama3-1536x1088.jpg 1536w, https:\/\/1dronas.lt\/wp-content\/uploads\/2021\/07\/diagrama3-2048x1451.jpg 2048w, https:\/\/1dronas.lt\/wp-content\/uploads\/2021\/07\/diagrama3-18x12.jpg 18w, https:\/\/1dronas.lt\/wp-content\/uploads\/2021\/07\/diagrama3-510x361.jpg 510w\" sizes=\"auto, (max-width: 1020px) 100vw, 1020px\" \/><br \/>\n\t\t<\/div>\n\t<\/div>\n\t\n<p><strong style=\"font-weight: 400;\"><b>\u2022 <\/b><\/strong>Propellers:<br \/>\nNazgul 5140;<br \/>\nMaterial: PC;<br \/>\nBlades: 3;<br \/>\nPropeller mounting hole: 5mm;<br \/>\nWeight: ~4g.<br \/>\n\t<div id=\"accordion-1331805392\" class=\"accordion-item\">\n\t\t<a id=\"accordion-1331805392-label\" class=\"accordion-title plain\" href=\"#accordion-item-i\u0161matavimai\" aria-expanded=\"false\" aria-controls=\"accordion-1331805392-content\">\n\t\t\t<button class=\"toggle\" aria-label=\"Toggle\"><i class=\"icon-angle-down\" aria-hidden=\"true\"><\/i><\/button>\n\t\t\t<span>Measurements<\/span>\n\t\t<\/a>\n\t\t<div id=\"accordion-1331805392-content\" class=\"accordion-inner\" aria-labelledby=\"accordion-1331805392-label\">\n\t\t\t\n<img loading=\"lazy\" decoding=\"async\" class=\"alignnone wp-image-1475 size-full\" src=\"https:\/\/1dronas.lt\/wp-content\/uploads\/2021\/04\/nazgule-5140-freestyle-propeller-2-1000x1000-1.jpg\" alt=\"\" width=\"1000\" height=\"1000\" srcset=\"https:\/\/1dronas.lt\/wp-content\/uploads\/2021\/04\/nazgule-5140-freestyle-propeller-2-1000x1000-1.jpg 1000w, https:\/\/1dronas.lt\/wp-content\/uploads\/2021\/04\/nazgule-5140-freestyle-propeller-2-1000x1000-1-300x300.jpg 300w, https:\/\/1dronas.lt\/wp-content\/uploads\/2021\/04\/nazgule-5140-freestyle-propeller-2-1000x1000-1-150x150.jpg 150w, https:\/\/1dronas.lt\/wp-content\/uploads\/2021\/04\/nazgule-5140-freestyle-propeller-2-1000x1000-1-768x768.jpg 768w, https:\/\/1dronas.lt\/wp-content\/uploads\/2021\/04\/nazgule-5140-freestyle-propeller-2-1000x1000-1-12x12.jpg 12w, https:\/\/1dronas.lt\/wp-content\/uploads\/2021\/04\/nazgule-5140-freestyle-propeller-2-1000x1000-1-247x247.jpg 247w, https:\/\/1dronas.lt\/wp-content\/uploads\/2021\/04\/nazgule-5140-freestyle-propeller-2-1000x1000-1-510x510.jpg 510w, https:\/\/1dronas.lt\/wp-content\/uploads\/2021\/04\/nazgule-5140-freestyle-propeller-2-1000x1000-1-100x100.jpg 100w\" sizes=\"auto, (max-width: 1000px) 100vw, 1000px\" \/><\/p>\n\t\t<\/div>\n\t<\/div>\n\t\n<p><strong>Package:<\/strong><\/p>\n<p>1x ready-to-fly drone;<br \/>\n<span style=\"color: #666666;\">1x Albatross RHCP <\/span><span style=\"color: #636363;\">\u00a0SMA\u00a0<\/span><span style=\"color: #666666;\">5.8g antenna;<\/span><br \/>\n2x propeller sets Nazgul 5 inch 3-blade;<br \/>\n2x 20 x 200mm straps, for batteries;<br \/>\n2x 20 x 250mm straps, for batteries.<\/p>\n<p><span style=\"color: #ed1c24;\">Battery is not included. <\/span><\/p>\n<p><strong>We recommend:<\/strong><\/p>\n<div class=\"woocommerce columns-4\"><\/div>\n<p><span style=\"color: #ed1c24;\">\u00a0<\/span><\/p>","protected":false},"excerpt":{"rendered":"<p><span style=\"color: #333333;\">Pre-tuned and configured. All you need to do is pair the aircraft and fly!<br \/>\n<\/span><\/p>\n<p><span style=\"color: #000000;\"><strong><img loading=\"lazy\" decoding=\"async\" class=\"alignnone wp-image-1806\" src=\"https:\/\/1dronas.lt\/wp-content\/uploads\/2021\/05\/delivery-icon.png\" alt=\"\" width=\"24\" height=\"24\" srcset=\"https:\/\/1dronas.lt\/wp-content\/uploads\/2021\/05\/delivery-icon.png 35w, https:\/\/1dronas.lt\/wp-content\/uploads\/2021\/05\/delivery-icon-12x12.png 12w\" sizes=\"auto, (max-width: 24px) 100vw, 24px\" \/>\u00a0 \u00a0<span style=\"font-size: 90%;\">1 \u2013 4 days<\/span><\/strong><\/span><\/p>","protected":false},"featured_media":2464,"comment_status":"open","ping_status":"closed","template":"","meta":[],"product_brand":[496],"product_cat":[105,106,104],"product_tag":[18,54,92,91],"class_list":{"0":"post-2437","1":"product","2":"type-product","3":"status-publish","4":"has-post-thumbnail","6":"product_brand-iflight","7":"product_cat-fpv-bnf-dronai","8":"product_cat-freestyle","9":"product_cat-orlaiviai","10":"product_tag-dronai","11":"product_tag-fpv","12":"product_tag-freestyle","13":"product_tag-iflight","15":"first","16":"outofstock","17":"featured","18":"purchasable","19":"product-type-simple"},"yoast_head":"<!-- This site is optimized with the Yoast SEO plugin v27.3 - https:\/\/yoast.com\/product\/yoast-seo-wordpress\/ -->\n<title>iFlight Nazgul5 V2 6S + LED - 1dronas.lt<\/title>\n<meta name=\"robots\" content=\"index, follow, max-snippet:-1, max-image-preview:large, max-video-preview:-1\" \/>\n<link rel=\"canonical\" href=\"https:\/\/1dronas.lt\/en\/produktas\/iflight-nazgul5-v2-6s-led\/\" \/>\n<meta property=\"og:locale\" content=\"en_US\" \/>\n<meta property=\"og:type\" content=\"article\" \/>\n<meta property=\"og:title\" content=\"iFlight Nazgul5 V2 6S + LED - 1dronas.lt\" \/>\n<meta property=\"og:description\" content=\"I\u0161 anksto sureguliuota ir sukonfig\u016bruota. Viskas k\u0105 Jums reikia atlikti - susieti orlaiv\u012f ir skristi!   \u00a0 \u00a01 - 4 d. d.\" \/>\n<meta property=\"og:url\" content=\"https:\/\/1dronas.lt\/en\/produktas\/iflight-nazgul5-v2-6s-led\/\" \/>\n<meta property=\"og:site_name\" content=\"1dronas.lt\" \/>\n<meta property=\"article:publisher\" content=\"https:\/\/www.facebook.com\/1dronas\/\" \/>\n<meta property=\"article:modified_time\" content=\"2025-02-03T19:54:07+00:00\" \/>\n<meta property=\"og:image\" content=\"https:\/\/1dronas.lt\/wp-content\/uploads\/2021\/09\/Nazgul5-Analog-LED-3-1000x1000-1.jpg\" \/>\n\t<meta property=\"og:image:width\" content=\"1000\" \/>\n\t<meta property=\"og:image:height\" content=\"1000\" \/>\n\t<meta property=\"og:image:type\" content=\"image\/jpeg\" \/>\n<meta name=\"twitter:card\" content=\"summary_large_image\" \/>\n<meta name=\"twitter:label1\" content=\"Est. reading time\" \/>\n\t<meta name=\"twitter:data1\" content=\"3 minutes\" \/>\n<script type=\"application\/ld+json\" class=\"yoast-schema-graph\">{\"@context\":\"https:\\\/\\\/schema.org\",\"@graph\":[{\"@type\":\"WebPage\",\"@id\":\"https:\\\/\\\/1dronas.lt\\\/en\\\/produktas\\\/iflight-nazgul5-v2-6s-led\\\/\",\"url\":\"https:\\\/\\\/1dronas.lt\\\/en\\\/produktas\\\/iflight-nazgul5-v2-6s-led\\\/\",\"name\":\"iFlight Nazgul5 V2 6S + LED - 1dronas.lt\",\"isPartOf\":{\"@id\":\"https:\\\/\\\/1dronas.lt\\\/en\\\/#website\"},\"primaryImageOfPage\":{\"@id\":\"https:\\\/\\\/1dronas.lt\\\/en\\\/produktas\\\/iflight-nazgul5-v2-6s-led\\\/#primaryimage\"},\"image\":{\"@id\":\"https:\\\/\\\/1dronas.lt\\\/en\\\/produktas\\\/iflight-nazgul5-v2-6s-led\\\/#primaryimage\"},\"thumbnailUrl\":\"https:\\\/\\\/1dronas.lt\\\/wp-content\\\/uploads\\\/2021\\\/09\\\/Nazgul5-Analog-LED-3-1000x1000-1.jpg\",\"datePublished\":\"2021-09-16T17:14:50+00:00\",\"dateModified\":\"2025-02-03T19:54:07+00:00\",\"breadcrumb\":{\"@id\":\"https:\\\/\\\/1dronas.lt\\\/en\\\/produktas\\\/iflight-nazgul5-v2-6s-led\\\/#breadcrumb\"},\"inLanguage\":\"en-US\",\"potentialAction\":[{\"@type\":\"ReadAction\",\"target\":[\"https:\\\/\\\/1dronas.lt\\\/en\\\/produktas\\\/iflight-nazgul5-v2-6s-led\\\/\"]}]},{\"@type\":\"ImageObject\",\"inLanguage\":\"en-US\",\"@id\":\"https:\\\/\\\/1dronas.lt\\\/en\\\/produktas\\\/iflight-nazgul5-v2-6s-led\\\/#primaryimage\",\"url\":\"https:\\\/\\\/1dronas.lt\\\/wp-content\\\/uploads\\\/2021\\\/09\\\/Nazgul5-Analog-LED-3-1000x1000-1.jpg\",\"contentUrl\":\"https:\\\/\\\/1dronas.lt\\\/wp-content\\\/uploads\\\/2021\\\/09\\\/Nazgul5-Analog-LED-3-1000x1000-1.jpg\",\"width\":1000,\"height\":1000},{\"@type\":\"BreadcrumbList\",\"@id\":\"https:\\\/\\\/1dronas.lt\\\/en\\\/produktas\\\/iflight-nazgul5-v2-6s-led\\\/#breadcrumb\",\"itemListElement\":[{\"@type\":\"ListItem\",\"position\":1,\"name\":\"Home\",\"item\":\"https:\\\/\\\/1dronas.lt\\\/\"},{\"@type\":\"ListItem\",\"position\":2,\"name\":\"Parduotuv\u0117\",\"item\":\"https:\\\/\\\/1dronas.lt\\\/parduotuve\\\/\"},{\"@type\":\"ListItem\",\"position\":3,\"name\":\"iFlight Nazgul5 V2 6S + LED\"}]},{\"@type\":\"WebSite\",\"@id\":\"https:\\\/\\\/1dronas.lt\\\/en\\\/#website\",\"url\":\"https:\\\/\\\/1dronas.lt\\\/en\\\/\",\"name\":\"1dronas.lt\",\"description\":\"Internetin\u0117 parduotuv\u0117\",\"publisher\":{\"@id\":\"https:\\\/\\\/1dronas.lt\\\/en\\\/#organization\"},\"potentialAction\":[{\"@type\":\"SearchAction\",\"target\":{\"@type\":\"EntryPoint\",\"urlTemplate\":\"https:\\\/\\\/1dronas.lt\\\/en\\\/?s={search_term_string}\"},\"query-input\":{\"@type\":\"PropertyValueSpecification\",\"valueRequired\":true,\"valueName\":\"search_term_string\"}}],\"inLanguage\":\"en-US\"},{\"@type\":\"Organization\",\"@id\":\"https:\\\/\\\/1dronas.lt\\\/en\\\/#organization\",\"name\":\"1dronas.lt\",\"url\":\"https:\\\/\\\/1dronas.lt\\\/en\\\/\",\"logo\":{\"@type\":\"ImageObject\",\"inLanguage\":\"en-US\",\"@id\":\"https:\\\/\\\/1dronas.lt\\\/en\\\/#\\\/schema\\\/logo\\\/image\\\/\",\"url\":\"https:\\\/\\\/1dronas.lt\\\/wp-content\\\/uploads\\\/2020\\\/12\\\/Ekrano_kopija__2_-removebg-preview-1-1.png\",\"contentUrl\":\"https:\\\/\\\/1dronas.lt\\\/wp-content\\\/uploads\\\/2020\\\/12\\\/Ekrano_kopija__2_-removebg-preview-1-1.png\",\"width\":234,\"height\":81,\"caption\":\"1dronas.lt\"},\"image\":{\"@id\":\"https:\\\/\\\/1dronas.lt\\\/en\\\/#\\\/schema\\\/logo\\\/image\\\/\"},\"sameAs\":[\"https:\\\/\\\/www.facebook.com\\\/1dronas\\\/\"]}]}<\/script>\n<!-- \/ Yoast SEO plugin. -->","yoast_head_json":{"title":"iFlight Nazgul5 V2 6S + LED - 1dronas.lt","robots":{"index":"index","follow":"follow","max-snippet":"max-snippet:-1","max-image-preview":"max-image-preview:large","max-video-preview":"max-video-preview:-1"},"canonical":"https:\/\/1dronas.lt\/en\/produktas\/iflight-nazgul5-v2-6s-led\/","og_locale":"en_US","og_type":"article","og_title":"iFlight Nazgul5 V2 6S + LED - 1dronas.lt","og_description":"I\u0161 anksto sureguliuota ir sukonfig\u016bruota. Viskas k\u0105 Jums reikia atlikti - susieti orlaiv\u012f ir skristi!   \u00a0 \u00a01 - 4 d. d.","og_url":"https:\/\/1dronas.lt\/en\/produktas\/iflight-nazgul5-v2-6s-led\/","og_site_name":"1dronas.lt","article_publisher":"https:\/\/www.facebook.com\/1dronas\/","article_modified_time":"2025-02-03T19:54:07+00:00","og_image":[{"width":1000,"height":1000,"url":"https:\/\/1dronas.lt\/wp-content\/uploads\/2021\/09\/Nazgul5-Analog-LED-3-1000x1000-1.jpg","type":"image\/jpeg"}],"twitter_card":"summary_large_image","twitter_misc":{"Est. reading time":"3 minutes"},"schema":{"@context":"https:\/\/schema.org","@graph":[{"@type":"WebPage","@id":"https:\/\/1dronas.lt\/en\/produktas\/iflight-nazgul5-v2-6s-led\/","url":"https:\/\/1dronas.lt\/en\/produktas\/iflight-nazgul5-v2-6s-led\/","name":"iFlight Nazgul5 V2 6S + LED - 1dronas.lt","isPartOf":{"@id":"https:\/\/1dronas.lt\/en\/#website"},"primaryImageOfPage":{"@id":"https:\/\/1dronas.lt\/en\/produktas\/iflight-nazgul5-v2-6s-led\/#primaryimage"},"image":{"@id":"https:\/\/1dronas.lt\/en\/produktas\/iflight-nazgul5-v2-6s-led\/#primaryimage"},"thumbnailUrl":"https:\/\/1dronas.lt\/wp-content\/uploads\/2021\/09\/Nazgul5-Analog-LED-3-1000x1000-1.jpg","datePublished":"2021-09-16T17:14:50+00:00","dateModified":"2025-02-03T19:54:07+00:00","breadcrumb":{"@id":"https:\/\/1dronas.lt\/en\/produktas\/iflight-nazgul5-v2-6s-led\/#breadcrumb"},"inLanguage":"en-US","potentialAction":[{"@type":"ReadAction","target":["https:\/\/1dronas.lt\/en\/produktas\/iflight-nazgul5-v2-6s-led\/"]}]},{"@type":"ImageObject","inLanguage":"en-US","@id":"https:\/\/1dronas.lt\/en\/produktas\/iflight-nazgul5-v2-6s-led\/#primaryimage","url":"https:\/\/1dronas.lt\/wp-content\/uploads\/2021\/09\/Nazgul5-Analog-LED-3-1000x1000-1.jpg","contentUrl":"https:\/\/1dronas.lt\/wp-content\/uploads\/2021\/09\/Nazgul5-Analog-LED-3-1000x1000-1.jpg","width":1000,"height":1000},{"@type":"BreadcrumbList","@id":"https:\/\/1dronas.lt\/en\/produktas\/iflight-nazgul5-v2-6s-led\/#breadcrumb","itemListElement":[{"@type":"ListItem","position":1,"name":"Home","item":"https:\/\/1dronas.lt\/"},{"@type":"ListItem","position":2,"name":"Parduotuv\u0117","item":"https:\/\/1dronas.lt\/parduotuve\/"},{"@type":"ListItem","position":3,"name":"iFlight Nazgul5 V2 6S + LED"}]},{"@type":"WebSite","@id":"https:\/\/1dronas.lt\/en\/#website","url":"https:\/\/1dronas.lt\/en\/","name":"1dronas.lt","description":"Online store","publisher":{"@id":"https:\/\/1dronas.lt\/en\/#organization"},"potentialAction":[{"@type":"SearchAction","target":{"@type":"EntryPoint","urlTemplate":"https:\/\/1dronas.lt\/en\/?s={search_term_string}"},"query-input":{"@type":"PropertyValueSpecification","valueRequired":true,"valueName":"search_term_string"}}],"inLanguage":"en-US"},{"@type":"Organization","@id":"https:\/\/1dronas.lt\/en\/#organization","name":"1dronas.lt","url":"https:\/\/1dronas.lt\/en\/","logo":{"@type":"ImageObject","inLanguage":"en-US","@id":"https:\/\/1dronas.lt\/en\/#\/schema\/logo\/image\/","url":"https:\/\/1dronas.lt\/wp-content\/uploads\/2020\/12\/Ekrano_kopija__2_-removebg-preview-1-1.png","contentUrl":"https:\/\/1dronas.lt\/wp-content\/uploads\/2020\/12\/Ekrano_kopija__2_-removebg-preview-1-1.png","width":234,"height":81,"caption":"1dronas.lt"},"image":{"@id":"https:\/\/1dronas.lt\/en\/#\/schema\/logo\/image\/"},"sameAs":["https:\/\/www.facebook.com\/1dronas\/"]}]}},"jetpack_sharing_enabled":true,"_links":{"self":[{"href":"https:\/\/1dronas.lt\/en\/wp-json\/wp\/v2\/product\/2437","targetHints":{"allow":["GET"]}}],"collection":[{"href":"https:\/\/1dronas.lt\/en\/wp-json\/wp\/v2\/product"}],"about":[{"href":"https:\/\/1dronas.lt\/en\/wp-json\/wp\/v2\/types\/product"}],"replies":[{"embeddable":true,"href":"https:\/\/1dronas.lt\/en\/wp-json\/wp\/v2\/comments?post=2437"}],"wp:featuredmedia":[{"embeddable":true,"href":"https:\/\/1dronas.lt\/en\/wp-json\/wp\/v2\/media\/2464"}],"wp:attachment":[{"href":"https:\/\/1dronas.lt\/en\/wp-json\/wp\/v2\/media?parent=2437"}],"wp:term":[{"taxonomy":"product_brand","embeddable":true,"href":"https:\/\/1dronas.lt\/en\/wp-json\/wp\/v2\/product_brand?post=2437"},{"taxonomy":"product_cat","embeddable":true,"href":"https:\/\/1dronas.lt\/en\/wp-json\/wp\/v2\/product_cat?post=2437"},{"taxonomy":"product_tag","embeddable":true,"href":"https:\/\/1dronas.lt\/en\/wp-json\/wp\/v2\/product_tag?post=2437"}],"curies":[{"name":"wp","href":"https:\/\/api.w.org\/{rel}","templated":true}]}}