{"id":2365,"date":"2021-09-14T08:00:24","date_gmt":"2021-09-14T08:00:24","guid":{"rendered":"https:\/\/1dronas.lt\/?post_type=product&#038;p=2365"},"modified":"2026-01-03T15:27:51","modified_gmt":"2026-01-03T13:27:51","slug":"iflight-fpv-dronu-kuprine","status":"publish","type":"product","link":"https:\/\/1dronas.lt\/en\/produktas\/iflight-fpv-dronu-kuprine\/","title":{"rendered":"iFlight FPV Drone Backpack"},"content":{"rendered":"<p><strong><img loading=\"lazy\" decoding=\"async\" class=\"alignnone wp-image-2372 size-full\" src=\"https:\/\/1dronas.lt\/wp-content\/uploads\/2021\/09\/iFlight-backpack-3-1000x1000-1.jpg\" alt=\"\" width=\"1000\" height=\"1000\" srcset=\"https:\/\/1dronas.lt\/wp-content\/uploads\/2021\/09\/iFlight-backpack-3-1000x1000-1.jpg 1000w, https:\/\/1dronas.lt\/wp-content\/uploads\/2021\/09\/iFlight-backpack-3-1000x1000-1-300x300.jpg 300w, https:\/\/1dronas.lt\/wp-content\/uploads\/2021\/09\/iFlight-backpack-3-1000x1000-1-150x150.jpg 150w, https:\/\/1dronas.lt\/wp-content\/uploads\/2021\/09\/iFlight-backpack-3-1000x1000-1-768x768.jpg 768w, https:\/\/1dronas.lt\/wp-content\/uploads\/2021\/09\/iFlight-backpack-3-1000x1000-1-12x12.jpg 12w, https:\/\/1dronas.lt\/wp-content\/uploads\/2021\/09\/iFlight-backpack-3-1000x1000-1-247x247.jpg 247w, https:\/\/1dronas.lt\/wp-content\/uploads\/2021\/09\/iFlight-backpack-3-1000x1000-1-510x510.jpg 510w, https:\/\/1dronas.lt\/wp-content\/uploads\/2021\/09\/iFlight-backpack-3-1000x1000-1-100x100.jpg 100w\" sizes=\"auto, (max-width: 1000px) 100vw, 1000px\" \/><\/strong><\/p>\n<p><strong>The FPV drones seen in the photos are not included in the package.<\/strong><\/p>\n<p><strong>Features:<\/strong><\/p>\n<p>IFlight backpack for FPV drones, tools and accessories. Be ready for adventures on any trip. The size of the compartments in the backpack can be changed according to your needs, you can arrange things as you wish. The backpack has a separate compartment for a computer, will fit all the necessary attributes for drone piloting, accessories and more.<\/p>\n<p><strong>Specification:<\/strong><\/p>\n<p>\u2022 Manufacturer: iFlight;<br \/>\n\u2022 Color: black;<br \/>\n\u2022 Material: exterior \u2013 nylon, interior \u2013 polyester fiber;<br \/>\n\u2022 Internal dimensions: 50 x 32 x 24 cm;<br \/>\n\u2022 External dimensions: 53 x 34 x 26 cm;<br \/>\n\u2022 Weight: 2.6kg;<br \/>\n\u2022 Backpack capacity: 33 liters.<\/p>\n<p><strong>Package:<\/strong><\/p>\n<p>1x iFlight backpack.<br \/>\n1x iFlight battery bag;<br \/>\n1x Velcro tape.<\/p>","protected":false},"excerpt":{"rendered":"<p><span style=\"color: #333333;\">The backpack has a separate compartment for a computer, and will fit all the necessary paraphernalia for piloting a drone, accessories, and more.<\/span><\/p>\n<p><span style=\"color: #000000; font-size: 90%;\"><img loading=\"lazy\" decoding=\"async\" class=\"alignnone wp-image-1806\" src=\"https:\/\/1dronas.lt\/wp-content\/uploads\/2021\/05\/delivery-icon.png\" alt=\"\" width=\"24\" height=\"24\" srcset=\"https:\/\/1dronas.lt\/wp-content\/uploads\/2021\/05\/delivery-icon.png 35w, https:\/\/1dronas.lt\/wp-content\/uploads\/2021\/05\/delivery-icon-12x12.png 12w\" sizes=\"auto, (max-width: 24px) 100vw, 24px\" \/>\u00a0<strong>1 \u2013 2 days<\/strong><\/span><\/p>","protected":false},"featured_media":7597,"comment_status":"open","ping_status":"closed","template":"","meta":[],"product_brand":[496],"product_cat":[681],"product_tag":[159,91],"class_list":{"0":"post-2365","1":"product","2":"type-product","3":"status-publish","4":"has-post-thumbnail","6":"product_brand-iflight","7":"product_cat-kuprines-krepsiukai","8":"product_tag-fpv-dronu-kuprine","9":"product_tag-iflight","11":"first","12":"instock","13":"sale","14":"taxable","15":"shipping-taxable","16":"purchasable","17":"product-type-variable","18":"has-default-attributes"},"yoast_head":"<!-- This site is optimized with the Yoast SEO plugin v27.3 - https:\/\/yoast.com\/product\/yoast-seo-wordpress\/ -->\n<title>iFlight FPV dron\u0173 kuprin\u0117 - 1dronas.lt<\/title>\n<meta name=\"robots\" content=\"index, follow, max-snippet:-1, max-image-preview:large, max-video-preview:-1\" \/>\n<link rel=\"canonical\" href=\"https:\/\/1dronas.lt\/en\/produktas\/iflight-fpv-dronu-kuprine\/\" \/>\n<meta property=\"og:locale\" content=\"en_US\" \/>\n<meta property=\"og:type\" content=\"article\" \/>\n<meta property=\"og:title\" content=\"iFlight FPV dron\u0173 kuprin\u0117 - 1dronas.lt\" \/>\n<meta property=\"og:description\" content=\"Kuprin\u0117 turi atskir\u0105 skyri\u0173 kompiuteriui, tilps visa reikalinga atributika drono pilotavimui, priedai bei kita.  \u00a01 \u2013 2 d. d.\" \/>\n<meta property=\"og:url\" content=\"https:\/\/1dronas.lt\/en\/produktas\/iflight-fpv-dronu-kuprine\/\" \/>\n<meta property=\"og:site_name\" content=\"1dronas.lt\" \/>\n<meta property=\"article:publisher\" content=\"https:\/\/www.facebook.com\/1dronas\/\" \/>\n<meta property=\"article:modified_time\" content=\"2026-01-03T13:27:51+00:00\" \/>\n<meta property=\"og:image\" content=\"https:\/\/1dronas.lt\/wp-content\/uploads\/2021\/09\/iflight-backpack-2-min.jpg\" \/>\n\t<meta property=\"og:image:width\" content=\"1080\" \/>\n\t<meta property=\"og:image:height\" content=\"1080\" \/>\n\t<meta property=\"og:image:type\" content=\"image\/jpeg\" \/>\n<meta name=\"twitter:card\" content=\"summary_large_image\" \/>\n<meta name=\"twitter:label1\" content=\"Est. reading time\" \/>\n\t<meta name=\"twitter:data1\" content=\"1 minute\" \/>\n<script type=\"application\/ld+json\" class=\"yoast-schema-graph\">{\"@context\":\"https:\\\/\\\/schema.org\",\"@graph\":[{\"@type\":\"WebPage\",\"@id\":\"https:\\\/\\\/1dronas.lt\\\/en\\\/produktas\\\/iflight-fpv-dronu-kuprine\\\/\",\"url\":\"https:\\\/\\\/1dronas.lt\\\/en\\\/produktas\\\/iflight-fpv-dronu-kuprine\\\/\",\"name\":\"iFlight FPV dron\u0173 kuprin\u0117 - 1dronas.lt\",\"isPartOf\":{\"@id\":\"https:\\\/\\\/1dronas.lt\\\/en\\\/#website\"},\"primaryImageOfPage\":{\"@id\":\"https:\\\/\\\/1dronas.lt\\\/en\\\/produktas\\\/iflight-fpv-dronu-kuprine\\\/#primaryimage\"},\"image\":{\"@id\":\"https:\\\/\\\/1dronas.lt\\\/en\\\/produktas\\\/iflight-fpv-dronu-kuprine\\\/#primaryimage\"},\"thumbnailUrl\":\"https:\\\/\\\/1dronas.lt\\\/wp-content\\\/uploads\\\/2021\\\/09\\\/iflight-backpack-2-min.jpg\",\"datePublished\":\"2021-09-14T08:00:24+00:00\",\"dateModified\":\"2026-01-03T13:27:51+00:00\",\"breadcrumb\":{\"@id\":\"https:\\\/\\\/1dronas.lt\\\/en\\\/produktas\\\/iflight-fpv-dronu-kuprine\\\/#breadcrumb\"},\"inLanguage\":\"en-US\",\"potentialAction\":[{\"@type\":\"ReadAction\",\"target\":[\"https:\\\/\\\/1dronas.lt\\\/en\\\/produktas\\\/iflight-fpv-dronu-kuprine\\\/\"]}]},{\"@type\":\"ImageObject\",\"inLanguage\":\"en-US\",\"@id\":\"https:\\\/\\\/1dronas.lt\\\/en\\\/produktas\\\/iflight-fpv-dronu-kuprine\\\/#primaryimage\",\"url\":\"https:\\\/\\\/1dronas.lt\\\/wp-content\\\/uploads\\\/2021\\\/09\\\/iflight-backpack-2-min.jpg\",\"contentUrl\":\"https:\\\/\\\/1dronas.lt\\\/wp-content\\\/uploads\\\/2021\\\/09\\\/iflight-backpack-2-min.jpg\",\"width\":1080,\"height\":1080},{\"@type\":\"BreadcrumbList\",\"@id\":\"https:\\\/\\\/1dronas.lt\\\/en\\\/produktas\\\/iflight-fpv-dronu-kuprine\\\/#breadcrumb\",\"itemListElement\":[{\"@type\":\"ListItem\",\"position\":1,\"name\":\"Home\",\"item\":\"https:\\\/\\\/1dronas.lt\\\/\"},{\"@type\":\"ListItem\",\"position\":2,\"name\":\"Parduotuv\u0117\",\"item\":\"https:\\\/\\\/1dronas.lt\\\/parduotuve\\\/\"},{\"@type\":\"ListItem\",\"position\":3,\"name\":\"iFlight FPV dron\u0173 kuprin\u0117\"}]},{\"@type\":\"WebSite\",\"@id\":\"https:\\\/\\\/1dronas.lt\\\/en\\\/#website\",\"url\":\"https:\\\/\\\/1dronas.lt\\\/en\\\/\",\"name\":\"1dronas.lt\",\"description\":\"Internetin\u0117 parduotuv\u0117\",\"publisher\":{\"@id\":\"https:\\\/\\\/1dronas.lt\\\/en\\\/#organization\"},\"potentialAction\":[{\"@type\":\"SearchAction\",\"target\":{\"@type\":\"EntryPoint\",\"urlTemplate\":\"https:\\\/\\\/1dronas.lt\\\/en\\\/?s={search_term_string}\"},\"query-input\":{\"@type\":\"PropertyValueSpecification\",\"valueRequired\":true,\"valueName\":\"search_term_string\"}}],\"inLanguage\":\"en-US\"},{\"@type\":\"Organization\",\"@id\":\"https:\\\/\\\/1dronas.lt\\\/en\\\/#organization\",\"name\":\"1dronas.lt\",\"url\":\"https:\\\/\\\/1dronas.lt\\\/en\\\/\",\"logo\":{\"@type\":\"ImageObject\",\"inLanguage\":\"en-US\",\"@id\":\"https:\\\/\\\/1dronas.lt\\\/en\\\/#\\\/schema\\\/logo\\\/image\\\/\",\"url\":\"https:\\\/\\\/1dronas.lt\\\/wp-content\\\/uploads\\\/2020\\\/12\\\/Ekrano_kopija__2_-removebg-preview-1-1.png\",\"contentUrl\":\"https:\\\/\\\/1dronas.lt\\\/wp-content\\\/uploads\\\/2020\\\/12\\\/Ekrano_kopija__2_-removebg-preview-1-1.png\",\"width\":234,\"height\":81,\"caption\":\"1dronas.lt\"},\"image\":{\"@id\":\"https:\\\/\\\/1dronas.lt\\\/en\\\/#\\\/schema\\\/logo\\\/image\\\/\"},\"sameAs\":[\"https:\\\/\\\/www.facebook.com\\\/1dronas\\\/\"]}]}<\/script>\n<!-- \/ Yoast SEO plugin. -->","yoast_head_json":{"title":"iFlight FPV dron\u0173 kuprin\u0117 - 1dronas.lt","robots":{"index":"index","follow":"follow","max-snippet":"max-snippet:-1","max-image-preview":"max-image-preview:large","max-video-preview":"max-video-preview:-1"},"canonical":"https:\/\/1dronas.lt\/en\/produktas\/iflight-fpv-dronu-kuprine\/","og_locale":"en_US","og_type":"article","og_title":"iFlight FPV dron\u0173 kuprin\u0117 - 1dronas.lt","og_description":"Kuprin\u0117 turi atskir\u0105 skyri\u0173 kompiuteriui, tilps visa reikalinga atributika drono pilotavimui, priedai bei kita.  \u00a01 \u2013 2 d. d.","og_url":"https:\/\/1dronas.lt\/en\/produktas\/iflight-fpv-dronu-kuprine\/","og_site_name":"1dronas.lt","article_publisher":"https:\/\/www.facebook.com\/1dronas\/","article_modified_time":"2026-01-03T13:27:51+00:00","og_image":[{"width":1080,"height":1080,"url":"https:\/\/1dronas.lt\/wp-content\/uploads\/2021\/09\/iflight-backpack-2-min.jpg","type":"image\/jpeg"}],"twitter_card":"summary_large_image","twitter_misc":{"Est. reading time":"1 minute"},"schema":{"@context":"https:\/\/schema.org","@graph":[{"@type":"WebPage","@id":"https:\/\/1dronas.lt\/en\/produktas\/iflight-fpv-dronu-kuprine\/","url":"https:\/\/1dronas.lt\/en\/produktas\/iflight-fpv-dronu-kuprine\/","name":"iFlight FPV dron\u0173 kuprin\u0117 - 1dronas.lt","isPartOf":{"@id":"https:\/\/1dronas.lt\/en\/#website"},"primaryImageOfPage":{"@id":"https:\/\/1dronas.lt\/en\/produktas\/iflight-fpv-dronu-kuprine\/#primaryimage"},"image":{"@id":"https:\/\/1dronas.lt\/en\/produktas\/iflight-fpv-dronu-kuprine\/#primaryimage"},"thumbnailUrl":"https:\/\/1dronas.lt\/wp-content\/uploads\/2021\/09\/iflight-backpack-2-min.jpg","datePublished":"2021-09-14T08:00:24+00:00","dateModified":"2026-01-03T13:27:51+00:00","breadcrumb":{"@id":"https:\/\/1dronas.lt\/en\/produktas\/iflight-fpv-dronu-kuprine\/#breadcrumb"},"inLanguage":"en-US","potentialAction":[{"@type":"ReadAction","target":["https:\/\/1dronas.lt\/en\/produktas\/iflight-fpv-dronu-kuprine\/"]}]},{"@type":"ImageObject","inLanguage":"en-US","@id":"https:\/\/1dronas.lt\/en\/produktas\/iflight-fpv-dronu-kuprine\/#primaryimage","url":"https:\/\/1dronas.lt\/wp-content\/uploads\/2021\/09\/iflight-backpack-2-min.jpg","contentUrl":"https:\/\/1dronas.lt\/wp-content\/uploads\/2021\/09\/iflight-backpack-2-min.jpg","width":1080,"height":1080},{"@type":"BreadcrumbList","@id":"https:\/\/1dronas.lt\/en\/produktas\/iflight-fpv-dronu-kuprine\/#breadcrumb","itemListElement":[{"@type":"ListItem","position":1,"name":"Home","item":"https:\/\/1dronas.lt\/"},{"@type":"ListItem","position":2,"name":"Parduotuv\u0117","item":"https:\/\/1dronas.lt\/parduotuve\/"},{"@type":"ListItem","position":3,"name":"iFlight FPV dron\u0173 kuprin\u0117"}]},{"@type":"WebSite","@id":"https:\/\/1dronas.lt\/en\/#website","url":"https:\/\/1dronas.lt\/en\/","name":"1dronas.lt","description":"Online store","publisher":{"@id":"https:\/\/1dronas.lt\/en\/#organization"},"potentialAction":[{"@type":"SearchAction","target":{"@type":"EntryPoint","urlTemplate":"https:\/\/1dronas.lt\/en\/?s={search_term_string}"},"query-input":{"@type":"PropertyValueSpecification","valueRequired":true,"valueName":"search_term_string"}}],"inLanguage":"en-US"},{"@type":"Organization","@id":"https:\/\/1dronas.lt\/en\/#organization","name":"1dronas.lt","url":"https:\/\/1dronas.lt\/en\/","logo":{"@type":"ImageObject","inLanguage":"en-US","@id":"https:\/\/1dronas.lt\/en\/#\/schema\/logo\/image\/","url":"https:\/\/1dronas.lt\/wp-content\/uploads\/2020\/12\/Ekrano_kopija__2_-removebg-preview-1-1.png","contentUrl":"https:\/\/1dronas.lt\/wp-content\/uploads\/2020\/12\/Ekrano_kopija__2_-removebg-preview-1-1.png","width":234,"height":81,"caption":"1dronas.lt"},"image":{"@id":"https:\/\/1dronas.lt\/en\/#\/schema\/logo\/image\/"},"sameAs":["https:\/\/www.facebook.com\/1dronas\/"]}]}},"jetpack_sharing_enabled":true,"_links":{"self":[{"href":"https:\/\/1dronas.lt\/en\/wp-json\/wp\/v2\/product\/2365","targetHints":{"allow":["GET"]}}],"collection":[{"href":"https:\/\/1dronas.lt\/en\/wp-json\/wp\/v2\/product"}],"about":[{"href":"https:\/\/1dronas.lt\/en\/wp-json\/wp\/v2\/types\/product"}],"replies":[{"embeddable":true,"href":"https:\/\/1dronas.lt\/en\/wp-json\/wp\/v2\/comments?post=2365"}],"wp:featuredmedia":[{"embeddable":true,"href":"https:\/\/1dronas.lt\/en\/wp-json\/wp\/v2\/media\/7597"}],"wp:attachment":[{"href":"https:\/\/1dronas.lt\/en\/wp-json\/wp\/v2\/media?parent=2365"}],"wp:term":[{"taxonomy":"product_brand","embeddable":true,"href":"https:\/\/1dronas.lt\/en\/wp-json\/wp\/v2\/product_brand?post=2365"},{"taxonomy":"product_cat","embeddable":true,"href":"https:\/\/1dronas.lt\/en\/wp-json\/wp\/v2\/product_cat?post=2365"},{"taxonomy":"product_tag","embeddable":true,"href":"https:\/\/1dronas.lt\/en\/wp-json\/wp\/v2\/product_tag?post=2365"}],"curies":[{"name":"wp","href":"https:\/\/api.w.org\/{rel}","templated":true}]}}