{"id":2189,"date":"2021-07-17T13:10:29","date_gmt":"2021-07-17T13:10:29","guid":{"rendered":"https:\/\/1dronas.lt\/?post_type=product&#038;p=2189"},"modified":"2026-03-12T17:30:11","modified_gmt":"2026-03-12T15:30:11","slug":"iflight-xing-e-pro-2207-2-6s-race-motor","status":"publish","type":"product","link":"https:\/\/1dronas.lt\/en\/produktas\/iflight-xing-e-pro-2207-2-6s-race-motor\/","title":{"rendered":"iFlight XING-E Pro 2207 2-6S Race Motor 1800KV"},"content":{"rendered":"<p><strong>Features:<\/strong><\/p>\n<p>\u2022 Manufacturer: iFlight;<br \/>\n\u2022 Model: XING-E Pro 2207 2-6S Race Motor;<br \/>\n\u2022 KV: 1800KV 2-6S;<br \/>\n\u2022 Weight: 32.8g.<br \/>\n<img loading=\"lazy\" decoding=\"async\" class=\"alignnone wp-image-2190 size-full\" src=\"https:\/\/1dronas.lt\/wp-content\/uploads\/2021\/07\/1800KV-1000x1000-2.jpg\" alt=\"\" width=\"1000\" height=\"1000\" srcset=\"https:\/\/1dronas.lt\/wp-content\/uploads\/2021\/07\/1800KV-1000x1000-2.jpg 1000w, https:\/\/1dronas.lt\/wp-content\/uploads\/2021\/07\/1800KV-1000x1000-2-300x300.jpg 300w, https:\/\/1dronas.lt\/wp-content\/uploads\/2021\/07\/1800KV-1000x1000-2-150x150.jpg 150w, https:\/\/1dronas.lt\/wp-content\/uploads\/2021\/07\/1800KV-1000x1000-2-768x768.jpg 768w, https:\/\/1dronas.lt\/wp-content\/uploads\/2021\/07\/1800KV-1000x1000-2-12x12.jpg 12w, https:\/\/1dronas.lt\/wp-content\/uploads\/2021\/07\/1800KV-1000x1000-2-247x247.jpg 247w, https:\/\/1dronas.lt\/wp-content\/uploads\/2021\/07\/1800KV-1000x1000-2-510x510.jpg 510w, https:\/\/1dronas.lt\/wp-content\/uploads\/2021\/07\/1800KV-1000x1000-2-100x100.jpg 100w\" sizes=\"auto, (max-width: 1000px) 100vw, 1000px\" \/><\/p>\n<p><strong>Package:<\/strong><\/p>\n<p>1x XING-E Pro 2207 2-6S Race Motor;<br \/>\n1x engine nut;<br \/>\n4x screws.<\/p>","protected":false},"excerpt":{"rendered":"<p class=\"tw-data-text tw-text-large XcVN5d tw-ta\" dir=\"ltr\" data-placeholder=\"Vertimas\"><span class=\"Y2IQFc\" lang=\"lt\" style=\"color: #333333;\">The creators of the XING-E series engines focused on quality and affordability<\/span><\/p>\n<p dir=\"ltr\" data-placeholder=\"Vertimas\"><span style=\"color: #000000; font-size: 90%;\"><img loading=\"lazy\" decoding=\"async\" class=\"alignnone wp-image-1806\" src=\"https:\/\/1dronas.lt\/wp-content\/uploads\/2021\/05\/delivery-icon.png\" alt=\"\" width=\"24\" height=\"24\" srcset=\"https:\/\/1dronas.lt\/wp-content\/uploads\/2021\/05\/delivery-icon.png 35w, https:\/\/1dronas.lt\/wp-content\/uploads\/2021\/05\/delivery-icon-12x12.png 12w\" sizes=\"auto, (max-width: 24px) 100vw, 24px\" \/>\u00a0<strong>1 \u2013 2 days<\/strong><\/span><\/p>","protected":false},"featured_media":2191,"comment_status":"open","ping_status":"closed","template":"","meta":[],"product_brand":[496],"product_cat":[101],"product_tag":[103,91,146],"class_list":{"0":"post-2189","1":"product","2":"type-product","3":"status-publish","4":"has-post-thumbnail","6":"product_brand-iflight","7":"product_cat-motorai","8":"product_tag-brushless","9":"product_tag-iflight","10":"product_tag-xing-e-pro","12":"first","13":"instock","14":"taxable","15":"shipping-taxable","16":"purchasable","17":"product-type-simple"},"yoast_head":"<!-- This site is optimized with the Yoast SEO plugin v27.3 - https:\/\/yoast.com\/product\/yoast-seo-wordpress\/ -->\n<title>iFlight XING-E Pro 2207 2-6S Race Motor 1800KV - 1dronas.lt<\/title>\n<meta name=\"robots\" content=\"index, follow, max-snippet:-1, max-image-preview:large, max-video-preview:-1\" \/>\n<link rel=\"canonical\" href=\"https:\/\/1dronas.lt\/en\/produktas\/iflight-xing-e-pro-2207-2-6s-race-motor\/\" \/>\n<meta property=\"og:locale\" content=\"en_US\" \/>\n<meta property=\"og:type\" content=\"article\" \/>\n<meta property=\"og:title\" content=\"iFlight XING-E Pro 2207 2-6S Race Motor 1800KV - 1dronas.lt\" \/>\n<meta property=\"og:description\" content=\"\u201eXING-E\u201c serijos varikli\u0173 kur\u0117j\u0173 pagrindinis d\u0117mesys buvo skiriamas kokybei ir prieinamumui \u00a01 \u2013 2 d. d.\" \/>\n<meta property=\"og:url\" content=\"https:\/\/1dronas.lt\/en\/produktas\/iflight-xing-e-pro-2207-2-6s-race-motor\/\" \/>\n<meta property=\"og:site_name\" content=\"1dronas.lt\" \/>\n<meta property=\"article:publisher\" content=\"https:\/\/www.facebook.com\/1dronas\/\" \/>\n<meta property=\"article:modified_time\" content=\"2026-03-12T15:30:11+00:00\" \/>\n<meta property=\"og:image\" content=\"https:\/\/1dronas.lt\/wp-content\/uploads\/2021\/07\/XING-E-Pro-2207-2-6S-FPV-NextGen-Motor-2-1000x1000-1.jpg\" \/>\n\t<meta property=\"og:image:width\" content=\"1000\" \/>\n\t<meta property=\"og:image:height\" content=\"1000\" \/>\n\t<meta property=\"og:image:type\" content=\"image\/jpeg\" \/>\n<meta name=\"twitter:card\" content=\"summary_large_image\" \/>\n<meta name=\"twitter:label1\" content=\"Est. reading time\" \/>\n\t<meta name=\"twitter:data1\" content=\"1 minute\" \/>\n<script type=\"application\/ld+json\" class=\"yoast-schema-graph\">{\"@context\":\"https:\\\/\\\/schema.org\",\"@graph\":[{\"@type\":\"WebPage\",\"@id\":\"https:\\\/\\\/1dronas.lt\\\/en\\\/produktas\\\/iflight-xing-e-pro-2207-2-6s-race-motor\\\/\",\"url\":\"https:\\\/\\\/1dronas.lt\\\/en\\\/produktas\\\/iflight-xing-e-pro-2207-2-6s-race-motor\\\/\",\"name\":\"iFlight XING-E Pro 2207 2-6S Race Motor 1800KV - 1dronas.lt\",\"isPartOf\":{\"@id\":\"https:\\\/\\\/1dronas.lt\\\/en\\\/#website\"},\"primaryImageOfPage\":{\"@id\":\"https:\\\/\\\/1dronas.lt\\\/en\\\/produktas\\\/iflight-xing-e-pro-2207-2-6s-race-motor\\\/#primaryimage\"},\"image\":{\"@id\":\"https:\\\/\\\/1dronas.lt\\\/en\\\/produktas\\\/iflight-xing-e-pro-2207-2-6s-race-motor\\\/#primaryimage\"},\"thumbnailUrl\":\"https:\\\/\\\/1dronas.lt\\\/wp-content\\\/uploads\\\/2021\\\/07\\\/XING-E-Pro-2207-2-6S-FPV-NextGen-Motor-2-1000x1000-1.jpg\",\"datePublished\":\"2021-07-17T13:10:29+00:00\",\"dateModified\":\"2026-03-12T15:30:11+00:00\",\"breadcrumb\":{\"@id\":\"https:\\\/\\\/1dronas.lt\\\/en\\\/produktas\\\/iflight-xing-e-pro-2207-2-6s-race-motor\\\/#breadcrumb\"},\"inLanguage\":\"en-US\",\"potentialAction\":[{\"@type\":\"ReadAction\",\"target\":[\"https:\\\/\\\/1dronas.lt\\\/en\\\/produktas\\\/iflight-xing-e-pro-2207-2-6s-race-motor\\\/\"]}]},{\"@type\":\"ImageObject\",\"inLanguage\":\"en-US\",\"@id\":\"https:\\\/\\\/1dronas.lt\\\/en\\\/produktas\\\/iflight-xing-e-pro-2207-2-6s-race-motor\\\/#primaryimage\",\"url\":\"https:\\\/\\\/1dronas.lt\\\/wp-content\\\/uploads\\\/2021\\\/07\\\/XING-E-Pro-2207-2-6S-FPV-NextGen-Motor-2-1000x1000-1.jpg\",\"contentUrl\":\"https:\\\/\\\/1dronas.lt\\\/wp-content\\\/uploads\\\/2021\\\/07\\\/XING-E-Pro-2207-2-6S-FPV-NextGen-Motor-2-1000x1000-1.jpg\",\"width\":1000,\"height\":1000},{\"@type\":\"BreadcrumbList\",\"@id\":\"https:\\\/\\\/1dronas.lt\\\/en\\\/produktas\\\/iflight-xing-e-pro-2207-2-6s-race-motor\\\/#breadcrumb\",\"itemListElement\":[{\"@type\":\"ListItem\",\"position\":1,\"name\":\"Home\",\"item\":\"https:\\\/\\\/1dronas.lt\\\/\"},{\"@type\":\"ListItem\",\"position\":2,\"name\":\"Parduotuv\u0117\",\"item\":\"https:\\\/\\\/1dronas.lt\\\/parduotuve\\\/\"},{\"@type\":\"ListItem\",\"position\":3,\"name\":\"iFlight XING-E Pro 2207 2-6S Race Motor 1800KV\"}]},{\"@type\":\"WebSite\",\"@id\":\"https:\\\/\\\/1dronas.lt\\\/en\\\/#website\",\"url\":\"https:\\\/\\\/1dronas.lt\\\/en\\\/\",\"name\":\"1dronas.lt\",\"description\":\"Internetin\u0117 parduotuv\u0117\",\"publisher\":{\"@id\":\"https:\\\/\\\/1dronas.lt\\\/en\\\/#organization\"},\"potentialAction\":[{\"@type\":\"SearchAction\",\"target\":{\"@type\":\"EntryPoint\",\"urlTemplate\":\"https:\\\/\\\/1dronas.lt\\\/en\\\/?s={search_term_string}\"},\"query-input\":{\"@type\":\"PropertyValueSpecification\",\"valueRequired\":true,\"valueName\":\"search_term_string\"}}],\"inLanguage\":\"en-US\"},{\"@type\":\"Organization\",\"@id\":\"https:\\\/\\\/1dronas.lt\\\/en\\\/#organization\",\"name\":\"1dronas.lt\",\"url\":\"https:\\\/\\\/1dronas.lt\\\/en\\\/\",\"logo\":{\"@type\":\"ImageObject\",\"inLanguage\":\"en-US\",\"@id\":\"https:\\\/\\\/1dronas.lt\\\/en\\\/#\\\/schema\\\/logo\\\/image\\\/\",\"url\":\"https:\\\/\\\/1dronas.lt\\\/wp-content\\\/uploads\\\/2020\\\/12\\\/Ekrano_kopija__2_-removebg-preview-1-1.png\",\"contentUrl\":\"https:\\\/\\\/1dronas.lt\\\/wp-content\\\/uploads\\\/2020\\\/12\\\/Ekrano_kopija__2_-removebg-preview-1-1.png\",\"width\":234,\"height\":81,\"caption\":\"1dronas.lt\"},\"image\":{\"@id\":\"https:\\\/\\\/1dronas.lt\\\/en\\\/#\\\/schema\\\/logo\\\/image\\\/\"},\"sameAs\":[\"https:\\\/\\\/www.facebook.com\\\/1dronas\\\/\"]}]}<\/script>\n<!-- \/ Yoast SEO plugin. -->","yoast_head_json":{"title":"iFlight XING-E Pro 2207 2-6S Race Motor 1800KV - 1dronas.lt","robots":{"index":"index","follow":"follow","max-snippet":"max-snippet:-1","max-image-preview":"max-image-preview:large","max-video-preview":"max-video-preview:-1"},"canonical":"https:\/\/1dronas.lt\/en\/produktas\/iflight-xing-e-pro-2207-2-6s-race-motor\/","og_locale":"en_US","og_type":"article","og_title":"iFlight XING-E Pro 2207 2-6S Race Motor 1800KV - 1dronas.lt","og_description":"\u201eXING-E\u201c serijos varikli\u0173 kur\u0117j\u0173 pagrindinis d\u0117mesys buvo skiriamas kokybei ir prieinamumui \u00a01 \u2013 2 d. d.","og_url":"https:\/\/1dronas.lt\/en\/produktas\/iflight-xing-e-pro-2207-2-6s-race-motor\/","og_site_name":"1dronas.lt","article_publisher":"https:\/\/www.facebook.com\/1dronas\/","article_modified_time":"2026-03-12T15:30:11+00:00","og_image":[{"width":1000,"height":1000,"url":"https:\/\/1dronas.lt\/wp-content\/uploads\/2021\/07\/XING-E-Pro-2207-2-6S-FPV-NextGen-Motor-2-1000x1000-1.jpg","type":"image\/jpeg"}],"twitter_card":"summary_large_image","twitter_misc":{"Est. reading time":"1 minute"},"schema":{"@context":"https:\/\/schema.org","@graph":[{"@type":"WebPage","@id":"https:\/\/1dronas.lt\/en\/produktas\/iflight-xing-e-pro-2207-2-6s-race-motor\/","url":"https:\/\/1dronas.lt\/en\/produktas\/iflight-xing-e-pro-2207-2-6s-race-motor\/","name":"iFlight XING-E Pro 2207 2-6S Race Motor 1800KV - 1dronas.lt","isPartOf":{"@id":"https:\/\/1dronas.lt\/en\/#website"},"primaryImageOfPage":{"@id":"https:\/\/1dronas.lt\/en\/produktas\/iflight-xing-e-pro-2207-2-6s-race-motor\/#primaryimage"},"image":{"@id":"https:\/\/1dronas.lt\/en\/produktas\/iflight-xing-e-pro-2207-2-6s-race-motor\/#primaryimage"},"thumbnailUrl":"https:\/\/1dronas.lt\/wp-content\/uploads\/2021\/07\/XING-E-Pro-2207-2-6S-FPV-NextGen-Motor-2-1000x1000-1.jpg","datePublished":"2021-07-17T13:10:29+00:00","dateModified":"2026-03-12T15:30:11+00:00","breadcrumb":{"@id":"https:\/\/1dronas.lt\/en\/produktas\/iflight-xing-e-pro-2207-2-6s-race-motor\/#breadcrumb"},"inLanguage":"en-US","potentialAction":[{"@type":"ReadAction","target":["https:\/\/1dronas.lt\/en\/produktas\/iflight-xing-e-pro-2207-2-6s-race-motor\/"]}]},{"@type":"ImageObject","inLanguage":"en-US","@id":"https:\/\/1dronas.lt\/en\/produktas\/iflight-xing-e-pro-2207-2-6s-race-motor\/#primaryimage","url":"https:\/\/1dronas.lt\/wp-content\/uploads\/2021\/07\/XING-E-Pro-2207-2-6S-FPV-NextGen-Motor-2-1000x1000-1.jpg","contentUrl":"https:\/\/1dronas.lt\/wp-content\/uploads\/2021\/07\/XING-E-Pro-2207-2-6S-FPV-NextGen-Motor-2-1000x1000-1.jpg","width":1000,"height":1000},{"@type":"BreadcrumbList","@id":"https:\/\/1dronas.lt\/en\/produktas\/iflight-xing-e-pro-2207-2-6s-race-motor\/#breadcrumb","itemListElement":[{"@type":"ListItem","position":1,"name":"Home","item":"https:\/\/1dronas.lt\/"},{"@type":"ListItem","position":2,"name":"Parduotuv\u0117","item":"https:\/\/1dronas.lt\/parduotuve\/"},{"@type":"ListItem","position":3,"name":"iFlight XING-E Pro 2207 2-6S Race Motor 1800KV"}]},{"@type":"WebSite","@id":"https:\/\/1dronas.lt\/en\/#website","url":"https:\/\/1dronas.lt\/en\/","name":"1dronas.lt","description":"Online store","publisher":{"@id":"https:\/\/1dronas.lt\/en\/#organization"},"potentialAction":[{"@type":"SearchAction","target":{"@type":"EntryPoint","urlTemplate":"https:\/\/1dronas.lt\/en\/?s={search_term_string}"},"query-input":{"@type":"PropertyValueSpecification","valueRequired":true,"valueName":"search_term_string"}}],"inLanguage":"en-US"},{"@type":"Organization","@id":"https:\/\/1dronas.lt\/en\/#organization","name":"1dronas.lt","url":"https:\/\/1dronas.lt\/en\/","logo":{"@type":"ImageObject","inLanguage":"en-US","@id":"https:\/\/1dronas.lt\/en\/#\/schema\/logo\/image\/","url":"https:\/\/1dronas.lt\/wp-content\/uploads\/2020\/12\/Ekrano_kopija__2_-removebg-preview-1-1.png","contentUrl":"https:\/\/1dronas.lt\/wp-content\/uploads\/2020\/12\/Ekrano_kopija__2_-removebg-preview-1-1.png","width":234,"height":81,"caption":"1dronas.lt"},"image":{"@id":"https:\/\/1dronas.lt\/en\/#\/schema\/logo\/image\/"},"sameAs":["https:\/\/www.facebook.com\/1dronas\/"]}]}},"jetpack_sharing_enabled":true,"_links":{"self":[{"href":"https:\/\/1dronas.lt\/en\/wp-json\/wp\/v2\/product\/2189","targetHints":{"allow":["GET"]}}],"collection":[{"href":"https:\/\/1dronas.lt\/en\/wp-json\/wp\/v2\/product"}],"about":[{"href":"https:\/\/1dronas.lt\/en\/wp-json\/wp\/v2\/types\/product"}],"replies":[{"embeddable":true,"href":"https:\/\/1dronas.lt\/en\/wp-json\/wp\/v2\/comments?post=2189"}],"wp:featuredmedia":[{"embeddable":true,"href":"https:\/\/1dronas.lt\/en\/wp-json\/wp\/v2\/media\/2191"}],"wp:attachment":[{"href":"https:\/\/1dronas.lt\/en\/wp-json\/wp\/v2\/media?parent=2189"}],"wp:term":[{"taxonomy":"product_brand","embeddable":true,"href":"https:\/\/1dronas.lt\/en\/wp-json\/wp\/v2\/product_brand?post=2189"},{"taxonomy":"product_cat","embeddable":true,"href":"https:\/\/1dronas.lt\/en\/wp-json\/wp\/v2\/product_cat?post=2189"},{"taxonomy":"product_tag","embeddable":true,"href":"https:\/\/1dronas.lt\/en\/wp-json\/wp\/v2\/product_tag?post=2189"}],"curies":[{"name":"wp","href":"https:\/\/api.w.org\/{rel}","templated":true}]}}