{"id":2098,"date":"2021-07-03T13:53:49","date_gmt":"2021-07-03T13:53:49","guid":{"rendered":"https:\/\/1dronas.lt\/?post_type=product&#038;p=2098"},"modified":"2024-06-15T09:04:16","modified_gmt":"2024-06-15T09:04:16","slug":"emax-babyhawk","status":"publish","type":"product","link":"https:\/\/1dronas.lt\/en\/produktas\/emax-babyhawk\/","title":{"rendered":"Emax Babyhawk"},"content":{"rendered":"<p><strong>Specification:<\/strong><\/p>\n<p style=\"text-align: left;\"><strong>\u2022 <\/strong>Engines:<br \/>\nManufacturer: Emax;<br \/>\nModel: 1140 5250KV brushless motors;<br \/>\nInput voltage: 2S;<br \/>\nKV: 5250KV.<\/p>\n<div class=\"accordion\">\n\t<div id=\"accordion-1729903\" class=\"accordion-item\">\n\t\t<a id=\"accordion-1729903-label\" class=\"accordion-title plain\" href=\"#accordion-item-i\u0161matavimai\" aria-expanded=\"false\" aria-controls=\"accordion-1729903-content\">\n\t\t\t<button class=\"toggle\" aria-label=\"Toggle\"><i class=\"icon-angle-down\" aria-hidden=\"true\"><\/i><\/button>\n\t\t\t<span>Measurements<\/span>\n\t\t<\/a>\n\t\t<div id=\"accordion-1729903-content\" class=\"accordion-inner\" aria-labelledby=\"accordion-1729903-label\">\n\t\t\t\n<img loading=\"lazy\" decoding=\"async\" class=\"alignnone wp-image-2099 size-full\" src=\"https:\/\/1dronas.lt\/wp-content\/uploads\/2021\/07\/4147DF9apsL._AC_.jpg\" alt=\"\" width=\"498\" height=\"215\" srcset=\"https:\/\/1dronas.lt\/wp-content\/uploads\/2021\/07\/4147DF9apsL._AC_.jpg 498w, https:\/\/1dronas.lt\/wp-content\/uploads\/2021\/07\/4147DF9apsL._AC_-300x130.jpg 300w, https:\/\/1dronas.lt\/wp-content\/uploads\/2021\/07\/4147DF9apsL._AC_-18x8.jpg 18w\" sizes=\"auto, (max-width: 498px) 100vw, 498px\" \/><br \/>\n\t\t<\/div>\n\t<\/div>\n\t\n<\/div>\n<p>&nbsp;<\/p>\n<p><strong>\u2022<\/strong> RX:<br \/>\nFrsky Receiver.<\/p>\n<p style=\"text-align: left;\"><strong style=\"font-weight: 400;\"><b>\u2022 <\/b><\/strong>ESC\/FC:<br \/>\nManufacturer: Emax;<br \/>\nInput: 2s Lipo;<br \/>\nFC: Femto F3;<br \/>\nESC: Bullet 6A Blheli_S.<\/p>\n<div class=\"accordion\">\n\t<div id=\"accordion-4192734351\" class=\"accordion-item\">\n\t\t<a id=\"accordion-4192734351-label\" class=\"accordion-title plain\" href=\"#accordion-item-schema\" aria-expanded=\"false\" aria-controls=\"accordion-4192734351-content\">\n\t\t\t<button class=\"toggle\" aria-label=\"Toggle\"><i class=\"icon-angle-down\" aria-hidden=\"true\"><\/i><\/button>\n\t\t\t<span>Scheme<\/span>\n\t\t<\/a>\n\t\t<div id=\"accordion-4192734351-content\" class=\"accordion-inner\" aria-labelledby=\"accordion-4192734351-label\">\n\t\t\t\n<img loading=\"lazy\" decoding=\"async\" class=\"alignnone wp-image-2100 size-full\" src=\"https:\/\/1dronas.lt\/wp-content\/uploads\/2021\/07\/115029.jpg\" alt=\"\" width=\"979\" height=\"497\" srcset=\"https:\/\/1dronas.lt\/wp-content\/uploads\/2021\/07\/115029.jpg 979w, https:\/\/1dronas.lt\/wp-content\/uploads\/2021\/07\/115029-300x152.jpg 300w, https:\/\/1dronas.lt\/wp-content\/uploads\/2021\/07\/115029-768x390.jpg 768w, https:\/\/1dronas.lt\/wp-content\/uploads\/2021\/07\/115029-18x9.jpg 18w, https:\/\/1dronas.lt\/wp-content\/uploads\/2021\/07\/115029-510x259.jpg 510w\" sizes=\"auto, (max-width: 979px) 100vw, 979px\" \/><br \/>\n\t\t<\/div>\n\t<\/div>\n\t\n<\/div>\n<p>&nbsp;<\/p>\n<p><strong style=\"font-weight: 400;\"><b>\u2022 <\/b><\/strong>Camera\/VTX:<br \/>\nVTX with 800 TVL CMOS.<\/p>\n<p><strong style=\"font-weight: 400;\"><b>\u2022 <\/b><\/strong>Propellers:<br \/>\nModel: Emax 2345 3-blade;<br \/>\nMaterial: PC;<br \/>\nBlades: 3.<\/p>\n<p><strong>Package:<\/strong><\/p>\n<p>1x drone;<br \/>\n1x EMAX 300mAh 2S HV;<br \/>\n2x CCW + 2x CW spare propellers;<br \/>\n1x spare set of screws.<\/p>\n<p><strong><span style=\"color: #ed1c24;\">Important:<br \/>\n<em>* Do not overcharge or leave batteries discharged for long periods of time;<\/em><br \/>\n<em> * Do not store batteries near high temperatures;<\/em><br \/>\n<em>* Do not throw batteries into fire;<br \/>\n* Do not throw batteries into water.<\/em><\/span><\/strong><\/p>","protected":false},"excerpt":{"rendered":"<p><span style=\"color: #000000;\">The propeller guard and plastic housing provide excellent protection for key components and strong resistance to damage.<\/span><\/p>\n<p><span style=\"color: #000000;\"><strong><img loading=\"lazy\" decoding=\"async\" class=\"alignnone wp-image-1806\" src=\"https:\/\/1dronas.lt\/wp-content\/uploads\/2021\/05\/delivery-icon.png\" alt=\"\" width=\"24\" height=\"24\" srcset=\"https:\/\/1dronas.lt\/wp-content\/uploads\/2021\/05\/delivery-icon.png 35w, https:\/\/1dronas.lt\/wp-content\/uploads\/2021\/05\/delivery-icon-12x12.png 12w\" sizes=\"auto, (max-width: 24px) 100vw, 24px\" \/>\u00a0 \u00a0<span style=\"font-size: 90%;\">1 \u2013 4 days<\/span><\/strong><\/span><\/p>","protected":false},"featured_media":2103,"comment_status":"open","ping_status":"closed","template":"","meta":[],"product_brand":[],"product_cat":[105,104,112],"product_tag":[140,114,103,34],"class_list":{"0":"post-2098","1":"product","2":"type-product","3":"status-publish","4":"has-post-thumbnail","6":"product_cat-fpv-bnf-dronai","7":"product_cat-orlaiviai","8":"product_cat-whoop","9":"product_tag-babyhawk","10":"product_tag-bnf","11":"product_tag-brushless","12":"product_tag-emax","14":"first","15":"outofstock","16":"sale","17":"taxable","18":"shipping-taxable","19":"purchasable","20":"product-type-simple"},"yoast_head":"<!-- This site is optimized with the Yoast SEO plugin v27.4 - https:\/\/yoast.com\/product\/yoast-seo-wordpress\/ -->\n<title>Emax Babyhawk - 1dronas.lt<\/title>\n<meta name=\"robots\" content=\"index, follow, max-snippet:-1, max-image-preview:large, max-video-preview:-1\" \/>\n<link rel=\"canonical\" href=\"https:\/\/1dronas.lt\/en\/produktas\/emax-babyhawk\/\" \/>\n<meta property=\"og:locale\" content=\"en_US\" \/>\n<meta property=\"og:type\" content=\"article\" \/>\n<meta property=\"og:title\" content=\"Emax Babyhawk - 1dronas.lt\" \/>\n<meta property=\"og:description\" content=\"Propeleri\u0173 apsauga ir plastikinis korpusas u\u017etikrina puiki\u0105 pagrindini\u0173 komponent\u0173 apsaug\u0105 bei stipr\u0173 atsparum\u0105 pa\u017eeidimams.  \u00a0 \u00a01 - 4 d. d.\" \/>\n<meta property=\"og:url\" content=\"https:\/\/1dronas.lt\/en\/produktas\/emax-babyhawk\/\" \/>\n<meta property=\"og:site_name\" content=\"1dronas.lt\" \/>\n<meta property=\"article:publisher\" content=\"https:\/\/www.facebook.com\/1dronas\/\" \/>\n<meta property=\"article:modified_time\" content=\"2024-06-15T09:04:16+00:00\" \/>\n<meta property=\"og:image\" content=\"https:\/\/1dronas.lt\/wp-content\/uploads\/2021\/07\/6_19.jpg\" \/>\n\t<meta property=\"og:image:width\" content=\"740\" \/>\n\t<meta property=\"og:image:height\" content=\"740\" \/>\n\t<meta property=\"og:image:type\" content=\"image\/jpeg\" \/>\n<meta name=\"twitter:card\" content=\"summary_large_image\" \/>\n<meta name=\"twitter:label1\" content=\"Est. reading time\" \/>\n\t<meta name=\"twitter:data1\" content=\"2 minutes\" \/>\n<script type=\"application\/ld+json\" class=\"yoast-schema-graph\">{\"@context\":\"https:\\\/\\\/schema.org\",\"@graph\":[{\"@type\":\"WebPage\",\"@id\":\"https:\\\/\\\/1dronas.lt\\\/en\\\/produktas\\\/emax-babyhawk\\\/\",\"url\":\"https:\\\/\\\/1dronas.lt\\\/en\\\/produktas\\\/emax-babyhawk\\\/\",\"name\":\"Emax Babyhawk - 1dronas.lt\",\"isPartOf\":{\"@id\":\"https:\\\/\\\/1dronas.lt\\\/en\\\/#website\"},\"primaryImageOfPage\":{\"@id\":\"https:\\\/\\\/1dronas.lt\\\/en\\\/produktas\\\/emax-babyhawk\\\/#primaryimage\"},\"image\":{\"@id\":\"https:\\\/\\\/1dronas.lt\\\/en\\\/produktas\\\/emax-babyhawk\\\/#primaryimage\"},\"thumbnailUrl\":\"https:\\\/\\\/1dronas.lt\\\/wp-content\\\/uploads\\\/2021\\\/07\\\/6_19.jpg\",\"datePublished\":\"2021-07-03T13:53:49+00:00\",\"dateModified\":\"2024-06-15T09:04:16+00:00\",\"breadcrumb\":{\"@id\":\"https:\\\/\\\/1dronas.lt\\\/en\\\/produktas\\\/emax-babyhawk\\\/#breadcrumb\"},\"inLanguage\":\"en-US\",\"potentialAction\":[{\"@type\":\"ReadAction\",\"target\":[\"https:\\\/\\\/1dronas.lt\\\/en\\\/produktas\\\/emax-babyhawk\\\/\"]}]},{\"@type\":\"ImageObject\",\"inLanguage\":\"en-US\",\"@id\":\"https:\\\/\\\/1dronas.lt\\\/en\\\/produktas\\\/emax-babyhawk\\\/#primaryimage\",\"url\":\"https:\\\/\\\/1dronas.lt\\\/wp-content\\\/uploads\\\/2021\\\/07\\\/6_19.jpg\",\"contentUrl\":\"https:\\\/\\\/1dronas.lt\\\/wp-content\\\/uploads\\\/2021\\\/07\\\/6_19.jpg\",\"width\":740,\"height\":740},{\"@type\":\"BreadcrumbList\",\"@id\":\"https:\\\/\\\/1dronas.lt\\\/en\\\/produktas\\\/emax-babyhawk\\\/#breadcrumb\",\"itemListElement\":[{\"@type\":\"ListItem\",\"position\":1,\"name\":\"Home\",\"item\":\"https:\\\/\\\/1dronas.lt\\\/\"},{\"@type\":\"ListItem\",\"position\":2,\"name\":\"Parduotuv\u0117\",\"item\":\"https:\\\/\\\/1dronas.lt\\\/parduotuve\\\/\"},{\"@type\":\"ListItem\",\"position\":3,\"name\":\"Emax Babyhawk\"}]},{\"@type\":\"WebSite\",\"@id\":\"https:\\\/\\\/1dronas.lt\\\/en\\\/#website\",\"url\":\"https:\\\/\\\/1dronas.lt\\\/en\\\/\",\"name\":\"1dronas.lt\",\"description\":\"Internetin\u0117 parduotuv\u0117\",\"publisher\":{\"@id\":\"https:\\\/\\\/1dronas.lt\\\/en\\\/#organization\"},\"potentialAction\":[{\"@type\":\"SearchAction\",\"target\":{\"@type\":\"EntryPoint\",\"urlTemplate\":\"https:\\\/\\\/1dronas.lt\\\/en\\\/?s={search_term_string}\"},\"query-input\":{\"@type\":\"PropertyValueSpecification\",\"valueRequired\":true,\"valueName\":\"search_term_string\"}}],\"inLanguage\":\"en-US\"},{\"@type\":\"Organization\",\"@id\":\"https:\\\/\\\/1dronas.lt\\\/en\\\/#organization\",\"name\":\"1dronas.lt\",\"url\":\"https:\\\/\\\/1dronas.lt\\\/en\\\/\",\"logo\":{\"@type\":\"ImageObject\",\"inLanguage\":\"en-US\",\"@id\":\"https:\\\/\\\/1dronas.lt\\\/en\\\/#\\\/schema\\\/logo\\\/image\\\/\",\"url\":\"https:\\\/\\\/1dronas.lt\\\/wp-content\\\/uploads\\\/2020\\\/12\\\/Ekrano_kopija__2_-removebg-preview-1-1.png\",\"contentUrl\":\"https:\\\/\\\/1dronas.lt\\\/wp-content\\\/uploads\\\/2020\\\/12\\\/Ekrano_kopija__2_-removebg-preview-1-1.png\",\"width\":234,\"height\":81,\"caption\":\"1dronas.lt\"},\"image\":{\"@id\":\"https:\\\/\\\/1dronas.lt\\\/en\\\/#\\\/schema\\\/logo\\\/image\\\/\"},\"sameAs\":[\"https:\\\/\\\/www.facebook.com\\\/1dronas\\\/\"]}]}<\/script>\n<!-- \/ Yoast SEO plugin. -->","yoast_head_json":{"title":"Emax Babyhawk - 1dronas.lt","robots":{"index":"index","follow":"follow","max-snippet":"max-snippet:-1","max-image-preview":"max-image-preview:large","max-video-preview":"max-video-preview:-1"},"canonical":"https:\/\/1dronas.lt\/en\/produktas\/emax-babyhawk\/","og_locale":"en_US","og_type":"article","og_title":"Emax Babyhawk - 1dronas.lt","og_description":"Propeleri\u0173 apsauga ir plastikinis korpusas u\u017etikrina puiki\u0105 pagrindini\u0173 komponent\u0173 apsaug\u0105 bei stipr\u0173 atsparum\u0105 pa\u017eeidimams.  \u00a0 \u00a01 - 4 d. d.","og_url":"https:\/\/1dronas.lt\/en\/produktas\/emax-babyhawk\/","og_site_name":"1dronas.lt","article_publisher":"https:\/\/www.facebook.com\/1dronas\/","article_modified_time":"2024-06-15T09:04:16+00:00","og_image":[{"width":740,"height":740,"url":"https:\/\/1dronas.lt\/wp-content\/uploads\/2021\/07\/6_19.jpg","type":"image\/jpeg"}],"twitter_card":"summary_large_image","twitter_misc":{"Est. reading time":"2 minutes"},"schema":{"@context":"https:\/\/schema.org","@graph":[{"@type":"WebPage","@id":"https:\/\/1dronas.lt\/en\/produktas\/emax-babyhawk\/","url":"https:\/\/1dronas.lt\/en\/produktas\/emax-babyhawk\/","name":"Emax Babyhawk - 1dronas.lt","isPartOf":{"@id":"https:\/\/1dronas.lt\/en\/#website"},"primaryImageOfPage":{"@id":"https:\/\/1dronas.lt\/en\/produktas\/emax-babyhawk\/#primaryimage"},"image":{"@id":"https:\/\/1dronas.lt\/en\/produktas\/emax-babyhawk\/#primaryimage"},"thumbnailUrl":"https:\/\/1dronas.lt\/wp-content\/uploads\/2021\/07\/6_19.jpg","datePublished":"2021-07-03T13:53:49+00:00","dateModified":"2024-06-15T09:04:16+00:00","breadcrumb":{"@id":"https:\/\/1dronas.lt\/en\/produktas\/emax-babyhawk\/#breadcrumb"},"inLanguage":"en-US","potentialAction":[{"@type":"ReadAction","target":["https:\/\/1dronas.lt\/en\/produktas\/emax-babyhawk\/"]}]},{"@type":"ImageObject","inLanguage":"en-US","@id":"https:\/\/1dronas.lt\/en\/produktas\/emax-babyhawk\/#primaryimage","url":"https:\/\/1dronas.lt\/wp-content\/uploads\/2021\/07\/6_19.jpg","contentUrl":"https:\/\/1dronas.lt\/wp-content\/uploads\/2021\/07\/6_19.jpg","width":740,"height":740},{"@type":"BreadcrumbList","@id":"https:\/\/1dronas.lt\/en\/produktas\/emax-babyhawk\/#breadcrumb","itemListElement":[{"@type":"ListItem","position":1,"name":"Home","item":"https:\/\/1dronas.lt\/"},{"@type":"ListItem","position":2,"name":"Parduotuv\u0117","item":"https:\/\/1dronas.lt\/parduotuve\/"},{"@type":"ListItem","position":3,"name":"Emax Babyhawk"}]},{"@type":"WebSite","@id":"https:\/\/1dronas.lt\/en\/#website","url":"https:\/\/1dronas.lt\/en\/","name":"1dronas.lt","description":"Online store","publisher":{"@id":"https:\/\/1dronas.lt\/en\/#organization"},"potentialAction":[{"@type":"SearchAction","target":{"@type":"EntryPoint","urlTemplate":"https:\/\/1dronas.lt\/en\/?s={search_term_string}"},"query-input":{"@type":"PropertyValueSpecification","valueRequired":true,"valueName":"search_term_string"}}],"inLanguage":"en-US"},{"@type":"Organization","@id":"https:\/\/1dronas.lt\/en\/#organization","name":"1dronas.lt","url":"https:\/\/1dronas.lt\/en\/","logo":{"@type":"ImageObject","inLanguage":"en-US","@id":"https:\/\/1dronas.lt\/en\/#\/schema\/logo\/image\/","url":"https:\/\/1dronas.lt\/wp-content\/uploads\/2020\/12\/Ekrano_kopija__2_-removebg-preview-1-1.png","contentUrl":"https:\/\/1dronas.lt\/wp-content\/uploads\/2020\/12\/Ekrano_kopija__2_-removebg-preview-1-1.png","width":234,"height":81,"caption":"1dronas.lt"},"image":{"@id":"https:\/\/1dronas.lt\/en\/#\/schema\/logo\/image\/"},"sameAs":["https:\/\/www.facebook.com\/1dronas\/"]}]}},"jetpack_sharing_enabled":true,"_links":{"self":[{"href":"https:\/\/1dronas.lt\/en\/wp-json\/wp\/v2\/product\/2098","targetHints":{"allow":["GET"]}}],"collection":[{"href":"https:\/\/1dronas.lt\/en\/wp-json\/wp\/v2\/product"}],"about":[{"href":"https:\/\/1dronas.lt\/en\/wp-json\/wp\/v2\/types\/product"}],"replies":[{"embeddable":true,"href":"https:\/\/1dronas.lt\/en\/wp-json\/wp\/v2\/comments?post=2098"}],"wp:featuredmedia":[{"embeddable":true,"href":"https:\/\/1dronas.lt\/en\/wp-json\/wp\/v2\/media\/2103"}],"wp:attachment":[{"href":"https:\/\/1dronas.lt\/en\/wp-json\/wp\/v2\/media?parent=2098"}],"wp:term":[{"taxonomy":"product_brand","embeddable":true,"href":"https:\/\/1dronas.lt\/en\/wp-json\/wp\/v2\/product_brand?post=2098"},{"taxonomy":"product_cat","embeddable":true,"href":"https:\/\/1dronas.lt\/en\/wp-json\/wp\/v2\/product_cat?post=2098"},{"taxonomy":"product_tag","embeddable":true,"href":"https:\/\/1dronas.lt\/en\/wp-json\/wp\/v2\/product_tag?post=2098"}],"curies":[{"name":"wp","href":"https:\/\/api.w.org\/{rel}","templated":true}]}}