{"id":2088,"date":"2021-07-03T08:05:47","date_gmt":"2021-07-03T08:05:47","guid":{"rendered":"https:\/\/1dronas.lt\/?post_type=product&#038;p=2088"},"modified":"2026-03-19T13:55:19","modified_gmt":"2026-03-19T11:55:19","slug":"emax-ez-pilot-pradedanciojo-rinkinys","status":"publish","type":"product","link":"https:\/\/1dronas.lt\/en\/produktas\/emax-ez-pilot-rtf-kit\/","title":{"rendered":"Emax EZ Pilot RTF kit"},"content":{"rendered":"<p><iframe loading=\"lazy\" title=\"EMAX - Introducing EZ Pilot\" width=\"1020\" height=\"574\" src=\"https:\/\/www.youtube.com\/embed\/MuQn7u1VeQo?start=59&#038;feature=oembed\" frameborder=\"0\" allow=\"accelerometer; autoplay; clipboard-write; encrypted-media; gyroscope; picture-in-picture; web-share\" referrerpolicy=\"strict-origin-when-cross-origin\" allowfullscreen><\/iframe><\/p>\n<p><strong><br \/>\nFeatures:<\/strong><\/p>\n<p><span style=\"font-weight: 400;\"><b>\u2022 <\/b>The drone&#039;s creators believe in a future where anyone can have a fun, intuitive flying experience in their own home. This mission was the driving force behind their new EZ Pilot Drone;<br \/>\n<b>\u2022 <\/b>Everything has been customized using EMAX&#039;s new EZ Flight Control software. It is the first drone of its kind to provide intelligent and dynamic flight.<br \/>\n<b>\u2022 <\/b>To provide the pilot with an optimal experience, EZ Pilot features gyroscopic self-altitude hold along with Smart Height Assist, allowing the pilot to focus more on flying rather than maintaining altitude;<br \/>\n<b>\u2022<\/b> The EZ One Stick Control mode allows pilots to steer the drone in any direction they want without having to control two separate remote controls. Since the aircraft is very easy to control, it will allow any pilot to learn the basics of drone control in a couple of minutes;<br \/>\n<b>\u2022 <\/b>3 flight modes.<br \/>\n<img loading=\"lazy\" decoding=\"async\" class=\"alignnone wp-image-2096 size-full\" src=\"https:\/\/1dronas.lt\/wp-content\/uploads\/2021\/07\/zhgfd.jpg\" alt=\"\" width=\"996\" height=\"747\" srcset=\"https:\/\/1dronas.lt\/wp-content\/uploads\/2021\/07\/zhgfd.jpg 996w, https:\/\/1dronas.lt\/wp-content\/uploads\/2021\/07\/zhgfd-300x225.jpg 300w, https:\/\/1dronas.lt\/wp-content\/uploads\/2021\/07\/zhgfd-768x576.jpg 768w, https:\/\/1dronas.lt\/wp-content\/uploads\/2021\/07\/zhgfd-16x12.jpg 16w, https:\/\/1dronas.lt\/wp-content\/uploads\/2021\/07\/zhgfd-510x383.jpg 510w\" sizes=\"auto, (max-width: 996px) 100vw, 996px\" \/><\/span><\/p>\n<p><strong>Specification:<\/strong><\/p>\n<p><strong style=\"font-weight: 400;\"><b>\u2022 <\/b><\/strong>Manufacturer: Emax;<br \/>\n<strong style=\"font-weight: 400;\"><b>\u2022 <\/b><\/strong>Motors: 0816 brushed;<br \/>\n<strong style=\"font-weight: 400;\"><b>\u2022 <\/b><\/strong>Battery: 1s 450mAh;<br \/>\n<strong style=\"font-weight: 400;\"><b>\u2022 <\/b><\/strong>Camera\/VTX: 600TVL CMOS, 37 Channels, 25mw;<br \/>\n<strong style=\"font-weight: 400;\"><b>\u2022 <\/b><\/strong>Connector: JST-PH2 ;<br \/>\n<strong style=\"font-weight: 400;\"><b>\u2022 <\/b><\/strong>Remote control: EMAX E6 Transmitter;<br \/>\n<strong>\u2022<\/strong> Goggles: EMAX Transporter 5.8G;<br \/>\n<strong style=\"font-weight: 400;\"><b>\u2022 <\/b><\/strong>ESC: 4in1 3A;<br \/>\n<strong style=\"font-weight: 400;\"><b>\u2022 <\/b><\/strong>Flight time: ~ 4min. ;<br \/>\n<strong style=\"font-weight: 400;\"><b>\u2022 <\/b><\/strong>Transmitter: EMAX 2.4G receiver.<\/p>\n<p><img loading=\"lazy\" decoding=\"async\" class=\"alignnone wp-image-1958 size-large\" src=\"https:\/\/1dronas.lt\/wp-content\/uploads\/2021\/06\/Dv4G8JJUi-1024x512.jpg\" alt=\"\" width=\"1020\" height=\"510\" \/><\/p>\n<p><strong>Package:<\/strong><\/p>\n<p>1x drone;<br \/>\n1x remote control with 18650 Li-Ion battery;<br \/>\n1x glasses with 18650 Li-Ion battery;<br \/>\n1x micro USB cable;<br \/>\n1x USB power charger;<br \/>\n2x CW 2x CCW spare propeller set;<br \/>\n1x USB cable for charging the glasses and remote control;<br \/>\n1x 1s 450mAh battery;<br \/>\n1x set of stickers;<br \/>\n1x user manual.<\/p>\n<p><img loading=\"lazy\" decoding=\"async\" class=\"alignnone wp-image-2089 size-full\" src=\"https:\/\/1dronas.lt\/wp-content\/uploads\/2021\/07\/img_1187_7.jpg\" alt=\"\" width=\"1000\" height=\"1000\" srcset=\"https:\/\/1dronas.lt\/wp-content\/uploads\/2021\/07\/img_1187_7.jpg 1000w, https:\/\/1dronas.lt\/wp-content\/uploads\/2021\/07\/img_1187_7-300x300.jpg 300w, https:\/\/1dronas.lt\/wp-content\/uploads\/2021\/07\/img_1187_7-150x150.jpg 150w, https:\/\/1dronas.lt\/wp-content\/uploads\/2021\/07\/img_1187_7-768x768.jpg 768w, https:\/\/1dronas.lt\/wp-content\/uploads\/2021\/07\/img_1187_7-12x12.jpg 12w, https:\/\/1dronas.lt\/wp-content\/uploads\/2021\/07\/img_1187_7-247x247.jpg 247w, https:\/\/1dronas.lt\/wp-content\/uploads\/2021\/07\/img_1187_7-510x510.jpg 510w, https:\/\/1dronas.lt\/wp-content\/uploads\/2021\/07\/img_1187_7-100x100.jpg 100w\" sizes=\"auto, (max-width: 1000px) 100vw, 1000px\" \/><\/p>\n<p><strong><span style=\"color: #ed1c24;\">Important:<br \/>\n<em>* Do not overcharge or leave batteries discharged for long periods of time;<\/em><br \/>\n<em> * Do not store batteries near high temperatures;<\/em><br \/>\n<em>* Do not throw batteries into fire;<br \/>\n* Do not throw batteries into water.<\/em><\/span><\/strong><\/p>","protected":false},"excerpt":{"rendered":"<p><span style=\"font-weight: 400; color: #000000;\">To provide the pilot with an optimal experience, the EZ Pilot features gyroscopic self-altitude hold along with Smart Height Assist, allowing the pilot to focus more on flying than maintaining altitude.<\/span><\/p>\n<p><span style=\"color: #000000;\"><strong><img loading=\"lazy\" decoding=\"async\" class=\"alignnone wp-image-1806\" src=\"https:\/\/1dronas.lt\/wp-content\/uploads\/2021\/05\/delivery-icon.png\" alt=\"\" width=\"24\" height=\"24\" srcset=\"https:\/\/1dronas.lt\/wp-content\/uploads\/2021\/05\/delivery-icon.png 35w, https:\/\/1dronas.lt\/wp-content\/uploads\/2021\/05\/delivery-icon-12x12.png 12w\" sizes=\"auto, (max-width: 24px) 100vw, 24px\" \/>\u00a0 \u00a0<span style=\"font-size: 90%;\">1 \u2013 4 days<\/span><\/strong><\/span><\/p>","protected":false},"featured_media":2095,"comment_status":"open","ping_status":"closed","template":"","meta":[],"product_brand":[498],"product_cat":[63,104],"product_tag":[18,34,54,139],"class_list":{"0":"post-2088","1":"product","2":"type-product","3":"status-publish","4":"has-post-thumbnail","6":"product_brand-emax","7":"product_cat-fpv-rinkiniai","8":"product_cat-orlaiviai","9":"product_tag-dronai","10":"product_tag-emax","11":"product_tag-fpv","12":"product_tag-pradedanciojo-rinkinys","14":"first","15":"instock","16":"taxable","17":"shipping-taxable","18":"purchasable","19":"product-type-simple"},"yoast_head":"<!-- This site is optimized with the Yoast SEO plugin v27.3 - https:\/\/yoast.com\/product\/yoast-seo-wordpress\/ -->\n<title>Emax EZ Pilot RTF kit - 1dronas.lt<\/title>\n<meta name=\"robots\" content=\"index, follow, max-snippet:-1, max-image-preview:large, max-video-preview:-1\" \/>\n<link rel=\"canonical\" href=\"https:\/\/1dronas.lt\/en\/produktas\/emax-ez-pilot-rtf-kit\/\" \/>\n<meta property=\"og:locale\" content=\"en_US\" \/>\n<meta property=\"og:type\" content=\"article\" \/>\n<meta property=\"og:title\" content=\"Emax EZ Pilot RTF kit - 1dronas.lt\" \/>\n<meta property=\"og:description\" content=\"Kad pilotui b\u016bt\u0173 teikiama optimali patirtis, \u201eEZ Pilot\u201c turi giroskopin\u012f savaimin\u012f auk\u0161\u010dio palaikym\u0105 kartu su \u201eSmart Height Assist\u201c, leid\u017eian\u010diu pilotui daugiau d\u0117mesio skirti skraidymui o ne auk\u010d\u0161io palaikymui.  \u00a0 \u00a01 - 4 d. d.\" \/>\n<meta property=\"og:url\" content=\"https:\/\/1dronas.lt\/en\/produktas\/emax-ez-pilot-rtf-kit\/\" \/>\n<meta property=\"og:site_name\" content=\"1dronas.lt\" \/>\n<meta property=\"article:publisher\" content=\"https:\/\/www.facebook.com\/1dronas\/\" \/>\n<meta property=\"article:modified_time\" content=\"2026-03-19T11:55:19+00:00\" \/>\n<meta property=\"og:image\" content=\"https:\/\/1dronas.lt\/wp-content\/uploads\/2021\/07\/img_1383_1.jpg\" \/>\n\t<meta property=\"og:image:width\" content=\"1000\" \/>\n\t<meta property=\"og:image:height\" content=\"1000\" \/>\n\t<meta property=\"og:image:type\" content=\"image\/jpeg\" \/>\n<meta name=\"twitter:card\" content=\"summary_large_image\" \/>\n<meta name=\"twitter:label1\" content=\"Est. reading time\" \/>\n\t<meta name=\"twitter:data1\" content=\"3 minutes\" \/>\n<script type=\"application\/ld+json\" class=\"yoast-schema-graph\">{\"@context\":\"https:\\\/\\\/schema.org\",\"@graph\":[{\"@type\":\"WebPage\",\"@id\":\"https:\\\/\\\/1dronas.lt\\\/en\\\/produktas\\\/emax-ez-pilot-rtf-kit\\\/\",\"url\":\"https:\\\/\\\/1dronas.lt\\\/en\\\/produktas\\\/emax-ez-pilot-rtf-kit\\\/\",\"name\":\"Emax EZ Pilot RTF kit - 1dronas.lt\",\"isPartOf\":{\"@id\":\"https:\\\/\\\/1dronas.lt\\\/en\\\/#website\"},\"primaryImageOfPage\":{\"@id\":\"https:\\\/\\\/1dronas.lt\\\/en\\\/produktas\\\/emax-ez-pilot-rtf-kit\\\/#primaryimage\"},\"image\":{\"@id\":\"https:\\\/\\\/1dronas.lt\\\/en\\\/produktas\\\/emax-ez-pilot-rtf-kit\\\/#primaryimage\"},\"thumbnailUrl\":\"https:\\\/\\\/1dronas.lt\\\/wp-content\\\/uploads\\\/2021\\\/07\\\/img_1383_1.jpg\",\"datePublished\":\"2021-07-03T08:05:47+00:00\",\"dateModified\":\"2026-03-19T11:55:19+00:00\",\"breadcrumb\":{\"@id\":\"https:\\\/\\\/1dronas.lt\\\/en\\\/produktas\\\/emax-ez-pilot-rtf-kit\\\/#breadcrumb\"},\"inLanguage\":\"en-US\",\"potentialAction\":[{\"@type\":\"ReadAction\",\"target\":[\"https:\\\/\\\/1dronas.lt\\\/en\\\/produktas\\\/emax-ez-pilot-rtf-kit\\\/\"]}]},{\"@type\":\"ImageObject\",\"inLanguage\":\"en-US\",\"@id\":\"https:\\\/\\\/1dronas.lt\\\/en\\\/produktas\\\/emax-ez-pilot-rtf-kit\\\/#primaryimage\",\"url\":\"https:\\\/\\\/1dronas.lt\\\/wp-content\\\/uploads\\\/2021\\\/07\\\/img_1383_1.jpg\",\"contentUrl\":\"https:\\\/\\\/1dronas.lt\\\/wp-content\\\/uploads\\\/2021\\\/07\\\/img_1383_1.jpg\",\"width\":1000,\"height\":1000},{\"@type\":\"BreadcrumbList\",\"@id\":\"https:\\\/\\\/1dronas.lt\\\/en\\\/produktas\\\/emax-ez-pilot-rtf-kit\\\/#breadcrumb\",\"itemListElement\":[{\"@type\":\"ListItem\",\"position\":1,\"name\":\"Home\",\"item\":\"https:\\\/\\\/1dronas.lt\\\/\"},{\"@type\":\"ListItem\",\"position\":2,\"name\":\"Parduotuv\u0117\",\"item\":\"https:\\\/\\\/1dronas.lt\\\/parduotuve\\\/\"},{\"@type\":\"ListItem\",\"position\":3,\"name\":\"Emax EZ Pilot RTF kit\"}]},{\"@type\":\"WebSite\",\"@id\":\"https:\\\/\\\/1dronas.lt\\\/en\\\/#website\",\"url\":\"https:\\\/\\\/1dronas.lt\\\/en\\\/\",\"name\":\"1dronas.lt\",\"description\":\"Internetin\u0117 parduotuv\u0117\",\"publisher\":{\"@id\":\"https:\\\/\\\/1dronas.lt\\\/en\\\/#organization\"},\"potentialAction\":[{\"@type\":\"SearchAction\",\"target\":{\"@type\":\"EntryPoint\",\"urlTemplate\":\"https:\\\/\\\/1dronas.lt\\\/en\\\/?s={search_term_string}\"},\"query-input\":{\"@type\":\"PropertyValueSpecification\",\"valueRequired\":true,\"valueName\":\"search_term_string\"}}],\"inLanguage\":\"en-US\"},{\"@type\":\"Organization\",\"@id\":\"https:\\\/\\\/1dronas.lt\\\/en\\\/#organization\",\"name\":\"1dronas.lt\",\"url\":\"https:\\\/\\\/1dronas.lt\\\/en\\\/\",\"logo\":{\"@type\":\"ImageObject\",\"inLanguage\":\"en-US\",\"@id\":\"https:\\\/\\\/1dronas.lt\\\/en\\\/#\\\/schema\\\/logo\\\/image\\\/\",\"url\":\"https:\\\/\\\/1dronas.lt\\\/wp-content\\\/uploads\\\/2020\\\/12\\\/Ekrano_kopija__2_-removebg-preview-1-1.png\",\"contentUrl\":\"https:\\\/\\\/1dronas.lt\\\/wp-content\\\/uploads\\\/2020\\\/12\\\/Ekrano_kopija__2_-removebg-preview-1-1.png\",\"width\":234,\"height\":81,\"caption\":\"1dronas.lt\"},\"image\":{\"@id\":\"https:\\\/\\\/1dronas.lt\\\/en\\\/#\\\/schema\\\/logo\\\/image\\\/\"},\"sameAs\":[\"https:\\\/\\\/www.facebook.com\\\/1dronas\\\/\"]}]}<\/script>\n<!-- \/ Yoast SEO plugin. -->","yoast_head_json":{"title":"Emax EZ Pilot RTF kit - 1dronas.lt","robots":{"index":"index","follow":"follow","max-snippet":"max-snippet:-1","max-image-preview":"max-image-preview:large","max-video-preview":"max-video-preview:-1"},"canonical":"https:\/\/1dronas.lt\/en\/produktas\/emax-ez-pilot-rtf-kit\/","og_locale":"en_US","og_type":"article","og_title":"Emax EZ Pilot RTF kit - 1dronas.lt","og_description":"Kad pilotui b\u016bt\u0173 teikiama optimali patirtis, \u201eEZ Pilot\u201c turi giroskopin\u012f savaimin\u012f auk\u0161\u010dio palaikym\u0105 kartu su \u201eSmart Height Assist\u201c, leid\u017eian\u010diu pilotui daugiau d\u0117mesio skirti skraidymui o ne auk\u010d\u0161io palaikymui.  \u00a0 \u00a01 - 4 d. d.","og_url":"https:\/\/1dronas.lt\/en\/produktas\/emax-ez-pilot-rtf-kit\/","og_site_name":"1dronas.lt","article_publisher":"https:\/\/www.facebook.com\/1dronas\/","article_modified_time":"2026-03-19T11:55:19+00:00","og_image":[{"width":1000,"height":1000,"url":"https:\/\/1dronas.lt\/wp-content\/uploads\/2021\/07\/img_1383_1.jpg","type":"image\/jpeg"}],"twitter_card":"summary_large_image","twitter_misc":{"Est. reading time":"3 minutes"},"schema":{"@context":"https:\/\/schema.org","@graph":[{"@type":"WebPage","@id":"https:\/\/1dronas.lt\/en\/produktas\/emax-ez-pilot-rtf-kit\/","url":"https:\/\/1dronas.lt\/en\/produktas\/emax-ez-pilot-rtf-kit\/","name":"Emax EZ Pilot RTF kit - 1dronas.lt","isPartOf":{"@id":"https:\/\/1dronas.lt\/en\/#website"},"primaryImageOfPage":{"@id":"https:\/\/1dronas.lt\/en\/produktas\/emax-ez-pilot-rtf-kit\/#primaryimage"},"image":{"@id":"https:\/\/1dronas.lt\/en\/produktas\/emax-ez-pilot-rtf-kit\/#primaryimage"},"thumbnailUrl":"https:\/\/1dronas.lt\/wp-content\/uploads\/2021\/07\/img_1383_1.jpg","datePublished":"2021-07-03T08:05:47+00:00","dateModified":"2026-03-19T11:55:19+00:00","breadcrumb":{"@id":"https:\/\/1dronas.lt\/en\/produktas\/emax-ez-pilot-rtf-kit\/#breadcrumb"},"inLanguage":"en-US","potentialAction":[{"@type":"ReadAction","target":["https:\/\/1dronas.lt\/en\/produktas\/emax-ez-pilot-rtf-kit\/"]}]},{"@type":"ImageObject","inLanguage":"en-US","@id":"https:\/\/1dronas.lt\/en\/produktas\/emax-ez-pilot-rtf-kit\/#primaryimage","url":"https:\/\/1dronas.lt\/wp-content\/uploads\/2021\/07\/img_1383_1.jpg","contentUrl":"https:\/\/1dronas.lt\/wp-content\/uploads\/2021\/07\/img_1383_1.jpg","width":1000,"height":1000},{"@type":"BreadcrumbList","@id":"https:\/\/1dronas.lt\/en\/produktas\/emax-ez-pilot-rtf-kit\/#breadcrumb","itemListElement":[{"@type":"ListItem","position":1,"name":"Home","item":"https:\/\/1dronas.lt\/"},{"@type":"ListItem","position":2,"name":"Parduotuv\u0117","item":"https:\/\/1dronas.lt\/parduotuve\/"},{"@type":"ListItem","position":3,"name":"Emax EZ Pilot RTF kit"}]},{"@type":"WebSite","@id":"https:\/\/1dronas.lt\/en\/#website","url":"https:\/\/1dronas.lt\/en\/","name":"1dronas.lt","description":"Online store","publisher":{"@id":"https:\/\/1dronas.lt\/en\/#organization"},"potentialAction":[{"@type":"SearchAction","target":{"@type":"EntryPoint","urlTemplate":"https:\/\/1dronas.lt\/en\/?s={search_term_string}"},"query-input":{"@type":"PropertyValueSpecification","valueRequired":true,"valueName":"search_term_string"}}],"inLanguage":"en-US"},{"@type":"Organization","@id":"https:\/\/1dronas.lt\/en\/#organization","name":"1dronas.lt","url":"https:\/\/1dronas.lt\/en\/","logo":{"@type":"ImageObject","inLanguage":"en-US","@id":"https:\/\/1dronas.lt\/en\/#\/schema\/logo\/image\/","url":"https:\/\/1dronas.lt\/wp-content\/uploads\/2020\/12\/Ekrano_kopija__2_-removebg-preview-1-1.png","contentUrl":"https:\/\/1dronas.lt\/wp-content\/uploads\/2020\/12\/Ekrano_kopija__2_-removebg-preview-1-1.png","width":234,"height":81,"caption":"1dronas.lt"},"image":{"@id":"https:\/\/1dronas.lt\/en\/#\/schema\/logo\/image\/"},"sameAs":["https:\/\/www.facebook.com\/1dronas\/"]}]}},"jetpack_sharing_enabled":true,"_links":{"self":[{"href":"https:\/\/1dronas.lt\/en\/wp-json\/wp\/v2\/product\/2088","targetHints":{"allow":["GET"]}}],"collection":[{"href":"https:\/\/1dronas.lt\/en\/wp-json\/wp\/v2\/product"}],"about":[{"href":"https:\/\/1dronas.lt\/en\/wp-json\/wp\/v2\/types\/product"}],"replies":[{"embeddable":true,"href":"https:\/\/1dronas.lt\/en\/wp-json\/wp\/v2\/comments?post=2088"}],"wp:featuredmedia":[{"embeddable":true,"href":"https:\/\/1dronas.lt\/en\/wp-json\/wp\/v2\/media\/2095"}],"wp:attachment":[{"href":"https:\/\/1dronas.lt\/en\/wp-json\/wp\/v2\/media?parent=2088"}],"wp:term":[{"taxonomy":"product_brand","embeddable":true,"href":"https:\/\/1dronas.lt\/en\/wp-json\/wp\/v2\/product_brand?post=2088"},{"taxonomy":"product_cat","embeddable":true,"href":"https:\/\/1dronas.lt\/en\/wp-json\/wp\/v2\/product_cat?post=2088"},{"taxonomy":"product_tag","embeddable":true,"href":"https:\/\/1dronas.lt\/en\/wp-json\/wp\/v2\/product_tag?post=2088"}],"curies":[{"name":"wp","href":"https:\/\/api.w.org\/{rel}","templated":true}]}}