{"id":2075,"date":"2021-06-30T17:20:26","date_gmt":"2021-06-30T17:20:26","guid":{"rendered":"https:\/\/1dronas.lt\/?post_type=product&#038;p=2075"},"modified":"2025-02-03T19:56:54","modified_gmt":"2025-02-03T19:56:54","slug":"emax-tinyhawk-ii","status":"publish","type":"product","link":"https:\/\/1dronas.lt\/en\/produktas\/emax-tinyhawk-ii\/","title":{"rendered":"Emax Tinyhawk II"},"content":{"rendered":"<p><strong>Specification:<\/strong><\/p>\n<p style=\"text-align: left;\"><strong>\u2022 <\/strong>Engines:<br \/>\nManufacturer: Emax;<br \/>\nModel: 0802 16000KV brushless motors;<br \/>\nInput voltage: 1S;<br \/>\nKV: 16000KV.<\/p>\n\t<div id=\"accordion-3627405205\" class=\"accordion-item\">\n\t\t<a id=\"accordion-3627405205-label\" class=\"accordion-title plain\" href=\"#accordion-item-i\u0161matavimai\" aria-expanded=\"false\" aria-controls=\"accordion-3627405205-content\">\n\t\t\t<button class=\"toggle\" aria-label=\"Toggle\"><i class=\"icon-angle-down\" aria-hidden=\"true\"><\/i><\/button>\n\t\t\t<span>Measurements<\/span>\n\t\t<\/a>\n\t\t<div id=\"accordion-3627405205-content\" class=\"accordion-inner\" aria-labelledby=\"accordion-3627405205-label\">\n\t\t\t\n<img loading=\"lazy\" decoding=\"async\" class=\"alignnone wp-image-2076 size-full\" src=\"https:\/\/1dronas.lt\/wp-content\/uploads\/2021\/06\/specd18fgrl6.jpg\" alt=\"\" width=\"750\" height=\"396\" srcset=\"https:\/\/1dronas.lt\/wp-content\/uploads\/2021\/06\/specd18fgrl6.jpg 750w, https:\/\/1dronas.lt\/wp-content\/uploads\/2021\/06\/specd18fgrl6-300x158.jpg 300w, https:\/\/1dronas.lt\/wp-content\/uploads\/2021\/06\/specd18fgrl6-18x10.jpg 18w, https:\/\/1dronas.lt\/wp-content\/uploads\/2021\/06\/specd18fgrl6-510x269.jpg 510w\" sizes=\"auto, (max-width: 750px) 100vw, 750px\" \/><br \/>\n\t\t<\/div>\n\t<\/div>\n\t\n<p><strong>\u2022<\/strong> RX:<br \/>\nModel: EMAX SPI Receiver.<\/p>\n<p style=\"text-align: left;\"><strong style=\"font-weight: 400;\"><b>\u2022 <\/b><\/strong>ESC\/VTX\/FC (all in one):<br \/>\nManufacturer: Emax;<br \/>\nInput: 1-2s Lipo;<br \/>\nFC: MATEKF411RX;<br \/>\nESC: 4-in-1 5A Blheli_S;<br \/>\nVTX: 0-25-100-200mW Adjustable Frequency 37CH. Support SmartAudio.<\/p>\n\t<div id=\"accordion-3544270147\" class=\"accordion-item\">\n\t\t<a id=\"accordion-3544270147-label\" class=\"accordion-title plain\" href=\"#accordion-item-schema\" aria-expanded=\"false\" aria-controls=\"accordion-3544270147-content\">\n\t\t\t<button class=\"toggle\" aria-label=\"Toggle\"><i class=\"icon-angle-down\" aria-hidden=\"true\"><\/i><\/button>\n\t\t\t<span>Scheme<\/span>\n\t\t<\/a>\n\t\t<div id=\"accordion-3544270147-content\" class=\"accordion-inner\" aria-labelledby=\"accordion-3544270147-label\">\n\t\t\t\n<img loading=\"lazy\" decoding=\"async\" class=\"alignnone wp-image-2050 size-full\" src=\"https:\/\/1dronas.lt\/wp-content\/uploads\/2021\/06\/scheme.png\" alt=\"\" width=\"881\" height=\"382\" srcset=\"https:\/\/1dronas.lt\/wp-content\/uploads\/2021\/06\/scheme.png 881w, https:\/\/1dronas.lt\/wp-content\/uploads\/2021\/06\/scheme-300x130.png 300w, https:\/\/1dronas.lt\/wp-content\/uploads\/2021\/06\/scheme-768x333.png 768w, https:\/\/1dronas.lt\/wp-content\/uploads\/2021\/06\/scheme-18x8.png 18w, https:\/\/1dronas.lt\/wp-content\/uploads\/2021\/06\/scheme-510x221.png 510w\" sizes=\"auto, (max-width: 881px) 100vw, 881px\" \/><br \/>\n\t\t<\/div>\n\t<\/div>\n\t\n<p><strong style=\"font-weight: 400;\"><b>\u2022 <\/b><\/strong>Camera:<br \/>\nRunCam Nano 2 Camera.<\/p>\n<p><strong style=\"font-weight: 400;\"><b>\u2022 <\/b><\/strong>Propellers:<br \/>\nModel: AVAN Turtle mode;<br \/>\nMaterial: PC;<br \/>\nBlades: 4.<\/p>\n<p><strong>Package:<\/strong><\/p>\n<p>1x drone;<br \/>\n1x EMAX 450mAh 1S HV;<br \/>\n1x EMAX 300mAh 2S HV;<br \/>\n2x CCW + 2x CW spare propellers;<br \/>\n1x 1S-2S USB LiPo charger;<br \/>\n1x screwdriver.<\/p>\n<p><strong><span style=\"color: #ed1c24;\">Important:<br \/>\n<em>* Do not overcharge or leave batteries discharged for long periods of time;<\/em><br \/>\n<em> * Do not store batteries near high temperatures;<\/em><br \/>\n<em>* Do not throw batteries into fire;<br \/>\n* Do not throw batteries into water.<\/em><\/span><\/strong><\/p>","protected":false},"excerpt":{"rendered":"<p><span style=\"font-weight: 400; color: #000000;\">With the 7%&#039;s increased engine power, it is possible to achieve higher propeller speeds, which allows for increased speed, giving pilots an advantage over their competitors.<\/span><\/p>\n<p><span style=\"font-size: 90%; color: #000000;\"><strong><img loading=\"lazy\" decoding=\"async\" class=\"alignnone wp-image-1806\" src=\"https:\/\/1dronas.lt\/wp-content\/uploads\/2021\/05\/delivery-icon.png\" alt=\"\" width=\"24\" height=\"24\" srcset=\"https:\/\/1dronas.lt\/wp-content\/uploads\/2021\/05\/delivery-icon.png 35w, https:\/\/1dronas.lt\/wp-content\/uploads\/2021\/05\/delivery-icon-12x12.png 12w\" sizes=\"auto, (max-width: 24px) 100vw, 24px\" \/>\u00a0 \u00a01 \u2013 4 days<\/strong><\/span><\/p>","protected":false},"featured_media":2082,"comment_status":"open","ping_status":"closed","template":"","meta":[],"product_brand":[498],"product_cat":[104,112],"product_tag":[18,34,113],"class_list":{"0":"post-2075","1":"product","2":"type-product","3":"status-publish","4":"has-post-thumbnail","6":"product_brand-emax","7":"product_cat-orlaiviai","8":"product_cat-whoop","9":"product_tag-dronai","10":"product_tag-emax","11":"product_tag-whoop","13":"first","14":"outofstock","15":"purchasable","16":"product-type-simple"},"yoast_head":"<!-- This site is optimized with the Yoast SEO plugin v27.4 - https:\/\/yoast.com\/product\/yoast-seo-wordpress\/ -->\n<title>Emax Tinyhawk II - 1dronas.lt<\/title>\n<meta name=\"robots\" content=\"index, follow, max-snippet:-1, max-image-preview:large, max-video-preview:-1\" \/>\n<link rel=\"canonical\" href=\"https:\/\/1dronas.lt\/en\/produktas\/emax-tinyhawk-ii\/\" \/>\n<meta property=\"og:locale\" content=\"en_US\" \/>\n<meta property=\"og:type\" content=\"article\" \/>\n<meta property=\"og:title\" content=\"Emax Tinyhawk II - 1dronas.lt\" \/>\n<meta property=\"og:description\" content=\"Su 7% padidinta varikli\u0173 galia, galima pasiekti didesn\u012f sraigto s\u016bki\u0173 skai\u010di\u0173, kuris leid\u017eia padidinti greit\u012f, suteikdamas pilotams prana\u0161um\u0105 prie\u0161 konkurentus.  \u00a0 \u00a01 \u2013 4 d. d.\" \/>\n<meta property=\"og:url\" content=\"https:\/\/1dronas.lt\/en\/produktas\/emax-tinyhawk-ii\/\" \/>\n<meta property=\"og:site_name\" content=\"1dronas.lt\" \/>\n<meta property=\"article:publisher\" content=\"https:\/\/www.facebook.com\/1dronas\/\" \/>\n<meta property=\"article:modified_time\" content=\"2025-02-03T19:56:54+00:00\" \/>\n<meta property=\"og:image\" content=\"https:\/\/1dronas.lt\/wp-content\/uploads\/2021\/06\/img_2112.jpg\" \/>\n\t<meta property=\"og:image:width\" content=\"1000\" \/>\n\t<meta property=\"og:image:height\" content=\"1000\" \/>\n\t<meta property=\"og:image:type\" content=\"image\/jpeg\" \/>\n<meta name=\"twitter:card\" content=\"summary_large_image\" \/>\n<meta name=\"twitter:label1\" content=\"Est. reading time\" \/>\n\t<meta name=\"twitter:data1\" content=\"2 minutes\" \/>\n<script type=\"application\/ld+json\" class=\"yoast-schema-graph\">{\"@context\":\"https:\\\/\\\/schema.org\",\"@graph\":[{\"@type\":\"WebPage\",\"@id\":\"https:\\\/\\\/1dronas.lt\\\/en\\\/produktas\\\/emax-tinyhawk-ii\\\/\",\"url\":\"https:\\\/\\\/1dronas.lt\\\/en\\\/produktas\\\/emax-tinyhawk-ii\\\/\",\"name\":\"Emax Tinyhawk II - 1dronas.lt\",\"isPartOf\":{\"@id\":\"https:\\\/\\\/1dronas.lt\\\/en\\\/#website\"},\"primaryImageOfPage\":{\"@id\":\"https:\\\/\\\/1dronas.lt\\\/en\\\/produktas\\\/emax-tinyhawk-ii\\\/#primaryimage\"},\"image\":{\"@id\":\"https:\\\/\\\/1dronas.lt\\\/en\\\/produktas\\\/emax-tinyhawk-ii\\\/#primaryimage\"},\"thumbnailUrl\":\"https:\\\/\\\/1dronas.lt\\\/wp-content\\\/uploads\\\/2021\\\/06\\\/img_2112.jpg\",\"datePublished\":\"2021-06-30T17:20:26+00:00\",\"dateModified\":\"2025-02-03T19:56:54+00:00\",\"breadcrumb\":{\"@id\":\"https:\\\/\\\/1dronas.lt\\\/en\\\/produktas\\\/emax-tinyhawk-ii\\\/#breadcrumb\"},\"inLanguage\":\"en-US\",\"potentialAction\":[{\"@type\":\"ReadAction\",\"target\":[\"https:\\\/\\\/1dronas.lt\\\/en\\\/produktas\\\/emax-tinyhawk-ii\\\/\"]}]},{\"@type\":\"ImageObject\",\"inLanguage\":\"en-US\",\"@id\":\"https:\\\/\\\/1dronas.lt\\\/en\\\/produktas\\\/emax-tinyhawk-ii\\\/#primaryimage\",\"url\":\"https:\\\/\\\/1dronas.lt\\\/wp-content\\\/uploads\\\/2021\\\/06\\\/img_2112.jpg\",\"contentUrl\":\"https:\\\/\\\/1dronas.lt\\\/wp-content\\\/uploads\\\/2021\\\/06\\\/img_2112.jpg\",\"width\":1000,\"height\":1000},{\"@type\":\"BreadcrumbList\",\"@id\":\"https:\\\/\\\/1dronas.lt\\\/en\\\/produktas\\\/emax-tinyhawk-ii\\\/#breadcrumb\",\"itemListElement\":[{\"@type\":\"ListItem\",\"position\":1,\"name\":\"Home\",\"item\":\"https:\\\/\\\/1dronas.lt\\\/\"},{\"@type\":\"ListItem\",\"position\":2,\"name\":\"Parduotuv\u0117\",\"item\":\"https:\\\/\\\/1dronas.lt\\\/parduotuve\\\/\"},{\"@type\":\"ListItem\",\"position\":3,\"name\":\"Emax Tinyhawk II\"}]},{\"@type\":\"WebSite\",\"@id\":\"https:\\\/\\\/1dronas.lt\\\/en\\\/#website\",\"url\":\"https:\\\/\\\/1dronas.lt\\\/en\\\/\",\"name\":\"1dronas.lt\",\"description\":\"Internetin\u0117 parduotuv\u0117\",\"publisher\":{\"@id\":\"https:\\\/\\\/1dronas.lt\\\/en\\\/#organization\"},\"potentialAction\":[{\"@type\":\"SearchAction\",\"target\":{\"@type\":\"EntryPoint\",\"urlTemplate\":\"https:\\\/\\\/1dronas.lt\\\/en\\\/?s={search_term_string}\"},\"query-input\":{\"@type\":\"PropertyValueSpecification\",\"valueRequired\":true,\"valueName\":\"search_term_string\"}}],\"inLanguage\":\"en-US\"},{\"@type\":\"Organization\",\"@id\":\"https:\\\/\\\/1dronas.lt\\\/en\\\/#organization\",\"name\":\"1dronas.lt\",\"url\":\"https:\\\/\\\/1dronas.lt\\\/en\\\/\",\"logo\":{\"@type\":\"ImageObject\",\"inLanguage\":\"en-US\",\"@id\":\"https:\\\/\\\/1dronas.lt\\\/en\\\/#\\\/schema\\\/logo\\\/image\\\/\",\"url\":\"https:\\\/\\\/1dronas.lt\\\/wp-content\\\/uploads\\\/2020\\\/12\\\/Ekrano_kopija__2_-removebg-preview-1-1.png\",\"contentUrl\":\"https:\\\/\\\/1dronas.lt\\\/wp-content\\\/uploads\\\/2020\\\/12\\\/Ekrano_kopija__2_-removebg-preview-1-1.png\",\"width\":234,\"height\":81,\"caption\":\"1dronas.lt\"},\"image\":{\"@id\":\"https:\\\/\\\/1dronas.lt\\\/en\\\/#\\\/schema\\\/logo\\\/image\\\/\"},\"sameAs\":[\"https:\\\/\\\/www.facebook.com\\\/1dronas\\\/\"]}]}<\/script>\n<!-- \/ Yoast SEO plugin. -->","yoast_head_json":{"title":"Emax Tinyhawk II - 1dronas.lt","robots":{"index":"index","follow":"follow","max-snippet":"max-snippet:-1","max-image-preview":"max-image-preview:large","max-video-preview":"max-video-preview:-1"},"canonical":"https:\/\/1dronas.lt\/en\/produktas\/emax-tinyhawk-ii\/","og_locale":"en_US","og_type":"article","og_title":"Emax Tinyhawk II - 1dronas.lt","og_description":"Su 7% padidinta varikli\u0173 galia, galima pasiekti didesn\u012f sraigto s\u016bki\u0173 skai\u010di\u0173, kuris leid\u017eia padidinti greit\u012f, suteikdamas pilotams prana\u0161um\u0105 prie\u0161 konkurentus.  \u00a0 \u00a01 \u2013 4 d. d.","og_url":"https:\/\/1dronas.lt\/en\/produktas\/emax-tinyhawk-ii\/","og_site_name":"1dronas.lt","article_publisher":"https:\/\/www.facebook.com\/1dronas\/","article_modified_time":"2025-02-03T19:56:54+00:00","og_image":[{"width":1000,"height":1000,"url":"https:\/\/1dronas.lt\/wp-content\/uploads\/2021\/06\/img_2112.jpg","type":"image\/jpeg"}],"twitter_card":"summary_large_image","twitter_misc":{"Est. reading time":"2 minutes"},"schema":{"@context":"https:\/\/schema.org","@graph":[{"@type":"WebPage","@id":"https:\/\/1dronas.lt\/en\/produktas\/emax-tinyhawk-ii\/","url":"https:\/\/1dronas.lt\/en\/produktas\/emax-tinyhawk-ii\/","name":"Emax Tinyhawk II - 1dronas.lt","isPartOf":{"@id":"https:\/\/1dronas.lt\/en\/#website"},"primaryImageOfPage":{"@id":"https:\/\/1dronas.lt\/en\/produktas\/emax-tinyhawk-ii\/#primaryimage"},"image":{"@id":"https:\/\/1dronas.lt\/en\/produktas\/emax-tinyhawk-ii\/#primaryimage"},"thumbnailUrl":"https:\/\/1dronas.lt\/wp-content\/uploads\/2021\/06\/img_2112.jpg","datePublished":"2021-06-30T17:20:26+00:00","dateModified":"2025-02-03T19:56:54+00:00","breadcrumb":{"@id":"https:\/\/1dronas.lt\/en\/produktas\/emax-tinyhawk-ii\/#breadcrumb"},"inLanguage":"en-US","potentialAction":[{"@type":"ReadAction","target":["https:\/\/1dronas.lt\/en\/produktas\/emax-tinyhawk-ii\/"]}]},{"@type":"ImageObject","inLanguage":"en-US","@id":"https:\/\/1dronas.lt\/en\/produktas\/emax-tinyhawk-ii\/#primaryimage","url":"https:\/\/1dronas.lt\/wp-content\/uploads\/2021\/06\/img_2112.jpg","contentUrl":"https:\/\/1dronas.lt\/wp-content\/uploads\/2021\/06\/img_2112.jpg","width":1000,"height":1000},{"@type":"BreadcrumbList","@id":"https:\/\/1dronas.lt\/en\/produktas\/emax-tinyhawk-ii\/#breadcrumb","itemListElement":[{"@type":"ListItem","position":1,"name":"Home","item":"https:\/\/1dronas.lt\/"},{"@type":"ListItem","position":2,"name":"Parduotuv\u0117","item":"https:\/\/1dronas.lt\/parduotuve\/"},{"@type":"ListItem","position":3,"name":"Emax Tinyhawk II"}]},{"@type":"WebSite","@id":"https:\/\/1dronas.lt\/en\/#website","url":"https:\/\/1dronas.lt\/en\/","name":"1dronas.lt","description":"Online store","publisher":{"@id":"https:\/\/1dronas.lt\/en\/#organization"},"potentialAction":[{"@type":"SearchAction","target":{"@type":"EntryPoint","urlTemplate":"https:\/\/1dronas.lt\/en\/?s={search_term_string}"},"query-input":{"@type":"PropertyValueSpecification","valueRequired":true,"valueName":"search_term_string"}}],"inLanguage":"en-US"},{"@type":"Organization","@id":"https:\/\/1dronas.lt\/en\/#organization","name":"1dronas.lt","url":"https:\/\/1dronas.lt\/en\/","logo":{"@type":"ImageObject","inLanguage":"en-US","@id":"https:\/\/1dronas.lt\/en\/#\/schema\/logo\/image\/","url":"https:\/\/1dronas.lt\/wp-content\/uploads\/2020\/12\/Ekrano_kopija__2_-removebg-preview-1-1.png","contentUrl":"https:\/\/1dronas.lt\/wp-content\/uploads\/2020\/12\/Ekrano_kopija__2_-removebg-preview-1-1.png","width":234,"height":81,"caption":"1dronas.lt"},"image":{"@id":"https:\/\/1dronas.lt\/en\/#\/schema\/logo\/image\/"},"sameAs":["https:\/\/www.facebook.com\/1dronas\/"]}]}},"jetpack_sharing_enabled":true,"_links":{"self":[{"href":"https:\/\/1dronas.lt\/en\/wp-json\/wp\/v2\/product\/2075","targetHints":{"allow":["GET"]}}],"collection":[{"href":"https:\/\/1dronas.lt\/en\/wp-json\/wp\/v2\/product"}],"about":[{"href":"https:\/\/1dronas.lt\/en\/wp-json\/wp\/v2\/types\/product"}],"replies":[{"embeddable":true,"href":"https:\/\/1dronas.lt\/en\/wp-json\/wp\/v2\/comments?post=2075"}],"wp:featuredmedia":[{"embeddable":true,"href":"https:\/\/1dronas.lt\/en\/wp-json\/wp\/v2\/media\/2082"}],"wp:attachment":[{"href":"https:\/\/1dronas.lt\/en\/wp-json\/wp\/v2\/media?parent=2075"}],"wp:term":[{"taxonomy":"product_brand","embeddable":true,"href":"https:\/\/1dronas.lt\/en\/wp-json\/wp\/v2\/product_brand?post=2075"},{"taxonomy":"product_cat","embeddable":true,"href":"https:\/\/1dronas.lt\/en\/wp-json\/wp\/v2\/product_cat?post=2075"},{"taxonomy":"product_tag","embeddable":true,"href":"https:\/\/1dronas.lt\/en\/wp-json\/wp\/v2\/product_tag?post=2075"}],"curies":[{"name":"wp","href":"https:\/\/api.w.org\/{rel}","templated":true}]}}