{"id":2048,"date":"2021-06-29T17:08:49","date_gmt":"2021-06-29T17:08:49","guid":{"rendered":"https:\/\/1dronas.lt\/?post_type=product&#038;p=2048"},"modified":"2025-02-03T19:59:33","modified_gmt":"2025-02-03T19:59:33","slug":"emax-tinyhawk-ii-freestyle","status":"publish","type":"product","link":"https:\/\/1dronas.lt\/en\/produktas\/emax-tinyhawk-ii-freestyle\/","title":{"rendered":"Emax Tinyhawk II freestyle"},"content":{"rendered":"<p><strong>\u00a0<\/strong><\/p>\n<p><strong>Specification:<\/strong><\/p>\n<p style=\"text-align: left;\"><strong>\u2022 <\/strong>Engines:<br \/>\nManufacturer: Emax;<br \/>\nModel: TH1103 7000KV brushless motors;<br \/>\nInput voltage: 1S;<br \/>\nKV: 7000KV.<\/p>\n\t<div id=\"accordion-2786867586\" class=\"accordion-item\">\n\t\t<a id=\"accordion-2786867586-label\" class=\"accordion-title plain\" href=\"#accordion-item-i\u0161matavimai\" aria-expanded=\"false\" aria-controls=\"accordion-2786867586-content\">\n\t\t\t<button class=\"toggle\" aria-label=\"Toggle\"><i class=\"icon-angle-down\" aria-hidden=\"true\"><\/i><\/button>\n\t\t\t<span>Measurements<\/span>\n\t\t<\/a>\n\t\t<div id=\"accordion-2786867586-content\" class=\"accordion-inner\" aria-labelledby=\"accordion-2786867586-label\">\n\t\t\t\n<img loading=\"lazy\" decoding=\"async\" class=\"alignnone wp-image-2049 size-full\" src=\"https:\/\/1dronas.lt\/wp-content\/uploads\/2021\/06\/Moti1m.jpg\" alt=\"\" width=\"1000\" height=\"400\" srcset=\"https:\/\/1dronas.lt\/wp-content\/uploads\/2021\/06\/Moti1m.jpg 1000w, https:\/\/1dronas.lt\/wp-content\/uploads\/2021\/06\/Moti1m-300x120.jpg 300w, https:\/\/1dronas.lt\/wp-content\/uploads\/2021\/06\/Moti1m-768x307.jpg 768w, https:\/\/1dronas.lt\/wp-content\/uploads\/2021\/06\/Moti1m-18x7.jpg 18w, https:\/\/1dronas.lt\/wp-content\/uploads\/2021\/06\/Moti1m-510x204.jpg 510w\" sizes=\"auto, (max-width: 1000px) 100vw, 1000px\" \/><br \/>\n\t\t<\/div>\n\t<\/div>\n\t\n<p><strong>\u2022<\/strong> RX:<br \/>\nModel: EMAX SPI Receiver (Compatible with FrSky D8 Mode).<\/p>\n<p style=\"text-align: left;\"><strong style=\"font-weight: 400;\"><b>\u2022 <\/b><\/strong>ESC\/VTX\/FC (all in one):<br \/>\nManufacturer: Emax;<br \/>\nInput: 1-2s Lipo;<br \/>\nFC: MATEKF411RX;<br \/>\nESC: 4-in-1 5A Blheli_S;<br \/>\nVTX: 0-25-100-200mW Adjustable Frequency 37CH. Support SmartAudio.<\/p>\n\t<div id=\"accordion-601413655\" class=\"accordion-item\">\n\t\t<a id=\"accordion-601413655-label\" class=\"accordion-title plain\" href=\"#accordion-item-schema\" aria-expanded=\"false\" aria-controls=\"accordion-601413655-content\">\n\t\t\t<button class=\"toggle\" aria-label=\"Toggle\"><i class=\"icon-angle-down\" aria-hidden=\"true\"><\/i><\/button>\n\t\t\t<span>Scheme<\/span>\n\t\t<\/a>\n\t\t<div id=\"accordion-601413655-content\" class=\"accordion-inner\" aria-labelledby=\"accordion-601413655-label\">\n\t\t\t\n<img loading=\"lazy\" decoding=\"async\" class=\"alignnone wp-image-2050 size-full\" src=\"https:\/\/1dronas.lt\/wp-content\/uploads\/2021\/06\/scheme.png\" alt=\"\" width=\"881\" height=\"382\" srcset=\"https:\/\/1dronas.lt\/wp-content\/uploads\/2021\/06\/scheme.png 881w, https:\/\/1dronas.lt\/wp-content\/uploads\/2021\/06\/scheme-300x130.png 300w, https:\/\/1dronas.lt\/wp-content\/uploads\/2021\/06\/scheme-768x333.png 768w, https:\/\/1dronas.lt\/wp-content\/uploads\/2021\/06\/scheme-18x8.png 18w, https:\/\/1dronas.lt\/wp-content\/uploads\/2021\/06\/scheme-510x221.png 510w\" sizes=\"auto, (max-width: 881px) 100vw, 881px\" \/><br \/>\n\t\t<\/div>\n\t<\/div>\n\t\n<p><strong style=\"font-weight: 400;\"><b>\u2022 <\/b><\/strong>Camera:<br \/>\nRunCam Nano 2 Camera.<\/p>\n<p><strong style=\"font-weight: 400;\"><b>\u2022 <\/b><\/strong>Propellers:<br \/>\nModel: AVAN Rush 2.5 Inch;<br \/>\nMaterial: PC;<br \/>\nBlades: 3.<\/p>\n<p><strong>Package:<\/strong><\/p>\n<p>1x drone;<br \/>\n2x Emax 1s 450mAh HV Lipo;<br \/>\n1x set of AVAN Rush propellers;<br \/>\n1x set of screws;<br \/>\n1x USB dongle-shaped 4-port charger.<\/p>\n<p><strong>We recommend:<\/strong><\/p>\n<div class=\"woocommerce columns-4\"><div class=\"products row row-small large-columns-4 medium-columns-3 small-columns-2 has-shadow row-box-shadow-3 row-box-shadow-4-hover has-equal-box-heights equalize-box\">\n<div class=\"product-small col has-hover product type-product post-2030 status-publish first instock product_cat-1s-lipo-akumuliatoriai product_tag-1s product_tag-baterijos product_tag-emax product_tag-ph2-0 has-post-thumbnail taxable shipping-taxable purchasable product-type-simple\">\n\t<div class=\"col-inner\">\n\t\n<div class=\"badge-container absolute left top z-1\">\n\n<\/div>\n\t<div class=\"product-small box\">\n\t\t<div class=\"box-image\">\n\t\t\t<div class=\"image-zoom\">\n\t\t\t\t<a href=\"https:\/\/1dronas.lt\/en\/produktas\/baterija-emax-1s-80c-160c-hv-450mah\/\">\n\t\t\t\t\t<img loading=\"lazy\" decoding=\"async\" width=\"247\" height=\"247\" src=\"https:\/\/1dronas.lt\/wp-content\/uploads\/2021\/06\/img_2478-247x247.jpg\" class=\"attachment-woocommerce_thumbnail size-woocommerce_thumbnail\" alt=\"Akumuliatorius EMAX 1S 80C-160C HV 450mah (1vnt)\" srcset=\"https:\/\/1dronas.lt\/wp-content\/uploads\/2021\/06\/img_2478-247x247.jpg 247w, https:\/\/1dronas.lt\/wp-content\/uploads\/2021\/06\/img_2478-300x300.jpg 300w, https:\/\/1dronas.lt\/wp-content\/uploads\/2021\/06\/img_2478-150x150.jpg 150w, https:\/\/1dronas.lt\/wp-content\/uploads\/2021\/06\/img_2478-768x768.jpg 768w, https:\/\/1dronas.lt\/wp-content\/uploads\/2021\/06\/img_2478-12x12.jpg 12w, https:\/\/1dronas.lt\/wp-content\/uploads\/2021\/06\/img_2478-510x510.jpg 510w, https:\/\/1dronas.lt\/wp-content\/uploads\/2021\/06\/img_2478-100x100.jpg 100w, https:\/\/1dronas.lt\/wp-content\/uploads\/2021\/06\/img_2478.jpg 1000w\" sizes=\"auto, (max-width: 247px) 100vw, 247px\" \/>\t\t\t\t<\/a>\n\t\t\t<\/div>\n\t\t\t<div class=\"image-tools is-small top right show-on-hover\">\n\t\t\t\t\t\t\t<\/div>\n\t\t\t<div class=\"image-tools is-small hide-for-small bottom left show-on-hover\">\n\t\t\t\t\t\t\t<\/div>\n\t\t\t<div class=\"image-tools grid-tools text-center hide-for-small bottom hover-slide-in show-on-hover\">\n\t\t\t\t<a href=\"#quick-view\" class=\"quick-view\" role=\"button\" data-prod=\"2030\" aria-haspopup=\"dialog\" aria-expanded=\"false\" data-flatsome-role-button>Quick View<\/a>\t\t\t<\/div>\n\t\t\t\t\t<\/div>\n\n\t\t<div class=\"box-text box-text-products text-center grid-style-2\">\n\t\t\t<div class=\"title-wrapper\">\t\t<p class=\"category uppercase is-smaller no-text-overflow product-cat op-8\">\n\t\t\t1S LiPo batteries\t\t<\/p>\n\t<p class=\"name product-title woocommerce-loop-product__title\"><a href=\"https:\/\/1dronas.lt\/en\/produktas\/baterija-emax-1s-80c-160c-hv-450mah\/\" class=\"woocommerce-LoopProduct-link woocommerce-loop-product__link\">Battery EMAX 1S 80C-160C HV 450mah (1pc)<\/a><\/p><\/div><div class=\"price-wrapper\">\n\t<span class=\"price\"><span class=\"woocommerce-Price-amount amount\"><bdi><span class=\"woocommerce-Price-currencySymbol\">\u20ac<\/span>7,99<\/bdi><\/span><\/span>\n<\/div><div class=\"add-to-cart-button\"><a href=\"\/en\/wp-json\/wp\/v2\/product\/2048?add-to-cart=2030\" aria-describedby=\"woocommerce_loop_add_to_cart_link_describedby_2030\" data-quantity=\"1\" class=\"primary is-small mb-0 button product_type_simple add_to_cart_button ajax_add_to_cart is-flat\" data-product_id=\"2030\" data-product_sku=\"0112012005\" aria-label=\"Add to cart: \u201cAkumuliatorius EMAX 1S 80C-160C HV 450mah (1vnt)\u201d\" rel=\"nofollow\" data-success_message=\"\u201cAkumuliatorius EMAX 1S 80C-160C HV 450mah (1vnt)\u201d has been added to your cart\" role=\"button\" data-no-translation=\"\" data-trp-gettext=\"\" data-no-translation-aria-label=\"\" data-no-translation-data-success_message=\"\">Add to cart<\/a><\/div>\t<span id=\"woocommerce_loop_add_to_cart_link_describedby_2030\" class=\"screen-reader-text\">\n\t\t\t<\/span>\n\t\t<\/div>\n\t<\/div>\n\t\t<\/div>\n<\/div><\/div><!-- row -->\n<\/div>\n<p><strong><span style=\"color: #ed1c24;\">Important:<br \/>\n<em>* Do not overcharge or leave batteries discharged for long periods of time;<\/em><br \/>\n<em> * Do not store batteries near high temperatures;<\/em><br \/>\n<em>* Do not throw batteries into fire;<br \/>\n* Do not throw batteries into water.<\/em><\/span><\/strong><\/p>\n<p><span style=\"color: #ed1c24;\">\u00a0<\/span><\/p>","protected":false},"excerpt":{"rendered":"<p><span style=\"color: #333333;\">Optimized Power System: The Tinyhawk2 Freestyle features a power system focused on control and flight time. It uses 1103 7000KV motors to achieve the optimal RPM needed to maximize flight time and efficiency.<\/span><\/p>\n<p><span style=\"color: #333333;\"><strong><img loading=\"lazy\" decoding=\"async\" class=\"alignnone wp-image-1806\" src=\"https:\/\/1dronas.lt\/wp-content\/uploads\/2021\/05\/delivery-icon.png\" alt=\"\" width=\"24\" height=\"24\" srcset=\"https:\/\/1dronas.lt\/wp-content\/uploads\/2021\/05\/delivery-icon.png 35w, https:\/\/1dronas.lt\/wp-content\/uploads\/2021\/05\/delivery-icon-12x12.png 12w\" sizes=\"auto, (max-width: 24px) 100vw, 24px\" \/> \u00a0<span style=\"font-size: 90%;\">1 \u2013 4 days<\/span><\/strong><\/span><\/p>","protected":false},"featured_media":1987,"comment_status":"open","ping_status":"closed","template":"","meta":[],"product_brand":[498],"product_cat":[105,106,104],"product_tag":[18,34,92,127],"class_list":{"0":"post-2048","1":"product","2":"type-product","3":"status-publish","4":"has-post-thumbnail","6":"product_brand-emax","7":"product_cat-fpv-bnf-dronai","8":"product_cat-freestyle","9":"product_cat-orlaiviai","10":"product_tag-dronai","11":"product_tag-emax","12":"product_tag-freestyle","13":"product_tag-orlaiviai","15":"first","16":"outofstock","17":"sale","18":"purchasable","19":"product-type-simple"},"yoast_head":"<!-- This site is optimized with the Yoast SEO plugin v27.3 - https:\/\/yoast.com\/product\/yoast-seo-wordpress\/ -->\n<title>Emax Tinyhawk II freestyle - 1dronas.lt<\/title>\n<meta name=\"robots\" content=\"index, follow, max-snippet:-1, max-image-preview:large, max-video-preview:-1\" \/>\n<link rel=\"canonical\" href=\"https:\/\/1dronas.lt\/en\/produktas\/emax-tinyhawk-ii-freestyle\/\" \/>\n<meta property=\"og:locale\" content=\"en_US\" \/>\n<meta property=\"og:type\" content=\"article\" \/>\n<meta property=\"og:title\" content=\"Emax Tinyhawk II freestyle - 1dronas.lt\" \/>\n<meta property=\"og:description\" content=\"Optimizuota maitinimo sistema: \u201eTinyhawk2 Freestyle\u201c, turi energijos sistem\u0105, orientuot\u0105 \u012f valdym\u0105 ir skryd\u017eio laik\u0105. Naudoja 1103 7000KV variklius, kad pasiekt\u0173 optimal\u0173 apsisukim\u0173 skai\u010di\u0173, reikaling\u0105 maksimaliai padidinti skraidymo laik\u0105 ir efektyvum\u0105.   \u00a01 \u2013 4 d. d.\" \/>\n<meta property=\"og:url\" content=\"https:\/\/1dronas.lt\/en\/produktas\/emax-tinyhawk-ii-freestyle\/\" \/>\n<meta property=\"og:site_name\" content=\"1dronas.lt\" \/>\n<meta property=\"article:publisher\" content=\"https:\/\/www.facebook.com\/1dronas\/\" \/>\n<meta property=\"article:modified_time\" content=\"2025-02-03T19:59:33+00:00\" \/>\n<meta property=\"og:image\" content=\"https:\/\/1dronas.lt\/wp-content\/uploads\/2021\/06\/tinyhawk_ii_freestyle_rtf_004.jpg\" \/>\n\t<meta property=\"og:image:width\" content=\"1200\" \/>\n\t<meta property=\"og:image:height\" content=\"1200\" \/>\n\t<meta property=\"og:image:type\" content=\"image\/jpeg\" \/>\n<meta name=\"twitter:card\" content=\"summary_large_image\" \/>\n<meta name=\"twitter:label1\" content=\"Est. reading time\" \/>\n\t<meta name=\"twitter:data1\" content=\"2 minutes\" \/>\n<script type=\"application\/ld+json\" class=\"yoast-schema-graph\">{\"@context\":\"https:\\\/\\\/schema.org\",\"@graph\":[{\"@type\":\"WebPage\",\"@id\":\"https:\\\/\\\/1dronas.lt\\\/en\\\/produktas\\\/emax-tinyhawk-ii-freestyle\\\/\",\"url\":\"https:\\\/\\\/1dronas.lt\\\/en\\\/produktas\\\/emax-tinyhawk-ii-freestyle\\\/\",\"name\":\"Emax Tinyhawk II freestyle - 1dronas.lt\",\"isPartOf\":{\"@id\":\"https:\\\/\\\/1dronas.lt\\\/en\\\/#website\"},\"primaryImageOfPage\":{\"@id\":\"https:\\\/\\\/1dronas.lt\\\/en\\\/produktas\\\/emax-tinyhawk-ii-freestyle\\\/#primaryimage\"},\"image\":{\"@id\":\"https:\\\/\\\/1dronas.lt\\\/en\\\/produktas\\\/emax-tinyhawk-ii-freestyle\\\/#primaryimage\"},\"thumbnailUrl\":\"https:\\\/\\\/1dronas.lt\\\/wp-content\\\/uploads\\\/2021\\\/06\\\/tinyhawk_ii_freestyle_rtf_004.jpg\",\"datePublished\":\"2021-06-29T17:08:49+00:00\",\"dateModified\":\"2025-02-03T19:59:33+00:00\",\"breadcrumb\":{\"@id\":\"https:\\\/\\\/1dronas.lt\\\/en\\\/produktas\\\/emax-tinyhawk-ii-freestyle\\\/#breadcrumb\"},\"inLanguage\":\"en-US\",\"potentialAction\":[{\"@type\":\"ReadAction\",\"target\":[\"https:\\\/\\\/1dronas.lt\\\/en\\\/produktas\\\/emax-tinyhawk-ii-freestyle\\\/\"]}]},{\"@type\":\"ImageObject\",\"inLanguage\":\"en-US\",\"@id\":\"https:\\\/\\\/1dronas.lt\\\/en\\\/produktas\\\/emax-tinyhawk-ii-freestyle\\\/#primaryimage\",\"url\":\"https:\\\/\\\/1dronas.lt\\\/wp-content\\\/uploads\\\/2021\\\/06\\\/tinyhawk_ii_freestyle_rtf_004.jpg\",\"contentUrl\":\"https:\\\/\\\/1dronas.lt\\\/wp-content\\\/uploads\\\/2021\\\/06\\\/tinyhawk_ii_freestyle_rtf_004.jpg\",\"width\":1200,\"height\":1200},{\"@type\":\"BreadcrumbList\",\"@id\":\"https:\\\/\\\/1dronas.lt\\\/en\\\/produktas\\\/emax-tinyhawk-ii-freestyle\\\/#breadcrumb\",\"itemListElement\":[{\"@type\":\"ListItem\",\"position\":1,\"name\":\"Home\",\"item\":\"https:\\\/\\\/1dronas.lt\\\/\"},{\"@type\":\"ListItem\",\"position\":2,\"name\":\"Parduotuv\u0117\",\"item\":\"https:\\\/\\\/1dronas.lt\\\/parduotuve\\\/\"},{\"@type\":\"ListItem\",\"position\":3,\"name\":\"Emax Tinyhawk II freestyle\"}]},{\"@type\":\"WebSite\",\"@id\":\"https:\\\/\\\/1dronas.lt\\\/en\\\/#website\",\"url\":\"https:\\\/\\\/1dronas.lt\\\/en\\\/\",\"name\":\"1dronas.lt\",\"description\":\"Internetin\u0117 parduotuv\u0117\",\"publisher\":{\"@id\":\"https:\\\/\\\/1dronas.lt\\\/en\\\/#organization\"},\"potentialAction\":[{\"@type\":\"SearchAction\",\"target\":{\"@type\":\"EntryPoint\",\"urlTemplate\":\"https:\\\/\\\/1dronas.lt\\\/en\\\/?s={search_term_string}\"},\"query-input\":{\"@type\":\"PropertyValueSpecification\",\"valueRequired\":true,\"valueName\":\"search_term_string\"}}],\"inLanguage\":\"en-US\"},{\"@type\":\"Organization\",\"@id\":\"https:\\\/\\\/1dronas.lt\\\/en\\\/#organization\",\"name\":\"1dronas.lt\",\"url\":\"https:\\\/\\\/1dronas.lt\\\/en\\\/\",\"logo\":{\"@type\":\"ImageObject\",\"inLanguage\":\"en-US\",\"@id\":\"https:\\\/\\\/1dronas.lt\\\/en\\\/#\\\/schema\\\/logo\\\/image\\\/\",\"url\":\"https:\\\/\\\/1dronas.lt\\\/wp-content\\\/uploads\\\/2020\\\/12\\\/Ekrano_kopija__2_-removebg-preview-1-1.png\",\"contentUrl\":\"https:\\\/\\\/1dronas.lt\\\/wp-content\\\/uploads\\\/2020\\\/12\\\/Ekrano_kopija__2_-removebg-preview-1-1.png\",\"width\":234,\"height\":81,\"caption\":\"1dronas.lt\"},\"image\":{\"@id\":\"https:\\\/\\\/1dronas.lt\\\/en\\\/#\\\/schema\\\/logo\\\/image\\\/\"},\"sameAs\":[\"https:\\\/\\\/www.facebook.com\\\/1dronas\\\/\"]}]}<\/script>\n<!-- \/ Yoast SEO plugin. -->","yoast_head_json":{"title":"Emax Tinyhawk II freestyle - 1dronas.lt","robots":{"index":"index","follow":"follow","max-snippet":"max-snippet:-1","max-image-preview":"max-image-preview:large","max-video-preview":"max-video-preview:-1"},"canonical":"https:\/\/1dronas.lt\/en\/produktas\/emax-tinyhawk-ii-freestyle\/","og_locale":"en_US","og_type":"article","og_title":"Emax Tinyhawk II freestyle - 1dronas.lt","og_description":"Optimizuota maitinimo sistema: \u201eTinyhawk2 Freestyle\u201c, turi energijos sistem\u0105, orientuot\u0105 \u012f valdym\u0105 ir skryd\u017eio laik\u0105. Naudoja 1103 7000KV variklius, kad pasiekt\u0173 optimal\u0173 apsisukim\u0173 skai\u010di\u0173, reikaling\u0105 maksimaliai padidinti skraidymo laik\u0105 ir efektyvum\u0105.   \u00a01 \u2013 4 d. d.","og_url":"https:\/\/1dronas.lt\/en\/produktas\/emax-tinyhawk-ii-freestyle\/","og_site_name":"1dronas.lt","article_publisher":"https:\/\/www.facebook.com\/1dronas\/","article_modified_time":"2025-02-03T19:59:33+00:00","og_image":[{"width":1200,"height":1200,"url":"https:\/\/1dronas.lt\/wp-content\/uploads\/2021\/06\/tinyhawk_ii_freestyle_rtf_004.jpg","type":"image\/jpeg"}],"twitter_card":"summary_large_image","twitter_misc":{"Est. reading time":"2 minutes"},"schema":{"@context":"https:\/\/schema.org","@graph":[{"@type":"WebPage","@id":"https:\/\/1dronas.lt\/en\/produktas\/emax-tinyhawk-ii-freestyle\/","url":"https:\/\/1dronas.lt\/en\/produktas\/emax-tinyhawk-ii-freestyle\/","name":"Emax Tinyhawk II freestyle - 1dronas.lt","isPartOf":{"@id":"https:\/\/1dronas.lt\/en\/#website"},"primaryImageOfPage":{"@id":"https:\/\/1dronas.lt\/en\/produktas\/emax-tinyhawk-ii-freestyle\/#primaryimage"},"image":{"@id":"https:\/\/1dronas.lt\/en\/produktas\/emax-tinyhawk-ii-freestyle\/#primaryimage"},"thumbnailUrl":"https:\/\/1dronas.lt\/wp-content\/uploads\/2021\/06\/tinyhawk_ii_freestyle_rtf_004.jpg","datePublished":"2021-06-29T17:08:49+00:00","dateModified":"2025-02-03T19:59:33+00:00","breadcrumb":{"@id":"https:\/\/1dronas.lt\/en\/produktas\/emax-tinyhawk-ii-freestyle\/#breadcrumb"},"inLanguage":"en-US","potentialAction":[{"@type":"ReadAction","target":["https:\/\/1dronas.lt\/en\/produktas\/emax-tinyhawk-ii-freestyle\/"]}]},{"@type":"ImageObject","inLanguage":"en-US","@id":"https:\/\/1dronas.lt\/en\/produktas\/emax-tinyhawk-ii-freestyle\/#primaryimage","url":"https:\/\/1dronas.lt\/wp-content\/uploads\/2021\/06\/tinyhawk_ii_freestyle_rtf_004.jpg","contentUrl":"https:\/\/1dronas.lt\/wp-content\/uploads\/2021\/06\/tinyhawk_ii_freestyle_rtf_004.jpg","width":1200,"height":1200},{"@type":"BreadcrumbList","@id":"https:\/\/1dronas.lt\/en\/produktas\/emax-tinyhawk-ii-freestyle\/#breadcrumb","itemListElement":[{"@type":"ListItem","position":1,"name":"Home","item":"https:\/\/1dronas.lt\/"},{"@type":"ListItem","position":2,"name":"Parduotuv\u0117","item":"https:\/\/1dronas.lt\/parduotuve\/"},{"@type":"ListItem","position":3,"name":"Emax Tinyhawk II freestyle"}]},{"@type":"WebSite","@id":"https:\/\/1dronas.lt\/en\/#website","url":"https:\/\/1dronas.lt\/en\/","name":"1dronas.lt","description":"Online store","publisher":{"@id":"https:\/\/1dronas.lt\/en\/#organization"},"potentialAction":[{"@type":"SearchAction","target":{"@type":"EntryPoint","urlTemplate":"https:\/\/1dronas.lt\/en\/?s={search_term_string}"},"query-input":{"@type":"PropertyValueSpecification","valueRequired":true,"valueName":"search_term_string"}}],"inLanguage":"en-US"},{"@type":"Organization","@id":"https:\/\/1dronas.lt\/en\/#organization","name":"1dronas.lt","url":"https:\/\/1dronas.lt\/en\/","logo":{"@type":"ImageObject","inLanguage":"en-US","@id":"https:\/\/1dronas.lt\/en\/#\/schema\/logo\/image\/","url":"https:\/\/1dronas.lt\/wp-content\/uploads\/2020\/12\/Ekrano_kopija__2_-removebg-preview-1-1.png","contentUrl":"https:\/\/1dronas.lt\/wp-content\/uploads\/2020\/12\/Ekrano_kopija__2_-removebg-preview-1-1.png","width":234,"height":81,"caption":"1dronas.lt"},"image":{"@id":"https:\/\/1dronas.lt\/en\/#\/schema\/logo\/image\/"},"sameAs":["https:\/\/www.facebook.com\/1dronas\/"]}]}},"jetpack_sharing_enabled":true,"_links":{"self":[{"href":"https:\/\/1dronas.lt\/en\/wp-json\/wp\/v2\/product\/2048","targetHints":{"allow":["GET"]}}],"collection":[{"href":"https:\/\/1dronas.lt\/en\/wp-json\/wp\/v2\/product"}],"about":[{"href":"https:\/\/1dronas.lt\/en\/wp-json\/wp\/v2\/types\/product"}],"replies":[{"embeddable":true,"href":"https:\/\/1dronas.lt\/en\/wp-json\/wp\/v2\/comments?post=2048"}],"wp:featuredmedia":[{"embeddable":true,"href":"https:\/\/1dronas.lt\/en\/wp-json\/wp\/v2\/media\/1987"}],"wp:attachment":[{"href":"https:\/\/1dronas.lt\/en\/wp-json\/wp\/v2\/media?parent=2048"}],"wp:term":[{"taxonomy":"product_brand","embeddable":true,"href":"https:\/\/1dronas.lt\/en\/wp-json\/wp\/v2\/product_brand?post=2048"},{"taxonomy":"product_cat","embeddable":true,"href":"https:\/\/1dronas.lt\/en\/wp-json\/wp\/v2\/product_cat?post=2048"},{"taxonomy":"product_tag","embeddable":true,"href":"https:\/\/1dronas.lt\/en\/wp-json\/wp\/v2\/product_tag?post=2048"}],"curies":[{"name":"wp","href":"https:\/\/api.w.org\/{rel}","templated":true}]}}