{"id":2020,"date":"2021-06-28T12:12:21","date_gmt":"2021-06-28T12:12:21","guid":{"rendered":"https:\/\/1dronas.lt\/?post_type=product&#038;p=2020"},"modified":"2026-04-07T08:28:05","modified_gmt":"2026-04-07T05:28:05","slug":"emax-eco-ii-series-2306-1700kv","status":"publish","type":"product","link":"https:\/\/1dronas.lt\/en\/produktas\/emax-eco-ii-series-2306-1700kv\/","title":{"rendered":"Emax ECO II Series 2306 2400KV"},"content":{"rendered":"<p><iframe loading=\"lazy\" title=\"EMAX - Power &amp; Affordability Reimagined\" width=\"1020\" height=\"574\" src=\"https:\/\/www.youtube.com\/embed\/F2zR16Oe-rA?feature=oembed\" frameborder=\"0\" allow=\"accelerometer; autoplay; clipboard-write; encrypted-media; gyroscope; picture-in-picture; web-share\" referrerpolicy=\"strict-origin-when-cross-origin\" allowfullscreen><\/iframe><\/p>\n<p><!--more--><\/p>\n<p><strong>Features:<\/strong><\/p>\n<p>\u2022 Manufacturer: Emax;<br \/>\n\u2022 Model: ECO II Series 2306<br \/>\n\u2022 KV: 1700KV;<br \/>\n\u2022 Weight: 30.4g.<\/p>\n<div class=\"accordion\">\n\t<div id=\"accordion-2856955538\" class=\"accordion-item\">\n\t\t<a id=\"accordion-2856955538-label\" class=\"accordion-title plain\" href=\"#accordion-item-strongspecifikacija\/strong\" aria-expanded=\"false\" aria-controls=\"accordion-2856955538-content\">\n\t\t\t<button class=\"toggle\" aria-label=\"Toggle\"><i class=\"icon-angle-down\" aria-hidden=\"true\"><\/i><\/button>\n\t\t\t<span><strong>Specification<\/strong><\/span>\n\t\t<\/a>\n\t\t<div id=\"accordion-2856955538-content\" class=\"accordion-inner\" aria-labelledby=\"accordion-2856955538-label\">\n\t\t\t\n<img loading=\"lazy\" decoding=\"async\" class=\"alignnone size-full wp-image-2022\" src=\"https:\/\/1dronas.lt\/wp-content\/uploads\/2021\/06\/2306-2020-10-29-2.jpg\" alt=\"\" width=\"1080\" height=\"1417\" srcset=\"https:\/\/1dronas.lt\/wp-content\/uploads\/2021\/06\/2306-2020-10-29-2.jpg 1080w, https:\/\/1dronas.lt\/wp-content\/uploads\/2021\/06\/2306-2020-10-29-2-229x300.jpg 229w, https:\/\/1dronas.lt\/wp-content\/uploads\/2021\/06\/2306-2020-10-29-2-780x1024.jpg 780w, https:\/\/1dronas.lt\/wp-content\/uploads\/2021\/06\/2306-2020-10-29-2-768x1008.jpg 768w, https:\/\/1dronas.lt\/wp-content\/uploads\/2021\/06\/2306-2020-10-29-2-9x12.jpg 9w, https:\/\/1dronas.lt\/wp-content\/uploads\/2021\/06\/2306-2020-10-29-2-510x669.jpg 510w\" sizes=\"auto, (max-width: 1080px) 100vw, 1080px\" \/> <img loading=\"lazy\" decoding=\"async\" class=\"alignnone size-full wp-image-2023\" src=\"https:\/\/1dronas.lt\/wp-content\/uploads\/2021\/06\/4-ECOII2306-1700KV_25.2V_V1.0_-01.jpg\" alt=\"\" width=\"1080\" height=\"2026\" srcset=\"https:\/\/1dronas.lt\/wp-content\/uploads\/2021\/06\/4-ECOII2306-1700KV_25.2V_V1.0_-01.jpg 1080w, https:\/\/1dronas.lt\/wp-content\/uploads\/2021\/06\/4-ECOII2306-1700KV_25.2V_V1.0_-01-160x300.jpg 160w, https:\/\/1dronas.lt\/wp-content\/uploads\/2021\/06\/4-ECOII2306-1700KV_25.2V_V1.0_-01-546x1024.jpg 546w, https:\/\/1dronas.lt\/wp-content\/uploads\/2021\/06\/4-ECOII2306-1700KV_25.2V_V1.0_-01-768x1441.jpg 768w, https:\/\/1dronas.lt\/wp-content\/uploads\/2021\/06\/4-ECOII2306-1700KV_25.2V_V1.0_-01-819x1536.jpg 819w, https:\/\/1dronas.lt\/wp-content\/uploads\/2021\/06\/4-ECOII2306-1700KV_25.2V_V1.0_-01-6x12.jpg 6w, https:\/\/1dronas.lt\/wp-content\/uploads\/2021\/06\/4-ECOII2306-1700KV_25.2V_V1.0_-01-510x957.jpg 510w\" sizes=\"auto, (max-width: 1080px) 100vw, 1080px\" \/><br \/>\n\t\t<\/div>\n\t<\/div>\n\t\n<\/div>\n<p><strong><br \/>\nPackage:<\/strong><\/p>\n<p>1x ECO II Series 2306 motor;<br \/>\n5x M3 * 8 screws;<br \/>\n5x M3 * 7 screws;<br \/>\n5x M3 * 6 screws;<br \/>\n1x Aluminum M5 nut;<br \/>\n1x Washer and screw for the shaft.<br \/>\n<img loading=\"lazy\" decoding=\"async\" class=\"alignnone wp-image-2025 size-medium\" src=\"https:\/\/1dronas.lt\/wp-content\/uploads\/2021\/06\/IMG_2845-300x300.jpg\" alt=\"\" width=\"300\" height=\"300\" \/><\/p>","protected":false},"excerpt":{"rendered":"<p id=\"tw-target-text\" class=\"tw-data-text tw-text-large XcVN5d tw-ta\" dir=\"ltr\" data-placeholder=\"Vertimas\"><span class=\"Y2IQFc\" lang=\"lt\" style=\"color: #333333;\">EMAX engineers have put their efforts into creating the eco 2 series, a new line of brushless motors that further improves performance and durability while maintaining the same affordability.<\/span><\/p>\n<p dir=\"ltr\" data-placeholder=\"Vertimas\"><span style=\"color: #333333;\"><strong><img loading=\"lazy\" decoding=\"async\" class=\"alignnone wp-image-1806\" src=\"https:\/\/1dronas.lt\/wp-content\/uploads\/2021\/05\/delivery-icon.png\" alt=\"\" width=\"24\" height=\"24\" srcset=\"https:\/\/1dronas.lt\/wp-content\/uploads\/2021\/05\/delivery-icon.png 35w, https:\/\/1dronas.lt\/wp-content\/uploads\/2021\/05\/delivery-icon-12x12.png 12w\" sizes=\"auto, (max-width: 24px) 100vw, 24px\" \/>\u00a0 \u00a0<span style=\"font-size: 90%;\">1 \u2013 4 days<\/span><\/strong><\/span><\/p>","protected":false},"featured_media":2024,"comment_status":"open","ping_status":"closed","template":"","meta":[],"product_brand":[498],"product_cat":[150,101],"product_tag":[103,73,137,34,136],"class_list":{"0":"post-2020","1":"product","2":"type-product","3":"status-publish","4":"has-post-thumbnail","6":"product_brand-emax","7":"product_cat-elektronika","8":"product_cat-motorai","9":"product_tag-brushless","10":"product_tag-dronu-dalys","11":"product_tag-eco","12":"product_tag-emax","13":"product_tag-motorai","15":"first","16":"outofstock","17":"taxable","18":"shipping-taxable","19":"product-type-variable","20":"has-default-attributes"},"yoast_head":"<!-- This site is optimized with the Yoast SEO plugin v27.4 - https:\/\/yoast.com\/product\/yoast-seo-wordpress\/ -->\n<title>Emax ECO II Series 2306 2400KV - 1dronas.lt<\/title>\n<meta name=\"robots\" content=\"index, follow, max-snippet:-1, max-image-preview:large, max-video-preview:-1\" \/>\n<link rel=\"canonical\" href=\"https:\/\/1dronas.lt\/en\/produktas\/emax-eco-ii-series-2306-1700kv\/\" \/>\n<meta property=\"og:locale\" content=\"en_US\" \/>\n<meta property=\"og:type\" content=\"article\" \/>\n<meta property=\"og:title\" content=\"Emax ECO II Series 2306 2400KV - 1dronas.lt\" \/>\n<meta property=\"og:description\" content=\"\u201eEMAX\u201c in\u017einieriai savo pastangomis suk\u016br\u0117 \u201eeco 2\u201c serij\u0105 \u2013 nauj\u0105 varikli\u0173 be \u0161epet\u0117li\u0173 linij\u0105, kuri dar labiau pagerina na\u0161um\u0105 ir ilgaam\u017ei\u0161kum\u0105, i\u0161laikydama t\u0105 pat\u012f prieinamum\u0105. \u00a0 \u00a01 \u2013 4 d. d.\" \/>\n<meta property=\"og:url\" content=\"https:\/\/1dronas.lt\/en\/produktas\/emax-eco-ii-series-2306-1700kv\/\" \/>\n<meta property=\"og:site_name\" content=\"1dronas.lt\" \/>\n<meta property=\"article:publisher\" content=\"https:\/\/www.facebook.com\/1dronas\/\" \/>\n<meta property=\"article:modified_time\" content=\"2026-04-07T05:28:05+00:00\" \/>\n<meta property=\"og:image\" content=\"https:\/\/1dronas.lt\/wp-content\/uploads\/2021\/06\/50BD0DE0904B080C0458E821A103BFA2_b4ded879-701d-4a79-96d2-4e0463ddf2f2.jpg\" \/>\n\t<meta property=\"og:image:width\" content=\"2000\" \/>\n\t<meta property=\"og:image:height\" content=\"2000\" \/>\n\t<meta property=\"og:image:type\" content=\"image\/jpeg\" \/>\n<meta name=\"twitter:card\" content=\"summary_large_image\" \/>\n<meta name=\"twitter:label1\" content=\"Est. reading time\" \/>\n\t<meta name=\"twitter:data1\" content=\"2 minutes\" \/>\n<script type=\"application\/ld+json\" class=\"yoast-schema-graph\">{\"@context\":\"https:\\\/\\\/schema.org\",\"@graph\":[{\"@type\":\"WebPage\",\"@id\":\"https:\\\/\\\/1dronas.lt\\\/en\\\/produktas\\\/emax-eco-ii-series-2306-1700kv\\\/\",\"url\":\"https:\\\/\\\/1dronas.lt\\\/en\\\/produktas\\\/emax-eco-ii-series-2306-1700kv\\\/\",\"name\":\"Emax ECO II Series 2306 2400KV - 1dronas.lt\",\"isPartOf\":{\"@id\":\"https:\\\/\\\/1dronas.lt\\\/en\\\/#website\"},\"primaryImageOfPage\":{\"@id\":\"https:\\\/\\\/1dronas.lt\\\/en\\\/produktas\\\/emax-eco-ii-series-2306-1700kv\\\/#primaryimage\"},\"image\":{\"@id\":\"https:\\\/\\\/1dronas.lt\\\/en\\\/produktas\\\/emax-eco-ii-series-2306-1700kv\\\/#primaryimage\"},\"thumbnailUrl\":\"https:\\\/\\\/1dronas.lt\\\/wp-content\\\/uploads\\\/2021\\\/06\\\/50BD0DE0904B080C0458E821A103BFA2_b4ded879-701d-4a79-96d2-4e0463ddf2f2.jpg\",\"datePublished\":\"2021-06-28T12:12:21+00:00\",\"dateModified\":\"2026-04-07T05:28:05+00:00\",\"breadcrumb\":{\"@id\":\"https:\\\/\\\/1dronas.lt\\\/en\\\/produktas\\\/emax-eco-ii-series-2306-1700kv\\\/#breadcrumb\"},\"inLanguage\":\"en-US\",\"potentialAction\":[{\"@type\":\"ReadAction\",\"target\":[\"https:\\\/\\\/1dronas.lt\\\/en\\\/produktas\\\/emax-eco-ii-series-2306-1700kv\\\/\"]}]},{\"@type\":\"ImageObject\",\"inLanguage\":\"en-US\",\"@id\":\"https:\\\/\\\/1dronas.lt\\\/en\\\/produktas\\\/emax-eco-ii-series-2306-1700kv\\\/#primaryimage\",\"url\":\"https:\\\/\\\/1dronas.lt\\\/wp-content\\\/uploads\\\/2021\\\/06\\\/50BD0DE0904B080C0458E821A103BFA2_b4ded879-701d-4a79-96d2-4e0463ddf2f2.jpg\",\"contentUrl\":\"https:\\\/\\\/1dronas.lt\\\/wp-content\\\/uploads\\\/2021\\\/06\\\/50BD0DE0904B080C0458E821A103BFA2_b4ded879-701d-4a79-96d2-4e0463ddf2f2.jpg\",\"width\":2000,\"height\":2000},{\"@type\":\"BreadcrumbList\",\"@id\":\"https:\\\/\\\/1dronas.lt\\\/en\\\/produktas\\\/emax-eco-ii-series-2306-1700kv\\\/#breadcrumb\",\"itemListElement\":[{\"@type\":\"ListItem\",\"position\":1,\"name\":\"Home\",\"item\":\"https:\\\/\\\/1dronas.lt\\\/\"},{\"@type\":\"ListItem\",\"position\":2,\"name\":\"Parduotuv\u0117\",\"item\":\"https:\\\/\\\/1dronas.lt\\\/parduotuve\\\/\"},{\"@type\":\"ListItem\",\"position\":3,\"name\":\"Emax ECO II Series 2306 2400KV\"}]},{\"@type\":\"WebSite\",\"@id\":\"https:\\\/\\\/1dronas.lt\\\/en\\\/#website\",\"url\":\"https:\\\/\\\/1dronas.lt\\\/en\\\/\",\"name\":\"1dronas.lt\",\"description\":\"Internetin\u0117 parduotuv\u0117\",\"publisher\":{\"@id\":\"https:\\\/\\\/1dronas.lt\\\/en\\\/#organization\"},\"potentialAction\":[{\"@type\":\"SearchAction\",\"target\":{\"@type\":\"EntryPoint\",\"urlTemplate\":\"https:\\\/\\\/1dronas.lt\\\/en\\\/?s={search_term_string}\"},\"query-input\":{\"@type\":\"PropertyValueSpecification\",\"valueRequired\":true,\"valueName\":\"search_term_string\"}}],\"inLanguage\":\"en-US\"},{\"@type\":\"Organization\",\"@id\":\"https:\\\/\\\/1dronas.lt\\\/en\\\/#organization\",\"name\":\"1dronas.lt\",\"url\":\"https:\\\/\\\/1dronas.lt\\\/en\\\/\",\"logo\":{\"@type\":\"ImageObject\",\"inLanguage\":\"en-US\",\"@id\":\"https:\\\/\\\/1dronas.lt\\\/en\\\/#\\\/schema\\\/logo\\\/image\\\/\",\"url\":\"https:\\\/\\\/1dronas.lt\\\/wp-content\\\/uploads\\\/2020\\\/12\\\/Ekrano_kopija__2_-removebg-preview-1-1.png\",\"contentUrl\":\"https:\\\/\\\/1dronas.lt\\\/wp-content\\\/uploads\\\/2020\\\/12\\\/Ekrano_kopija__2_-removebg-preview-1-1.png\",\"width\":234,\"height\":81,\"caption\":\"1dronas.lt\"},\"image\":{\"@id\":\"https:\\\/\\\/1dronas.lt\\\/en\\\/#\\\/schema\\\/logo\\\/image\\\/\"},\"sameAs\":[\"https:\\\/\\\/www.facebook.com\\\/1dronas\\\/\"]}]}<\/script>\n<!-- \/ Yoast SEO plugin. -->","yoast_head_json":{"title":"Emax ECO II Series 2306 2400KV - 1dronas.lt","robots":{"index":"index","follow":"follow","max-snippet":"max-snippet:-1","max-image-preview":"max-image-preview:large","max-video-preview":"max-video-preview:-1"},"canonical":"https:\/\/1dronas.lt\/en\/produktas\/emax-eco-ii-series-2306-1700kv\/","og_locale":"en_US","og_type":"article","og_title":"Emax ECO II Series 2306 2400KV - 1dronas.lt","og_description":"\u201eEMAX\u201c in\u017einieriai savo pastangomis suk\u016br\u0117 \u201eeco 2\u201c serij\u0105 \u2013 nauj\u0105 varikli\u0173 be \u0161epet\u0117li\u0173 linij\u0105, kuri dar labiau pagerina na\u0161um\u0105 ir ilgaam\u017ei\u0161kum\u0105, i\u0161laikydama t\u0105 pat\u012f prieinamum\u0105. \u00a0 \u00a01 \u2013 4 d. d.","og_url":"https:\/\/1dronas.lt\/en\/produktas\/emax-eco-ii-series-2306-1700kv\/","og_site_name":"1dronas.lt","article_publisher":"https:\/\/www.facebook.com\/1dronas\/","article_modified_time":"2026-04-07T05:28:05+00:00","og_image":[{"width":2000,"height":2000,"url":"https:\/\/1dronas.lt\/wp-content\/uploads\/2021\/06\/50BD0DE0904B080C0458E821A103BFA2_b4ded879-701d-4a79-96d2-4e0463ddf2f2.jpg","type":"image\/jpeg"}],"twitter_card":"summary_large_image","twitter_misc":{"Est. reading time":"2 minutes"},"schema":{"@context":"https:\/\/schema.org","@graph":[{"@type":"WebPage","@id":"https:\/\/1dronas.lt\/en\/produktas\/emax-eco-ii-series-2306-1700kv\/","url":"https:\/\/1dronas.lt\/en\/produktas\/emax-eco-ii-series-2306-1700kv\/","name":"Emax ECO II Series 2306 2400KV - 1dronas.lt","isPartOf":{"@id":"https:\/\/1dronas.lt\/en\/#website"},"primaryImageOfPage":{"@id":"https:\/\/1dronas.lt\/en\/produktas\/emax-eco-ii-series-2306-1700kv\/#primaryimage"},"image":{"@id":"https:\/\/1dronas.lt\/en\/produktas\/emax-eco-ii-series-2306-1700kv\/#primaryimage"},"thumbnailUrl":"https:\/\/1dronas.lt\/wp-content\/uploads\/2021\/06\/50BD0DE0904B080C0458E821A103BFA2_b4ded879-701d-4a79-96d2-4e0463ddf2f2.jpg","datePublished":"2021-06-28T12:12:21+00:00","dateModified":"2026-04-07T05:28:05+00:00","breadcrumb":{"@id":"https:\/\/1dronas.lt\/en\/produktas\/emax-eco-ii-series-2306-1700kv\/#breadcrumb"},"inLanguage":"en-US","potentialAction":[{"@type":"ReadAction","target":["https:\/\/1dronas.lt\/en\/produktas\/emax-eco-ii-series-2306-1700kv\/"]}]},{"@type":"ImageObject","inLanguage":"en-US","@id":"https:\/\/1dronas.lt\/en\/produktas\/emax-eco-ii-series-2306-1700kv\/#primaryimage","url":"https:\/\/1dronas.lt\/wp-content\/uploads\/2021\/06\/50BD0DE0904B080C0458E821A103BFA2_b4ded879-701d-4a79-96d2-4e0463ddf2f2.jpg","contentUrl":"https:\/\/1dronas.lt\/wp-content\/uploads\/2021\/06\/50BD0DE0904B080C0458E821A103BFA2_b4ded879-701d-4a79-96d2-4e0463ddf2f2.jpg","width":2000,"height":2000},{"@type":"BreadcrumbList","@id":"https:\/\/1dronas.lt\/en\/produktas\/emax-eco-ii-series-2306-1700kv\/#breadcrumb","itemListElement":[{"@type":"ListItem","position":1,"name":"Home","item":"https:\/\/1dronas.lt\/"},{"@type":"ListItem","position":2,"name":"Parduotuv\u0117","item":"https:\/\/1dronas.lt\/parduotuve\/"},{"@type":"ListItem","position":3,"name":"Emax ECO II Series 2306 2400KV"}]},{"@type":"WebSite","@id":"https:\/\/1dronas.lt\/en\/#website","url":"https:\/\/1dronas.lt\/en\/","name":"1dronas.lt","description":"Online store","publisher":{"@id":"https:\/\/1dronas.lt\/en\/#organization"},"potentialAction":[{"@type":"SearchAction","target":{"@type":"EntryPoint","urlTemplate":"https:\/\/1dronas.lt\/en\/?s={search_term_string}"},"query-input":{"@type":"PropertyValueSpecification","valueRequired":true,"valueName":"search_term_string"}}],"inLanguage":"en-US"},{"@type":"Organization","@id":"https:\/\/1dronas.lt\/en\/#organization","name":"1dronas.lt","url":"https:\/\/1dronas.lt\/en\/","logo":{"@type":"ImageObject","inLanguage":"en-US","@id":"https:\/\/1dronas.lt\/en\/#\/schema\/logo\/image\/","url":"https:\/\/1dronas.lt\/wp-content\/uploads\/2020\/12\/Ekrano_kopija__2_-removebg-preview-1-1.png","contentUrl":"https:\/\/1dronas.lt\/wp-content\/uploads\/2020\/12\/Ekrano_kopija__2_-removebg-preview-1-1.png","width":234,"height":81,"caption":"1dronas.lt"},"image":{"@id":"https:\/\/1dronas.lt\/en\/#\/schema\/logo\/image\/"},"sameAs":["https:\/\/www.facebook.com\/1dronas\/"]}]}},"jetpack_sharing_enabled":true,"_links":{"self":[{"href":"https:\/\/1dronas.lt\/en\/wp-json\/wp\/v2\/product\/2020","targetHints":{"allow":["GET"]}}],"collection":[{"href":"https:\/\/1dronas.lt\/en\/wp-json\/wp\/v2\/product"}],"about":[{"href":"https:\/\/1dronas.lt\/en\/wp-json\/wp\/v2\/types\/product"}],"replies":[{"embeddable":true,"href":"https:\/\/1dronas.lt\/en\/wp-json\/wp\/v2\/comments?post=2020"}],"wp:featuredmedia":[{"embeddable":true,"href":"https:\/\/1dronas.lt\/en\/wp-json\/wp\/v2\/media\/2024"}],"wp:attachment":[{"href":"https:\/\/1dronas.lt\/en\/wp-json\/wp\/v2\/media?parent=2020"}],"wp:term":[{"taxonomy":"product_brand","embeddable":true,"href":"https:\/\/1dronas.lt\/en\/wp-json\/wp\/v2\/product_brand?post=2020"},{"taxonomy":"product_cat","embeddable":true,"href":"https:\/\/1dronas.lt\/en\/wp-json\/wp\/v2\/product_cat?post=2020"},{"taxonomy":"product_tag","embeddable":true,"href":"https:\/\/1dronas.lt\/en\/wp-json\/wp\/v2\/product_tag?post=2020"}],"curies":[{"name":"wp","href":"https:\/\/api.w.org\/{rel}","templated":true}]}}