{"id":19440,"date":"2026-05-16T14:53:37","date_gmt":"2026-05-16T11:53:37","guid":{"rendered":"https:\/\/1dronas.lt\/?post_type=product&#038;p=19440"},"modified":"2026-05-16T14:53:37","modified_gmt":"2026-05-16T11:53:37","slug":"caddxfpv-walksnail-ascent-fpv-vrx","status":"publish","type":"product","link":"https:\/\/1dronas.lt\/en\/produktas\/caddxfpv-walksnail-ascent-fpv-vrx\/","title":{"rendered":"CaddxFPV Walksnail Ascent FPV VRX"},"content":{"rendered":"<p><img loading=\"lazy\" decoding=\"async\" class=\"alignnone size-full wp-image-19452\" src=\"https:\/\/1dronas.lt\/wp-content\/uploads\/2026\/05\/vrx-1_18fa1f92-ed99-450b-bde2-91215fe25576.webp\" alt=\"\" width=\"1800\" height=\"1013\" srcset=\"https:\/\/1dronas.lt\/wp-content\/uploads\/2026\/05\/vrx-1_18fa1f92-ed99-450b-bde2-91215fe25576.webp 1800w, https:\/\/1dronas.lt\/wp-content\/uploads\/2026\/05\/vrx-1_18fa1f92-ed99-450b-bde2-91215fe25576-300x169.webp 300w, https:\/\/1dronas.lt\/wp-content\/uploads\/2026\/05\/vrx-1_18fa1f92-ed99-450b-bde2-91215fe25576-1024x576.webp 1024w, https:\/\/1dronas.lt\/wp-content\/uploads\/2026\/05\/vrx-1_18fa1f92-ed99-450b-bde2-91215fe25576-768x432.webp 768w, https:\/\/1dronas.lt\/wp-content\/uploads\/2026\/05\/vrx-1_18fa1f92-ed99-450b-bde2-91215fe25576-1536x864.webp 1536w, https:\/\/1dronas.lt\/wp-content\/uploads\/2026\/05\/vrx-1_18fa1f92-ed99-450b-bde2-91215fe25576-18x10.webp 18w, https:\/\/1dronas.lt\/wp-content\/uploads\/2026\/05\/vrx-1_18fa1f92-ed99-450b-bde2-91215fe25576-510x287.webp 510w\" sizes=\"auto, (max-width: 1800px) 100vw, 1800px\" \/><\/p>\n<p><strong>Features:<\/strong><\/p>\n<p>\u2022 Patirk itin greit\u0105, beveik be v\u0117lavimo veikiant\u012f vaizd\u0105, tik 35 ms delsa. Palaikomas didelio kadr\u0173 da\u017enio dekodavimas: 1080P\/60fps ir 720P\/120fps, u\u017etikrinantis ai\u0161k\u0173 ir skland\u0173 vaizd\u0105, suteikiant\u012f visi\u0161k\u0105 kontrol\u0119 greit\u0173 ir var\u017eybini\u0173 skryd\u017ei\u0173 metu;<br \/>\n\u2022 \u012erengtos dvi antenos, kurios u\u017etikrina minimalius signalo trukd\u017eius ir itin didel\u012f patikimum\u0105. Stabilus perdavimo atstumas siekia iki 6 kilometr\u0173;<br \/>\n\u2022 \u012erenginys turi HDMI jungt\u012f, suderinam\u0105 su visais FPV akiniais, monitoriais ir televizoriais. Tai leid\u017eia lengvai naudoti kelis ekranus mokymui, dalijimuisi ir per\u017ei\u016brai;<br \/>\n\u2022 Palaikomas &#8221;Canvas&#8221; re\u017eimas, leid\u017eiantis skland\u017eiai integruoti Betaflight \/ INAV OSD. Pilotai gali realiu laiku keisti skryd\u017eio valdiklio nustatymus per pult\u0105;<br \/>\n\u2022 Atsisakoma i\u0161orini\u0173 DVR \u012fra\u0161ymo \u012frengini\u0173 \u2013 integruotas SD kortel\u0117s lizdas (iki 256 GB) leid\u017eia vienu paspaudimu \u012fra\u0161yti HD vaizd\u0105. \u012erenginys itin lengvas \u2013 tik 118 g (be anten\u0173);<br \/>\n\u2022 Automati\u0161kai persijungia \u012f ma\u017eiau trukd\u017ei\u0173 turin\u010dius kanalus, suma\u017eindamas signalo nutr\u016bkimus ir u\u017etikrindamas skland\u0173 vaizd\u0105 be rankinio derinimo.<\/p>\n<p><strong>Specification:<\/strong><\/p>\n<p><strong>Ascent VRX:<\/strong><\/p>\n<p>\u2022 Ry\u0161io da\u017enis: 5.725\u20135.829 GHz;<br \/>\n\u2022 Si\u0173stuvo galia (EIRP): FCC\/SRRC &lt;30 dBm, CE &lt;14 dBm;<br \/>\n\u2022 S\u0105sajos (I\/O): HDMI, Micro SD kortel\u0117, DC 5.5\u00d72.1 mm, SH1.0 6-pin, Type-C;<br \/>\n\u2022 HDMI i\u0161\u0117jimas: 1080p 50\/60 fps arba 720p 50\/60\/100\/120 fps;<br \/>\n\u2022 Maitinimas: 7.4\u201325.2 V;<br \/>\n\u2022 SD kortel\u0117: palaiko Micro SD iki 256 GB;<br \/>\n\u2022 Sistema: Ascent HD system;<br \/>\n\u2022 Juostos plotis (bandwidth): 5 \/ 10 \/ 20 MHz \/ Auto;<br \/>\n\u2022 \u012era\u0161ymo formatas: MP4 (H.264);<br \/>\n\u2022 Svoris: 118 g;<br \/>\n\u2022 Matmenys: 114.5 x 64 x 24 mm.<\/p>\n<p><strong>Antenos:<\/strong><\/p>\n<p>\u2022 Polarization: LHCP;<br \/>\n\u2022 Da\u017enis: 5.725\u20135.829 GHz;<br \/>\n\u2022 Vidutinis stiprinimas (gain): 2 dBi;<br \/>\n\u2022 Radiation efficiency: \u226597%;<br \/>\n\u2022 VSWR: \u22641.3;<br \/>\n\u2022 Cross-polarization attenuation: -15 to -30 dB;<br \/>\n\u2022 Jungtis: RP-SMA \u00d72;<br \/>\n\u2022 Matmenys: 25 x 15.5 mm.<\/p>\n<p><strong>HD dekodavimas, sklandus vaizdas:<\/strong><\/p>\n<p>\u012erenginys turi galing\u0105 procesori\u0173, palaikant\u012f 1080P\/60fps HD dekodavim\u0105 ir 720P\/120fps greit\u0105 dekodavim\u0105. Tai u\u017etikrina ai\u0161k\u0173, skland\u0173 ir be v\u0117lavimo vaizd\u0105, suteikiant prana\u0161um\u0105 greit\u0173 skryd\u017ei\u0173 metu.<\/p>\n<p><img loading=\"lazy\" decoding=\"async\" class=\"alignnone size-full wp-image-19454\" src=\"https:\/\/1dronas.lt\/wp-content\/uploads\/2026\/05\/vrx-1_0c2aa637-797b-4a6e-b372-323fbff584af.webp\" alt=\"\" width=\"1920\" height=\"1080\" srcset=\"https:\/\/1dronas.lt\/wp-content\/uploads\/2026\/05\/vrx-1_0c2aa637-797b-4a6e-b372-323fbff584af.webp 1920w, https:\/\/1dronas.lt\/wp-content\/uploads\/2026\/05\/vrx-1_0c2aa637-797b-4a6e-b372-323fbff584af-300x169.webp 300w, https:\/\/1dronas.lt\/wp-content\/uploads\/2026\/05\/vrx-1_0c2aa637-797b-4a6e-b372-323fbff584af-1024x576.webp 1024w, https:\/\/1dronas.lt\/wp-content\/uploads\/2026\/05\/vrx-1_0c2aa637-797b-4a6e-b372-323fbff584af-768x432.webp 768w, https:\/\/1dronas.lt\/wp-content\/uploads\/2026\/05\/vrx-1_0c2aa637-797b-4a6e-b372-323fbff584af-1536x864.webp 1536w, https:\/\/1dronas.lt\/wp-content\/uploads\/2026\/05\/vrx-1_0c2aa637-797b-4a6e-b372-323fbff584af-18x10.webp 18w, https:\/\/1dronas.lt\/wp-content\/uploads\/2026\/05\/vrx-1_0c2aa637-797b-4a6e-b372-323fbff584af-510x287.webp 510w\" sizes=\"auto, (max-width: 1920px) 100vw, 1920px\" \/><\/p>\n<p><strong>\u0160varus signalas, ma\u017ea delsa:<\/strong><\/p>\n<p>Dvigubos apskritos poliarizacijos antenos ir \u017eemas VSWR \u2264 1.3 suma\u017eina signalo trukd\u017eius. Kartu su iki 35 ms delsa, sistema u\u017etikrina greit\u0105 ir tiksl\u0173 vaizd\u0105 net sud\u0117tingomis s\u0105lygomis.<\/p>\n<p><img loading=\"lazy\" decoding=\"async\" class=\"alignnone size-full wp-image-19455\" src=\"https:\/\/1dronas.lt\/wp-content\/uploads\/2026\/05\/vrx-3_183131d1-3b87-4512-b3bf-b07f09fc00c0.webp\" alt=\"\" width=\"1920\" height=\"1080\" srcset=\"https:\/\/1dronas.lt\/wp-content\/uploads\/2026\/05\/vrx-3_183131d1-3b87-4512-b3bf-b07f09fc00c0.webp 1920w, https:\/\/1dronas.lt\/wp-content\/uploads\/2026\/05\/vrx-3_183131d1-3b87-4512-b3bf-b07f09fc00c0-300x169.webp 300w, https:\/\/1dronas.lt\/wp-content\/uploads\/2026\/05\/vrx-3_183131d1-3b87-4512-b3bf-b07f09fc00c0-1024x576.webp 1024w, https:\/\/1dronas.lt\/wp-content\/uploads\/2026\/05\/vrx-3_183131d1-3b87-4512-b3bf-b07f09fc00c0-768x432.webp 768w, https:\/\/1dronas.lt\/wp-content\/uploads\/2026\/05\/vrx-3_183131d1-3b87-4512-b3bf-b07f09fc00c0-1536x864.webp 1536w, https:\/\/1dronas.lt\/wp-content\/uploads\/2026\/05\/vrx-3_183131d1-3b87-4512-b3bf-b07f09fc00c0-18x10.webp 18w, https:\/\/1dronas.lt\/wp-content\/uploads\/2026\/05\/vrx-3_183131d1-3b87-4512-b3bf-b07f09fc00c0-510x287.webp 510w\" sizes=\"auto, (max-width: 1920px) 100vw, 1920px\" \/><\/p>\n<p><strong>Itin ilgo nuotolio parengtis:<\/strong><\/p>\n<p>Suderinamas su Ascent VTX sistemomis. Didesn\u0117 galia padeda i\u0161pl\u0117sti veikimo nuotol\u012f, palaikyti stabil\u0173 ir ai\u0161k\u0173 vaizdo perdavim\u0105.<\/p>\n<p><img loading=\"lazy\" decoding=\"async\" class=\"alignnone size-full wp-image-19456\" src=\"https:\/\/1dronas.lt\/wp-content\/uploads\/2026\/05\/1-_2_1_3.webp\" alt=\"\" width=\"2506\" height=\"1410\" srcset=\"https:\/\/1dronas.lt\/wp-content\/uploads\/2026\/05\/1-_2_1_3.webp 2506w, https:\/\/1dronas.lt\/wp-content\/uploads\/2026\/05\/1-_2_1_3-300x169.webp 300w, https:\/\/1dronas.lt\/wp-content\/uploads\/2026\/05\/1-_2_1_3-1024x576.webp 1024w, https:\/\/1dronas.lt\/wp-content\/uploads\/2026\/05\/1-_2_1_3-768x432.webp 768w, https:\/\/1dronas.lt\/wp-content\/uploads\/2026\/05\/1-_2_1_3-1536x864.webp 1536w, https:\/\/1dronas.lt\/wp-content\/uploads\/2026\/05\/1-_2_1_3-2048x1152.webp 2048w, https:\/\/1dronas.lt\/wp-content\/uploads\/2026\/05\/1-_2_1_3-18x10.webp 18w, https:\/\/1dronas.lt\/wp-content\/uploads\/2026\/05\/1-_2_1_3-510x287.webp 510w\" sizes=\"auto, (max-width: 2506px) 100vw, 2506px\" \/><\/p>\n<p><strong>Dvigubos antenos \u2013 itin stabilus ry\u0161ys:<\/strong><\/p>\n<p>Signalo nutr\u016bkimai tampa praeitimi. Dvigubos apskritai poliarizuotos antenos (\u226597 % efektyvumas) u\u017etikrina stabil\u0173 ry\u0161\u012f iki 6 km atstumu. Skraidyk toliau, dr\u0105siau ir be r\u016bpes\u010di\u0173.<\/p>\n<p><img loading=\"lazy\" decoding=\"async\" class=\"alignnone size-full wp-image-19457\" src=\"https:\/\/1dronas.lt\/wp-content\/uploads\/2026\/05\/vrx-2_a4c3ff59-eab0-4508-a39b-ddcfb3398291.webp\" alt=\"\" width=\"1800\" height=\"1013\" srcset=\"https:\/\/1dronas.lt\/wp-content\/uploads\/2026\/05\/vrx-2_a4c3ff59-eab0-4508-a39b-ddcfb3398291.webp 1800w, https:\/\/1dronas.lt\/wp-content\/uploads\/2026\/05\/vrx-2_a4c3ff59-eab0-4508-a39b-ddcfb3398291-300x169.webp 300w, https:\/\/1dronas.lt\/wp-content\/uploads\/2026\/05\/vrx-2_a4c3ff59-eab0-4508-a39b-ddcfb3398291-1024x576.webp 1024w, https:\/\/1dronas.lt\/wp-content\/uploads\/2026\/05\/vrx-2_a4c3ff59-eab0-4508-a39b-ddcfb3398291-768x432.webp 768w, https:\/\/1dronas.lt\/wp-content\/uploads\/2026\/05\/vrx-2_a4c3ff59-eab0-4508-a39b-ddcfb3398291-1536x864.webp 1536w, https:\/\/1dronas.lt\/wp-content\/uploads\/2026\/05\/vrx-2_a4c3ff59-eab0-4508-a39b-ddcfb3398291-18x10.webp 18w, https:\/\/1dronas.lt\/wp-content\/uploads\/2026\/05\/vrx-2_a4c3ff59-eab0-4508-a39b-ddcfb3398291-510x287.webp 510w\" sizes=\"auto, (max-width: 1800px) 100vw, 1800px\" \/><\/p>\n<p><strong>Universalus suderinamumas, \u201eplug and play\u201c:<\/strong><\/p>\n<p>Suderinamas su visais FPV akiniais, monitoriais ar televizoriais, turin\u010diais HDMI jungt\u012f. \u201eplug-and-play\u201c veikimas leid\u017eia lengvai naudoti kelis ekranus mokymui, dalijimuisi ar lenktyni\u0173 transliavimui.<\/p>\n<p><img loading=\"lazy\" decoding=\"async\" class=\"alignnone size-full wp-image-19459\" src=\"https:\/\/1dronas.lt\/wp-content\/uploads\/2026\/05\/vrx-6_e91ab18d-0e65-4d13-b85d-04293ec99708.webp\" alt=\"\" width=\"1920\" height=\"1080\" srcset=\"https:\/\/1dronas.lt\/wp-content\/uploads\/2026\/05\/vrx-6_e91ab18d-0e65-4d13-b85d-04293ec99708.webp 1920w, https:\/\/1dronas.lt\/wp-content\/uploads\/2026\/05\/vrx-6_e91ab18d-0e65-4d13-b85d-04293ec99708-300x169.webp 300w, https:\/\/1dronas.lt\/wp-content\/uploads\/2026\/05\/vrx-6_e91ab18d-0e65-4d13-b85d-04293ec99708-1024x576.webp 1024w, https:\/\/1dronas.lt\/wp-content\/uploads\/2026\/05\/vrx-6_e91ab18d-0e65-4d13-b85d-04293ec99708-768x432.webp 768w, https:\/\/1dronas.lt\/wp-content\/uploads\/2026\/05\/vrx-6_e91ab18d-0e65-4d13-b85d-04293ec99708-1536x864.webp 1536w, https:\/\/1dronas.lt\/wp-content\/uploads\/2026\/05\/vrx-6_e91ab18d-0e65-4d13-b85d-04293ec99708-18x10.webp 18w, https:\/\/1dronas.lt\/wp-content\/uploads\/2026\/05\/vrx-6_e91ab18d-0e65-4d13-b85d-04293ec99708-510x287.webp 510w\" sizes=\"auto, (max-width: 1920px) 100vw, 1920px\" \/><\/p>\n<p><strong>Platus \u012ftampos diapazonas, stabilus veikimas bet kokiomis s\u0105lygomis:<\/strong><\/p>\n<p>Sukurtas patikimam darbui esant 7,4\u201325,2 V \u012ftampos diapazonui. Padeda u\u017etikrinti stabil\u0173 veikim\u0105 ir efektyv\u0173 \u0161ilumos valdym\u0105 ilgo naudojimo lauke metu.<\/p>\n<p><img loading=\"lazy\" decoding=\"async\" class=\"alignnone size-full wp-image-19460\" src=\"https:\/\/1dronas.lt\/wp-content\/uploads\/2026\/05\/vrx-10.webp\" alt=\"\" width=\"1920\" height=\"1080\" srcset=\"https:\/\/1dronas.lt\/wp-content\/uploads\/2026\/05\/vrx-10.webp 1920w, https:\/\/1dronas.lt\/wp-content\/uploads\/2026\/05\/vrx-10-300x169.webp 300w, https:\/\/1dronas.lt\/wp-content\/uploads\/2026\/05\/vrx-10-1024x576.webp 1024w, https:\/\/1dronas.lt\/wp-content\/uploads\/2026\/05\/vrx-10-768x432.webp 768w, https:\/\/1dronas.lt\/wp-content\/uploads\/2026\/05\/vrx-10-1536x864.webp 1536w, https:\/\/1dronas.lt\/wp-content\/uploads\/2026\/05\/vrx-10-18x10.webp 18w, https:\/\/1dronas.lt\/wp-content\/uploads\/2026\/05\/vrx-10-510x287.webp 510w\" sizes=\"auto, (max-width: 1920px) 100vw, 1920px\" \/><\/p>\n<p><strong>Ki\u0161eninio dyd\u017eio:<\/strong><\/p>\n<p>Profesionalaus lygio na\u0161umas, telpantis delne. Sveria tik 118 g, turi plon\u0105 ir kompakti\u0161k\u0105 dizain\u0105 \u2013 tai idealus kelioninis \u012frenginys pilotams.<\/p>\n<p><img loading=\"lazy\" decoding=\"async\" class=\"alignnone size-full wp-image-19461\" src=\"https:\/\/1dronas.lt\/wp-content\/uploads\/2026\/05\/vrx-7_b128192f-f3a8-47a0-a878-24ce14af11b0.webp\" alt=\"\" width=\"1920\" height=\"1080\" srcset=\"https:\/\/1dronas.lt\/wp-content\/uploads\/2026\/05\/vrx-7_b128192f-f3a8-47a0-a878-24ce14af11b0.webp 1920w, https:\/\/1dronas.lt\/wp-content\/uploads\/2026\/05\/vrx-7_b128192f-f3a8-47a0-a878-24ce14af11b0-300x169.webp 300w, https:\/\/1dronas.lt\/wp-content\/uploads\/2026\/05\/vrx-7_b128192f-f3a8-47a0-a878-24ce14af11b0-1024x576.webp 1024w, https:\/\/1dronas.lt\/wp-content\/uploads\/2026\/05\/vrx-7_b128192f-f3a8-47a0-a878-24ce14af11b0-768x432.webp 768w, https:\/\/1dronas.lt\/wp-content\/uploads\/2026\/05\/vrx-7_b128192f-f3a8-47a0-a878-24ce14af11b0-1536x864.webp 1536w, https:\/\/1dronas.lt\/wp-content\/uploads\/2026\/05\/vrx-7_b128192f-f3a8-47a0-a878-24ce14af11b0-18x10.webp 18w, https:\/\/1dronas.lt\/wp-content\/uploads\/2026\/05\/vrx-7_b128192f-f3a8-47a0-a878-24ce14af11b0-510x287.webp 510w\" sizes=\"auto, (max-width: 1920px) 100vw, 1920px\" \/><\/p>\n<p><strong>\u012evairus pritaikymas:<\/strong><\/p>\n<p>Universalus FPV sprendimas dronams, fiksuoto sparno modeliams ir RC ma\u0161in\u0117l\u0117ms. Nesvarbu, ar lenktyniauji, kuri kino vaizdus ar mokai kitus \u2013 \u0161is VRX tinka visoms situacijoms.<\/p>\n<p><img loading=\"lazy\" decoding=\"async\" class=\"alignnone size-full wp-image-19462\" src=\"https:\/\/1dronas.lt\/wp-content\/uploads\/2026\/05\/vrx-8_2f404ec1-3bf0-4ac6-89ab-cc8a5788460b.webp\" alt=\"\" width=\"1800\" height=\"1013\" srcset=\"https:\/\/1dronas.lt\/wp-content\/uploads\/2026\/05\/vrx-8_2f404ec1-3bf0-4ac6-89ab-cc8a5788460b.webp 1800w, https:\/\/1dronas.lt\/wp-content\/uploads\/2026\/05\/vrx-8_2f404ec1-3bf0-4ac6-89ab-cc8a5788460b-300x169.webp 300w, https:\/\/1dronas.lt\/wp-content\/uploads\/2026\/05\/vrx-8_2f404ec1-3bf0-4ac6-89ab-cc8a5788460b-1024x576.webp 1024w, https:\/\/1dronas.lt\/wp-content\/uploads\/2026\/05\/vrx-8_2f404ec1-3bf0-4ac6-89ab-cc8a5788460b-768x432.webp 768w, https:\/\/1dronas.lt\/wp-content\/uploads\/2026\/05\/vrx-8_2f404ec1-3bf0-4ac6-89ab-cc8a5788460b-1536x864.webp 1536w, https:\/\/1dronas.lt\/wp-content\/uploads\/2026\/05\/vrx-8_2f404ec1-3bf0-4ac6-89ab-cc8a5788460b-18x10.webp 18w, https:\/\/1dronas.lt\/wp-content\/uploads\/2026\/05\/vrx-8_2f404ec1-3bf0-4ac6-89ab-cc8a5788460b-510x287.webp 510w\" sizes=\"auto, (max-width: 1800px) 100vw, 1800px\" \/><\/p>\n<p><strong>Package:<\/strong><\/p>\n<p>1x Ascent VRX imtuvas;<br \/>\n1x DC maitinimo laidas;<br \/>\n1x HDMI laidas;<br \/>\n1x 3M dvipus\u0117 lipni juosta.<\/p>\n<p><img loading=\"lazy\" decoding=\"async\" class=\"alignnone size-full wp-image-19463\" src=\"https:\/\/1dronas.lt\/wp-content\/uploads\/2026\/05\/Screenshot-2026-05-12-164527.png\" alt=\"\" width=\"1089\" height=\"199\" srcset=\"https:\/\/1dronas.lt\/wp-content\/uploads\/2026\/05\/Screenshot-2026-05-12-164527.png 1089w, https:\/\/1dronas.lt\/wp-content\/uploads\/2026\/05\/Screenshot-2026-05-12-164527-300x55.png 300w, https:\/\/1dronas.lt\/wp-content\/uploads\/2026\/05\/Screenshot-2026-05-12-164527-1024x187.png 1024w, https:\/\/1dronas.lt\/wp-content\/uploads\/2026\/05\/Screenshot-2026-05-12-164527-768x140.png 768w, https:\/\/1dronas.lt\/wp-content\/uploads\/2026\/05\/Screenshot-2026-05-12-164527-18x3.png 18w, https:\/\/1dronas.lt\/wp-content\/uploads\/2026\/05\/Screenshot-2026-05-12-164527-510x93.png 510w\" sizes=\"auto, (max-width: 1089px) 100vw, 1089px\" \/><\/p>","protected":false},"excerpt":{"rendered":"<p><span style=\"color: #333333;\">Ascent VRX &#8211; Tai auk\u0161tos kokyb\u0117s skaitmeninis FPV vaizdo imtuvas, u\u017etikrinantis stabil\u0173 ry\u0161\u012f, ma\u017e\u0105 dels\u0105 ir itin ry\u0161k\u0173 vaizd\u0105 dron\u0173 skryd\u017ei\u0173 entuziastams.<\/span><\/p>\n<p><span style=\"color: #333333;\"><strong><img loading=\"lazy\" decoding=\"async\" class=\"alignnone wp-image-1806\" src=\"https:\/\/1dronas.lt\/wp-content\/uploads\/2021\/05\/delivery-icon.png.webp\" alt=\"\" width=\"24\" height=\"24\" srcset=\"https:\/\/1dronas.lt\/wp-content\/uploads\/2021\/05\/delivery-icon.png 35w, https:\/\/1dronas.lt\/wp-content\/uploads\/2021\/05\/delivery-icon-12x12.png 12w\" sizes=\"auto, (max-width: 24px) 100vw, 24px\" \/>\u00a0\u00a01 \u2013 2 days<\/strong><\/span><\/p>","protected":false},"featured_media":19441,"comment_status":"open","ping_status":"closed","template":"","meta":[],"product_brand":[1112],"product_cat":[1310],"product_tag":[1115,1113,54,1306,1117],"class_list":{"0":"post-19440","1":"product","2":"type-product","3":"status-publish","4":"has-post-thumbnail","6":"product_brand-caddxfpv","7":"product_cat-vaizdo-imtuvai-vrx","8":"product_tag-ascent","9":"product_tag-caddxfpv","10":"product_tag-fpv","11":"product_tag-vrx","12":"product_tag-walksnail","14":"first","15":"instock","16":"taxable","17":"shipping-taxable","18":"purchasable","19":"product-type-simple"},"yoast_head":"<!-- This site is optimized with the Yoast SEO plugin v27.6 - https:\/\/yoast.com\/product\/yoast-seo-wordpress\/ -->\n<title>CaddxFPV Walksnail Ascent FPV VRX - 1dronas.lt<\/title>\n<meta name=\"robots\" content=\"index, follow, max-snippet:-1, max-image-preview:large, max-video-preview:-1\" \/>\n<link rel=\"canonical\" href=\"https:\/\/1dronas.lt\/en\/produktas\/caddxfpv-walksnail-ascent-fpv-vrx\/\" \/>\n<meta property=\"og:locale\" content=\"en_US\" \/>\n<meta property=\"og:type\" content=\"article\" \/>\n<meta property=\"og:title\" content=\"CaddxFPV Walksnail Ascent FPV VRX - 1dronas.lt\" \/>\n<meta property=\"og:description\" content=\"Ascent VRX - Tai auk\u0161tos kokyb\u0117s skaitmeninis FPV vaizdo imtuvas, u\u017etikrinantis stabil\u0173 ry\u0161\u012f, ma\u017e\u0105 dels\u0105 ir itin ry\u0161k\u0173 vaizd\u0105 dron\u0173 skryd\u017ei\u0173 entuziastams.  \u00a0\u00a01 \u2013 2 d.d.\" \/>\n<meta property=\"og:url\" content=\"https:\/\/1dronas.lt\/en\/produktas\/caddxfpv-walksnail-ascent-fpv-vrx\/\" \/>\n<meta property=\"og:site_name\" content=\"1dronas.lt\" \/>\n<meta property=\"article:publisher\" content=\"https:\/\/www.facebook.com\/1dronas\/\" \/>\n<meta property=\"og:image\" content=\"https:\/\/1dronas.lt\/wp-content\/uploads\/2026\/05\/ASCENT_VRX.jpg\" \/>\n\t<meta property=\"og:image:width\" content=\"800\" \/>\n\t<meta property=\"og:image:height\" content=\"800\" \/>\n\t<meta property=\"og:image:type\" content=\"image\/jpeg\" \/>\n<meta name=\"twitter:card\" content=\"summary_large_image\" \/>\n<meta name=\"twitter:label1\" content=\"Est. reading time\" \/>\n\t<meta name=\"twitter:data1\" content=\"5 minutes\" \/>\n<script type=\"application\/ld+json\" class=\"yoast-schema-graph\">{\"@context\":\"https:\\\/\\\/schema.org\",\"@graph\":[{\"@type\":\"WebPage\",\"@id\":\"https:\\\/\\\/1dronas.lt\\\/en\\\/produktas\\\/caddxfpv-walksnail-ascent-fpv-vrx\\\/\",\"url\":\"https:\\\/\\\/1dronas.lt\\\/en\\\/produktas\\\/caddxfpv-walksnail-ascent-fpv-vrx\\\/\",\"name\":\"CaddxFPV Walksnail Ascent FPV VRX - 1dronas.lt\",\"isPartOf\":{\"@id\":\"https:\\\/\\\/1dronas.lt\\\/en\\\/#website\"},\"primaryImageOfPage\":{\"@id\":\"https:\\\/\\\/1dronas.lt\\\/en\\\/produktas\\\/caddxfpv-walksnail-ascent-fpv-vrx\\\/#primaryimage\"},\"image\":{\"@id\":\"https:\\\/\\\/1dronas.lt\\\/en\\\/produktas\\\/caddxfpv-walksnail-ascent-fpv-vrx\\\/#primaryimage\"},\"thumbnailUrl\":\"https:\\\/\\\/1dronas.lt\\\/wp-content\\\/uploads\\\/2026\\\/05\\\/ASCENT_VRX.jpg\",\"datePublished\":\"2026-05-16T11:53:37+00:00\",\"breadcrumb\":{\"@id\":\"https:\\\/\\\/1dronas.lt\\\/en\\\/produktas\\\/caddxfpv-walksnail-ascent-fpv-vrx\\\/#breadcrumb\"},\"inLanguage\":\"en-US\",\"potentialAction\":[{\"@type\":\"ReadAction\",\"target\":[\"https:\\\/\\\/1dronas.lt\\\/en\\\/produktas\\\/caddxfpv-walksnail-ascent-fpv-vrx\\\/\"]}]},{\"@type\":\"ImageObject\",\"inLanguage\":\"en-US\",\"@id\":\"https:\\\/\\\/1dronas.lt\\\/en\\\/produktas\\\/caddxfpv-walksnail-ascent-fpv-vrx\\\/#primaryimage\",\"url\":\"https:\\\/\\\/1dronas.lt\\\/wp-content\\\/uploads\\\/2026\\\/05\\\/ASCENT_VRX.jpg\",\"contentUrl\":\"https:\\\/\\\/1dronas.lt\\\/wp-content\\\/uploads\\\/2026\\\/05\\\/ASCENT_VRX.jpg\",\"width\":800,\"height\":800},{\"@type\":\"BreadcrumbList\",\"@id\":\"https:\\\/\\\/1dronas.lt\\\/en\\\/produktas\\\/caddxfpv-walksnail-ascent-fpv-vrx\\\/#breadcrumb\",\"itemListElement\":[{\"@type\":\"ListItem\",\"position\":1,\"name\":\"Home\",\"item\":\"https:\\\/\\\/1dronas.lt\\\/\"},{\"@type\":\"ListItem\",\"position\":2,\"name\":\"Parduotuv\u0117\",\"item\":\"https:\\\/\\\/1dronas.lt\\\/parduotuve\\\/\"},{\"@type\":\"ListItem\",\"position\":3,\"name\":\"CaddxFPV Walksnail Ascent FPV VRX\"}]},{\"@type\":\"WebSite\",\"@id\":\"https:\\\/\\\/1dronas.lt\\\/en\\\/#website\",\"url\":\"https:\\\/\\\/1dronas.lt\\\/en\\\/\",\"name\":\"1dronas.lt\",\"description\":\"Internetin\u0117 parduotuv\u0117\",\"publisher\":{\"@id\":\"https:\\\/\\\/1dronas.lt\\\/en\\\/#organization\"},\"potentialAction\":[{\"@type\":\"SearchAction\",\"target\":{\"@type\":\"EntryPoint\",\"urlTemplate\":\"https:\\\/\\\/1dronas.lt\\\/en\\\/?s={search_term_string}\"},\"query-input\":{\"@type\":\"PropertyValueSpecification\",\"valueRequired\":true,\"valueName\":\"search_term_string\"}}],\"inLanguage\":\"en-US\"},{\"@type\":\"Organization\",\"@id\":\"https:\\\/\\\/1dronas.lt\\\/en\\\/#organization\",\"name\":\"1dronas.lt\",\"url\":\"https:\\\/\\\/1dronas.lt\\\/en\\\/\",\"logo\":{\"@type\":\"ImageObject\",\"inLanguage\":\"en-US\",\"@id\":\"https:\\\/\\\/1dronas.lt\\\/en\\\/#\\\/schema\\\/logo\\\/image\\\/\",\"url\":\"https:\\\/\\\/1dronas.lt\\\/wp-content\\\/uploads\\\/2020\\\/12\\\/Ekrano_kopija__2_-removebg-preview-1-1.png\",\"contentUrl\":\"https:\\\/\\\/1dronas.lt\\\/wp-content\\\/uploads\\\/2020\\\/12\\\/Ekrano_kopija__2_-removebg-preview-1-1.png\",\"width\":234,\"height\":81,\"caption\":\"1dronas.lt\"},\"image\":{\"@id\":\"https:\\\/\\\/1dronas.lt\\\/en\\\/#\\\/schema\\\/logo\\\/image\\\/\"},\"sameAs\":[\"https:\\\/\\\/www.facebook.com\\\/1dronas\\\/\"]}]}<\/script>\n<!-- \/ Yoast SEO plugin. -->","yoast_head_json":{"title":"CaddxFPV Walksnail Ascent FPV VRX - 1dronas.lt","robots":{"index":"index","follow":"follow","max-snippet":"max-snippet:-1","max-image-preview":"max-image-preview:large","max-video-preview":"max-video-preview:-1"},"canonical":"https:\/\/1dronas.lt\/en\/produktas\/caddxfpv-walksnail-ascent-fpv-vrx\/","og_locale":"en_US","og_type":"article","og_title":"CaddxFPV Walksnail Ascent FPV VRX - 1dronas.lt","og_description":"Ascent VRX - Tai auk\u0161tos kokyb\u0117s skaitmeninis FPV vaizdo imtuvas, u\u017etikrinantis stabil\u0173 ry\u0161\u012f, ma\u017e\u0105 dels\u0105 ir itin ry\u0161k\u0173 vaizd\u0105 dron\u0173 skryd\u017ei\u0173 entuziastams.  \u00a0\u00a01 \u2013 2 d.d.","og_url":"https:\/\/1dronas.lt\/en\/produktas\/caddxfpv-walksnail-ascent-fpv-vrx\/","og_site_name":"1dronas.lt","article_publisher":"https:\/\/www.facebook.com\/1dronas\/","og_image":[{"width":800,"height":800,"url":"https:\/\/1dronas.lt\/wp-content\/uploads\/2026\/05\/ASCENT_VRX.jpg","type":"image\/jpeg"}],"twitter_card":"summary_large_image","twitter_misc":{"Est. reading time":"5 minutes"},"schema":{"@context":"https:\/\/schema.org","@graph":[{"@type":"WebPage","@id":"https:\/\/1dronas.lt\/en\/produktas\/caddxfpv-walksnail-ascent-fpv-vrx\/","url":"https:\/\/1dronas.lt\/en\/produktas\/caddxfpv-walksnail-ascent-fpv-vrx\/","name":"CaddxFPV Walksnail Ascent FPV VRX - 1dronas.lt","isPartOf":{"@id":"https:\/\/1dronas.lt\/en\/#website"},"primaryImageOfPage":{"@id":"https:\/\/1dronas.lt\/en\/produktas\/caddxfpv-walksnail-ascent-fpv-vrx\/#primaryimage"},"image":{"@id":"https:\/\/1dronas.lt\/en\/produktas\/caddxfpv-walksnail-ascent-fpv-vrx\/#primaryimage"},"thumbnailUrl":"https:\/\/1dronas.lt\/wp-content\/uploads\/2026\/05\/ASCENT_VRX.jpg","datePublished":"2026-05-16T11:53:37+00:00","breadcrumb":{"@id":"https:\/\/1dronas.lt\/en\/produktas\/caddxfpv-walksnail-ascent-fpv-vrx\/#breadcrumb"},"inLanguage":"en-US","potentialAction":[{"@type":"ReadAction","target":["https:\/\/1dronas.lt\/en\/produktas\/caddxfpv-walksnail-ascent-fpv-vrx\/"]}]},{"@type":"ImageObject","inLanguage":"en-US","@id":"https:\/\/1dronas.lt\/en\/produktas\/caddxfpv-walksnail-ascent-fpv-vrx\/#primaryimage","url":"https:\/\/1dronas.lt\/wp-content\/uploads\/2026\/05\/ASCENT_VRX.jpg","contentUrl":"https:\/\/1dronas.lt\/wp-content\/uploads\/2026\/05\/ASCENT_VRX.jpg","width":800,"height":800},{"@type":"BreadcrumbList","@id":"https:\/\/1dronas.lt\/en\/produktas\/caddxfpv-walksnail-ascent-fpv-vrx\/#breadcrumb","itemListElement":[{"@type":"ListItem","position":1,"name":"Home","item":"https:\/\/1dronas.lt\/"},{"@type":"ListItem","position":2,"name":"Parduotuv\u0117","item":"https:\/\/1dronas.lt\/parduotuve\/"},{"@type":"ListItem","position":3,"name":"CaddxFPV Walksnail Ascent FPV VRX"}]},{"@type":"WebSite","@id":"https:\/\/1dronas.lt\/en\/#website","url":"https:\/\/1dronas.lt\/en\/","name":"1dronas.lt","description":"Online store","publisher":{"@id":"https:\/\/1dronas.lt\/en\/#organization"},"potentialAction":[{"@type":"SearchAction","target":{"@type":"EntryPoint","urlTemplate":"https:\/\/1dronas.lt\/en\/?s={search_term_string}"},"query-input":{"@type":"PropertyValueSpecification","valueRequired":true,"valueName":"search_term_string"}}],"inLanguage":"en-US"},{"@type":"Organization","@id":"https:\/\/1dronas.lt\/en\/#organization","name":"1dronas.lt","url":"https:\/\/1dronas.lt\/en\/","logo":{"@type":"ImageObject","inLanguage":"en-US","@id":"https:\/\/1dronas.lt\/en\/#\/schema\/logo\/image\/","url":"https:\/\/1dronas.lt\/wp-content\/uploads\/2020\/12\/Ekrano_kopija__2_-removebg-preview-1-1.png","contentUrl":"https:\/\/1dronas.lt\/wp-content\/uploads\/2020\/12\/Ekrano_kopija__2_-removebg-preview-1-1.png","width":234,"height":81,"caption":"1dronas.lt"},"image":{"@id":"https:\/\/1dronas.lt\/en\/#\/schema\/logo\/image\/"},"sameAs":["https:\/\/www.facebook.com\/1dronas\/"]}]}},"jetpack_sharing_enabled":true,"_links":{"self":[{"href":"https:\/\/1dronas.lt\/en\/wp-json\/wp\/v2\/product\/19440","targetHints":{"allow":["GET"]}}],"collection":[{"href":"https:\/\/1dronas.lt\/en\/wp-json\/wp\/v2\/product"}],"about":[{"href":"https:\/\/1dronas.lt\/en\/wp-json\/wp\/v2\/types\/product"}],"replies":[{"embeddable":true,"href":"https:\/\/1dronas.lt\/en\/wp-json\/wp\/v2\/comments?post=19440"}],"wp:featuredmedia":[{"embeddable":true,"href":"https:\/\/1dronas.lt\/en\/wp-json\/wp\/v2\/media\/19441"}],"wp:attachment":[{"href":"https:\/\/1dronas.lt\/en\/wp-json\/wp\/v2\/media?parent=19440"}],"wp:term":[{"taxonomy":"product_brand","embeddable":true,"href":"https:\/\/1dronas.lt\/en\/wp-json\/wp\/v2\/product_brand?post=19440"},{"taxonomy":"product_cat","embeddable":true,"href":"https:\/\/1dronas.lt\/en\/wp-json\/wp\/v2\/product_cat?post=19440"},{"taxonomy":"product_tag","embeddable":true,"href":"https:\/\/1dronas.lt\/en\/wp-json\/wp\/v2\/product_tag?post=19440"}],"curies":[{"name":"wp","href":"https:\/\/api.w.org\/{rel}","templated":true}]}}