{"id":19427,"date":"2026-05-16T12:38:40","date_gmt":"2026-05-16T09:38:40","guid":{"rendered":"https:\/\/1dronas.lt\/?post_type=product&#038;p=19427"},"modified":"2026-05-16T13:04:11","modified_gmt":"2026-05-16T10:04:11","slug":"caddxfpv-walksnail-vtx-v2-antena","status":"publish","type":"product","link":"https:\/\/1dronas.lt\/en\/produktas\/caddxfpv-walksnail-vtx-v2-antena\/","title":{"rendered":"CaddxFPV Walksnail VTX V2 Antenna"},"content":{"rendered":"<p><img loading=\"lazy\" decoding=\"async\" class=\"alignnone size-full wp-image-19431\" src=\"https:\/\/1dronas.lt\/wp-content\/uploads\/2026\/05\/582db34c51886c33c855ac0de0eaf7c4.webp\" alt=\"\" width=\"1920\" height=\"1000\" srcset=\"https:\/\/1dronas.lt\/wp-content\/uploads\/2026\/05\/582db34c51886c33c855ac0de0eaf7c4.webp 1920w, https:\/\/1dronas.lt\/wp-content\/uploads\/2026\/05\/582db34c51886c33c855ac0de0eaf7c4-300x156.webp 300w, https:\/\/1dronas.lt\/wp-content\/uploads\/2026\/05\/582db34c51886c33c855ac0de0eaf7c4-1024x533.webp 1024w, https:\/\/1dronas.lt\/wp-content\/uploads\/2026\/05\/582db34c51886c33c855ac0de0eaf7c4-768x400.webp 768w, https:\/\/1dronas.lt\/wp-content\/uploads\/2026\/05\/582db34c51886c33c855ac0de0eaf7c4-1536x800.webp 1536w, https:\/\/1dronas.lt\/wp-content\/uploads\/2026\/05\/582db34c51886c33c855ac0de0eaf7c4-18x9.webp 18w, https:\/\/1dronas.lt\/wp-content\/uploads\/2026\/05\/582db34c51886c33c855ac0de0eaf7c4-510x266.webp 510w\" sizes=\"auto, (max-width: 1920px) 100vw, 1920px\" \/>Antenos kokyb\u0117 yra itin svarbi skryd\u017eio metu. Siekiant pagerinti veikim\u0105, antena buvo perkurta ir optimizuota po daugyb\u0117s bandym\u0173. Naujoji konstrukcija pasiekia tok\u012f na\u0161um\u0105, kuriam anks\u010diau reik\u0117jo dviej\u0173 anten\u0173. Ji sukurta naudojant pa\u017eangias med\u017eiagas ir technologijas, u\u017etikrinan\u010dias puik\u0173 signalo pri\u0117mim\u0105 bei perdavim\u0105 \u012fvairiomis s\u0105lygomis. Testai parod\u0117 \u017eymiai pager\u0117jus\u012f signalo stabilum\u0105, nuotol\u012f ir prasiskverbim\u0105.<\/p>\n<p><strong>Features:<\/strong><\/p>\n<p>\u2022 Patobulinta FPV antena su geresniu signalo stabilumu ir nuotoliu;<br \/>\n\u2022 U\u017etikrina stipresn\u012f signalo pri\u0117mim\u0105 ir perdavim\u0105 \u012fvairiomis s\u0105lygomis;<br \/>\n\u2022 Lengva ir kompakti\u0161ka konstrukcija, patogesniam naudojimui dronuose;<br \/>\n\u2022 Sukurta naudojant pa\u017eangias med\u017eiagas ir technologijas;<br \/>\n\u2022 Padidina skryd\u017eio patikimum\u0105 ir signalo prasiskverbim\u0105.<\/p>\n<p><strong>Specification:<\/strong><\/p>\n<p>\u2022 Polarization: LHCP;<br \/>\n\u2022 Frequency range: 5600\u20136000 MHz;<br \/>\n\u2022 Gain: 1.9 dBi;<br \/>\n\u2022 VSWR: &lt; 1.5;<br \/>\n\u2022 Input impedance: 50 \u03a9;<br \/>\n\u2022 Connector: IPEX-1;<br \/>\n\u2022 Matmenys: 15 mm x 105 mm;<br \/>\n\u2022 Weight: 2 g.<\/p>\n<p><strong>Measurements:<\/strong><\/p>\n<p><img loading=\"lazy\" decoding=\"async\" class=\"alignnone wp-image-19430\" src=\"https:\/\/1dronas.lt\/wp-content\/uploads\/2026\/05\/V2_-4-e1778584738882.webp\" alt=\"\" width=\"560\" height=\"121\" srcset=\"https:\/\/1dronas.lt\/wp-content\/uploads\/2026\/05\/V2_-4-e1778584738882.webp 800w, https:\/\/1dronas.lt\/wp-content\/uploads\/2026\/05\/V2_-4-e1778584738882-300x65.webp 300w, https:\/\/1dronas.lt\/wp-content\/uploads\/2026\/05\/V2_-4-e1778584738882-768x166.webp 768w, https:\/\/1dronas.lt\/wp-content\/uploads\/2026\/05\/V2_-4-e1778584738882-18x4.webp 18w, https:\/\/1dronas.lt\/wp-content\/uploads\/2026\/05\/V2_-4-e1778584738882-510x110.webp 510w\" sizes=\"auto, (max-width: 560px) 100vw, 560px\" \/><\/p>\n<p><strong>Package:<\/strong><\/p>\n<p>1x CaddxFPV Walksnail Avatar V2 antena.<\/p>","protected":false},"excerpt":{"rendered":"<p><span style=\"color: #333333;\">CaddxFPV Walksnail Avatar V2 Antena &#8211; patobulinta, u\u017etikrinanti geresn\u012f signalo stabilum\u0105, didesn\u012f nuotol\u012f ir stipresn\u012f signalo prasiskverbim\u0105.<\/span><\/p>\n<p><span style=\"color: #333333;\"><strong><img loading=\"lazy\" decoding=\"async\" class=\"alignnone wp-image-1806\" src=\"https:\/\/1dronas.lt\/wp-content\/uploads\/2021\/05\/delivery-icon.png.webp\" alt=\"\" width=\"24\" height=\"24\" srcset=\"https:\/\/1dronas.lt\/wp-content\/uploads\/2021\/05\/delivery-icon.png 35w, https:\/\/1dronas.lt\/wp-content\/uploads\/2021\/05\/delivery-icon-12x12.png 12w\" sizes=\"auto, (max-width: 24px) 100vw, 24px\" \/>\u00a0\u00a01 \u2013 2 days<\/strong><\/span><\/p>","protected":false},"featured_media":19429,"comment_status":"open","ping_status":"closed","template":"","meta":[],"product_brand":[1112],"product_cat":[161],"product_tag":[487,1113,536,170,1117],"class_list":{"0":"post-19427","1":"product","2":"type-product","3":"status-publish","4":"has-post-thumbnail","6":"product_brand-caddxfpv","7":"product_cat-antenos","8":"product_tag-antena","9":"product_tag-caddxfpv","10":"product_tag-v2","11":"product_tag-vtx","12":"product_tag-walksnail","14":"first","15":"instock","16":"taxable","17":"shipping-taxable","18":"purchasable","19":"product-type-simple"},"yoast_head":"<!-- This site is optimized with the Yoast SEO plugin v27.6 - https:\/\/yoast.com\/product\/yoast-seo-wordpress\/ -->\n<title>CaddxFPV Walksnail VTX V2 Antena - 1dronas.lt<\/title>\n<meta name=\"robots\" content=\"index, follow, max-snippet:-1, max-image-preview:large, max-video-preview:-1\" \/>\n<link rel=\"canonical\" href=\"https:\/\/1dronas.lt\/en\/produktas\/caddxfpv-walksnail-vtx-v2-antena\/\" \/>\n<meta property=\"og:locale\" content=\"en_US\" \/>\n<meta property=\"og:type\" content=\"article\" \/>\n<meta property=\"og:title\" content=\"CaddxFPV Walksnail VTX V2 Antena - 1dronas.lt\" \/>\n<meta property=\"og:description\" content=\"CaddxFPV Walksnail Avatar V2 Antena - patobulinta, u\u017etikrinanti geresn\u012f signalo stabilum\u0105, didesn\u012f nuotol\u012f ir stipresn\u012f signalo prasiskverbim\u0105.  \u00a0\u00a01 \u2013 2 d.d.\" \/>\n<meta property=\"og:url\" content=\"https:\/\/1dronas.lt\/en\/produktas\/caddxfpv-walksnail-vtx-v2-antena\/\" \/>\n<meta property=\"og:site_name\" content=\"1dronas.lt\" \/>\n<meta property=\"article:publisher\" content=\"https:\/\/www.facebook.com\/1dronas\/\" \/>\n<meta property=\"article:modified_time\" content=\"2026-05-16T10:04:11+00:00\" \/>\n<meta property=\"og:image\" content=\"https:\/\/1dronas.lt\/wp-content\/uploads\/2026\/05\/V2_-3.webp\" \/>\n\t<meta property=\"og:image:width\" content=\"800\" \/>\n\t<meta property=\"og:image:height\" content=\"800\" \/>\n\t<meta property=\"og:image:type\" content=\"image\/webp\" \/>\n<meta name=\"twitter:card\" content=\"summary_large_image\" \/>\n<meta name=\"twitter:label1\" content=\"Est. reading time\" \/>\n\t<meta name=\"twitter:data1\" content=\"2 minutes\" \/>\n<script type=\"application\/ld+json\" class=\"yoast-schema-graph\">{\"@context\":\"https:\\\/\\\/schema.org\",\"@graph\":[{\"@type\":\"WebPage\",\"@id\":\"https:\\\/\\\/1dronas.lt\\\/en\\\/produktas\\\/caddxfpv-walksnail-vtx-v2-antena\\\/\",\"url\":\"https:\\\/\\\/1dronas.lt\\\/en\\\/produktas\\\/caddxfpv-walksnail-vtx-v2-antena\\\/\",\"name\":\"CaddxFPV Walksnail VTX V2 Antena - 1dronas.lt\",\"isPartOf\":{\"@id\":\"https:\\\/\\\/1dronas.lt\\\/en\\\/#website\"},\"primaryImageOfPage\":{\"@id\":\"https:\\\/\\\/1dronas.lt\\\/en\\\/produktas\\\/caddxfpv-walksnail-vtx-v2-antena\\\/#primaryimage\"},\"image\":{\"@id\":\"https:\\\/\\\/1dronas.lt\\\/en\\\/produktas\\\/caddxfpv-walksnail-vtx-v2-antena\\\/#primaryimage\"},\"thumbnailUrl\":\"https:\\\/\\\/1dronas.lt\\\/wp-content\\\/uploads\\\/2026\\\/05\\\/V2_-3.webp\",\"datePublished\":\"2026-05-16T09:38:40+00:00\",\"dateModified\":\"2026-05-16T10:04:11+00:00\",\"breadcrumb\":{\"@id\":\"https:\\\/\\\/1dronas.lt\\\/en\\\/produktas\\\/caddxfpv-walksnail-vtx-v2-antena\\\/#breadcrumb\"},\"inLanguage\":\"en-US\",\"potentialAction\":[{\"@type\":\"ReadAction\",\"target\":[\"https:\\\/\\\/1dronas.lt\\\/en\\\/produktas\\\/caddxfpv-walksnail-vtx-v2-antena\\\/\"]}]},{\"@type\":\"ImageObject\",\"inLanguage\":\"en-US\",\"@id\":\"https:\\\/\\\/1dronas.lt\\\/en\\\/produktas\\\/caddxfpv-walksnail-vtx-v2-antena\\\/#primaryimage\",\"url\":\"https:\\\/\\\/1dronas.lt\\\/wp-content\\\/uploads\\\/2026\\\/05\\\/V2_-3.webp\",\"contentUrl\":\"https:\\\/\\\/1dronas.lt\\\/wp-content\\\/uploads\\\/2026\\\/05\\\/V2_-3.webp\",\"width\":800,\"height\":800},{\"@type\":\"BreadcrumbList\",\"@id\":\"https:\\\/\\\/1dronas.lt\\\/en\\\/produktas\\\/caddxfpv-walksnail-vtx-v2-antena\\\/#breadcrumb\",\"itemListElement\":[{\"@type\":\"ListItem\",\"position\":1,\"name\":\"Home\",\"item\":\"https:\\\/\\\/1dronas.lt\\\/\"},{\"@type\":\"ListItem\",\"position\":2,\"name\":\"Parduotuv\u0117\",\"item\":\"https:\\\/\\\/1dronas.lt\\\/parduotuve\\\/\"},{\"@type\":\"ListItem\",\"position\":3,\"name\":\"CaddxFPV Walksnail VTX V2 Antena\"}]},{\"@type\":\"WebSite\",\"@id\":\"https:\\\/\\\/1dronas.lt\\\/en\\\/#website\",\"url\":\"https:\\\/\\\/1dronas.lt\\\/en\\\/\",\"name\":\"1dronas.lt\",\"description\":\"Internetin\u0117 parduotuv\u0117\",\"publisher\":{\"@id\":\"https:\\\/\\\/1dronas.lt\\\/en\\\/#organization\"},\"potentialAction\":[{\"@type\":\"SearchAction\",\"target\":{\"@type\":\"EntryPoint\",\"urlTemplate\":\"https:\\\/\\\/1dronas.lt\\\/en\\\/?s={search_term_string}\"},\"query-input\":{\"@type\":\"PropertyValueSpecification\",\"valueRequired\":true,\"valueName\":\"search_term_string\"}}],\"inLanguage\":\"en-US\"},{\"@type\":\"Organization\",\"@id\":\"https:\\\/\\\/1dronas.lt\\\/en\\\/#organization\",\"name\":\"1dronas.lt\",\"url\":\"https:\\\/\\\/1dronas.lt\\\/en\\\/\",\"logo\":{\"@type\":\"ImageObject\",\"inLanguage\":\"en-US\",\"@id\":\"https:\\\/\\\/1dronas.lt\\\/en\\\/#\\\/schema\\\/logo\\\/image\\\/\",\"url\":\"https:\\\/\\\/1dronas.lt\\\/wp-content\\\/uploads\\\/2020\\\/12\\\/Ekrano_kopija__2_-removebg-preview-1-1.png\",\"contentUrl\":\"https:\\\/\\\/1dronas.lt\\\/wp-content\\\/uploads\\\/2020\\\/12\\\/Ekrano_kopija__2_-removebg-preview-1-1.png\",\"width\":234,\"height\":81,\"caption\":\"1dronas.lt\"},\"image\":{\"@id\":\"https:\\\/\\\/1dronas.lt\\\/en\\\/#\\\/schema\\\/logo\\\/image\\\/\"},\"sameAs\":[\"https:\\\/\\\/www.facebook.com\\\/1dronas\\\/\"]}]}<\/script>\n<!-- \/ Yoast SEO plugin. -->","yoast_head_json":{"title":"CaddxFPV Walksnail VTX V2 Antena - 1dronas.lt","robots":{"index":"index","follow":"follow","max-snippet":"max-snippet:-1","max-image-preview":"max-image-preview:large","max-video-preview":"max-video-preview:-1"},"canonical":"https:\/\/1dronas.lt\/en\/produktas\/caddxfpv-walksnail-vtx-v2-antena\/","og_locale":"en_US","og_type":"article","og_title":"CaddxFPV Walksnail VTX V2 Antena - 1dronas.lt","og_description":"CaddxFPV Walksnail Avatar V2 Antena - patobulinta, u\u017etikrinanti geresn\u012f signalo stabilum\u0105, didesn\u012f nuotol\u012f ir stipresn\u012f signalo prasiskverbim\u0105.  \u00a0\u00a01 \u2013 2 d.d.","og_url":"https:\/\/1dronas.lt\/en\/produktas\/caddxfpv-walksnail-vtx-v2-antena\/","og_site_name":"1dronas.lt","article_publisher":"https:\/\/www.facebook.com\/1dronas\/","article_modified_time":"2026-05-16T10:04:11+00:00","og_image":[{"width":800,"height":800,"url":"https:\/\/1dronas.lt\/wp-content\/uploads\/2026\/05\/V2_-3.webp","type":"image\/webp"}],"twitter_card":"summary_large_image","twitter_misc":{"Est. reading time":"2 minutes"},"schema":{"@context":"https:\/\/schema.org","@graph":[{"@type":"WebPage","@id":"https:\/\/1dronas.lt\/en\/produktas\/caddxfpv-walksnail-vtx-v2-antena\/","url":"https:\/\/1dronas.lt\/en\/produktas\/caddxfpv-walksnail-vtx-v2-antena\/","name":"CaddxFPV Walksnail VTX V2 Antena - 1dronas.lt","isPartOf":{"@id":"https:\/\/1dronas.lt\/en\/#website"},"primaryImageOfPage":{"@id":"https:\/\/1dronas.lt\/en\/produktas\/caddxfpv-walksnail-vtx-v2-antena\/#primaryimage"},"image":{"@id":"https:\/\/1dronas.lt\/en\/produktas\/caddxfpv-walksnail-vtx-v2-antena\/#primaryimage"},"thumbnailUrl":"https:\/\/1dronas.lt\/wp-content\/uploads\/2026\/05\/V2_-3.webp","datePublished":"2026-05-16T09:38:40+00:00","dateModified":"2026-05-16T10:04:11+00:00","breadcrumb":{"@id":"https:\/\/1dronas.lt\/en\/produktas\/caddxfpv-walksnail-vtx-v2-antena\/#breadcrumb"},"inLanguage":"en-US","potentialAction":[{"@type":"ReadAction","target":["https:\/\/1dronas.lt\/en\/produktas\/caddxfpv-walksnail-vtx-v2-antena\/"]}]},{"@type":"ImageObject","inLanguage":"en-US","@id":"https:\/\/1dronas.lt\/en\/produktas\/caddxfpv-walksnail-vtx-v2-antena\/#primaryimage","url":"https:\/\/1dronas.lt\/wp-content\/uploads\/2026\/05\/V2_-3.webp","contentUrl":"https:\/\/1dronas.lt\/wp-content\/uploads\/2026\/05\/V2_-3.webp","width":800,"height":800},{"@type":"BreadcrumbList","@id":"https:\/\/1dronas.lt\/en\/produktas\/caddxfpv-walksnail-vtx-v2-antena\/#breadcrumb","itemListElement":[{"@type":"ListItem","position":1,"name":"Home","item":"https:\/\/1dronas.lt\/"},{"@type":"ListItem","position":2,"name":"Parduotuv\u0117","item":"https:\/\/1dronas.lt\/parduotuve\/"},{"@type":"ListItem","position":3,"name":"CaddxFPV Walksnail VTX V2 Antena"}]},{"@type":"WebSite","@id":"https:\/\/1dronas.lt\/en\/#website","url":"https:\/\/1dronas.lt\/en\/","name":"1dronas.lt","description":"Online store","publisher":{"@id":"https:\/\/1dronas.lt\/en\/#organization"},"potentialAction":[{"@type":"SearchAction","target":{"@type":"EntryPoint","urlTemplate":"https:\/\/1dronas.lt\/en\/?s={search_term_string}"},"query-input":{"@type":"PropertyValueSpecification","valueRequired":true,"valueName":"search_term_string"}}],"inLanguage":"en-US"},{"@type":"Organization","@id":"https:\/\/1dronas.lt\/en\/#organization","name":"1dronas.lt","url":"https:\/\/1dronas.lt\/en\/","logo":{"@type":"ImageObject","inLanguage":"en-US","@id":"https:\/\/1dronas.lt\/en\/#\/schema\/logo\/image\/","url":"https:\/\/1dronas.lt\/wp-content\/uploads\/2020\/12\/Ekrano_kopija__2_-removebg-preview-1-1.png","contentUrl":"https:\/\/1dronas.lt\/wp-content\/uploads\/2020\/12\/Ekrano_kopija__2_-removebg-preview-1-1.png","width":234,"height":81,"caption":"1dronas.lt"},"image":{"@id":"https:\/\/1dronas.lt\/en\/#\/schema\/logo\/image\/"},"sameAs":["https:\/\/www.facebook.com\/1dronas\/"]}]}},"jetpack_sharing_enabled":true,"_links":{"self":[{"href":"https:\/\/1dronas.lt\/en\/wp-json\/wp\/v2\/product\/19427","targetHints":{"allow":["GET"]}}],"collection":[{"href":"https:\/\/1dronas.lt\/en\/wp-json\/wp\/v2\/product"}],"about":[{"href":"https:\/\/1dronas.lt\/en\/wp-json\/wp\/v2\/types\/product"}],"replies":[{"embeddable":true,"href":"https:\/\/1dronas.lt\/en\/wp-json\/wp\/v2\/comments?post=19427"}],"wp:featuredmedia":[{"embeddable":true,"href":"https:\/\/1dronas.lt\/en\/wp-json\/wp\/v2\/media\/19429"}],"wp:attachment":[{"href":"https:\/\/1dronas.lt\/en\/wp-json\/wp\/v2\/media?parent=19427"}],"wp:term":[{"taxonomy":"product_brand","embeddable":true,"href":"https:\/\/1dronas.lt\/en\/wp-json\/wp\/v2\/product_brand?post=19427"},{"taxonomy":"product_cat","embeddable":true,"href":"https:\/\/1dronas.lt\/en\/wp-json\/wp\/v2\/product_cat?post=19427"},{"taxonomy":"product_tag","embeddable":true,"href":"https:\/\/1dronas.lt\/en\/wp-json\/wp\/v2\/product_tag?post=19427"}],"curies":[{"name":"wp","href":"https:\/\/api.w.org\/{rel}","templated":true}]}}