{"id":19312,"date":"2026-05-11T21:15:12","date_gmt":"2026-05-11T18:15:12","guid":{"rendered":"https:\/\/1dronas.lt\/?post_type=product&#038;p=19312"},"modified":"2026-05-11T22:57:10","modified_gmt":"2026-05-11T19:57:10","slug":"caddxfpv-gm3","status":"publish","type":"product","link":"https:\/\/1dronas.lt\/en\/produktas\/caddxfpv-gm3\/","title":{"rendered":"CaddxFPV camera stabilizer"},"content":{"rendered":"<p><span style=\"color: #ed1c24;\">The camera stabilizer must be purchased separately.<\/span><\/p>\n<p>The GM1 and GM3 are compact FPV camera stabilizers designed to provide stable and smooth images during flight. Both models are compatible with 19mm FPV cameras, support PWM and UART control, and have a head tracking function that allows precise control of the camera&#039;s direction in real time. The stabilizers feature high stabilization accuracy, fast response time, and help maintain a stable image even during sudden maneuvers. The GM1 model is lighter and more compact, with 1-axis stabilization, making it perfect for lightweight FPV drones, while the GM3 model has full 3-axis stabilization (Pitch, Roll, and Yaw), providing a wider range of camera movement and even better image stability for professional FPV use.<\/p>\n<p><strong>Features:<\/strong><\/p>\n<p>\u2022 Suitable for 19 mm FPV cameras;<br \/>\n\u2022 High image stabilization accuracy;<br \/>\n\u2022 Fast and precise movement control;<br \/>\n\u2022 PWM and UART control support;<br \/>\n\u2022 Head tracking function support;<br \/>\n\u2022 Stable image during flight;<br \/>\n\u2022 Compact design for FPV systems;<br \/>\n\u2022 GM1 has 1-axis stabilization;<br \/>\n\u2022 GM3 has full 3-axis stabilization;<br \/>\n\u2022 GM3 provides a wider range of camera movement;<br \/>\n\u2022 Suitable for both amateur and professional use.<\/p>\n<p><strong>Specification:<\/strong><\/p>\n<p><strong>GM1:<\/strong><\/p>\n<p>\u2022 Model: GM1;<br \/>\n\u2022 Camera compatibility: 19mm FPV camera;<br \/>\n\u2022 Image stabilization: \u00b10.005\u00b0;<br \/>\n\u2022 Maximum control speed: \u00b11500\u00b0\/s;<br \/>\n\u2022 Maximum controllable rotation range: Pitch \u00b1120\u00b0;<br \/>\n\u2022 Dimensions: 32.2 x 38.1 x 20.5 mm;<br \/>\n\u2022 Weight: 16 g;<br \/>\n\u2022 Control mode: PWM \/ UART;<br \/>\n\u2022 Head Tracking control: Supported;<br \/>\n\u2022 Voltage: 7-26V;<br \/>\n\u2022 Static power consumption: 1.0 W.<\/p>\n<p><strong>GM3:<\/strong><\/p>\n<p>\u2022 Model: GM3;<br \/>\n\u2022 Camera compatibility: 19mm FPV camera;<br \/>\n\u2022 Image stabilization: \u00b10.005\u00b0;<br \/>\n\u2022 Maximum control speed: \u00b11500\u00b0\/s;<br \/>\n\u2022 Maximum controllable rotation range: Pitch \u00b1120\u00b0, Roll \u00b160\u00b0, Yaw \u00b1160\u00b0;<br \/>\n\u2022 Dimensions: 50 x 46.5 x 53 mm;<br \/>\n\u2022 Weight: 46 g;<br \/>\n\u2022 Control mode: PWM \/ UART;<br \/>\n\u2022 Head Tracking control: Supported;<br \/>\n\u2022 Voltage: 7-26V;<br \/>\n\u2022 Static power consumption: 1.5 W.<\/p>\n<p><img loading=\"lazy\" decoding=\"async\" class=\"alignnone size-full wp-image-19313\" src=\"https:\/\/1dronas.lt\/wp-content\/uploads\/2026\/05\/banner-10_86dfce92-6230-422e-b325-784393157ebb.jpg\" alt=\"\" width=\"1920\" height=\"1000\" srcset=\"https:\/\/1dronas.lt\/wp-content\/uploads\/2026\/05\/banner-10_86dfce92-6230-422e-b325-784393157ebb.jpg 1920w, https:\/\/1dronas.lt\/wp-content\/uploads\/2026\/05\/banner-10_86dfce92-6230-422e-b325-784393157ebb-300x156.jpg 300w, https:\/\/1dronas.lt\/wp-content\/uploads\/2026\/05\/banner-10_86dfce92-6230-422e-b325-784393157ebb-1024x533.jpg 1024w, https:\/\/1dronas.lt\/wp-content\/uploads\/2026\/05\/banner-10_86dfce92-6230-422e-b325-784393157ebb-768x400.jpg 768w, https:\/\/1dronas.lt\/wp-content\/uploads\/2026\/05\/banner-10_86dfce92-6230-422e-b325-784393157ebb-1536x800.jpg 1536w, https:\/\/1dronas.lt\/wp-content\/uploads\/2026\/05\/banner-10_86dfce92-6230-422e-b325-784393157ebb-18x9.jpg 18w, https:\/\/1dronas.lt\/wp-content\/uploads\/2026\/05\/banner-10_86dfce92-6230-422e-b325-784393157ebb-510x266.jpg 510w\" sizes=\"auto, (max-width: 1920px) 100vw, 1920px\" \/><\/p>\n<p>The CADDXFPV gimbal is designed to work perfectly with the Avatar HD goggles, enabling head tracking. This feature allows the gimbal to follow your head movements, giving you the feeling of being in the cockpit, and enhances the FPV experience, providing an unparalleled sense of realism and control.<\/p>\n<p><img loading=\"lazy\" decoding=\"async\" class=\"alignnone size-full wp-image-19316\" src=\"https:\/\/1dronas.lt\/wp-content\/uploads\/2026\/05\/2_8ad0f5c6-b492-4268-a429-3c6f11315409.jpg\" alt=\"\" width=\"1920\" height=\"1000\" srcset=\"https:\/\/1dronas.lt\/wp-content\/uploads\/2026\/05\/2_8ad0f5c6-b492-4268-a429-3c6f11315409.jpg 1920w, https:\/\/1dronas.lt\/wp-content\/uploads\/2026\/05\/2_8ad0f5c6-b492-4268-a429-3c6f11315409-300x156.jpg 300w, https:\/\/1dronas.lt\/wp-content\/uploads\/2026\/05\/2_8ad0f5c6-b492-4268-a429-3c6f11315409-1024x533.jpg 1024w, https:\/\/1dronas.lt\/wp-content\/uploads\/2026\/05\/2_8ad0f5c6-b492-4268-a429-3c6f11315409-768x400.jpg 768w, https:\/\/1dronas.lt\/wp-content\/uploads\/2026\/05\/2_8ad0f5c6-b492-4268-a429-3c6f11315409-1536x800.jpg 1536w, https:\/\/1dronas.lt\/wp-content\/uploads\/2026\/05\/2_8ad0f5c6-b492-4268-a429-3c6f11315409-18x9.jpg 18w, https:\/\/1dronas.lt\/wp-content\/uploads\/2026\/05\/2_8ad0f5c6-b492-4268-a429-3c6f11315409-510x266.jpg 510w\" sizes=\"auto, (max-width: 1920px) 100vw, 1920px\" \/><\/p>\n<p>The CADDXFPV gimbal uses advanced mechanical stabilization that effectively reduces camera shake during flight, ensuring clear and smooth images even in unstable conditions.<\/p>\n<p><img loading=\"lazy\" decoding=\"async\" class=\"alignnone size-full wp-image-19317\" src=\"https:\/\/1dronas.lt\/wp-content\/uploads\/2026\/05\/3_83ae0ec4-cd50-4bbf-97ee-a448e46988f5.jpg\" alt=\"\" width=\"1920\" height=\"1000\" srcset=\"https:\/\/1dronas.lt\/wp-content\/uploads\/2026\/05\/3_83ae0ec4-cd50-4bbf-97ee-a448e46988f5.jpg 1920w, https:\/\/1dronas.lt\/wp-content\/uploads\/2026\/05\/3_83ae0ec4-cd50-4bbf-97ee-a448e46988f5-300x156.jpg 300w, https:\/\/1dronas.lt\/wp-content\/uploads\/2026\/05\/3_83ae0ec4-cd50-4bbf-97ee-a448e46988f5-1024x533.jpg 1024w, https:\/\/1dronas.lt\/wp-content\/uploads\/2026\/05\/3_83ae0ec4-cd50-4bbf-97ee-a448e46988f5-768x400.jpg 768w, https:\/\/1dronas.lt\/wp-content\/uploads\/2026\/05\/3_83ae0ec4-cd50-4bbf-97ee-a448e46988f5-1536x800.jpg 1536w, https:\/\/1dronas.lt\/wp-content\/uploads\/2026\/05\/3_83ae0ec4-cd50-4bbf-97ee-a448e46988f5-18x9.jpg 18w, https:\/\/1dronas.lt\/wp-content\/uploads\/2026\/05\/3_83ae0ec4-cd50-4bbf-97ee-a448e46988f5-510x266.jpg 510w\" sizes=\"auto, (max-width: 1920px) 100vw, 1920px\" \/><\/p>\n<p>Gimbal modes and sensitivity can be easily controlled via the Avatar goggles menu or PWM control, providing precise control over gimbal behavior.<\/p>\n<p><img loading=\"lazy\" decoding=\"async\" class=\"alignnone size-full wp-image-19319\" src=\"https:\/\/1dronas.lt\/wp-content\/uploads\/2026\/05\/4_297976f8-da33-4a47-85b6-b837476c2570.jpg\" alt=\"\" width=\"1920\" height=\"1000\" srcset=\"https:\/\/1dronas.lt\/wp-content\/uploads\/2026\/05\/4_297976f8-da33-4a47-85b6-b837476c2570.jpg 1920w, https:\/\/1dronas.lt\/wp-content\/uploads\/2026\/05\/4_297976f8-da33-4a47-85b6-b837476c2570-300x156.jpg 300w, https:\/\/1dronas.lt\/wp-content\/uploads\/2026\/05\/4_297976f8-da33-4a47-85b6-b837476c2570-1024x533.jpg 1024w, https:\/\/1dronas.lt\/wp-content\/uploads\/2026\/05\/4_297976f8-da33-4a47-85b6-b837476c2570-768x400.jpg 768w, https:\/\/1dronas.lt\/wp-content\/uploads\/2026\/05\/4_297976f8-da33-4a47-85b6-b837476c2570-1536x800.jpg 1536w, https:\/\/1dronas.lt\/wp-content\/uploads\/2026\/05\/4_297976f8-da33-4a47-85b6-b837476c2570-18x9.jpg 18w, https:\/\/1dronas.lt\/wp-content\/uploads\/2026\/05\/4_297976f8-da33-4a47-85b6-b837476c2570-510x266.jpg 510w\" sizes=\"auto, (max-width: 1920px) 100vw, 1920px\" \/><\/p>\n<p>Whether you are using an FPV drone, RC FPV wing or RC car, the CADDXFPV gimbal series provides the right solution for your needs. The gimbal&#039;s wide compatibility ensures that it integrates easily with a variety of FPV systems. Enhance your FPV experience with unmatched stability and control, and capture impressive footage every time.<\/p>\n<p><img loading=\"lazy\" decoding=\"async\" class=\"alignnone size-full wp-image-19320\" src=\"https:\/\/1dronas.lt\/wp-content\/uploads\/2026\/05\/5_2449e12c-f8d5-4906-9229-11e30b88ce53.jpg\" alt=\"\" width=\"1920\" height=\"1000\" srcset=\"https:\/\/1dronas.lt\/wp-content\/uploads\/2026\/05\/5_2449e12c-f8d5-4906-9229-11e30b88ce53.jpg 1920w, https:\/\/1dronas.lt\/wp-content\/uploads\/2026\/05\/5_2449e12c-f8d5-4906-9229-11e30b88ce53-300x156.jpg 300w, https:\/\/1dronas.lt\/wp-content\/uploads\/2026\/05\/5_2449e12c-f8d5-4906-9229-11e30b88ce53-1024x533.jpg 1024w, https:\/\/1dronas.lt\/wp-content\/uploads\/2026\/05\/5_2449e12c-f8d5-4906-9229-11e30b88ce53-768x400.jpg 768w, https:\/\/1dronas.lt\/wp-content\/uploads\/2026\/05\/5_2449e12c-f8d5-4906-9229-11e30b88ce53-1536x800.jpg 1536w, https:\/\/1dronas.lt\/wp-content\/uploads\/2026\/05\/5_2449e12c-f8d5-4906-9229-11e30b88ce53-18x9.jpg 18w, https:\/\/1dronas.lt\/wp-content\/uploads\/2026\/05\/5_2449e12c-f8d5-4906-9229-11e30b88ce53-510x266.jpg 510w\" sizes=\"auto, (max-width: 1920px) 100vw, 1920px\" \/><\/p>\n<p>Equipped with a coaxial cable for connection to the VTX, allowing for smooth head tracking performance and a fully immersive FPV experience. The quick assembly process makes it easy to install and start using.<\/p>\n<p><img loading=\"lazy\" decoding=\"async\" class=\"alignnone size-full wp-image-19322\" src=\"https:\/\/1dronas.lt\/wp-content\/uploads\/2026\/05\/254125253a051001c62cdb4893bfee7d.jpg\" alt=\"\" width=\"1920\" height=\"1000\" srcset=\"https:\/\/1dronas.lt\/wp-content\/uploads\/2026\/05\/254125253a051001c62cdb4893bfee7d.jpg 1920w, https:\/\/1dronas.lt\/wp-content\/uploads\/2026\/05\/254125253a051001c62cdb4893bfee7d-300x156.jpg 300w, https:\/\/1dronas.lt\/wp-content\/uploads\/2026\/05\/254125253a051001c62cdb4893bfee7d-1024x533.jpg 1024w, https:\/\/1dronas.lt\/wp-content\/uploads\/2026\/05\/254125253a051001c62cdb4893bfee7d-768x400.jpg 768w, https:\/\/1dronas.lt\/wp-content\/uploads\/2026\/05\/254125253a051001c62cdb4893bfee7d-1536x800.jpg 1536w, https:\/\/1dronas.lt\/wp-content\/uploads\/2026\/05\/254125253a051001c62cdb4893bfee7d-18x9.jpg 18w, https:\/\/1dronas.lt\/wp-content\/uploads\/2026\/05\/254125253a051001c62cdb4893bfee7d-510x266.jpg 510w\" sizes=\"auto, (max-width: 1920px) 100vw, 1920px\" \/><\/p>\n<p>Available in three models\u2014single-axis, dual-axis, and tri-axis\u2014this gimbal meets a variety of user needs and applications. Whether you are a professional pilot or a hobbyist, the flexibility of CADDXFPV gimbals ensures that they can meet the requirements of any FPV system.<\/p>\n<p><img loading=\"lazy\" decoding=\"async\" class=\"alignnone size-full wp-image-19318\" src=\"https:\/\/1dronas.lt\/wp-content\/uploads\/2026\/05\/6_8bc828da-96f6-439a-9893-67baa498b1e2.jpg\" alt=\"\" width=\"1920\" height=\"1000\" srcset=\"https:\/\/1dronas.lt\/wp-content\/uploads\/2026\/05\/6_8bc828da-96f6-439a-9893-67baa498b1e2.jpg 1920w, https:\/\/1dronas.lt\/wp-content\/uploads\/2026\/05\/6_8bc828da-96f6-439a-9893-67baa498b1e2-300x156.jpg 300w, https:\/\/1dronas.lt\/wp-content\/uploads\/2026\/05\/6_8bc828da-96f6-439a-9893-67baa498b1e2-1024x533.jpg 1024w, https:\/\/1dronas.lt\/wp-content\/uploads\/2026\/05\/6_8bc828da-96f6-439a-9893-67baa498b1e2-768x400.jpg 768w, https:\/\/1dronas.lt\/wp-content\/uploads\/2026\/05\/6_8bc828da-96f6-439a-9893-67baa498b1e2-1536x800.jpg 1536w, https:\/\/1dronas.lt\/wp-content\/uploads\/2026\/05\/6_8bc828da-96f6-439a-9893-67baa498b1e2-18x9.jpg 18w, https:\/\/1dronas.lt\/wp-content\/uploads\/2026\/05\/6_8bc828da-96f6-439a-9893-67baa498b1e2-510x266.jpg 510w\" sizes=\"auto, (max-width: 1920px) 100vw, 1920px\" \/><\/p>\n<p><span style=\"color: #ed1c24;\">The camera stabilizer must be purchased separately.<\/span><\/p>\n<p><strong>Package:<\/strong><\/p>\n<p><strong>GM1:<\/strong><\/p>\n<p>1x GM1 camera stabilizer;<br \/>\n2x Connecting cables;<br \/>\n1x user manual.<\/p>\n<p><img loading=\"lazy\" decoding=\"async\" class=\"alignnone wp-image-19394\" src=\"https:\/\/1dronas.lt\/wp-content\/uploads\/2026\/05\/Screenshot-2026-05-11-at-22.03.41-1024x305.png\" alt=\"\" width=\"563\" height=\"168\" srcset=\"https:\/\/1dronas.lt\/wp-content\/uploads\/2026\/05\/Screenshot-2026-05-11-at-22.03.41-1024x305.png 1024w, https:\/\/1dronas.lt\/wp-content\/uploads\/2026\/05\/Screenshot-2026-05-11-at-22.03.41-300x89.png 300w, https:\/\/1dronas.lt\/wp-content\/uploads\/2026\/05\/Screenshot-2026-05-11-at-22.03.41-768x229.png 768w, https:\/\/1dronas.lt\/wp-content\/uploads\/2026\/05\/Screenshot-2026-05-11-at-22.03.41-18x5.png 18w, https:\/\/1dronas.lt\/wp-content\/uploads\/2026\/05\/Screenshot-2026-05-11-at-22.03.41-510x152.png 510w, https:\/\/1dronas.lt\/wp-content\/uploads\/2026\/05\/Screenshot-2026-05-11-at-22.03.41.png 1464w\" sizes=\"auto, (max-width: 563px) 100vw, 563px\" \/><\/p>\n<p><strong>GM3:<\/strong><\/p>\n<p>1x GM3 camera stabilizer;<br \/>\n2x Connecting cables;<br \/>\n1x user manual.<\/p>\n<p><img loading=\"lazy\" decoding=\"async\" class=\"alignnone wp-image-19393\" src=\"https:\/\/1dronas.lt\/wp-content\/uploads\/2026\/05\/Screenshot-2026-05-11-at-22.01.30-1024x302.png\" alt=\"\" width=\"563\" height=\"166\" srcset=\"https:\/\/1dronas.lt\/wp-content\/uploads\/2026\/05\/Screenshot-2026-05-11-at-22.01.30-1024x302.png 1024w, https:\/\/1dronas.lt\/wp-content\/uploads\/2026\/05\/Screenshot-2026-05-11-at-22.01.30-300x88.png 300w, https:\/\/1dronas.lt\/wp-content\/uploads\/2026\/05\/Screenshot-2026-05-11-at-22.01.30-768x226.png 768w, https:\/\/1dronas.lt\/wp-content\/uploads\/2026\/05\/Screenshot-2026-05-11-at-22.01.30-18x5.png 18w, https:\/\/1dronas.lt\/wp-content\/uploads\/2026\/05\/Screenshot-2026-05-11-at-22.01.30-510x150.png 510w, https:\/\/1dronas.lt\/wp-content\/uploads\/2026\/05\/Screenshot-2026-05-11-at-22.01.30.png 1460w\" sizes=\"auto, (max-width: 563px) 100vw, 563px\" \/><\/p>","protected":false},"excerpt":{"rendered":"<p><span style=\"color: #333333;\">GM1 and GM3 are high-precision FPV camera stabilizers with head tracking function, designed to ensure stable images and smooth camera control during flight.<\/span><\/p>\n<p><span style=\"color: #333333;\"><strong><img loading=\"lazy\" decoding=\"async\" class=\"alignnone wp-image-1806\" src=\"https:\/\/1dronas.lt\/wp-content\/uploads\/2021\/05\/delivery-icon.png.webp\" alt=\"\" width=\"24\" height=\"24\" srcset=\"https:\/\/1dronas.lt\/wp-content\/uploads\/2021\/05\/delivery-icon.png 35w, https:\/\/1dronas.lt\/wp-content\/uploads\/2021\/05\/delivery-icon-12x12.png 12w\" sizes=\"auto, (max-width: 24px) 100vw, 24px\" \/>\u00a01 \u2013 2 days<\/strong><\/span><\/p>","protected":false},"featured_media":19389,"comment_status":"open","ping_status":"closed","template":"","meta":[],"product_brand":[1112],"product_cat":[191],"product_tag":[1313,1312,1113,1308,1307,1311,433],"class_list":{"0":"post-19312","1":"product","2":"type-product","3":"status-publish","4":"has-post-thumbnail","6":"product_brand-caddxfpv","7":"product_cat-kameros","8":"product_tag-1-asis","9":"product_tag-3-asiu","10":"product_tag-caddxfpv","11":"product_tag-gm1","12":"product_tag-gm3","13":"product_tag-head-tracking","14":"product_tag-kamera","16":"first","17":"instock","18":"taxable","19":"shipping-taxable","20":"purchasable","21":"product-type-variable","22":"has-default-attributes"},"yoast_head":"<!-- This site is optimized with the Yoast SEO plugin v27.5 - https:\/\/yoast.com\/product\/yoast-seo-wordpress\/ -->\n<title>CaddxFPV kameros stabilizatorius - 1dronas.lt<\/title>\n<meta name=\"robots\" content=\"index, follow, max-snippet:-1, max-image-preview:large, max-video-preview:-1\" \/>\n<link rel=\"canonical\" href=\"https:\/\/1dronas.lt\/en\/produktas\/caddxfpv-gm3\/\" \/>\n<meta property=\"og:locale\" content=\"en_US\" \/>\n<meta property=\"og:type\" content=\"article\" \/>\n<meta property=\"og:title\" content=\"CaddxFPV kameros stabilizatorius - 1dronas.lt\" \/>\n<meta property=\"og:description\" content=\"GM1 ir GM3 \u2013 tai auk\u0161to tikslumo FPV kamer\u0173 stabilizatoriai su galvos sekimo funkcija, skirti u\u017etikrinti stabil\u0173 vaizd\u0105 bei skland\u0173 kameros valdym\u0105 skryd\u017eio metu.  \u00a01 \u2013 2 d. d.\" \/>\n<meta property=\"og:url\" content=\"https:\/\/1dronas.lt\/en\/produktas\/caddxfpv-gm3\/\" \/>\n<meta property=\"og:site_name\" content=\"1dronas.lt\" \/>\n<meta property=\"article:publisher\" content=\"https:\/\/www.facebook.com\/1dronas\/\" \/>\n<meta property=\"article:modified_time\" content=\"2026-05-11T19:57:10+00:00\" \/>\n<meta property=\"og:image\" content=\"https:\/\/1dronas.lt\/wp-content\/uploads\/2026\/05\/GM3.jpeg\" \/>\n\t<meta property=\"og:image:width\" content=\"1600\" \/>\n\t<meta property=\"og:image:height\" content=\"1600\" \/>\n\t<meta property=\"og:image:type\" content=\"image\/jpeg\" \/>\n<meta name=\"twitter:card\" content=\"summary_large_image\" \/>\n<meta name=\"twitter:label1\" content=\"Est. reading time\" \/>\n\t<meta name=\"twitter:data1\" content=\"5 minutes\" \/>\n<script type=\"application\/ld+json\" class=\"yoast-schema-graph\">{\"@context\":\"https:\\\/\\\/schema.org\",\"@graph\":[{\"@type\":\"WebPage\",\"@id\":\"https:\\\/\\\/1dronas.lt\\\/en\\\/produktas\\\/caddxfpv-gm3\\\/\",\"url\":\"https:\\\/\\\/1dronas.lt\\\/en\\\/produktas\\\/caddxfpv-gm3\\\/\",\"name\":\"CaddxFPV kameros stabilizatorius - 1dronas.lt\",\"isPartOf\":{\"@id\":\"https:\\\/\\\/1dronas.lt\\\/en\\\/#website\"},\"primaryImageOfPage\":{\"@id\":\"https:\\\/\\\/1dronas.lt\\\/en\\\/produktas\\\/caddxfpv-gm3\\\/#primaryimage\"},\"image\":{\"@id\":\"https:\\\/\\\/1dronas.lt\\\/en\\\/produktas\\\/caddxfpv-gm3\\\/#primaryimage\"},\"thumbnailUrl\":\"https:\\\/\\\/1dronas.lt\\\/wp-content\\\/uploads\\\/2026\\\/05\\\/GM3.jpeg\",\"datePublished\":\"2026-05-11T18:15:12+00:00\",\"dateModified\":\"2026-05-11T19:57:10+00:00\",\"breadcrumb\":{\"@id\":\"https:\\\/\\\/1dronas.lt\\\/en\\\/produktas\\\/caddxfpv-gm3\\\/#breadcrumb\"},\"inLanguage\":\"en-US\",\"potentialAction\":[{\"@type\":\"ReadAction\",\"target\":[\"https:\\\/\\\/1dronas.lt\\\/en\\\/produktas\\\/caddxfpv-gm3\\\/\"]}]},{\"@type\":\"ImageObject\",\"inLanguage\":\"en-US\",\"@id\":\"https:\\\/\\\/1dronas.lt\\\/en\\\/produktas\\\/caddxfpv-gm3\\\/#primaryimage\",\"url\":\"https:\\\/\\\/1dronas.lt\\\/wp-content\\\/uploads\\\/2026\\\/05\\\/GM3.jpeg\",\"contentUrl\":\"https:\\\/\\\/1dronas.lt\\\/wp-content\\\/uploads\\\/2026\\\/05\\\/GM3.jpeg\",\"width\":1600,\"height\":1600},{\"@type\":\"BreadcrumbList\",\"@id\":\"https:\\\/\\\/1dronas.lt\\\/en\\\/produktas\\\/caddxfpv-gm3\\\/#breadcrumb\",\"itemListElement\":[{\"@type\":\"ListItem\",\"position\":1,\"name\":\"Home\",\"item\":\"https:\\\/\\\/1dronas.lt\\\/\"},{\"@type\":\"ListItem\",\"position\":2,\"name\":\"Parduotuv\u0117\",\"item\":\"https:\\\/\\\/1dronas.lt\\\/parduotuve\\\/\"},{\"@type\":\"ListItem\",\"position\":3,\"name\":\"CaddxFPV kameros stabilizatorius\"}]},{\"@type\":\"WebSite\",\"@id\":\"https:\\\/\\\/1dronas.lt\\\/en\\\/#website\",\"url\":\"https:\\\/\\\/1dronas.lt\\\/en\\\/\",\"name\":\"1dronas.lt\",\"description\":\"Internetin\u0117 parduotuv\u0117\",\"publisher\":{\"@id\":\"https:\\\/\\\/1dronas.lt\\\/en\\\/#organization\"},\"potentialAction\":[{\"@type\":\"SearchAction\",\"target\":{\"@type\":\"EntryPoint\",\"urlTemplate\":\"https:\\\/\\\/1dronas.lt\\\/en\\\/?s={search_term_string}\"},\"query-input\":{\"@type\":\"PropertyValueSpecification\",\"valueRequired\":true,\"valueName\":\"search_term_string\"}}],\"inLanguage\":\"en-US\"},{\"@type\":\"Organization\",\"@id\":\"https:\\\/\\\/1dronas.lt\\\/en\\\/#organization\",\"name\":\"1dronas.lt\",\"url\":\"https:\\\/\\\/1dronas.lt\\\/en\\\/\",\"logo\":{\"@type\":\"ImageObject\",\"inLanguage\":\"en-US\",\"@id\":\"https:\\\/\\\/1dronas.lt\\\/en\\\/#\\\/schema\\\/logo\\\/image\\\/\",\"url\":\"https:\\\/\\\/1dronas.lt\\\/wp-content\\\/uploads\\\/2020\\\/12\\\/Ekrano_kopija__2_-removebg-preview-1-1.png\",\"contentUrl\":\"https:\\\/\\\/1dronas.lt\\\/wp-content\\\/uploads\\\/2020\\\/12\\\/Ekrano_kopija__2_-removebg-preview-1-1.png\",\"width\":234,\"height\":81,\"caption\":\"1dronas.lt\"},\"image\":{\"@id\":\"https:\\\/\\\/1dronas.lt\\\/en\\\/#\\\/schema\\\/logo\\\/image\\\/\"},\"sameAs\":[\"https:\\\/\\\/www.facebook.com\\\/1dronas\\\/\"]}]}<\/script>\n<!-- \/ Yoast SEO plugin. -->","yoast_head_json":{"title":"CaddxFPV kameros stabilizatorius - 1dronas.lt","robots":{"index":"index","follow":"follow","max-snippet":"max-snippet:-1","max-image-preview":"max-image-preview:large","max-video-preview":"max-video-preview:-1"},"canonical":"https:\/\/1dronas.lt\/en\/produktas\/caddxfpv-gm3\/","og_locale":"en_US","og_type":"article","og_title":"CaddxFPV kameros stabilizatorius - 1dronas.lt","og_description":"GM1 ir GM3 \u2013 tai auk\u0161to tikslumo FPV kamer\u0173 stabilizatoriai su galvos sekimo funkcija, skirti u\u017etikrinti stabil\u0173 vaizd\u0105 bei skland\u0173 kameros valdym\u0105 skryd\u017eio metu.  \u00a01 \u2013 2 d. d.","og_url":"https:\/\/1dronas.lt\/en\/produktas\/caddxfpv-gm3\/","og_site_name":"1dronas.lt","article_publisher":"https:\/\/www.facebook.com\/1dronas\/","article_modified_time":"2026-05-11T19:57:10+00:00","og_image":[{"width":1600,"height":1600,"url":"https:\/\/1dronas.lt\/wp-content\/uploads\/2026\/05\/GM3.jpeg","type":"image\/jpeg"}],"twitter_card":"summary_large_image","twitter_misc":{"Est. reading time":"5 minutes"},"schema":{"@context":"https:\/\/schema.org","@graph":[{"@type":"WebPage","@id":"https:\/\/1dronas.lt\/en\/produktas\/caddxfpv-gm3\/","url":"https:\/\/1dronas.lt\/en\/produktas\/caddxfpv-gm3\/","name":"CaddxFPV kameros stabilizatorius - 1dronas.lt","isPartOf":{"@id":"https:\/\/1dronas.lt\/en\/#website"},"primaryImageOfPage":{"@id":"https:\/\/1dronas.lt\/en\/produktas\/caddxfpv-gm3\/#primaryimage"},"image":{"@id":"https:\/\/1dronas.lt\/en\/produktas\/caddxfpv-gm3\/#primaryimage"},"thumbnailUrl":"https:\/\/1dronas.lt\/wp-content\/uploads\/2026\/05\/GM3.jpeg","datePublished":"2026-05-11T18:15:12+00:00","dateModified":"2026-05-11T19:57:10+00:00","breadcrumb":{"@id":"https:\/\/1dronas.lt\/en\/produktas\/caddxfpv-gm3\/#breadcrumb"},"inLanguage":"en-US","potentialAction":[{"@type":"ReadAction","target":["https:\/\/1dronas.lt\/en\/produktas\/caddxfpv-gm3\/"]}]},{"@type":"ImageObject","inLanguage":"en-US","@id":"https:\/\/1dronas.lt\/en\/produktas\/caddxfpv-gm3\/#primaryimage","url":"https:\/\/1dronas.lt\/wp-content\/uploads\/2026\/05\/GM3.jpeg","contentUrl":"https:\/\/1dronas.lt\/wp-content\/uploads\/2026\/05\/GM3.jpeg","width":1600,"height":1600},{"@type":"BreadcrumbList","@id":"https:\/\/1dronas.lt\/en\/produktas\/caddxfpv-gm3\/#breadcrumb","itemListElement":[{"@type":"ListItem","position":1,"name":"Home","item":"https:\/\/1dronas.lt\/"},{"@type":"ListItem","position":2,"name":"Parduotuv\u0117","item":"https:\/\/1dronas.lt\/parduotuve\/"},{"@type":"ListItem","position":3,"name":"CaddxFPV kameros stabilizatorius"}]},{"@type":"WebSite","@id":"https:\/\/1dronas.lt\/en\/#website","url":"https:\/\/1dronas.lt\/en\/","name":"1dronas.lt","description":"Online store","publisher":{"@id":"https:\/\/1dronas.lt\/en\/#organization"},"potentialAction":[{"@type":"SearchAction","target":{"@type":"EntryPoint","urlTemplate":"https:\/\/1dronas.lt\/en\/?s={search_term_string}"},"query-input":{"@type":"PropertyValueSpecification","valueRequired":true,"valueName":"search_term_string"}}],"inLanguage":"en-US"},{"@type":"Organization","@id":"https:\/\/1dronas.lt\/en\/#organization","name":"1dronas.lt","url":"https:\/\/1dronas.lt\/en\/","logo":{"@type":"ImageObject","inLanguage":"en-US","@id":"https:\/\/1dronas.lt\/en\/#\/schema\/logo\/image\/","url":"https:\/\/1dronas.lt\/wp-content\/uploads\/2020\/12\/Ekrano_kopija__2_-removebg-preview-1-1.png","contentUrl":"https:\/\/1dronas.lt\/wp-content\/uploads\/2020\/12\/Ekrano_kopija__2_-removebg-preview-1-1.png","width":234,"height":81,"caption":"1dronas.lt"},"image":{"@id":"https:\/\/1dronas.lt\/en\/#\/schema\/logo\/image\/"},"sameAs":["https:\/\/www.facebook.com\/1dronas\/"]}]}},"jetpack_sharing_enabled":true,"_links":{"self":[{"href":"https:\/\/1dronas.lt\/en\/wp-json\/wp\/v2\/product\/19312","targetHints":{"allow":["GET"]}}],"collection":[{"href":"https:\/\/1dronas.lt\/en\/wp-json\/wp\/v2\/product"}],"about":[{"href":"https:\/\/1dronas.lt\/en\/wp-json\/wp\/v2\/types\/product"}],"replies":[{"embeddable":true,"href":"https:\/\/1dronas.lt\/en\/wp-json\/wp\/v2\/comments?post=19312"}],"wp:featuredmedia":[{"embeddable":true,"href":"https:\/\/1dronas.lt\/en\/wp-json\/wp\/v2\/media\/19389"}],"wp:attachment":[{"href":"https:\/\/1dronas.lt\/en\/wp-json\/wp\/v2\/media?parent=19312"}],"wp:term":[{"taxonomy":"product_brand","embeddable":true,"href":"https:\/\/1dronas.lt\/en\/wp-json\/wp\/v2\/product_brand?post=19312"},{"taxonomy":"product_cat","embeddable":true,"href":"https:\/\/1dronas.lt\/en\/wp-json\/wp\/v2\/product_cat?post=19312"},{"taxonomy":"product_tag","embeddable":true,"href":"https:\/\/1dronas.lt\/en\/wp-json\/wp\/v2\/product_tag?post=19312"}],"curies":[{"name":"wp","href":"https:\/\/api.w.org\/{rel}","templated":true}]}}