{"id":19304,"date":"2026-05-11T22:23:19","date_gmt":"2026-05-11T19:23:19","guid":{"rendered":"https:\/\/1dronas.lt\/?post_type=product&#038;p=19304"},"modified":"2026-05-11T22:23:19","modified_gmt":"2026-05-11T19:23:19","slug":"caddxfpv-walksnail-patch-antena-v2-for-avatar-hd-goggles-x","status":"publish","type":"product","link":"https:\/\/1dronas.lt\/en\/produktas\/caddxfpv-walksnail-patch-antena-v2-for-avatar-hd-goggles-x\/","title":{"rendered":"CaddxFPV Walksnail Patch Antenna V2 for Avatar HD Goggles X"},"content":{"rendered":"<p>CaddxFPV Walksnail Patch Antenna V2 for Avatar HD Goggles X is a directional 5.8 GHz FPV antenna for Walksnail Goggles X that improves signal quality, stability, and range. It has high gain (~6.7 dBi), which helps maintain a stronger and cleaner image even when flying further away from the pilot.<\/p>\n<p><img loading=\"lazy\" decoding=\"async\" class=\"alignnone size-full wp-image-19305\" src=\"https:\/\/1dronas.lt\/wp-content\/uploads\/2026\/05\/1_92303092-dc77-403e-b2f7-2f169fde4f85.webp\" alt=\"\" width=\"1920\" height=\"1000\" srcset=\"https:\/\/1dronas.lt\/wp-content\/uploads\/2026\/05\/1_92303092-dc77-403e-b2f7-2f169fde4f85.webp 1920w, https:\/\/1dronas.lt\/wp-content\/uploads\/2026\/05\/1_92303092-dc77-403e-b2f7-2f169fde4f85-300x156.webp 300w, https:\/\/1dronas.lt\/wp-content\/uploads\/2026\/05\/1_92303092-dc77-403e-b2f7-2f169fde4f85-1024x533.webp 1024w, https:\/\/1dronas.lt\/wp-content\/uploads\/2026\/05\/1_92303092-dc77-403e-b2f7-2f169fde4f85-768x400.webp 768w, https:\/\/1dronas.lt\/wp-content\/uploads\/2026\/05\/1_92303092-dc77-403e-b2f7-2f169fde4f85-1536x800.webp 1536w, https:\/\/1dronas.lt\/wp-content\/uploads\/2026\/05\/1_92303092-dc77-403e-b2f7-2f169fde4f85-18x9.webp 18w, https:\/\/1dronas.lt\/wp-content\/uploads\/2026\/05\/1_92303092-dc77-403e-b2f7-2f169fde4f85-510x266.webp 510w\" sizes=\"auto, (max-width: 1920px) 100vw, 1920px\" \/><\/p>\n<p><strong>Specification:<\/strong><\/p>\n<p>\u2022 Frequency band: 5600\u20136000 MHz;<br \/>\n\u2022 Polarization: LHCP;<br \/>\n\u2022 Gain: 6.7 dBi;<br \/>\n\u2022 VSWR: &lt; 1.4;<br \/>\n\u2022 Efficiency: 97%;<br \/>\n\u2022 Beam width: 127\u00b0;<br \/>\n\u2022 Connector: SMA-RP;<br \/>\n\u2022 Weight: 32g;<br \/>\n\u2022 Size: width 146 mm, length 35 mm, height 10 mm.<\/p>\n<p><strong>Package:<\/strong><\/p>\n<p>1x Walksnail Patch Antenna V2.<\/p>","protected":false},"excerpt":{"rendered":"<p><span style=\"color: #333333;\">Walksnail Patch Antenna V2 is a lightweight directional 5.8 GHz antenna for Goggles X designed to improve signal and range.<\/span><\/p>\n<p><span style=\"color: #333333;\"><strong><img loading=\"lazy\" decoding=\"async\" class=\"alignnone wp-image-1806\" src=\"https:\/\/1dronas.lt\/wp-content\/uploads\/2021\/05\/delivery-icon.png.webp\" alt=\"\" width=\"24\" height=\"24\" srcset=\"https:\/\/1dronas.lt\/wp-content\/uploads\/2021\/05\/delivery-icon.png 35w, https:\/\/1dronas.lt\/wp-content\/uploads\/2021\/05\/delivery-icon-12x12.png 12w\" sizes=\"auto, (max-width: 24px) 100vw, 24px\" \/>\u00a01 \u2013 2 days<\/strong><\/span><\/p>","protected":false},"featured_media":19306,"comment_status":"open","ping_status":"closed","template":"","meta":[],"product_brand":[1112],"product_cat":[161],"product_tag":[487,1124,1113,536,1117],"class_list":{"0":"post-19304","1":"product","2":"type-product","3":"status-publish","4":"has-post-thumbnail","6":"product_brand-caddxfpv","7":"product_cat-antenos","8":"product_tag-antena","9":"product_tag-avatar-hd-x","10":"product_tag-caddxfpv","11":"product_tag-v2","12":"product_tag-walksnail","14":"first","15":"instock","16":"taxable","17":"shipping-taxable","18":"purchasable","19":"product-type-simple"},"yoast_head":"<!-- This site is optimized with the Yoast SEO plugin v27.5 - https:\/\/yoast.com\/product\/yoast-seo-wordpress\/ -->\n<title>CaddxFPV Walksnail Patch Antena V2 for Avatar HD Goggles X - 1dronas.lt<\/title>\n<meta name=\"robots\" content=\"index, follow, max-snippet:-1, max-image-preview:large, max-video-preview:-1\" \/>\n<link rel=\"canonical\" href=\"https:\/\/1dronas.lt\/en\/produktas\/caddxfpv-walksnail-patch-antena-v2-for-avatar-hd-goggles-x\/\" \/>\n<meta property=\"og:locale\" content=\"en_US\" \/>\n<meta property=\"og:type\" content=\"article\" \/>\n<meta property=\"og:title\" content=\"CaddxFPV Walksnail Patch Antena V2 for Avatar HD Goggles X - 1dronas.lt\" \/>\n<meta property=\"og:description\" content=\"Walksnail Patch Antenna V2 - tai lengva kryptin\u0117 5.8 GHz antena Goggles X akiniams, skirta pagerinti signal\u0105 ir nuotol\u012f.  \u00a01 \u2013 2 d. d.\" \/>\n<meta property=\"og:url\" content=\"https:\/\/1dronas.lt\/en\/produktas\/caddxfpv-walksnail-patch-antena-v2-for-avatar-hd-goggles-x\/\" \/>\n<meta property=\"og:site_name\" content=\"1dronas.lt\" \/>\n<meta property=\"article:publisher\" content=\"https:\/\/www.facebook.com\/1dronas\/\" \/>\n<meta property=\"og:image\" content=\"https:\/\/1dronas.lt\/wp-content\/uploads\/2026\/05\/GogglesX.webp\" \/>\n\t<meta property=\"og:image:width\" content=\"800\" \/>\n\t<meta property=\"og:image:height\" content=\"800\" \/>\n\t<meta property=\"og:image:type\" content=\"image\/webp\" \/>\n<meta name=\"twitter:card\" content=\"summary_large_image\" \/>\n<meta name=\"twitter:label1\" content=\"Est. reading time\" \/>\n\t<meta name=\"twitter:data1\" content=\"1 minute\" \/>\n<script type=\"application\/ld+json\" class=\"yoast-schema-graph\">{\"@context\":\"https:\\\/\\\/schema.org\",\"@graph\":[{\"@type\":\"WebPage\",\"@id\":\"https:\\\/\\\/1dronas.lt\\\/en\\\/produktas\\\/caddxfpv-walksnail-patch-antena-v2-for-avatar-hd-goggles-x\\\/\",\"url\":\"https:\\\/\\\/1dronas.lt\\\/en\\\/produktas\\\/caddxfpv-walksnail-patch-antena-v2-for-avatar-hd-goggles-x\\\/\",\"name\":\"CaddxFPV Walksnail Patch Antena V2 for Avatar HD Goggles X - 1dronas.lt\",\"isPartOf\":{\"@id\":\"https:\\\/\\\/1dronas.lt\\\/en\\\/#website\"},\"primaryImageOfPage\":{\"@id\":\"https:\\\/\\\/1dronas.lt\\\/en\\\/produktas\\\/caddxfpv-walksnail-patch-antena-v2-for-avatar-hd-goggles-x\\\/#primaryimage\"},\"image\":{\"@id\":\"https:\\\/\\\/1dronas.lt\\\/en\\\/produktas\\\/caddxfpv-walksnail-patch-antena-v2-for-avatar-hd-goggles-x\\\/#primaryimage\"},\"thumbnailUrl\":\"https:\\\/\\\/1dronas.lt\\\/wp-content\\\/uploads\\\/2026\\\/05\\\/GogglesX.webp\",\"datePublished\":\"2026-05-11T19:23:19+00:00\",\"breadcrumb\":{\"@id\":\"https:\\\/\\\/1dronas.lt\\\/en\\\/produktas\\\/caddxfpv-walksnail-patch-antena-v2-for-avatar-hd-goggles-x\\\/#breadcrumb\"},\"inLanguage\":\"en-US\",\"potentialAction\":[{\"@type\":\"ReadAction\",\"target\":[\"https:\\\/\\\/1dronas.lt\\\/en\\\/produktas\\\/caddxfpv-walksnail-patch-antena-v2-for-avatar-hd-goggles-x\\\/\"]}]},{\"@type\":\"ImageObject\",\"inLanguage\":\"en-US\",\"@id\":\"https:\\\/\\\/1dronas.lt\\\/en\\\/produktas\\\/caddxfpv-walksnail-patch-antena-v2-for-avatar-hd-goggles-x\\\/#primaryimage\",\"url\":\"https:\\\/\\\/1dronas.lt\\\/wp-content\\\/uploads\\\/2026\\\/05\\\/GogglesX.webp\",\"contentUrl\":\"https:\\\/\\\/1dronas.lt\\\/wp-content\\\/uploads\\\/2026\\\/05\\\/GogglesX.webp\",\"width\":800,\"height\":800},{\"@type\":\"BreadcrumbList\",\"@id\":\"https:\\\/\\\/1dronas.lt\\\/en\\\/produktas\\\/caddxfpv-walksnail-patch-antena-v2-for-avatar-hd-goggles-x\\\/#breadcrumb\",\"itemListElement\":[{\"@type\":\"ListItem\",\"position\":1,\"name\":\"Home\",\"item\":\"https:\\\/\\\/1dronas.lt\\\/\"},{\"@type\":\"ListItem\",\"position\":2,\"name\":\"Parduotuv\u0117\",\"item\":\"https:\\\/\\\/1dronas.lt\\\/parduotuve\\\/\"},{\"@type\":\"ListItem\",\"position\":3,\"name\":\"CaddxFPV Walksnail Patch Antena V2 for Avatar HD Goggles X\"}]},{\"@type\":\"WebSite\",\"@id\":\"https:\\\/\\\/1dronas.lt\\\/en\\\/#website\",\"url\":\"https:\\\/\\\/1dronas.lt\\\/en\\\/\",\"name\":\"1dronas.lt\",\"description\":\"Internetin\u0117 parduotuv\u0117\",\"publisher\":{\"@id\":\"https:\\\/\\\/1dronas.lt\\\/en\\\/#organization\"},\"potentialAction\":[{\"@type\":\"SearchAction\",\"target\":{\"@type\":\"EntryPoint\",\"urlTemplate\":\"https:\\\/\\\/1dronas.lt\\\/en\\\/?s={search_term_string}\"},\"query-input\":{\"@type\":\"PropertyValueSpecification\",\"valueRequired\":true,\"valueName\":\"search_term_string\"}}],\"inLanguage\":\"en-US\"},{\"@type\":\"Organization\",\"@id\":\"https:\\\/\\\/1dronas.lt\\\/en\\\/#organization\",\"name\":\"1dronas.lt\",\"url\":\"https:\\\/\\\/1dronas.lt\\\/en\\\/\",\"logo\":{\"@type\":\"ImageObject\",\"inLanguage\":\"en-US\",\"@id\":\"https:\\\/\\\/1dronas.lt\\\/en\\\/#\\\/schema\\\/logo\\\/image\\\/\",\"url\":\"https:\\\/\\\/1dronas.lt\\\/wp-content\\\/uploads\\\/2020\\\/12\\\/Ekrano_kopija__2_-removebg-preview-1-1.png\",\"contentUrl\":\"https:\\\/\\\/1dronas.lt\\\/wp-content\\\/uploads\\\/2020\\\/12\\\/Ekrano_kopija__2_-removebg-preview-1-1.png\",\"width\":234,\"height\":81,\"caption\":\"1dronas.lt\"},\"image\":{\"@id\":\"https:\\\/\\\/1dronas.lt\\\/en\\\/#\\\/schema\\\/logo\\\/image\\\/\"},\"sameAs\":[\"https:\\\/\\\/www.facebook.com\\\/1dronas\\\/\"]}]}<\/script>\n<!-- \/ Yoast SEO plugin. -->","yoast_head_json":{"title":"CaddxFPV Walksnail Patch Antena V2 for Avatar HD Goggles X - 1dronas.lt","robots":{"index":"index","follow":"follow","max-snippet":"max-snippet:-1","max-image-preview":"max-image-preview:large","max-video-preview":"max-video-preview:-1"},"canonical":"https:\/\/1dronas.lt\/en\/produktas\/caddxfpv-walksnail-patch-antena-v2-for-avatar-hd-goggles-x\/","og_locale":"en_US","og_type":"article","og_title":"CaddxFPV Walksnail Patch Antena V2 for Avatar HD Goggles X - 1dronas.lt","og_description":"Walksnail Patch Antenna V2 - tai lengva kryptin\u0117 5.8 GHz antena Goggles X akiniams, skirta pagerinti signal\u0105 ir nuotol\u012f.  \u00a01 \u2013 2 d. d.","og_url":"https:\/\/1dronas.lt\/en\/produktas\/caddxfpv-walksnail-patch-antena-v2-for-avatar-hd-goggles-x\/","og_site_name":"1dronas.lt","article_publisher":"https:\/\/www.facebook.com\/1dronas\/","og_image":[{"width":800,"height":800,"url":"https:\/\/1dronas.lt\/wp-content\/uploads\/2026\/05\/GogglesX.webp","type":"image\/webp"}],"twitter_card":"summary_large_image","twitter_misc":{"Est. reading time":"1 minute"},"schema":{"@context":"https:\/\/schema.org","@graph":[{"@type":"WebPage","@id":"https:\/\/1dronas.lt\/en\/produktas\/caddxfpv-walksnail-patch-antena-v2-for-avatar-hd-goggles-x\/","url":"https:\/\/1dronas.lt\/en\/produktas\/caddxfpv-walksnail-patch-antena-v2-for-avatar-hd-goggles-x\/","name":"CaddxFPV Walksnail Patch Antena V2 for Avatar HD Goggles X - 1dronas.lt","isPartOf":{"@id":"https:\/\/1dronas.lt\/en\/#website"},"primaryImageOfPage":{"@id":"https:\/\/1dronas.lt\/en\/produktas\/caddxfpv-walksnail-patch-antena-v2-for-avatar-hd-goggles-x\/#primaryimage"},"image":{"@id":"https:\/\/1dronas.lt\/en\/produktas\/caddxfpv-walksnail-patch-antena-v2-for-avatar-hd-goggles-x\/#primaryimage"},"thumbnailUrl":"https:\/\/1dronas.lt\/wp-content\/uploads\/2026\/05\/GogglesX.webp","datePublished":"2026-05-11T19:23:19+00:00","breadcrumb":{"@id":"https:\/\/1dronas.lt\/en\/produktas\/caddxfpv-walksnail-patch-antena-v2-for-avatar-hd-goggles-x\/#breadcrumb"},"inLanguage":"en-US","potentialAction":[{"@type":"ReadAction","target":["https:\/\/1dronas.lt\/en\/produktas\/caddxfpv-walksnail-patch-antena-v2-for-avatar-hd-goggles-x\/"]}]},{"@type":"ImageObject","inLanguage":"en-US","@id":"https:\/\/1dronas.lt\/en\/produktas\/caddxfpv-walksnail-patch-antena-v2-for-avatar-hd-goggles-x\/#primaryimage","url":"https:\/\/1dronas.lt\/wp-content\/uploads\/2026\/05\/GogglesX.webp","contentUrl":"https:\/\/1dronas.lt\/wp-content\/uploads\/2026\/05\/GogglesX.webp","width":800,"height":800},{"@type":"BreadcrumbList","@id":"https:\/\/1dronas.lt\/en\/produktas\/caddxfpv-walksnail-patch-antena-v2-for-avatar-hd-goggles-x\/#breadcrumb","itemListElement":[{"@type":"ListItem","position":1,"name":"Home","item":"https:\/\/1dronas.lt\/"},{"@type":"ListItem","position":2,"name":"Parduotuv\u0117","item":"https:\/\/1dronas.lt\/parduotuve\/"},{"@type":"ListItem","position":3,"name":"CaddxFPV Walksnail Patch Antena V2 for Avatar HD Goggles X"}]},{"@type":"WebSite","@id":"https:\/\/1dronas.lt\/en\/#website","url":"https:\/\/1dronas.lt\/en\/","name":"1dronas.lt","description":"Online store","publisher":{"@id":"https:\/\/1dronas.lt\/en\/#organization"},"potentialAction":[{"@type":"SearchAction","target":{"@type":"EntryPoint","urlTemplate":"https:\/\/1dronas.lt\/en\/?s={search_term_string}"},"query-input":{"@type":"PropertyValueSpecification","valueRequired":true,"valueName":"search_term_string"}}],"inLanguage":"en-US"},{"@type":"Organization","@id":"https:\/\/1dronas.lt\/en\/#organization","name":"1dronas.lt","url":"https:\/\/1dronas.lt\/en\/","logo":{"@type":"ImageObject","inLanguage":"en-US","@id":"https:\/\/1dronas.lt\/en\/#\/schema\/logo\/image\/","url":"https:\/\/1dronas.lt\/wp-content\/uploads\/2020\/12\/Ekrano_kopija__2_-removebg-preview-1-1.png","contentUrl":"https:\/\/1dronas.lt\/wp-content\/uploads\/2020\/12\/Ekrano_kopija__2_-removebg-preview-1-1.png","width":234,"height":81,"caption":"1dronas.lt"},"image":{"@id":"https:\/\/1dronas.lt\/en\/#\/schema\/logo\/image\/"},"sameAs":["https:\/\/www.facebook.com\/1dronas\/"]}]}},"jetpack_sharing_enabled":true,"_links":{"self":[{"href":"https:\/\/1dronas.lt\/en\/wp-json\/wp\/v2\/product\/19304","targetHints":{"allow":["GET"]}}],"collection":[{"href":"https:\/\/1dronas.lt\/en\/wp-json\/wp\/v2\/product"}],"about":[{"href":"https:\/\/1dronas.lt\/en\/wp-json\/wp\/v2\/types\/product"}],"replies":[{"embeddable":true,"href":"https:\/\/1dronas.lt\/en\/wp-json\/wp\/v2\/comments?post=19304"}],"wp:featuredmedia":[{"embeddable":true,"href":"https:\/\/1dronas.lt\/en\/wp-json\/wp\/v2\/media\/19306"}],"wp:attachment":[{"href":"https:\/\/1dronas.lt\/en\/wp-json\/wp\/v2\/media?parent=19304"}],"wp:term":[{"taxonomy":"product_brand","embeddable":true,"href":"https:\/\/1dronas.lt\/en\/wp-json\/wp\/v2\/product_brand?post=19304"},{"taxonomy":"product_cat","embeddable":true,"href":"https:\/\/1dronas.lt\/en\/wp-json\/wp\/v2\/product_cat?post=19304"},{"taxonomy":"product_tag","embeddable":true,"href":"https:\/\/1dronas.lt\/en\/wp-json\/wp\/v2\/product_tag?post=19304"}],"curies":[{"name":"wp","href":"https:\/\/api.w.org\/{rel}","templated":true}]}}