{"id":19297,"date":"2026-05-11T16:32:31","date_gmt":"2026-05-11T13:32:31","guid":{"rendered":"https:\/\/1dronas.lt\/?post_type=product&#038;p=19297"},"modified":"2026-05-11T22:03:04","modified_gmt":"2026-05-11T19:03:04","slug":"caddxfpv-walksnail-avatar-fpv-vrx","status":"publish","type":"product","link":"https:\/\/1dronas.lt\/en\/produktas\/caddxfpv-walksnail-avatar-fpv-vrx\/","title":{"rendered":"CaddxFPV Walksnail Avatar FPV VRX"},"content":{"rendered":"<p>Get ready for an unparalleled FPV experience with the Walksnail Avatar FPV VRX - your key to unlimited flight and aerial exploration.<\/p>\n<p><strong>Features:<\/strong><\/p>\n<p>\u2022 Compact and travel-friendly design \u2013 only 83 g in weight;<br \/>\n\u2022 4 antenna system ensures stable connection up to 10 km away;<br \/>\n\u2022 Bright 1080P HD image at 60fps with H.265 encoding;<br \/>\n\u2022 Low latency \u2013 just 22 ms;<br \/>\n\u2022 HDMI output for easy connection to displays or FPV goggles;<br \/>\n<strong>\u2022\u00a0<\/strong>Full OSD support via Canvas Mode;<br \/>\n\u2022 Compatible with Betaflight, iNav and KISS systems;<br \/>\n\u2022 Integrates seamlessly with the entire Walksnail Avatar HD ecosystem.<\/p>\n<p><strong>Avatar FPV VRX specification:<\/strong><\/p>\n<p>\u2022 Model: Avatar FPV VRX;<br \/>\n\u2022 Communication frequency: 5.725\u20135.850 GHz;<br \/>\n\u2022 Transmitter power (EIRP) FCC: &lt;30 dBm; CE: &lt;14dBm; SRRC: &lt;20dBm; MIC: &lt;25dBm;<br \/>\n\u2022 Connectors: HDMI, microSD card slot, DC 5.5 \u00d7 2.1 mm;<br \/>\n\u2022 HDMI output: 1080p 60fps, 720p 100fps, 720p 60fps;<br \/>\n\u2022 Power supply: 7\u201325.2V (2S\u20136S);<br \/>\n\u2022 SD card support: 256 GB.<\/p>\n<p><strong>Red Bird antenna specification:<\/strong><\/p>\n<p>\u2022 Model: Red Bird;<br \/>\n\u2022 Polarization: LHCP;<br \/>\n\u2022 Frequency band: 5.6\u20136.0 GHz;<br \/>\n\u2022 Average gain: 1.9 dBi;<br \/>\n\u2022 Radiation efficiency: \u226597%;<br \/>\n\u2022 VSWR: \u22641.3;<br \/>\n\u2022 Cross-polarization attenuation: -15 to -30 dB;<br \/>\n\u2022 Connector: RP-SMA;<br \/>\n\u2022 Dimensions: H24.8 mm \u00d7 W15.3 mm;<br \/>\n\u2022 Weight: 4.2 g.<\/p>\n<p><strong>Lightweight design and comfortable to carry:<\/strong><\/p>\n<p>Designed for travel and use anywhere, the Walksnail Avatar FPV VRX features a lightweight and slim body - weighing just 83g and measuring just 114 x 55 x 22mm.<\/p>\n<p><img loading=\"lazy\" decoding=\"async\" class=\"alignnone wp-image-19298 size-full\" src=\"https:\/\/1dronas.lt\/wp-content\/uploads\/2026\/05\/1_e318c9cf-205c-48bc-a22f-54b401c7f348-e1778317007682.jpg\" alt=\"\" width=\"1920\" height=\"954\" srcset=\"https:\/\/1dronas.lt\/wp-content\/uploads\/2026\/05\/1_e318c9cf-205c-48bc-a22f-54b401c7f348-e1778317007682.jpg 1920w, https:\/\/1dronas.lt\/wp-content\/uploads\/2026\/05\/1_e318c9cf-205c-48bc-a22f-54b401c7f348-e1778317007682-300x149.jpg 300w, https:\/\/1dronas.lt\/wp-content\/uploads\/2026\/05\/1_e318c9cf-205c-48bc-a22f-54b401c7f348-e1778317007682-1024x509.jpg 1024w, https:\/\/1dronas.lt\/wp-content\/uploads\/2026\/05\/1_e318c9cf-205c-48bc-a22f-54b401c7f348-e1778317007682-768x382.jpg 768w, https:\/\/1dronas.lt\/wp-content\/uploads\/2026\/05\/1_e318c9cf-205c-48bc-a22f-54b401c7f348-e1778317007682-1536x763.jpg 1536w, https:\/\/1dronas.lt\/wp-content\/uploads\/2026\/05\/1_e318c9cf-205c-48bc-a22f-54b401c7f348-e1778317007682-18x9.jpg 18w, https:\/\/1dronas.lt\/wp-content\/uploads\/2026\/05\/1_e318c9cf-205c-48bc-a22f-54b401c7f348-e1778317007682-510x253.jpg 510w\" sizes=\"auto, (max-width: 1920px) 100vw, 1920px\" \/><\/p>\n<p><strong>Long range and stable connection:<\/strong><\/p>\n<p>An advanced 4-antenna system, including 2 directional antennas, ensures stable and uninterrupted communication even at a distance of up to 10 km. Fly with confidence and don&#039;t lose your signal!<\/p>\n<p><img loading=\"lazy\" decoding=\"async\" class=\"alignnone size-full wp-image-19299\" src=\"https:\/\/1dronas.lt\/wp-content\/uploads\/2026\/05\/2_3_1_1-e1778317062542.jpg\" alt=\"\" width=\"1920\" height=\"918\" srcset=\"https:\/\/1dronas.lt\/wp-content\/uploads\/2026\/05\/2_3_1_1-e1778317062542.jpg 1920w, https:\/\/1dronas.lt\/wp-content\/uploads\/2026\/05\/2_3_1_1-e1778317062542-300x143.jpg 300w, https:\/\/1dronas.lt\/wp-content\/uploads\/2026\/05\/2_3_1_1-e1778317062542-1024x490.jpg 1024w, https:\/\/1dronas.lt\/wp-content\/uploads\/2026\/05\/2_3_1_1-e1778317062542-768x367.jpg 768w, https:\/\/1dronas.lt\/wp-content\/uploads\/2026\/05\/2_3_1_1-e1778317062542-1536x734.jpg 1536w, https:\/\/1dronas.lt\/wp-content\/uploads\/2026\/05\/2_3_1_1-e1778317062542-18x9.jpg 18w, https:\/\/1dronas.lt\/wp-content\/uploads\/2026\/05\/2_3_1_1-e1778317062542-510x244.jpg 510w\" sizes=\"auto, (max-width: 1920px) 100vw, 1920px\" \/><\/p>\n<p><strong>High-definition image and smooth flight:<\/strong><\/p>\n<p>Enjoy stunning 1080P\/60FPS video using advanced H.265 encoding technology. Only 22ms latency allows you to see extremely smooth and clear real-time images, providing the most immersive FPV experience.<\/p>\n<p><img loading=\"lazy\" decoding=\"async\" class=\"alignnone size-full wp-image-19300\" src=\"https:\/\/1dronas.lt\/wp-content\/uploads\/2026\/05\/4_a6d6f697-207e-4dc6-a7c8-7ac435f8cffb.jpg\" alt=\"\" width=\"1920\" height=\"1080\" srcset=\"https:\/\/1dronas.lt\/wp-content\/uploads\/2026\/05\/4_a6d6f697-207e-4dc6-a7c8-7ac435f8cffb.jpg 1920w, https:\/\/1dronas.lt\/wp-content\/uploads\/2026\/05\/4_a6d6f697-207e-4dc6-a7c8-7ac435f8cffb-300x169.jpg 300w, https:\/\/1dronas.lt\/wp-content\/uploads\/2026\/05\/4_a6d6f697-207e-4dc6-a7c8-7ac435f8cffb-1024x576.jpg 1024w, https:\/\/1dronas.lt\/wp-content\/uploads\/2026\/05\/4_a6d6f697-207e-4dc6-a7c8-7ac435f8cffb-768x432.jpg 768w, https:\/\/1dronas.lt\/wp-content\/uploads\/2026\/05\/4_a6d6f697-207e-4dc6-a7c8-7ac435f8cffb-1536x864.jpg 1536w, https:\/\/1dronas.lt\/wp-content\/uploads\/2026\/05\/4_a6d6f697-207e-4dc6-a7c8-7ac435f8cffb-18x10.jpg 18w, https:\/\/1dronas.lt\/wp-content\/uploads\/2026\/05\/4_a6d6f697-207e-4dc6-a7c8-7ac435f8cffb-510x287.jpg 510w\" sizes=\"auto, (max-width: 1920px) 100vw, 1920px\" \/><\/p>\n<p><strong>Convenient connection and even more possibilities:<\/strong><\/p>\n<p>HDMI output allows you to transmit uncompressed video from the Walksnail HD system to external displays or FPV goggles. Experience the world from a whole new perspective with exceptional clarity and precision.<\/p>\n<p><img loading=\"lazy\" decoding=\"async\" class=\"alignnone size-full wp-image-19301\" src=\"https:\/\/1dronas.lt\/wp-content\/uploads\/2026\/05\/3_ba139a56-aec3-4e9d-90a2-8c8b143d84d2.jpg\" alt=\"\" width=\"1920\" height=\"1080\" srcset=\"https:\/\/1dronas.lt\/wp-content\/uploads\/2026\/05\/3_ba139a56-aec3-4e9d-90a2-8c8b143d84d2.jpg 1920w, https:\/\/1dronas.lt\/wp-content\/uploads\/2026\/05\/3_ba139a56-aec3-4e9d-90a2-8c8b143d84d2-300x169.jpg 300w, https:\/\/1dronas.lt\/wp-content\/uploads\/2026\/05\/3_ba139a56-aec3-4e9d-90a2-8c8b143d84d2-1024x576.jpg 1024w, https:\/\/1dronas.lt\/wp-content\/uploads\/2026\/05\/3_ba139a56-aec3-4e9d-90a2-8c8b143d84d2-768x432.jpg 768w, https:\/\/1dronas.lt\/wp-content\/uploads\/2026\/05\/3_ba139a56-aec3-4e9d-90a2-8c8b143d84d2-1536x864.jpg 1536w, https:\/\/1dronas.lt\/wp-content\/uploads\/2026\/05\/3_ba139a56-aec3-4e9d-90a2-8c8b143d84d2-18x10.jpg 18w, https:\/\/1dronas.lt\/wp-content\/uploads\/2026\/05\/3_ba139a56-aec3-4e9d-90a2-8c8b143d84d2-510x287.jpg 510w\" sizes=\"auto, (max-width: 1920px) 100vw, 1920px\" \/><\/p>\n<p><strong>Individual settings and easy control:<\/strong><\/p>\n<p>Canvas Mode support allows you to use the full Betaflight OSD screen. The system is compatible with Betaflight, iNav and KISS full OSD systems, so you can easily change settings remotely and customize your FPV system to your needs.<\/p>\n<p><img loading=\"lazy\" decoding=\"async\" class=\"alignnone size-full wp-image-19302\" src=\"https:\/\/1dronas.lt\/wp-content\/uploads\/2026\/05\/5_84d44f7f-9ae0-4a94-9ad8-4ea83c11f33d.jpg\" alt=\"\" width=\"1920\" height=\"1080\" srcset=\"https:\/\/1dronas.lt\/wp-content\/uploads\/2026\/05\/5_84d44f7f-9ae0-4a94-9ad8-4ea83c11f33d.jpg 1920w, https:\/\/1dronas.lt\/wp-content\/uploads\/2026\/05\/5_84d44f7f-9ae0-4a94-9ad8-4ea83c11f33d-300x169.jpg 300w, https:\/\/1dronas.lt\/wp-content\/uploads\/2026\/05\/5_84d44f7f-9ae0-4a94-9ad8-4ea83c11f33d-1024x576.jpg 1024w, https:\/\/1dronas.lt\/wp-content\/uploads\/2026\/05\/5_84d44f7f-9ae0-4a94-9ad8-4ea83c11f33d-768x432.jpg 768w, https:\/\/1dronas.lt\/wp-content\/uploads\/2026\/05\/5_84d44f7f-9ae0-4a94-9ad8-4ea83c11f33d-1536x864.jpg 1536w, https:\/\/1dronas.lt\/wp-content\/uploads\/2026\/05\/5_84d44f7f-9ae0-4a94-9ad8-4ea83c11f33d-18x10.jpg 18w, https:\/\/1dronas.lt\/wp-content\/uploads\/2026\/05\/5_84d44f7f-9ae0-4a94-9ad8-4ea83c11f33d-510x287.jpg 510w\" sizes=\"auto, (max-width: 1920px) 100vw, 1920px\" \/><\/p>\n<p>Discover a new level of FPV with the Walksnail Avatar FPV VRX - where performance, mobility and precision come together!<\/p>\n<p><strong>Package:<\/strong><\/p>\n<p>1x Avatar FPV VRX;<br \/>\n2x Red Bird antenna;<br \/>\n1x HDMI cable;<br \/>\n1x 2in1 DC power cable.<\/p>","protected":false},"excerpt":{"rendered":"<p><span style=\"color: #333333;\">Walksnail Avatar FPV VRX is a compact HD FPV receiver with 1080P\/60FPS video, low latency, stable 4-antenna system and HDMI output for smooth and reliable digital FPV flight.<\/span><\/p>\n<p><span style=\"color: #333333;\"><strong><img loading=\"lazy\" decoding=\"async\" class=\"alignnone wp-image-1806\" src=\"https:\/\/1dronas.lt\/wp-content\/uploads\/2021\/05\/delivery-icon.png.webp\" alt=\"\" width=\"24\" height=\"24\" srcset=\"https:\/\/1dronas.lt\/wp-content\/uploads\/2021\/05\/delivery-icon.png 35w, https:\/\/1dronas.lt\/wp-content\/uploads\/2021\/05\/delivery-icon-12x12.png 12w\" sizes=\"auto, (max-width: 24px) 100vw, 24px\" \/>\u00a01 \u2013 2 days<\/strong><\/span><\/p>","protected":false},"featured_media":19360,"comment_status":"open","ping_status":"closed","template":"","meta":[],"product_brand":[1112],"product_cat":[1310],"product_tag":[581,1305,1113,54,43,1306,1117],"class_list":{"0":"post-19297","1":"product","2":"type-product","3":"status-publish","4":"has-post-thumbnail","6":"product_brand-caddxfpv","7":"product_cat-vrx","8":"product_tag-1920x1080","9":"product_tag-avatar","10":"product_tag-caddxfpv","11":"product_tag-fpv","12":"product_tag-hd","13":"product_tag-vrx","14":"product_tag-walksnail","16":"first","17":"instock","18":"taxable","19":"shipping-taxable","20":"purchasable","21":"product-type-simple"},"yoast_head":"<!-- This site is optimized with the Yoast SEO plugin v27.5 - https:\/\/yoast.com\/product\/yoast-seo-wordpress\/ -->\n<title>CaddxFPV Walksnail Avatar FPV VRX - 1dronas.lt<\/title>\n<meta name=\"robots\" content=\"index, follow, max-snippet:-1, max-image-preview:large, max-video-preview:-1\" \/>\n<link rel=\"canonical\" href=\"https:\/\/1dronas.lt\/en\/produktas\/caddxfpv-walksnail-avatar-fpv-vrx\/\" \/>\n<meta property=\"og:locale\" content=\"en_US\" \/>\n<meta property=\"og:type\" content=\"article\" \/>\n<meta property=\"og:title\" content=\"CaddxFPV Walksnail Avatar FPV VRX - 1dronas.lt\" \/>\n<meta property=\"og:description\" content=\"Walksnail Avatar FPV VRX \u2013 kompakti\u0161kas HD FPV imtuvas su 1080P\/60FPS vaizdu, ma\u017eu v\u0117lavimu, stabilia 4 anten\u0173 sistema ir HDMI i\u0161vestimi, skirtas skland\u017eiam ir patikimam skaitmeniniam FPV skryd\u017eiui.  \u00a01 \u2013 2 d. d.\" \/>\n<meta property=\"og:url\" content=\"https:\/\/1dronas.lt\/en\/produktas\/caddxfpv-walksnail-avatar-fpv-vrx\/\" \/>\n<meta property=\"og:site_name\" content=\"1dronas.lt\" \/>\n<meta property=\"article:publisher\" content=\"https:\/\/www.facebook.com\/1dronas\/\" \/>\n<meta property=\"article:modified_time\" content=\"2026-05-11T19:03:04+00:00\" \/>\n<meta property=\"og:image\" content=\"https:\/\/1dronas.lt\/wp-content\/uploads\/2026\/05\/VRX.jpg\" \/>\n\t<meta property=\"og:image:width\" content=\"630\" \/>\n\t<meta property=\"og:image:height\" content=\"630\" \/>\n\t<meta property=\"og:image:type\" content=\"image\/jpeg\" \/>\n<meta name=\"twitter:card\" content=\"summary_large_image\" \/>\n<meta name=\"twitter:label1\" content=\"Est. reading time\" \/>\n\t<meta name=\"twitter:data1\" content=\"4 minutes\" \/>\n<script type=\"application\/ld+json\" class=\"yoast-schema-graph\">{\"@context\":\"https:\\\/\\\/schema.org\",\"@graph\":[{\"@type\":\"WebPage\",\"@id\":\"https:\\\/\\\/1dronas.lt\\\/en\\\/produktas\\\/caddxfpv-walksnail-avatar-fpv-vrx\\\/\",\"url\":\"https:\\\/\\\/1dronas.lt\\\/en\\\/produktas\\\/caddxfpv-walksnail-avatar-fpv-vrx\\\/\",\"name\":\"CaddxFPV Walksnail Avatar FPV VRX - 1dronas.lt\",\"isPartOf\":{\"@id\":\"https:\\\/\\\/1dronas.lt\\\/en\\\/#website\"},\"primaryImageOfPage\":{\"@id\":\"https:\\\/\\\/1dronas.lt\\\/en\\\/produktas\\\/caddxfpv-walksnail-avatar-fpv-vrx\\\/#primaryimage\"},\"image\":{\"@id\":\"https:\\\/\\\/1dronas.lt\\\/en\\\/produktas\\\/caddxfpv-walksnail-avatar-fpv-vrx\\\/#primaryimage\"},\"thumbnailUrl\":\"https:\\\/\\\/1dronas.lt\\\/wp-content\\\/uploads\\\/2026\\\/05\\\/VRX.jpg\",\"datePublished\":\"2026-05-11T13:32:31+00:00\",\"dateModified\":\"2026-05-11T19:03:04+00:00\",\"breadcrumb\":{\"@id\":\"https:\\\/\\\/1dronas.lt\\\/en\\\/produktas\\\/caddxfpv-walksnail-avatar-fpv-vrx\\\/#breadcrumb\"},\"inLanguage\":\"en-US\",\"potentialAction\":[{\"@type\":\"ReadAction\",\"target\":[\"https:\\\/\\\/1dronas.lt\\\/en\\\/produktas\\\/caddxfpv-walksnail-avatar-fpv-vrx\\\/\"]}]},{\"@type\":\"ImageObject\",\"inLanguage\":\"en-US\",\"@id\":\"https:\\\/\\\/1dronas.lt\\\/en\\\/produktas\\\/caddxfpv-walksnail-avatar-fpv-vrx\\\/#primaryimage\",\"url\":\"https:\\\/\\\/1dronas.lt\\\/wp-content\\\/uploads\\\/2026\\\/05\\\/VRX.jpg\",\"contentUrl\":\"https:\\\/\\\/1dronas.lt\\\/wp-content\\\/uploads\\\/2026\\\/05\\\/VRX.jpg\",\"width\":630,\"height\":630},{\"@type\":\"BreadcrumbList\",\"@id\":\"https:\\\/\\\/1dronas.lt\\\/en\\\/produktas\\\/caddxfpv-walksnail-avatar-fpv-vrx\\\/#breadcrumb\",\"itemListElement\":[{\"@type\":\"ListItem\",\"position\":1,\"name\":\"Home\",\"item\":\"https:\\\/\\\/1dronas.lt\\\/\"},{\"@type\":\"ListItem\",\"position\":2,\"name\":\"Parduotuv\u0117\",\"item\":\"https:\\\/\\\/1dronas.lt\\\/parduotuve\\\/\"},{\"@type\":\"ListItem\",\"position\":3,\"name\":\"CaddxFPV Walksnail Avatar FPV VRX\"}]},{\"@type\":\"WebSite\",\"@id\":\"https:\\\/\\\/1dronas.lt\\\/en\\\/#website\",\"url\":\"https:\\\/\\\/1dronas.lt\\\/en\\\/\",\"name\":\"1dronas.lt\",\"description\":\"Internetin\u0117 parduotuv\u0117\",\"publisher\":{\"@id\":\"https:\\\/\\\/1dronas.lt\\\/en\\\/#organization\"},\"potentialAction\":[{\"@type\":\"SearchAction\",\"target\":{\"@type\":\"EntryPoint\",\"urlTemplate\":\"https:\\\/\\\/1dronas.lt\\\/en\\\/?s={search_term_string}\"},\"query-input\":{\"@type\":\"PropertyValueSpecification\",\"valueRequired\":true,\"valueName\":\"search_term_string\"}}],\"inLanguage\":\"en-US\"},{\"@type\":\"Organization\",\"@id\":\"https:\\\/\\\/1dronas.lt\\\/en\\\/#organization\",\"name\":\"1dronas.lt\",\"url\":\"https:\\\/\\\/1dronas.lt\\\/en\\\/\",\"logo\":{\"@type\":\"ImageObject\",\"inLanguage\":\"en-US\",\"@id\":\"https:\\\/\\\/1dronas.lt\\\/en\\\/#\\\/schema\\\/logo\\\/image\\\/\",\"url\":\"https:\\\/\\\/1dronas.lt\\\/wp-content\\\/uploads\\\/2020\\\/12\\\/Ekrano_kopija__2_-removebg-preview-1-1.png\",\"contentUrl\":\"https:\\\/\\\/1dronas.lt\\\/wp-content\\\/uploads\\\/2020\\\/12\\\/Ekrano_kopija__2_-removebg-preview-1-1.png\",\"width\":234,\"height\":81,\"caption\":\"1dronas.lt\"},\"image\":{\"@id\":\"https:\\\/\\\/1dronas.lt\\\/en\\\/#\\\/schema\\\/logo\\\/image\\\/\"},\"sameAs\":[\"https:\\\/\\\/www.facebook.com\\\/1dronas\\\/\"]}]}<\/script>\n<!-- \/ Yoast SEO plugin. -->","yoast_head_json":{"title":"CaddxFPV Walksnail Avatar FPV VRX - 1dronas.lt","robots":{"index":"index","follow":"follow","max-snippet":"max-snippet:-1","max-image-preview":"max-image-preview:large","max-video-preview":"max-video-preview:-1"},"canonical":"https:\/\/1dronas.lt\/en\/produktas\/caddxfpv-walksnail-avatar-fpv-vrx\/","og_locale":"en_US","og_type":"article","og_title":"CaddxFPV Walksnail Avatar FPV VRX - 1dronas.lt","og_description":"Walksnail Avatar FPV VRX \u2013 kompakti\u0161kas HD FPV imtuvas su 1080P\/60FPS vaizdu, ma\u017eu v\u0117lavimu, stabilia 4 anten\u0173 sistema ir HDMI i\u0161vestimi, skirtas skland\u017eiam ir patikimam skaitmeniniam FPV skryd\u017eiui.  \u00a01 \u2013 2 d. d.","og_url":"https:\/\/1dronas.lt\/en\/produktas\/caddxfpv-walksnail-avatar-fpv-vrx\/","og_site_name":"1dronas.lt","article_publisher":"https:\/\/www.facebook.com\/1dronas\/","article_modified_time":"2026-05-11T19:03:04+00:00","og_image":[{"width":630,"height":630,"url":"https:\/\/1dronas.lt\/wp-content\/uploads\/2026\/05\/VRX.jpg","type":"image\/jpeg"}],"twitter_card":"summary_large_image","twitter_misc":{"Est. reading time":"4 minutes"},"schema":{"@context":"https:\/\/schema.org","@graph":[{"@type":"WebPage","@id":"https:\/\/1dronas.lt\/en\/produktas\/caddxfpv-walksnail-avatar-fpv-vrx\/","url":"https:\/\/1dronas.lt\/en\/produktas\/caddxfpv-walksnail-avatar-fpv-vrx\/","name":"CaddxFPV Walksnail Avatar FPV VRX - 1dronas.lt","isPartOf":{"@id":"https:\/\/1dronas.lt\/en\/#website"},"primaryImageOfPage":{"@id":"https:\/\/1dronas.lt\/en\/produktas\/caddxfpv-walksnail-avatar-fpv-vrx\/#primaryimage"},"image":{"@id":"https:\/\/1dronas.lt\/en\/produktas\/caddxfpv-walksnail-avatar-fpv-vrx\/#primaryimage"},"thumbnailUrl":"https:\/\/1dronas.lt\/wp-content\/uploads\/2026\/05\/VRX.jpg","datePublished":"2026-05-11T13:32:31+00:00","dateModified":"2026-05-11T19:03:04+00:00","breadcrumb":{"@id":"https:\/\/1dronas.lt\/en\/produktas\/caddxfpv-walksnail-avatar-fpv-vrx\/#breadcrumb"},"inLanguage":"en-US","potentialAction":[{"@type":"ReadAction","target":["https:\/\/1dronas.lt\/en\/produktas\/caddxfpv-walksnail-avatar-fpv-vrx\/"]}]},{"@type":"ImageObject","inLanguage":"en-US","@id":"https:\/\/1dronas.lt\/en\/produktas\/caddxfpv-walksnail-avatar-fpv-vrx\/#primaryimage","url":"https:\/\/1dronas.lt\/wp-content\/uploads\/2026\/05\/VRX.jpg","contentUrl":"https:\/\/1dronas.lt\/wp-content\/uploads\/2026\/05\/VRX.jpg","width":630,"height":630},{"@type":"BreadcrumbList","@id":"https:\/\/1dronas.lt\/en\/produktas\/caddxfpv-walksnail-avatar-fpv-vrx\/#breadcrumb","itemListElement":[{"@type":"ListItem","position":1,"name":"Home","item":"https:\/\/1dronas.lt\/"},{"@type":"ListItem","position":2,"name":"Parduotuv\u0117","item":"https:\/\/1dronas.lt\/parduotuve\/"},{"@type":"ListItem","position":3,"name":"CaddxFPV Walksnail Avatar FPV VRX"}]},{"@type":"WebSite","@id":"https:\/\/1dronas.lt\/en\/#website","url":"https:\/\/1dronas.lt\/en\/","name":"1dronas.lt","description":"Online store","publisher":{"@id":"https:\/\/1dronas.lt\/en\/#organization"},"potentialAction":[{"@type":"SearchAction","target":{"@type":"EntryPoint","urlTemplate":"https:\/\/1dronas.lt\/en\/?s={search_term_string}"},"query-input":{"@type":"PropertyValueSpecification","valueRequired":true,"valueName":"search_term_string"}}],"inLanguage":"en-US"},{"@type":"Organization","@id":"https:\/\/1dronas.lt\/en\/#organization","name":"1dronas.lt","url":"https:\/\/1dronas.lt\/en\/","logo":{"@type":"ImageObject","inLanguage":"en-US","@id":"https:\/\/1dronas.lt\/en\/#\/schema\/logo\/image\/","url":"https:\/\/1dronas.lt\/wp-content\/uploads\/2020\/12\/Ekrano_kopija__2_-removebg-preview-1-1.png","contentUrl":"https:\/\/1dronas.lt\/wp-content\/uploads\/2020\/12\/Ekrano_kopija__2_-removebg-preview-1-1.png","width":234,"height":81,"caption":"1dronas.lt"},"image":{"@id":"https:\/\/1dronas.lt\/en\/#\/schema\/logo\/image\/"},"sameAs":["https:\/\/www.facebook.com\/1dronas\/"]}]}},"jetpack_sharing_enabled":true,"_links":{"self":[{"href":"https:\/\/1dronas.lt\/en\/wp-json\/wp\/v2\/product\/19297","targetHints":{"allow":["GET"]}}],"collection":[{"href":"https:\/\/1dronas.lt\/en\/wp-json\/wp\/v2\/product"}],"about":[{"href":"https:\/\/1dronas.lt\/en\/wp-json\/wp\/v2\/types\/product"}],"replies":[{"embeddable":true,"href":"https:\/\/1dronas.lt\/en\/wp-json\/wp\/v2\/comments?post=19297"}],"wp:featuredmedia":[{"embeddable":true,"href":"https:\/\/1dronas.lt\/en\/wp-json\/wp\/v2\/media\/19360"}],"wp:attachment":[{"href":"https:\/\/1dronas.lt\/en\/wp-json\/wp\/v2\/media?parent=19297"}],"wp:term":[{"taxonomy":"product_brand","embeddable":true,"href":"https:\/\/1dronas.lt\/en\/wp-json\/wp\/v2\/product_brand?post=19297"},{"taxonomy":"product_cat","embeddable":true,"href":"https:\/\/1dronas.lt\/en\/wp-json\/wp\/v2\/product_cat?post=19297"},{"taxonomy":"product_tag","embeddable":true,"href":"https:\/\/1dronas.lt\/en\/wp-json\/wp\/v2\/product_tag?post=19297"}],"curies":[{"name":"wp","href":"https:\/\/api.w.org\/{rel}","templated":true}]}}