{"id":1927,"date":"2021-07-11T18:37:27","date_gmt":"2021-07-11T18:37:27","guid":{"rendered":"https:\/\/1dronas.lt\/?post_type=product&#038;p=1927"},"modified":"2021-10-25T10:04:12","modified_gmt":"2021-10-25T10:04:12","slug":"iflight-alpha-a75-analog-version-whoop","status":"publish","type":"product","link":"https:\/\/1dronas.lt\/en\/produktas\/iflight-alpha-a75-analog-version-whoop\/","title":{"rendered":"iFlight Alpha A75 Analog Version Whoop"},"content":{"rendered":"<p><strong><img loading=\"lazy\" decoding=\"async\" class=\"alignnone wp-image-1932 size-full\" src=\"https:\/\/1dronas.lt\/wp-content\/uploads\/2021\/06\/IFlight-Alpha-A75-Analog-Whoop-RTF-20A-F4-Whoop-AIO-300mW-78mm-Brushless-3S-Tinywhoop-iF8.jpg_Q90.jpg_.jpg\" alt=\"\" width=\"1000\" height=\"668\" srcset=\"https:\/\/1dronas.lt\/wp-content\/uploads\/2021\/06\/IFlight-Alpha-A75-Analog-Whoop-RTF-20A-F4-Whoop-AIO-300mW-78mm-Brushless-3S-Tinywhoop-iF8.jpg_Q90.jpg_.jpg 1000w, https:\/\/1dronas.lt\/wp-content\/uploads\/2021\/06\/IFlight-Alpha-A75-Analog-Whoop-RTF-20A-F4-Whoop-AIO-300mW-78mm-Brushless-3S-Tinywhoop-iF8.jpg_Q90.jpg_-300x200.jpg 300w, https:\/\/1dronas.lt\/wp-content\/uploads\/2021\/06\/IFlight-Alpha-A75-Analog-Whoop-RTF-20A-F4-Whoop-AIO-300mW-78mm-Brushless-3S-Tinywhoop-iF8.jpg_Q90.jpg_-768x513.jpg 768w, https:\/\/1dronas.lt\/wp-content\/uploads\/2021\/06\/IFlight-Alpha-A75-Analog-Whoop-RTF-20A-F4-Whoop-AIO-300mW-78mm-Brushless-3S-Tinywhoop-iF8.jpg_Q90.jpg_-18x12.jpg 18w, https:\/\/1dronas.lt\/wp-content\/uploads\/2021\/06\/IFlight-Alpha-A75-Analog-Whoop-RTF-20A-F4-Whoop-AIO-300mW-78mm-Brushless-3S-Tinywhoop-iF8.jpg_Q90.jpg_-510x341.jpg 510w\" sizes=\"auto, (max-width: 1000px) 100vw, 1000px\" \/><br \/>\n<span style=\"font-weight: 400;\"><b>\u2022\u00a0<\/b>More powerful, faster, more maneuverable. This Whoop series aircraft is significantly improved compared to the previous Alpha A65 model. Updated body, installed XING 1103 8000KV motors, more powerful SucceX-D 20A Whoop F4 AIO Board FC, 5.8GHz SucceX Micro 300mW VTX and RunCam Nano2 camera.<br \/>\n<\/span><br \/>\n<\/strong><\/p>\n<p>&nbsp;<\/p>\n<p><img loading=\"lazy\" decoding=\"async\" class=\"alignnone wp-image-1928 size-full\" src=\"https:\/\/1dronas.lt\/wp-content\/uploads\/2021\/06\/transmitter.jpg\" alt=\"\" width=\"1000\" height=\"750\" srcset=\"https:\/\/1dronas.lt\/wp-content\/uploads\/2021\/06\/transmitter.jpg 1000w, https:\/\/1dronas.lt\/wp-content\/uploads\/2021\/06\/transmitter-300x225.jpg 300w, https:\/\/1dronas.lt\/wp-content\/uploads\/2021\/06\/transmitter-768x576.jpg 768w, https:\/\/1dronas.lt\/wp-content\/uploads\/2021\/06\/transmitter-16x12.jpg 16w, https:\/\/1dronas.lt\/wp-content\/uploads\/2021\/06\/transmitter-510x383.jpg 510w\" sizes=\"auto, (max-width: 1000px) 100vw, 1000px\" \/><\/p>\n<p><span style=\"font-weight: 400;\"><b>\u2022 <\/b>Lightweight and compact remote control, easy to transport and store in a bag. The operating time of the charged remote control is up to 4 hours. The remote control is charged using any Powerbank or standard USB charger.<\/span><\/p>\n<p><strong>Specification:<\/strong><\/p>\n<p><strong style=\"font-weight: 400;\"><b>\u2022 <\/b><\/strong>Manufacturer: iFlight;<br \/>\n<strong style=\"font-weight: 400;\"><b>\u2022 <\/b><\/strong>Motors:XING 1103 8000KV FPV Micro Motor;<br \/>\n<strong style=\"font-weight: 400;\"><b>\u2022 <\/b><\/strong>Battery: Fullsend 3s 450mAh;<br \/>\n<strong style=\"font-weight: 400;\"><b>\u2022 <\/b><\/strong>Camera: RunCam Nano2 Camera;<br \/>\n<strong style=\"font-weight: 400;\"><b>\u2022 <\/b><\/strong>FC: SucceX-D 20A F4 Whoop AIO;<br \/>\n<strong style=\"font-weight: 400;\"><b>\u2022 <\/b><\/strong>Remote controller: iF8 FPV Remote Controller;<br \/>\n<strong style=\"font-weight: 400;\"><b>\u2022 <\/b><\/strong>Glasses: iFlight fpv goggles with dvr function;<br \/>\n<strong style=\"font-weight: 400;\"><b>\u2022 <\/b><\/strong>Battery charger;<br \/>\n<strong style=\"font-weight: 400;\"><b>\u2022 <\/b><\/strong>BLHeli: BLHeli-S;<br \/>\n<strong style=\"font-weight: 400;\"><b>\u2022 <\/b><\/strong>Flight time: 3-4min.;<br \/>\n<strong style=\"font-weight: 400;\"><b>\u2022 <\/b><\/strong>Transmitter: R81 2400-2483.5Mhz.<br \/>\n<img loading=\"lazy\" decoding=\"async\" class=\"alignnone wp-image-1930 size-full\" src=\"https:\/\/1dronas.lt\/wp-content\/uploads\/2021\/06\/goggles.jpg\" alt=\"\" width=\"1000\" height=\"667\" srcset=\"https:\/\/1dronas.lt\/wp-content\/uploads\/2021\/06\/goggles.jpg 1000w, https:\/\/1dronas.lt\/wp-content\/uploads\/2021\/06\/goggles-300x200.jpg 300w, https:\/\/1dronas.lt\/wp-content\/uploads\/2021\/06\/goggles-768x512.jpg 768w, https:\/\/1dronas.lt\/wp-content\/uploads\/2021\/06\/goggles-18x12.jpg 18w, https:\/\/1dronas.lt\/wp-content\/uploads\/2021\/06\/goggles-510x340.jpg 510w\" sizes=\"auto, (max-width: 1000px) 100vw, 1000px\" \/><\/p>\n<p><strong>Package:<\/strong><\/p>\n<p>1x Alpha A75 drone;<br \/>\n1x iFlight iF8 remote control;<br \/>\n1x iFlight FPV goggles;<br \/>\n3x FULLSEND 3S 450mAh batteries;<br \/>\n1x battery charger.<\/p>\n<p><strong><span style=\"color: #ed1c24;\">Important:<br \/>\n<em>* Do not overcharge or leave batteries discharged for long periods of time;<\/em><br \/>\n<em> * Do not store batteries near high temperatures;<\/em><br \/>\n<em>* Do not throw batteries into fire;<br \/>\n* Do not throw batteries into water.<\/em><\/span><\/strong><\/p>","protected":false},"excerpt":{"rendered":"<p><span style=\"color: #333333;\">Pre-tuned and configured. All you need to do is pair the aircraft and fly!<\/span><\/p>\n<p><span style=\"color: #333333;\"><strong><img loading=\"lazy\" decoding=\"async\" class=\"alignnone wp-image-1806\" src=\"https:\/\/1dronas.lt\/wp-content\/uploads\/2021\/05\/delivery-icon.png\" alt=\"\" width=\"24\" height=\"24\" srcset=\"https:\/\/1dronas.lt\/wp-content\/uploads\/2021\/05\/delivery-icon.png 35w, https:\/\/1dronas.lt\/wp-content\/uploads\/2021\/05\/delivery-icon-12x12.png 12w\" sizes=\"auto, (max-width: 24px) 100vw, 24px\" \/>\u00a0 \u00a0<span style=\"font-size: 90%;\">1 \u2013 4 days<\/span><\/strong><\/span><\/p>","protected":false},"featured_media":1933,"comment_status":"open","ping_status":"closed","template":"","meta":[],"product_brand":[],"product_cat":[63,104],"product_tag":[134,54,67,91,133,113],"class_list":{"0":"post-1927","1":"product","2":"type-product","3":"status-publish","4":"has-post-thumbnail","6":"product_cat-fpv-rinkiniai","7":"product_cat-orlaiviai","8":"product_tag-alpha-a75","9":"product_tag-fpv","10":"product_tag-fpv-lenktyniniai-rinkiniai","11":"product_tag-iflight","12":"product_tag-rtf","13":"product_tag-whoop","15":"first","16":"outofstock","17":"sale","18":"purchasable","19":"product-type-simple"},"yoast_head":"<!-- This site is optimized with the Yoast SEO plugin v27.5 - https:\/\/yoast.com\/product\/yoast-seo-wordpress\/ -->\n<title>iFlight Alpha A75 Analog Version Whoop - 1dronas.lt<\/title>\n<meta name=\"robots\" content=\"index, follow, max-snippet:-1, max-image-preview:large, max-video-preview:-1\" \/>\n<link rel=\"canonical\" href=\"https:\/\/1dronas.lt\/en\/produktas\/iflight-alpha-a75-analog-version-whoop\/\" \/>\n<meta property=\"og:locale\" content=\"en_US\" \/>\n<meta property=\"og:type\" content=\"article\" \/>\n<meta property=\"og:title\" content=\"iFlight Alpha A75 Analog Version Whoop - 1dronas.lt\" \/>\n<meta property=\"og:description\" content=\"I\u0161 anksto sureguliuota ir sukonfig\u016bruota. Viskas k\u0105 Jums reikia atlikti \u2013 susieti orlaiv\u012f ir skristi!  \u00a0 \u00a01 \u2013 4 d. d.\" \/>\n<meta property=\"og:url\" content=\"https:\/\/1dronas.lt\/en\/produktas\/iflight-alpha-a75-analog-version-whoop\/\" \/>\n<meta property=\"og:site_name\" content=\"1dronas.lt\" \/>\n<meta property=\"article:publisher\" content=\"https:\/\/www.facebook.com\/1dronas\/\" \/>\n<meta property=\"article:modified_time\" content=\"2021-10-25T10:04:12+00:00\" \/>\n<meta property=\"og:image\" content=\"https:\/\/1dronas.lt\/wp-content\/uploads\/2021\/06\/a751.jpg\" \/>\n\t<meta property=\"og:image:width\" content=\"1000\" \/>\n\t<meta property=\"og:image:height\" content=\"1000\" \/>\n\t<meta property=\"og:image:type\" content=\"image\/jpeg\" \/>\n<meta name=\"twitter:card\" content=\"summary_large_image\" \/>\n<meta name=\"twitter:label1\" content=\"Est. reading time\" \/>\n\t<meta name=\"twitter:data1\" content=\"2 minutes\" \/>\n<script type=\"application\/ld+json\" class=\"yoast-schema-graph\">{\"@context\":\"https:\\\/\\\/schema.org\",\"@graph\":[{\"@type\":\"WebPage\",\"@id\":\"https:\\\/\\\/1dronas.lt\\\/en\\\/produktas\\\/iflight-alpha-a75-analog-version-whoop\\\/\",\"url\":\"https:\\\/\\\/1dronas.lt\\\/en\\\/produktas\\\/iflight-alpha-a75-analog-version-whoop\\\/\",\"name\":\"iFlight Alpha A75 Analog Version Whoop - 1dronas.lt\",\"isPartOf\":{\"@id\":\"https:\\\/\\\/1dronas.lt\\\/en\\\/#website\"},\"primaryImageOfPage\":{\"@id\":\"https:\\\/\\\/1dronas.lt\\\/en\\\/produktas\\\/iflight-alpha-a75-analog-version-whoop\\\/#primaryimage\"},\"image\":{\"@id\":\"https:\\\/\\\/1dronas.lt\\\/en\\\/produktas\\\/iflight-alpha-a75-analog-version-whoop\\\/#primaryimage\"},\"thumbnailUrl\":\"https:\\\/\\\/1dronas.lt\\\/wp-content\\\/uploads\\\/2021\\\/06\\\/a751.jpg\",\"datePublished\":\"2021-07-11T18:37:27+00:00\",\"dateModified\":\"2021-10-25T10:04:12+00:00\",\"breadcrumb\":{\"@id\":\"https:\\\/\\\/1dronas.lt\\\/en\\\/produktas\\\/iflight-alpha-a75-analog-version-whoop\\\/#breadcrumb\"},\"inLanguage\":\"en-US\",\"potentialAction\":[{\"@type\":\"ReadAction\",\"target\":[\"https:\\\/\\\/1dronas.lt\\\/en\\\/produktas\\\/iflight-alpha-a75-analog-version-whoop\\\/\"]}]},{\"@type\":\"ImageObject\",\"inLanguage\":\"en-US\",\"@id\":\"https:\\\/\\\/1dronas.lt\\\/en\\\/produktas\\\/iflight-alpha-a75-analog-version-whoop\\\/#primaryimage\",\"url\":\"https:\\\/\\\/1dronas.lt\\\/wp-content\\\/uploads\\\/2021\\\/06\\\/a751.jpg\",\"contentUrl\":\"https:\\\/\\\/1dronas.lt\\\/wp-content\\\/uploads\\\/2021\\\/06\\\/a751.jpg\",\"width\":1000,\"height\":1000},{\"@type\":\"BreadcrumbList\",\"@id\":\"https:\\\/\\\/1dronas.lt\\\/en\\\/produktas\\\/iflight-alpha-a75-analog-version-whoop\\\/#breadcrumb\",\"itemListElement\":[{\"@type\":\"ListItem\",\"position\":1,\"name\":\"Home\",\"item\":\"https:\\\/\\\/1dronas.lt\\\/\"},{\"@type\":\"ListItem\",\"position\":2,\"name\":\"Parduotuv\u0117\",\"item\":\"https:\\\/\\\/1dronas.lt\\\/parduotuve\\\/\"},{\"@type\":\"ListItem\",\"position\":3,\"name\":\"iFlight Alpha A75 Analog Version Whoop\"}]},{\"@type\":\"WebSite\",\"@id\":\"https:\\\/\\\/1dronas.lt\\\/en\\\/#website\",\"url\":\"https:\\\/\\\/1dronas.lt\\\/en\\\/\",\"name\":\"1dronas.lt\",\"description\":\"Internetin\u0117 parduotuv\u0117\",\"publisher\":{\"@id\":\"https:\\\/\\\/1dronas.lt\\\/en\\\/#organization\"},\"potentialAction\":[{\"@type\":\"SearchAction\",\"target\":{\"@type\":\"EntryPoint\",\"urlTemplate\":\"https:\\\/\\\/1dronas.lt\\\/en\\\/?s={search_term_string}\"},\"query-input\":{\"@type\":\"PropertyValueSpecification\",\"valueRequired\":true,\"valueName\":\"search_term_string\"}}],\"inLanguage\":\"en-US\"},{\"@type\":\"Organization\",\"@id\":\"https:\\\/\\\/1dronas.lt\\\/en\\\/#organization\",\"name\":\"1dronas.lt\",\"url\":\"https:\\\/\\\/1dronas.lt\\\/en\\\/\",\"logo\":{\"@type\":\"ImageObject\",\"inLanguage\":\"en-US\",\"@id\":\"https:\\\/\\\/1dronas.lt\\\/en\\\/#\\\/schema\\\/logo\\\/image\\\/\",\"url\":\"https:\\\/\\\/1dronas.lt\\\/wp-content\\\/uploads\\\/2020\\\/12\\\/Ekrano_kopija__2_-removebg-preview-1-1.png\",\"contentUrl\":\"https:\\\/\\\/1dronas.lt\\\/wp-content\\\/uploads\\\/2020\\\/12\\\/Ekrano_kopija__2_-removebg-preview-1-1.png\",\"width\":234,\"height\":81,\"caption\":\"1dronas.lt\"},\"image\":{\"@id\":\"https:\\\/\\\/1dronas.lt\\\/en\\\/#\\\/schema\\\/logo\\\/image\\\/\"},\"sameAs\":[\"https:\\\/\\\/www.facebook.com\\\/1dronas\\\/\"]}]}<\/script>\n<!-- \/ Yoast SEO plugin. -->","yoast_head_json":{"title":"iFlight Alpha A75 Analog Version Whoop - 1dronas.lt","robots":{"index":"index","follow":"follow","max-snippet":"max-snippet:-1","max-image-preview":"max-image-preview:large","max-video-preview":"max-video-preview:-1"},"canonical":"https:\/\/1dronas.lt\/en\/produktas\/iflight-alpha-a75-analog-version-whoop\/","og_locale":"en_US","og_type":"article","og_title":"iFlight Alpha A75 Analog Version Whoop - 1dronas.lt","og_description":"I\u0161 anksto sureguliuota ir sukonfig\u016bruota. Viskas k\u0105 Jums reikia atlikti \u2013 susieti orlaiv\u012f ir skristi!  \u00a0 \u00a01 \u2013 4 d. d.","og_url":"https:\/\/1dronas.lt\/en\/produktas\/iflight-alpha-a75-analog-version-whoop\/","og_site_name":"1dronas.lt","article_publisher":"https:\/\/www.facebook.com\/1dronas\/","article_modified_time":"2021-10-25T10:04:12+00:00","og_image":[{"width":1000,"height":1000,"url":"https:\/\/1dronas.lt\/wp-content\/uploads\/2021\/06\/a751.jpg","type":"image\/jpeg"}],"twitter_card":"summary_large_image","twitter_misc":{"Est. reading time":"2 minutes"},"schema":{"@context":"https:\/\/schema.org","@graph":[{"@type":"WebPage","@id":"https:\/\/1dronas.lt\/en\/produktas\/iflight-alpha-a75-analog-version-whoop\/","url":"https:\/\/1dronas.lt\/en\/produktas\/iflight-alpha-a75-analog-version-whoop\/","name":"iFlight Alpha A75 Analog Version Whoop - 1dronas.lt","isPartOf":{"@id":"https:\/\/1dronas.lt\/en\/#website"},"primaryImageOfPage":{"@id":"https:\/\/1dronas.lt\/en\/produktas\/iflight-alpha-a75-analog-version-whoop\/#primaryimage"},"image":{"@id":"https:\/\/1dronas.lt\/en\/produktas\/iflight-alpha-a75-analog-version-whoop\/#primaryimage"},"thumbnailUrl":"https:\/\/1dronas.lt\/wp-content\/uploads\/2021\/06\/a751.jpg","datePublished":"2021-07-11T18:37:27+00:00","dateModified":"2021-10-25T10:04:12+00:00","breadcrumb":{"@id":"https:\/\/1dronas.lt\/en\/produktas\/iflight-alpha-a75-analog-version-whoop\/#breadcrumb"},"inLanguage":"en-US","potentialAction":[{"@type":"ReadAction","target":["https:\/\/1dronas.lt\/en\/produktas\/iflight-alpha-a75-analog-version-whoop\/"]}]},{"@type":"ImageObject","inLanguage":"en-US","@id":"https:\/\/1dronas.lt\/en\/produktas\/iflight-alpha-a75-analog-version-whoop\/#primaryimage","url":"https:\/\/1dronas.lt\/wp-content\/uploads\/2021\/06\/a751.jpg","contentUrl":"https:\/\/1dronas.lt\/wp-content\/uploads\/2021\/06\/a751.jpg","width":1000,"height":1000},{"@type":"BreadcrumbList","@id":"https:\/\/1dronas.lt\/en\/produktas\/iflight-alpha-a75-analog-version-whoop\/#breadcrumb","itemListElement":[{"@type":"ListItem","position":1,"name":"Home","item":"https:\/\/1dronas.lt\/"},{"@type":"ListItem","position":2,"name":"Parduotuv\u0117","item":"https:\/\/1dronas.lt\/parduotuve\/"},{"@type":"ListItem","position":3,"name":"iFlight Alpha A75 Analog Version Whoop"}]},{"@type":"WebSite","@id":"https:\/\/1dronas.lt\/en\/#website","url":"https:\/\/1dronas.lt\/en\/","name":"1dronas.lt","description":"Online store","publisher":{"@id":"https:\/\/1dronas.lt\/en\/#organization"},"potentialAction":[{"@type":"SearchAction","target":{"@type":"EntryPoint","urlTemplate":"https:\/\/1dronas.lt\/en\/?s={search_term_string}"},"query-input":{"@type":"PropertyValueSpecification","valueRequired":true,"valueName":"search_term_string"}}],"inLanguage":"en-US"},{"@type":"Organization","@id":"https:\/\/1dronas.lt\/en\/#organization","name":"1dronas.lt","url":"https:\/\/1dronas.lt\/en\/","logo":{"@type":"ImageObject","inLanguage":"en-US","@id":"https:\/\/1dronas.lt\/en\/#\/schema\/logo\/image\/","url":"https:\/\/1dronas.lt\/wp-content\/uploads\/2020\/12\/Ekrano_kopija__2_-removebg-preview-1-1.png","contentUrl":"https:\/\/1dronas.lt\/wp-content\/uploads\/2020\/12\/Ekrano_kopija__2_-removebg-preview-1-1.png","width":234,"height":81,"caption":"1dronas.lt"},"image":{"@id":"https:\/\/1dronas.lt\/en\/#\/schema\/logo\/image\/"},"sameAs":["https:\/\/www.facebook.com\/1dronas\/"]}]}},"jetpack_sharing_enabled":true,"_links":{"self":[{"href":"https:\/\/1dronas.lt\/en\/wp-json\/wp\/v2\/product\/1927","targetHints":{"allow":["GET"]}}],"collection":[{"href":"https:\/\/1dronas.lt\/en\/wp-json\/wp\/v2\/product"}],"about":[{"href":"https:\/\/1dronas.lt\/en\/wp-json\/wp\/v2\/types\/product"}],"replies":[{"embeddable":true,"href":"https:\/\/1dronas.lt\/en\/wp-json\/wp\/v2\/comments?post=1927"}],"wp:featuredmedia":[{"embeddable":true,"href":"https:\/\/1dronas.lt\/en\/wp-json\/wp\/v2\/media\/1933"}],"wp:attachment":[{"href":"https:\/\/1dronas.lt\/en\/wp-json\/wp\/v2\/media?parent=1927"}],"wp:term":[{"taxonomy":"product_brand","embeddable":true,"href":"https:\/\/1dronas.lt\/en\/wp-json\/wp\/v2\/product_brand?post=1927"},{"taxonomy":"product_cat","embeddable":true,"href":"https:\/\/1dronas.lt\/en\/wp-json\/wp\/v2\/product_cat?post=1927"},{"taxonomy":"product_tag","embeddable":true,"href":"https:\/\/1dronas.lt\/en\/wp-json\/wp\/v2\/product_tag?post=1927"}],"curies":[{"name":"wp","href":"https:\/\/api.w.org\/{rel}","templated":true}]}}