{"id":19114,"date":"2026-05-01T12:15:36","date_gmt":"2026-05-01T09:15:36","guid":{"rendered":"https:\/\/1dronas.lt\/?post_type=product&#038;p=19114"},"modified":"2026-05-01T12:23:10","modified_gmt":"2026-05-01T09:23:10","slug":"betafpv-nightfire-rgb-led-strip","status":"publish","type":"product","link":"https:\/\/1dronas.lt\/en\/produktas\/betafpv-nightfire-rgb-led-strip\/","title":{"rendered":"BETAFPV NightFire RGB LED Strip"},"content":{"rendered":"<p>Pakelk savo naktinius skryd\u017eius \u012f nauj\u0105 lyg\u012f su \u201eNightFire RGB LED Strip\u201c \u2013 ry\u0161kiu RGB ap\u0161vietimu su 10 re\u017eim\u0173 ir 7 spalvomis, kuris u\u017etikrina geresn\u012f matomum\u0105 ir stiling\u0105 i\u0161vaizd\u0105, leid\u017eiant tavo dronui \u012fsp\u016bdingai \u0161viesti naktiniame danguje.<\/p>\n<p><img decoding=\"async\" src=\"https:\/\/cdn.shopify.com\/s\/files\/1\/1778\/6615\/files\/Pavo20_Pro_II_Brushless_Whoop_Quadcopter_with_NightFire_RGB_LED_Strip.gif?v=1763620043\" alt=\"Pavo20 Pro II Brushless Whoop Quadcopter with NightFire RGB LED Strip\" \/><\/p>\n<p><strong>Features:<\/strong><\/p>\n<p>\u2022 Palaiko 10 skirting\u0173 ap\u0161vietimo re\u017eim\u0173, \u012fskaitant vientis\u0105 spalv\u0105, pulsavimo, vaivoryk\u0161t\u0117s ir b\u0117gan\u010dios juostos efektus;<br \/>\n\u2022 Galimyb\u0117 pasirinkti i\u0161 7 spalv\u0173 bei i\u0161jungimo re\u017eimo;<br \/>\n\u2022 Reguliuojamas ap\u0161vietimo greitis;<br \/>\n\u2022 4 ry\u0161kumo lygiai: 100 %, 75 %, 50 % ir 25 %;<br \/>\n\u2022 Paprastas valdymas dviem mygtukais;<br \/>\n\u2022 Suderinamas su Betaflight re\u017eimu;<br \/>\n\u2022 Platus \u012f\u0117jimo \u012ftampos diapazonas: 6\u201318 V (2S\u20134S).<\/p>\n<p><strong>Specification:<\/strong><\/p>\n<p>\u2022 \u012e\u0117jimo \u012ftampa: 6\u201318 V (2S\u20134S);<br data-start=\"48\" data-end=\"51\" \/>\u2022 I\u0161\u0117jimo \u012ftampa: 5 V;<br data-start=\"70\" data-end=\"73\" \/>\u2022 I\u0161\u0117jimo srov\u0117: 3 A;<br data-start=\"91\" data-end=\"94\" \/>\u2022 LED tipas: WS2812B RGB spalvoti \u0161viesos diodai;<br data-start=\"140\" data-end=\"143\" \/>\u2022 LED kiekis: iki 128;<br data-start=\"162\" data-end=\"165\" \/>\u2022 \u012e\u0117jimo jungtis: GH1.25 mm, 3 kontakt\u0173;<br data-start=\"202\" data-end=\"205\" \/>\u2022 \u012e\u0117jimo\/i\u0161\u0117jimo jungtis: SH1.0 mm, 3 kontakt\u0173.<\/p>\n<p><strong>Scheme:<\/strong><\/p>\n<p><img loading=\"lazy\" decoding=\"async\" class=\"alignnone wp-image-19116 size-full\" src=\"https:\/\/1dronas.lt\/wp-content\/uploads\/2026\/05\/NightFire_RGB_LED_Strip_Controller_diagram_600x600.jpg.webp\" alt=\"\" width=\"600\" height=\"428\" srcset=\"https:\/\/1dronas.lt\/wp-content\/uploads\/2026\/05\/NightFire_RGB_LED_Strip_Controller_diagram_600x600.jpg.webp 600w, https:\/\/1dronas.lt\/wp-content\/uploads\/2026\/05\/NightFire_RGB_LED_Strip_Controller_diagram_600x600.jpg-300x214.webp 300w, https:\/\/1dronas.lt\/wp-content\/uploads\/2026\/05\/NightFire_RGB_LED_Strip_Controller_diagram_600x600.jpg-18x12.webp 18w, https:\/\/1dronas.lt\/wp-content\/uploads\/2026\/05\/NightFire_RGB_LED_Strip_Controller_diagram_600x600.jpg-510x364.webp 510w\" sizes=\"auto, (max-width: 600px) 100vw, 600px\" \/><\/p>\n<p><strong>RGB modulio valdymo funkcijos:<\/strong><\/p>\n<table>\n<thead>\n<tr>\n<th>Mygtukas<\/th>\n<th>Paspaudimo tipas<\/th>\n<th>Funkcija<\/th>\n<th>Parinktys<\/th>\n<\/tr>\n<\/thead>\n<tbody>\n<tr>\n<td><strong>KEY1<\/strong><\/td>\n<td>Ilgas paspaudimas<\/td>\n<td>Re\u017eimo keitimas<\/td>\n<td>Betaflight re\u017eimas;<br data-start=\"18\" data-end=\"21\" \/>Vientisos spalvos re\u017eimas;<br data-start=\"46\" data-end=\"49\" \/>Vienos spalvos pulsavimo re\u017eimas;<br data-start=\"81\" data-end=\"84\" \/>Vienos spalvos b\u0117gan\u010di\u0173 \u0161vies\u0173 re\u017eimas;<br data-start=\"122\" data-end=\"125\" \/>Dvipusis b\u0117gan\u010di\u0173 \u0161vies\u0173 re\u017eimas;<br data-start=\"157\" data-end=\"160\" \/>Vienos spalvos kryptinis re\u017eimas;<br data-start=\"192\" data-end=\"195\" \/>Vienos spalvos did\u0117jimo re\u017eimas;<br data-start=\"226\" data-end=\"229\" \/>Vaivoryk\u0161t\u0117s pulsavimo re\u017eimas;<br data-start=\"259\" data-end=\"262\" \/>Vaivoryk\u0161t\u0117s per\u0117jimo re\u017eimas;<br data-start=\"291\" data-end=\"294\" \/>Dvipusis vaivoryk\u0161t\u0117s re\u017eimas.<\/td>\n<\/tr>\n<tr>\n<td><strong>KEY1<\/strong><\/td>\n<td>Trumpas paspaudimas<\/td>\n<td>Grei\u010dio keitimas<\/td>\n<td>Greitas | Vidutinis | L\u0117tas<\/td>\n<\/tr>\n<tr>\n<td><strong>KEY2<\/strong><\/td>\n<td>Ilgas paspaudimas<\/td>\n<td>Ry\u0161kumo keitimas<\/td>\n<td>100% 75% 50% 25%<\/td>\n<\/tr>\n<tr>\n<td><strong>KEY2<\/strong><\/td>\n<td>Trumpas paspaudimas<\/td>\n<td>Spalvos keitimas<\/td>\n<td>Balta | Raudona | Geltona | M\u0117lyna | \u017dalia | \u017dydra | Purpurin\u0117 | I\u0161jungta.<\/td>\n<\/tr>\n<\/tbody>\n<\/table>\n<p><strong>Package:<\/strong><\/p>\n<p>1x RGB LED strip (500 mm);<br data-start=\"27\" data-end=\"30\" \/>1x RGB valdiklis;<br data-start=\"47\" data-end=\"50\" \/>1x GH1.25 3 kontakt\u0173 kabelis (50 mm).<\/p>\n<p><img loading=\"lazy\" decoding=\"async\" class=\"alignnone wp-image-19115\" src=\"https:\/\/1dronas.lt\/wp-content\/uploads\/2026\/05\/NightFire_RGB_LED_Strip_Controller_package_600x600.jpg.webp\" alt=\"\" width=\"439\" height=\"439\" srcset=\"https:\/\/1dronas.lt\/wp-content\/uploads\/2026\/05\/NightFire_RGB_LED_Strip_Controller_package_600x600.jpg.webp 600w, https:\/\/1dronas.lt\/wp-content\/uploads\/2026\/05\/NightFire_RGB_LED_Strip_Controller_package_600x600.jpg-300x300.webp 300w, https:\/\/1dronas.lt\/wp-content\/uploads\/2026\/05\/NightFire_RGB_LED_Strip_Controller_package_600x600.jpg-150x150.webp 150w, https:\/\/1dronas.lt\/wp-content\/uploads\/2026\/05\/NightFire_RGB_LED_Strip_Controller_package_600x600.jpg-12x12.webp 12w, https:\/\/1dronas.lt\/wp-content\/uploads\/2026\/05\/NightFire_RGB_LED_Strip_Controller_package_600x600.jpg-247x247.webp 247w, https:\/\/1dronas.lt\/wp-content\/uploads\/2026\/05\/NightFire_RGB_LED_Strip_Controller_package_600x600.jpg-510x510.webp 510w, https:\/\/1dronas.lt\/wp-content\/uploads\/2026\/05\/NightFire_RGB_LED_Strip_Controller_package_600x600.jpg-100x100.webp 100w\" sizes=\"auto, (max-width: 439px) 100vw, 439px\" \/><\/p>","protected":false},"excerpt":{"rendered":"<p><span style=\"color: #333333;\">\u201eNightFire RGB LED\u201c rinkinys suteikia ry\u0161k\u0173, reguliuojam\u0105 ap\u0161vietim\u0105 su keliais re\u017eimais ir spalvomis, u\u017etikrinant\u012f ger\u0105 matomum\u0105 naktiniuose skryd\u017eiuose.<\/span><\/p>\n<p><span style=\"color: #333333;\"><strong><img loading=\"lazy\" decoding=\"async\" class=\"alignnone wp-image-1806\" src=\"https:\/\/1dronas.lt\/wp-content\/uploads\/2021\/05\/delivery-icon.png.webp\" alt=\"\" width=\"24\" height=\"24\" srcset=\"https:\/\/1dronas.lt\/wp-content\/uploads\/2021\/05\/delivery-icon.png 35w, https:\/\/1dronas.lt\/wp-content\/uploads\/2021\/05\/delivery-icon-12x12.png 12w\" sizes=\"auto, (max-width: 24px) 100vw, 24px\" \/>\u00a0\u00a0\u00a01 \u2013 2 days<\/strong><\/span><\/p>","protected":false},"featured_media":19117,"comment_status":"open","ping_status":"closed","template":"","meta":[],"product_brand":[489],"product_cat":[224],"product_tag":[69,935,1140,380,190],"class_list":{"0":"post-19114","1":"product","2":"type-product","3":"status-publish","4":"has-post-thumbnail","6":"product_brand-betafpv","7":"product_cat-irankiai-ir-priedai","8":"product_tag-betafpv","9":"product_tag-led","10":"product_tag-nightfire","11":"product_tag-rgb","12":"product_tag-rgb-led-modulis","14":"first","15":"instock","16":"taxable","17":"shipping-taxable","18":"purchasable","19":"product-type-simple"},"yoast_head":"<!-- This site is optimized with the Yoast SEO plugin v27.5 - https:\/\/yoast.com\/product\/yoast-seo-wordpress\/ -->\n<title>BETAFPV NightFire RGB LED Strip - 1dronas.lt<\/title>\n<meta name=\"robots\" content=\"index, follow, max-snippet:-1, max-image-preview:large, max-video-preview:-1\" \/>\n<link rel=\"canonical\" href=\"https:\/\/1dronas.lt\/en\/produktas\/betafpv-nightfire-rgb-led-strip\/\" \/>\n<meta property=\"og:locale\" content=\"en_US\" \/>\n<meta property=\"og:type\" content=\"article\" \/>\n<meta property=\"og:title\" content=\"BETAFPV NightFire RGB LED Strip - 1dronas.lt\" \/>\n<meta property=\"og:description\" content=\"\u201eNightFire RGB LED\u201c rinkinys suteikia ry\u0161k\u0173, reguliuojam\u0105 ap\u0161vietim\u0105 su keliais re\u017eimais ir spalvomis, u\u017etikrinant\u012f ger\u0105 matomum\u0105 naktiniuose skryd\u017eiuose.  \u00a0\u00a0\u00a01 \u2013 2 d. d.\" \/>\n<meta property=\"og:url\" content=\"https:\/\/1dronas.lt\/en\/produktas\/betafpv-nightfire-rgb-led-strip\/\" \/>\n<meta property=\"og:site_name\" content=\"1dronas.lt\" \/>\n<meta property=\"article:publisher\" content=\"https:\/\/www.facebook.com\/1dronas\/\" \/>\n<meta property=\"article:modified_time\" content=\"2026-05-01T09:23:10+00:00\" \/>\n<meta property=\"og:image\" content=\"https:\/\/1dronas.lt\/wp-content\/uploads\/2026\/05\/NightFire_RGB_LED_Strip_Controller_1080x.jpg.webp\" \/>\n\t<meta property=\"og:image:width\" content=\"1080\" \/>\n\t<meta property=\"og:image:height\" content=\"1080\" \/>\n\t<meta property=\"og:image:type\" content=\"image\/webp\" \/>\n<meta name=\"twitter:card\" content=\"summary_large_image\" \/>\n<meta name=\"twitter:label1\" content=\"Est. reading time\" \/>\n\t<meta name=\"twitter:data1\" content=\"3 minutes\" \/>\n<script type=\"application\/ld+json\" class=\"yoast-schema-graph\">{\"@context\":\"https:\\\/\\\/schema.org\",\"@graph\":[{\"@type\":\"WebPage\",\"@id\":\"https:\\\/\\\/1dronas.lt\\\/en\\\/produktas\\\/betafpv-nightfire-rgb-led-strip\\\/\",\"url\":\"https:\\\/\\\/1dronas.lt\\\/en\\\/produktas\\\/betafpv-nightfire-rgb-led-strip\\\/\",\"name\":\"BETAFPV NightFire RGB LED Strip - 1dronas.lt\",\"isPartOf\":{\"@id\":\"https:\\\/\\\/1dronas.lt\\\/en\\\/#website\"},\"primaryImageOfPage\":{\"@id\":\"https:\\\/\\\/1dronas.lt\\\/en\\\/produktas\\\/betafpv-nightfire-rgb-led-strip\\\/#primaryimage\"},\"image\":{\"@id\":\"https:\\\/\\\/1dronas.lt\\\/en\\\/produktas\\\/betafpv-nightfire-rgb-led-strip\\\/#primaryimage\"},\"thumbnailUrl\":\"https:\\\/\\\/1dronas.lt\\\/wp-content\\\/uploads\\\/2026\\\/05\\\/NightFire_RGB_LED_Strip_Controller_1080x.jpg.webp\",\"datePublished\":\"2026-05-01T09:15:36+00:00\",\"dateModified\":\"2026-05-01T09:23:10+00:00\",\"breadcrumb\":{\"@id\":\"https:\\\/\\\/1dronas.lt\\\/en\\\/produktas\\\/betafpv-nightfire-rgb-led-strip\\\/#breadcrumb\"},\"inLanguage\":\"en-US\",\"potentialAction\":[{\"@type\":\"ReadAction\",\"target\":[\"https:\\\/\\\/1dronas.lt\\\/en\\\/produktas\\\/betafpv-nightfire-rgb-led-strip\\\/\"]}]},{\"@type\":\"ImageObject\",\"inLanguage\":\"en-US\",\"@id\":\"https:\\\/\\\/1dronas.lt\\\/en\\\/produktas\\\/betafpv-nightfire-rgb-led-strip\\\/#primaryimage\",\"url\":\"https:\\\/\\\/1dronas.lt\\\/wp-content\\\/uploads\\\/2026\\\/05\\\/NightFire_RGB_LED_Strip_Controller_1080x.jpg.webp\",\"contentUrl\":\"https:\\\/\\\/1dronas.lt\\\/wp-content\\\/uploads\\\/2026\\\/05\\\/NightFire_RGB_LED_Strip_Controller_1080x.jpg.webp\",\"width\":1080,\"height\":1080},{\"@type\":\"BreadcrumbList\",\"@id\":\"https:\\\/\\\/1dronas.lt\\\/en\\\/produktas\\\/betafpv-nightfire-rgb-led-strip\\\/#breadcrumb\",\"itemListElement\":[{\"@type\":\"ListItem\",\"position\":1,\"name\":\"Home\",\"item\":\"https:\\\/\\\/1dronas.lt\\\/\"},{\"@type\":\"ListItem\",\"position\":2,\"name\":\"Parduotuv\u0117\",\"item\":\"https:\\\/\\\/1dronas.lt\\\/parduotuve\\\/\"},{\"@type\":\"ListItem\",\"position\":3,\"name\":\"BETAFPV NightFire RGB LED Strip\"}]},{\"@type\":\"WebSite\",\"@id\":\"https:\\\/\\\/1dronas.lt\\\/en\\\/#website\",\"url\":\"https:\\\/\\\/1dronas.lt\\\/en\\\/\",\"name\":\"1dronas.lt\",\"description\":\"Internetin\u0117 parduotuv\u0117\",\"publisher\":{\"@id\":\"https:\\\/\\\/1dronas.lt\\\/en\\\/#organization\"},\"potentialAction\":[{\"@type\":\"SearchAction\",\"target\":{\"@type\":\"EntryPoint\",\"urlTemplate\":\"https:\\\/\\\/1dronas.lt\\\/en\\\/?s={search_term_string}\"},\"query-input\":{\"@type\":\"PropertyValueSpecification\",\"valueRequired\":true,\"valueName\":\"search_term_string\"}}],\"inLanguage\":\"en-US\"},{\"@type\":\"Organization\",\"@id\":\"https:\\\/\\\/1dronas.lt\\\/en\\\/#organization\",\"name\":\"1dronas.lt\",\"url\":\"https:\\\/\\\/1dronas.lt\\\/en\\\/\",\"logo\":{\"@type\":\"ImageObject\",\"inLanguage\":\"en-US\",\"@id\":\"https:\\\/\\\/1dronas.lt\\\/en\\\/#\\\/schema\\\/logo\\\/image\\\/\",\"url\":\"https:\\\/\\\/1dronas.lt\\\/wp-content\\\/uploads\\\/2020\\\/12\\\/Ekrano_kopija__2_-removebg-preview-1-1.png\",\"contentUrl\":\"https:\\\/\\\/1dronas.lt\\\/wp-content\\\/uploads\\\/2020\\\/12\\\/Ekrano_kopija__2_-removebg-preview-1-1.png\",\"width\":234,\"height\":81,\"caption\":\"1dronas.lt\"},\"image\":{\"@id\":\"https:\\\/\\\/1dronas.lt\\\/en\\\/#\\\/schema\\\/logo\\\/image\\\/\"},\"sameAs\":[\"https:\\\/\\\/www.facebook.com\\\/1dronas\\\/\"]}]}<\/script>\n<!-- \/ Yoast SEO plugin. -->","yoast_head_json":{"title":"BETAFPV NightFire RGB LED Strip - 1dronas.lt","robots":{"index":"index","follow":"follow","max-snippet":"max-snippet:-1","max-image-preview":"max-image-preview:large","max-video-preview":"max-video-preview:-1"},"canonical":"https:\/\/1dronas.lt\/en\/produktas\/betafpv-nightfire-rgb-led-strip\/","og_locale":"en_US","og_type":"article","og_title":"BETAFPV NightFire RGB LED Strip - 1dronas.lt","og_description":"\u201eNightFire RGB LED\u201c rinkinys suteikia ry\u0161k\u0173, reguliuojam\u0105 ap\u0161vietim\u0105 su keliais re\u017eimais ir spalvomis, u\u017etikrinant\u012f ger\u0105 matomum\u0105 naktiniuose skryd\u017eiuose.  \u00a0\u00a0\u00a01 \u2013 2 d. d.","og_url":"https:\/\/1dronas.lt\/en\/produktas\/betafpv-nightfire-rgb-led-strip\/","og_site_name":"1dronas.lt","article_publisher":"https:\/\/www.facebook.com\/1dronas\/","article_modified_time":"2026-05-01T09:23:10+00:00","og_image":[{"width":1080,"height":1080,"url":"https:\/\/1dronas.lt\/wp-content\/uploads\/2026\/05\/NightFire_RGB_LED_Strip_Controller_1080x.jpg.webp","type":"image\/webp"}],"twitter_card":"summary_large_image","twitter_misc":{"Est. reading time":"3 minutes"},"schema":{"@context":"https:\/\/schema.org","@graph":[{"@type":"WebPage","@id":"https:\/\/1dronas.lt\/en\/produktas\/betafpv-nightfire-rgb-led-strip\/","url":"https:\/\/1dronas.lt\/en\/produktas\/betafpv-nightfire-rgb-led-strip\/","name":"BETAFPV NightFire RGB LED Strip - 1dronas.lt","isPartOf":{"@id":"https:\/\/1dronas.lt\/en\/#website"},"primaryImageOfPage":{"@id":"https:\/\/1dronas.lt\/en\/produktas\/betafpv-nightfire-rgb-led-strip\/#primaryimage"},"image":{"@id":"https:\/\/1dronas.lt\/en\/produktas\/betafpv-nightfire-rgb-led-strip\/#primaryimage"},"thumbnailUrl":"https:\/\/1dronas.lt\/wp-content\/uploads\/2026\/05\/NightFire_RGB_LED_Strip_Controller_1080x.jpg.webp","datePublished":"2026-05-01T09:15:36+00:00","dateModified":"2026-05-01T09:23:10+00:00","breadcrumb":{"@id":"https:\/\/1dronas.lt\/en\/produktas\/betafpv-nightfire-rgb-led-strip\/#breadcrumb"},"inLanguage":"en-US","potentialAction":[{"@type":"ReadAction","target":["https:\/\/1dronas.lt\/en\/produktas\/betafpv-nightfire-rgb-led-strip\/"]}]},{"@type":"ImageObject","inLanguage":"en-US","@id":"https:\/\/1dronas.lt\/en\/produktas\/betafpv-nightfire-rgb-led-strip\/#primaryimage","url":"https:\/\/1dronas.lt\/wp-content\/uploads\/2026\/05\/NightFire_RGB_LED_Strip_Controller_1080x.jpg.webp","contentUrl":"https:\/\/1dronas.lt\/wp-content\/uploads\/2026\/05\/NightFire_RGB_LED_Strip_Controller_1080x.jpg.webp","width":1080,"height":1080},{"@type":"BreadcrumbList","@id":"https:\/\/1dronas.lt\/en\/produktas\/betafpv-nightfire-rgb-led-strip\/#breadcrumb","itemListElement":[{"@type":"ListItem","position":1,"name":"Home","item":"https:\/\/1dronas.lt\/"},{"@type":"ListItem","position":2,"name":"Parduotuv\u0117","item":"https:\/\/1dronas.lt\/parduotuve\/"},{"@type":"ListItem","position":3,"name":"BETAFPV NightFire RGB LED Strip"}]},{"@type":"WebSite","@id":"https:\/\/1dronas.lt\/en\/#website","url":"https:\/\/1dronas.lt\/en\/","name":"1dronas.lt","description":"Online store","publisher":{"@id":"https:\/\/1dronas.lt\/en\/#organization"},"potentialAction":[{"@type":"SearchAction","target":{"@type":"EntryPoint","urlTemplate":"https:\/\/1dronas.lt\/en\/?s={search_term_string}"},"query-input":{"@type":"PropertyValueSpecification","valueRequired":true,"valueName":"search_term_string"}}],"inLanguage":"en-US"},{"@type":"Organization","@id":"https:\/\/1dronas.lt\/en\/#organization","name":"1dronas.lt","url":"https:\/\/1dronas.lt\/en\/","logo":{"@type":"ImageObject","inLanguage":"en-US","@id":"https:\/\/1dronas.lt\/en\/#\/schema\/logo\/image\/","url":"https:\/\/1dronas.lt\/wp-content\/uploads\/2020\/12\/Ekrano_kopija__2_-removebg-preview-1-1.png","contentUrl":"https:\/\/1dronas.lt\/wp-content\/uploads\/2020\/12\/Ekrano_kopija__2_-removebg-preview-1-1.png","width":234,"height":81,"caption":"1dronas.lt"},"image":{"@id":"https:\/\/1dronas.lt\/en\/#\/schema\/logo\/image\/"},"sameAs":["https:\/\/www.facebook.com\/1dronas\/"]}]}},"jetpack_sharing_enabled":true,"_links":{"self":[{"href":"https:\/\/1dronas.lt\/en\/wp-json\/wp\/v2\/product\/19114","targetHints":{"allow":["GET"]}}],"collection":[{"href":"https:\/\/1dronas.lt\/en\/wp-json\/wp\/v2\/product"}],"about":[{"href":"https:\/\/1dronas.lt\/en\/wp-json\/wp\/v2\/types\/product"}],"replies":[{"embeddable":true,"href":"https:\/\/1dronas.lt\/en\/wp-json\/wp\/v2\/comments?post=19114"}],"wp:featuredmedia":[{"embeddable":true,"href":"https:\/\/1dronas.lt\/en\/wp-json\/wp\/v2\/media\/19117"}],"wp:attachment":[{"href":"https:\/\/1dronas.lt\/en\/wp-json\/wp\/v2\/media?parent=19114"}],"wp:term":[{"taxonomy":"product_brand","embeddable":true,"href":"https:\/\/1dronas.lt\/en\/wp-json\/wp\/v2\/product_brand?post=19114"},{"taxonomy":"product_cat","embeddable":true,"href":"https:\/\/1dronas.lt\/en\/wp-json\/wp\/v2\/product_cat?post=19114"},{"taxonomy":"product_tag","embeddable":true,"href":"https:\/\/1dronas.lt\/en\/wp-json\/wp\/v2\/product_tag?post=19114"}],"curies":[{"name":"wp","href":"https:\/\/api.w.org\/{rel}","templated":true}]}}