{"id":19107,"date":"2026-04-30T22:47:53","date_gmt":"2026-04-30T19:47:53","guid":{"rendered":"https:\/\/1dronas.lt\/?post_type=product&#038;p=19107"},"modified":"2026-04-30T22:47:53","modified_gmt":"2026-04-30T19:47:53","slug":"betafpv-micro-canopy-for-hd-camera","status":"publish","type":"product","link":"https:\/\/1dronas.lt\/en\/produktas\/betafpv-micro-canopy-for-hd-camera\/","title":{"rendered":"BETAFPV Micro Canopy for HD Camera"},"content":{"rendered":"<p>\u0160is mikro stogelis yra sukurtas daugumai 14 mm nano kamer\u0173. Jis palaiko reguliuojam\u0105 kameros objektyvo kamp\u0105 nuo 0 iki 45\u00b0. Taip pat pasi\u017eymi dideliu suderinamumu tiek su HD skaitmeniniais VTX (P1 Air Unit), tiek su analoginiais VTX (M03 Analog VTX).<\/p>\n<p><img loading=\"lazy\" decoding=\"async\" class=\"alignnone wp-image-19113 size-large\" src=\"https:\/\/1dronas.lt\/wp-content\/uploads\/2026\/04\/Meteor75_Pro_P1_-_micro_canopy.jpg-1024x576.webp\" alt=\"\" width=\"1020\" height=\"574\" srcset=\"https:\/\/1dronas.lt\/wp-content\/uploads\/2026\/04\/Meteor75_Pro_P1_-_micro_canopy.jpg-1024x576.webp 1024w, https:\/\/1dronas.lt\/wp-content\/uploads\/2026\/04\/Meteor75_Pro_P1_-_micro_canopy.jpg-300x169.webp 300w, https:\/\/1dronas.lt\/wp-content\/uploads\/2026\/04\/Meteor75_Pro_P1_-_micro_canopy.jpg-768x432.webp 768w, https:\/\/1dronas.lt\/wp-content\/uploads\/2026\/04\/Meteor75_Pro_P1_-_micro_canopy.jpg-1536x864.webp 1536w, https:\/\/1dronas.lt\/wp-content\/uploads\/2026\/04\/Meteor75_Pro_P1_-_micro_canopy.jpg-18x10.webp 18w, https:\/\/1dronas.lt\/wp-content\/uploads\/2026\/04\/Meteor75_Pro_P1_-_micro_canopy.jpg-510x287.webp 510w, https:\/\/1dronas.lt\/wp-content\/uploads\/2026\/04\/Meteor75_Pro_P1_-_micro_canopy.jpg.webp 1600w\" sizes=\"auto, (max-width: 1020px) 100vw, 1020px\" \/><\/p>\n<p><strong>Features:<\/strong><\/p>\n<p data-start=\"0\" data-end=\"217\">\u2022 Stogelis suprojektuotas su kameros tvirtinimo skyl\u0117mis, leid\u017eian\u010diomis reguliuoti objektyvo kamp\u0105 nuo 0 iki 45\u00b0. Jis tinka \u201eWalksnail Avatar Nano\u201c kamerai, \u201eRuncam Nano Lite\u201c kamerai arba daugumai 14 mm nano kamer\u0173;<br \/>\n\u2022 Rekomenduojami r\u0117mai: \u201eMeteor75 Pro P1\u201c, \u201eMeteor65 Pro\u201c, \u201eMeteor75\u201c ir \u201eMeteor85\u201c;<br \/>\n\u2022 Pagamintas naudojant liejimo \u012fpur\u0161kimo technologij\u0105, \u0161is stogelis yra patvaresnis, atsparus pa\u017eeidimams ir kar\u0161\u010diui, tod\u0117l suteikia ger\u0105 apsaug\u0105 \u201ewhoop\u201c tipo dronui;<br \/>\n\u2022 Unikalus dizainas su trimis dekoratyvin\u0117mis dalimis, primenan\u010diomis riter\u012f \u2013 dronas ore atrodo kaip mokslin\u0117s fantastikos erdv\u0117laivis, tod\u0117l yra labai i\u0161skirtinis ir stilingas. Taip pat dekoratyvin\u0117s dalys yra nuimamos, kad b\u016bt\u0173 u\u017etikrintas geresnis \u0161ilumos i\u0161sklaidymas.<\/p>\n<p data-start=\"0\" data-end=\"217\"><strong>Specification:<\/strong><\/p>\n<p data-start=\"0\" data-end=\"182\">\u2022 Prek\u0117: Mikro stogelis HD kamerai;<br data-start=\"36\" data-end=\"39\" \/>\u2022 Material: PP;<br data-start=\"55\" data-end=\"58\" data-is-only-node=\"\" \/>\u2022 Pakreipimas: 0\u201345\u00b0;<br data-start=\"87\" data-end=\"90\" \/>\u2022 Svoris: 2,50 g (be dekoracij\u0173), 3,28 g (su dekoracijomis);<br data-start=\"151\" data-end=\"154\" \/>\u2022 Spalva: Balta;<br \/>\n\u2022 Suderinami VTX: P1 Air Unit, 1S Walksnail Avatar Mini HD VTX, HDZero Whoop Lite Bundle, M03 25\u2013350 mW 5.8G VTX;<br \/>\n\u2022 Suderinamos FPV kameros: P1 kamera, Walksnail Avatar Nano kamera, Runcam Nano Lite kamera arba dauguma 14 mm nano kamer\u0173;<br \/>\n\u2022 Suderinami r\u0117mai: Meteor75 Pro, Meteor65 Pro \/ Meteor75 \/ Meteor85.<\/p>\n<p data-start=\"0\" data-end=\"182\"><strong>Measurements:<\/strong><\/p>\n<p data-start=\"0\" data-end=\"182\"><img loading=\"lazy\" decoding=\"async\" class=\"alignnone wp-image-19109\" src=\"https:\/\/1dronas.lt\/wp-content\/uploads\/2026\/04\/d1b5f6ad8c6fc32b5fd89a7e5cd15456_3472fe8b-9658-4d32-8844-4ba377f57ce0_1024x1024.jpg.webp\" alt=\"\" width=\"596\" height=\"360\" srcset=\"https:\/\/1dronas.lt\/wp-content\/uploads\/2026\/04\/d1b5f6ad8c6fc32b5fd89a7e5cd15456_3472fe8b-9658-4d32-8844-4ba377f57ce0_1024x1024.jpg.webp 1024w, https:\/\/1dronas.lt\/wp-content\/uploads\/2026\/04\/d1b5f6ad8c6fc32b5fd89a7e5cd15456_3472fe8b-9658-4d32-8844-4ba377f57ce0_1024x1024.jpg-300x181.webp 300w, https:\/\/1dronas.lt\/wp-content\/uploads\/2026\/04\/d1b5f6ad8c6fc32b5fd89a7e5cd15456_3472fe8b-9658-4d32-8844-4ba377f57ce0_1024x1024.jpg-768x464.webp 768w, https:\/\/1dronas.lt\/wp-content\/uploads\/2026\/04\/d1b5f6ad8c6fc32b5fd89a7e5cd15456_3472fe8b-9658-4d32-8844-4ba377f57ce0_1024x1024.jpg-18x12.webp 18w, https:\/\/1dronas.lt\/wp-content\/uploads\/2026\/04\/d1b5f6ad8c6fc32b5fd89a7e5cd15456_3472fe8b-9658-4d32-8844-4ba377f57ce0_1024x1024.jpg-510x308.webp 510w\" sizes=\"auto, (max-width: 596px) 100vw, 596px\" \/><\/p>\n<p data-start=\"0\" data-end=\"182\">Tai standartinis \u201eMeteor75 Brushless Whoop\u201c (1S HD skaitmeninis VTX) stogelis su tu\u0161\u010diaviduriu dizainu, kuris pagerina oro cirkuliacij\u0105 ir suma\u017eina elektronikos perkaitim\u0105. Taip pat tinka \u201eMeteor75 Pro P1\u201c, \u201eMeteor65 Pro\u201c, \u201eMeteor75\u201c (analoginiam) ir \u201eMeteor85\u201c, tod\u0117l yra puikus pasirinkimas norint atnaujinti dron\u0105 \u012f HD skaitmenin\u012f VTX.<\/p>\n<p data-start=\"0\" data-end=\"182\"><img loading=\"lazy\" decoding=\"async\" class=\"alignnone wp-image-19110 size-full\" src=\"https:\/\/1dronas.lt\/wp-content\/uploads\/2026\/04\/FB_d28bc65b-642c-42bf-8458-731a55584b2d_1024x1024.jpg.webp\" alt=\"\" width=\"1024\" height=\"576\" srcset=\"https:\/\/1dronas.lt\/wp-content\/uploads\/2026\/04\/FB_d28bc65b-642c-42bf-8458-731a55584b2d_1024x1024.jpg.webp 1024w, https:\/\/1dronas.lt\/wp-content\/uploads\/2026\/04\/FB_d28bc65b-642c-42bf-8458-731a55584b2d_1024x1024.jpg-300x169.webp 300w, https:\/\/1dronas.lt\/wp-content\/uploads\/2026\/04\/FB_d28bc65b-642c-42bf-8458-731a55584b2d_1024x1024.jpg-768x432.webp 768w, https:\/\/1dronas.lt\/wp-content\/uploads\/2026\/04\/FB_d28bc65b-642c-42bf-8458-731a55584b2d_1024x1024.jpg-18x10.webp 18w, https:\/\/1dronas.lt\/wp-content\/uploads\/2026\/04\/FB_d28bc65b-642c-42bf-8458-731a55584b2d_1024x1024.jpg-510x287.webp 510w\" sizes=\"auto, (max-width: 1024px) 100vw, 1024px\" \/><\/p>\n<p data-start=\"0\" data-end=\"182\">1x Mikro stogelis HD kamerai (Baltas);<br data-start=\"54\" data-end=\"57\" \/>3x Decorative parts;<br data-start=\"80\" data-end=\"83\" \/>3x M1.4&#215;3 var\u017etai;<br data-start=\"101\" data-end=\"104\" \/>8x M1.4&#215;5 var\u017etai;<br data-start=\"122\" data-end=\"125\" \/>3x M2x4 var\u017etai.<\/p>\n<p data-start=\"0\" data-end=\"182\"><img loading=\"lazy\" decoding=\"async\" class=\"alignnone wp-image-19108\" src=\"https:\/\/1dronas.lt\/wp-content\/uploads\/2026\/04\/3f89305fb1dabad87b9b93324e3c25cd_97865e75-9e05-42e8-b776-3cab07d62905_600x600.jpg.webp\" alt=\"\" width=\"412\" height=\"307\" srcset=\"https:\/\/1dronas.lt\/wp-content\/uploads\/2026\/04\/3f89305fb1dabad87b9b93324e3c25cd_97865e75-9e05-42e8-b776-3cab07d62905_600x600.jpg.webp 600w, https:\/\/1dronas.lt\/wp-content\/uploads\/2026\/04\/3f89305fb1dabad87b9b93324e3c25cd_97865e75-9e05-42e8-b776-3cab07d62905_600x600.jpg-300x224.webp 300w, https:\/\/1dronas.lt\/wp-content\/uploads\/2026\/04\/3f89305fb1dabad87b9b93324e3c25cd_97865e75-9e05-42e8-b776-3cab07d62905_600x600.jpg-16x12.webp 16w, https:\/\/1dronas.lt\/wp-content\/uploads\/2026\/04\/3f89305fb1dabad87b9b93324e3c25cd_97865e75-9e05-42e8-b776-3cab07d62905_600x600.jpg-510x380.webp 510w\" sizes=\"auto, (max-width: 412px) 100vw, 412px\" \/><\/p>","protected":false},"excerpt":{"rendered":"<p><span style=\"color: #333333;\">Lengvas ir patvarus mikro stogelis HD kamerai su reguliuojamu kampu, komplektuojamas su dekoracijomis ir tvirtinimo var\u017etais.<\/span><\/p>\n<p><span style=\"color: #333333;\"><strong><img loading=\"lazy\" decoding=\"async\" class=\"alignnone wp-image-1806\" src=\"https:\/\/1dronas.lt\/wp-content\/uploads\/2021\/05\/delivery-icon.png.webp\" alt=\"\" width=\"24\" height=\"24\" srcset=\"https:\/\/1dronas.lt\/wp-content\/uploads\/2021\/05\/delivery-icon.png 35w, https:\/\/1dronas.lt\/wp-content\/uploads\/2021\/05\/delivery-icon-12x12.png 12w\" sizes=\"auto, (max-width: 24px) 100vw, 24px\" \/>\u00a0\u00a0\u00a01 \u2013 2 days<\/strong><\/span><\/p>","protected":false},"featured_media":19111,"comment_status":"open","ping_status":"closed","template":"","meta":[],"product_brand":[489],"product_cat":[689],"product_tag":[69,437,349,43],"class_list":{"0":"post-19107","1":"product","2":"type-product","3":"status-publish","4":"has-post-thumbnail","6":"product_brand-betafpv","7":"product_cat-stogeliai","8":"product_tag-betafpv","9":"product_tag-camera","10":"product_tag-canopy","11":"product_tag-hd","13":"first","14":"instock","15":"taxable","16":"shipping-taxable","17":"purchasable","18":"product-type-simple"},"yoast_head":"<!-- This site is optimized with the Yoast SEO plugin v27.5 - https:\/\/yoast.com\/product\/yoast-seo-wordpress\/ -->\n<title>BETAFPV Micro Canopy for HD Camera - 1dronas.lt<\/title>\n<meta name=\"robots\" content=\"index, follow, max-snippet:-1, max-image-preview:large, max-video-preview:-1\" \/>\n<link rel=\"canonical\" href=\"https:\/\/1dronas.lt\/en\/produktas\/betafpv-micro-canopy-for-hd-camera\/\" \/>\n<meta property=\"og:locale\" content=\"en_US\" \/>\n<meta property=\"og:type\" content=\"article\" \/>\n<meta property=\"og:title\" content=\"BETAFPV Micro Canopy for HD Camera - 1dronas.lt\" \/>\n<meta property=\"og:description\" content=\"Lengvas ir patvarus mikro stogelis HD kamerai su reguliuojamu kampu, komplektuojamas su dekoracijomis ir tvirtinimo var\u017etais.  \u00a0\u00a0\u00a01 \u2013 2 d. d.\" \/>\n<meta property=\"og:url\" content=\"https:\/\/1dronas.lt\/en\/produktas\/betafpv-micro-canopy-for-hd-camera\/\" \/>\n<meta property=\"og:site_name\" content=\"1dronas.lt\" \/>\n<meta property=\"article:publisher\" content=\"https:\/\/www.facebook.com\/1dronas\/\" \/>\n<meta property=\"og:image\" content=\"https:\/\/1dronas.lt\/wp-content\/uploads\/2026\/04\/Micro_Canopy_for_HD_Camera_white_1080x.jpg.webp\" \/>\n\t<meta property=\"og:image:width\" content=\"1080\" \/>\n\t<meta property=\"og:image:height\" content=\"1080\" \/>\n\t<meta property=\"og:image:type\" content=\"image\/webp\" \/>\n<meta name=\"twitter:card\" content=\"summary_large_image\" \/>\n<meta name=\"twitter:label1\" content=\"Est. reading time\" \/>\n\t<meta name=\"twitter:data1\" content=\"3 minutes\" \/>\n<script type=\"application\/ld+json\" class=\"yoast-schema-graph\">{\"@context\":\"https:\\\/\\\/schema.org\",\"@graph\":[{\"@type\":\"WebPage\",\"@id\":\"https:\\\/\\\/1dronas.lt\\\/en\\\/produktas\\\/betafpv-micro-canopy-for-hd-camera\\\/\",\"url\":\"https:\\\/\\\/1dronas.lt\\\/en\\\/produktas\\\/betafpv-micro-canopy-for-hd-camera\\\/\",\"name\":\"BETAFPV Micro Canopy for HD Camera - 1dronas.lt\",\"isPartOf\":{\"@id\":\"https:\\\/\\\/1dronas.lt\\\/en\\\/#website\"},\"primaryImageOfPage\":{\"@id\":\"https:\\\/\\\/1dronas.lt\\\/en\\\/produktas\\\/betafpv-micro-canopy-for-hd-camera\\\/#primaryimage\"},\"image\":{\"@id\":\"https:\\\/\\\/1dronas.lt\\\/en\\\/produktas\\\/betafpv-micro-canopy-for-hd-camera\\\/#primaryimage\"},\"thumbnailUrl\":\"https:\\\/\\\/1dronas.lt\\\/wp-content\\\/uploads\\\/2026\\\/04\\\/Micro_Canopy_for_HD_Camera_white_1080x.jpg.webp\",\"datePublished\":\"2026-04-30T19:47:53+00:00\",\"breadcrumb\":{\"@id\":\"https:\\\/\\\/1dronas.lt\\\/en\\\/produktas\\\/betafpv-micro-canopy-for-hd-camera\\\/#breadcrumb\"},\"inLanguage\":\"en-US\",\"potentialAction\":[{\"@type\":\"ReadAction\",\"target\":[\"https:\\\/\\\/1dronas.lt\\\/en\\\/produktas\\\/betafpv-micro-canopy-for-hd-camera\\\/\"]}]},{\"@type\":\"ImageObject\",\"inLanguage\":\"en-US\",\"@id\":\"https:\\\/\\\/1dronas.lt\\\/en\\\/produktas\\\/betafpv-micro-canopy-for-hd-camera\\\/#primaryimage\",\"url\":\"https:\\\/\\\/1dronas.lt\\\/wp-content\\\/uploads\\\/2026\\\/04\\\/Micro_Canopy_for_HD_Camera_white_1080x.jpg.webp\",\"contentUrl\":\"https:\\\/\\\/1dronas.lt\\\/wp-content\\\/uploads\\\/2026\\\/04\\\/Micro_Canopy_for_HD_Camera_white_1080x.jpg.webp\",\"width\":1080,\"height\":1080},{\"@type\":\"BreadcrumbList\",\"@id\":\"https:\\\/\\\/1dronas.lt\\\/en\\\/produktas\\\/betafpv-micro-canopy-for-hd-camera\\\/#breadcrumb\",\"itemListElement\":[{\"@type\":\"ListItem\",\"position\":1,\"name\":\"Home\",\"item\":\"https:\\\/\\\/1dronas.lt\\\/\"},{\"@type\":\"ListItem\",\"position\":2,\"name\":\"Parduotuv\u0117\",\"item\":\"https:\\\/\\\/1dronas.lt\\\/parduotuve\\\/\"},{\"@type\":\"ListItem\",\"position\":3,\"name\":\"BETAFPV Micro Canopy for HD Camera\"}]},{\"@type\":\"WebSite\",\"@id\":\"https:\\\/\\\/1dronas.lt\\\/en\\\/#website\",\"url\":\"https:\\\/\\\/1dronas.lt\\\/en\\\/\",\"name\":\"1dronas.lt\",\"description\":\"Internetin\u0117 parduotuv\u0117\",\"publisher\":{\"@id\":\"https:\\\/\\\/1dronas.lt\\\/en\\\/#organization\"},\"potentialAction\":[{\"@type\":\"SearchAction\",\"target\":{\"@type\":\"EntryPoint\",\"urlTemplate\":\"https:\\\/\\\/1dronas.lt\\\/en\\\/?s={search_term_string}\"},\"query-input\":{\"@type\":\"PropertyValueSpecification\",\"valueRequired\":true,\"valueName\":\"search_term_string\"}}],\"inLanguage\":\"en-US\"},{\"@type\":\"Organization\",\"@id\":\"https:\\\/\\\/1dronas.lt\\\/en\\\/#organization\",\"name\":\"1dronas.lt\",\"url\":\"https:\\\/\\\/1dronas.lt\\\/en\\\/\",\"logo\":{\"@type\":\"ImageObject\",\"inLanguage\":\"en-US\",\"@id\":\"https:\\\/\\\/1dronas.lt\\\/en\\\/#\\\/schema\\\/logo\\\/image\\\/\",\"url\":\"https:\\\/\\\/1dronas.lt\\\/wp-content\\\/uploads\\\/2020\\\/12\\\/Ekrano_kopija__2_-removebg-preview-1-1.png\",\"contentUrl\":\"https:\\\/\\\/1dronas.lt\\\/wp-content\\\/uploads\\\/2020\\\/12\\\/Ekrano_kopija__2_-removebg-preview-1-1.png\",\"width\":234,\"height\":81,\"caption\":\"1dronas.lt\"},\"image\":{\"@id\":\"https:\\\/\\\/1dronas.lt\\\/en\\\/#\\\/schema\\\/logo\\\/image\\\/\"},\"sameAs\":[\"https:\\\/\\\/www.facebook.com\\\/1dronas\\\/\"]}]}<\/script>\n<!-- \/ Yoast SEO plugin. -->","yoast_head_json":{"title":"BETAFPV Micro Canopy for HD Camera - 1dronas.lt","robots":{"index":"index","follow":"follow","max-snippet":"max-snippet:-1","max-image-preview":"max-image-preview:large","max-video-preview":"max-video-preview:-1"},"canonical":"https:\/\/1dronas.lt\/en\/produktas\/betafpv-micro-canopy-for-hd-camera\/","og_locale":"en_US","og_type":"article","og_title":"BETAFPV Micro Canopy for HD Camera - 1dronas.lt","og_description":"Lengvas ir patvarus mikro stogelis HD kamerai su reguliuojamu kampu, komplektuojamas su dekoracijomis ir tvirtinimo var\u017etais.  \u00a0\u00a0\u00a01 \u2013 2 d. d.","og_url":"https:\/\/1dronas.lt\/en\/produktas\/betafpv-micro-canopy-for-hd-camera\/","og_site_name":"1dronas.lt","article_publisher":"https:\/\/www.facebook.com\/1dronas\/","og_image":[{"width":1080,"height":1080,"url":"https:\/\/1dronas.lt\/wp-content\/uploads\/2026\/04\/Micro_Canopy_for_HD_Camera_white_1080x.jpg.webp","type":"image\/webp"}],"twitter_card":"summary_large_image","twitter_misc":{"Est. reading time":"3 minutes"},"schema":{"@context":"https:\/\/schema.org","@graph":[{"@type":"WebPage","@id":"https:\/\/1dronas.lt\/en\/produktas\/betafpv-micro-canopy-for-hd-camera\/","url":"https:\/\/1dronas.lt\/en\/produktas\/betafpv-micro-canopy-for-hd-camera\/","name":"BETAFPV Micro Canopy for HD Camera - 1dronas.lt","isPartOf":{"@id":"https:\/\/1dronas.lt\/en\/#website"},"primaryImageOfPage":{"@id":"https:\/\/1dronas.lt\/en\/produktas\/betafpv-micro-canopy-for-hd-camera\/#primaryimage"},"image":{"@id":"https:\/\/1dronas.lt\/en\/produktas\/betafpv-micro-canopy-for-hd-camera\/#primaryimage"},"thumbnailUrl":"https:\/\/1dronas.lt\/wp-content\/uploads\/2026\/04\/Micro_Canopy_for_HD_Camera_white_1080x.jpg.webp","datePublished":"2026-04-30T19:47:53+00:00","breadcrumb":{"@id":"https:\/\/1dronas.lt\/en\/produktas\/betafpv-micro-canopy-for-hd-camera\/#breadcrumb"},"inLanguage":"en-US","potentialAction":[{"@type":"ReadAction","target":["https:\/\/1dronas.lt\/en\/produktas\/betafpv-micro-canopy-for-hd-camera\/"]}]},{"@type":"ImageObject","inLanguage":"en-US","@id":"https:\/\/1dronas.lt\/en\/produktas\/betafpv-micro-canopy-for-hd-camera\/#primaryimage","url":"https:\/\/1dronas.lt\/wp-content\/uploads\/2026\/04\/Micro_Canopy_for_HD_Camera_white_1080x.jpg.webp","contentUrl":"https:\/\/1dronas.lt\/wp-content\/uploads\/2026\/04\/Micro_Canopy_for_HD_Camera_white_1080x.jpg.webp","width":1080,"height":1080},{"@type":"BreadcrumbList","@id":"https:\/\/1dronas.lt\/en\/produktas\/betafpv-micro-canopy-for-hd-camera\/#breadcrumb","itemListElement":[{"@type":"ListItem","position":1,"name":"Home","item":"https:\/\/1dronas.lt\/"},{"@type":"ListItem","position":2,"name":"Parduotuv\u0117","item":"https:\/\/1dronas.lt\/parduotuve\/"},{"@type":"ListItem","position":3,"name":"BETAFPV Micro Canopy for HD Camera"}]},{"@type":"WebSite","@id":"https:\/\/1dronas.lt\/en\/#website","url":"https:\/\/1dronas.lt\/en\/","name":"1dronas.lt","description":"Online store","publisher":{"@id":"https:\/\/1dronas.lt\/en\/#organization"},"potentialAction":[{"@type":"SearchAction","target":{"@type":"EntryPoint","urlTemplate":"https:\/\/1dronas.lt\/en\/?s={search_term_string}"},"query-input":{"@type":"PropertyValueSpecification","valueRequired":true,"valueName":"search_term_string"}}],"inLanguage":"en-US"},{"@type":"Organization","@id":"https:\/\/1dronas.lt\/en\/#organization","name":"1dronas.lt","url":"https:\/\/1dronas.lt\/en\/","logo":{"@type":"ImageObject","inLanguage":"en-US","@id":"https:\/\/1dronas.lt\/en\/#\/schema\/logo\/image\/","url":"https:\/\/1dronas.lt\/wp-content\/uploads\/2020\/12\/Ekrano_kopija__2_-removebg-preview-1-1.png","contentUrl":"https:\/\/1dronas.lt\/wp-content\/uploads\/2020\/12\/Ekrano_kopija__2_-removebg-preview-1-1.png","width":234,"height":81,"caption":"1dronas.lt"},"image":{"@id":"https:\/\/1dronas.lt\/en\/#\/schema\/logo\/image\/"},"sameAs":["https:\/\/www.facebook.com\/1dronas\/"]}]}},"jetpack_sharing_enabled":true,"_links":{"self":[{"href":"https:\/\/1dronas.lt\/en\/wp-json\/wp\/v2\/product\/19107","targetHints":{"allow":["GET"]}}],"collection":[{"href":"https:\/\/1dronas.lt\/en\/wp-json\/wp\/v2\/product"}],"about":[{"href":"https:\/\/1dronas.lt\/en\/wp-json\/wp\/v2\/types\/product"}],"replies":[{"embeddable":true,"href":"https:\/\/1dronas.lt\/en\/wp-json\/wp\/v2\/comments?post=19107"}],"wp:featuredmedia":[{"embeddable":true,"href":"https:\/\/1dronas.lt\/en\/wp-json\/wp\/v2\/media\/19111"}],"wp:attachment":[{"href":"https:\/\/1dronas.lt\/en\/wp-json\/wp\/v2\/media?parent=19107"}],"wp:term":[{"taxonomy":"product_brand","embeddable":true,"href":"https:\/\/1dronas.lt\/en\/wp-json\/wp\/v2\/product_brand?post=19107"},{"taxonomy":"product_cat","embeddable":true,"href":"https:\/\/1dronas.lt\/en\/wp-json\/wp\/v2\/product_cat?post=19107"},{"taxonomy":"product_tag","embeddable":true,"href":"https:\/\/1dronas.lt\/en\/wp-json\/wp\/v2\/product_tag?post=19107"}],"curies":[{"name":"wp","href":"https:\/\/api.w.org\/{rel}","templated":true}]}}