{"id":19001,"date":"2026-04-25T19:53:04","date_gmt":"2026-04-25T16:53:04","guid":{"rendered":"https:\/\/1dronas.lt\/?post_type=product&#038;p=19001"},"modified":"2026-04-25T19:53:05","modified_gmt":"2026-04-25T16:53:05","slug":"iflight-defender-12-1s-analog-tinywhoop-elrs","status":"publish","type":"product","link":"https:\/\/1dronas.lt\/en\/produktas\/iflight-defender-12-1s-analog-tinywhoop-elrs\/","title":{"rendered":"iFlight Defender 12 1S Analog Tinywhoop ELRS"},"content":{"rendered":"<p><img loading=\"lazy\" decoding=\"async\" class=\"alignnone wp-image-19012 size-full\" src=\"https:\/\/1dronas.lt\/wp-content\/uploads\/2026\/04\/D12-Details-En-2.jpeg\" alt=\"\" width=\"1000\" height=\"1000\" srcset=\"https:\/\/1dronas.lt\/wp-content\/uploads\/2026\/04\/D12-Details-En-2.jpeg 1000w, https:\/\/1dronas.lt\/wp-content\/uploads\/2026\/04\/D12-Details-En-2-300x300.jpeg 300w, https:\/\/1dronas.lt\/wp-content\/uploads\/2026\/04\/D12-Details-En-2-150x150.jpeg 150w, https:\/\/1dronas.lt\/wp-content\/uploads\/2026\/04\/D12-Details-En-2-768x768.jpeg 768w, https:\/\/1dronas.lt\/wp-content\/uploads\/2026\/04\/D12-Details-En-2-12x12.jpeg 12w, https:\/\/1dronas.lt\/wp-content\/uploads\/2026\/04\/D12-Details-En-2-247x247.jpeg 247w, https:\/\/1dronas.lt\/wp-content\/uploads\/2026\/04\/D12-Details-En-2-510x510.jpeg 510w, https:\/\/1dronas.lt\/wp-content\/uploads\/2026\/04\/D12-Details-En-2-100x100.jpeg 100w\" sizes=\"auto, (max-width: 1000px) 100vw, 1000px\" \/><\/p>\n<p>This is an entry-level drone specifically designed for beginners. Featuring a completely new design, it features an ultra-lightweight construction \u2013 it is light and compact, making it easy to control and carry, and ensures safe indoor flying.<\/p>\n<p><strong>Features:<\/strong><\/p>\n<p data-start=\"38\" data-end=\"161\">\u2022 Lightweight and portable: Brand new lightweight design, total weight is only 20g, making it convenient to carry;<br \/>\n\u2022 Safe indoor flying: Lightweight body design effectively increases safety when flying indoors, perfect for beginner training;<br \/>\n\u2022 Updated power system: Equipped with special 0702 motors, ensuring smooth and stable power transmission and easier control;<br \/>\n\u2022 Flexible filming: The multi-angle adjustable camera allows you to choose different filming perspectives and meets your basic recording needs;<br \/>\n\u2022 Integrated high-performance core: Uses the BorgG4 AIO module, integrating the G473 main controller, receiver, and 16MB of internal memory, ensuring optimized and reliable performance.<\/p>\n<p data-start=\"38\" data-end=\"161\"><strong>Specification:<\/strong><\/p>\n<p data-start=\"62\" data-end=\"106\">\u2022 Product name: Defender 12 Analog;<br \/>\n\u2022 AIO (all-in-one): Borg G4 AIO (RX);<br \/>\n\u2022 Video transmission: Borg 5.8G Micro VTX and camera, 150 mW;<br \/>\n\u2022 Frame: 65 mm wheelbase;<br \/>\n\u2022 Motors: Defender 12 0702 30000KV;<br \/>\n\u2022 Propellers: GEMFAN 31 mm propellers;<br \/>\n\u2022 Weight: 20g \u00b12g;<br \/>\n\u2022 Take-off weight: about 28 \u00b12 g (with 1S 300 mAh battery);<br \/>\n\u2022 Dimensions (L x W x H): 82 x 82 x 39 mm;<br \/>\n\u2022 Maximum speed: 50 km\/h;<br \/>\n\u2022 Maximum take-off altitude: 1000 m;<br \/>\n\u2022 Maximum hanging time: 4 min;<br \/>\n\u2022 Operating temperature range: from -10 \u00b0C to 20 \u00b0C;<br \/>\n\u2022 GNSS: none;<br \/>\n\u2022 Battery connection: BT 2.0.<\/p>\n<p data-start=\"664\" data-end=\"693\"><strong><span role=\"text\">Video transmission:<\/span><\/strong><\/p>\n<p data-start=\"727\" data-end=\"937\">\u2022 Interface: IPEX;<br data-start=\"743\" data-end=\"746\" \/>\u2022 Power levels: PIT \/ 25 mW \/ 100 mW \/ 150 mW @ 5V 550 mA;<br data-start=\"809\" data-end=\"812\" \/>\u2022 Dimensions: 15.5 x 15 x 20.5 mm;<br data-start=\"845\" data-end=\"848\" \/>\u2022 Weight: 3.8 g;<br data-start=\"865\" data-end=\"868\" \/>\u2022 VTX telemetry: IRC Tramp;<br data-start=\"898\" data-end=\"901\" \/>\u2022 Channels: 48 (including Raceband).<\/p>\n<p data-start=\"727\" data-end=\"937\"><img loading=\"lazy\" decoding=\"async\" class=\"alignnone wp-image-19002 size-full\" src=\"https:\/\/1dronas.lt\/wp-content\/uploads\/2026\/04\/D12-Details-En-3.jpeg\" alt=\"\" width=\"1000\" height=\"1000\" srcset=\"https:\/\/1dronas.lt\/wp-content\/uploads\/2026\/04\/D12-Details-En-3.jpeg 1000w, https:\/\/1dronas.lt\/wp-content\/uploads\/2026\/04\/D12-Details-En-3-300x300.jpeg 300w, https:\/\/1dronas.lt\/wp-content\/uploads\/2026\/04\/D12-Details-En-3-150x150.jpeg 150w, https:\/\/1dronas.lt\/wp-content\/uploads\/2026\/04\/D12-Details-En-3-768x768.jpeg 768w, https:\/\/1dronas.lt\/wp-content\/uploads\/2026\/04\/D12-Details-En-3-12x12.jpeg 12w, https:\/\/1dronas.lt\/wp-content\/uploads\/2026\/04\/D12-Details-En-3-247x247.jpeg 247w, https:\/\/1dronas.lt\/wp-content\/uploads\/2026\/04\/D12-Details-En-3-510x510.jpeg 510w, https:\/\/1dronas.lt\/wp-content\/uploads\/2026\/04\/D12-Details-En-3-100x100.jpeg 100w\" sizes=\"auto, (max-width: 1000px) 100vw, 1000px\" \/><br \/>\nExtremely powerful motors in a small body - with 0702 30000KV motors and professionally tuned power, the drone ensures speed, precise control, and easily performs sharp maneuvers even indoors.<\/p>\n<p data-start=\"727\" data-end=\"937\"><img loading=\"lazy\" decoding=\"async\" class=\"alignnone wp-image-19003 size-full\" src=\"https:\/\/1dronas.lt\/wp-content\/uploads\/2026\/04\/D12-Details-En-4.jpeg\" alt=\"\" width=\"1000\" height=\"1000\" srcset=\"https:\/\/1dronas.lt\/wp-content\/uploads\/2026\/04\/D12-Details-En-4.jpeg 1000w, https:\/\/1dronas.lt\/wp-content\/uploads\/2026\/04\/D12-Details-En-4-300x300.jpeg 300w, https:\/\/1dronas.lt\/wp-content\/uploads\/2026\/04\/D12-Details-En-4-150x150.jpeg 150w, https:\/\/1dronas.lt\/wp-content\/uploads\/2026\/04\/D12-Details-En-4-768x768.jpeg 768w, https:\/\/1dronas.lt\/wp-content\/uploads\/2026\/04\/D12-Details-En-4-12x12.jpeg 12w, https:\/\/1dronas.lt\/wp-content\/uploads\/2026\/04\/D12-Details-En-4-247x247.jpeg 247w, https:\/\/1dronas.lt\/wp-content\/uploads\/2026\/04\/D12-Details-En-4-510x510.jpeg 510w, https:\/\/1dronas.lt\/wp-content\/uploads\/2026\/04\/D12-Details-En-4-100x100.jpeg 100w\" sizes=\"auto, (max-width: 1000px) 100vw, 1000px\" \/><br \/>\nHigh-performance AIO - more stable and reliable performance: Upgraded with Borg G4 AIO, which combines multiple functions in one, ensures easy maintenance and stable flight, allowing you to practice indoors without worries. Built-in 16MB Blackbox memory, G473 main control chip, built-in ELRS 2.4GHz receiver with internal antenna and ICM42688 gyroscope.<\/p>\n<p data-start=\"727\" data-end=\"937\"><img loading=\"lazy\" decoding=\"async\" class=\"alignnone wp-image-19004 size-full\" src=\"https:\/\/1dronas.lt\/wp-content\/uploads\/2026\/04\/D12-Details-En-5.jpeg\" alt=\"\" width=\"1000\" height=\"1000\" srcset=\"https:\/\/1dronas.lt\/wp-content\/uploads\/2026\/04\/D12-Details-En-5.jpeg 1000w, https:\/\/1dronas.lt\/wp-content\/uploads\/2026\/04\/D12-Details-En-5-300x300.jpeg 300w, https:\/\/1dronas.lt\/wp-content\/uploads\/2026\/04\/D12-Details-En-5-150x150.jpeg 150w, https:\/\/1dronas.lt\/wp-content\/uploads\/2026\/04\/D12-Details-En-5-768x768.jpeg 768w, https:\/\/1dronas.lt\/wp-content\/uploads\/2026\/04\/D12-Details-En-5-12x12.jpeg 12w, https:\/\/1dronas.lt\/wp-content\/uploads\/2026\/04\/D12-Details-En-5-247x247.jpeg 247w, https:\/\/1dronas.lt\/wp-content\/uploads\/2026\/04\/D12-Details-En-5-510x510.jpeg 510w, https:\/\/1dronas.lt\/wp-content\/uploads\/2026\/04\/D12-Details-En-5-100x100.jpeg 100w\" sizes=\"auto, (max-width: 1000px) 100vw, 1000px\" \/><br \/>\nThe adjustable angle camera (0-45\u00b0) allows you to adjust the filming angle to your needs: smaller angles ensure stable flight, while larger ones are perfect for freestyle maneuvers, so you can easily change the angle to try out various flight and training options.<\/p>\n<p data-start=\"727\" data-end=\"937\"><strong>Package:<\/strong><\/p>\n<p data-start=\"727\" data-end=\"937\">1x iFlight Defender 12 1S Analog Tinywhoop ELRS.<\/p>","protected":false},"excerpt":{"rendered":"<p><span style=\"color: #333333;\">This is a lightweight and compact drone that ensures safe indoor flying and stable and easy-to-control flight.<\/span><\/p>\n<p><span style=\"color: #333333;\"><strong><img loading=\"lazy\" decoding=\"async\" class=\"alignnone wp-image-1806\" src=\"https:\/\/1dronas.lt\/wp-content\/uploads\/2021\/05\/delivery-icon.png\" alt=\"\" width=\"24\" height=\"24\" srcset=\"https:\/\/1dronas.lt\/wp-content\/uploads\/2021\/05\/delivery-icon.png 35w, https:\/\/1dronas.lt\/wp-content\/uploads\/2021\/05\/delivery-icon-12x12.png 12w\" sizes=\"auto, (max-width: 24px) 100vw, 24px\" \/>\u00a0\u00a0\u00a0<span style=\"font-size: 90%;\">1 \u2013 2 days<\/span><\/strong><\/span><\/p>","protected":false},"featured_media":19006,"comment_status":"open","ping_status":"closed","template":"","meta":[],"product_brand":[496],"product_cat":[112],"product_tag":[91],"class_list":{"0":"post-19001","1":"product","2":"type-product","3":"status-publish","4":"has-post-thumbnail","6":"product_brand-iflight","7":"product_cat-whoop","8":"product_tag-iflight","10":"first","11":"instock","12":"taxable","13":"shipping-taxable","14":"purchasable","15":"product-type-simple"},"yoast_head":"<!-- This site is optimized with the Yoast SEO plugin v27.4 - https:\/\/yoast.com\/product\/yoast-seo-wordpress\/ -->\n<title>iFlight Defender 12 1S Analog Tinywhoop ELRS - 1dronas.lt<\/title>\n<meta name=\"robots\" content=\"index, follow, max-snippet:-1, max-image-preview:large, max-video-preview:-1\" \/>\n<link rel=\"canonical\" href=\"https:\/\/1dronas.lt\/en\/produktas\/iflight-defender-12-1s-analog-tinywhoop-elrs\/\" \/>\n<meta property=\"og:locale\" content=\"en_US\" \/>\n<meta property=\"og:type\" content=\"article\" \/>\n<meta property=\"og:title\" content=\"iFlight Defender 12 1S Analog Tinywhoop ELRS - 1dronas.lt\" \/>\n<meta property=\"og:description\" content=\"Tai lengvas ir kompakti\u0161kas dronas, u\u017etikrinantis saug\u0173 skraidym\u0105 patalpose bei stabil\u0173 ir lengvai valdom\u0105 skryd\u012f.  \u00a0\u00a0\u00a01 \u2013 2 d. d.\" \/>\n<meta property=\"og:url\" content=\"https:\/\/1dronas.lt\/en\/produktas\/iflight-defender-12-1s-analog-tinywhoop-elrs\/\" \/>\n<meta property=\"og:site_name\" content=\"1dronas.lt\" \/>\n<meta property=\"article:publisher\" content=\"https:\/\/www.facebook.com\/1dronas\/\" \/>\n<meta property=\"article:modified_time\" content=\"2026-04-25T16:53:05+00:00\" \/>\n<meta property=\"og:image\" content=\"https:\/\/1dronas.lt\/wp-content\/uploads\/2026\/04\/D12-Analog-M2.jpeg\" \/>\n\t<meta property=\"og:image:width\" content=\"1000\" \/>\n\t<meta property=\"og:image:height\" content=\"1000\" \/>\n\t<meta property=\"og:image:type\" content=\"image\/jpeg\" \/>\n<meta name=\"twitter:card\" content=\"summary_large_image\" \/>\n<meta name=\"twitter:label1\" content=\"Est. reading time\" \/>\n\t<meta name=\"twitter:data1\" content=\"4 minutes\" \/>\n<script type=\"application\/ld+json\" class=\"yoast-schema-graph\">{\"@context\":\"https:\\\/\\\/schema.org\",\"@graph\":[{\"@type\":\"WebPage\",\"@id\":\"https:\\\/\\\/1dronas.lt\\\/en\\\/produktas\\\/iflight-defender-12-1s-analog-tinywhoop-elrs\\\/\",\"url\":\"https:\\\/\\\/1dronas.lt\\\/en\\\/produktas\\\/iflight-defender-12-1s-analog-tinywhoop-elrs\\\/\",\"name\":\"iFlight Defender 12 1S Analog Tinywhoop ELRS - 1dronas.lt\",\"isPartOf\":{\"@id\":\"https:\\\/\\\/1dronas.lt\\\/en\\\/#website\"},\"primaryImageOfPage\":{\"@id\":\"https:\\\/\\\/1dronas.lt\\\/en\\\/produktas\\\/iflight-defender-12-1s-analog-tinywhoop-elrs\\\/#primaryimage\"},\"image\":{\"@id\":\"https:\\\/\\\/1dronas.lt\\\/en\\\/produktas\\\/iflight-defender-12-1s-analog-tinywhoop-elrs\\\/#primaryimage\"},\"thumbnailUrl\":\"https:\\\/\\\/1dronas.lt\\\/wp-content\\\/uploads\\\/2026\\\/04\\\/D12-Analog-M2.jpeg\",\"datePublished\":\"2026-04-25T16:53:04+00:00\",\"dateModified\":\"2026-04-25T16:53:05+00:00\",\"breadcrumb\":{\"@id\":\"https:\\\/\\\/1dronas.lt\\\/en\\\/produktas\\\/iflight-defender-12-1s-analog-tinywhoop-elrs\\\/#breadcrumb\"},\"inLanguage\":\"en-US\",\"potentialAction\":[{\"@type\":\"ReadAction\",\"target\":[\"https:\\\/\\\/1dronas.lt\\\/en\\\/produktas\\\/iflight-defender-12-1s-analog-tinywhoop-elrs\\\/\"]}]},{\"@type\":\"ImageObject\",\"inLanguage\":\"en-US\",\"@id\":\"https:\\\/\\\/1dronas.lt\\\/en\\\/produktas\\\/iflight-defender-12-1s-analog-tinywhoop-elrs\\\/#primaryimage\",\"url\":\"https:\\\/\\\/1dronas.lt\\\/wp-content\\\/uploads\\\/2026\\\/04\\\/D12-Analog-M2.jpeg\",\"contentUrl\":\"https:\\\/\\\/1dronas.lt\\\/wp-content\\\/uploads\\\/2026\\\/04\\\/D12-Analog-M2.jpeg\",\"width\":1000,\"height\":1000},{\"@type\":\"BreadcrumbList\",\"@id\":\"https:\\\/\\\/1dronas.lt\\\/en\\\/produktas\\\/iflight-defender-12-1s-analog-tinywhoop-elrs\\\/#breadcrumb\",\"itemListElement\":[{\"@type\":\"ListItem\",\"position\":1,\"name\":\"Home\",\"item\":\"https:\\\/\\\/1dronas.lt\\\/\"},{\"@type\":\"ListItem\",\"position\":2,\"name\":\"Parduotuv\u0117\",\"item\":\"https:\\\/\\\/1dronas.lt\\\/parduotuve\\\/\"},{\"@type\":\"ListItem\",\"position\":3,\"name\":\"iFlight Defender 12 1S Analog Tinywhoop ELRS\"}]},{\"@type\":\"WebSite\",\"@id\":\"https:\\\/\\\/1dronas.lt\\\/en\\\/#website\",\"url\":\"https:\\\/\\\/1dronas.lt\\\/en\\\/\",\"name\":\"1dronas.lt\",\"description\":\"Internetin\u0117 parduotuv\u0117\",\"publisher\":{\"@id\":\"https:\\\/\\\/1dronas.lt\\\/en\\\/#organization\"},\"potentialAction\":[{\"@type\":\"SearchAction\",\"target\":{\"@type\":\"EntryPoint\",\"urlTemplate\":\"https:\\\/\\\/1dronas.lt\\\/en\\\/?s={search_term_string}\"},\"query-input\":{\"@type\":\"PropertyValueSpecification\",\"valueRequired\":true,\"valueName\":\"search_term_string\"}}],\"inLanguage\":\"en-US\"},{\"@type\":\"Organization\",\"@id\":\"https:\\\/\\\/1dronas.lt\\\/en\\\/#organization\",\"name\":\"1dronas.lt\",\"url\":\"https:\\\/\\\/1dronas.lt\\\/en\\\/\",\"logo\":{\"@type\":\"ImageObject\",\"inLanguage\":\"en-US\",\"@id\":\"https:\\\/\\\/1dronas.lt\\\/en\\\/#\\\/schema\\\/logo\\\/image\\\/\",\"url\":\"https:\\\/\\\/1dronas.lt\\\/wp-content\\\/uploads\\\/2020\\\/12\\\/Ekrano_kopija__2_-removebg-preview-1-1.png\",\"contentUrl\":\"https:\\\/\\\/1dronas.lt\\\/wp-content\\\/uploads\\\/2020\\\/12\\\/Ekrano_kopija__2_-removebg-preview-1-1.png\",\"width\":234,\"height\":81,\"caption\":\"1dronas.lt\"},\"image\":{\"@id\":\"https:\\\/\\\/1dronas.lt\\\/en\\\/#\\\/schema\\\/logo\\\/image\\\/\"},\"sameAs\":[\"https:\\\/\\\/www.facebook.com\\\/1dronas\\\/\"]}]}<\/script>\n<!-- \/ Yoast SEO plugin. -->","yoast_head_json":{"title":"iFlight Defender 12 1S Analog Tinywhoop ELRS - 1dronas.lt","robots":{"index":"index","follow":"follow","max-snippet":"max-snippet:-1","max-image-preview":"max-image-preview:large","max-video-preview":"max-video-preview:-1"},"canonical":"https:\/\/1dronas.lt\/en\/produktas\/iflight-defender-12-1s-analog-tinywhoop-elrs\/","og_locale":"en_US","og_type":"article","og_title":"iFlight Defender 12 1S Analog Tinywhoop ELRS - 1dronas.lt","og_description":"Tai lengvas ir kompakti\u0161kas dronas, u\u017etikrinantis saug\u0173 skraidym\u0105 patalpose bei stabil\u0173 ir lengvai valdom\u0105 skryd\u012f.  \u00a0\u00a0\u00a01 \u2013 2 d. d.","og_url":"https:\/\/1dronas.lt\/en\/produktas\/iflight-defender-12-1s-analog-tinywhoop-elrs\/","og_site_name":"1dronas.lt","article_publisher":"https:\/\/www.facebook.com\/1dronas\/","article_modified_time":"2026-04-25T16:53:05+00:00","og_image":[{"width":1000,"height":1000,"url":"https:\/\/1dronas.lt\/wp-content\/uploads\/2026\/04\/D12-Analog-M2.jpeg","type":"image\/jpeg"}],"twitter_card":"summary_large_image","twitter_misc":{"Est. reading time":"4 minutes"},"schema":{"@context":"https:\/\/schema.org","@graph":[{"@type":"WebPage","@id":"https:\/\/1dronas.lt\/en\/produktas\/iflight-defender-12-1s-analog-tinywhoop-elrs\/","url":"https:\/\/1dronas.lt\/en\/produktas\/iflight-defender-12-1s-analog-tinywhoop-elrs\/","name":"iFlight Defender 12 1S Analog Tinywhoop ELRS - 1dronas.lt","isPartOf":{"@id":"https:\/\/1dronas.lt\/en\/#website"},"primaryImageOfPage":{"@id":"https:\/\/1dronas.lt\/en\/produktas\/iflight-defender-12-1s-analog-tinywhoop-elrs\/#primaryimage"},"image":{"@id":"https:\/\/1dronas.lt\/en\/produktas\/iflight-defender-12-1s-analog-tinywhoop-elrs\/#primaryimage"},"thumbnailUrl":"https:\/\/1dronas.lt\/wp-content\/uploads\/2026\/04\/D12-Analog-M2.jpeg","datePublished":"2026-04-25T16:53:04+00:00","dateModified":"2026-04-25T16:53:05+00:00","breadcrumb":{"@id":"https:\/\/1dronas.lt\/en\/produktas\/iflight-defender-12-1s-analog-tinywhoop-elrs\/#breadcrumb"},"inLanguage":"en-US","potentialAction":[{"@type":"ReadAction","target":["https:\/\/1dronas.lt\/en\/produktas\/iflight-defender-12-1s-analog-tinywhoop-elrs\/"]}]},{"@type":"ImageObject","inLanguage":"en-US","@id":"https:\/\/1dronas.lt\/en\/produktas\/iflight-defender-12-1s-analog-tinywhoop-elrs\/#primaryimage","url":"https:\/\/1dronas.lt\/wp-content\/uploads\/2026\/04\/D12-Analog-M2.jpeg","contentUrl":"https:\/\/1dronas.lt\/wp-content\/uploads\/2026\/04\/D12-Analog-M2.jpeg","width":1000,"height":1000},{"@type":"BreadcrumbList","@id":"https:\/\/1dronas.lt\/en\/produktas\/iflight-defender-12-1s-analog-tinywhoop-elrs\/#breadcrumb","itemListElement":[{"@type":"ListItem","position":1,"name":"Home","item":"https:\/\/1dronas.lt\/"},{"@type":"ListItem","position":2,"name":"Parduotuv\u0117","item":"https:\/\/1dronas.lt\/parduotuve\/"},{"@type":"ListItem","position":3,"name":"iFlight Defender 12 1S Analog Tinywhoop ELRS"}]},{"@type":"WebSite","@id":"https:\/\/1dronas.lt\/en\/#website","url":"https:\/\/1dronas.lt\/en\/","name":"1dronas.lt","description":"Online store","publisher":{"@id":"https:\/\/1dronas.lt\/en\/#organization"},"potentialAction":[{"@type":"SearchAction","target":{"@type":"EntryPoint","urlTemplate":"https:\/\/1dronas.lt\/en\/?s={search_term_string}"},"query-input":{"@type":"PropertyValueSpecification","valueRequired":true,"valueName":"search_term_string"}}],"inLanguage":"en-US"},{"@type":"Organization","@id":"https:\/\/1dronas.lt\/en\/#organization","name":"1dronas.lt","url":"https:\/\/1dronas.lt\/en\/","logo":{"@type":"ImageObject","inLanguage":"en-US","@id":"https:\/\/1dronas.lt\/en\/#\/schema\/logo\/image\/","url":"https:\/\/1dronas.lt\/wp-content\/uploads\/2020\/12\/Ekrano_kopija__2_-removebg-preview-1-1.png","contentUrl":"https:\/\/1dronas.lt\/wp-content\/uploads\/2020\/12\/Ekrano_kopija__2_-removebg-preview-1-1.png","width":234,"height":81,"caption":"1dronas.lt"},"image":{"@id":"https:\/\/1dronas.lt\/en\/#\/schema\/logo\/image\/"},"sameAs":["https:\/\/www.facebook.com\/1dronas\/"]}]}},"jetpack_sharing_enabled":true,"_links":{"self":[{"href":"https:\/\/1dronas.lt\/en\/wp-json\/wp\/v2\/product\/19001","targetHints":{"allow":["GET"]}}],"collection":[{"href":"https:\/\/1dronas.lt\/en\/wp-json\/wp\/v2\/product"}],"about":[{"href":"https:\/\/1dronas.lt\/en\/wp-json\/wp\/v2\/types\/product"}],"replies":[{"embeddable":true,"href":"https:\/\/1dronas.lt\/en\/wp-json\/wp\/v2\/comments?post=19001"}],"wp:featuredmedia":[{"embeddable":true,"href":"https:\/\/1dronas.lt\/en\/wp-json\/wp\/v2\/media\/19006"}],"wp:attachment":[{"href":"https:\/\/1dronas.lt\/en\/wp-json\/wp\/v2\/media?parent=19001"}],"wp:term":[{"taxonomy":"product_brand","embeddable":true,"href":"https:\/\/1dronas.lt\/en\/wp-json\/wp\/v2\/product_brand?post=19001"},{"taxonomy":"product_cat","embeddable":true,"href":"https:\/\/1dronas.lt\/en\/wp-json\/wp\/v2\/product_cat?post=19001"},{"taxonomy":"product_tag","embeddable":true,"href":"https:\/\/1dronas.lt\/en\/wp-json\/wp\/v2\/product_tag?post=19001"}],"curies":[{"name":"wp","href":"https:\/\/api.w.org\/{rel}","templated":true}]}}