{"id":18996,"date":"2026-04-26T10:30:47","date_gmt":"2026-04-26T07:30:47","guid":{"rendered":"https:\/\/1dronas.lt\/?post_type=product&#038;p=18996"},"modified":"2026-04-26T10:31:12","modified_gmt":"2026-04-26T07:31:12","slug":"caddxfpv-akumuliatorius-650mah-4s-14-8v-150c-fpv-lipo-xt30","status":"publish","type":"product","link":"https:\/\/1dronas.lt\/en\/produktas\/caddxfpv-akumuliatorius-650mah-4s-14-8v-150c-fpv-lipo-xt30\/","title":{"rendered":"CADDXFPV Battery 650mAh 4S 14.8V 150C FPV LiPo \u2013 XT30"},"content":{"rendered":"<p>CADDXFPV Battery 650mAh 4S 14.8V 150C LiPo - a compact and powerful FPV battery solution designed to ensure stable power supply and high performance. The high 150C discharge rate allows for fast response and maximum power output, making it perfect for both freestyle and racing drones.<\/p>\n<p><strong>Specifications:<\/strong><\/p>\n<p>\u2022 Capacity: 650 mAh;<br \/>\n\u2022 Voltage: 14.8 V (4S1P);<br \/>\n\u2022 Number of elements: 4;<br \/>\n\u2022 Discharge current (continuous): 150C;<br \/>\n\u2022 Discharge current (instantaneous): 300C;<br \/>\n\u2022 Dimensions: 58 \u00d7 30 \u00d7 26 mm;<br \/>\n\u2022 Weight: ~82 g;<br \/>\n\u2022 Balancing connector: JST-XHR;<br \/>\n\u2022 Power connector: XT30;<br \/>\n\u2022 Type: LiPo.<\/p>\n<p><strong>Package:<\/strong><\/p>\n<p>1x CADDXFPV Battery 650mAh 4S 14.8V 150C FPV LiPo \u2013 XT30.<\/p>\n<p><span style=\"color: #ff0000;\"><strong>Important<\/strong><\/span><\/p>\n<p><span style=\"color: #ff0000;\"><em>* Do not overcharge or leave batteries discharged for long periods of time;<\/em><\/span><br \/>\n<span style=\"color: #ff0000;\"><em>* Do not store batteries near high temperatures;<\/em><\/span><br \/>\n<span style=\"color: #ff0000;\"><em>* Do not throw batteries into fire;<\/em><\/span><br \/>\n<span style=\"color: #ff0000;\"><em>* Do not throw batteries into water.<\/em><\/span><\/p>","protected":false},"excerpt":{"rendered":"<p><span style=\"color: #333333;\">CADDXFPV Battery 650mAh 4S 14.8V 150C FPV LiPo - XT30 - compact and powerful FPV battery with a high discharge rate, ensuring stable operation and fast response for both freestyle and racing drones.<\/span><\/p>\n<p><span style=\"color: #333333;\"><strong><img loading=\"lazy\" decoding=\"async\" class=\"alignnone wp-image-1806\" src=\"https:\/\/1dronas.lt\/wp-content\/uploads\/2021\/05\/delivery-icon.png.webp\" alt=\"\" width=\"24\" height=\"24\" srcset=\"https:\/\/1dronas.lt\/wp-content\/uploads\/2021\/05\/delivery-icon.png 35w, https:\/\/1dronas.lt\/wp-content\/uploads\/2021\/05\/delivery-icon-12x12.png 12w\" sizes=\"auto, (max-width: 24px) 100vw, 24px\" \/>\u00a0\u00a0\u00a01 \u2013 2 days<\/strong><\/span><\/p>","protected":false},"featured_media":18999,"comment_status":"open","ping_status":"closed","template":"","meta":[],"product_brand":[1112],"product_cat":[740],"product_tag":[734,560,94,406,710,1113,558,93],"class_list":{"0":"post-18996","1":"product","2":"type-product","3":"status-publish","4":"has-post-thumbnail","6":"product_brand-caddxfpv","7":"product_cat-4s-lipo-akumuliatoriai","8":"product_tag-14-8v","9":"product_tag-150c","10":"product_tag-4s","11":"product_tag-650-mah","12":"product_tag-akumuliatorius","13":"product_tag-caddxfpv","14":"product_tag-lipo","15":"product_tag-xt30","17":"first","18":"instock","19":"taxable","20":"shipping-taxable","21":"purchasable","22":"product-type-simple"},"yoast_head":"<!-- This site is optimized with the Yoast SEO plugin v27.4 - https:\/\/yoast.com\/product\/yoast-seo-wordpress\/ -->\n<title>CADDXFPV Akumuliatorius 650mAh 4S 14.8V 150C FPV LiPo - XT30 - 1dronas.lt<\/title>\n<meta name=\"robots\" content=\"index, follow, max-snippet:-1, max-image-preview:large, max-video-preview:-1\" \/>\n<link rel=\"canonical\" href=\"https:\/\/1dronas.lt\/en\/produktas\/caddxfpv-akumuliatorius-650mah-4s-14-8v-150c-fpv-lipo-xt30\/\" \/>\n<meta property=\"og:locale\" content=\"en_US\" \/>\n<meta property=\"og:type\" content=\"article\" \/>\n<meta property=\"og:title\" content=\"CADDXFPV Akumuliatorius 650mAh 4S 14.8V 150C FPV LiPo - XT30 - 1dronas.lt\" \/>\n<meta property=\"og:description\" content=\"CADDXFPV Akumuliatorius 650mAh 4S 14.8V 150C FPV LiPo - XT30 - kompakti\u0161ka ir galinga FPV baterija su auk\u0161tu i\u0161krovos koeficientu, u\u017etikrinanti stabil\u0173 veikim\u0105 ir greit\u0105 reakcij\u0105 tiek freestyle, tiek lenktyniniams dronams.  \u00a0\u00a0\u00a01 \u2013 2 d. d.\" \/>\n<meta property=\"og:url\" content=\"https:\/\/1dronas.lt\/en\/produktas\/caddxfpv-akumuliatorius-650mah-4s-14-8v-150c-fpv-lipo-xt30\/\" \/>\n<meta property=\"og:site_name\" content=\"1dronas.lt\" \/>\n<meta property=\"article:publisher\" content=\"https:\/\/www.facebook.com\/1dronas\/\" \/>\n<meta property=\"article:modified_time\" content=\"2026-04-26T07:31:12+00:00\" \/>\n<meta property=\"og:image\" content=\"https:\/\/1dronas.lt\/wp-content\/uploads\/2026\/04\/650mAh_2.webp\" \/>\n\t<meta property=\"og:image:width\" content=\"800\" \/>\n\t<meta property=\"og:image:height\" content=\"800\" \/>\n\t<meta property=\"og:image:type\" content=\"image\/webp\" \/>\n<meta name=\"twitter:card\" content=\"summary_large_image\" \/>\n<meta name=\"twitter:label1\" content=\"Est. reading time\" \/>\n\t<meta name=\"twitter:data1\" content=\"1 minute\" \/>\n<script type=\"application\/ld+json\" class=\"yoast-schema-graph\">{\"@context\":\"https:\\\/\\\/schema.org\",\"@graph\":[{\"@type\":\"WebPage\",\"@id\":\"https:\\\/\\\/1dronas.lt\\\/en\\\/produktas\\\/caddxfpv-akumuliatorius-650mah-4s-14-8v-150c-fpv-lipo-xt30\\\/\",\"url\":\"https:\\\/\\\/1dronas.lt\\\/en\\\/produktas\\\/caddxfpv-akumuliatorius-650mah-4s-14-8v-150c-fpv-lipo-xt30\\\/\",\"name\":\"CADDXFPV Akumuliatorius 650mAh 4S 14.8V 150C FPV LiPo - XT30 - 1dronas.lt\",\"isPartOf\":{\"@id\":\"https:\\\/\\\/1dronas.lt\\\/en\\\/#website\"},\"primaryImageOfPage\":{\"@id\":\"https:\\\/\\\/1dronas.lt\\\/en\\\/produktas\\\/caddxfpv-akumuliatorius-650mah-4s-14-8v-150c-fpv-lipo-xt30\\\/#primaryimage\"},\"image\":{\"@id\":\"https:\\\/\\\/1dronas.lt\\\/en\\\/produktas\\\/caddxfpv-akumuliatorius-650mah-4s-14-8v-150c-fpv-lipo-xt30\\\/#primaryimage\"},\"thumbnailUrl\":\"https:\\\/\\\/1dronas.lt\\\/wp-content\\\/uploads\\\/2026\\\/04\\\/650mAh_2.webp\",\"datePublished\":\"2026-04-26T07:30:47+00:00\",\"dateModified\":\"2026-04-26T07:31:12+00:00\",\"breadcrumb\":{\"@id\":\"https:\\\/\\\/1dronas.lt\\\/en\\\/produktas\\\/caddxfpv-akumuliatorius-650mah-4s-14-8v-150c-fpv-lipo-xt30\\\/#breadcrumb\"},\"inLanguage\":\"en-US\",\"potentialAction\":[{\"@type\":\"ReadAction\",\"target\":[\"https:\\\/\\\/1dronas.lt\\\/en\\\/produktas\\\/caddxfpv-akumuliatorius-650mah-4s-14-8v-150c-fpv-lipo-xt30\\\/\"]}]},{\"@type\":\"ImageObject\",\"inLanguage\":\"en-US\",\"@id\":\"https:\\\/\\\/1dronas.lt\\\/en\\\/produktas\\\/caddxfpv-akumuliatorius-650mah-4s-14-8v-150c-fpv-lipo-xt30\\\/#primaryimage\",\"url\":\"https:\\\/\\\/1dronas.lt\\\/wp-content\\\/uploads\\\/2026\\\/04\\\/650mAh_2.webp\",\"contentUrl\":\"https:\\\/\\\/1dronas.lt\\\/wp-content\\\/uploads\\\/2026\\\/04\\\/650mAh_2.webp\",\"width\":800,\"height\":800},{\"@type\":\"BreadcrumbList\",\"@id\":\"https:\\\/\\\/1dronas.lt\\\/en\\\/produktas\\\/caddxfpv-akumuliatorius-650mah-4s-14-8v-150c-fpv-lipo-xt30\\\/#breadcrumb\",\"itemListElement\":[{\"@type\":\"ListItem\",\"position\":1,\"name\":\"Home\",\"item\":\"https:\\\/\\\/1dronas.lt\\\/\"},{\"@type\":\"ListItem\",\"position\":2,\"name\":\"Parduotuv\u0117\",\"item\":\"https:\\\/\\\/1dronas.lt\\\/parduotuve\\\/\"},{\"@type\":\"ListItem\",\"position\":3,\"name\":\"CADDXFPV Akumuliatorius 650mAh 4S 14.8V 150C FPV LiPo &#8211; XT30\"}]},{\"@type\":\"WebSite\",\"@id\":\"https:\\\/\\\/1dronas.lt\\\/en\\\/#website\",\"url\":\"https:\\\/\\\/1dronas.lt\\\/en\\\/\",\"name\":\"1dronas.lt\",\"description\":\"Internetin\u0117 parduotuv\u0117\",\"publisher\":{\"@id\":\"https:\\\/\\\/1dronas.lt\\\/en\\\/#organization\"},\"potentialAction\":[{\"@type\":\"SearchAction\",\"target\":{\"@type\":\"EntryPoint\",\"urlTemplate\":\"https:\\\/\\\/1dronas.lt\\\/en\\\/?s={search_term_string}\"},\"query-input\":{\"@type\":\"PropertyValueSpecification\",\"valueRequired\":true,\"valueName\":\"search_term_string\"}}],\"inLanguage\":\"en-US\"},{\"@type\":\"Organization\",\"@id\":\"https:\\\/\\\/1dronas.lt\\\/en\\\/#organization\",\"name\":\"1dronas.lt\",\"url\":\"https:\\\/\\\/1dronas.lt\\\/en\\\/\",\"logo\":{\"@type\":\"ImageObject\",\"inLanguage\":\"en-US\",\"@id\":\"https:\\\/\\\/1dronas.lt\\\/en\\\/#\\\/schema\\\/logo\\\/image\\\/\",\"url\":\"https:\\\/\\\/1dronas.lt\\\/wp-content\\\/uploads\\\/2020\\\/12\\\/Ekrano_kopija__2_-removebg-preview-1-1.png\",\"contentUrl\":\"https:\\\/\\\/1dronas.lt\\\/wp-content\\\/uploads\\\/2020\\\/12\\\/Ekrano_kopija__2_-removebg-preview-1-1.png\",\"width\":234,\"height\":81,\"caption\":\"1dronas.lt\"},\"image\":{\"@id\":\"https:\\\/\\\/1dronas.lt\\\/en\\\/#\\\/schema\\\/logo\\\/image\\\/\"},\"sameAs\":[\"https:\\\/\\\/www.facebook.com\\\/1dronas\\\/\"]}]}<\/script>\n<!-- \/ Yoast SEO plugin. -->","yoast_head_json":{"title":"CADDXFPV Akumuliatorius 650mAh 4S 14.8V 150C FPV LiPo - XT30 - 1dronas.lt","robots":{"index":"index","follow":"follow","max-snippet":"max-snippet:-1","max-image-preview":"max-image-preview:large","max-video-preview":"max-video-preview:-1"},"canonical":"https:\/\/1dronas.lt\/en\/produktas\/caddxfpv-akumuliatorius-650mah-4s-14-8v-150c-fpv-lipo-xt30\/","og_locale":"en_US","og_type":"article","og_title":"CADDXFPV Akumuliatorius 650mAh 4S 14.8V 150C FPV LiPo - XT30 - 1dronas.lt","og_description":"CADDXFPV Akumuliatorius 650mAh 4S 14.8V 150C FPV LiPo - XT30 - kompakti\u0161ka ir galinga FPV baterija su auk\u0161tu i\u0161krovos koeficientu, u\u017etikrinanti stabil\u0173 veikim\u0105 ir greit\u0105 reakcij\u0105 tiek freestyle, tiek lenktyniniams dronams.  \u00a0\u00a0\u00a01 \u2013 2 d. d.","og_url":"https:\/\/1dronas.lt\/en\/produktas\/caddxfpv-akumuliatorius-650mah-4s-14-8v-150c-fpv-lipo-xt30\/","og_site_name":"1dronas.lt","article_publisher":"https:\/\/www.facebook.com\/1dronas\/","article_modified_time":"2026-04-26T07:31:12+00:00","og_image":[{"width":800,"height":800,"url":"https:\/\/1dronas.lt\/wp-content\/uploads\/2026\/04\/650mAh_2.webp","type":"image\/webp"}],"twitter_card":"summary_large_image","twitter_misc":{"Est. reading time":"1 minute"},"schema":{"@context":"https:\/\/schema.org","@graph":[{"@type":"WebPage","@id":"https:\/\/1dronas.lt\/en\/produktas\/caddxfpv-akumuliatorius-650mah-4s-14-8v-150c-fpv-lipo-xt30\/","url":"https:\/\/1dronas.lt\/en\/produktas\/caddxfpv-akumuliatorius-650mah-4s-14-8v-150c-fpv-lipo-xt30\/","name":"CADDXFPV Akumuliatorius 650mAh 4S 14.8V 150C FPV LiPo - XT30 - 1dronas.lt","isPartOf":{"@id":"https:\/\/1dronas.lt\/en\/#website"},"primaryImageOfPage":{"@id":"https:\/\/1dronas.lt\/en\/produktas\/caddxfpv-akumuliatorius-650mah-4s-14-8v-150c-fpv-lipo-xt30\/#primaryimage"},"image":{"@id":"https:\/\/1dronas.lt\/en\/produktas\/caddxfpv-akumuliatorius-650mah-4s-14-8v-150c-fpv-lipo-xt30\/#primaryimage"},"thumbnailUrl":"https:\/\/1dronas.lt\/wp-content\/uploads\/2026\/04\/650mAh_2.webp","datePublished":"2026-04-26T07:30:47+00:00","dateModified":"2026-04-26T07:31:12+00:00","breadcrumb":{"@id":"https:\/\/1dronas.lt\/en\/produktas\/caddxfpv-akumuliatorius-650mah-4s-14-8v-150c-fpv-lipo-xt30\/#breadcrumb"},"inLanguage":"en-US","potentialAction":[{"@type":"ReadAction","target":["https:\/\/1dronas.lt\/en\/produktas\/caddxfpv-akumuliatorius-650mah-4s-14-8v-150c-fpv-lipo-xt30\/"]}]},{"@type":"ImageObject","inLanguage":"en-US","@id":"https:\/\/1dronas.lt\/en\/produktas\/caddxfpv-akumuliatorius-650mah-4s-14-8v-150c-fpv-lipo-xt30\/#primaryimage","url":"https:\/\/1dronas.lt\/wp-content\/uploads\/2026\/04\/650mAh_2.webp","contentUrl":"https:\/\/1dronas.lt\/wp-content\/uploads\/2026\/04\/650mAh_2.webp","width":800,"height":800},{"@type":"BreadcrumbList","@id":"https:\/\/1dronas.lt\/en\/produktas\/caddxfpv-akumuliatorius-650mah-4s-14-8v-150c-fpv-lipo-xt30\/#breadcrumb","itemListElement":[{"@type":"ListItem","position":1,"name":"Home","item":"https:\/\/1dronas.lt\/"},{"@type":"ListItem","position":2,"name":"Parduotuv\u0117","item":"https:\/\/1dronas.lt\/parduotuve\/"},{"@type":"ListItem","position":3,"name":"CADDXFPV Akumuliatorius 650mAh 4S 14.8V 150C FPV LiPo &#8211; XT30"}]},{"@type":"WebSite","@id":"https:\/\/1dronas.lt\/en\/#website","url":"https:\/\/1dronas.lt\/en\/","name":"1dronas.lt","description":"Online store","publisher":{"@id":"https:\/\/1dronas.lt\/en\/#organization"},"potentialAction":[{"@type":"SearchAction","target":{"@type":"EntryPoint","urlTemplate":"https:\/\/1dronas.lt\/en\/?s={search_term_string}"},"query-input":{"@type":"PropertyValueSpecification","valueRequired":true,"valueName":"search_term_string"}}],"inLanguage":"en-US"},{"@type":"Organization","@id":"https:\/\/1dronas.lt\/en\/#organization","name":"1dronas.lt","url":"https:\/\/1dronas.lt\/en\/","logo":{"@type":"ImageObject","inLanguage":"en-US","@id":"https:\/\/1dronas.lt\/en\/#\/schema\/logo\/image\/","url":"https:\/\/1dronas.lt\/wp-content\/uploads\/2020\/12\/Ekrano_kopija__2_-removebg-preview-1-1.png","contentUrl":"https:\/\/1dronas.lt\/wp-content\/uploads\/2020\/12\/Ekrano_kopija__2_-removebg-preview-1-1.png","width":234,"height":81,"caption":"1dronas.lt"},"image":{"@id":"https:\/\/1dronas.lt\/en\/#\/schema\/logo\/image\/"},"sameAs":["https:\/\/www.facebook.com\/1dronas\/"]}]}},"jetpack_sharing_enabled":true,"_links":{"self":[{"href":"https:\/\/1dronas.lt\/en\/wp-json\/wp\/v2\/product\/18996","targetHints":{"allow":["GET"]}}],"collection":[{"href":"https:\/\/1dronas.lt\/en\/wp-json\/wp\/v2\/product"}],"about":[{"href":"https:\/\/1dronas.lt\/en\/wp-json\/wp\/v2\/types\/product"}],"replies":[{"embeddable":true,"href":"https:\/\/1dronas.lt\/en\/wp-json\/wp\/v2\/comments?post=18996"}],"wp:featuredmedia":[{"embeddable":true,"href":"https:\/\/1dronas.lt\/en\/wp-json\/wp\/v2\/media\/18999"}],"wp:attachment":[{"href":"https:\/\/1dronas.lt\/en\/wp-json\/wp\/v2\/media?parent=18996"}],"wp:term":[{"taxonomy":"product_brand","embeddable":true,"href":"https:\/\/1dronas.lt\/en\/wp-json\/wp\/v2\/product_brand?post=18996"},{"taxonomy":"product_cat","embeddable":true,"href":"https:\/\/1dronas.lt\/en\/wp-json\/wp\/v2\/product_cat?post=18996"},{"taxonomy":"product_tag","embeddable":true,"href":"https:\/\/1dronas.lt\/en\/wp-json\/wp\/v2\/product_tag?post=18996"}],"curies":[{"name":"wp","href":"https:\/\/api.w.org\/{rel}","templated":true}]}}