{"id":18987,"date":"2026-04-30T21:40:16","date_gmt":"2026-04-30T18:40:16","guid":{"rendered":"https:\/\/1dronas.lt\/?post_type=product&#038;p=18987"},"modified":"2026-04-30T21:40:16","modified_gmt":"2026-04-30T18:40:16","slug":"betafpv-pavo-femto-brushless-o4-air-unit-bracket","status":"publish","type":"product","link":"https:\/\/1dronas.lt\/en\/produktas\/betafpv-pavo-femto-brushless-o4-air-unit-bracket\/","title":{"rendered":"BETAFPV Pavo Femto Brushless O4 Air Unit Bracket"},"content":{"rendered":"<p>BETAFPV Pavo Femto Brushless O4 Air Unit Bracket &#8211; skirtas DJI O4 Air Unit sistemai, u\u017etikrinantis tvirt\u0105 montavim\u0105 ir papildom\u0105 apsaug\u0105 plok\u0161tei. Sustiprinta konstrukcija pagerina stabilum\u0105 ir patikimum\u0105 skryd\u017eio metu, o suderinamumas su Pavo Femto, Pavo Pico ir Pavo20 r\u0117mais suteikia lankstumo \u012fvairiems FPV projektams.<\/p>\n<p><strong>Features:<\/strong><\/p>\n<p>\u2022 Patogus montavimas: optimizuota konstrukcija leid\u017eia lengvai ir tvirtai pritvirtinti DJI O4 Air Unit;<br \/>\n\u2022 Pagerintas patvarumas: sustiprinta apsauga DJI O4 Air Unit plok\u0161tei;<br \/>\n\u2022 Stabilus veikimas: konstrukcija padeda suma\u017einti vibracijas ir u\u017etikrina patikim\u0105 darb\u0105 skryd\u017eio metu;<br \/>\n\u2022 Platus suderinamumas: laikiklis suderinamas su Pavo Femto, Pavo Pico ir Pavo20 r\u0117mais.<\/p>\n<p><strong>Specifications:<\/strong><\/p>\n<p>\u2022 Med\u017eiaga: PA;<br \/>\n\u2022 Svoris: 6.05 g;<br \/>\n\u2022 Kameros tvirtinimo plotis: 14 mm;<br \/>\n\u2022 Suderinamumas: Pavo Femto, Pavo Pico, Pavo20 r\u0117mai.<\/p>\n<p><strong>Measurements:<\/strong><\/p>\n<p><img loading=\"lazy\" decoding=\"async\" class=\"alignnone  wp-image-18983\" src=\"https:\/\/1dronas.lt\/wp-content\/uploads\/2026\/04\/3e8217ebd61c461f983a39123551763b_1024x1024.jpg\" alt=\"\" width=\"663\" height=\"398\" srcset=\"https:\/\/1dronas.lt\/wp-content\/uploads\/2026\/04\/3e8217ebd61c461f983a39123551763b_1024x1024.jpg 1024w, https:\/\/1dronas.lt\/wp-content\/uploads\/2026\/04\/3e8217ebd61c461f983a39123551763b_1024x1024-300x180.jpg 300w, https:\/\/1dronas.lt\/wp-content\/uploads\/2026\/04\/3e8217ebd61c461f983a39123551763b_1024x1024-768x462.jpg 768w, https:\/\/1dronas.lt\/wp-content\/uploads\/2026\/04\/3e8217ebd61c461f983a39123551763b_1024x1024-18x12.jpg 18w, https:\/\/1dronas.lt\/wp-content\/uploads\/2026\/04\/3e8217ebd61c461f983a39123551763b_1024x1024-510x307.jpg 510w\" sizes=\"auto, (max-width: 663px) 100vw, 663px\" \/><\/p>\n<p><strong>Didesn\u0117 apsauga:<\/strong><\/p>\n<p>I\u0161laikant modulin\u012f dizain\u0105, DJI O4 Air Unit laikiklis patobulintas sustiprinta apsaugine konstrukcija, skirta plok\u0161tei. Tai padidina patvarum\u0105 ir patikimum\u0105 naudojimo metu.<\/p>\n<p><img loading=\"lazy\" decoding=\"async\" class=\"alignnone size-full wp-image-18984\" src=\"https:\/\/1dronas.lt\/wp-content\/uploads\/2026\/04\/o4_90873932-5948-4091-bdcf-585b11258947.jpg\" alt=\"\" width=\"1600\" height=\"900\" srcset=\"https:\/\/1dronas.lt\/wp-content\/uploads\/2026\/04\/o4_90873932-5948-4091-bdcf-585b11258947.jpg 1600w, https:\/\/1dronas.lt\/wp-content\/uploads\/2026\/04\/o4_90873932-5948-4091-bdcf-585b11258947-300x169.jpg 300w, https:\/\/1dronas.lt\/wp-content\/uploads\/2026\/04\/o4_90873932-5948-4091-bdcf-585b11258947-1024x576.jpg 1024w, https:\/\/1dronas.lt\/wp-content\/uploads\/2026\/04\/o4_90873932-5948-4091-bdcf-585b11258947-768x432.jpg 768w, https:\/\/1dronas.lt\/wp-content\/uploads\/2026\/04\/o4_90873932-5948-4091-bdcf-585b11258947-1536x864.jpg 1536w, https:\/\/1dronas.lt\/wp-content\/uploads\/2026\/04\/o4_90873932-5948-4091-bdcf-585b11258947-18x10.jpg 18w, https:\/\/1dronas.lt\/wp-content\/uploads\/2026\/04\/o4_90873932-5948-4091-bdcf-585b11258947-510x287.jpg 510w\" sizes=\"auto, (max-width: 1600px) 100vw, 1600px\" \/><\/p>\n<p><strong>O4 Air Unit laikiklis:<\/strong><\/p>\n<p>O4 Air Unit laikiklis apima kameros laikikl\u012f ir vibracijas slopinan\u010dius komponentus, u\u017etikrinan\u010dius stabil\u0173 veikim\u0105 bei auk\u0161tos kokyb\u0117s vaizd\u0105. Tvirtinimo skyl\u0117s pilnai suderinamos su Pavo Femto, Pavo Pico ir Pavo20 r\u0117mais, tod\u0117l laikiklis puikiai tinka \u012fvairiems FPV surinkimams.<\/p>\n<p><img loading=\"lazy\" decoding=\"async\" class=\"alignnone size-full wp-image-18985\" src=\"https:\/\/1dronas.lt\/wp-content\/uploads\/2026\/04\/Pavo_Femto_Frame_compatibility.jpg\" alt=\"\" width=\"1600\" height=\"752\" srcset=\"https:\/\/1dronas.lt\/wp-content\/uploads\/2026\/04\/Pavo_Femto_Frame_compatibility.jpg 1600w, https:\/\/1dronas.lt\/wp-content\/uploads\/2026\/04\/Pavo_Femto_Frame_compatibility-300x141.jpg 300w, https:\/\/1dronas.lt\/wp-content\/uploads\/2026\/04\/Pavo_Femto_Frame_compatibility-1024x481.jpg 1024w, https:\/\/1dronas.lt\/wp-content\/uploads\/2026\/04\/Pavo_Femto_Frame_compatibility-768x361.jpg 768w, https:\/\/1dronas.lt\/wp-content\/uploads\/2026\/04\/Pavo_Femto_Frame_compatibility-1536x722.jpg 1536w, https:\/\/1dronas.lt\/wp-content\/uploads\/2026\/04\/Pavo_Femto_Frame_compatibility-18x8.jpg 18w, https:\/\/1dronas.lt\/wp-content\/uploads\/2026\/04\/Pavo_Femto_Frame_compatibility-510x240.jpg 510w\" sizes=\"auto, (max-width: 1600px) 100vw, 1600px\" \/><\/p>\n<p><strong>Package:<\/strong><\/p>\n<p>1x Top plate;<br \/>\n1x Bottom plate;<br \/>\n1x DJI O4 kameros laikiklis;<br \/>\n1x Amortizuojantis laikiklis DJI O4 kamerai;<br \/>\n1x 5.8G VTX antena;<br \/>\n6x Amortizuojantys rutuliukai (6.6 mm) laikikliui;<br \/>\n6x Amortizuojantys padeliai O4 Air Unit;<br \/>\n6x Amortizuojantys rutuliukai O4 kamerai;<br \/>\n6x M2x10 var\u017etai;<br \/>\n4x M2x4 screws;<br \/>\n6x M1.4&#215;5 savisriegiai var\u017etai.<\/p>","protected":false},"excerpt":{"rendered":"<p><span style=\"color: #333333;\">O4 Air Unit laikiklio komplektas su visomis reikalingomis dalimis &#8211; kameros laikikliu, amortizavimo elementais ir tvirtinimo detal\u0117mis, u\u017etikrinantis stabil\u0173 montavim\u0105 bei skland\u0173, vaizd\u0105.<\/span><\/p>\n<p><span style=\"color: #333333;\"><strong><img loading=\"lazy\" decoding=\"async\" class=\"alignnone wp-image-1806\" src=\"https:\/\/1dronas.lt\/wp-content\/uploads\/2021\/05\/delivery-icon.png\" alt=\"\" width=\"24\" height=\"24\" srcset=\"https:\/\/1dronas.lt\/wp-content\/uploads\/2021\/05\/delivery-icon.png 35w, https:\/\/1dronas.lt\/wp-content\/uploads\/2021\/05\/delivery-icon-12x12.png 12w\" sizes=\"auto, (max-width: 24px) 100vw, 24px\" \/> \u00a01 \u2013 2 days<\/strong><\/span><\/p>","protected":false},"featured_media":18989,"comment_status":"open","ping_status":"closed","template":"","meta":[],"product_brand":[489],"product_cat":[149],"product_tag":[69,1302,103,325,1303,545],"class_list":{"0":"post-18987","1":"product","2":"type-product","3":"status-publish","4":"has-post-thumbnail","6":"product_brand-betafpv","7":"product_cat-remai","8":"product_tag-betafpv","9":"product_tag-bracket","10":"product_tag-brushless","11":"product_tag-dji","12":"product_tag-o4-air-unit","13":"product_tag-pavo-femto","15":"first","16":"instock","17":"taxable","18":"shipping-taxable","19":"purchasable","20":"product-type-simple"},"yoast_head":"<!-- This site is optimized with the Yoast SEO plugin v27.5 - https:\/\/yoast.com\/product\/yoast-seo-wordpress\/ -->\n<title>BETAFPV Pavo Femto Brushless O4 Air Unit Bracket - 1dronas.lt<\/title>\n<meta name=\"robots\" content=\"index, follow, max-snippet:-1, max-image-preview:large, max-video-preview:-1\" \/>\n<link rel=\"canonical\" href=\"https:\/\/1dronas.lt\/en\/produktas\/betafpv-pavo-femto-brushless-o4-air-unit-bracket\/\" \/>\n<meta property=\"og:locale\" content=\"en_US\" \/>\n<meta property=\"og:type\" content=\"article\" \/>\n<meta property=\"og:title\" content=\"BETAFPV Pavo Femto Brushless O4 Air Unit Bracket - 1dronas.lt\" \/>\n<meta property=\"og:description\" content=\"O4 Air Unit laikiklio komplektas su visomis reikalingomis dalimis - kameros laikikliu, amortizavimo elementais ir tvirtinimo detal\u0117mis, u\u017etikrinantis stabil\u0173 montavim\u0105 bei skland\u0173, vaizd\u0105.   \u00a01 \u2013 2 d. d.\" \/>\n<meta property=\"og:url\" content=\"https:\/\/1dronas.lt\/en\/produktas\/betafpv-pavo-femto-brushless-o4-air-unit-bracket\/\" \/>\n<meta property=\"og:site_name\" content=\"1dronas.lt\" \/>\n<meta property=\"article:publisher\" content=\"https:\/\/www.facebook.com\/1dronas\/\" \/>\n<meta property=\"og:image\" content=\"https:\/\/1dronas.lt\/wp-content\/uploads\/2026\/04\/992c71470c5ee282a7b6df058b740e42_720x.jpg\" \/>\n\t<meta property=\"og:image:width\" content=\"720\" \/>\n\t<meta property=\"og:image:height\" content=\"720\" \/>\n\t<meta property=\"og:image:type\" content=\"image\/jpeg\" \/>\n<meta name=\"twitter:card\" content=\"summary_large_image\" \/>\n<meta name=\"twitter:label1\" content=\"Est. reading time\" \/>\n\t<meta name=\"twitter:data1\" content=\"3 minutes\" \/>\n<script type=\"application\/ld+json\" class=\"yoast-schema-graph\">{\"@context\":\"https:\\\/\\\/schema.org\",\"@graph\":[{\"@type\":\"WebPage\",\"@id\":\"https:\\\/\\\/1dronas.lt\\\/en\\\/produktas\\\/betafpv-pavo-femto-brushless-o4-air-unit-bracket\\\/\",\"url\":\"https:\\\/\\\/1dronas.lt\\\/en\\\/produktas\\\/betafpv-pavo-femto-brushless-o4-air-unit-bracket\\\/\",\"name\":\"BETAFPV Pavo Femto Brushless O4 Air Unit Bracket - 1dronas.lt\",\"isPartOf\":{\"@id\":\"https:\\\/\\\/1dronas.lt\\\/en\\\/#website\"},\"primaryImageOfPage\":{\"@id\":\"https:\\\/\\\/1dronas.lt\\\/en\\\/produktas\\\/betafpv-pavo-femto-brushless-o4-air-unit-bracket\\\/#primaryimage\"},\"image\":{\"@id\":\"https:\\\/\\\/1dronas.lt\\\/en\\\/produktas\\\/betafpv-pavo-femto-brushless-o4-air-unit-bracket\\\/#primaryimage\"},\"thumbnailUrl\":\"https:\\\/\\\/1dronas.lt\\\/wp-content\\\/uploads\\\/2026\\\/04\\\/992c71470c5ee282a7b6df058b740e42_720x.jpg\",\"datePublished\":\"2026-04-30T18:40:16+00:00\",\"breadcrumb\":{\"@id\":\"https:\\\/\\\/1dronas.lt\\\/en\\\/produktas\\\/betafpv-pavo-femto-brushless-o4-air-unit-bracket\\\/#breadcrumb\"},\"inLanguage\":\"en-US\",\"potentialAction\":[{\"@type\":\"ReadAction\",\"target\":[\"https:\\\/\\\/1dronas.lt\\\/en\\\/produktas\\\/betafpv-pavo-femto-brushless-o4-air-unit-bracket\\\/\"]}]},{\"@type\":\"ImageObject\",\"inLanguage\":\"en-US\",\"@id\":\"https:\\\/\\\/1dronas.lt\\\/en\\\/produktas\\\/betafpv-pavo-femto-brushless-o4-air-unit-bracket\\\/#primaryimage\",\"url\":\"https:\\\/\\\/1dronas.lt\\\/wp-content\\\/uploads\\\/2026\\\/04\\\/992c71470c5ee282a7b6df058b740e42_720x.jpg\",\"contentUrl\":\"https:\\\/\\\/1dronas.lt\\\/wp-content\\\/uploads\\\/2026\\\/04\\\/992c71470c5ee282a7b6df058b740e42_720x.jpg\",\"width\":720,\"height\":720},{\"@type\":\"BreadcrumbList\",\"@id\":\"https:\\\/\\\/1dronas.lt\\\/en\\\/produktas\\\/betafpv-pavo-femto-brushless-o4-air-unit-bracket\\\/#breadcrumb\",\"itemListElement\":[{\"@type\":\"ListItem\",\"position\":1,\"name\":\"Home\",\"item\":\"https:\\\/\\\/1dronas.lt\\\/\"},{\"@type\":\"ListItem\",\"position\":2,\"name\":\"Parduotuv\u0117\",\"item\":\"https:\\\/\\\/1dronas.lt\\\/parduotuve\\\/\"},{\"@type\":\"ListItem\",\"position\":3,\"name\":\"BETAFPV Pavo Femto Brushless O4 Air Unit Bracket\"}]},{\"@type\":\"WebSite\",\"@id\":\"https:\\\/\\\/1dronas.lt\\\/en\\\/#website\",\"url\":\"https:\\\/\\\/1dronas.lt\\\/en\\\/\",\"name\":\"1dronas.lt\",\"description\":\"Internetin\u0117 parduotuv\u0117\",\"publisher\":{\"@id\":\"https:\\\/\\\/1dronas.lt\\\/en\\\/#organization\"},\"potentialAction\":[{\"@type\":\"SearchAction\",\"target\":{\"@type\":\"EntryPoint\",\"urlTemplate\":\"https:\\\/\\\/1dronas.lt\\\/en\\\/?s={search_term_string}\"},\"query-input\":{\"@type\":\"PropertyValueSpecification\",\"valueRequired\":true,\"valueName\":\"search_term_string\"}}],\"inLanguage\":\"en-US\"},{\"@type\":\"Organization\",\"@id\":\"https:\\\/\\\/1dronas.lt\\\/en\\\/#organization\",\"name\":\"1dronas.lt\",\"url\":\"https:\\\/\\\/1dronas.lt\\\/en\\\/\",\"logo\":{\"@type\":\"ImageObject\",\"inLanguage\":\"en-US\",\"@id\":\"https:\\\/\\\/1dronas.lt\\\/en\\\/#\\\/schema\\\/logo\\\/image\\\/\",\"url\":\"https:\\\/\\\/1dronas.lt\\\/wp-content\\\/uploads\\\/2020\\\/12\\\/Ekrano_kopija__2_-removebg-preview-1-1.png\",\"contentUrl\":\"https:\\\/\\\/1dronas.lt\\\/wp-content\\\/uploads\\\/2020\\\/12\\\/Ekrano_kopija__2_-removebg-preview-1-1.png\",\"width\":234,\"height\":81,\"caption\":\"1dronas.lt\"},\"image\":{\"@id\":\"https:\\\/\\\/1dronas.lt\\\/en\\\/#\\\/schema\\\/logo\\\/image\\\/\"},\"sameAs\":[\"https:\\\/\\\/www.facebook.com\\\/1dronas\\\/\"]}]}<\/script>\n<!-- \/ Yoast SEO plugin. -->","yoast_head_json":{"title":"BETAFPV Pavo Femto Brushless O4 Air Unit Bracket - 1dronas.lt","robots":{"index":"index","follow":"follow","max-snippet":"max-snippet:-1","max-image-preview":"max-image-preview:large","max-video-preview":"max-video-preview:-1"},"canonical":"https:\/\/1dronas.lt\/en\/produktas\/betafpv-pavo-femto-brushless-o4-air-unit-bracket\/","og_locale":"en_US","og_type":"article","og_title":"BETAFPV Pavo Femto Brushless O4 Air Unit Bracket - 1dronas.lt","og_description":"O4 Air Unit laikiklio komplektas su visomis reikalingomis dalimis - kameros laikikliu, amortizavimo elementais ir tvirtinimo detal\u0117mis, u\u017etikrinantis stabil\u0173 montavim\u0105 bei skland\u0173, vaizd\u0105.   \u00a01 \u2013 2 d. d.","og_url":"https:\/\/1dronas.lt\/en\/produktas\/betafpv-pavo-femto-brushless-o4-air-unit-bracket\/","og_site_name":"1dronas.lt","article_publisher":"https:\/\/www.facebook.com\/1dronas\/","og_image":[{"width":720,"height":720,"url":"https:\/\/1dronas.lt\/wp-content\/uploads\/2026\/04\/992c71470c5ee282a7b6df058b740e42_720x.jpg","type":"image\/jpeg"}],"twitter_card":"summary_large_image","twitter_misc":{"Est. reading time":"3 minutes"},"schema":{"@context":"https:\/\/schema.org","@graph":[{"@type":"WebPage","@id":"https:\/\/1dronas.lt\/en\/produktas\/betafpv-pavo-femto-brushless-o4-air-unit-bracket\/","url":"https:\/\/1dronas.lt\/en\/produktas\/betafpv-pavo-femto-brushless-o4-air-unit-bracket\/","name":"BETAFPV Pavo Femto Brushless O4 Air Unit Bracket - 1dronas.lt","isPartOf":{"@id":"https:\/\/1dronas.lt\/en\/#website"},"primaryImageOfPage":{"@id":"https:\/\/1dronas.lt\/en\/produktas\/betafpv-pavo-femto-brushless-o4-air-unit-bracket\/#primaryimage"},"image":{"@id":"https:\/\/1dronas.lt\/en\/produktas\/betafpv-pavo-femto-brushless-o4-air-unit-bracket\/#primaryimage"},"thumbnailUrl":"https:\/\/1dronas.lt\/wp-content\/uploads\/2026\/04\/992c71470c5ee282a7b6df058b740e42_720x.jpg","datePublished":"2026-04-30T18:40:16+00:00","breadcrumb":{"@id":"https:\/\/1dronas.lt\/en\/produktas\/betafpv-pavo-femto-brushless-o4-air-unit-bracket\/#breadcrumb"},"inLanguage":"en-US","potentialAction":[{"@type":"ReadAction","target":["https:\/\/1dronas.lt\/en\/produktas\/betafpv-pavo-femto-brushless-o4-air-unit-bracket\/"]}]},{"@type":"ImageObject","inLanguage":"en-US","@id":"https:\/\/1dronas.lt\/en\/produktas\/betafpv-pavo-femto-brushless-o4-air-unit-bracket\/#primaryimage","url":"https:\/\/1dronas.lt\/wp-content\/uploads\/2026\/04\/992c71470c5ee282a7b6df058b740e42_720x.jpg","contentUrl":"https:\/\/1dronas.lt\/wp-content\/uploads\/2026\/04\/992c71470c5ee282a7b6df058b740e42_720x.jpg","width":720,"height":720},{"@type":"BreadcrumbList","@id":"https:\/\/1dronas.lt\/en\/produktas\/betafpv-pavo-femto-brushless-o4-air-unit-bracket\/#breadcrumb","itemListElement":[{"@type":"ListItem","position":1,"name":"Home","item":"https:\/\/1dronas.lt\/"},{"@type":"ListItem","position":2,"name":"Parduotuv\u0117","item":"https:\/\/1dronas.lt\/parduotuve\/"},{"@type":"ListItem","position":3,"name":"BETAFPV Pavo Femto Brushless O4 Air Unit Bracket"}]},{"@type":"WebSite","@id":"https:\/\/1dronas.lt\/en\/#website","url":"https:\/\/1dronas.lt\/en\/","name":"1dronas.lt","description":"Online store","publisher":{"@id":"https:\/\/1dronas.lt\/en\/#organization"},"potentialAction":[{"@type":"SearchAction","target":{"@type":"EntryPoint","urlTemplate":"https:\/\/1dronas.lt\/en\/?s={search_term_string}"},"query-input":{"@type":"PropertyValueSpecification","valueRequired":true,"valueName":"search_term_string"}}],"inLanguage":"en-US"},{"@type":"Organization","@id":"https:\/\/1dronas.lt\/en\/#organization","name":"1dronas.lt","url":"https:\/\/1dronas.lt\/en\/","logo":{"@type":"ImageObject","inLanguage":"en-US","@id":"https:\/\/1dronas.lt\/en\/#\/schema\/logo\/image\/","url":"https:\/\/1dronas.lt\/wp-content\/uploads\/2020\/12\/Ekrano_kopija__2_-removebg-preview-1-1.png","contentUrl":"https:\/\/1dronas.lt\/wp-content\/uploads\/2020\/12\/Ekrano_kopija__2_-removebg-preview-1-1.png","width":234,"height":81,"caption":"1dronas.lt"},"image":{"@id":"https:\/\/1dronas.lt\/en\/#\/schema\/logo\/image\/"},"sameAs":["https:\/\/www.facebook.com\/1dronas\/"]}]}},"jetpack_sharing_enabled":true,"_links":{"self":[{"href":"https:\/\/1dronas.lt\/en\/wp-json\/wp\/v2\/product\/18987","targetHints":{"allow":["GET"]}}],"collection":[{"href":"https:\/\/1dronas.lt\/en\/wp-json\/wp\/v2\/product"}],"about":[{"href":"https:\/\/1dronas.lt\/en\/wp-json\/wp\/v2\/types\/product"}],"replies":[{"embeddable":true,"href":"https:\/\/1dronas.lt\/en\/wp-json\/wp\/v2\/comments?post=18987"}],"wp:featuredmedia":[{"embeddable":true,"href":"https:\/\/1dronas.lt\/en\/wp-json\/wp\/v2\/media\/18989"}],"wp:attachment":[{"href":"https:\/\/1dronas.lt\/en\/wp-json\/wp\/v2\/media?parent=18987"}],"wp:term":[{"taxonomy":"product_brand","embeddable":true,"href":"https:\/\/1dronas.lt\/en\/wp-json\/wp\/v2\/product_brand?post=18987"},{"taxonomy":"product_cat","embeddable":true,"href":"https:\/\/1dronas.lt\/en\/wp-json\/wp\/v2\/product_cat?post=18987"},{"taxonomy":"product_tag","embeddable":true,"href":"https:\/\/1dronas.lt\/en\/wp-json\/wp\/v2\/product_tag?post=18987"}],"curies":[{"name":"wp","href":"https:\/\/api.w.org\/{rel}","templated":true}]}}