{"id":18969,"date":"2026-04-30T21:57:14","date_gmt":"2026-04-30T18:57:14","guid":{"rendered":"https:\/\/1dronas.lt\/?post_type=product&#038;p=18969"},"modified":"2026-04-30T21:57:58","modified_gmt":"2026-04-30T18:57:58","slug":"betafpv-o4-air-unit-bracket-ii","status":"publish","type":"product","link":"https:\/\/1dronas.lt\/en\/produktas\/betafpv-o4-air-unit-bracket-ii\/","title":{"rendered":"BETAFPV O4 Air Unit Bracket II"},"content":{"rendered":"<p>O4 Air Unit Bracket II &#8211; atnaujintas laikiklis, sukurtas maksimaliai suma\u017einti vibracijas ir u\u017etikrinti \u201ejello-free\u201c vaizd\u0105. Integruota amortizavimo sistema su mink\u0161tais slopinimo elementais efektyviai sugeria vibracijas, o kamera tvirtinama 4 var\u017etais \u2013 paprastai, tvirtai ir patikimai. Patobulinta konstrukcija ne tik palengvina surinkim\u0105, bet ir garantuoja stabilesn\u012f, auk\u0161tos kokyb\u0117s vaizd\u0105.<\/p>\n<p><img loading=\"lazy\" decoding=\"async\" class=\"alignnone size-full wp-image-18976\" src=\"https:\/\/1dronas.lt\/wp-content\/uploads\/2026\/04\/O4_Air_Unit_Bracket_II_-_steady_shots_every_flight.webp\" alt=\"\" width=\"1600\" height=\"900\" srcset=\"https:\/\/1dronas.lt\/wp-content\/uploads\/2026\/04\/O4_Air_Unit_Bracket_II_-_steady_shots_every_flight.webp 1600w, https:\/\/1dronas.lt\/wp-content\/uploads\/2026\/04\/O4_Air_Unit_Bracket_II_-_steady_shots_every_flight-300x169.webp 300w, https:\/\/1dronas.lt\/wp-content\/uploads\/2026\/04\/O4_Air_Unit_Bracket_II_-_steady_shots_every_flight-1024x576.webp 1024w, https:\/\/1dronas.lt\/wp-content\/uploads\/2026\/04\/O4_Air_Unit_Bracket_II_-_steady_shots_every_flight-768x432.webp 768w, https:\/\/1dronas.lt\/wp-content\/uploads\/2026\/04\/O4_Air_Unit_Bracket_II_-_steady_shots_every_flight-1536x864.webp 1536w, https:\/\/1dronas.lt\/wp-content\/uploads\/2026\/04\/O4_Air_Unit_Bracket_II_-_steady_shots_every_flight-18x10.webp 18w, https:\/\/1dronas.lt\/wp-content\/uploads\/2026\/04\/O4_Air_Unit_Bracket_II_-_steady_shots_every_flight-510x287.webp 510w\" sizes=\"auto, (max-width: 1600px) 100vw, 1600px\" \/><\/p>\n<p><strong>Features:<\/strong><\/p>\n<p>\u2022 Pilnas vibracij\u0173 slopinimas: integruota amortizavimo sistema su 4 mink\u0161tais slopinimo elementais efektyviai izoliuoja O4 kamer\u0105 nuo vibracij\u0173, u\u017etikrindama stabil\u0173 ir \u201ejello-free\u201c vaizd\u0105;<br \/>\n\u2022 Tikslus kameros kampo reguliavimas: dvigubos tvirtinimo skyl\u0117s leid\u017eia stabiliai reguliuoti pasvirim\u0105 nuo 5\u00b0 iki 35\u00b0, u\u017etikrinant tiksl\u0173 vaizd\u0105;<br \/>\n\u2022 Stabilus signalas: pailginta antenos tvirtinimo dalis su dviem var\u017etais u\u017etikrina tvirt\u0105 laikym\u0105 ir patikim\u0105, nenutr\u016bkstam\u0105 vaizdo perdavim\u0105.<\/p>\n<p><img loading=\"lazy\" decoding=\"async\" class=\"alignnone wp-image-18977 size-large\" src=\"https:\/\/1dronas.lt\/wp-content\/uploads\/2026\/04\/O4_Bracket_II_vs_O4_Bracket-1024x576.webp\" alt=\"\" width=\"1020\" height=\"574\" \/><\/p>\n<p><img loading=\"lazy\" decoding=\"async\" class=\"alignnone size-full wp-image-18979\" src=\"https:\/\/1dronas.lt\/wp-content\/uploads\/2026\/04\/O4_Air_Unit_Bracket_II_-_dual_hole_and_antenna_hold.webp\" alt=\"\" width=\"1600\" height=\"700\" srcset=\"https:\/\/1dronas.lt\/wp-content\/uploads\/2026\/04\/O4_Air_Unit_Bracket_II_-_dual_hole_and_antenna_hold.webp 1600w, https:\/\/1dronas.lt\/wp-content\/uploads\/2026\/04\/O4_Air_Unit_Bracket_II_-_dual_hole_and_antenna_hold-300x131.webp 300w, https:\/\/1dronas.lt\/wp-content\/uploads\/2026\/04\/O4_Air_Unit_Bracket_II_-_dual_hole_and_antenna_hold-1024x448.webp 1024w, https:\/\/1dronas.lt\/wp-content\/uploads\/2026\/04\/O4_Air_Unit_Bracket_II_-_dual_hole_and_antenna_hold-768x336.webp 768w, https:\/\/1dronas.lt\/wp-content\/uploads\/2026\/04\/O4_Air_Unit_Bracket_II_-_dual_hole_and_antenna_hold-1536x672.webp 1536w, https:\/\/1dronas.lt\/wp-content\/uploads\/2026\/04\/O4_Air_Unit_Bracket_II_-_dual_hole_and_antenna_hold-18x8.webp 18w, https:\/\/1dronas.lt\/wp-content\/uploads\/2026\/04\/O4_Air_Unit_Bracket_II_-_dual_hole_and_antenna_hold-510x223.webp 510w\" sizes=\"auto, (max-width: 1600px) 100vw, 1600px\" \/><\/p>\n<p><strong>Specification:<\/strong><\/p>\n<p>\u2022 Material: PP;<br \/>\n\u2022 Color: black;<br \/>\n\u2022 Svoris: 4.1 g;<br \/>\n\u2022 Suderinamas r\u0117mas: Pavo Pico II r\u0117mas.<\/p>\n<p><strong>Measurements:<\/strong><\/p>\n<p><img loading=\"lazy\" decoding=\"async\" class=\"alignnone wp-image-18980\" src=\"https:\/\/1dronas.lt\/wp-content\/uploads\/2026\/04\/O4_Air_Unit_Bracket_II_dimensions.webp\" alt=\"\" width=\"749\" height=\"420\" srcset=\"https:\/\/1dronas.lt\/wp-content\/uploads\/2026\/04\/O4_Air_Unit_Bracket_II_dimensions.webp 1600w, https:\/\/1dronas.lt\/wp-content\/uploads\/2026\/04\/O4_Air_Unit_Bracket_II_dimensions-300x169.webp 300w, https:\/\/1dronas.lt\/wp-content\/uploads\/2026\/04\/O4_Air_Unit_Bracket_II_dimensions-1024x576.webp 1024w, https:\/\/1dronas.lt\/wp-content\/uploads\/2026\/04\/O4_Air_Unit_Bracket_II_dimensions-768x432.webp 768w, https:\/\/1dronas.lt\/wp-content\/uploads\/2026\/04\/O4_Air_Unit_Bracket_II_dimensions-1536x864.webp 1536w, https:\/\/1dronas.lt\/wp-content\/uploads\/2026\/04\/O4_Air_Unit_Bracket_II_dimensions-18x10.webp 18w, https:\/\/1dronas.lt\/wp-content\/uploads\/2026\/04\/O4_Air_Unit_Bracket_II_dimensions-510x287.webp 510w\" sizes=\"auto, (max-width: 749px) 100vw, 749px\" \/><\/p>\n<p><strong>Package:<\/strong><\/p>\n<p>1x vir\u0161utin\u0117 plok\u0161t\u0117;<br \/>\n1x Apatin\u0117 plok\u0161t\u0117);<br \/>\n2x 5.8G VTX antennas;<br \/>\n6x Amortizuojantys rutuliukai (8 mm);<br \/>\n6x Amortizuojantys padeliai (1.5 mm);<br \/>\n6x M2x4 savisriegiai var\u017etai;<br \/>\n8x M1.4&#215;6 savisriegiai var\u017etai.<\/p>\n<p><img loading=\"lazy\" decoding=\"async\" class=\"alignnone wp-image-18981 size-full\" src=\"https:\/\/1dronas.lt\/wp-content\/uploads\/2026\/04\/O4_Air_Unit_Bracket_II_package_600x600.webp\" alt=\"\" width=\"600\" height=\"600\" srcset=\"https:\/\/1dronas.lt\/wp-content\/uploads\/2026\/04\/O4_Air_Unit_Bracket_II_package_600x600.webp 600w, https:\/\/1dronas.lt\/wp-content\/uploads\/2026\/04\/O4_Air_Unit_Bracket_II_package_600x600-300x300.webp 300w, https:\/\/1dronas.lt\/wp-content\/uploads\/2026\/04\/O4_Air_Unit_Bracket_II_package_600x600-150x150.webp 150w, https:\/\/1dronas.lt\/wp-content\/uploads\/2026\/04\/O4_Air_Unit_Bracket_II_package_600x600-12x12.webp 12w, https:\/\/1dronas.lt\/wp-content\/uploads\/2026\/04\/O4_Air_Unit_Bracket_II_package_600x600-247x247.webp 247w, https:\/\/1dronas.lt\/wp-content\/uploads\/2026\/04\/O4_Air_Unit_Bracket_II_package_600x600-510x510.webp 510w, https:\/\/1dronas.lt\/wp-content\/uploads\/2026\/04\/O4_Air_Unit_Bracket_II_package_600x600-100x100.webp 100w\" sizes=\"auto, (max-width: 600px) 100vw, 600px\" \/><\/p>","protected":false},"excerpt":{"rendered":"<p><span style=\"color: #333333;\">BETAFPV O4 Air Unit Bracket II &#8211; patobulintas laikiklis su integruota vibracij\u0173 slopinimo sistema, u\u017etikrinantis stabil\u0173 kameros montavim\u0105 ir skland\u0173, \u201ejello-free\u201c vaizd\u0105.<\/span><\/p>\n<p><span style=\"color: #333333;\"><strong><img loading=\"lazy\" decoding=\"async\" class=\"alignnone wp-image-1806\" src=\"https:\/\/1dronas.lt\/wp-content\/uploads\/2021\/05\/delivery-icon.png.webp\" alt=\"\" width=\"24\" height=\"24\" srcset=\"https:\/\/1dronas.lt\/wp-content\/uploads\/2021\/05\/delivery-icon.png 35w, https:\/\/1dronas.lt\/wp-content\/uploads\/2021\/05\/delivery-icon-12x12.png 12w\" sizes=\"auto, (max-width: 24px) 100vw, 24px\" \/>\u00a0\u00a0\u00a01 \u2013 2 days<\/strong><\/span><\/p>","protected":false},"featured_media":18970,"comment_status":"open","ping_status":"closed","template":"","meta":[],"product_brand":[489],"product_cat":[149],"product_tag":[69,1302,325,1303,1034],"class_list":{"0":"post-18969","1":"product","2":"type-product","3":"status-publish","4":"has-post-thumbnail","6":"product_brand-betafpv","7":"product_cat-remai","8":"product_tag-betafpv","9":"product_tag-bracket","10":"product_tag-dji","11":"product_tag-o4-air-unit","12":"product_tag-pavo-pico-ii","14":"first","15":"instock","16":"taxable","17":"shipping-taxable","18":"purchasable","19":"product-type-simple"},"yoast_head":"<!-- This site is optimized with the Yoast SEO plugin v27.5 - https:\/\/yoast.com\/product\/yoast-seo-wordpress\/ -->\n<title>BETAFPV O4 Air Unit Bracket II - 1dronas.lt<\/title>\n<meta name=\"robots\" content=\"index, follow, max-snippet:-1, max-image-preview:large, max-video-preview:-1\" \/>\n<link rel=\"canonical\" href=\"https:\/\/1dronas.lt\/en\/produktas\/betafpv-o4-air-unit-bracket-ii\/\" \/>\n<meta property=\"og:locale\" content=\"en_US\" \/>\n<meta property=\"og:type\" content=\"article\" \/>\n<meta property=\"og:title\" content=\"BETAFPV O4 Air Unit Bracket II - 1dronas.lt\" \/>\n<meta property=\"og:description\" content=\"BETAFPV O4 Air Unit Bracket II - patobulintas laikiklis su integruota vibracij\u0173 slopinimo sistema, u\u017etikrinantis stabil\u0173 kameros montavim\u0105 ir skland\u0173, \u201ejello-free\u201c vaizd\u0105.  \u00a0\u00a0\u00a01 \u2013 2 d. d.\" \/>\n<meta property=\"og:url\" content=\"https:\/\/1dronas.lt\/en\/produktas\/betafpv-o4-air-unit-bracket-ii\/\" \/>\n<meta property=\"og:site_name\" content=\"1dronas.lt\" \/>\n<meta property=\"article:publisher\" content=\"https:\/\/www.facebook.com\/1dronas\/\" \/>\n<meta property=\"article:modified_time\" content=\"2026-04-30T18:57:58+00:00\" \/>\n<meta property=\"og:image\" content=\"https:\/\/1dronas.lt\/wp-content\/uploads\/2026\/04\/O4_Air_Unit_Bracket_II_black_720x.webp\" \/>\n\t<meta property=\"og:image:width\" content=\"720\" \/>\n\t<meta property=\"og:image:height\" content=\"720\" \/>\n\t<meta property=\"og:image:type\" content=\"image\/webp\" \/>\n<meta name=\"twitter:card\" content=\"summary_large_image\" \/>\n<meta name=\"twitter:label1\" content=\"Est. reading time\" \/>\n\t<meta name=\"twitter:data1\" content=\"3 minutes\" \/>\n<script type=\"application\/ld+json\" class=\"yoast-schema-graph\">{\"@context\":\"https:\\\/\\\/schema.org\",\"@graph\":[{\"@type\":\"WebPage\",\"@id\":\"https:\\\/\\\/1dronas.lt\\\/en\\\/produktas\\\/betafpv-o4-air-unit-bracket-ii\\\/\",\"url\":\"https:\\\/\\\/1dronas.lt\\\/en\\\/produktas\\\/betafpv-o4-air-unit-bracket-ii\\\/\",\"name\":\"BETAFPV O4 Air Unit Bracket II - 1dronas.lt\",\"isPartOf\":{\"@id\":\"https:\\\/\\\/1dronas.lt\\\/en\\\/#website\"},\"primaryImageOfPage\":{\"@id\":\"https:\\\/\\\/1dronas.lt\\\/en\\\/produktas\\\/betafpv-o4-air-unit-bracket-ii\\\/#primaryimage\"},\"image\":{\"@id\":\"https:\\\/\\\/1dronas.lt\\\/en\\\/produktas\\\/betafpv-o4-air-unit-bracket-ii\\\/#primaryimage\"},\"thumbnailUrl\":\"https:\\\/\\\/1dronas.lt\\\/wp-content\\\/uploads\\\/2026\\\/04\\\/O4_Air_Unit_Bracket_II_black_720x.webp\",\"datePublished\":\"2026-04-30T18:57:14+00:00\",\"dateModified\":\"2026-04-30T18:57:58+00:00\",\"breadcrumb\":{\"@id\":\"https:\\\/\\\/1dronas.lt\\\/en\\\/produktas\\\/betafpv-o4-air-unit-bracket-ii\\\/#breadcrumb\"},\"inLanguage\":\"en-US\",\"potentialAction\":[{\"@type\":\"ReadAction\",\"target\":[\"https:\\\/\\\/1dronas.lt\\\/en\\\/produktas\\\/betafpv-o4-air-unit-bracket-ii\\\/\"]}]},{\"@type\":\"ImageObject\",\"inLanguage\":\"en-US\",\"@id\":\"https:\\\/\\\/1dronas.lt\\\/en\\\/produktas\\\/betafpv-o4-air-unit-bracket-ii\\\/#primaryimage\",\"url\":\"https:\\\/\\\/1dronas.lt\\\/wp-content\\\/uploads\\\/2026\\\/04\\\/O4_Air_Unit_Bracket_II_black_720x.webp\",\"contentUrl\":\"https:\\\/\\\/1dronas.lt\\\/wp-content\\\/uploads\\\/2026\\\/04\\\/O4_Air_Unit_Bracket_II_black_720x.webp\",\"width\":720,\"height\":720},{\"@type\":\"BreadcrumbList\",\"@id\":\"https:\\\/\\\/1dronas.lt\\\/en\\\/produktas\\\/betafpv-o4-air-unit-bracket-ii\\\/#breadcrumb\",\"itemListElement\":[{\"@type\":\"ListItem\",\"position\":1,\"name\":\"Home\",\"item\":\"https:\\\/\\\/1dronas.lt\\\/\"},{\"@type\":\"ListItem\",\"position\":2,\"name\":\"Parduotuv\u0117\",\"item\":\"https:\\\/\\\/1dronas.lt\\\/parduotuve\\\/\"},{\"@type\":\"ListItem\",\"position\":3,\"name\":\"BETAFPV O4 Air Unit Bracket II\"}]},{\"@type\":\"WebSite\",\"@id\":\"https:\\\/\\\/1dronas.lt\\\/en\\\/#website\",\"url\":\"https:\\\/\\\/1dronas.lt\\\/en\\\/\",\"name\":\"1dronas.lt\",\"description\":\"Internetin\u0117 parduotuv\u0117\",\"publisher\":{\"@id\":\"https:\\\/\\\/1dronas.lt\\\/en\\\/#organization\"},\"potentialAction\":[{\"@type\":\"SearchAction\",\"target\":{\"@type\":\"EntryPoint\",\"urlTemplate\":\"https:\\\/\\\/1dronas.lt\\\/en\\\/?s={search_term_string}\"},\"query-input\":{\"@type\":\"PropertyValueSpecification\",\"valueRequired\":true,\"valueName\":\"search_term_string\"}}],\"inLanguage\":\"en-US\"},{\"@type\":\"Organization\",\"@id\":\"https:\\\/\\\/1dronas.lt\\\/en\\\/#organization\",\"name\":\"1dronas.lt\",\"url\":\"https:\\\/\\\/1dronas.lt\\\/en\\\/\",\"logo\":{\"@type\":\"ImageObject\",\"inLanguage\":\"en-US\",\"@id\":\"https:\\\/\\\/1dronas.lt\\\/en\\\/#\\\/schema\\\/logo\\\/image\\\/\",\"url\":\"https:\\\/\\\/1dronas.lt\\\/wp-content\\\/uploads\\\/2020\\\/12\\\/Ekrano_kopija__2_-removebg-preview-1-1.png\",\"contentUrl\":\"https:\\\/\\\/1dronas.lt\\\/wp-content\\\/uploads\\\/2020\\\/12\\\/Ekrano_kopija__2_-removebg-preview-1-1.png\",\"width\":234,\"height\":81,\"caption\":\"1dronas.lt\"},\"image\":{\"@id\":\"https:\\\/\\\/1dronas.lt\\\/en\\\/#\\\/schema\\\/logo\\\/image\\\/\"},\"sameAs\":[\"https:\\\/\\\/www.facebook.com\\\/1dronas\\\/\"]}]}<\/script>\n<!-- \/ Yoast SEO plugin. -->","yoast_head_json":{"title":"BETAFPV O4 Air Unit Bracket II - 1dronas.lt","robots":{"index":"index","follow":"follow","max-snippet":"max-snippet:-1","max-image-preview":"max-image-preview:large","max-video-preview":"max-video-preview:-1"},"canonical":"https:\/\/1dronas.lt\/en\/produktas\/betafpv-o4-air-unit-bracket-ii\/","og_locale":"en_US","og_type":"article","og_title":"BETAFPV O4 Air Unit Bracket II - 1dronas.lt","og_description":"BETAFPV O4 Air Unit Bracket II - patobulintas laikiklis su integruota vibracij\u0173 slopinimo sistema, u\u017etikrinantis stabil\u0173 kameros montavim\u0105 ir skland\u0173, \u201ejello-free\u201c vaizd\u0105.  \u00a0\u00a0\u00a01 \u2013 2 d. d.","og_url":"https:\/\/1dronas.lt\/en\/produktas\/betafpv-o4-air-unit-bracket-ii\/","og_site_name":"1dronas.lt","article_publisher":"https:\/\/www.facebook.com\/1dronas\/","article_modified_time":"2026-04-30T18:57:58+00:00","og_image":[{"width":720,"height":720,"url":"https:\/\/1dronas.lt\/wp-content\/uploads\/2026\/04\/O4_Air_Unit_Bracket_II_black_720x.webp","type":"image\/webp"}],"twitter_card":"summary_large_image","twitter_misc":{"Est. reading time":"3 minutes"},"schema":{"@context":"https:\/\/schema.org","@graph":[{"@type":"WebPage","@id":"https:\/\/1dronas.lt\/en\/produktas\/betafpv-o4-air-unit-bracket-ii\/","url":"https:\/\/1dronas.lt\/en\/produktas\/betafpv-o4-air-unit-bracket-ii\/","name":"BETAFPV O4 Air Unit Bracket II - 1dronas.lt","isPartOf":{"@id":"https:\/\/1dronas.lt\/en\/#website"},"primaryImageOfPage":{"@id":"https:\/\/1dronas.lt\/en\/produktas\/betafpv-o4-air-unit-bracket-ii\/#primaryimage"},"image":{"@id":"https:\/\/1dronas.lt\/en\/produktas\/betafpv-o4-air-unit-bracket-ii\/#primaryimage"},"thumbnailUrl":"https:\/\/1dronas.lt\/wp-content\/uploads\/2026\/04\/O4_Air_Unit_Bracket_II_black_720x.webp","datePublished":"2026-04-30T18:57:14+00:00","dateModified":"2026-04-30T18:57:58+00:00","breadcrumb":{"@id":"https:\/\/1dronas.lt\/en\/produktas\/betafpv-o4-air-unit-bracket-ii\/#breadcrumb"},"inLanguage":"en-US","potentialAction":[{"@type":"ReadAction","target":["https:\/\/1dronas.lt\/en\/produktas\/betafpv-o4-air-unit-bracket-ii\/"]}]},{"@type":"ImageObject","inLanguage":"en-US","@id":"https:\/\/1dronas.lt\/en\/produktas\/betafpv-o4-air-unit-bracket-ii\/#primaryimage","url":"https:\/\/1dronas.lt\/wp-content\/uploads\/2026\/04\/O4_Air_Unit_Bracket_II_black_720x.webp","contentUrl":"https:\/\/1dronas.lt\/wp-content\/uploads\/2026\/04\/O4_Air_Unit_Bracket_II_black_720x.webp","width":720,"height":720},{"@type":"BreadcrumbList","@id":"https:\/\/1dronas.lt\/en\/produktas\/betafpv-o4-air-unit-bracket-ii\/#breadcrumb","itemListElement":[{"@type":"ListItem","position":1,"name":"Home","item":"https:\/\/1dronas.lt\/"},{"@type":"ListItem","position":2,"name":"Parduotuv\u0117","item":"https:\/\/1dronas.lt\/parduotuve\/"},{"@type":"ListItem","position":3,"name":"BETAFPV O4 Air Unit Bracket II"}]},{"@type":"WebSite","@id":"https:\/\/1dronas.lt\/en\/#website","url":"https:\/\/1dronas.lt\/en\/","name":"1dronas.lt","description":"Online store","publisher":{"@id":"https:\/\/1dronas.lt\/en\/#organization"},"potentialAction":[{"@type":"SearchAction","target":{"@type":"EntryPoint","urlTemplate":"https:\/\/1dronas.lt\/en\/?s={search_term_string}"},"query-input":{"@type":"PropertyValueSpecification","valueRequired":true,"valueName":"search_term_string"}}],"inLanguage":"en-US"},{"@type":"Organization","@id":"https:\/\/1dronas.lt\/en\/#organization","name":"1dronas.lt","url":"https:\/\/1dronas.lt\/en\/","logo":{"@type":"ImageObject","inLanguage":"en-US","@id":"https:\/\/1dronas.lt\/en\/#\/schema\/logo\/image\/","url":"https:\/\/1dronas.lt\/wp-content\/uploads\/2020\/12\/Ekrano_kopija__2_-removebg-preview-1-1.png","contentUrl":"https:\/\/1dronas.lt\/wp-content\/uploads\/2020\/12\/Ekrano_kopija__2_-removebg-preview-1-1.png","width":234,"height":81,"caption":"1dronas.lt"},"image":{"@id":"https:\/\/1dronas.lt\/en\/#\/schema\/logo\/image\/"},"sameAs":["https:\/\/www.facebook.com\/1dronas\/"]}]}},"jetpack_sharing_enabled":true,"_links":{"self":[{"href":"https:\/\/1dronas.lt\/en\/wp-json\/wp\/v2\/product\/18969","targetHints":{"allow":["GET"]}}],"collection":[{"href":"https:\/\/1dronas.lt\/en\/wp-json\/wp\/v2\/product"}],"about":[{"href":"https:\/\/1dronas.lt\/en\/wp-json\/wp\/v2\/types\/product"}],"replies":[{"embeddable":true,"href":"https:\/\/1dronas.lt\/en\/wp-json\/wp\/v2\/comments?post=18969"}],"wp:featuredmedia":[{"embeddable":true,"href":"https:\/\/1dronas.lt\/en\/wp-json\/wp\/v2\/media\/18970"}],"wp:attachment":[{"href":"https:\/\/1dronas.lt\/en\/wp-json\/wp\/v2\/media?parent=18969"}],"wp:term":[{"taxonomy":"product_brand","embeddable":true,"href":"https:\/\/1dronas.lt\/en\/wp-json\/wp\/v2\/product_brand?post=18969"},{"taxonomy":"product_cat","embeddable":true,"href":"https:\/\/1dronas.lt\/en\/wp-json\/wp\/v2\/product_cat?post=18969"},{"taxonomy":"product_tag","embeddable":true,"href":"https:\/\/1dronas.lt\/en\/wp-json\/wp\/v2\/product_tag?post=18969"}],"curies":[{"name":"wp","href":"https:\/\/api.w.org\/{rel}","templated":true}]}}