{"id":18955,"date":"2026-04-28T15:19:39","date_gmt":"2026-04-28T12:19:39","guid":{"rendered":"https:\/\/1dronas.lt\/?post_type=product&#038;p=18955"},"modified":"2026-04-28T15:20:21","modified_gmt":"2026-04-28T12:20:21","slug":"betafpv-pavo20-pro-brushless-o4-air-unit-pro-bracket","status":"publish","type":"product","link":"https:\/\/1dronas.lt\/en\/produktas\/betafpv-pavo20-pro-brushless-o4-air-unit-pro-bracket\/","title":{"rendered":"BETAFPV Pavo20 Pro Brushless O4 Air Unit Pro Bracket"},"content":{"rendered":"<p>BETAFPV Pavo20 Pro O4 Air Unit Pro laikiklis &#8211; sukurtas stabiliam ir patikimam DJI O4 Air Unit Pro sistemos montavimui, u\u017etikrinant suma\u017eintas vibracijas ir skland\u0173 HD vaizd\u0105.<\/p>\n<p><strong>Features:<\/strong><\/p>\n<p>\u2022 Patobulintas dizainas: i\u0161laiko O3 laikiklio funkcijas, sustiprinta konstrukcija;<br \/>\n\u2022 Tikslus reguliavimas: dvigubos tvirtinimo skyl\u0117s leid\u017eia reguliuoti kameros kamp\u0105 nuo 0 iki 40\u00b0;<br \/>\n\u2022 Geresnis signalas: 30\u00b0 kampu montuojamos antenos u\u017etikrina stabilesn\u012f ry\u0161\u012f;<br \/>\n\u2022 Tvirtas ir stabilus montavimas: konstrukcija suma\u017eina vibracijas ir u\u017etikrina skland\u0173 HD vaizd\u0105.<\/p>\n<p><strong>Specification:<\/strong><\/p>\n<p>\u2022 Svoris: 7.2 g;<br \/>\n\u2022 Color: black;<br \/>\n\u2022 Kameros tvirtinimo plotis: 19 mm \/ 20 mm;<br \/>\n\u2022 Kameros filtras: palaikomas.<\/p>\n<p><strong>Measurements:<\/strong><\/p>\n<p><img loading=\"lazy\" decoding=\"async\" class=\"alignnone wp-image-18993\" src=\"https:\/\/1dronas.lt\/wp-content\/uploads\/2026\/04\/O4_Air_Unit_Pro_Bracket_diagram.webp\" alt=\"\" width=\"672\" height=\"378\" srcset=\"https:\/\/1dronas.lt\/wp-content\/uploads\/2026\/04\/O4_Air_Unit_Pro_Bracket_diagram.webp 1600w, https:\/\/1dronas.lt\/wp-content\/uploads\/2026\/04\/O4_Air_Unit_Pro_Bracket_diagram-300x169.webp 300w, https:\/\/1dronas.lt\/wp-content\/uploads\/2026\/04\/O4_Air_Unit_Pro_Bracket_diagram-1024x576.webp 1024w, https:\/\/1dronas.lt\/wp-content\/uploads\/2026\/04\/O4_Air_Unit_Pro_Bracket_diagram-768x432.webp 768w, https:\/\/1dronas.lt\/wp-content\/uploads\/2026\/04\/O4_Air_Unit_Pro_Bracket_diagram-1536x864.webp 1536w, https:\/\/1dronas.lt\/wp-content\/uploads\/2026\/04\/O4_Air_Unit_Pro_Bracket_diagram-18x10.webp 18w, https:\/\/1dronas.lt\/wp-content\/uploads\/2026\/04\/O4_Air_Unit_Pro_Bracket_diagram-510x287.webp 510w\" sizes=\"auto, (max-width: 672px) 100vw, 672px\" \/><\/p>\n<p><strong>Sukurtas specialiai HD VTX sistemoms:<\/strong><\/p>\n<p>O4 Air Unit Pro laikiklis sukurtas maksimaliam suderinamumui ir na\u0161umui, ypa\u010d kinematiniams ir freestyle skryd\u017eiams.<\/p>\n<p><img loading=\"lazy\" decoding=\"async\" class=\"alignnone size-full wp-image-18994\" src=\"https:\/\/1dronas.lt\/wp-content\/uploads\/2026\/04\/O4_Pro_quick_installation.webp\" alt=\"\" width=\"800\" height=\"450\" srcset=\"https:\/\/1dronas.lt\/wp-content\/uploads\/2026\/04\/O4_Pro_quick_installation.webp 800w, https:\/\/1dronas.lt\/wp-content\/uploads\/2026\/04\/O4_Pro_quick_installation-300x169.webp 300w, https:\/\/1dronas.lt\/wp-content\/uploads\/2026\/04\/O4_Pro_quick_installation-768x432.webp 768w, https:\/\/1dronas.lt\/wp-content\/uploads\/2026\/04\/O4_Pro_quick_installation-18x10.webp 18w, https:\/\/1dronas.lt\/wp-content\/uploads\/2026\/04\/O4_Pro_quick_installation-510x287.webp 510w\" sizes=\"auto, (max-width: 800px) 100vw, 800px\" \/><\/p>\n<p><strong>O4 Air Unit Pro laikiklis:<\/strong><\/p>\n<p>Atnaujintas laikiklis turi dvigubas tvirtinimo vietas, leid\u017eian\u010dias reguliuoti kameros kamp\u0105 nuo 0 iki 40\u00b0. 30\u00b0 kampu montuojamos antenos pagerina signalo stiprum\u0105, o aptakus dizainas leid\u017eia patogiai naudoti ND filtrus. Konstrukcija u\u017etikrina stabilum\u0105 ir skland\u0173 HD vaizd\u0105 net intensyvi\u0173 skryd\u017ei\u0173 metu.<\/p>\n<p><img loading=\"lazy\" decoding=\"async\" class=\"alignnone size-full wp-image-18995\" src=\"https:\/\/1dronas.lt\/wp-content\/uploads\/2026\/04\/O3_Air_Unit_Bracket_features.webp\" alt=\"\" width=\"1600\" height=\"900\" srcset=\"https:\/\/1dronas.lt\/wp-content\/uploads\/2026\/04\/O3_Air_Unit_Bracket_features.webp 1600w, https:\/\/1dronas.lt\/wp-content\/uploads\/2026\/04\/O3_Air_Unit_Bracket_features-300x169.webp 300w, https:\/\/1dronas.lt\/wp-content\/uploads\/2026\/04\/O3_Air_Unit_Bracket_features-1024x576.webp 1024w, https:\/\/1dronas.lt\/wp-content\/uploads\/2026\/04\/O3_Air_Unit_Bracket_features-768x432.webp 768w, https:\/\/1dronas.lt\/wp-content\/uploads\/2026\/04\/O3_Air_Unit_Bracket_features-1536x864.webp 1536w, https:\/\/1dronas.lt\/wp-content\/uploads\/2026\/04\/O3_Air_Unit_Bracket_features-18x10.webp 18w, https:\/\/1dronas.lt\/wp-content\/uploads\/2026\/04\/O3_Air_Unit_Bracket_features-510x287.webp 510w\" sizes=\"auto, (max-width: 1600px) 100vw, 1600px\" \/><\/p>\n<p><strong>Package:<\/strong><\/p>\n<p>1x O4 Air Unit Pro holder;<br \/>\n6x guminiai amortizatoriai;<br \/>\n6x M2x10 var\u017etai;<br \/>\n6x M2x4 var\u017etai.<\/p>\n<p><img loading=\"lazy\" decoding=\"async\" class=\"alignnone wp-image-18992\" src=\"https:\/\/1dronas.lt\/wp-content\/uploads\/2026\/04\/O4_Pro_Bracket_package_480x480.webp\" alt=\"\" width=\"393\" height=\"393\" srcset=\"https:\/\/1dronas.lt\/wp-content\/uploads\/2026\/04\/O4_Pro_Bracket_package_480x480.webp 480w, https:\/\/1dronas.lt\/wp-content\/uploads\/2026\/04\/O4_Pro_Bracket_package_480x480-300x300.webp 300w, https:\/\/1dronas.lt\/wp-content\/uploads\/2026\/04\/O4_Pro_Bracket_package_480x480-150x150.webp 150w, https:\/\/1dronas.lt\/wp-content\/uploads\/2026\/04\/O4_Pro_Bracket_package_480x480-12x12.webp 12w, https:\/\/1dronas.lt\/wp-content\/uploads\/2026\/04\/O4_Pro_Bracket_package_480x480-247x247.webp 247w, https:\/\/1dronas.lt\/wp-content\/uploads\/2026\/04\/O4_Pro_Bracket_package_480x480-100x100.webp 100w\" sizes=\"auto, (max-width: 393px) 100vw, 393px\" \/><\/p>","protected":false},"excerpt":{"rendered":"<p><span style=\"color: #333333;\">O4 Air Unit Pro laikiklio komplektas su pagrindiniais tvirtinimo elementais ir amortizatoriais, u\u017etikrinantis stabil\u0173 montavim\u0105 bei suma\u017eintas vibracijas skland\u017eiam vaizdui.<\/span><\/p>\n<p><span style=\"color: #333333;\"><strong><img loading=\"lazy\" decoding=\"async\" class=\"alignnone wp-image-1806\" src=\"https:\/\/1dronas.lt\/wp-content\/uploads\/2021\/05\/delivery-icon.png.webp\" alt=\"\" width=\"24\" height=\"24\" srcset=\"https:\/\/1dronas.lt\/wp-content\/uploads\/2021\/05\/delivery-icon.png 35w, https:\/\/1dronas.lt\/wp-content\/uploads\/2021\/05\/delivery-icon-12x12.png 12w\" sizes=\"auto, (max-width: 24px) 100vw, 24px\" \/> \u00a01 \u2013 2 days<\/strong><\/span><\/p>","protected":false},"featured_media":18990,"comment_status":"open","ping_status":"closed","template":"","meta":[],"product_brand":[489],"product_cat":[149],"product_tag":[69,1302,103,525,1303,1300],"class_list":{"0":"post-18955","1":"product","2":"type-product","3":"status-publish","4":"has-post-thumbnail","6":"product_brand-betafpv","7":"product_cat-remai","8":"product_tag-betafpv","9":"product_tag-bracket","10":"product_tag-brushless","11":"product_tag-dji-04-air-unit-pro","12":"product_tag-o4-air-unit","13":"product_tag-povo20-pro","15":"first","16":"instock","17":"taxable","18":"shipping-taxable","19":"purchasable","20":"product-type-simple"},"yoast_head":"<!-- This site is optimized with the Yoast SEO plugin v27.5 - https:\/\/yoast.com\/product\/yoast-seo-wordpress\/ -->\n<title>BETAFPV Pavo20 Pro Brushless O4 Air Unit Pro Bracket - 1dronas.lt<\/title>\n<meta name=\"robots\" content=\"index, follow, max-snippet:-1, max-image-preview:large, max-video-preview:-1\" \/>\n<link rel=\"canonical\" href=\"https:\/\/1dronas.lt\/en\/produktas\/betafpv-pavo20-pro-brushless-o4-air-unit-pro-bracket\/\" \/>\n<meta property=\"og:locale\" content=\"en_US\" \/>\n<meta property=\"og:type\" content=\"article\" \/>\n<meta property=\"og:title\" content=\"BETAFPV Pavo20 Pro Brushless O4 Air Unit Pro Bracket - 1dronas.lt\" \/>\n<meta property=\"og:description\" content=\"O4 Air Unit Pro laikiklio komplektas su pagrindiniais tvirtinimo elementais ir amortizatoriais, u\u017etikrinantis stabil\u0173 montavim\u0105 bei suma\u017eintas vibracijas skland\u017eiam vaizdui.   \u00a01 \u2013 2 d. d.\" \/>\n<meta property=\"og:url\" content=\"https:\/\/1dronas.lt\/en\/produktas\/betafpv-pavo20-pro-brushless-o4-air-unit-pro-bracket\/\" \/>\n<meta property=\"og:site_name\" content=\"1dronas.lt\" \/>\n<meta property=\"article:publisher\" content=\"https:\/\/www.facebook.com\/1dronas\/\" \/>\n<meta property=\"article:modified_time\" content=\"2026-04-28T12:20:21+00:00\" \/>\n<meta property=\"og:image\" content=\"https:\/\/1dronas.lt\/wp-content\/uploads\/2026\/04\/7a373944987b92e5412ca30fd7121b7e_720x.webp\" \/>\n\t<meta property=\"og:image:width\" content=\"720\" \/>\n\t<meta property=\"og:image:height\" content=\"720\" \/>\n\t<meta property=\"og:image:type\" content=\"image\/webp\" \/>\n<meta name=\"twitter:card\" content=\"summary_large_image\" \/>\n<meta name=\"twitter:label1\" content=\"Est. reading time\" \/>\n\t<meta name=\"twitter:data1\" content=\"2 minutes\" \/>\n<script type=\"application\/ld+json\" class=\"yoast-schema-graph\">{\"@context\":\"https:\\\/\\\/schema.org\",\"@graph\":[{\"@type\":\"WebPage\",\"@id\":\"https:\\\/\\\/1dronas.lt\\\/en\\\/produktas\\\/betafpv-pavo20-pro-brushless-o4-air-unit-pro-bracket\\\/\",\"url\":\"https:\\\/\\\/1dronas.lt\\\/en\\\/produktas\\\/betafpv-pavo20-pro-brushless-o4-air-unit-pro-bracket\\\/\",\"name\":\"BETAFPV Pavo20 Pro Brushless O4 Air Unit Pro Bracket - 1dronas.lt\",\"isPartOf\":{\"@id\":\"https:\\\/\\\/1dronas.lt\\\/en\\\/#website\"},\"primaryImageOfPage\":{\"@id\":\"https:\\\/\\\/1dronas.lt\\\/en\\\/produktas\\\/betafpv-pavo20-pro-brushless-o4-air-unit-pro-bracket\\\/#primaryimage\"},\"image\":{\"@id\":\"https:\\\/\\\/1dronas.lt\\\/en\\\/produktas\\\/betafpv-pavo20-pro-brushless-o4-air-unit-pro-bracket\\\/#primaryimage\"},\"thumbnailUrl\":\"https:\\\/\\\/1dronas.lt\\\/wp-content\\\/uploads\\\/2026\\\/04\\\/7a373944987b92e5412ca30fd7121b7e_720x.webp\",\"datePublished\":\"2026-04-28T12:19:39+00:00\",\"dateModified\":\"2026-04-28T12:20:21+00:00\",\"breadcrumb\":{\"@id\":\"https:\\\/\\\/1dronas.lt\\\/en\\\/produktas\\\/betafpv-pavo20-pro-brushless-o4-air-unit-pro-bracket\\\/#breadcrumb\"},\"inLanguage\":\"en-US\",\"potentialAction\":[{\"@type\":\"ReadAction\",\"target\":[\"https:\\\/\\\/1dronas.lt\\\/en\\\/produktas\\\/betafpv-pavo20-pro-brushless-o4-air-unit-pro-bracket\\\/\"]}]},{\"@type\":\"ImageObject\",\"inLanguage\":\"en-US\",\"@id\":\"https:\\\/\\\/1dronas.lt\\\/en\\\/produktas\\\/betafpv-pavo20-pro-brushless-o4-air-unit-pro-bracket\\\/#primaryimage\",\"url\":\"https:\\\/\\\/1dronas.lt\\\/wp-content\\\/uploads\\\/2026\\\/04\\\/7a373944987b92e5412ca30fd7121b7e_720x.webp\",\"contentUrl\":\"https:\\\/\\\/1dronas.lt\\\/wp-content\\\/uploads\\\/2026\\\/04\\\/7a373944987b92e5412ca30fd7121b7e_720x.webp\",\"width\":720,\"height\":720},{\"@type\":\"BreadcrumbList\",\"@id\":\"https:\\\/\\\/1dronas.lt\\\/en\\\/produktas\\\/betafpv-pavo20-pro-brushless-o4-air-unit-pro-bracket\\\/#breadcrumb\",\"itemListElement\":[{\"@type\":\"ListItem\",\"position\":1,\"name\":\"Home\",\"item\":\"https:\\\/\\\/1dronas.lt\\\/\"},{\"@type\":\"ListItem\",\"position\":2,\"name\":\"Parduotuv\u0117\",\"item\":\"https:\\\/\\\/1dronas.lt\\\/parduotuve\\\/\"},{\"@type\":\"ListItem\",\"position\":3,\"name\":\"BETAFPV Pavo20 Pro Brushless O4 Air Unit Pro Bracket\"}]},{\"@type\":\"WebSite\",\"@id\":\"https:\\\/\\\/1dronas.lt\\\/en\\\/#website\",\"url\":\"https:\\\/\\\/1dronas.lt\\\/en\\\/\",\"name\":\"1dronas.lt\",\"description\":\"Internetin\u0117 parduotuv\u0117\",\"publisher\":{\"@id\":\"https:\\\/\\\/1dronas.lt\\\/en\\\/#organization\"},\"potentialAction\":[{\"@type\":\"SearchAction\",\"target\":{\"@type\":\"EntryPoint\",\"urlTemplate\":\"https:\\\/\\\/1dronas.lt\\\/en\\\/?s={search_term_string}\"},\"query-input\":{\"@type\":\"PropertyValueSpecification\",\"valueRequired\":true,\"valueName\":\"search_term_string\"}}],\"inLanguage\":\"en-US\"},{\"@type\":\"Organization\",\"@id\":\"https:\\\/\\\/1dronas.lt\\\/en\\\/#organization\",\"name\":\"1dronas.lt\",\"url\":\"https:\\\/\\\/1dronas.lt\\\/en\\\/\",\"logo\":{\"@type\":\"ImageObject\",\"inLanguage\":\"en-US\",\"@id\":\"https:\\\/\\\/1dronas.lt\\\/en\\\/#\\\/schema\\\/logo\\\/image\\\/\",\"url\":\"https:\\\/\\\/1dronas.lt\\\/wp-content\\\/uploads\\\/2020\\\/12\\\/Ekrano_kopija__2_-removebg-preview-1-1.png\",\"contentUrl\":\"https:\\\/\\\/1dronas.lt\\\/wp-content\\\/uploads\\\/2020\\\/12\\\/Ekrano_kopija__2_-removebg-preview-1-1.png\",\"width\":234,\"height\":81,\"caption\":\"1dronas.lt\"},\"image\":{\"@id\":\"https:\\\/\\\/1dronas.lt\\\/en\\\/#\\\/schema\\\/logo\\\/image\\\/\"},\"sameAs\":[\"https:\\\/\\\/www.facebook.com\\\/1dronas\\\/\"]}]}<\/script>\n<!-- \/ Yoast SEO plugin. -->","yoast_head_json":{"title":"BETAFPV Pavo20 Pro Brushless O4 Air Unit Pro Bracket - 1dronas.lt","robots":{"index":"index","follow":"follow","max-snippet":"max-snippet:-1","max-image-preview":"max-image-preview:large","max-video-preview":"max-video-preview:-1"},"canonical":"https:\/\/1dronas.lt\/en\/produktas\/betafpv-pavo20-pro-brushless-o4-air-unit-pro-bracket\/","og_locale":"en_US","og_type":"article","og_title":"BETAFPV Pavo20 Pro Brushless O4 Air Unit Pro Bracket - 1dronas.lt","og_description":"O4 Air Unit Pro laikiklio komplektas su pagrindiniais tvirtinimo elementais ir amortizatoriais, u\u017etikrinantis stabil\u0173 montavim\u0105 bei suma\u017eintas vibracijas skland\u017eiam vaizdui.   \u00a01 \u2013 2 d. d.","og_url":"https:\/\/1dronas.lt\/en\/produktas\/betafpv-pavo20-pro-brushless-o4-air-unit-pro-bracket\/","og_site_name":"1dronas.lt","article_publisher":"https:\/\/www.facebook.com\/1dronas\/","article_modified_time":"2026-04-28T12:20:21+00:00","og_image":[{"width":720,"height":720,"url":"https:\/\/1dronas.lt\/wp-content\/uploads\/2026\/04\/7a373944987b92e5412ca30fd7121b7e_720x.webp","type":"image\/webp"}],"twitter_card":"summary_large_image","twitter_misc":{"Est. reading time":"2 minutes"},"schema":{"@context":"https:\/\/schema.org","@graph":[{"@type":"WebPage","@id":"https:\/\/1dronas.lt\/en\/produktas\/betafpv-pavo20-pro-brushless-o4-air-unit-pro-bracket\/","url":"https:\/\/1dronas.lt\/en\/produktas\/betafpv-pavo20-pro-brushless-o4-air-unit-pro-bracket\/","name":"BETAFPV Pavo20 Pro Brushless O4 Air Unit Pro Bracket - 1dronas.lt","isPartOf":{"@id":"https:\/\/1dronas.lt\/en\/#website"},"primaryImageOfPage":{"@id":"https:\/\/1dronas.lt\/en\/produktas\/betafpv-pavo20-pro-brushless-o4-air-unit-pro-bracket\/#primaryimage"},"image":{"@id":"https:\/\/1dronas.lt\/en\/produktas\/betafpv-pavo20-pro-brushless-o4-air-unit-pro-bracket\/#primaryimage"},"thumbnailUrl":"https:\/\/1dronas.lt\/wp-content\/uploads\/2026\/04\/7a373944987b92e5412ca30fd7121b7e_720x.webp","datePublished":"2026-04-28T12:19:39+00:00","dateModified":"2026-04-28T12:20:21+00:00","breadcrumb":{"@id":"https:\/\/1dronas.lt\/en\/produktas\/betafpv-pavo20-pro-brushless-o4-air-unit-pro-bracket\/#breadcrumb"},"inLanguage":"en-US","potentialAction":[{"@type":"ReadAction","target":["https:\/\/1dronas.lt\/en\/produktas\/betafpv-pavo20-pro-brushless-o4-air-unit-pro-bracket\/"]}]},{"@type":"ImageObject","inLanguage":"en-US","@id":"https:\/\/1dronas.lt\/en\/produktas\/betafpv-pavo20-pro-brushless-o4-air-unit-pro-bracket\/#primaryimage","url":"https:\/\/1dronas.lt\/wp-content\/uploads\/2026\/04\/7a373944987b92e5412ca30fd7121b7e_720x.webp","contentUrl":"https:\/\/1dronas.lt\/wp-content\/uploads\/2026\/04\/7a373944987b92e5412ca30fd7121b7e_720x.webp","width":720,"height":720},{"@type":"BreadcrumbList","@id":"https:\/\/1dronas.lt\/en\/produktas\/betafpv-pavo20-pro-brushless-o4-air-unit-pro-bracket\/#breadcrumb","itemListElement":[{"@type":"ListItem","position":1,"name":"Home","item":"https:\/\/1dronas.lt\/"},{"@type":"ListItem","position":2,"name":"Parduotuv\u0117","item":"https:\/\/1dronas.lt\/parduotuve\/"},{"@type":"ListItem","position":3,"name":"BETAFPV Pavo20 Pro Brushless O4 Air Unit Pro Bracket"}]},{"@type":"WebSite","@id":"https:\/\/1dronas.lt\/en\/#website","url":"https:\/\/1dronas.lt\/en\/","name":"1dronas.lt","description":"Online store","publisher":{"@id":"https:\/\/1dronas.lt\/en\/#organization"},"potentialAction":[{"@type":"SearchAction","target":{"@type":"EntryPoint","urlTemplate":"https:\/\/1dronas.lt\/en\/?s={search_term_string}"},"query-input":{"@type":"PropertyValueSpecification","valueRequired":true,"valueName":"search_term_string"}}],"inLanguage":"en-US"},{"@type":"Organization","@id":"https:\/\/1dronas.lt\/en\/#organization","name":"1dronas.lt","url":"https:\/\/1dronas.lt\/en\/","logo":{"@type":"ImageObject","inLanguage":"en-US","@id":"https:\/\/1dronas.lt\/en\/#\/schema\/logo\/image\/","url":"https:\/\/1dronas.lt\/wp-content\/uploads\/2020\/12\/Ekrano_kopija__2_-removebg-preview-1-1.png","contentUrl":"https:\/\/1dronas.lt\/wp-content\/uploads\/2020\/12\/Ekrano_kopija__2_-removebg-preview-1-1.png","width":234,"height":81,"caption":"1dronas.lt"},"image":{"@id":"https:\/\/1dronas.lt\/en\/#\/schema\/logo\/image\/"},"sameAs":["https:\/\/www.facebook.com\/1dronas\/"]}]}},"jetpack_sharing_enabled":true,"_links":{"self":[{"href":"https:\/\/1dronas.lt\/en\/wp-json\/wp\/v2\/product\/18955","targetHints":{"allow":["GET"]}}],"collection":[{"href":"https:\/\/1dronas.lt\/en\/wp-json\/wp\/v2\/product"}],"about":[{"href":"https:\/\/1dronas.lt\/en\/wp-json\/wp\/v2\/types\/product"}],"replies":[{"embeddable":true,"href":"https:\/\/1dronas.lt\/en\/wp-json\/wp\/v2\/comments?post=18955"}],"wp:featuredmedia":[{"embeddable":true,"href":"https:\/\/1dronas.lt\/en\/wp-json\/wp\/v2\/media\/18990"}],"wp:attachment":[{"href":"https:\/\/1dronas.lt\/en\/wp-json\/wp\/v2\/media?parent=18955"}],"wp:term":[{"taxonomy":"product_brand","embeddable":true,"href":"https:\/\/1dronas.lt\/en\/wp-json\/wp\/v2\/product_brand?post=18955"},{"taxonomy":"product_cat","embeddable":true,"href":"https:\/\/1dronas.lt\/en\/wp-json\/wp\/v2\/product_cat?post=18955"},{"taxonomy":"product_tag","embeddable":true,"href":"https:\/\/1dronas.lt\/en\/wp-json\/wp\/v2\/product_tag?post=18955"}],"curies":[{"name":"wp","href":"https:\/\/api.w.org\/{rel}","templated":true}]}}