{"id":18930,"date":"2026-04-25T12:44:19","date_gmt":"2026-04-25T09:44:19","guid":{"rendered":"https:\/\/1dronas.lt\/?post_type=product&#038;p=18930"},"modified":"2026-04-25T12:44:19","modified_gmt":"2026-04-25T09:44:19","slug":"flywoo-xt30up-female-pigtail-18awg","status":"publish","type":"product","link":"https:\/\/1dronas.lt\/en\/produktas\/flywoo-xt30up-female-pigtail-18awg\/","title":{"rendered":"Flywoo XT30UP Female Pigtail 18awg"},"content":{"rendered":"<p>The new Flywoo XT30 Pigtail connector cable effectively solves the problem of plug breakage. Available in six colors.<\/p>\n<p><img loading=\"lazy\" decoding=\"async\" class=\"alignnone wp-image-16421 size-full\" src=\"https:\/\/1dronas.lt\/wp-content\/uploads\/2026\/02\/XT30UP-EN-3.jpg\" alt=\"\" width=\"1600\" height=\"2115\" srcset=\"https:\/\/1dronas.lt\/wp-content\/uploads\/2026\/02\/XT30UP-EN-3.jpg 1600w, https:\/\/1dronas.lt\/wp-content\/uploads\/2026\/02\/XT30UP-EN-3-227x300.jpg 227w, https:\/\/1dronas.lt\/wp-content\/uploads\/2026\/02\/XT30UP-EN-3-775x1024.jpg 775w, https:\/\/1dronas.lt\/wp-content\/uploads\/2026\/02\/XT30UP-EN-3-768x1015.jpg 768w, https:\/\/1dronas.lt\/wp-content\/uploads\/2026\/02\/XT30UP-EN-3-1162x1536.jpg 1162w, https:\/\/1dronas.lt\/wp-content\/uploads\/2026\/02\/XT30UP-EN-3-1549x2048.jpg 1549w, https:\/\/1dronas.lt\/wp-content\/uploads\/2026\/02\/XT30UP-EN-3-9x12.jpg 9w, https:\/\/1dronas.lt\/wp-content\/uploads\/2026\/02\/XT30UP-EN-3-510x674.jpg 510w\" sizes=\"auto, (max-width: 1600px) 100vw, 1600px\" \/><\/p>\n<p><strong>Features:<\/strong><\/p>\n<p data-start=\"109\" data-end=\"155\"><span style=\"font-size: 100%;\">\u2022 High quality XT30 pigtail connector cable;<\/span><br \/>\n<span style=\"font-size: 100%;\">\u2022 Original Amass XT30 compatible housing;<\/span><br \/>\n<span style=\"font-size: 100%;\">\u2022 Made of PA66 nylon (connector body);<\/span><br \/>\n<span style=\"font-size: 100%;\">\u2022 The cable is covered with high temperature resistant silicone;<\/span><br \/>\n<span style=\"font-size: 100%;\">\u2022 UL94-V0 flame resistance class;<br \/>\n\u2022 Protects against cable disconnection and breakage;<\/span><br \/>\n<span style=\"font-size: 100%;\">\u2022 Available in 6 colors.<\/span><\/p>\n<p data-start=\"109\" data-end=\"155\"><strong>Specification:<\/strong><\/p>\n<p data-start=\"109\" data-end=\"155\"><span style=\"font-size: 14.4px;\">\u2022 <\/span>Product model: XT30UP;<br data-start=\"75\" data-end=\"78\" \/><span style=\"font-size: 14.4px;\">\u2022 <\/span>Rated current: 15 A (RC), maximum short-time current \u2013 30 A (MC);<br data-start=\"148\" data-end=\"151\" \/><span style=\"font-size: 14.4px;\">\u2022 <\/span>Contact resistance (CR): 0.7 m\u03a9;<br data-start=\"184\" data-end=\"187\" \/><span style=\"font-size: 14.4px;\">\u2022 <\/span>Voltage resistance: 500 V DC;<br data-start=\"220\" data-end=\"223\" \/><span style=\"font-size: 14.4px;\">\u2022 <\/span>Operating temperature: from -20 \u00b0C to 120 \u00b0C;<br data-start=\"269\" data-end=\"272\" \/><span style=\"font-size: 14.4px;\">\u2022 <\/span>Flame resistance class: UL94-V0;<br data-start=\"309\" data-end=\"312\" \/><span style=\"font-size: 14.4px;\">\u2022 <\/span>Colors: black \/ white \/ red \/ pink \/ blue \/ yellow;<br data-start=\"376\" data-end=\"379\" \/><span style=\"font-size: 14.4px;\">\u2022 <\/span>Insulating material: PA (polyamide);<br data-start=\"419\" data-end=\"422\" \/><span style=\"font-size: 14.4px;\">\u2022 <\/span>Recommended number of use cycles: 1000 times.<\/p>\n<p data-start=\"109\" data-end=\"155\"><strong>Measurements:<\/strong><\/p>\n<p data-start=\"109\" data-end=\"155\"><img loading=\"lazy\" decoding=\"async\" class=\"alignnone wp-image-16413\" src=\"https:\/\/1dronas.lt\/wp-content\/uploads\/2026\/02\/XT30-2-2-1024x1024.jpg\" alt=\"\" width=\"620\" height=\"620\" \/><\/p>\n<p>The new protective housing and XT30 connector are made of PA66 nylon. This material has high temperature resistance - it can withstand heat up to 120 \u00b0C and cold down to -20 \u00b0C. In addition, the housing has a UL94-V0 flame retardant certificate, ensuring safe and reliable use.<\/p>\n<p><img loading=\"lazy\" decoding=\"async\" class=\"alignnone wp-image-16420 size-full\" src=\"https:\/\/1dronas.lt\/wp-content\/uploads\/2026\/02\/XT30UP-EN-2.jpg\" alt=\"\" width=\"1600\" height=\"2171\" srcset=\"https:\/\/1dronas.lt\/wp-content\/uploads\/2026\/02\/XT30UP-EN-2.jpg 1600w, https:\/\/1dronas.lt\/wp-content\/uploads\/2026\/02\/XT30UP-EN-2-221x300.jpg 221w, https:\/\/1dronas.lt\/wp-content\/uploads\/2026\/02\/XT30UP-EN-2-755x1024.jpg 755w, https:\/\/1dronas.lt\/wp-content\/uploads\/2026\/02\/XT30UP-EN-2-768x1042.jpg 768w, https:\/\/1dronas.lt\/wp-content\/uploads\/2026\/02\/XT30UP-EN-2-1132x1536.jpg 1132w, https:\/\/1dronas.lt\/wp-content\/uploads\/2026\/02\/XT30UP-EN-2-1509x2048.jpg 1509w, https:\/\/1dronas.lt\/wp-content\/uploads\/2026\/02\/XT30UP-EN-2-9x12.jpg 9w, https:\/\/1dronas.lt\/wp-content\/uploads\/2026\/02\/XT30UP-EN-2-510x692.jpg 510w\" sizes=\"auto, (max-width: 1600px) 100vw, 1600px\" \/><\/p>\n<p>Made of high-quality silicone, this cable has excellent heat resistance and operates stably over an extremely wide temperature range - from -60 \u00b0C to 200 \u00b0C.<\/p>\n<p><img loading=\"lazy\" decoding=\"async\" class=\"alignnone wp-image-16419 size-full\" src=\"https:\/\/1dronas.lt\/wp-content\/uploads\/2026\/02\/XT30UP-EN-1.jpg\" alt=\"\" width=\"1600\" height=\"2060\" srcset=\"https:\/\/1dronas.lt\/wp-content\/uploads\/2026\/02\/XT30UP-EN-1.jpg 1600w, https:\/\/1dronas.lt\/wp-content\/uploads\/2026\/02\/XT30UP-EN-1-233x300.jpg 233w, https:\/\/1dronas.lt\/wp-content\/uploads\/2026\/02\/XT30UP-EN-1-795x1024.jpg 795w, https:\/\/1dronas.lt\/wp-content\/uploads\/2026\/02\/XT30UP-EN-1-768x989.jpg 768w, https:\/\/1dronas.lt\/wp-content\/uploads\/2026\/02\/XT30UP-EN-1-1193x1536.jpg 1193w, https:\/\/1dronas.lt\/wp-content\/uploads\/2026\/02\/XT30UP-EN-1-1591x2048.jpg 1591w, https:\/\/1dronas.lt\/wp-content\/uploads\/2026\/02\/XT30UP-EN-1-9x12.jpg 9w, https:\/\/1dronas.lt\/wp-content\/uploads\/2026\/02\/XT30UP-EN-1-510x657.jpg 510w\" sizes=\"auto, (max-width: 1600px) 100vw, 1600px\" \/><\/p>\n<p><strong>Package:<\/strong><\/p>\n<p>2x Flywoo XT30UP Female Pigtail 18awg.<\/p>","protected":false},"excerpt":{"rendered":"<p><span style=\"color: #333333;\">The new Flywoo XT30 Pigtail connector cable solves the problem of plug breakage. Available in six colors.\u00a0<\/span><\/p>\n<p><span style=\"color: #333333;\"><strong><img loading=\"lazy\" decoding=\"async\" class=\"alignnone wp-image-1806\" src=\"https:\/\/1dronas.lt\/wp-content\/uploads\/2021\/05\/delivery-icon.png\" alt=\"\" width=\"24\" height=\"24\" srcset=\"https:\/\/1dronas.lt\/wp-content\/uploads\/2021\/05\/delivery-icon.png 35w, https:\/\/1dronas.lt\/wp-content\/uploads\/2021\/05\/delivery-icon-12x12.png 12w\" sizes=\"auto, (max-width: 24px) 100vw, 24px\" \/>\u00a0\u00a0\u00a0<span style=\"font-size: 90%;\">1 \u2013 2 days<\/span><\/strong><\/span><\/p>","protected":false},"featured_media":18936,"comment_status":"open","ping_status":"closed","template":"","meta":[],"product_brand":[1152],"product_cat":[676],"product_tag":[832,90,432,1176],"class_list":{"0":"post-18930","1":"product","2":"type-product","3":"status-publish","4":"has-post-thumbnail","6":"product_brand-flywoo","7":"product_cat-laidai-jungtys","8":"product_tag-18-awg","9":"product_tag-flywoo","10":"product_tag-pigtail-cable","11":"product_tag-xt30-moteriska-jungtis","13":"first","14":"instock","15":"taxable","16":"shipping-taxable","17":"purchasable","18":"product-type-variable","19":"has-default-attributes"},"yoast_head":"<!-- This site is optimized with the Yoast SEO plugin v27.4 - https:\/\/yoast.com\/product\/yoast-seo-wordpress\/ -->\n<title>Flywoo XT30UP Female Pigtail 18awg - 1dronas.lt<\/title>\n<meta name=\"robots\" content=\"index, follow, max-snippet:-1, max-image-preview:large, max-video-preview:-1\" \/>\n<link rel=\"canonical\" href=\"https:\/\/1dronas.lt\/en\/produktas\/flywoo-xt30up-female-pigtail-18awg\/\" \/>\n<meta property=\"og:locale\" content=\"en_US\" \/>\n<meta property=\"og:type\" content=\"article\" \/>\n<meta property=\"og:title\" content=\"Flywoo XT30UP Female Pigtail 18awg - 1dronas.lt\" \/>\n<meta property=\"og:description\" content=\"Naujasis Flywoo XT30 Pigtail jungties laidas i\u0161sprend\u017eia ki\u0161tuko l\u016b\u017eimo problem\u0105. Galima rinktis i\u0161 \u0161e\u0161i\u0173 spalv\u0173.\u00a0  \u00a0\u00a0\u00a01 \u2013 2 d. d.\" \/>\n<meta property=\"og:url\" content=\"https:\/\/1dronas.lt\/en\/produktas\/flywoo-xt30up-female-pigtail-18awg\/\" \/>\n<meta property=\"og:site_name\" content=\"1dronas.lt\" \/>\n<meta property=\"article:publisher\" content=\"https:\/\/www.facebook.com\/1dronas\/\" \/>\n<meta property=\"og:image\" content=\"https:\/\/1dronas.lt\/wp-content\/uploads\/2026\/04\/P-F.jpg\" \/>\n\t<meta property=\"og:image:width\" content=\"1512\" \/>\n\t<meta property=\"og:image:height\" content=\"1512\" \/>\n\t<meta property=\"og:image:type\" content=\"image\/jpeg\" \/>\n<meta name=\"twitter:card\" content=\"summary_large_image\" \/>\n<meta name=\"twitter:label1\" content=\"Est. reading time\" \/>\n\t<meta name=\"twitter:data1\" content=\"3 minutes\" \/>\n<script type=\"application\/ld+json\" class=\"yoast-schema-graph\">{\"@context\":\"https:\\\/\\\/schema.org\",\"@graph\":[{\"@type\":\"WebPage\",\"@id\":\"https:\\\/\\\/1dronas.lt\\\/en\\\/produktas\\\/flywoo-xt30up-female-pigtail-18awg\\\/\",\"url\":\"https:\\\/\\\/1dronas.lt\\\/en\\\/produktas\\\/flywoo-xt30up-female-pigtail-18awg\\\/\",\"name\":\"Flywoo XT30UP Female Pigtail 18awg - 1dronas.lt\",\"isPartOf\":{\"@id\":\"https:\\\/\\\/1dronas.lt\\\/en\\\/#website\"},\"primaryImageOfPage\":{\"@id\":\"https:\\\/\\\/1dronas.lt\\\/en\\\/produktas\\\/flywoo-xt30up-female-pigtail-18awg\\\/#primaryimage\"},\"image\":{\"@id\":\"https:\\\/\\\/1dronas.lt\\\/en\\\/produktas\\\/flywoo-xt30up-female-pigtail-18awg\\\/#primaryimage\"},\"thumbnailUrl\":\"https:\\\/\\\/1dronas.lt\\\/wp-content\\\/uploads\\\/2026\\\/04\\\/P-F.jpg\",\"datePublished\":\"2026-04-25T09:44:19+00:00\",\"breadcrumb\":{\"@id\":\"https:\\\/\\\/1dronas.lt\\\/en\\\/produktas\\\/flywoo-xt30up-female-pigtail-18awg\\\/#breadcrumb\"},\"inLanguage\":\"en-US\",\"potentialAction\":[{\"@type\":\"ReadAction\",\"target\":[\"https:\\\/\\\/1dronas.lt\\\/en\\\/produktas\\\/flywoo-xt30up-female-pigtail-18awg\\\/\"]}]},{\"@type\":\"ImageObject\",\"inLanguage\":\"en-US\",\"@id\":\"https:\\\/\\\/1dronas.lt\\\/en\\\/produktas\\\/flywoo-xt30up-female-pigtail-18awg\\\/#primaryimage\",\"url\":\"https:\\\/\\\/1dronas.lt\\\/wp-content\\\/uploads\\\/2026\\\/04\\\/P-F.jpg\",\"contentUrl\":\"https:\\\/\\\/1dronas.lt\\\/wp-content\\\/uploads\\\/2026\\\/04\\\/P-F.jpg\",\"width\":1512,\"height\":1512},{\"@type\":\"BreadcrumbList\",\"@id\":\"https:\\\/\\\/1dronas.lt\\\/en\\\/produktas\\\/flywoo-xt30up-female-pigtail-18awg\\\/#breadcrumb\",\"itemListElement\":[{\"@type\":\"ListItem\",\"position\":1,\"name\":\"Home\",\"item\":\"https:\\\/\\\/1dronas.lt\\\/\"},{\"@type\":\"ListItem\",\"position\":2,\"name\":\"Parduotuv\u0117\",\"item\":\"https:\\\/\\\/1dronas.lt\\\/parduotuve\\\/\"},{\"@type\":\"ListItem\",\"position\":3,\"name\":\"Flywoo XT30UP Female Pigtail 18awg\"}]},{\"@type\":\"WebSite\",\"@id\":\"https:\\\/\\\/1dronas.lt\\\/en\\\/#website\",\"url\":\"https:\\\/\\\/1dronas.lt\\\/en\\\/\",\"name\":\"1dronas.lt\",\"description\":\"Internetin\u0117 parduotuv\u0117\",\"publisher\":{\"@id\":\"https:\\\/\\\/1dronas.lt\\\/en\\\/#organization\"},\"potentialAction\":[{\"@type\":\"SearchAction\",\"target\":{\"@type\":\"EntryPoint\",\"urlTemplate\":\"https:\\\/\\\/1dronas.lt\\\/en\\\/?s={search_term_string}\"},\"query-input\":{\"@type\":\"PropertyValueSpecification\",\"valueRequired\":true,\"valueName\":\"search_term_string\"}}],\"inLanguage\":\"en-US\"},{\"@type\":\"Organization\",\"@id\":\"https:\\\/\\\/1dronas.lt\\\/en\\\/#organization\",\"name\":\"1dronas.lt\",\"url\":\"https:\\\/\\\/1dronas.lt\\\/en\\\/\",\"logo\":{\"@type\":\"ImageObject\",\"inLanguage\":\"en-US\",\"@id\":\"https:\\\/\\\/1dronas.lt\\\/en\\\/#\\\/schema\\\/logo\\\/image\\\/\",\"url\":\"https:\\\/\\\/1dronas.lt\\\/wp-content\\\/uploads\\\/2020\\\/12\\\/Ekrano_kopija__2_-removebg-preview-1-1.png\",\"contentUrl\":\"https:\\\/\\\/1dronas.lt\\\/wp-content\\\/uploads\\\/2020\\\/12\\\/Ekrano_kopija__2_-removebg-preview-1-1.png\",\"width\":234,\"height\":81,\"caption\":\"1dronas.lt\"},\"image\":{\"@id\":\"https:\\\/\\\/1dronas.lt\\\/en\\\/#\\\/schema\\\/logo\\\/image\\\/\"},\"sameAs\":[\"https:\\\/\\\/www.facebook.com\\\/1dronas\\\/\"]}]}<\/script>\n<!-- \/ Yoast SEO plugin. -->","yoast_head_json":{"title":"Flywoo XT30UP Female Pigtail 18awg - 1dronas.lt","robots":{"index":"index","follow":"follow","max-snippet":"max-snippet:-1","max-image-preview":"max-image-preview:large","max-video-preview":"max-video-preview:-1"},"canonical":"https:\/\/1dronas.lt\/en\/produktas\/flywoo-xt30up-female-pigtail-18awg\/","og_locale":"en_US","og_type":"article","og_title":"Flywoo XT30UP Female Pigtail 18awg - 1dronas.lt","og_description":"Naujasis Flywoo XT30 Pigtail jungties laidas i\u0161sprend\u017eia ki\u0161tuko l\u016b\u017eimo problem\u0105. Galima rinktis i\u0161 \u0161e\u0161i\u0173 spalv\u0173.\u00a0  \u00a0\u00a0\u00a01 \u2013 2 d. d.","og_url":"https:\/\/1dronas.lt\/en\/produktas\/flywoo-xt30up-female-pigtail-18awg\/","og_site_name":"1dronas.lt","article_publisher":"https:\/\/www.facebook.com\/1dronas\/","og_image":[{"width":1512,"height":1512,"url":"https:\/\/1dronas.lt\/wp-content\/uploads\/2026\/04\/P-F.jpg","type":"image\/jpeg"}],"twitter_card":"summary_large_image","twitter_misc":{"Est. reading time":"3 minutes"},"schema":{"@context":"https:\/\/schema.org","@graph":[{"@type":"WebPage","@id":"https:\/\/1dronas.lt\/en\/produktas\/flywoo-xt30up-female-pigtail-18awg\/","url":"https:\/\/1dronas.lt\/en\/produktas\/flywoo-xt30up-female-pigtail-18awg\/","name":"Flywoo XT30UP Female Pigtail 18awg - 1dronas.lt","isPartOf":{"@id":"https:\/\/1dronas.lt\/en\/#website"},"primaryImageOfPage":{"@id":"https:\/\/1dronas.lt\/en\/produktas\/flywoo-xt30up-female-pigtail-18awg\/#primaryimage"},"image":{"@id":"https:\/\/1dronas.lt\/en\/produktas\/flywoo-xt30up-female-pigtail-18awg\/#primaryimage"},"thumbnailUrl":"https:\/\/1dronas.lt\/wp-content\/uploads\/2026\/04\/P-F.jpg","datePublished":"2026-04-25T09:44:19+00:00","breadcrumb":{"@id":"https:\/\/1dronas.lt\/en\/produktas\/flywoo-xt30up-female-pigtail-18awg\/#breadcrumb"},"inLanguage":"en-US","potentialAction":[{"@type":"ReadAction","target":["https:\/\/1dronas.lt\/en\/produktas\/flywoo-xt30up-female-pigtail-18awg\/"]}]},{"@type":"ImageObject","inLanguage":"en-US","@id":"https:\/\/1dronas.lt\/en\/produktas\/flywoo-xt30up-female-pigtail-18awg\/#primaryimage","url":"https:\/\/1dronas.lt\/wp-content\/uploads\/2026\/04\/P-F.jpg","contentUrl":"https:\/\/1dronas.lt\/wp-content\/uploads\/2026\/04\/P-F.jpg","width":1512,"height":1512},{"@type":"BreadcrumbList","@id":"https:\/\/1dronas.lt\/en\/produktas\/flywoo-xt30up-female-pigtail-18awg\/#breadcrumb","itemListElement":[{"@type":"ListItem","position":1,"name":"Home","item":"https:\/\/1dronas.lt\/"},{"@type":"ListItem","position":2,"name":"Parduotuv\u0117","item":"https:\/\/1dronas.lt\/parduotuve\/"},{"@type":"ListItem","position":3,"name":"Flywoo XT30UP Female Pigtail 18awg"}]},{"@type":"WebSite","@id":"https:\/\/1dronas.lt\/en\/#website","url":"https:\/\/1dronas.lt\/en\/","name":"1dronas.lt","description":"Online store","publisher":{"@id":"https:\/\/1dronas.lt\/en\/#organization"},"potentialAction":[{"@type":"SearchAction","target":{"@type":"EntryPoint","urlTemplate":"https:\/\/1dronas.lt\/en\/?s={search_term_string}"},"query-input":{"@type":"PropertyValueSpecification","valueRequired":true,"valueName":"search_term_string"}}],"inLanguage":"en-US"},{"@type":"Organization","@id":"https:\/\/1dronas.lt\/en\/#organization","name":"1dronas.lt","url":"https:\/\/1dronas.lt\/en\/","logo":{"@type":"ImageObject","inLanguage":"en-US","@id":"https:\/\/1dronas.lt\/en\/#\/schema\/logo\/image\/","url":"https:\/\/1dronas.lt\/wp-content\/uploads\/2020\/12\/Ekrano_kopija__2_-removebg-preview-1-1.png","contentUrl":"https:\/\/1dronas.lt\/wp-content\/uploads\/2020\/12\/Ekrano_kopija__2_-removebg-preview-1-1.png","width":234,"height":81,"caption":"1dronas.lt"},"image":{"@id":"https:\/\/1dronas.lt\/en\/#\/schema\/logo\/image\/"},"sameAs":["https:\/\/www.facebook.com\/1dronas\/"]}]}},"jetpack_sharing_enabled":true,"_links":{"self":[{"href":"https:\/\/1dronas.lt\/en\/wp-json\/wp\/v2\/product\/18930","targetHints":{"allow":["GET"]}}],"collection":[{"href":"https:\/\/1dronas.lt\/en\/wp-json\/wp\/v2\/product"}],"about":[{"href":"https:\/\/1dronas.lt\/en\/wp-json\/wp\/v2\/types\/product"}],"replies":[{"embeddable":true,"href":"https:\/\/1dronas.lt\/en\/wp-json\/wp\/v2\/comments?post=18930"}],"wp:featuredmedia":[{"embeddable":true,"href":"https:\/\/1dronas.lt\/en\/wp-json\/wp\/v2\/media\/18936"}],"wp:attachment":[{"href":"https:\/\/1dronas.lt\/en\/wp-json\/wp\/v2\/media?parent=18930"}],"wp:term":[{"taxonomy":"product_brand","embeddable":true,"href":"https:\/\/1dronas.lt\/en\/wp-json\/wp\/v2\/product_brand?post=18930"},{"taxonomy":"product_cat","embeddable":true,"href":"https:\/\/1dronas.lt\/en\/wp-json\/wp\/v2\/product_cat?post=18930"},{"taxonomy":"product_tag","embeddable":true,"href":"https:\/\/1dronas.lt\/en\/wp-json\/wp\/v2\/product_tag?post=18930"}],"curies":[{"name":"wp","href":"https:\/\/api.w.org\/{rel}","templated":true}]}}