{"id":18827,"date":"2026-04-23T23:31:37","date_gmt":"2026-04-23T20:31:37","guid":{"rendered":"https:\/\/1dronas.lt\/?post_type=product&#038;p=18827"},"modified":"2026-04-24T08:45:25","modified_gmt":"2026-04-24T05:45:25","slug":"gemfan-45-mm-3-menciu-propeleriai-1-5mm","status":"publish","type":"product","link":"https:\/\/1dronas.lt\/en\/produktas\/gemfan-45-mm-3-menciu-propeleriai-1-5mm\/","title":{"rendered":"Gemfan 45 mm 3-blade propellers 1.5mm"},"content":{"rendered":"<p>Gemfan 45mm 3-blade propellers 1.5mm - durable and efficient propellers for FPV whoop drones, providing greater power and speed, making them perfect for racing. Compatible with BETAFPV Meteor75 Pro frame.<\/p>\n<p><img loading=\"lazy\" decoding=\"async\" class=\"alignnone size-full wp-image-18828\" src=\"https:\/\/1dronas.lt\/wp-content\/uploads\/2026\/04\/FB_25d9ae2e-9b87-417f-afed-3916c11a5c1a_1024x1024.webp\" alt=\"\" width=\"1024\" height=\"576\" srcset=\"https:\/\/1dronas.lt\/wp-content\/uploads\/2026\/04\/FB_25d9ae2e-9b87-417f-afed-3916c11a5c1a_1024x1024.webp 1024w, https:\/\/1dronas.lt\/wp-content\/uploads\/2026\/04\/FB_25d9ae2e-9b87-417f-afed-3916c11a5c1a_1024x1024-300x169.webp 300w, https:\/\/1dronas.lt\/wp-content\/uploads\/2026\/04\/FB_25d9ae2e-9b87-417f-afed-3916c11a5c1a_1024x1024-768x432.webp 768w, https:\/\/1dronas.lt\/wp-content\/uploads\/2026\/04\/FB_25d9ae2e-9b87-417f-afed-3916c11a5c1a_1024x1024-18x10.webp 18w, https:\/\/1dronas.lt\/wp-content\/uploads\/2026\/04\/FB_25d9ae2e-9b87-417f-afed-3916c11a5c1a_1024x1024-510x287.webp 510w\" sizes=\"auto, (max-width: 1024px) 100vw, 1024px\" \/><\/p>\n<p><strong>Specification:<\/strong><\/p>\n<p>\u2022 Material: PC (polycarbonate);<br \/>\n\u2022 Weight: 1.69 g\/set (3 blades);<br \/>\n\u2022 Number of blades: 3;<br \/>\n\u2022 Pitch: 1.5 inches;<br \/>\n\u2022 Diameter: 45 mm;<br \/>\n\u2022 Axle: 1.5 mm;<br \/>\n\u2022 Colors: transparent gray, transparent blue, black, white.<\/p>\n<p>Larger 1S drone kit \u2013 Meteor75 Pro frame with 45mm 3-blade propellers ensures precise, maneuverable and stable flight. Compatible with 1S Meteor series components, making it easy to modify and upgrade. With 45mm propellers, it is one of the largest 1S whoop drones, perfect for use with HD VTX indoors.<\/p>\n<p><img loading=\"lazy\" decoding=\"async\" class=\"alignnone size-full wp-image-18829\" src=\"https:\/\/1dronas.lt\/wp-content\/uploads\/2026\/04\/3d016fed50b51fdf9465a98d86af4bcb_c5d55829-9105-4fb6-ad59-b03aa7099190_1024x1024.webp\" alt=\"\" width=\"1024\" height=\"576\" srcset=\"https:\/\/1dronas.lt\/wp-content\/uploads\/2026\/04\/3d016fed50b51fdf9465a98d86af4bcb_c5d55829-9105-4fb6-ad59-b03aa7099190_1024x1024.webp 1024w, https:\/\/1dronas.lt\/wp-content\/uploads\/2026\/04\/3d016fed50b51fdf9465a98d86af4bcb_c5d55829-9105-4fb6-ad59-b03aa7099190_1024x1024-300x169.webp 300w, https:\/\/1dronas.lt\/wp-content\/uploads\/2026\/04\/3d016fed50b51fdf9465a98d86af4bcb_c5d55829-9105-4fb6-ad59-b03aa7099190_1024x1024-768x432.webp 768w, https:\/\/1dronas.lt\/wp-content\/uploads\/2026\/04\/3d016fed50b51fdf9465a98d86af4bcb_c5d55829-9105-4fb6-ad59-b03aa7099190_1024x1024-18x10.webp 18w, https:\/\/1dronas.lt\/wp-content\/uploads\/2026\/04\/3d016fed50b51fdf9465a98d86af4bcb_c5d55829-9105-4fb6-ad59-b03aa7099190_1024x1024-510x287.webp 510w\" sizes=\"auto, (max-width: 1024px) 100vw, 1024px\" \/><\/p>\n<p><strong>Measurements:<\/strong><\/p>\n<p><img loading=\"lazy\" decoding=\"async\" class=\"alignnone size-full wp-image-18830\" src=\"https:\/\/1dronas.lt\/wp-content\/uploads\/2026\/04\/468ef44610c31b5b50b747b4f9f5ee49_f52321d8-22c2-417e-b026-9d7a104cebc2_480x480.webp\" alt=\"\" width=\"480\" height=\"327\" srcset=\"https:\/\/1dronas.lt\/wp-content\/uploads\/2026\/04\/468ef44610c31b5b50b747b4f9f5ee49_f52321d8-22c2-417e-b026-9d7a104cebc2_480x480.webp 480w, https:\/\/1dronas.lt\/wp-content\/uploads\/2026\/04\/468ef44610c31b5b50b747b4f9f5ee49_f52321d8-22c2-417e-b026-9d7a104cebc2_480x480-300x204.webp 300w, https:\/\/1dronas.lt\/wp-content\/uploads\/2026\/04\/468ef44610c31b5b50b747b4f9f5ee49_f52321d8-22c2-417e-b026-9d7a104cebc2_480x480-18x12.webp 18w\" sizes=\"auto, (max-width: 480px) 100vw, 480px\" \/><\/p>\n<p><strong>Package:<\/strong><\/p>\n<p>2x CW Gemfan 45 mm 3-blade propellers 1.5mm;<br \/>\n2x CCW Gemfan 45 mm 3-blade propellers 1.5mm.<\/p>","protected":false},"excerpt":{"rendered":"<p><span style=\"color: #333333;\">The kit includes 16 Gemfan 45 mm 3-blade propellers.<\/span><\/p>\n<p><span style=\"color: #333333;\"><strong><img loading=\"lazy\" decoding=\"async\" class=\"alignnone wp-image-1806\" src=\"https:\/\/1dronas.lt\/wp-content\/uploads\/2021\/05\/delivery-icon.png.webp\" alt=\"\" width=\"24\" height=\"24\" srcset=\"https:\/\/1dronas.lt\/wp-content\/uploads\/2021\/05\/delivery-icon.png 35w, https:\/\/1dronas.lt\/wp-content\/uploads\/2021\/05\/delivery-icon-12x12.png 12w\" sizes=\"auto, (max-width: 24px) 100vw, 24px\" \/>\u00a0 \u00a01 \u2013 2 days<\/strong><\/span><\/p>","protected":false},"featured_media":18831,"comment_status":"open","ping_status":"closed","template":"","meta":[],"product_brand":[489],"product_cat":[691],"product_tag":[859,69,421,79],"class_list":{"0":"post-18827","1":"product","2":"type-product","3":"status-publish","4":"has-post-thumbnail","6":"product_brand-betafpv","7":"product_cat-whoop-propeleriai-31-49-mm","8":"product_tag-1-5mm","9":"product_tag-betafpv","10":"product_tag-gemfan-45mm-3-blade-propellers","11":"product_tag-propeleriai","13":"first","14":"instock","15":"taxable","16":"shipping-taxable","17":"purchasable","18":"product-type-simple"},"yoast_head":"<!-- This site is optimized with the Yoast SEO plugin v27.4 - https:\/\/yoast.com\/product\/yoast-seo-wordpress\/ -->\n<title>Gemfan 45 mm 3-men\u010di\u0173 propeleriai 1.5mm - 1dronas.lt<\/title>\n<meta name=\"robots\" content=\"index, follow, max-snippet:-1, max-image-preview:large, max-video-preview:-1\" \/>\n<link rel=\"canonical\" href=\"https:\/\/1dronas.lt\/en\/produktas\/gemfan-45-mm-3-menciu-propeleriai-1-5mm\/\" \/>\n<meta property=\"og:locale\" content=\"en_US\" \/>\n<meta property=\"og:type\" content=\"article\" \/>\n<meta property=\"og:title\" content=\"Gemfan 45 mm 3-men\u010di\u0173 propeleriai 1.5mm - 1dronas.lt\" \/>\n<meta property=\"og:description\" content=\"Komplekte yra 16 vnt. Gemfan 45 mm 3 men\u010di\u0173 propeleri\u0173.  \u00a0 \u00a01 \u2013 2 d. d.\" \/>\n<meta property=\"og:url\" content=\"https:\/\/1dronas.lt\/en\/produktas\/gemfan-45-mm-3-menciu-propeleriai-1-5mm\/\" \/>\n<meta property=\"og:site_name\" content=\"1dronas.lt\" \/>\n<meta property=\"article:publisher\" content=\"https:\/\/www.facebook.com\/1dronas\/\" \/>\n<meta property=\"article:modified_time\" content=\"2026-04-24T05:45:25+00:00\" \/>\n<meta property=\"og:image\" content=\"https:\/\/1dronas.lt\/wp-content\/uploads\/2026\/04\/480bf5e0310593bcd385805ece2e3b4e_1bb147bf-a358-4f4d-ba3b-789c863970f8_720x.webp\" \/>\n\t<meta property=\"og:image:width\" content=\"720\" \/>\n\t<meta property=\"og:image:height\" content=\"720\" \/>\n\t<meta property=\"og:image:type\" content=\"image\/webp\" \/>\n<meta name=\"twitter:card\" content=\"summary_large_image\" \/>\n<meta name=\"twitter:label1\" content=\"Est. reading time\" \/>\n\t<meta name=\"twitter:data1\" content=\"2 minutes\" \/>\n<script type=\"application\/ld+json\" class=\"yoast-schema-graph\">{\"@context\":\"https:\\\/\\\/schema.org\",\"@graph\":[{\"@type\":\"WebPage\",\"@id\":\"https:\\\/\\\/1dronas.lt\\\/en\\\/produktas\\\/gemfan-45-mm-3-menciu-propeleriai-1-5mm\\\/\",\"url\":\"https:\\\/\\\/1dronas.lt\\\/en\\\/produktas\\\/gemfan-45-mm-3-menciu-propeleriai-1-5mm\\\/\",\"name\":\"Gemfan 45 mm 3-men\u010di\u0173 propeleriai 1.5mm - 1dronas.lt\",\"isPartOf\":{\"@id\":\"https:\\\/\\\/1dronas.lt\\\/en\\\/#website\"},\"primaryImageOfPage\":{\"@id\":\"https:\\\/\\\/1dronas.lt\\\/en\\\/produktas\\\/gemfan-45-mm-3-menciu-propeleriai-1-5mm\\\/#primaryimage\"},\"image\":{\"@id\":\"https:\\\/\\\/1dronas.lt\\\/en\\\/produktas\\\/gemfan-45-mm-3-menciu-propeleriai-1-5mm\\\/#primaryimage\"},\"thumbnailUrl\":\"https:\\\/\\\/1dronas.lt\\\/wp-content\\\/uploads\\\/2026\\\/04\\\/480bf5e0310593bcd385805ece2e3b4e_1bb147bf-a358-4f4d-ba3b-789c863970f8_720x.webp\",\"datePublished\":\"2026-04-23T20:31:37+00:00\",\"dateModified\":\"2026-04-24T05:45:25+00:00\",\"breadcrumb\":{\"@id\":\"https:\\\/\\\/1dronas.lt\\\/en\\\/produktas\\\/gemfan-45-mm-3-menciu-propeleriai-1-5mm\\\/#breadcrumb\"},\"inLanguage\":\"en-US\",\"potentialAction\":[{\"@type\":\"ReadAction\",\"target\":[\"https:\\\/\\\/1dronas.lt\\\/en\\\/produktas\\\/gemfan-45-mm-3-menciu-propeleriai-1-5mm\\\/\"]}]},{\"@type\":\"ImageObject\",\"inLanguage\":\"en-US\",\"@id\":\"https:\\\/\\\/1dronas.lt\\\/en\\\/produktas\\\/gemfan-45-mm-3-menciu-propeleriai-1-5mm\\\/#primaryimage\",\"url\":\"https:\\\/\\\/1dronas.lt\\\/wp-content\\\/uploads\\\/2026\\\/04\\\/480bf5e0310593bcd385805ece2e3b4e_1bb147bf-a358-4f4d-ba3b-789c863970f8_720x.webp\",\"contentUrl\":\"https:\\\/\\\/1dronas.lt\\\/wp-content\\\/uploads\\\/2026\\\/04\\\/480bf5e0310593bcd385805ece2e3b4e_1bb147bf-a358-4f4d-ba3b-789c863970f8_720x.webp\",\"width\":720,\"height\":720},{\"@type\":\"BreadcrumbList\",\"@id\":\"https:\\\/\\\/1dronas.lt\\\/en\\\/produktas\\\/gemfan-45-mm-3-menciu-propeleriai-1-5mm\\\/#breadcrumb\",\"itemListElement\":[{\"@type\":\"ListItem\",\"position\":1,\"name\":\"Home\",\"item\":\"https:\\\/\\\/1dronas.lt\\\/\"},{\"@type\":\"ListItem\",\"position\":2,\"name\":\"Parduotuv\u0117\",\"item\":\"https:\\\/\\\/1dronas.lt\\\/parduotuve\\\/\"},{\"@type\":\"ListItem\",\"position\":3,\"name\":\"Gemfan 45 mm 3-men\u010di\u0173 propeleriai 1.5mm\"}]},{\"@type\":\"WebSite\",\"@id\":\"https:\\\/\\\/1dronas.lt\\\/en\\\/#website\",\"url\":\"https:\\\/\\\/1dronas.lt\\\/en\\\/\",\"name\":\"1dronas.lt\",\"description\":\"Internetin\u0117 parduotuv\u0117\",\"publisher\":{\"@id\":\"https:\\\/\\\/1dronas.lt\\\/en\\\/#organization\"},\"potentialAction\":[{\"@type\":\"SearchAction\",\"target\":{\"@type\":\"EntryPoint\",\"urlTemplate\":\"https:\\\/\\\/1dronas.lt\\\/en\\\/?s={search_term_string}\"},\"query-input\":{\"@type\":\"PropertyValueSpecification\",\"valueRequired\":true,\"valueName\":\"search_term_string\"}}],\"inLanguage\":\"en-US\"},{\"@type\":\"Organization\",\"@id\":\"https:\\\/\\\/1dronas.lt\\\/en\\\/#organization\",\"name\":\"1dronas.lt\",\"url\":\"https:\\\/\\\/1dronas.lt\\\/en\\\/\",\"logo\":{\"@type\":\"ImageObject\",\"inLanguage\":\"en-US\",\"@id\":\"https:\\\/\\\/1dronas.lt\\\/en\\\/#\\\/schema\\\/logo\\\/image\\\/\",\"url\":\"https:\\\/\\\/1dronas.lt\\\/wp-content\\\/uploads\\\/2020\\\/12\\\/Ekrano_kopija__2_-removebg-preview-1-1.png\",\"contentUrl\":\"https:\\\/\\\/1dronas.lt\\\/wp-content\\\/uploads\\\/2020\\\/12\\\/Ekrano_kopija__2_-removebg-preview-1-1.png\",\"width\":234,\"height\":81,\"caption\":\"1dronas.lt\"},\"image\":{\"@id\":\"https:\\\/\\\/1dronas.lt\\\/en\\\/#\\\/schema\\\/logo\\\/image\\\/\"},\"sameAs\":[\"https:\\\/\\\/www.facebook.com\\\/1dronas\\\/\"]}]}<\/script>\n<!-- \/ Yoast SEO plugin. -->","yoast_head_json":{"title":"Gemfan 45 mm 3-men\u010di\u0173 propeleriai 1.5mm - 1dronas.lt","robots":{"index":"index","follow":"follow","max-snippet":"max-snippet:-1","max-image-preview":"max-image-preview:large","max-video-preview":"max-video-preview:-1"},"canonical":"https:\/\/1dronas.lt\/en\/produktas\/gemfan-45-mm-3-menciu-propeleriai-1-5mm\/","og_locale":"en_US","og_type":"article","og_title":"Gemfan 45 mm 3-men\u010di\u0173 propeleriai 1.5mm - 1dronas.lt","og_description":"Komplekte yra 16 vnt. Gemfan 45 mm 3 men\u010di\u0173 propeleri\u0173.  \u00a0 \u00a01 \u2013 2 d. d.","og_url":"https:\/\/1dronas.lt\/en\/produktas\/gemfan-45-mm-3-menciu-propeleriai-1-5mm\/","og_site_name":"1dronas.lt","article_publisher":"https:\/\/www.facebook.com\/1dronas\/","article_modified_time":"2026-04-24T05:45:25+00:00","og_image":[{"width":720,"height":720,"url":"https:\/\/1dronas.lt\/wp-content\/uploads\/2026\/04\/480bf5e0310593bcd385805ece2e3b4e_1bb147bf-a358-4f4d-ba3b-789c863970f8_720x.webp","type":"image\/webp"}],"twitter_card":"summary_large_image","twitter_misc":{"Est. reading time":"2 minutes"},"schema":{"@context":"https:\/\/schema.org","@graph":[{"@type":"WebPage","@id":"https:\/\/1dronas.lt\/en\/produktas\/gemfan-45-mm-3-menciu-propeleriai-1-5mm\/","url":"https:\/\/1dronas.lt\/en\/produktas\/gemfan-45-mm-3-menciu-propeleriai-1-5mm\/","name":"Gemfan 45 mm 3-men\u010di\u0173 propeleriai 1.5mm - 1dronas.lt","isPartOf":{"@id":"https:\/\/1dronas.lt\/en\/#website"},"primaryImageOfPage":{"@id":"https:\/\/1dronas.lt\/en\/produktas\/gemfan-45-mm-3-menciu-propeleriai-1-5mm\/#primaryimage"},"image":{"@id":"https:\/\/1dronas.lt\/en\/produktas\/gemfan-45-mm-3-menciu-propeleriai-1-5mm\/#primaryimage"},"thumbnailUrl":"https:\/\/1dronas.lt\/wp-content\/uploads\/2026\/04\/480bf5e0310593bcd385805ece2e3b4e_1bb147bf-a358-4f4d-ba3b-789c863970f8_720x.webp","datePublished":"2026-04-23T20:31:37+00:00","dateModified":"2026-04-24T05:45:25+00:00","breadcrumb":{"@id":"https:\/\/1dronas.lt\/en\/produktas\/gemfan-45-mm-3-menciu-propeleriai-1-5mm\/#breadcrumb"},"inLanguage":"en-US","potentialAction":[{"@type":"ReadAction","target":["https:\/\/1dronas.lt\/en\/produktas\/gemfan-45-mm-3-menciu-propeleriai-1-5mm\/"]}]},{"@type":"ImageObject","inLanguage":"en-US","@id":"https:\/\/1dronas.lt\/en\/produktas\/gemfan-45-mm-3-menciu-propeleriai-1-5mm\/#primaryimage","url":"https:\/\/1dronas.lt\/wp-content\/uploads\/2026\/04\/480bf5e0310593bcd385805ece2e3b4e_1bb147bf-a358-4f4d-ba3b-789c863970f8_720x.webp","contentUrl":"https:\/\/1dronas.lt\/wp-content\/uploads\/2026\/04\/480bf5e0310593bcd385805ece2e3b4e_1bb147bf-a358-4f4d-ba3b-789c863970f8_720x.webp","width":720,"height":720},{"@type":"BreadcrumbList","@id":"https:\/\/1dronas.lt\/en\/produktas\/gemfan-45-mm-3-menciu-propeleriai-1-5mm\/#breadcrumb","itemListElement":[{"@type":"ListItem","position":1,"name":"Home","item":"https:\/\/1dronas.lt\/"},{"@type":"ListItem","position":2,"name":"Parduotuv\u0117","item":"https:\/\/1dronas.lt\/parduotuve\/"},{"@type":"ListItem","position":3,"name":"Gemfan 45 mm 3-men\u010di\u0173 propeleriai 1.5mm"}]},{"@type":"WebSite","@id":"https:\/\/1dronas.lt\/en\/#website","url":"https:\/\/1dronas.lt\/en\/","name":"1dronas.lt","description":"Online store","publisher":{"@id":"https:\/\/1dronas.lt\/en\/#organization"},"potentialAction":[{"@type":"SearchAction","target":{"@type":"EntryPoint","urlTemplate":"https:\/\/1dronas.lt\/en\/?s={search_term_string}"},"query-input":{"@type":"PropertyValueSpecification","valueRequired":true,"valueName":"search_term_string"}}],"inLanguage":"en-US"},{"@type":"Organization","@id":"https:\/\/1dronas.lt\/en\/#organization","name":"1dronas.lt","url":"https:\/\/1dronas.lt\/en\/","logo":{"@type":"ImageObject","inLanguage":"en-US","@id":"https:\/\/1dronas.lt\/en\/#\/schema\/logo\/image\/","url":"https:\/\/1dronas.lt\/wp-content\/uploads\/2020\/12\/Ekrano_kopija__2_-removebg-preview-1-1.png","contentUrl":"https:\/\/1dronas.lt\/wp-content\/uploads\/2020\/12\/Ekrano_kopija__2_-removebg-preview-1-1.png","width":234,"height":81,"caption":"1dronas.lt"},"image":{"@id":"https:\/\/1dronas.lt\/en\/#\/schema\/logo\/image\/"},"sameAs":["https:\/\/www.facebook.com\/1dronas\/"]}]}},"jetpack_sharing_enabled":true,"_links":{"self":[{"href":"https:\/\/1dronas.lt\/en\/wp-json\/wp\/v2\/product\/18827","targetHints":{"allow":["GET"]}}],"collection":[{"href":"https:\/\/1dronas.lt\/en\/wp-json\/wp\/v2\/product"}],"about":[{"href":"https:\/\/1dronas.lt\/en\/wp-json\/wp\/v2\/types\/product"}],"replies":[{"embeddable":true,"href":"https:\/\/1dronas.lt\/en\/wp-json\/wp\/v2\/comments?post=18827"}],"wp:featuredmedia":[{"embeddable":true,"href":"https:\/\/1dronas.lt\/en\/wp-json\/wp\/v2\/media\/18831"}],"wp:attachment":[{"href":"https:\/\/1dronas.lt\/en\/wp-json\/wp\/v2\/media?parent=18827"}],"wp:term":[{"taxonomy":"product_brand","embeddable":true,"href":"https:\/\/1dronas.lt\/en\/wp-json\/wp\/v2\/product_brand?post=18827"},{"taxonomy":"product_cat","embeddable":true,"href":"https:\/\/1dronas.lt\/en\/wp-json\/wp\/v2\/product_cat?post=18827"},{"taxonomy":"product_tag","embeddable":true,"href":"https:\/\/1dronas.lt\/en\/wp-json\/wp\/v2\/product_tag?post=18827"}],"curies":[{"name":"wp","href":"https:\/\/api.w.org\/{rel}","templated":true}]}}