{"id":18823,"date":"2026-04-23T23:25:53","date_gmt":"2026-04-23T20:25:53","guid":{"rendered":"https:\/\/1dronas.lt\/?post_type=product&#038;p=18823"},"modified":"2026-04-23T23:27:49","modified_gmt":"2026-04-23T20:27:49","slug":"flywoo-5-8g-zalvarine-ufl-antena-vtx-80mm","status":"publish","type":"product","link":"https:\/\/1dronas.lt\/en\/produktas\/flywoo-5-8g-zalvarine-ufl-antena-vtx-80mm\/","title":{"rendered":"Flywoo 5.8G VTX brass UFL antenna 80mm"},"content":{"rendered":"<p>Flywoo 5.8G brass UFL antenna VTX 80 mm - an extremely lightweight and compact antenna for micro FPV drones, especially the FlyLens 85. Provides a stable 5.8 GHz video signal with 360\u00b0 coverage, and the UFL (IPEX) connector allows for easy installation.<\/p>\n<p><strong>Features:<\/strong><\/p>\n<p>\u2022 Extremely lightweight \u2013 less load, longer flight;<br \/>\n\u2022 Stable signal without;<br \/>\n\u2022 Easy installation (UFL connector);<br \/>\n\u2022 Flexible and durable due to brass and protective insulation.<\/p>\n<p><strong>Specification:<\/strong><\/p>\n<p>\u2022 Length: 80 mm;<br \/>\n\u2022 Weight: ~0.4 g;<br \/>\n\u2022 Frequency range: 5725\u20135850 MHz;<br \/>\n\u2022 Gain: 3 dBi;<br \/>\n\u2022 SWR: &lt; 2:1;<br \/>\n\u2022 Polarization: vertical (linear);<br \/>\n\u2022 Directionality: omnidirectional (360\u00b0);<br \/>\n\u2022 Impedance: 50 \u03a9;<br \/>\n\u2022 Maximum power: 50 W.<\/p>\n<p><strong>Measurements:<\/strong><\/p>\n<p><img loading=\"lazy\" decoding=\"async\" class=\"alignnone wp-image-18826 size-full\" src=\"https:\/\/1dronas.lt\/wp-content\/uploads\/2026\/04\/5fa17a0751ec4881ad661013bde22218_900x-e1776619368809.webp\" alt=\"\" width=\"900\" height=\"264\" srcset=\"https:\/\/1dronas.lt\/wp-content\/uploads\/2026\/04\/5fa17a0751ec4881ad661013bde22218_900x-e1776619368809.webp 900w, https:\/\/1dronas.lt\/wp-content\/uploads\/2026\/04\/5fa17a0751ec4881ad661013bde22218_900x-e1776619368809-300x88.webp 300w, https:\/\/1dronas.lt\/wp-content\/uploads\/2026\/04\/5fa17a0751ec4881ad661013bde22218_900x-e1776619368809-768x225.webp 768w, https:\/\/1dronas.lt\/wp-content\/uploads\/2026\/04\/5fa17a0751ec4881ad661013bde22218_900x-e1776619368809-18x5.webp 18w, https:\/\/1dronas.lt\/wp-content\/uploads\/2026\/04\/5fa17a0751ec4881ad661013bde22218_900x-e1776619368809-510x150.webp 510w\" sizes=\"auto, (max-width: 900px) 100vw, 900px\" \/><\/p>\n<p><strong>Package:<\/strong><\/p>\n<p>5x Flywoo 5.8G 80mm Lightweight Brass UFL Antenna.<\/p>","protected":false},"excerpt":{"rendered":"<p><span style=\"color: #333333;\">Flywoo 5.8G 3dBi UFL antenna (80 mm) - an extremely lightweight and compact FPV antenna that provides a stable 5.8 GHz signal with 360\u00b0 coverage, perfect for micro drones, especially the FlyLens 85.<\/span><\/p>\n<p><span style=\"color: #333333;\"><strong><img loading=\"lazy\" decoding=\"async\" class=\"alignnone wp-image-1806\" src=\"https:\/\/1dronas.lt\/wp-content\/uploads\/2021\/05\/delivery-icon.png.webp\" alt=\"\" width=\"24\" height=\"24\" srcset=\"https:\/\/1dronas.lt\/wp-content\/uploads\/2021\/05\/delivery-icon.png 35w, https:\/\/1dronas.lt\/wp-content\/uploads\/2021\/05\/delivery-icon-12x12.png 12w\" sizes=\"auto, (max-width: 24px) 100vw, 24px\" \/><\/strong> \u00a0<strong>1 \u2013 2 days<\/strong><\/span><\/p>","protected":false},"featured_media":18824,"comment_status":"open","ping_status":"closed","template":"","meta":[],"product_brand":[1152],"product_cat":[161],"product_tag":[439,163,90,1298,1295],"class_list":{"0":"post-18823","1":"product","2":"type-product","3":"status-publish","4":"has-post-thumbnail","6":"product_brand-flywoo","7":"product_cat-antenos","8":"product_tag-5-8g","9":"product_tag-antenos","10":"product_tag-flywoo","11":"product_tag-ipex","12":"product_tag-ufl","14":"first","15":"instock","16":"taxable","17":"shipping-taxable","18":"purchasable","19":"product-type-simple"},"yoast_head":"<!-- This site is optimized with the Yoast SEO plugin v27.4 - https:\/\/yoast.com\/product\/yoast-seo-wordpress\/ -->\n<title>Flywoo 5.8G VTX \u017ealvarin\u0117 UFL antena 80mm - 1dronas.lt<\/title>\n<meta name=\"robots\" content=\"index, follow, max-snippet:-1, max-image-preview:large, max-video-preview:-1\" \/>\n<link rel=\"canonical\" href=\"https:\/\/1dronas.lt\/en\/produktas\/flywoo-5-8g-zalvarine-ufl-antena-vtx-80mm\/\" \/>\n<meta property=\"og:locale\" content=\"en_US\" \/>\n<meta property=\"og:type\" content=\"article\" \/>\n<meta property=\"og:title\" content=\"Flywoo 5.8G VTX \u017ealvarin\u0117 UFL antena 80mm - 1dronas.lt\" \/>\n<meta property=\"og:description\" content=\"Flywoo 5.8G 3dBi UFL antena (80 mm) \u2013 itin lengva ir kompakti\u0161ka FPV antena, u\u017etikrinanti stabil\u0173 5.8 GHz signal\u0105 su 360\u00b0 apr\u0117ptimi, puikiai tinkanti mikro dronams, ypa\u010d FlyLens 85.   \u00a01 \u2013 2 d. d.\" \/>\n<meta property=\"og:url\" content=\"https:\/\/1dronas.lt\/en\/produktas\/flywoo-5-8g-zalvarine-ufl-antena-vtx-80mm\/\" \/>\n<meta property=\"og:site_name\" content=\"1dronas.lt\" \/>\n<meta property=\"article:publisher\" content=\"https:\/\/www.facebook.com\/1dronas\/\" \/>\n<meta property=\"article:modified_time\" content=\"2026-04-23T20:27:49+00:00\" \/>\n<meta property=\"og:image\" content=\"https:\/\/1dronas.lt\/wp-content\/uploads\/2026\/04\/0a56c9e25e794a51beb10f13890cb2df_900x.webp\" \/>\n\t<meta property=\"og:image:width\" content=\"900\" \/>\n\t<meta property=\"og:image:height\" content=\"900\" \/>\n\t<meta property=\"og:image:type\" content=\"image\/webp\" \/>\n<meta name=\"twitter:card\" content=\"summary_large_image\" \/>\n<meta name=\"twitter:label1\" content=\"Est. reading time\" \/>\n\t<meta name=\"twitter:data1\" content=\"1 minute\" \/>\n<script type=\"application\/ld+json\" class=\"yoast-schema-graph\">{\"@context\":\"https:\\\/\\\/schema.org\",\"@graph\":[{\"@type\":\"WebPage\",\"@id\":\"https:\\\/\\\/1dronas.lt\\\/en\\\/produktas\\\/flywoo-5-8g-zalvarine-ufl-antena-vtx-80mm\\\/\",\"url\":\"https:\\\/\\\/1dronas.lt\\\/en\\\/produktas\\\/flywoo-5-8g-zalvarine-ufl-antena-vtx-80mm\\\/\",\"name\":\"Flywoo 5.8G VTX \u017ealvarin\u0117 UFL antena 80mm - 1dronas.lt\",\"isPartOf\":{\"@id\":\"https:\\\/\\\/1dronas.lt\\\/en\\\/#website\"},\"primaryImageOfPage\":{\"@id\":\"https:\\\/\\\/1dronas.lt\\\/en\\\/produktas\\\/flywoo-5-8g-zalvarine-ufl-antena-vtx-80mm\\\/#primaryimage\"},\"image\":{\"@id\":\"https:\\\/\\\/1dronas.lt\\\/en\\\/produktas\\\/flywoo-5-8g-zalvarine-ufl-antena-vtx-80mm\\\/#primaryimage\"},\"thumbnailUrl\":\"https:\\\/\\\/1dronas.lt\\\/wp-content\\\/uploads\\\/2026\\\/04\\\/0a56c9e25e794a51beb10f13890cb2df_900x.webp\",\"datePublished\":\"2026-04-23T20:25:53+00:00\",\"dateModified\":\"2026-04-23T20:27:49+00:00\",\"breadcrumb\":{\"@id\":\"https:\\\/\\\/1dronas.lt\\\/en\\\/produktas\\\/flywoo-5-8g-zalvarine-ufl-antena-vtx-80mm\\\/#breadcrumb\"},\"inLanguage\":\"en-US\",\"potentialAction\":[{\"@type\":\"ReadAction\",\"target\":[\"https:\\\/\\\/1dronas.lt\\\/en\\\/produktas\\\/flywoo-5-8g-zalvarine-ufl-antena-vtx-80mm\\\/\"]}]},{\"@type\":\"ImageObject\",\"inLanguage\":\"en-US\",\"@id\":\"https:\\\/\\\/1dronas.lt\\\/en\\\/produktas\\\/flywoo-5-8g-zalvarine-ufl-antena-vtx-80mm\\\/#primaryimage\",\"url\":\"https:\\\/\\\/1dronas.lt\\\/wp-content\\\/uploads\\\/2026\\\/04\\\/0a56c9e25e794a51beb10f13890cb2df_900x.webp\",\"contentUrl\":\"https:\\\/\\\/1dronas.lt\\\/wp-content\\\/uploads\\\/2026\\\/04\\\/0a56c9e25e794a51beb10f13890cb2df_900x.webp\",\"width\":900,\"height\":900},{\"@type\":\"BreadcrumbList\",\"@id\":\"https:\\\/\\\/1dronas.lt\\\/en\\\/produktas\\\/flywoo-5-8g-zalvarine-ufl-antena-vtx-80mm\\\/#breadcrumb\",\"itemListElement\":[{\"@type\":\"ListItem\",\"position\":1,\"name\":\"Home\",\"item\":\"https:\\\/\\\/1dronas.lt\\\/\"},{\"@type\":\"ListItem\",\"position\":2,\"name\":\"Parduotuv\u0117\",\"item\":\"https:\\\/\\\/1dronas.lt\\\/parduotuve\\\/\"},{\"@type\":\"ListItem\",\"position\":3,\"name\":\"Flywoo 5.8G VTX \u017ealvarin\u0117 UFL antena 80mm\"}]},{\"@type\":\"WebSite\",\"@id\":\"https:\\\/\\\/1dronas.lt\\\/en\\\/#website\",\"url\":\"https:\\\/\\\/1dronas.lt\\\/en\\\/\",\"name\":\"1dronas.lt\",\"description\":\"Internetin\u0117 parduotuv\u0117\",\"publisher\":{\"@id\":\"https:\\\/\\\/1dronas.lt\\\/en\\\/#organization\"},\"potentialAction\":[{\"@type\":\"SearchAction\",\"target\":{\"@type\":\"EntryPoint\",\"urlTemplate\":\"https:\\\/\\\/1dronas.lt\\\/en\\\/?s={search_term_string}\"},\"query-input\":{\"@type\":\"PropertyValueSpecification\",\"valueRequired\":true,\"valueName\":\"search_term_string\"}}],\"inLanguage\":\"en-US\"},{\"@type\":\"Organization\",\"@id\":\"https:\\\/\\\/1dronas.lt\\\/en\\\/#organization\",\"name\":\"1dronas.lt\",\"url\":\"https:\\\/\\\/1dronas.lt\\\/en\\\/\",\"logo\":{\"@type\":\"ImageObject\",\"inLanguage\":\"en-US\",\"@id\":\"https:\\\/\\\/1dronas.lt\\\/en\\\/#\\\/schema\\\/logo\\\/image\\\/\",\"url\":\"https:\\\/\\\/1dronas.lt\\\/wp-content\\\/uploads\\\/2020\\\/12\\\/Ekrano_kopija__2_-removebg-preview-1-1.png\",\"contentUrl\":\"https:\\\/\\\/1dronas.lt\\\/wp-content\\\/uploads\\\/2020\\\/12\\\/Ekrano_kopija__2_-removebg-preview-1-1.png\",\"width\":234,\"height\":81,\"caption\":\"1dronas.lt\"},\"image\":{\"@id\":\"https:\\\/\\\/1dronas.lt\\\/en\\\/#\\\/schema\\\/logo\\\/image\\\/\"},\"sameAs\":[\"https:\\\/\\\/www.facebook.com\\\/1dronas\\\/\"]}]}<\/script>\n<!-- \/ Yoast SEO plugin. -->","yoast_head_json":{"title":"Flywoo 5.8G VTX \u017ealvarin\u0117 UFL antena 80mm - 1dronas.lt","robots":{"index":"index","follow":"follow","max-snippet":"max-snippet:-1","max-image-preview":"max-image-preview:large","max-video-preview":"max-video-preview:-1"},"canonical":"https:\/\/1dronas.lt\/en\/produktas\/flywoo-5-8g-zalvarine-ufl-antena-vtx-80mm\/","og_locale":"en_US","og_type":"article","og_title":"Flywoo 5.8G VTX \u017ealvarin\u0117 UFL antena 80mm - 1dronas.lt","og_description":"Flywoo 5.8G 3dBi UFL antena (80 mm) \u2013 itin lengva ir kompakti\u0161ka FPV antena, u\u017etikrinanti stabil\u0173 5.8 GHz signal\u0105 su 360\u00b0 apr\u0117ptimi, puikiai tinkanti mikro dronams, ypa\u010d FlyLens 85.   \u00a01 \u2013 2 d. d.","og_url":"https:\/\/1dronas.lt\/en\/produktas\/flywoo-5-8g-zalvarine-ufl-antena-vtx-80mm\/","og_site_name":"1dronas.lt","article_publisher":"https:\/\/www.facebook.com\/1dronas\/","article_modified_time":"2026-04-23T20:27:49+00:00","og_image":[{"width":900,"height":900,"url":"https:\/\/1dronas.lt\/wp-content\/uploads\/2026\/04\/0a56c9e25e794a51beb10f13890cb2df_900x.webp","type":"image\/webp"}],"twitter_card":"summary_large_image","twitter_misc":{"Est. reading time":"1 minute"},"schema":{"@context":"https:\/\/schema.org","@graph":[{"@type":"WebPage","@id":"https:\/\/1dronas.lt\/en\/produktas\/flywoo-5-8g-zalvarine-ufl-antena-vtx-80mm\/","url":"https:\/\/1dronas.lt\/en\/produktas\/flywoo-5-8g-zalvarine-ufl-antena-vtx-80mm\/","name":"Flywoo 5.8G VTX \u017ealvarin\u0117 UFL antena 80mm - 1dronas.lt","isPartOf":{"@id":"https:\/\/1dronas.lt\/en\/#website"},"primaryImageOfPage":{"@id":"https:\/\/1dronas.lt\/en\/produktas\/flywoo-5-8g-zalvarine-ufl-antena-vtx-80mm\/#primaryimage"},"image":{"@id":"https:\/\/1dronas.lt\/en\/produktas\/flywoo-5-8g-zalvarine-ufl-antena-vtx-80mm\/#primaryimage"},"thumbnailUrl":"https:\/\/1dronas.lt\/wp-content\/uploads\/2026\/04\/0a56c9e25e794a51beb10f13890cb2df_900x.webp","datePublished":"2026-04-23T20:25:53+00:00","dateModified":"2026-04-23T20:27:49+00:00","breadcrumb":{"@id":"https:\/\/1dronas.lt\/en\/produktas\/flywoo-5-8g-zalvarine-ufl-antena-vtx-80mm\/#breadcrumb"},"inLanguage":"en-US","potentialAction":[{"@type":"ReadAction","target":["https:\/\/1dronas.lt\/en\/produktas\/flywoo-5-8g-zalvarine-ufl-antena-vtx-80mm\/"]}]},{"@type":"ImageObject","inLanguage":"en-US","@id":"https:\/\/1dronas.lt\/en\/produktas\/flywoo-5-8g-zalvarine-ufl-antena-vtx-80mm\/#primaryimage","url":"https:\/\/1dronas.lt\/wp-content\/uploads\/2026\/04\/0a56c9e25e794a51beb10f13890cb2df_900x.webp","contentUrl":"https:\/\/1dronas.lt\/wp-content\/uploads\/2026\/04\/0a56c9e25e794a51beb10f13890cb2df_900x.webp","width":900,"height":900},{"@type":"BreadcrumbList","@id":"https:\/\/1dronas.lt\/en\/produktas\/flywoo-5-8g-zalvarine-ufl-antena-vtx-80mm\/#breadcrumb","itemListElement":[{"@type":"ListItem","position":1,"name":"Home","item":"https:\/\/1dronas.lt\/"},{"@type":"ListItem","position":2,"name":"Parduotuv\u0117","item":"https:\/\/1dronas.lt\/parduotuve\/"},{"@type":"ListItem","position":3,"name":"Flywoo 5.8G VTX \u017ealvarin\u0117 UFL antena 80mm"}]},{"@type":"WebSite","@id":"https:\/\/1dronas.lt\/en\/#website","url":"https:\/\/1dronas.lt\/en\/","name":"1dronas.lt","description":"Online store","publisher":{"@id":"https:\/\/1dronas.lt\/en\/#organization"},"potentialAction":[{"@type":"SearchAction","target":{"@type":"EntryPoint","urlTemplate":"https:\/\/1dronas.lt\/en\/?s={search_term_string}"},"query-input":{"@type":"PropertyValueSpecification","valueRequired":true,"valueName":"search_term_string"}}],"inLanguage":"en-US"},{"@type":"Organization","@id":"https:\/\/1dronas.lt\/en\/#organization","name":"1dronas.lt","url":"https:\/\/1dronas.lt\/en\/","logo":{"@type":"ImageObject","inLanguage":"en-US","@id":"https:\/\/1dronas.lt\/en\/#\/schema\/logo\/image\/","url":"https:\/\/1dronas.lt\/wp-content\/uploads\/2020\/12\/Ekrano_kopija__2_-removebg-preview-1-1.png","contentUrl":"https:\/\/1dronas.lt\/wp-content\/uploads\/2020\/12\/Ekrano_kopija__2_-removebg-preview-1-1.png","width":234,"height":81,"caption":"1dronas.lt"},"image":{"@id":"https:\/\/1dronas.lt\/en\/#\/schema\/logo\/image\/"},"sameAs":["https:\/\/www.facebook.com\/1dronas\/"]}]}},"jetpack_sharing_enabled":true,"_links":{"self":[{"href":"https:\/\/1dronas.lt\/en\/wp-json\/wp\/v2\/product\/18823","targetHints":{"allow":["GET"]}}],"collection":[{"href":"https:\/\/1dronas.lt\/en\/wp-json\/wp\/v2\/product"}],"about":[{"href":"https:\/\/1dronas.lt\/en\/wp-json\/wp\/v2\/types\/product"}],"replies":[{"embeddable":true,"href":"https:\/\/1dronas.lt\/en\/wp-json\/wp\/v2\/comments?post=18823"}],"wp:featuredmedia":[{"embeddable":true,"href":"https:\/\/1dronas.lt\/en\/wp-json\/wp\/v2\/media\/18824"}],"wp:attachment":[{"href":"https:\/\/1dronas.lt\/en\/wp-json\/wp\/v2\/media?parent=18823"}],"wp:term":[{"taxonomy":"product_brand","embeddable":true,"href":"https:\/\/1dronas.lt\/en\/wp-json\/wp\/v2\/product_brand?post=18823"},{"taxonomy":"product_cat","embeddable":true,"href":"https:\/\/1dronas.lt\/en\/wp-json\/wp\/v2\/product_cat?post=18823"},{"taxonomy":"product_tag","embeddable":true,"href":"https:\/\/1dronas.lt\/en\/wp-json\/wp\/v2\/product_tag?post=18823"}],"curies":[{"name":"wp","href":"https:\/\/api.w.org\/{rel}","templated":true}]}}