{"id":18820,"date":"2026-04-23T23:15:07","date_gmt":"2026-04-23T20:15:07","guid":{"rendered":"https:\/\/1dronas.lt\/?post_type=product&#038;p=18820"},"modified":"2026-04-23T23:18:14","modified_gmt":"2026-04-23T20:18:14","slug":"flywoo-m2-tvirtinimo-detaliu-rinkinys","status":"publish","type":"product","link":"https:\/\/1dronas.lt\/en\/produktas\/flywoo-m2-tvirtinimo-detaliu-rinkinys\/","title":{"rendered":"Flywoo M2 Fastener Kit"},"content":{"rendered":"<p>Flywoo M2 tvirtinimo detali\u0173 rinkinys FPV dronams &#8211; universalus var\u017et\u0173 ir tvirtinimo detali\u0173 rinkinys, skirtas visiems surinkimo poreikiams. Tai M2 dyd\u017eio rinkinys, puikiai tinkantis ma\u017eesni\u0173 FPV dron\u0173 k\u016brimui, remontui ir atnaujinimui.<\/p>\n<p><strong>Specification:<\/strong><\/p>\n<p>\u2022 Color: gray;<br \/>\n\u2022 Svoris: 380 g;<br \/>\n\u2022 Plotis: 9.5 cm;<br \/>\n\u2022 Length: 16.5 cm;<br \/>\n\u2022 Auk\u0161tis: 4.6 cm.<\/p>\n<p><strong>Measurements:<\/strong><\/p>\n<p><img loading=\"lazy\" decoding=\"async\" class=\"alignnone wp-image-18821\" src=\"https:\/\/1dronas.lt\/wp-content\/uploads\/2026\/04\/2baabeb23d40b1be4ad72c0475042c0e_900x-e1776618465813.webp\" alt=\"\" width=\"587\" height=\"403\" srcset=\"https:\/\/1dronas.lt\/wp-content\/uploads\/2026\/04\/2baabeb23d40b1be4ad72c0475042c0e_900x-e1776618465813.webp 799w, https:\/\/1dronas.lt\/wp-content\/uploads\/2026\/04\/2baabeb23d40b1be4ad72c0475042c0e_900x-e1776618465813-300x206.webp 300w, https:\/\/1dronas.lt\/wp-content\/uploads\/2026\/04\/2baabeb23d40b1be4ad72c0475042c0e_900x-e1776618465813-768x528.webp 768w, https:\/\/1dronas.lt\/wp-content\/uploads\/2026\/04\/2baabeb23d40b1be4ad72c0475042c0e_900x-e1776618465813-18x12.webp 18w, https:\/\/1dronas.lt\/wp-content\/uploads\/2026\/04\/2baabeb23d40b1be4ad72c0475042c0e_900x-e1776618465813-510x350.webp 510w\" sizes=\"auto, (max-width: 587px) 100vw, 587px\" \/><\/p>\n<p><strong>Package:<\/strong><\/p>\n<p>30x M2x4 nailoniniai stovai;<br \/>\n2x 35V 470\u00b5F capacitors;<br \/>\n2x 25V 220\u00b5F capacitors;<br \/>\n20x M2 1 mm nailonin\u0117s tarpin\u0117s;<br \/>\n20x M2 savaime u\u017esifiksuojan\u010dios ver\u017el\u0117s;<br \/>\n20x M2x6.6 amortizaciniai rutuliukai;<br \/>\n20x M2 amortizaciniai \u017eiedai;<br \/>\n20x M2 \u012fpresuojamos ver\u017el\u0117s;<br \/>\n5x XT30 jungtys (male);<br \/>\n60x M2x4 kupolo galvut\u0117s var\u017etai;<br \/>\n60x M2x5 kupolo galvut\u0117s var\u017etai;<br \/>\n60x M2x6 kupolo galvut\u0117s var\u017etai;<br \/>\n60x M2x7 kupolo galvut\u0117s var\u017etai;<br \/>\n60x M2x8 kupolo galvut\u0117s var\u017etai;<br \/>\n40x M2x10 kupolo galvut\u0117s var\u017etai;<br \/>\n40x M2x12 kupolo galvut\u0117s var\u017etai;<br \/>\n40x M2x20 kupolo galvut\u0117s var\u017etai.<\/p>\n<p><img loading=\"lazy\" decoding=\"async\" class=\"alignnone wp-image-18822\" src=\"https:\/\/1dronas.lt\/wp-content\/uploads\/2026\/04\/1aa642f3cb91498a02a53e7e2880be0d_900x-e1776618503959.webp\" alt=\"\" width=\"417\" height=\"447\" srcset=\"https:\/\/1dronas.lt\/wp-content\/uploads\/2026\/04\/1aa642f3cb91498a02a53e7e2880be0d_900x-e1776618503959.webp 582w, https:\/\/1dronas.lt\/wp-content\/uploads\/2026\/04\/1aa642f3cb91498a02a53e7e2880be0d_900x-e1776618503959-279x300.webp 279w, https:\/\/1dronas.lt\/wp-content\/uploads\/2026\/04\/1aa642f3cb91498a02a53e7e2880be0d_900x-e1776618503959-11x12.webp 11w, https:\/\/1dronas.lt\/wp-content\/uploads\/2026\/04\/1aa642f3cb91498a02a53e7e2880be0d_900x-e1776618503959-510x548.webp 510w\" sizes=\"auto, (max-width: 417px) 100vw, 417px\" \/><\/p>","protected":false},"excerpt":{"rendered":"<p><span style=\"color: #333333;\">Kompakti\u0161kas ir lengvas d\u0117klas su M2 tvirtinimo detal\u0117mis \u2013 patogus laikyti, transportuoti ir naudoti FPV dron\u0173 surinkimui bei remontui.<\/span><\/p>\n<p><span style=\"color: #333333;\"><strong><img loading=\"lazy\" decoding=\"async\" class=\"alignnone wp-image-1806\" src=\"https:\/\/1dronas.lt\/wp-content\/uploads\/2021\/05\/delivery-icon.png.webp\" alt=\"\" width=\"24\" height=\"24\" srcset=\"https:\/\/1dronas.lt\/wp-content\/uploads\/2021\/05\/delivery-icon.png 35w, https:\/\/1dronas.lt\/wp-content\/uploads\/2021\/05\/delivery-icon-12x12.png 12w\" sizes=\"auto, (max-width: 24px) 100vw, 24px\" \/><\/strong> \u00a0<strong>1 \u2013 2 days<\/strong><\/span><\/p>","protected":false},"featured_media":18903,"comment_status":"open","ping_status":"closed","template":"","meta":[],"product_brand":[1152],"product_cat":[684],"product_tag":[90,1297],"class_list":{"0":"post-18820","1":"product","2":"type-product","3":"status-publish","4":"has-post-thumbnail","6":"product_brand-flywoo","7":"product_cat-sraigtai-tarpines","8":"product_tag-flywoo","9":"product_tag-flywoo-m2-tvirtinimo-detaliu-rinkinys","11":"first","12":"instock","13":"taxable","14":"shipping-taxable","15":"purchasable","16":"product-type-simple"},"yoast_head":"<!-- This site is optimized with the Yoast SEO plugin v27.4 - https:\/\/yoast.com\/product\/yoast-seo-wordpress\/ -->\n<title>Flywoo M2 tvirtinimo detali\u0173 rinkinys - 1dronas.lt<\/title>\n<meta name=\"robots\" content=\"index, follow, max-snippet:-1, max-image-preview:large, max-video-preview:-1\" \/>\n<link rel=\"canonical\" href=\"https:\/\/1dronas.lt\/en\/produktas\/flywoo-m2-tvirtinimo-detaliu-rinkinys\/\" \/>\n<meta property=\"og:locale\" content=\"en_US\" \/>\n<meta property=\"og:type\" content=\"article\" \/>\n<meta property=\"og:title\" content=\"Flywoo M2 tvirtinimo detali\u0173 rinkinys - 1dronas.lt\" \/>\n<meta property=\"og:description\" content=\"Kompakti\u0161kas ir lengvas d\u0117klas su M2 tvirtinimo detal\u0117mis \u2013 patogus laikyti, transportuoti ir naudoti FPV dron\u0173 surinkimui bei remontui.   \u00a01 \u2013 2 d. d.\" \/>\n<meta property=\"og:url\" content=\"https:\/\/1dronas.lt\/en\/produktas\/flywoo-m2-tvirtinimo-detaliu-rinkinys\/\" \/>\n<meta property=\"og:site_name\" content=\"1dronas.lt\" \/>\n<meta property=\"article:publisher\" content=\"https:\/\/www.facebook.com\/1dronas\/\" \/>\n<meta property=\"article:modified_time\" content=\"2026-04-23T20:18:14+00:00\" \/>\n<meta property=\"og:image\" content=\"https:\/\/1dronas.lt\/wp-content\/uploads\/2026\/04\/1aa642f3cb91498a02a53e7e2880be0d_1800x-Background-Removed.jpeg\" \/>\n\t<meta property=\"og:image:width\" content=\"1000\" \/>\n\t<meta property=\"og:image:height\" content=\"1000\" \/>\n\t<meta property=\"og:image:type\" content=\"image\/jpeg\" \/>\n<meta name=\"twitter:card\" content=\"summary_large_image\" \/>\n<meta name=\"twitter:label1\" content=\"Est. reading time\" \/>\n\t<meta name=\"twitter:data1\" content=\"2 minutes\" \/>\n<script type=\"application\/ld+json\" class=\"yoast-schema-graph\">{\"@context\":\"https:\\\/\\\/schema.org\",\"@graph\":[{\"@type\":\"WebPage\",\"@id\":\"https:\\\/\\\/1dronas.lt\\\/en\\\/produktas\\\/flywoo-m2-tvirtinimo-detaliu-rinkinys\\\/\",\"url\":\"https:\\\/\\\/1dronas.lt\\\/en\\\/produktas\\\/flywoo-m2-tvirtinimo-detaliu-rinkinys\\\/\",\"name\":\"Flywoo M2 tvirtinimo detali\u0173 rinkinys - 1dronas.lt\",\"isPartOf\":{\"@id\":\"https:\\\/\\\/1dronas.lt\\\/en\\\/#website\"},\"primaryImageOfPage\":{\"@id\":\"https:\\\/\\\/1dronas.lt\\\/en\\\/produktas\\\/flywoo-m2-tvirtinimo-detaliu-rinkinys\\\/#primaryimage\"},\"image\":{\"@id\":\"https:\\\/\\\/1dronas.lt\\\/en\\\/produktas\\\/flywoo-m2-tvirtinimo-detaliu-rinkinys\\\/#primaryimage\"},\"thumbnailUrl\":\"https:\\\/\\\/1dronas.lt\\\/wp-content\\\/uploads\\\/2026\\\/04\\\/1aa642f3cb91498a02a53e7e2880be0d_1800x-Background-Removed.jpeg\",\"datePublished\":\"2026-04-23T20:15:07+00:00\",\"dateModified\":\"2026-04-23T20:18:14+00:00\",\"breadcrumb\":{\"@id\":\"https:\\\/\\\/1dronas.lt\\\/en\\\/produktas\\\/flywoo-m2-tvirtinimo-detaliu-rinkinys\\\/#breadcrumb\"},\"inLanguage\":\"en-US\",\"potentialAction\":[{\"@type\":\"ReadAction\",\"target\":[\"https:\\\/\\\/1dronas.lt\\\/en\\\/produktas\\\/flywoo-m2-tvirtinimo-detaliu-rinkinys\\\/\"]}]},{\"@type\":\"ImageObject\",\"inLanguage\":\"en-US\",\"@id\":\"https:\\\/\\\/1dronas.lt\\\/en\\\/produktas\\\/flywoo-m2-tvirtinimo-detaliu-rinkinys\\\/#primaryimage\",\"url\":\"https:\\\/\\\/1dronas.lt\\\/wp-content\\\/uploads\\\/2026\\\/04\\\/1aa642f3cb91498a02a53e7e2880be0d_1800x-Background-Removed.jpeg\",\"contentUrl\":\"https:\\\/\\\/1dronas.lt\\\/wp-content\\\/uploads\\\/2026\\\/04\\\/1aa642f3cb91498a02a53e7e2880be0d_1800x-Background-Removed.jpeg\",\"width\":1000,\"height\":1000},{\"@type\":\"BreadcrumbList\",\"@id\":\"https:\\\/\\\/1dronas.lt\\\/en\\\/produktas\\\/flywoo-m2-tvirtinimo-detaliu-rinkinys\\\/#breadcrumb\",\"itemListElement\":[{\"@type\":\"ListItem\",\"position\":1,\"name\":\"Home\",\"item\":\"https:\\\/\\\/1dronas.lt\\\/\"},{\"@type\":\"ListItem\",\"position\":2,\"name\":\"Parduotuv\u0117\",\"item\":\"https:\\\/\\\/1dronas.lt\\\/parduotuve\\\/\"},{\"@type\":\"ListItem\",\"position\":3,\"name\":\"Flywoo M2 tvirtinimo detali\u0173 rinkinys\"}]},{\"@type\":\"WebSite\",\"@id\":\"https:\\\/\\\/1dronas.lt\\\/en\\\/#website\",\"url\":\"https:\\\/\\\/1dronas.lt\\\/en\\\/\",\"name\":\"1dronas.lt\",\"description\":\"Internetin\u0117 parduotuv\u0117\",\"publisher\":{\"@id\":\"https:\\\/\\\/1dronas.lt\\\/en\\\/#organization\"},\"potentialAction\":[{\"@type\":\"SearchAction\",\"target\":{\"@type\":\"EntryPoint\",\"urlTemplate\":\"https:\\\/\\\/1dronas.lt\\\/en\\\/?s={search_term_string}\"},\"query-input\":{\"@type\":\"PropertyValueSpecification\",\"valueRequired\":true,\"valueName\":\"search_term_string\"}}],\"inLanguage\":\"en-US\"},{\"@type\":\"Organization\",\"@id\":\"https:\\\/\\\/1dronas.lt\\\/en\\\/#organization\",\"name\":\"1dronas.lt\",\"url\":\"https:\\\/\\\/1dronas.lt\\\/en\\\/\",\"logo\":{\"@type\":\"ImageObject\",\"inLanguage\":\"en-US\",\"@id\":\"https:\\\/\\\/1dronas.lt\\\/en\\\/#\\\/schema\\\/logo\\\/image\\\/\",\"url\":\"https:\\\/\\\/1dronas.lt\\\/wp-content\\\/uploads\\\/2020\\\/12\\\/Ekrano_kopija__2_-removebg-preview-1-1.png\",\"contentUrl\":\"https:\\\/\\\/1dronas.lt\\\/wp-content\\\/uploads\\\/2020\\\/12\\\/Ekrano_kopija__2_-removebg-preview-1-1.png\",\"width\":234,\"height\":81,\"caption\":\"1dronas.lt\"},\"image\":{\"@id\":\"https:\\\/\\\/1dronas.lt\\\/en\\\/#\\\/schema\\\/logo\\\/image\\\/\"},\"sameAs\":[\"https:\\\/\\\/www.facebook.com\\\/1dronas\\\/\"]}]}<\/script>\n<!-- \/ Yoast SEO plugin. -->","yoast_head_json":{"title":"Flywoo M2 tvirtinimo detali\u0173 rinkinys - 1dronas.lt","robots":{"index":"index","follow":"follow","max-snippet":"max-snippet:-1","max-image-preview":"max-image-preview:large","max-video-preview":"max-video-preview:-1"},"canonical":"https:\/\/1dronas.lt\/en\/produktas\/flywoo-m2-tvirtinimo-detaliu-rinkinys\/","og_locale":"en_US","og_type":"article","og_title":"Flywoo M2 tvirtinimo detali\u0173 rinkinys - 1dronas.lt","og_description":"Kompakti\u0161kas ir lengvas d\u0117klas su M2 tvirtinimo detal\u0117mis \u2013 patogus laikyti, transportuoti ir naudoti FPV dron\u0173 surinkimui bei remontui.   \u00a01 \u2013 2 d. d.","og_url":"https:\/\/1dronas.lt\/en\/produktas\/flywoo-m2-tvirtinimo-detaliu-rinkinys\/","og_site_name":"1dronas.lt","article_publisher":"https:\/\/www.facebook.com\/1dronas\/","article_modified_time":"2026-04-23T20:18:14+00:00","og_image":[{"width":1000,"height":1000,"url":"https:\/\/1dronas.lt\/wp-content\/uploads\/2026\/04\/1aa642f3cb91498a02a53e7e2880be0d_1800x-Background-Removed.jpeg","type":"image\/jpeg"}],"twitter_card":"summary_large_image","twitter_misc":{"Est. reading time":"2 minutes"},"schema":{"@context":"https:\/\/schema.org","@graph":[{"@type":"WebPage","@id":"https:\/\/1dronas.lt\/en\/produktas\/flywoo-m2-tvirtinimo-detaliu-rinkinys\/","url":"https:\/\/1dronas.lt\/en\/produktas\/flywoo-m2-tvirtinimo-detaliu-rinkinys\/","name":"Flywoo M2 tvirtinimo detali\u0173 rinkinys - 1dronas.lt","isPartOf":{"@id":"https:\/\/1dronas.lt\/en\/#website"},"primaryImageOfPage":{"@id":"https:\/\/1dronas.lt\/en\/produktas\/flywoo-m2-tvirtinimo-detaliu-rinkinys\/#primaryimage"},"image":{"@id":"https:\/\/1dronas.lt\/en\/produktas\/flywoo-m2-tvirtinimo-detaliu-rinkinys\/#primaryimage"},"thumbnailUrl":"https:\/\/1dronas.lt\/wp-content\/uploads\/2026\/04\/1aa642f3cb91498a02a53e7e2880be0d_1800x-Background-Removed.jpeg","datePublished":"2026-04-23T20:15:07+00:00","dateModified":"2026-04-23T20:18:14+00:00","breadcrumb":{"@id":"https:\/\/1dronas.lt\/en\/produktas\/flywoo-m2-tvirtinimo-detaliu-rinkinys\/#breadcrumb"},"inLanguage":"en-US","potentialAction":[{"@type":"ReadAction","target":["https:\/\/1dronas.lt\/en\/produktas\/flywoo-m2-tvirtinimo-detaliu-rinkinys\/"]}]},{"@type":"ImageObject","inLanguage":"en-US","@id":"https:\/\/1dronas.lt\/en\/produktas\/flywoo-m2-tvirtinimo-detaliu-rinkinys\/#primaryimage","url":"https:\/\/1dronas.lt\/wp-content\/uploads\/2026\/04\/1aa642f3cb91498a02a53e7e2880be0d_1800x-Background-Removed.jpeg","contentUrl":"https:\/\/1dronas.lt\/wp-content\/uploads\/2026\/04\/1aa642f3cb91498a02a53e7e2880be0d_1800x-Background-Removed.jpeg","width":1000,"height":1000},{"@type":"BreadcrumbList","@id":"https:\/\/1dronas.lt\/en\/produktas\/flywoo-m2-tvirtinimo-detaliu-rinkinys\/#breadcrumb","itemListElement":[{"@type":"ListItem","position":1,"name":"Home","item":"https:\/\/1dronas.lt\/"},{"@type":"ListItem","position":2,"name":"Parduotuv\u0117","item":"https:\/\/1dronas.lt\/parduotuve\/"},{"@type":"ListItem","position":3,"name":"Flywoo M2 tvirtinimo detali\u0173 rinkinys"}]},{"@type":"WebSite","@id":"https:\/\/1dronas.lt\/en\/#website","url":"https:\/\/1dronas.lt\/en\/","name":"1dronas.lt","description":"Online store","publisher":{"@id":"https:\/\/1dronas.lt\/en\/#organization"},"potentialAction":[{"@type":"SearchAction","target":{"@type":"EntryPoint","urlTemplate":"https:\/\/1dronas.lt\/en\/?s={search_term_string}"},"query-input":{"@type":"PropertyValueSpecification","valueRequired":true,"valueName":"search_term_string"}}],"inLanguage":"en-US"},{"@type":"Organization","@id":"https:\/\/1dronas.lt\/en\/#organization","name":"1dronas.lt","url":"https:\/\/1dronas.lt\/en\/","logo":{"@type":"ImageObject","inLanguage":"en-US","@id":"https:\/\/1dronas.lt\/en\/#\/schema\/logo\/image\/","url":"https:\/\/1dronas.lt\/wp-content\/uploads\/2020\/12\/Ekrano_kopija__2_-removebg-preview-1-1.png","contentUrl":"https:\/\/1dronas.lt\/wp-content\/uploads\/2020\/12\/Ekrano_kopija__2_-removebg-preview-1-1.png","width":234,"height":81,"caption":"1dronas.lt"},"image":{"@id":"https:\/\/1dronas.lt\/en\/#\/schema\/logo\/image\/"},"sameAs":["https:\/\/www.facebook.com\/1dronas\/"]}]}},"jetpack_sharing_enabled":true,"_links":{"self":[{"href":"https:\/\/1dronas.lt\/en\/wp-json\/wp\/v2\/product\/18820","targetHints":{"allow":["GET"]}}],"collection":[{"href":"https:\/\/1dronas.lt\/en\/wp-json\/wp\/v2\/product"}],"about":[{"href":"https:\/\/1dronas.lt\/en\/wp-json\/wp\/v2\/types\/product"}],"replies":[{"embeddable":true,"href":"https:\/\/1dronas.lt\/en\/wp-json\/wp\/v2\/comments?post=18820"}],"wp:featuredmedia":[{"embeddable":true,"href":"https:\/\/1dronas.lt\/en\/wp-json\/wp\/v2\/media\/18903"}],"wp:attachment":[{"href":"https:\/\/1dronas.lt\/en\/wp-json\/wp\/v2\/media?parent=18820"}],"wp:term":[{"taxonomy":"product_brand","embeddable":true,"href":"https:\/\/1dronas.lt\/en\/wp-json\/wp\/v2\/product_brand?post=18820"},{"taxonomy":"product_cat","embeddable":true,"href":"https:\/\/1dronas.lt\/en\/wp-json\/wp\/v2\/product_cat?post=18820"},{"taxonomy":"product_tag","embeddable":true,"href":"https:\/\/1dronas.lt\/en\/wp-json\/wp\/v2\/product_tag?post=18820"}],"curies":[{"name":"wp","href":"https:\/\/api.w.org\/{rel}","templated":true}]}}