{"id":18817,"date":"2026-04-23T22:56:14","date_gmt":"2026-04-23T19:56:14","guid":{"rendered":"https:\/\/1dronas.lt\/?post_type=product&#038;p=18817"},"modified":"2026-04-23T22:58:34","modified_gmt":"2026-04-23T19:58:34","slug":"flywoo-m3-tvirtinimo-detaliu-rinkinys-fpv-dronams","status":"publish","type":"product","link":"https:\/\/1dronas.lt\/en\/produktas\/flywoo-m3-tvirtinimo-detaliu-rinkinys-fpv-dronams\/","title":{"rendered":"Flywoo M3 Fastener Kit"},"content":{"rendered":"<p>Flywoo M3 Fastener Kit for FPV Drones - A universal set of screws and fasteners for all your assembly needs. This is an M3 size kit that is perfect for building, repairing and upgrading FPV drones.<\/p>\n<p><strong>Specification:<\/strong><\/p>\n<p>\u2022 Color: orange;<br \/>\n\u2022 Weight: 480 g;<br \/>\n\u2022 Length: 16.5 cm;<br \/>\n\u2022 Height: 4.6 cm;<br \/>\n\u2022 Width: 8.9 cm.<\/p>\n<p><strong>Package:<\/strong><\/p>\n<p>20x M3\u00d78 rubber shock absorber balls;<br \/>\n2x 35V 470\u00b5F capacitors;<br \/>\n2x 25V 220\u00b5F capacitors;<br \/>\n20x M3 1mm nylon spacers;<br \/>\n20x M3 rubber shock absorber rings;<br \/>\n20x M3 press-in nuts;<br \/>\n30x M3 nylon self-locking nuts;<br \/>\n10x M5 motor nuts;<br \/>\n20x M3x4.5 mm rubber shock absorber balls;<br \/>\n4x XT60 connectors (male);<br \/>\n60x M3x5 dome head screws;<br \/>\n60x M3x6 round head screws;<br \/>\n50x M3x8 round head screws;<br \/>\n40x M3x10 round head screws;<br \/>\n40x M3x12 round head screws;<br \/>\n30x M3x14 dome head screws;<br \/>\n30x M3x16 round head screws.<\/p>\n<p><img loading=\"lazy\" decoding=\"async\" class=\"alignnone wp-image-18818\" src=\"https:\/\/1dronas.lt\/wp-content\/uploads\/2026\/04\/d9c10baa2827d595e0d0ebf2fbb5a5d5_900x-e1776617851712.webp\" alt=\"\" width=\"422\" height=\"455\" srcset=\"https:\/\/1dronas.lt\/wp-content\/uploads\/2026\/04\/d9c10baa2827d595e0d0ebf2fbb5a5d5_900x-e1776617851712.webp 582w, https:\/\/1dronas.lt\/wp-content\/uploads\/2026\/04\/d9c10baa2827d595e0d0ebf2fbb5a5d5_900x-e1776617851712-278x300.webp 278w, https:\/\/1dronas.lt\/wp-content\/uploads\/2026\/04\/d9c10baa2827d595e0d0ebf2fbb5a5d5_900x-e1776617851712-11x12.webp 11w, https:\/\/1dronas.lt\/wp-content\/uploads\/2026\/04\/d9c10baa2827d595e0d0ebf2fbb5a5d5_900x-e1776617851712-510x549.webp 510w\" sizes=\"auto, (max-width: 422px) 100vw, 422px\" \/><\/p>","protected":false},"excerpt":{"rendered":"<p><span style=\"color: #333333;\">Flywoo M3 mounting kit for FPV drones with all the necessary M3 mounting hardware for FPV drone assembly - lightweight, tidy and easy to transport.<\/span><\/p>\n<p><span style=\"color: #333333;\"><strong><img loading=\"lazy\" decoding=\"async\" class=\"alignnone wp-image-1806\" src=\"https:\/\/1dronas.lt\/wp-content\/uploads\/2021\/05\/delivery-icon.png.webp\" alt=\"\" width=\"24\" height=\"24\" srcset=\"https:\/\/1dronas.lt\/wp-content\/uploads\/2021\/05\/delivery-icon.png 35w, https:\/\/1dronas.lt\/wp-content\/uploads\/2021\/05\/delivery-icon-12x12.png 12w\" sizes=\"auto, (max-width: 24px) 100vw, 24px\" \/><\/strong> \u00a0<strong>1 \u2013 2 days<\/strong><\/span><\/p>","protected":false},"featured_media":18897,"comment_status":"open","ping_status":"closed","template":"","meta":[],"product_brand":[1152],"product_cat":[684],"product_tag":[90,1296,379],"class_list":{"0":"post-18817","1":"product","2":"type-product","3":"status-publish","4":"has-post-thumbnail","6":"product_brand-flywoo","7":"product_cat-sraigtai-tarpines","8":"product_tag-flywoo","9":"product_tag-flywoo-m3-tvirtinimo-detaliu-rinkinys","10":"product_tag-komplektas","12":"first","13":"instock","14":"taxable","15":"shipping-taxable","16":"purchasable","17":"product-type-simple"},"yoast_head":"<!-- This site is optimized with the Yoast SEO plugin v27.4 - https:\/\/yoast.com\/product\/yoast-seo-wordpress\/ -->\n<title>Flywoo M3 tvirtinimo detali\u0173 rinkinys - 1dronas.lt<\/title>\n<meta name=\"robots\" content=\"index, follow, max-snippet:-1, max-image-preview:large, max-video-preview:-1\" \/>\n<link rel=\"canonical\" href=\"https:\/\/1dronas.lt\/en\/produktas\/flywoo-m3-tvirtinimo-detaliu-rinkinys-fpv-dronams\/\" \/>\n<meta property=\"og:locale\" content=\"en_US\" \/>\n<meta property=\"og:type\" content=\"article\" \/>\n<meta property=\"og:title\" content=\"Flywoo M3 tvirtinimo detali\u0173 rinkinys - 1dronas.lt\" \/>\n<meta property=\"og:description\" content=\"Flywoo M3 tvirtinimo detali\u0173 rinkinys FPV dronams su visomis reikalingomis M3 tvirtinimo detal\u0117mis FPV dron\u0173 surinkimui \u2013 lengvas, tvarkingas ir lengvai transportuojamas.   \u00a01 \u2013 2 d. d.\" \/>\n<meta property=\"og:url\" content=\"https:\/\/1dronas.lt\/en\/produktas\/flywoo-m3-tvirtinimo-detaliu-rinkinys-fpv-dronams\/\" \/>\n<meta property=\"og:site_name\" content=\"1dronas.lt\" \/>\n<meta property=\"article:publisher\" content=\"https:\/\/www.facebook.com\/1dronas\/\" \/>\n<meta property=\"article:modified_time\" content=\"2026-04-23T19:58:34+00:00\" \/>\n<meta property=\"og:image\" content=\"https:\/\/1dronas.lt\/wp-content\/uploads\/2026\/04\/d9c10baa2827d595e0d0ebf2fbb5a5d5_1800x-Background-Removed.jpeg\" \/>\n\t<meta property=\"og:image:width\" content=\"1000\" \/>\n\t<meta property=\"og:image:height\" content=\"1000\" \/>\n\t<meta property=\"og:image:type\" content=\"image\/jpeg\" \/>\n<meta name=\"twitter:card\" content=\"summary_large_image\" \/>\n<meta name=\"twitter:label1\" content=\"Est. reading time\" \/>\n\t<meta name=\"twitter:data1\" content=\"2 minutes\" \/>\n<script type=\"application\/ld+json\" class=\"yoast-schema-graph\">{\"@context\":\"https:\\\/\\\/schema.org\",\"@graph\":[{\"@type\":\"WebPage\",\"@id\":\"https:\\\/\\\/1dronas.lt\\\/en\\\/produktas\\\/flywoo-m3-tvirtinimo-detaliu-rinkinys-fpv-dronams\\\/\",\"url\":\"https:\\\/\\\/1dronas.lt\\\/en\\\/produktas\\\/flywoo-m3-tvirtinimo-detaliu-rinkinys-fpv-dronams\\\/\",\"name\":\"Flywoo M3 tvirtinimo detali\u0173 rinkinys - 1dronas.lt\",\"isPartOf\":{\"@id\":\"https:\\\/\\\/1dronas.lt\\\/en\\\/#website\"},\"primaryImageOfPage\":{\"@id\":\"https:\\\/\\\/1dronas.lt\\\/en\\\/produktas\\\/flywoo-m3-tvirtinimo-detaliu-rinkinys-fpv-dronams\\\/#primaryimage\"},\"image\":{\"@id\":\"https:\\\/\\\/1dronas.lt\\\/en\\\/produktas\\\/flywoo-m3-tvirtinimo-detaliu-rinkinys-fpv-dronams\\\/#primaryimage\"},\"thumbnailUrl\":\"https:\\\/\\\/1dronas.lt\\\/wp-content\\\/uploads\\\/2026\\\/04\\\/d9c10baa2827d595e0d0ebf2fbb5a5d5_1800x-Background-Removed.jpeg\",\"datePublished\":\"2026-04-23T19:56:14+00:00\",\"dateModified\":\"2026-04-23T19:58:34+00:00\",\"breadcrumb\":{\"@id\":\"https:\\\/\\\/1dronas.lt\\\/en\\\/produktas\\\/flywoo-m3-tvirtinimo-detaliu-rinkinys-fpv-dronams\\\/#breadcrumb\"},\"inLanguage\":\"en-US\",\"potentialAction\":[{\"@type\":\"ReadAction\",\"target\":[\"https:\\\/\\\/1dronas.lt\\\/en\\\/produktas\\\/flywoo-m3-tvirtinimo-detaliu-rinkinys-fpv-dronams\\\/\"]}]},{\"@type\":\"ImageObject\",\"inLanguage\":\"en-US\",\"@id\":\"https:\\\/\\\/1dronas.lt\\\/en\\\/produktas\\\/flywoo-m3-tvirtinimo-detaliu-rinkinys-fpv-dronams\\\/#primaryimage\",\"url\":\"https:\\\/\\\/1dronas.lt\\\/wp-content\\\/uploads\\\/2026\\\/04\\\/d9c10baa2827d595e0d0ebf2fbb5a5d5_1800x-Background-Removed.jpeg\",\"contentUrl\":\"https:\\\/\\\/1dronas.lt\\\/wp-content\\\/uploads\\\/2026\\\/04\\\/d9c10baa2827d595e0d0ebf2fbb5a5d5_1800x-Background-Removed.jpeg\",\"width\":1000,\"height\":1000},{\"@type\":\"BreadcrumbList\",\"@id\":\"https:\\\/\\\/1dronas.lt\\\/en\\\/produktas\\\/flywoo-m3-tvirtinimo-detaliu-rinkinys-fpv-dronams\\\/#breadcrumb\",\"itemListElement\":[{\"@type\":\"ListItem\",\"position\":1,\"name\":\"Home\",\"item\":\"https:\\\/\\\/1dronas.lt\\\/\"},{\"@type\":\"ListItem\",\"position\":2,\"name\":\"Parduotuv\u0117\",\"item\":\"https:\\\/\\\/1dronas.lt\\\/parduotuve\\\/\"},{\"@type\":\"ListItem\",\"position\":3,\"name\":\"Flywoo M3 tvirtinimo detali\u0173 rinkinys\"}]},{\"@type\":\"WebSite\",\"@id\":\"https:\\\/\\\/1dronas.lt\\\/en\\\/#website\",\"url\":\"https:\\\/\\\/1dronas.lt\\\/en\\\/\",\"name\":\"1dronas.lt\",\"description\":\"Internetin\u0117 parduotuv\u0117\",\"publisher\":{\"@id\":\"https:\\\/\\\/1dronas.lt\\\/en\\\/#organization\"},\"potentialAction\":[{\"@type\":\"SearchAction\",\"target\":{\"@type\":\"EntryPoint\",\"urlTemplate\":\"https:\\\/\\\/1dronas.lt\\\/en\\\/?s={search_term_string}\"},\"query-input\":{\"@type\":\"PropertyValueSpecification\",\"valueRequired\":true,\"valueName\":\"search_term_string\"}}],\"inLanguage\":\"en-US\"},{\"@type\":\"Organization\",\"@id\":\"https:\\\/\\\/1dronas.lt\\\/en\\\/#organization\",\"name\":\"1dronas.lt\",\"url\":\"https:\\\/\\\/1dronas.lt\\\/en\\\/\",\"logo\":{\"@type\":\"ImageObject\",\"inLanguage\":\"en-US\",\"@id\":\"https:\\\/\\\/1dronas.lt\\\/en\\\/#\\\/schema\\\/logo\\\/image\\\/\",\"url\":\"https:\\\/\\\/1dronas.lt\\\/wp-content\\\/uploads\\\/2020\\\/12\\\/Ekrano_kopija__2_-removebg-preview-1-1.png\",\"contentUrl\":\"https:\\\/\\\/1dronas.lt\\\/wp-content\\\/uploads\\\/2020\\\/12\\\/Ekrano_kopija__2_-removebg-preview-1-1.png\",\"width\":234,\"height\":81,\"caption\":\"1dronas.lt\"},\"image\":{\"@id\":\"https:\\\/\\\/1dronas.lt\\\/en\\\/#\\\/schema\\\/logo\\\/image\\\/\"},\"sameAs\":[\"https:\\\/\\\/www.facebook.com\\\/1dronas\\\/\"]}]}<\/script>\n<!-- \/ Yoast SEO plugin. -->","yoast_head_json":{"title":"Flywoo M3 tvirtinimo detali\u0173 rinkinys - 1dronas.lt","robots":{"index":"index","follow":"follow","max-snippet":"max-snippet:-1","max-image-preview":"max-image-preview:large","max-video-preview":"max-video-preview:-1"},"canonical":"https:\/\/1dronas.lt\/en\/produktas\/flywoo-m3-tvirtinimo-detaliu-rinkinys-fpv-dronams\/","og_locale":"en_US","og_type":"article","og_title":"Flywoo M3 tvirtinimo detali\u0173 rinkinys - 1dronas.lt","og_description":"Flywoo M3 tvirtinimo detali\u0173 rinkinys FPV dronams su visomis reikalingomis M3 tvirtinimo detal\u0117mis FPV dron\u0173 surinkimui \u2013 lengvas, tvarkingas ir lengvai transportuojamas.   \u00a01 \u2013 2 d. d.","og_url":"https:\/\/1dronas.lt\/en\/produktas\/flywoo-m3-tvirtinimo-detaliu-rinkinys-fpv-dronams\/","og_site_name":"1dronas.lt","article_publisher":"https:\/\/www.facebook.com\/1dronas\/","article_modified_time":"2026-04-23T19:58:34+00:00","og_image":[{"width":1000,"height":1000,"url":"https:\/\/1dronas.lt\/wp-content\/uploads\/2026\/04\/d9c10baa2827d595e0d0ebf2fbb5a5d5_1800x-Background-Removed.jpeg","type":"image\/jpeg"}],"twitter_card":"summary_large_image","twitter_misc":{"Est. reading time":"2 minutes"},"schema":{"@context":"https:\/\/schema.org","@graph":[{"@type":"WebPage","@id":"https:\/\/1dronas.lt\/en\/produktas\/flywoo-m3-tvirtinimo-detaliu-rinkinys-fpv-dronams\/","url":"https:\/\/1dronas.lt\/en\/produktas\/flywoo-m3-tvirtinimo-detaliu-rinkinys-fpv-dronams\/","name":"Flywoo M3 tvirtinimo detali\u0173 rinkinys - 1dronas.lt","isPartOf":{"@id":"https:\/\/1dronas.lt\/en\/#website"},"primaryImageOfPage":{"@id":"https:\/\/1dronas.lt\/en\/produktas\/flywoo-m3-tvirtinimo-detaliu-rinkinys-fpv-dronams\/#primaryimage"},"image":{"@id":"https:\/\/1dronas.lt\/en\/produktas\/flywoo-m3-tvirtinimo-detaliu-rinkinys-fpv-dronams\/#primaryimage"},"thumbnailUrl":"https:\/\/1dronas.lt\/wp-content\/uploads\/2026\/04\/d9c10baa2827d595e0d0ebf2fbb5a5d5_1800x-Background-Removed.jpeg","datePublished":"2026-04-23T19:56:14+00:00","dateModified":"2026-04-23T19:58:34+00:00","breadcrumb":{"@id":"https:\/\/1dronas.lt\/en\/produktas\/flywoo-m3-tvirtinimo-detaliu-rinkinys-fpv-dronams\/#breadcrumb"},"inLanguage":"en-US","potentialAction":[{"@type":"ReadAction","target":["https:\/\/1dronas.lt\/en\/produktas\/flywoo-m3-tvirtinimo-detaliu-rinkinys-fpv-dronams\/"]}]},{"@type":"ImageObject","inLanguage":"en-US","@id":"https:\/\/1dronas.lt\/en\/produktas\/flywoo-m3-tvirtinimo-detaliu-rinkinys-fpv-dronams\/#primaryimage","url":"https:\/\/1dronas.lt\/wp-content\/uploads\/2026\/04\/d9c10baa2827d595e0d0ebf2fbb5a5d5_1800x-Background-Removed.jpeg","contentUrl":"https:\/\/1dronas.lt\/wp-content\/uploads\/2026\/04\/d9c10baa2827d595e0d0ebf2fbb5a5d5_1800x-Background-Removed.jpeg","width":1000,"height":1000},{"@type":"BreadcrumbList","@id":"https:\/\/1dronas.lt\/en\/produktas\/flywoo-m3-tvirtinimo-detaliu-rinkinys-fpv-dronams\/#breadcrumb","itemListElement":[{"@type":"ListItem","position":1,"name":"Home","item":"https:\/\/1dronas.lt\/"},{"@type":"ListItem","position":2,"name":"Parduotuv\u0117","item":"https:\/\/1dronas.lt\/parduotuve\/"},{"@type":"ListItem","position":3,"name":"Flywoo M3 tvirtinimo detali\u0173 rinkinys"}]},{"@type":"WebSite","@id":"https:\/\/1dronas.lt\/en\/#website","url":"https:\/\/1dronas.lt\/en\/","name":"1dronas.lt","description":"Online store","publisher":{"@id":"https:\/\/1dronas.lt\/en\/#organization"},"potentialAction":[{"@type":"SearchAction","target":{"@type":"EntryPoint","urlTemplate":"https:\/\/1dronas.lt\/en\/?s={search_term_string}"},"query-input":{"@type":"PropertyValueSpecification","valueRequired":true,"valueName":"search_term_string"}}],"inLanguage":"en-US"},{"@type":"Organization","@id":"https:\/\/1dronas.lt\/en\/#organization","name":"1dronas.lt","url":"https:\/\/1dronas.lt\/en\/","logo":{"@type":"ImageObject","inLanguage":"en-US","@id":"https:\/\/1dronas.lt\/en\/#\/schema\/logo\/image\/","url":"https:\/\/1dronas.lt\/wp-content\/uploads\/2020\/12\/Ekrano_kopija__2_-removebg-preview-1-1.png","contentUrl":"https:\/\/1dronas.lt\/wp-content\/uploads\/2020\/12\/Ekrano_kopija__2_-removebg-preview-1-1.png","width":234,"height":81,"caption":"1dronas.lt"},"image":{"@id":"https:\/\/1dronas.lt\/en\/#\/schema\/logo\/image\/"},"sameAs":["https:\/\/www.facebook.com\/1dronas\/"]}]}},"jetpack_sharing_enabled":true,"_links":{"self":[{"href":"https:\/\/1dronas.lt\/en\/wp-json\/wp\/v2\/product\/18817","targetHints":{"allow":["GET"]}}],"collection":[{"href":"https:\/\/1dronas.lt\/en\/wp-json\/wp\/v2\/product"}],"about":[{"href":"https:\/\/1dronas.lt\/en\/wp-json\/wp\/v2\/types\/product"}],"replies":[{"embeddable":true,"href":"https:\/\/1dronas.lt\/en\/wp-json\/wp\/v2\/comments?post=18817"}],"wp:featuredmedia":[{"embeddable":true,"href":"https:\/\/1dronas.lt\/en\/wp-json\/wp\/v2\/media\/18897"}],"wp:attachment":[{"href":"https:\/\/1dronas.lt\/en\/wp-json\/wp\/v2\/media?parent=18817"}],"wp:term":[{"taxonomy":"product_brand","embeddable":true,"href":"https:\/\/1dronas.lt\/en\/wp-json\/wp\/v2\/product_brand?post=18817"},{"taxonomy":"product_cat","embeddable":true,"href":"https:\/\/1dronas.lt\/en\/wp-json\/wp\/v2\/product_cat?post=18817"},{"taxonomy":"product_tag","embeddable":true,"href":"https:\/\/1dronas.lt\/en\/wp-json\/wp\/v2\/product_tag?post=18817"}],"curies":[{"name":"wp","href":"https:\/\/api.w.org\/{rel}","templated":true}]}}