{"id":18800,"date":"2026-04-23T22:07:52","date_gmt":"2026-04-23T19:07:52","guid":{"rendered":"https:\/\/1dronas.lt\/?post_type=product&#038;p=18800"},"modified":"2026-04-23T22:07:52","modified_gmt":"2026-04-23T19:07:52","slug":"flywoo-fpv-halo-race-gate","status":"publish","type":"product","link":"https:\/\/1dronas.lt\/en\/produktas\/flywoo-fpv-halo-race-gate\/","title":{"rendered":"Flywoo FPV Halo Race Gate"},"content":{"rendered":"<p><img loading=\"lazy\" decoding=\"async\" class=\"alignnone size-full wp-image-18810\" src=\"https:\/\/1dronas.lt\/wp-content\/uploads\/2026\/04\/1-45.webp\" alt=\"\" width=\"1600\" height=\"1977\" srcset=\"https:\/\/1dronas.lt\/wp-content\/uploads\/2026\/04\/1-45.webp 1600w, https:\/\/1dronas.lt\/wp-content\/uploads\/2026\/04\/1-45-243x300.webp 243w, https:\/\/1dronas.lt\/wp-content\/uploads\/2026\/04\/1-45-829x1024.webp 829w, https:\/\/1dronas.lt\/wp-content\/uploads\/2026\/04\/1-45-768x949.webp 768w, https:\/\/1dronas.lt\/wp-content\/uploads\/2026\/04\/1-45-1243x1536.webp 1243w, https:\/\/1dronas.lt\/wp-content\/uploads\/2026\/04\/1-45-10x12.webp 10w, https:\/\/1dronas.lt\/wp-content\/uploads\/2026\/04\/1-45-510x630.webp 510w\" sizes=\"auto, (max-width: 1600px) 100vw, 1600px\" \/><\/p>\n<p>Flywoo FPV Halo Racing Gate is a lightweight and durable gate for drone racing and training. It features programmable LED lighting (up to 100 LEDs), controlled by a remote control, and Velcro fasteners for easy installation. Suitable for use in the yard, competitions or training.<\/p>\n<p><strong>Features:<\/strong><\/p>\n<p>\u2022 Special, durable fabric adapted for FPV use;<br \/>\n\u2022 Up to 8 Velcro attachment loop surfaces;<br \/>\n\u2022 Soft but shape-retaining frame;<br \/>\n\u2022 Velcro strips with adhesive backing for convenient installation.<\/p>\n<p><strong>Specification:<\/strong><\/p>\n<p>\u2022 Type: round;<br \/>\n\u2022 Inner diameter: 45 cm;<br \/>\n\u2022 Fabric width: 10 cm;<br \/>\n\u2022 Weight: 100 g (1 pc).<\/p>\n<p><strong>Measurements:<\/strong><\/p>\n<p><img loading=\"lazy\" decoding=\"async\" class=\"alignnone wp-image-18814\" src=\"https:\/\/1dronas.lt\/wp-content\/uploads\/2026\/04\/6-16_900x-1-e1776616156659.webp\" alt=\"\" width=\"631\" height=\"537\" srcset=\"https:\/\/1dronas.lt\/wp-content\/uploads\/2026\/04\/6-16_900x-1-e1776616156659.webp 769w, https:\/\/1dronas.lt\/wp-content\/uploads\/2026\/04\/6-16_900x-1-e1776616156659-300x256.webp 300w, https:\/\/1dronas.lt\/wp-content\/uploads\/2026\/04\/6-16_900x-1-e1776616156659-14x12.webp 14w, https:\/\/1dronas.lt\/wp-content\/uploads\/2026\/04\/6-16_900x-1-e1776616156659-510x434.webp 510w\" sizes=\"auto, (max-width: 631px) 100vw, 631px\" \/><\/p>\n<p><img loading=\"lazy\" decoding=\"async\" class=\"alignnone size-full wp-image-18815\" src=\"https:\/\/1dronas.lt\/wp-content\/uploads\/2026\/04\/10-8_900x-1-e1776616195974.webp\" alt=\"\" width=\"631\" height=\"702\" srcset=\"https:\/\/1dronas.lt\/wp-content\/uploads\/2026\/04\/10-8_900x-1-e1776616195974.webp 631w, https:\/\/1dronas.lt\/wp-content\/uploads\/2026\/04\/10-8_900x-1-e1776616195974-270x300.webp 270w, https:\/\/1dronas.lt\/wp-content\/uploads\/2026\/04\/10-8_900x-1-e1776616195974-11x12.webp 11w, https:\/\/1dronas.lt\/wp-content\/uploads\/2026\/04\/10-8_900x-1-e1776616195974-510x567.webp 510w\" sizes=\"auto, (max-width: 631px) 100vw, 631px\" \/><\/p>\n<p><strong>Durable materials:<\/strong><\/p>\n<p>The Flywoo FPV Halo Racing Gate is made of high-quality, lightweight and durable fabric that is resistant and durable. The construction is designed to withstand the various challenges of FPV racing and ensure reliable use.<\/p>\n<p><img loading=\"lazy\" decoding=\"async\" class=\"alignnone size-full wp-image-18809\" src=\"https:\/\/1dronas.lt\/wp-content\/uploads\/2026\/04\/2-44.webp\" alt=\"\" width=\"1600\" height=\"2184\" srcset=\"https:\/\/1dronas.lt\/wp-content\/uploads\/2026\/04\/2-44.webp 1600w, https:\/\/1dronas.lt\/wp-content\/uploads\/2026\/04\/2-44-220x300.webp 220w, https:\/\/1dronas.lt\/wp-content\/uploads\/2026\/04\/2-44-750x1024.webp 750w, https:\/\/1dronas.lt\/wp-content\/uploads\/2026\/04\/2-44-768x1048.webp 768w, https:\/\/1dronas.lt\/wp-content\/uploads\/2026\/04\/2-44-1125x1536.webp 1125w, https:\/\/1dronas.lt\/wp-content\/uploads\/2026\/04\/2-44-1500x2048.webp 1500w, https:\/\/1dronas.lt\/wp-content\/uploads\/2026\/04\/2-44-9x12.webp 9w, https:\/\/1dronas.lt\/wp-content\/uploads\/2026\/04\/2-44-510x696.webp 510w\" sizes=\"auto, (max-width: 1600px) 100vw, 1600px\" \/><\/p>\n<p><strong>Many mounting and installation locations:<\/strong><\/p>\n<p>The outer ring has many Velcro loops, so the gate can be easily attached anywhere using the included Velcro hooks. The inner and outer rings also have holes for LED strips, and additional holes for 2S and 4S batteries allow for convenient attachment.<\/p>\n<p><img loading=\"lazy\" decoding=\"async\" class=\"alignnone size-full wp-image-18808\" src=\"https:\/\/1dronas.lt\/wp-content\/uploads\/2026\/04\/3-42.webp\" alt=\"\" width=\"1600\" height=\"2288\" srcset=\"https:\/\/1dronas.lt\/wp-content\/uploads\/2026\/04\/3-42.webp 1600w, https:\/\/1dronas.lt\/wp-content\/uploads\/2026\/04\/3-42-210x300.webp 210w, https:\/\/1dronas.lt\/wp-content\/uploads\/2026\/04\/3-42-716x1024.webp 716w, https:\/\/1dronas.lt\/wp-content\/uploads\/2026\/04\/3-42-768x1098.webp 768w, https:\/\/1dronas.lt\/wp-content\/uploads\/2026\/04\/3-42-1074x1536.webp 1074w, https:\/\/1dronas.lt\/wp-content\/uploads\/2026\/04\/3-42-1432x2048.webp 1432w, https:\/\/1dronas.lt\/wp-content\/uploads\/2026\/04\/3-42-8x12.webp 8w, https:\/\/1dronas.lt\/wp-content\/uploads\/2026\/04\/3-42-510x729.webp 510w\" sizes=\"auto, (max-width: 1600px) 100vw, 1600px\" \/><\/p>\n<p><strong>Bright colors and lighting:<\/strong><\/p>\n<p>Control the LED lighting with a convenient handheld controller and easily customize gate colors and effects to your needs. Create a unique track look and improve visibility during flight.<\/p>\n<p><img loading=\"lazy\" decoding=\"async\" class=\"alignnone size-full wp-image-18811\" src=\"https:\/\/1dronas.lt\/wp-content\/uploads\/2026\/04\/5-23.webp\" alt=\"\" width=\"1600\" height=\"2218\" srcset=\"https:\/\/1dronas.lt\/wp-content\/uploads\/2026\/04\/5-23.webp 1600w, https:\/\/1dronas.lt\/wp-content\/uploads\/2026\/04\/5-23-216x300.webp 216w, https:\/\/1dronas.lt\/wp-content\/uploads\/2026\/04\/5-23-739x1024.webp 739w, https:\/\/1dronas.lt\/wp-content\/uploads\/2026\/04\/5-23-768x1065.webp 768w, https:\/\/1dronas.lt\/wp-content\/uploads\/2026\/04\/5-23-1108x1536.webp 1108w, https:\/\/1dronas.lt\/wp-content\/uploads\/2026\/04\/5-23-1477x2048.webp 1477w, https:\/\/1dronas.lt\/wp-content\/uploads\/2026\/04\/5-23-9x12.webp 9w, https:\/\/1dronas.lt\/wp-content\/uploads\/2026\/04\/5-23-510x707.webp 510w\" sizes=\"auto, (max-width: 1600px) 100vw, 1600px\" \/><\/p>\n<p><strong>Various uses:<\/strong><\/p>\n<p>Different assembly and mounting options provide even more possibilities and allow you to create various tracks, ensuring fun and dynamic FPV experiences.<\/p>\n<p><img loading=\"lazy\" decoding=\"async\" class=\"alignnone size-full wp-image-18812\" src=\"https:\/\/1dronas.lt\/wp-content\/uploads\/2026\/04\/6-17.webp\" alt=\"\" width=\"1600\" height=\"2096\" srcset=\"https:\/\/1dronas.lt\/wp-content\/uploads\/2026\/04\/6-17.webp 1600w, https:\/\/1dronas.lt\/wp-content\/uploads\/2026\/04\/6-17-229x300.webp 229w, https:\/\/1dronas.lt\/wp-content\/uploads\/2026\/04\/6-17-782x1024.webp 782w, https:\/\/1dronas.lt\/wp-content\/uploads\/2026\/04\/6-17-768x1006.webp 768w, https:\/\/1dronas.lt\/wp-content\/uploads\/2026\/04\/6-17-1173x1536.webp 1173w, https:\/\/1dronas.lt\/wp-content\/uploads\/2026\/04\/6-17-1563x2048.webp 1563w, https:\/\/1dronas.lt\/wp-content\/uploads\/2026\/04\/6-17-9x12.webp 9w, https:\/\/1dronas.lt\/wp-content\/uploads\/2026\/04\/6-17-510x668.webp 510w\" sizes=\"auto, (max-width: 1600px) 100vw, 1600px\" \/><\/p>\n<p><strong>Package:<\/strong><\/p>\n<p>5x racing gates;<br \/>\n1x transport bag;<br \/>\n40x Velcro stickers.<\/p>\n<p><span style=\"color: #ed1c24;\">LED lighting is not included.<\/span><\/p>\n<p>&nbsp;<\/p>","protected":false},"excerpt":{"rendered":"<p><span style=\"color: #333333;\">Flywoo FPV Gate - a lightweight, durable FPV gate with LED lighting and Velcro fastening, perfect for training and competition.<\/span><\/p>\n<p><span style=\"color: #333333;\"><strong><img loading=\"lazy\" decoding=\"async\" class=\"alignnone wp-image-1806\" src=\"https:\/\/1dronas.lt\/wp-content\/uploads\/2021\/05\/delivery-icon.png.webp\" alt=\"\" width=\"24\" height=\"24\" srcset=\"https:\/\/1dronas.lt\/wp-content\/uploads\/2021\/05\/delivery-icon.png 35w, https:\/\/1dronas.lt\/wp-content\/uploads\/2021\/05\/delivery-icon-12x12.png 12w\" sizes=\"auto, (max-width: 24px) 100vw, 24px\" \/><\/strong> \u00a0<strong>1 \u2013 2 days<\/strong><\/span><\/p>\n<p>&nbsp;<\/p>","protected":false},"featured_media":18803,"comment_status":"open","ping_status":"closed","template":"","meta":[],"product_brand":[1152],"product_cat":[412],"product_tag":[90,67],"class_list":{"0":"post-18800","1":"product","2":"type-product","3":"status-publish","4":"has-post-thumbnail","6":"product_brand-flywoo","7":"product_cat-trasos","8":"product_tag-flywoo","9":"product_tag-fpv-lenktyniniai-rinkiniai","11":"first","12":"instock","13":"taxable","14":"shipping-taxable","15":"purchasable","16":"product-type-simple"},"yoast_head":"<!-- This site is optimized with the Yoast SEO plugin v27.4 - https:\/\/yoast.com\/product\/yoast-seo-wordpress\/ -->\n<title>Flywoo FPV Halo Race Gate - 1dronas.lt<\/title>\n<meta name=\"robots\" content=\"index, follow, max-snippet:-1, max-image-preview:large, max-video-preview:-1\" \/>\n<link rel=\"canonical\" href=\"https:\/\/1dronas.lt\/en\/produktas\/flywoo-fpv-halo-race-gate\/\" \/>\n<meta property=\"og:locale\" content=\"en_US\" \/>\n<meta property=\"og:type\" content=\"article\" \/>\n<meta property=\"og:title\" content=\"Flywoo FPV Halo Race Gate - 1dronas.lt\" \/>\n<meta property=\"og:description\" content=\"Flywoo FPV vartai \u2013 lengvi, patvar\u016bs FPV vartai su LED ap\u0161vietimo galimybe ir Velcro tvirtinimu, puikiai tinkantys treniruot\u0117ms ir var\u017eyboms.   \u00a01 \u2013 2 d. d.  &nbsp;\" \/>\n<meta property=\"og:url\" content=\"https:\/\/1dronas.lt\/en\/produktas\/flywoo-fpv-halo-race-gate\/\" \/>\n<meta property=\"og:site_name\" content=\"1dronas.lt\" \/>\n<meta property=\"article:publisher\" content=\"https:\/\/www.facebook.com\/1dronas\/\" \/>\n<meta property=\"og:image\" content=\"https:\/\/1dronas.lt\/wp-content\/uploads\/2026\/04\/4-23_900x.webp\" \/>\n\t<meta property=\"og:image:width\" content=\"900\" \/>\n\t<meta property=\"og:image:height\" content=\"900\" \/>\n\t<meta property=\"og:image:type\" content=\"image\/webp\" \/>\n<meta name=\"twitter:card\" content=\"summary_large_image\" \/>\n<meta name=\"twitter:label1\" content=\"Est. reading time\" \/>\n\t<meta name=\"twitter:data1\" content=\"3 minutes\" \/>\n<script type=\"application\/ld+json\" class=\"yoast-schema-graph\">{\"@context\":\"https:\\\/\\\/schema.org\",\"@graph\":[{\"@type\":\"WebPage\",\"@id\":\"https:\\\/\\\/1dronas.lt\\\/en\\\/produktas\\\/flywoo-fpv-halo-race-gate\\\/\",\"url\":\"https:\\\/\\\/1dronas.lt\\\/en\\\/produktas\\\/flywoo-fpv-halo-race-gate\\\/\",\"name\":\"Flywoo FPV Halo Race Gate - 1dronas.lt\",\"isPartOf\":{\"@id\":\"https:\\\/\\\/1dronas.lt\\\/en\\\/#website\"},\"primaryImageOfPage\":{\"@id\":\"https:\\\/\\\/1dronas.lt\\\/en\\\/produktas\\\/flywoo-fpv-halo-race-gate\\\/#primaryimage\"},\"image\":{\"@id\":\"https:\\\/\\\/1dronas.lt\\\/en\\\/produktas\\\/flywoo-fpv-halo-race-gate\\\/#primaryimage\"},\"thumbnailUrl\":\"https:\\\/\\\/1dronas.lt\\\/wp-content\\\/uploads\\\/2026\\\/04\\\/4-23_900x.webp\",\"datePublished\":\"2026-04-23T19:07:52+00:00\",\"breadcrumb\":{\"@id\":\"https:\\\/\\\/1dronas.lt\\\/en\\\/produktas\\\/flywoo-fpv-halo-race-gate\\\/#breadcrumb\"},\"inLanguage\":\"en-US\",\"potentialAction\":[{\"@type\":\"ReadAction\",\"target\":[\"https:\\\/\\\/1dronas.lt\\\/en\\\/produktas\\\/flywoo-fpv-halo-race-gate\\\/\"]}]},{\"@type\":\"ImageObject\",\"inLanguage\":\"en-US\",\"@id\":\"https:\\\/\\\/1dronas.lt\\\/en\\\/produktas\\\/flywoo-fpv-halo-race-gate\\\/#primaryimage\",\"url\":\"https:\\\/\\\/1dronas.lt\\\/wp-content\\\/uploads\\\/2026\\\/04\\\/4-23_900x.webp\",\"contentUrl\":\"https:\\\/\\\/1dronas.lt\\\/wp-content\\\/uploads\\\/2026\\\/04\\\/4-23_900x.webp\",\"width\":900,\"height\":900},{\"@type\":\"BreadcrumbList\",\"@id\":\"https:\\\/\\\/1dronas.lt\\\/en\\\/produktas\\\/flywoo-fpv-halo-race-gate\\\/#breadcrumb\",\"itemListElement\":[{\"@type\":\"ListItem\",\"position\":1,\"name\":\"Home\",\"item\":\"https:\\\/\\\/1dronas.lt\\\/\"},{\"@type\":\"ListItem\",\"position\":2,\"name\":\"Parduotuv\u0117\",\"item\":\"https:\\\/\\\/1dronas.lt\\\/parduotuve\\\/\"},{\"@type\":\"ListItem\",\"position\":3,\"name\":\"Flywoo FPV Halo Race Gate\"}]},{\"@type\":\"WebSite\",\"@id\":\"https:\\\/\\\/1dronas.lt\\\/en\\\/#website\",\"url\":\"https:\\\/\\\/1dronas.lt\\\/en\\\/\",\"name\":\"1dronas.lt\",\"description\":\"Internetin\u0117 parduotuv\u0117\",\"publisher\":{\"@id\":\"https:\\\/\\\/1dronas.lt\\\/en\\\/#organization\"},\"potentialAction\":[{\"@type\":\"SearchAction\",\"target\":{\"@type\":\"EntryPoint\",\"urlTemplate\":\"https:\\\/\\\/1dronas.lt\\\/en\\\/?s={search_term_string}\"},\"query-input\":{\"@type\":\"PropertyValueSpecification\",\"valueRequired\":true,\"valueName\":\"search_term_string\"}}],\"inLanguage\":\"en-US\"},{\"@type\":\"Organization\",\"@id\":\"https:\\\/\\\/1dronas.lt\\\/en\\\/#organization\",\"name\":\"1dronas.lt\",\"url\":\"https:\\\/\\\/1dronas.lt\\\/en\\\/\",\"logo\":{\"@type\":\"ImageObject\",\"inLanguage\":\"en-US\",\"@id\":\"https:\\\/\\\/1dronas.lt\\\/en\\\/#\\\/schema\\\/logo\\\/image\\\/\",\"url\":\"https:\\\/\\\/1dronas.lt\\\/wp-content\\\/uploads\\\/2020\\\/12\\\/Ekrano_kopija__2_-removebg-preview-1-1.png\",\"contentUrl\":\"https:\\\/\\\/1dronas.lt\\\/wp-content\\\/uploads\\\/2020\\\/12\\\/Ekrano_kopija__2_-removebg-preview-1-1.png\",\"width\":234,\"height\":81,\"caption\":\"1dronas.lt\"},\"image\":{\"@id\":\"https:\\\/\\\/1dronas.lt\\\/en\\\/#\\\/schema\\\/logo\\\/image\\\/\"},\"sameAs\":[\"https:\\\/\\\/www.facebook.com\\\/1dronas\\\/\"]}]}<\/script>\n<!-- \/ Yoast SEO plugin. -->","yoast_head_json":{"title":"Flywoo FPV Halo Race Gate - 1dronas.lt","robots":{"index":"index","follow":"follow","max-snippet":"max-snippet:-1","max-image-preview":"max-image-preview:large","max-video-preview":"max-video-preview:-1"},"canonical":"https:\/\/1dronas.lt\/en\/produktas\/flywoo-fpv-halo-race-gate\/","og_locale":"en_US","og_type":"article","og_title":"Flywoo FPV Halo Race Gate - 1dronas.lt","og_description":"Flywoo FPV vartai \u2013 lengvi, patvar\u016bs FPV vartai su LED ap\u0161vietimo galimybe ir Velcro tvirtinimu, puikiai tinkantys treniruot\u0117ms ir var\u017eyboms.   \u00a01 \u2013 2 d. d.  &nbsp;","og_url":"https:\/\/1dronas.lt\/en\/produktas\/flywoo-fpv-halo-race-gate\/","og_site_name":"1dronas.lt","article_publisher":"https:\/\/www.facebook.com\/1dronas\/","og_image":[{"width":900,"height":900,"url":"https:\/\/1dronas.lt\/wp-content\/uploads\/2026\/04\/4-23_900x.webp","type":"image\/webp"}],"twitter_card":"summary_large_image","twitter_misc":{"Est. reading time":"3 minutes"},"schema":{"@context":"https:\/\/schema.org","@graph":[{"@type":"WebPage","@id":"https:\/\/1dronas.lt\/en\/produktas\/flywoo-fpv-halo-race-gate\/","url":"https:\/\/1dronas.lt\/en\/produktas\/flywoo-fpv-halo-race-gate\/","name":"Flywoo FPV Halo Race Gate - 1dronas.lt","isPartOf":{"@id":"https:\/\/1dronas.lt\/en\/#website"},"primaryImageOfPage":{"@id":"https:\/\/1dronas.lt\/en\/produktas\/flywoo-fpv-halo-race-gate\/#primaryimage"},"image":{"@id":"https:\/\/1dronas.lt\/en\/produktas\/flywoo-fpv-halo-race-gate\/#primaryimage"},"thumbnailUrl":"https:\/\/1dronas.lt\/wp-content\/uploads\/2026\/04\/4-23_900x.webp","datePublished":"2026-04-23T19:07:52+00:00","breadcrumb":{"@id":"https:\/\/1dronas.lt\/en\/produktas\/flywoo-fpv-halo-race-gate\/#breadcrumb"},"inLanguage":"en-US","potentialAction":[{"@type":"ReadAction","target":["https:\/\/1dronas.lt\/en\/produktas\/flywoo-fpv-halo-race-gate\/"]}]},{"@type":"ImageObject","inLanguage":"en-US","@id":"https:\/\/1dronas.lt\/en\/produktas\/flywoo-fpv-halo-race-gate\/#primaryimage","url":"https:\/\/1dronas.lt\/wp-content\/uploads\/2026\/04\/4-23_900x.webp","contentUrl":"https:\/\/1dronas.lt\/wp-content\/uploads\/2026\/04\/4-23_900x.webp","width":900,"height":900},{"@type":"BreadcrumbList","@id":"https:\/\/1dronas.lt\/en\/produktas\/flywoo-fpv-halo-race-gate\/#breadcrumb","itemListElement":[{"@type":"ListItem","position":1,"name":"Home","item":"https:\/\/1dronas.lt\/"},{"@type":"ListItem","position":2,"name":"Parduotuv\u0117","item":"https:\/\/1dronas.lt\/parduotuve\/"},{"@type":"ListItem","position":3,"name":"Flywoo FPV Halo Race Gate"}]},{"@type":"WebSite","@id":"https:\/\/1dronas.lt\/en\/#website","url":"https:\/\/1dronas.lt\/en\/","name":"1dronas.lt","description":"Online store","publisher":{"@id":"https:\/\/1dronas.lt\/en\/#organization"},"potentialAction":[{"@type":"SearchAction","target":{"@type":"EntryPoint","urlTemplate":"https:\/\/1dronas.lt\/en\/?s={search_term_string}"},"query-input":{"@type":"PropertyValueSpecification","valueRequired":true,"valueName":"search_term_string"}}],"inLanguage":"en-US"},{"@type":"Organization","@id":"https:\/\/1dronas.lt\/en\/#organization","name":"1dronas.lt","url":"https:\/\/1dronas.lt\/en\/","logo":{"@type":"ImageObject","inLanguage":"en-US","@id":"https:\/\/1dronas.lt\/en\/#\/schema\/logo\/image\/","url":"https:\/\/1dronas.lt\/wp-content\/uploads\/2020\/12\/Ekrano_kopija__2_-removebg-preview-1-1.png","contentUrl":"https:\/\/1dronas.lt\/wp-content\/uploads\/2020\/12\/Ekrano_kopija__2_-removebg-preview-1-1.png","width":234,"height":81,"caption":"1dronas.lt"},"image":{"@id":"https:\/\/1dronas.lt\/en\/#\/schema\/logo\/image\/"},"sameAs":["https:\/\/www.facebook.com\/1dronas\/"]}]}},"jetpack_sharing_enabled":true,"_links":{"self":[{"href":"https:\/\/1dronas.lt\/en\/wp-json\/wp\/v2\/product\/18800","targetHints":{"allow":["GET"]}}],"collection":[{"href":"https:\/\/1dronas.lt\/en\/wp-json\/wp\/v2\/product"}],"about":[{"href":"https:\/\/1dronas.lt\/en\/wp-json\/wp\/v2\/types\/product"}],"replies":[{"embeddable":true,"href":"https:\/\/1dronas.lt\/en\/wp-json\/wp\/v2\/comments?post=18800"}],"wp:featuredmedia":[{"embeddable":true,"href":"https:\/\/1dronas.lt\/en\/wp-json\/wp\/v2\/media\/18803"}],"wp:attachment":[{"href":"https:\/\/1dronas.lt\/en\/wp-json\/wp\/v2\/media?parent=18800"}],"wp:term":[{"taxonomy":"product_brand","embeddable":true,"href":"https:\/\/1dronas.lt\/en\/wp-json\/wp\/v2\/product_brand?post=18800"},{"taxonomy":"product_cat","embeddable":true,"href":"https:\/\/1dronas.lt\/en\/wp-json\/wp\/v2\/product_cat?post=18800"},{"taxonomy":"product_tag","embeddable":true,"href":"https:\/\/1dronas.lt\/en\/wp-json\/wp\/v2\/product_tag?post=18800"}],"curies":[{"name":"wp","href":"https:\/\/api.w.org\/{rel}","templated":true}]}}