{"id":18777,"date":"2026-04-19T18:17:59","date_gmt":"2026-04-19T15:17:59","guid":{"rendered":"https:\/\/1dronas.lt\/?post_type=product&#038;p=18777"},"modified":"2026-04-19T21:48:47","modified_gmt":"2026-04-19T18:48:47","slug":"betafpv-hexacharger-1s-ikroviklis","status":"publish","type":"product","link":"https:\/\/1dronas.lt\/en\/produktas\/betafpv-hexacharger-1s-ikroviklis\/","title":{"rendered":"BETAFPV HexaCharger 1S battery charger"},"content":{"rendered":"<p>Get back to flying quickly with the HexaCharger 1S charger - the compact, palm-sized charger charges up to 6 batteries simultaneously, is available with 24W or 78W Pro power and supports PD 3.0 fast charging; the color display, dual-port compatibility, and safety systems ensure ease of use and maximum flight time for all types of whoop pilots.<\/p>\n<p><img loading=\"lazy\" decoding=\"async\" class=\"alignnone size-full wp-image-18778\" src=\"https:\/\/1dronas.lt\/wp-content\/uploads\/2026\/04\/HexaCharger_1S_Charger_-_simple_to_use_built_to_perform.webp\" alt=\"\" width=\"1600\" height=\"900\" srcset=\"https:\/\/1dronas.lt\/wp-content\/uploads\/2026\/04\/HexaCharger_1S_Charger_-_simple_to_use_built_to_perform.webp 1600w, https:\/\/1dronas.lt\/wp-content\/uploads\/2026\/04\/HexaCharger_1S_Charger_-_simple_to_use_built_to_perform-300x169.webp 300w, https:\/\/1dronas.lt\/wp-content\/uploads\/2026\/04\/HexaCharger_1S_Charger_-_simple_to_use_built_to_perform-1024x576.webp 1024w, https:\/\/1dronas.lt\/wp-content\/uploads\/2026\/04\/HexaCharger_1S_Charger_-_simple_to_use_built_to_perform-768x432.webp 768w, https:\/\/1dronas.lt\/wp-content\/uploads\/2026\/04\/HexaCharger_1S_Charger_-_simple_to_use_built_to_perform-1536x864.webp 1536w, https:\/\/1dronas.lt\/wp-content\/uploads\/2026\/04\/HexaCharger_1S_Charger_-_simple_to_use_built_to_perform-18x10.webp 18w, https:\/\/1dronas.lt\/wp-content\/uploads\/2026\/04\/HexaCharger_1S_Charger_-_simple_to_use_built_to_perform-510x287.webp 510w\" sizes=\"auto, (max-width: 1600px) 100vw, 1600px\" \/><\/p>\n<p><strong>Features:<\/strong><\/p>\n<p>\u2022 Compact and portable: weighs only 109g (standard) \/ 115g (Pro), fits in the palm of your hand;<br \/>\n\u2022 All-in-one charging: charging, storage mode and regulated current in one device;<br \/>\n\u2022 Easy to use: two-button control, clear color display;<br \/>\n\u2022 Fast PD 3.0 charging: up to 24 W (standard) or 78 W (Pro) total power for all 6 channels;<br \/>\n\u2022 1.3\u201d TFT color display: displays voltage, current and status in real time;<br \/>\n\u2022 Dual BT2.0 and PH2.0 sockets: compatible with most 1S whoop batteries;<br \/>\n\u2022 Smart cooling: effective thermal control and 9,000 rpm fan for safe operation;<br \/>\n\u2022 Safe design: protected sockets prevent incorrect battery connection.<\/p>\n<p><strong>Specification:<\/strong><\/p>\n<p>General:<\/p>\n<p>\u2022 Supported batteries: LiPo \/ LiHV;<br \/>\n\u2022 Output voltage: 4.2V \/ 4.35V;<br \/>\n\u2022 Storage voltage: 3.85V;<br \/>\n\u2022 Discharge current: 6 x 400 mA;<br \/>\n\u2022 Voltage accuracy: \u00b10.03V;<br \/>\n\u2022 Input connector: Type-C;<br \/>\n\u2022 Charging protocol: PD 3.0;<br \/>\n\u2022 Output connectors: BT2.0 \/ PH2.0;<br \/>\n\u2022 Dimensions: 106 x 56 x 25.5 mm;<br \/>\n\u2022 Operating temperature: 0 ~ 40\u2103.<\/p>\n<p>HexaCharger:<\/p>\n<p>\u2022 Input: 5V 3A max. ~ 12V 2.5A max;<br \/>\n\u2022 Charging current: 1A max. (all ports), 3A max. (single port);<br \/>\n\u2022 Charging power: 24W max;<br \/>\n\u2022 Weight: 109 g.<\/p>\n<p>HexaCharger Pro:<\/p>\n<p>\u2022 Input: 5V 3A max. ~ 20V 5A max;<br \/>\n\u2022 Charging current: 3A max. (all ports);<br \/>\n\u2022 Charging power: 78W max;<br \/>\n\u2022 Weight: 115 g.<\/p>\n<p><strong>Measurements:<\/strong><\/p>\n<p><img loading=\"lazy\" decoding=\"async\" class=\"alignnone size-full wp-image-18779\" src=\"https:\/\/1dronas.lt\/wp-content\/uploads\/2026\/04\/HexaCharger_Pro_1S_Charger_dimensions_600x600.webp\" alt=\"\" width=\"600\" height=\"462\" srcset=\"https:\/\/1dronas.lt\/wp-content\/uploads\/2026\/04\/HexaCharger_Pro_1S_Charger_dimensions_600x600.webp 600w, https:\/\/1dronas.lt\/wp-content\/uploads\/2026\/04\/HexaCharger_Pro_1S_Charger_dimensions_600x600-300x231.webp 300w, https:\/\/1dronas.lt\/wp-content\/uploads\/2026\/04\/HexaCharger_Pro_1S_Charger_dimensions_600x600-16x12.webp 16w, https:\/\/1dronas.lt\/wp-content\/uploads\/2026\/04\/HexaCharger_Pro_1S_Charger_dimensions_600x600-510x393.webp 510w\" sizes=\"auto, (max-width: 600px) 100vw, 600px\" \/><\/p>\n<p><strong>Compact and easy to carry:<\/strong><\/p>\n<p>The HexaCharger 1S charger and HexaCharger 1S charger Pro weigh just 109g (standard version) and 115g (Pro). Their compact design fits easily in the palm of your hand, and compatibility with most common adapters allows you to conveniently use the device anywhere you go.<\/p>\n<p><img loading=\"lazy\" decoding=\"async\" class=\"alignnone size-full wp-image-18781\" src=\"https:\/\/1dronas.lt\/wp-content\/uploads\/2026\/04\/HexaCharger_Pro_1S_Charger_-_palm-sized.webp\" alt=\"\" width=\"1600\" height=\"900\" srcset=\"https:\/\/1dronas.lt\/wp-content\/uploads\/2026\/04\/HexaCharger_Pro_1S_Charger_-_palm-sized.webp 1600w, https:\/\/1dronas.lt\/wp-content\/uploads\/2026\/04\/HexaCharger_Pro_1S_Charger_-_palm-sized-300x169.webp 300w, https:\/\/1dronas.lt\/wp-content\/uploads\/2026\/04\/HexaCharger_Pro_1S_Charger_-_palm-sized-1024x576.webp 1024w, https:\/\/1dronas.lt\/wp-content\/uploads\/2026\/04\/HexaCharger_Pro_1S_Charger_-_palm-sized-768x432.webp 768w, https:\/\/1dronas.lt\/wp-content\/uploads\/2026\/04\/HexaCharger_Pro_1S_Charger_-_palm-sized-1536x864.webp 1536w, https:\/\/1dronas.lt\/wp-content\/uploads\/2026\/04\/HexaCharger_Pro_1S_Charger_-_palm-sized-18x10.webp 18w, https:\/\/1dronas.lt\/wp-content\/uploads\/2026\/04\/HexaCharger_Pro_1S_Charger_-_palm-sized-510x287.webp 510w\" sizes=\"auto, (max-width: 1600px) 100vw, 1600px\" \/><\/p>\n<p><strong>All in one charge:<\/strong><\/p>\n<p>Meets all your battery management needs: integrated charging and storage functions and adjustable current settings. All controlled via an intuitive two-button interface and clear color display.<\/p>\n<p><img loading=\"lazy\" decoding=\"async\" class=\"alignnone size-full wp-image-18782\" src=\"https:\/\/1dronas.lt\/wp-content\/uploads\/2026\/04\/HexaCharger_1S_Charger_LCD_Display.webp\" alt=\"\" width=\"1600\" height=\"900\" srcset=\"https:\/\/1dronas.lt\/wp-content\/uploads\/2026\/04\/HexaCharger_1S_Charger_LCD_Display.webp 1600w, https:\/\/1dronas.lt\/wp-content\/uploads\/2026\/04\/HexaCharger_1S_Charger_LCD_Display-300x169.webp 300w, https:\/\/1dronas.lt\/wp-content\/uploads\/2026\/04\/HexaCharger_1S_Charger_LCD_Display-1024x576.webp 1024w, https:\/\/1dronas.lt\/wp-content\/uploads\/2026\/04\/HexaCharger_1S_Charger_LCD_Display-768x432.webp 768w, https:\/\/1dronas.lt\/wp-content\/uploads\/2026\/04\/HexaCharger_1S_Charger_LCD_Display-1536x864.webp 1536w, https:\/\/1dronas.lt\/wp-content\/uploads\/2026\/04\/HexaCharger_1S_Charger_LCD_Display-18x10.webp 18w, https:\/\/1dronas.lt\/wp-content\/uploads\/2026\/04\/HexaCharger_1S_Charger_LCD_Display-510x287.webp 510w\" sizes=\"auto, (max-width: 1600px) 100vw, 1600px\" \/><\/p>\n<p>Fast PD 3.0 charging provides up to 24W of power for HexaCharger and up to 78W for HexaCharger Pro, allows simultaneous charging up to 3A and discharging 400mA across all six ports, and their status can be conveniently monitored in real time on a 1.3-inch TFT display, with full compatibility thanks to BT2.0\/PH2.0 connectors.<\/p>\n<p><img loading=\"lazy\" decoding=\"async\" class=\"alignnone size-full wp-image-18783\" src=\"https:\/\/1dronas.lt\/wp-content\/uploads\/2026\/04\/HexaCharger_Pro_1S_Charger_-_charge_store_and_read_with_ease.webp\" alt=\"\" width=\"1600\" height=\"900\" srcset=\"https:\/\/1dronas.lt\/wp-content\/uploads\/2026\/04\/HexaCharger_Pro_1S_Charger_-_charge_store_and_read_with_ease.webp 1600w, https:\/\/1dronas.lt\/wp-content\/uploads\/2026\/04\/HexaCharger_Pro_1S_Charger_-_charge_store_and_read_with_ease-300x169.webp 300w, https:\/\/1dronas.lt\/wp-content\/uploads\/2026\/04\/HexaCharger_Pro_1S_Charger_-_charge_store_and_read_with_ease-1024x576.webp 1024w, https:\/\/1dronas.lt\/wp-content\/uploads\/2026\/04\/HexaCharger_Pro_1S_Charger_-_charge_store_and_read_with_ease-768x432.webp 768w, https:\/\/1dronas.lt\/wp-content\/uploads\/2026\/04\/HexaCharger_Pro_1S_Charger_-_charge_store_and_read_with_ease-1536x864.webp 1536w, https:\/\/1dronas.lt\/wp-content\/uploads\/2026\/04\/HexaCharger_Pro_1S_Charger_-_charge_store_and_read_with_ease-18x10.webp 18w, https:\/\/1dronas.lt\/wp-content\/uploads\/2026\/04\/HexaCharger_Pro_1S_Charger_-_charge_store_and_read_with_ease-510x287.webp 510w\" sizes=\"auto, (max-width: 1600px) 100vw, 1600px\" \/><\/p>\n<p><strong>Smart cooling and design:<\/strong><\/p>\n<p>HexaCharger is designed for reliable use \u2013 protected against incorrect insertion, has an active cooling system with a 9,000 rpm fan and metal cooling fins, and intelligent temperature monitoring automatically adjusts power and stops operation in case of overheating, ensuring safe and reliable charging.<\/p>\n<p><img loading=\"lazy\" decoding=\"async\" class=\"alignnone size-full wp-image-18784\" src=\"https:\/\/1dronas.lt\/wp-content\/uploads\/2026\/04\/HexaCharger_Pro_1S_Charger_-_safety_and_reliability.webp\" alt=\"\" width=\"1600\" height=\"900\" srcset=\"https:\/\/1dronas.lt\/wp-content\/uploads\/2026\/04\/HexaCharger_Pro_1S_Charger_-_safety_and_reliability.webp 1600w, https:\/\/1dronas.lt\/wp-content\/uploads\/2026\/04\/HexaCharger_Pro_1S_Charger_-_safety_and_reliability-300x169.webp 300w, https:\/\/1dronas.lt\/wp-content\/uploads\/2026\/04\/HexaCharger_Pro_1S_Charger_-_safety_and_reliability-1024x576.webp 1024w, https:\/\/1dronas.lt\/wp-content\/uploads\/2026\/04\/HexaCharger_Pro_1S_Charger_-_safety_and_reliability-768x432.webp 768w, https:\/\/1dronas.lt\/wp-content\/uploads\/2026\/04\/HexaCharger_Pro_1S_Charger_-_safety_and_reliability-1536x864.webp 1536w, https:\/\/1dronas.lt\/wp-content\/uploads\/2026\/04\/HexaCharger_Pro_1S_Charger_-_safety_and_reliability-18x10.webp 18w, https:\/\/1dronas.lt\/wp-content\/uploads\/2026\/04\/HexaCharger_Pro_1S_Charger_-_safety_and_reliability-510x287.webp 510w\" sizes=\"auto, (max-width: 1600px) 100vw, 1600px\" \/><\/p>\n<p><strong>Notes:<\/strong><\/p>\n<p>\u2022 Charging current \u2013 To ensure optimal battery life and performance, set the charging current to the recommended values and do not exceed the maximum allowable current.<br \/>\n\u2022 Charging adapter \u2013 It is recommended to use HexaCharger with at least a 30W PD 3.0 adapter, and HexaCharger Pro with a 100W or higher PD 3.0 adapter.<\/p>\n<p><strong>Compatibility and performance:<\/strong><\/p>\n<p>\u2022 If the adapter cannot supply the required charging current, the charger will reduce the current for each port to avoid exceeding the adapter&#039;s maximum power limit;<br \/>\n\u2022 If the charger detects that the adapter output power is &lt; 5 W (5 V \/ 1 A), the batteries will be charged sequentially according to port numbers, and other channels will be disabled;<br \/>\n\u2022 If the charger can only determine the adapter voltage but not the maximum current, the power limit is considered unknown and a \u201d*\u201d sign will be displayed next to the voltage.<br \/>\n\u2022 When using a non-PD adapter, wait 5 seconds after powering on for the charger to recognize the protocol before starting charging.<\/p>\n<p><strong>Package:<\/strong><\/p>\n<p>1x BETAFPV HexaCharger 1S charger \/ BETAFPV HexaCharger pro 1S charger (optional).<br \/>\n1x User manual.<\/p>\n<p><img loading=\"lazy\" decoding=\"async\" class=\"alignnone wp-image-18786\" src=\"https:\/\/1dronas.lt\/wp-content\/uploads\/2026\/04\/HexaCharger_Pro_1S_Charger_package_600x600.webp\" alt=\"\" width=\"452\" height=\"452\" srcset=\"https:\/\/1dronas.lt\/wp-content\/uploads\/2026\/04\/HexaCharger_Pro_1S_Charger_package_600x600.webp 600w, https:\/\/1dronas.lt\/wp-content\/uploads\/2026\/04\/HexaCharger_Pro_1S_Charger_package_600x600-300x300.webp 300w, https:\/\/1dronas.lt\/wp-content\/uploads\/2026\/04\/HexaCharger_Pro_1S_Charger_package_600x600-150x150.webp 150w, https:\/\/1dronas.lt\/wp-content\/uploads\/2026\/04\/HexaCharger_Pro_1S_Charger_package_600x600-12x12.webp 12w, https:\/\/1dronas.lt\/wp-content\/uploads\/2026\/04\/HexaCharger_Pro_1S_Charger_package_600x600-247x247.webp 247w, https:\/\/1dronas.lt\/wp-content\/uploads\/2026\/04\/HexaCharger_Pro_1S_Charger_package_600x600-510x510.webp 510w, https:\/\/1dronas.lt\/wp-content\/uploads\/2026\/04\/HexaCharger_Pro_1S_Charger_package_600x600-100x100.webp 100w\" sizes=\"auto, (max-width: 452px) 100vw, 452px\" \/><\/p>","protected":false},"excerpt":{"rendered":"<p><span style=\"color: #333333;\">BETAFPV HexaCharger 1S charger and BETAFPV HexaCharger pro 1S charger - a compact 6-port charger with fast charging and safe operation.<\/span><\/p>\n<p><span style=\"color: #333333;\"><strong><img loading=\"lazy\" decoding=\"async\" class=\"alignnone wp-image-1806\" src=\"https:\/\/1dronas.lt\/wp-content\/uploads\/2021\/05\/delivery-icon.png.webp\" alt=\"\" width=\"24\" height=\"24\" srcset=\"https:\/\/1dronas.lt\/wp-content\/uploads\/2021\/05\/delivery-icon.png 35w, https:\/\/1dronas.lt\/wp-content\/uploads\/2021\/05\/delivery-icon-12x12.png 12w\" sizes=\"auto, (max-width: 24px) 100vw, 24px\" \/>\u00a0 \u00a01 \u2013 2 days<\/strong><\/span><\/p>","protected":false},"featured_media":18791,"comment_status":"open","ping_status":"closed","template":"","meta":[],"product_brand":[489],"product_cat":[157],"product_tag":[1187,166,69,1293],"class_list":{"0":"post-18777","1":"product","2":"type-product","3":"status-publish","4":"has-post-thumbnail","6":"product_brand-betafpv","7":"product_cat-ikrovikliai","8":"product_tag-1s-charger","9":"product_tag-6-jungciu-1s-bateriju-ikroviklis","10":"product_tag-betafpv","11":"product_tag-hexacharger","13":"first","14":"instock","15":"taxable","16":"shipping-taxable","17":"purchasable","18":"product-type-variable","19":"has-default-attributes"},"yoast_head":"<!-- This site is optimized with the Yoast SEO plugin v27.4 - https:\/\/yoast.com\/product\/yoast-seo-wordpress\/ -->\n<title>BETAFPV HexaCharger 1S baterij\u0173 \u012fkroviklis - 1dronas.lt<\/title>\n<meta name=\"robots\" content=\"index, follow, max-snippet:-1, max-image-preview:large, max-video-preview:-1\" \/>\n<link rel=\"canonical\" href=\"https:\/\/1dronas.lt\/en\/produktas\/betafpv-hexacharger-1s-ikroviklis\/\" \/>\n<meta property=\"og:locale\" content=\"en_US\" \/>\n<meta property=\"og:type\" content=\"article\" \/>\n<meta property=\"og:title\" content=\"BETAFPV HexaCharger 1S baterij\u0173 \u012fkroviklis - 1dronas.lt\" \/>\n<meta property=\"og:description\" content=\"BETAFPV HexaCharger 1S \u012fkroviklis ir BETAFPV HexaCharger pro 1S \u012fkroviklis - kompakti\u0161kas 6 jung\u010di\u0173 \u012fkroviklis su greitu \u012fkrovimu ir saugiu veikimu.  \u00a0 \u00a01 \u2013 2 d. d.\" \/>\n<meta property=\"og:url\" content=\"https:\/\/1dronas.lt\/en\/produktas\/betafpv-hexacharger-1s-ikroviklis\/\" \/>\n<meta property=\"og:site_name\" content=\"1dronas.lt\" \/>\n<meta property=\"article:publisher\" content=\"https:\/\/www.facebook.com\/1dronas\/\" \/>\n<meta property=\"article:modified_time\" content=\"2026-04-19T18:48:47+00:00\" \/>\n<meta property=\"og:image\" content=\"https:\/\/1dronas.lt\/wp-content\/uploads\/2026\/04\/HexaCharger_Pro_1S_Charger_720x.webp\" \/>\n\t<meta property=\"og:image:width\" content=\"720\" \/>\n\t<meta property=\"og:image:height\" content=\"720\" \/>\n\t<meta property=\"og:image:type\" content=\"image\/webp\" \/>\n<meta name=\"twitter:card\" content=\"summary_large_image\" \/>\n<meta name=\"twitter:label1\" content=\"Est. reading time\" \/>\n\t<meta name=\"twitter:data1\" content=\"5 minutes\" \/>\n<script type=\"application\/ld+json\" class=\"yoast-schema-graph\">{\"@context\":\"https:\\\/\\\/schema.org\",\"@graph\":[{\"@type\":\"WebPage\",\"@id\":\"https:\\\/\\\/1dronas.lt\\\/en\\\/produktas\\\/betafpv-hexacharger-1s-ikroviklis\\\/\",\"url\":\"https:\\\/\\\/1dronas.lt\\\/en\\\/produktas\\\/betafpv-hexacharger-1s-ikroviklis\\\/\",\"name\":\"BETAFPV HexaCharger 1S baterij\u0173 \u012fkroviklis - 1dronas.lt\",\"isPartOf\":{\"@id\":\"https:\\\/\\\/1dronas.lt\\\/en\\\/#website\"},\"primaryImageOfPage\":{\"@id\":\"https:\\\/\\\/1dronas.lt\\\/en\\\/produktas\\\/betafpv-hexacharger-1s-ikroviklis\\\/#primaryimage\"},\"image\":{\"@id\":\"https:\\\/\\\/1dronas.lt\\\/en\\\/produktas\\\/betafpv-hexacharger-1s-ikroviklis\\\/#primaryimage\"},\"thumbnailUrl\":\"https:\\\/\\\/1dronas.lt\\\/wp-content\\\/uploads\\\/2026\\\/04\\\/HexaCharger_Pro_1S_Charger_720x.webp\",\"datePublished\":\"2026-04-19T15:17:59+00:00\",\"dateModified\":\"2026-04-19T18:48:47+00:00\",\"breadcrumb\":{\"@id\":\"https:\\\/\\\/1dronas.lt\\\/en\\\/produktas\\\/betafpv-hexacharger-1s-ikroviklis\\\/#breadcrumb\"},\"inLanguage\":\"en-US\",\"potentialAction\":[{\"@type\":\"ReadAction\",\"target\":[\"https:\\\/\\\/1dronas.lt\\\/en\\\/produktas\\\/betafpv-hexacharger-1s-ikroviklis\\\/\"]}]},{\"@type\":\"ImageObject\",\"inLanguage\":\"en-US\",\"@id\":\"https:\\\/\\\/1dronas.lt\\\/en\\\/produktas\\\/betafpv-hexacharger-1s-ikroviklis\\\/#primaryimage\",\"url\":\"https:\\\/\\\/1dronas.lt\\\/wp-content\\\/uploads\\\/2026\\\/04\\\/HexaCharger_Pro_1S_Charger_720x.webp\",\"contentUrl\":\"https:\\\/\\\/1dronas.lt\\\/wp-content\\\/uploads\\\/2026\\\/04\\\/HexaCharger_Pro_1S_Charger_720x.webp\",\"width\":720,\"height\":720},{\"@type\":\"BreadcrumbList\",\"@id\":\"https:\\\/\\\/1dronas.lt\\\/en\\\/produktas\\\/betafpv-hexacharger-1s-ikroviklis\\\/#breadcrumb\",\"itemListElement\":[{\"@type\":\"ListItem\",\"position\":1,\"name\":\"Home\",\"item\":\"https:\\\/\\\/1dronas.lt\\\/\"},{\"@type\":\"ListItem\",\"position\":2,\"name\":\"Parduotuv\u0117\",\"item\":\"https:\\\/\\\/1dronas.lt\\\/parduotuve\\\/\"},{\"@type\":\"ListItem\",\"position\":3,\"name\":\"BETAFPV HexaCharger 1S baterij\u0173 \u012fkroviklis\"}]},{\"@type\":\"WebSite\",\"@id\":\"https:\\\/\\\/1dronas.lt\\\/en\\\/#website\",\"url\":\"https:\\\/\\\/1dronas.lt\\\/en\\\/\",\"name\":\"1dronas.lt\",\"description\":\"Internetin\u0117 parduotuv\u0117\",\"publisher\":{\"@id\":\"https:\\\/\\\/1dronas.lt\\\/en\\\/#organization\"},\"potentialAction\":[{\"@type\":\"SearchAction\",\"target\":{\"@type\":\"EntryPoint\",\"urlTemplate\":\"https:\\\/\\\/1dronas.lt\\\/en\\\/?s={search_term_string}\"},\"query-input\":{\"@type\":\"PropertyValueSpecification\",\"valueRequired\":true,\"valueName\":\"search_term_string\"}}],\"inLanguage\":\"en-US\"},{\"@type\":\"Organization\",\"@id\":\"https:\\\/\\\/1dronas.lt\\\/en\\\/#organization\",\"name\":\"1dronas.lt\",\"url\":\"https:\\\/\\\/1dronas.lt\\\/en\\\/\",\"logo\":{\"@type\":\"ImageObject\",\"inLanguage\":\"en-US\",\"@id\":\"https:\\\/\\\/1dronas.lt\\\/en\\\/#\\\/schema\\\/logo\\\/image\\\/\",\"url\":\"https:\\\/\\\/1dronas.lt\\\/wp-content\\\/uploads\\\/2020\\\/12\\\/Ekrano_kopija__2_-removebg-preview-1-1.png\",\"contentUrl\":\"https:\\\/\\\/1dronas.lt\\\/wp-content\\\/uploads\\\/2020\\\/12\\\/Ekrano_kopija__2_-removebg-preview-1-1.png\",\"width\":234,\"height\":81,\"caption\":\"1dronas.lt\"},\"image\":{\"@id\":\"https:\\\/\\\/1dronas.lt\\\/en\\\/#\\\/schema\\\/logo\\\/image\\\/\"},\"sameAs\":[\"https:\\\/\\\/www.facebook.com\\\/1dronas\\\/\"]}]}<\/script>\n<!-- \/ Yoast SEO plugin. -->","yoast_head_json":{"title":"BETAFPV HexaCharger 1S baterij\u0173 \u012fkroviklis - 1dronas.lt","robots":{"index":"index","follow":"follow","max-snippet":"max-snippet:-1","max-image-preview":"max-image-preview:large","max-video-preview":"max-video-preview:-1"},"canonical":"https:\/\/1dronas.lt\/en\/produktas\/betafpv-hexacharger-1s-ikroviklis\/","og_locale":"en_US","og_type":"article","og_title":"BETAFPV HexaCharger 1S baterij\u0173 \u012fkroviklis - 1dronas.lt","og_description":"BETAFPV HexaCharger 1S \u012fkroviklis ir BETAFPV HexaCharger pro 1S \u012fkroviklis - kompakti\u0161kas 6 jung\u010di\u0173 \u012fkroviklis su greitu \u012fkrovimu ir saugiu veikimu.  \u00a0 \u00a01 \u2013 2 d. d.","og_url":"https:\/\/1dronas.lt\/en\/produktas\/betafpv-hexacharger-1s-ikroviklis\/","og_site_name":"1dronas.lt","article_publisher":"https:\/\/www.facebook.com\/1dronas\/","article_modified_time":"2026-04-19T18:48:47+00:00","og_image":[{"width":720,"height":720,"url":"https:\/\/1dronas.lt\/wp-content\/uploads\/2026\/04\/HexaCharger_Pro_1S_Charger_720x.webp","type":"image\/webp"}],"twitter_card":"summary_large_image","twitter_misc":{"Est. reading time":"5 minutes"},"schema":{"@context":"https:\/\/schema.org","@graph":[{"@type":"WebPage","@id":"https:\/\/1dronas.lt\/en\/produktas\/betafpv-hexacharger-1s-ikroviklis\/","url":"https:\/\/1dronas.lt\/en\/produktas\/betafpv-hexacharger-1s-ikroviklis\/","name":"BETAFPV HexaCharger 1S baterij\u0173 \u012fkroviklis - 1dronas.lt","isPartOf":{"@id":"https:\/\/1dronas.lt\/en\/#website"},"primaryImageOfPage":{"@id":"https:\/\/1dronas.lt\/en\/produktas\/betafpv-hexacharger-1s-ikroviklis\/#primaryimage"},"image":{"@id":"https:\/\/1dronas.lt\/en\/produktas\/betafpv-hexacharger-1s-ikroviklis\/#primaryimage"},"thumbnailUrl":"https:\/\/1dronas.lt\/wp-content\/uploads\/2026\/04\/HexaCharger_Pro_1S_Charger_720x.webp","datePublished":"2026-04-19T15:17:59+00:00","dateModified":"2026-04-19T18:48:47+00:00","breadcrumb":{"@id":"https:\/\/1dronas.lt\/en\/produktas\/betafpv-hexacharger-1s-ikroviklis\/#breadcrumb"},"inLanguage":"en-US","potentialAction":[{"@type":"ReadAction","target":["https:\/\/1dronas.lt\/en\/produktas\/betafpv-hexacharger-1s-ikroviklis\/"]}]},{"@type":"ImageObject","inLanguage":"en-US","@id":"https:\/\/1dronas.lt\/en\/produktas\/betafpv-hexacharger-1s-ikroviklis\/#primaryimage","url":"https:\/\/1dronas.lt\/wp-content\/uploads\/2026\/04\/HexaCharger_Pro_1S_Charger_720x.webp","contentUrl":"https:\/\/1dronas.lt\/wp-content\/uploads\/2026\/04\/HexaCharger_Pro_1S_Charger_720x.webp","width":720,"height":720},{"@type":"BreadcrumbList","@id":"https:\/\/1dronas.lt\/en\/produktas\/betafpv-hexacharger-1s-ikroviklis\/#breadcrumb","itemListElement":[{"@type":"ListItem","position":1,"name":"Home","item":"https:\/\/1dronas.lt\/"},{"@type":"ListItem","position":2,"name":"Parduotuv\u0117","item":"https:\/\/1dronas.lt\/parduotuve\/"},{"@type":"ListItem","position":3,"name":"BETAFPV HexaCharger 1S baterij\u0173 \u012fkroviklis"}]},{"@type":"WebSite","@id":"https:\/\/1dronas.lt\/en\/#website","url":"https:\/\/1dronas.lt\/en\/","name":"1dronas.lt","description":"Online store","publisher":{"@id":"https:\/\/1dronas.lt\/en\/#organization"},"potentialAction":[{"@type":"SearchAction","target":{"@type":"EntryPoint","urlTemplate":"https:\/\/1dronas.lt\/en\/?s={search_term_string}"},"query-input":{"@type":"PropertyValueSpecification","valueRequired":true,"valueName":"search_term_string"}}],"inLanguage":"en-US"},{"@type":"Organization","@id":"https:\/\/1dronas.lt\/en\/#organization","name":"1dronas.lt","url":"https:\/\/1dronas.lt\/en\/","logo":{"@type":"ImageObject","inLanguage":"en-US","@id":"https:\/\/1dronas.lt\/en\/#\/schema\/logo\/image\/","url":"https:\/\/1dronas.lt\/wp-content\/uploads\/2020\/12\/Ekrano_kopija__2_-removebg-preview-1-1.png","contentUrl":"https:\/\/1dronas.lt\/wp-content\/uploads\/2020\/12\/Ekrano_kopija__2_-removebg-preview-1-1.png","width":234,"height":81,"caption":"1dronas.lt"},"image":{"@id":"https:\/\/1dronas.lt\/en\/#\/schema\/logo\/image\/"},"sameAs":["https:\/\/www.facebook.com\/1dronas\/"]}]}},"jetpack_sharing_enabled":true,"_links":{"self":[{"href":"https:\/\/1dronas.lt\/en\/wp-json\/wp\/v2\/product\/18777","targetHints":{"allow":["GET"]}}],"collection":[{"href":"https:\/\/1dronas.lt\/en\/wp-json\/wp\/v2\/product"}],"about":[{"href":"https:\/\/1dronas.lt\/en\/wp-json\/wp\/v2\/types\/product"}],"replies":[{"embeddable":true,"href":"https:\/\/1dronas.lt\/en\/wp-json\/wp\/v2\/comments?post=18777"}],"wp:featuredmedia":[{"embeddable":true,"href":"https:\/\/1dronas.lt\/en\/wp-json\/wp\/v2\/media\/18791"}],"wp:attachment":[{"href":"https:\/\/1dronas.lt\/en\/wp-json\/wp\/v2\/media?parent=18777"}],"wp:term":[{"taxonomy":"product_brand","embeddable":true,"href":"https:\/\/1dronas.lt\/en\/wp-json\/wp\/v2\/product_brand?post=18777"},{"taxonomy":"product_cat","embeddable":true,"href":"https:\/\/1dronas.lt\/en\/wp-json\/wp\/v2\/product_cat?post=18777"},{"taxonomy":"product_tag","embeddable":true,"href":"https:\/\/1dronas.lt\/en\/wp-json\/wp\/v2\/product_tag?post=18777"}],"curies":[{"name":"wp","href":"https:\/\/api.w.org\/{rel}","templated":true}]}}