{"id":18761,"date":"2026-04-23T21:58:31","date_gmt":"2026-04-23T18:58:31","guid":{"rendered":"https:\/\/1dronas.lt\/?post_type=product&#038;p=18761"},"modified":"2026-04-24T13:00:43","modified_gmt":"2026-04-24T10:00:43","slug":"gemfan-1614-3-menciu-40mm-propeleriai-1-0-mm","status":"publish","type":"product","link":"https:\/\/1dronas.lt\/en\/produktas\/gemfan-1614-3-menciu-40mm-propeleriai-1-0-mm\/","title":{"rendered":"Gemfan 1614 3-blade 40mm propellers 1.0 mm"},"content":{"rendered":"<p>Gemfan 1614 3-blade propellers are advanced 40mm micro drone propellers made of durable PC plastic that ensure fast response, smooth control and precise flight even in difficult conditions. Suitable for 0802 brushless motors and Air75 II drones.<\/p>\n<p><img loading=\"lazy\" decoding=\"async\" class=\"alignnone size-full wp-image-18774\" src=\"https:\/\/1dronas.lt\/wp-content\/uploads\/2026\/04\/GF_1614_3B_Props.webp\" alt=\"\" width=\"1600\" height=\"900\" srcset=\"https:\/\/1dronas.lt\/wp-content\/uploads\/2026\/04\/GF_1614_3B_Props.webp 1600w, https:\/\/1dronas.lt\/wp-content\/uploads\/2026\/04\/GF_1614_3B_Props-300x169.webp 300w, https:\/\/1dronas.lt\/wp-content\/uploads\/2026\/04\/GF_1614_3B_Props-1024x576.webp 1024w, https:\/\/1dronas.lt\/wp-content\/uploads\/2026\/04\/GF_1614_3B_Props-768x432.webp 768w, https:\/\/1dronas.lt\/wp-content\/uploads\/2026\/04\/GF_1614_3B_Props-1536x864.webp 1536w, https:\/\/1dronas.lt\/wp-content\/uploads\/2026\/04\/GF_1614_3B_Props-18x10.webp 18w, https:\/\/1dronas.lt\/wp-content\/uploads\/2026\/04\/GF_1614_3B_Props-510x287.webp 510w\" sizes=\"auto, (max-width: 1600px) 100vw, 1600px\" \/><\/p>\n<p><strong>Specification:<\/strong><\/p>\n<p>\u2022 Material: PC;<br \/>\n\u2022 Pitch: 1.4 inches;<br \/>\n\u2022 Propeller diameter: 40 mm;<br \/>\n\u2022 Thickness of the central part: 4 mm;<br \/>\n\u2022 Maximum blade width: 7.7 mm;<br \/>\n\u2022 Inner diameter of the central hole: 1.0 mm;<br \/>\n\u2022 Weight: 0.24 g (1 pc.);<br \/>\n\u2022 Color: transparent\/transparent gray.<\/p>\n<p><strong>Measurements:<\/strong><\/p>\n<p><img loading=\"lazy\" decoding=\"async\" class=\"alignnone wp-image-18773 size-full\" src=\"https:\/\/1dronas.lt\/wp-content\/uploads\/2026\/04\/GF_1614_3B_Props_diagram_1024x1024-e1776591760338.webp\" alt=\"\" width=\"932\" height=\"616\" srcset=\"https:\/\/1dronas.lt\/wp-content\/uploads\/2026\/04\/GF_1614_3B_Props_diagram_1024x1024-e1776591760338.webp 932w, https:\/\/1dronas.lt\/wp-content\/uploads\/2026\/04\/GF_1614_3B_Props_diagram_1024x1024-e1776591760338-300x198.webp 300w, https:\/\/1dronas.lt\/wp-content\/uploads\/2026\/04\/GF_1614_3B_Props_diagram_1024x1024-e1776591760338-768x508.webp 768w, https:\/\/1dronas.lt\/wp-content\/uploads\/2026\/04\/GF_1614_3B_Props_diagram_1024x1024-e1776591760338-18x12.webp 18w, https:\/\/1dronas.lt\/wp-content\/uploads\/2026\/04\/GF_1614_3B_Props_diagram_1024x1024-e1776591760338-510x337.webp 510w\" sizes=\"auto, (max-width: 932px) 100vw, 932px\" \/><\/p>\n<p><strong>Package:<\/strong><\/p>\n<p>4x Gemfan 1614 3-blade 40mm propellers (optional);<br \/>\n12x Gemfan 1614 3-blade 40mm propellers (optional).<\/p>\n<p><img loading=\"lazy\" decoding=\"async\" class=\"alignnone wp-image-18775\" src=\"https:\/\/1dronas.lt\/wp-content\/uploads\/2026\/04\/GF_1614_3B_Props_package_600x600.webp\" alt=\"\" width=\"403\" height=\"403\" srcset=\"https:\/\/1dronas.lt\/wp-content\/uploads\/2026\/04\/GF_1614_3B_Props_package_600x600.webp 600w, https:\/\/1dronas.lt\/wp-content\/uploads\/2026\/04\/GF_1614_3B_Props_package_600x600-300x300.webp 300w, https:\/\/1dronas.lt\/wp-content\/uploads\/2026\/04\/GF_1614_3B_Props_package_600x600-150x150.webp 150w, https:\/\/1dronas.lt\/wp-content\/uploads\/2026\/04\/GF_1614_3B_Props_package_600x600-12x12.webp 12w, https:\/\/1dronas.lt\/wp-content\/uploads\/2026\/04\/GF_1614_3B_Props_package_600x600-247x247.webp 247w, https:\/\/1dronas.lt\/wp-content\/uploads\/2026\/04\/GF_1614_3B_Props_package_600x600-510x510.webp 510w, https:\/\/1dronas.lt\/wp-content\/uploads\/2026\/04\/GF_1614_3B_Props_package_600x600-100x100.webp 100w\" sizes=\"auto, (max-width: 403px) 100vw, 403px\" \/><\/p>","protected":false},"excerpt":{"rendered":"<p><span style=\"color: #333333;\">Gemfan 1614 3-blade propellers are advanced 40mm micro drone propellers made of durable PC plastic, ensuring fast response, smooth control, and precise flight even in difficult conditions.<\/span><\/p>\n<p><span style=\"color: #333333;\"><strong><img loading=\"lazy\" decoding=\"async\" class=\"alignnone wp-image-1806\" src=\"https:\/\/1dronas.lt\/wp-content\/uploads\/2021\/05\/delivery-icon.png.webp\" alt=\"\" width=\"24\" height=\"24\" srcset=\"https:\/\/1dronas.lt\/wp-content\/uploads\/2021\/05\/delivery-icon.png 35w, https:\/\/1dronas.lt\/wp-content\/uploads\/2021\/05\/delivery-icon-12x12.png 12w\" sizes=\"auto, (max-width: 24px) 100vw, 24px\" \/>\u00a0 \u00a01 \u2013 2 days<\/strong><\/span><\/p>","protected":false},"featured_media":18769,"comment_status":"open","ping_status":"closed","template":"","meta":[],"product_brand":[489],"product_cat":[691],"product_tag":[1063,1289,69,1290],"class_list":{"0":"post-18761","1":"product","2":"type-product","3":"status-publish","4":"has-post-thumbnail","6":"product_brand-betafpv","7":"product_cat-whoop-propeleriai-31-49-mm","8":"product_tag-31mm","9":"product_tag-40mm","10":"product_tag-betafpv","11":"product_tag-gemfan-1614-3-menciu","13":"first","14":"instock","15":"taxable","16":"shipping-taxable","17":"purchasable","18":"product-type-variable","19":"has-default-attributes"},"yoast_head":"<!-- This site is optimized with the Yoast SEO plugin v27.4 - https:\/\/yoast.com\/product\/yoast-seo-wordpress\/ -->\n<title>Gemfan 1614 3-men\u010diu 40mm propeleriai 1.0 mm - 1dronas.lt<\/title>\n<meta name=\"robots\" content=\"index, follow, max-snippet:-1, max-image-preview:large, max-video-preview:-1\" \/>\n<link rel=\"canonical\" href=\"https:\/\/1dronas.lt\/en\/produktas\/gemfan-1614-3-menciu-40mm-propeleriai-1-0-mm\/\" \/>\n<meta property=\"og:locale\" content=\"en_US\" \/>\n<meta property=\"og:type\" content=\"article\" \/>\n<meta property=\"og:title\" content=\"Gemfan 1614 3-men\u010diu 40mm propeleriai 1.0 mm - 1dronas.lt\" \/>\n<meta property=\"og:description\" content=\"Gemfan 1614 3-men\u010di\u0173 propeleriai - pa\u017eang\u016bs 40 mm mikro dron\u0173 propeleriai, pagaminti i\u0161 tvirto PC plastiko u\u017etikrinantys greit\u0105 reakcij\u0105, skland\u0173 valdym\u0105 ir tiksl\u0173 skryd\u012f net sud\u0117tingomis s\u0105lygomis.  \u00a0 \u00a01 \u2013 2 d. d.\" \/>\n<meta property=\"og:url\" content=\"https:\/\/1dronas.lt\/en\/produktas\/gemfan-1614-3-menciu-40mm-propeleriai-1-0-mm\/\" \/>\n<meta property=\"og:site_name\" content=\"1dronas.lt\" \/>\n<meta property=\"article:publisher\" content=\"https:\/\/www.facebook.com\/1dronas\/\" \/>\n<meta property=\"article:modified_time\" content=\"2026-04-24T10:00:43+00:00\" \/>\n<meta property=\"og:image\" content=\"https:\/\/1dronas.lt\/wp-content\/uploads\/2026\/04\/GF_1614_3B_Props_transparent_720x.webp\" \/>\n\t<meta property=\"og:image:width\" content=\"720\" \/>\n\t<meta property=\"og:image:height\" content=\"720\" \/>\n\t<meta property=\"og:image:type\" content=\"image\/webp\" \/>\n<meta name=\"twitter:card\" content=\"summary_large_image\" \/>\n<meta name=\"twitter:label1\" content=\"Est. reading time\" \/>\n\t<meta name=\"twitter:data1\" content=\"2 minutes\" \/>\n<script type=\"application\/ld+json\" class=\"yoast-schema-graph\">{\"@context\":\"https:\\\/\\\/schema.org\",\"@graph\":[{\"@type\":\"WebPage\",\"@id\":\"https:\\\/\\\/1dronas.lt\\\/en\\\/produktas\\\/gemfan-1614-3-menciu-40mm-propeleriai-1-0-mm\\\/\",\"url\":\"https:\\\/\\\/1dronas.lt\\\/en\\\/produktas\\\/gemfan-1614-3-menciu-40mm-propeleriai-1-0-mm\\\/\",\"name\":\"Gemfan 1614 3-men\u010diu 40mm propeleriai 1.0 mm - 1dronas.lt\",\"isPartOf\":{\"@id\":\"https:\\\/\\\/1dronas.lt\\\/en\\\/#website\"},\"primaryImageOfPage\":{\"@id\":\"https:\\\/\\\/1dronas.lt\\\/en\\\/produktas\\\/gemfan-1614-3-menciu-40mm-propeleriai-1-0-mm\\\/#primaryimage\"},\"image\":{\"@id\":\"https:\\\/\\\/1dronas.lt\\\/en\\\/produktas\\\/gemfan-1614-3-menciu-40mm-propeleriai-1-0-mm\\\/#primaryimage\"},\"thumbnailUrl\":\"https:\\\/\\\/1dronas.lt\\\/wp-content\\\/uploads\\\/2026\\\/04\\\/GF_1614_3B_Props_transparent_720x.webp\",\"datePublished\":\"2026-04-23T18:58:31+00:00\",\"dateModified\":\"2026-04-24T10:00:43+00:00\",\"breadcrumb\":{\"@id\":\"https:\\\/\\\/1dronas.lt\\\/en\\\/produktas\\\/gemfan-1614-3-menciu-40mm-propeleriai-1-0-mm\\\/#breadcrumb\"},\"inLanguage\":\"en-US\",\"potentialAction\":[{\"@type\":\"ReadAction\",\"target\":[\"https:\\\/\\\/1dronas.lt\\\/en\\\/produktas\\\/gemfan-1614-3-menciu-40mm-propeleriai-1-0-mm\\\/\"]}]},{\"@type\":\"ImageObject\",\"inLanguage\":\"en-US\",\"@id\":\"https:\\\/\\\/1dronas.lt\\\/en\\\/produktas\\\/gemfan-1614-3-menciu-40mm-propeleriai-1-0-mm\\\/#primaryimage\",\"url\":\"https:\\\/\\\/1dronas.lt\\\/wp-content\\\/uploads\\\/2026\\\/04\\\/GF_1614_3B_Props_transparent_720x.webp\",\"contentUrl\":\"https:\\\/\\\/1dronas.lt\\\/wp-content\\\/uploads\\\/2026\\\/04\\\/GF_1614_3B_Props_transparent_720x.webp\",\"width\":720,\"height\":720},{\"@type\":\"BreadcrumbList\",\"@id\":\"https:\\\/\\\/1dronas.lt\\\/en\\\/produktas\\\/gemfan-1614-3-menciu-40mm-propeleriai-1-0-mm\\\/#breadcrumb\",\"itemListElement\":[{\"@type\":\"ListItem\",\"position\":1,\"name\":\"Home\",\"item\":\"https:\\\/\\\/1dronas.lt\\\/\"},{\"@type\":\"ListItem\",\"position\":2,\"name\":\"Parduotuv\u0117\",\"item\":\"https:\\\/\\\/1dronas.lt\\\/parduotuve\\\/\"},{\"@type\":\"ListItem\",\"position\":3,\"name\":\"Gemfan 1614 3-men\u010diu 40mm propeleriai 1.0 mm\"}]},{\"@type\":\"WebSite\",\"@id\":\"https:\\\/\\\/1dronas.lt\\\/en\\\/#website\",\"url\":\"https:\\\/\\\/1dronas.lt\\\/en\\\/\",\"name\":\"1dronas.lt\",\"description\":\"Internetin\u0117 parduotuv\u0117\",\"publisher\":{\"@id\":\"https:\\\/\\\/1dronas.lt\\\/en\\\/#organization\"},\"potentialAction\":[{\"@type\":\"SearchAction\",\"target\":{\"@type\":\"EntryPoint\",\"urlTemplate\":\"https:\\\/\\\/1dronas.lt\\\/en\\\/?s={search_term_string}\"},\"query-input\":{\"@type\":\"PropertyValueSpecification\",\"valueRequired\":true,\"valueName\":\"search_term_string\"}}],\"inLanguage\":\"en-US\"},{\"@type\":\"Organization\",\"@id\":\"https:\\\/\\\/1dronas.lt\\\/en\\\/#organization\",\"name\":\"1dronas.lt\",\"url\":\"https:\\\/\\\/1dronas.lt\\\/en\\\/\",\"logo\":{\"@type\":\"ImageObject\",\"inLanguage\":\"en-US\",\"@id\":\"https:\\\/\\\/1dronas.lt\\\/en\\\/#\\\/schema\\\/logo\\\/image\\\/\",\"url\":\"https:\\\/\\\/1dronas.lt\\\/wp-content\\\/uploads\\\/2020\\\/12\\\/Ekrano_kopija__2_-removebg-preview-1-1.png\",\"contentUrl\":\"https:\\\/\\\/1dronas.lt\\\/wp-content\\\/uploads\\\/2020\\\/12\\\/Ekrano_kopija__2_-removebg-preview-1-1.png\",\"width\":234,\"height\":81,\"caption\":\"1dronas.lt\"},\"image\":{\"@id\":\"https:\\\/\\\/1dronas.lt\\\/en\\\/#\\\/schema\\\/logo\\\/image\\\/\"},\"sameAs\":[\"https:\\\/\\\/www.facebook.com\\\/1dronas\\\/\"]}]}<\/script>\n<!-- \/ Yoast SEO plugin. -->","yoast_head_json":{"title":"Gemfan 1614 3-men\u010diu 40mm propeleriai 1.0 mm - 1dronas.lt","robots":{"index":"index","follow":"follow","max-snippet":"max-snippet:-1","max-image-preview":"max-image-preview:large","max-video-preview":"max-video-preview:-1"},"canonical":"https:\/\/1dronas.lt\/en\/produktas\/gemfan-1614-3-menciu-40mm-propeleriai-1-0-mm\/","og_locale":"en_US","og_type":"article","og_title":"Gemfan 1614 3-men\u010diu 40mm propeleriai 1.0 mm - 1dronas.lt","og_description":"Gemfan 1614 3-men\u010di\u0173 propeleriai - pa\u017eang\u016bs 40 mm mikro dron\u0173 propeleriai, pagaminti i\u0161 tvirto PC plastiko u\u017etikrinantys greit\u0105 reakcij\u0105, skland\u0173 valdym\u0105 ir tiksl\u0173 skryd\u012f net sud\u0117tingomis s\u0105lygomis.  \u00a0 \u00a01 \u2013 2 d. d.","og_url":"https:\/\/1dronas.lt\/en\/produktas\/gemfan-1614-3-menciu-40mm-propeleriai-1-0-mm\/","og_site_name":"1dronas.lt","article_publisher":"https:\/\/www.facebook.com\/1dronas\/","article_modified_time":"2026-04-24T10:00:43+00:00","og_image":[{"width":720,"height":720,"url":"https:\/\/1dronas.lt\/wp-content\/uploads\/2026\/04\/GF_1614_3B_Props_transparent_720x.webp","type":"image\/webp"}],"twitter_card":"summary_large_image","twitter_misc":{"Est. reading time":"2 minutes"},"schema":{"@context":"https:\/\/schema.org","@graph":[{"@type":"WebPage","@id":"https:\/\/1dronas.lt\/en\/produktas\/gemfan-1614-3-menciu-40mm-propeleriai-1-0-mm\/","url":"https:\/\/1dronas.lt\/en\/produktas\/gemfan-1614-3-menciu-40mm-propeleriai-1-0-mm\/","name":"Gemfan 1614 3-men\u010diu 40mm propeleriai 1.0 mm - 1dronas.lt","isPartOf":{"@id":"https:\/\/1dronas.lt\/en\/#website"},"primaryImageOfPage":{"@id":"https:\/\/1dronas.lt\/en\/produktas\/gemfan-1614-3-menciu-40mm-propeleriai-1-0-mm\/#primaryimage"},"image":{"@id":"https:\/\/1dronas.lt\/en\/produktas\/gemfan-1614-3-menciu-40mm-propeleriai-1-0-mm\/#primaryimage"},"thumbnailUrl":"https:\/\/1dronas.lt\/wp-content\/uploads\/2026\/04\/GF_1614_3B_Props_transparent_720x.webp","datePublished":"2026-04-23T18:58:31+00:00","dateModified":"2026-04-24T10:00:43+00:00","breadcrumb":{"@id":"https:\/\/1dronas.lt\/en\/produktas\/gemfan-1614-3-menciu-40mm-propeleriai-1-0-mm\/#breadcrumb"},"inLanguage":"en-US","potentialAction":[{"@type":"ReadAction","target":["https:\/\/1dronas.lt\/en\/produktas\/gemfan-1614-3-menciu-40mm-propeleriai-1-0-mm\/"]}]},{"@type":"ImageObject","inLanguage":"en-US","@id":"https:\/\/1dronas.lt\/en\/produktas\/gemfan-1614-3-menciu-40mm-propeleriai-1-0-mm\/#primaryimage","url":"https:\/\/1dronas.lt\/wp-content\/uploads\/2026\/04\/GF_1614_3B_Props_transparent_720x.webp","contentUrl":"https:\/\/1dronas.lt\/wp-content\/uploads\/2026\/04\/GF_1614_3B_Props_transparent_720x.webp","width":720,"height":720},{"@type":"BreadcrumbList","@id":"https:\/\/1dronas.lt\/en\/produktas\/gemfan-1614-3-menciu-40mm-propeleriai-1-0-mm\/#breadcrumb","itemListElement":[{"@type":"ListItem","position":1,"name":"Home","item":"https:\/\/1dronas.lt\/"},{"@type":"ListItem","position":2,"name":"Parduotuv\u0117","item":"https:\/\/1dronas.lt\/parduotuve\/"},{"@type":"ListItem","position":3,"name":"Gemfan 1614 3-men\u010diu 40mm propeleriai 1.0 mm"}]},{"@type":"WebSite","@id":"https:\/\/1dronas.lt\/en\/#website","url":"https:\/\/1dronas.lt\/en\/","name":"1dronas.lt","description":"Online store","publisher":{"@id":"https:\/\/1dronas.lt\/en\/#organization"},"potentialAction":[{"@type":"SearchAction","target":{"@type":"EntryPoint","urlTemplate":"https:\/\/1dronas.lt\/en\/?s={search_term_string}"},"query-input":{"@type":"PropertyValueSpecification","valueRequired":true,"valueName":"search_term_string"}}],"inLanguage":"en-US"},{"@type":"Organization","@id":"https:\/\/1dronas.lt\/en\/#organization","name":"1dronas.lt","url":"https:\/\/1dronas.lt\/en\/","logo":{"@type":"ImageObject","inLanguage":"en-US","@id":"https:\/\/1dronas.lt\/en\/#\/schema\/logo\/image\/","url":"https:\/\/1dronas.lt\/wp-content\/uploads\/2020\/12\/Ekrano_kopija__2_-removebg-preview-1-1.png","contentUrl":"https:\/\/1dronas.lt\/wp-content\/uploads\/2020\/12\/Ekrano_kopija__2_-removebg-preview-1-1.png","width":234,"height":81,"caption":"1dronas.lt"},"image":{"@id":"https:\/\/1dronas.lt\/en\/#\/schema\/logo\/image\/"},"sameAs":["https:\/\/www.facebook.com\/1dronas\/"]}]}},"jetpack_sharing_enabled":true,"_links":{"self":[{"href":"https:\/\/1dronas.lt\/en\/wp-json\/wp\/v2\/product\/18761","targetHints":{"allow":["GET"]}}],"collection":[{"href":"https:\/\/1dronas.lt\/en\/wp-json\/wp\/v2\/product"}],"about":[{"href":"https:\/\/1dronas.lt\/en\/wp-json\/wp\/v2\/types\/product"}],"replies":[{"embeddable":true,"href":"https:\/\/1dronas.lt\/en\/wp-json\/wp\/v2\/comments?post=18761"}],"wp:featuredmedia":[{"embeddable":true,"href":"https:\/\/1dronas.lt\/en\/wp-json\/wp\/v2\/media\/18769"}],"wp:attachment":[{"href":"https:\/\/1dronas.lt\/en\/wp-json\/wp\/v2\/media?parent=18761"}],"wp:term":[{"taxonomy":"product_brand","embeddable":true,"href":"https:\/\/1dronas.lt\/en\/wp-json\/wp\/v2\/product_brand?post=18761"},{"taxonomy":"product_cat","embeddable":true,"href":"https:\/\/1dronas.lt\/en\/wp-json\/wp\/v2\/product_cat?post=18761"},{"taxonomy":"product_tag","embeddable":true,"href":"https:\/\/1dronas.lt\/en\/wp-json\/wp\/v2\/product_tag?post=18761"}],"curies":[{"name":"wp","href":"https:\/\/api.w.org\/{rel}","templated":true}]}}