{"id":18734,"date":"2026-04-19T12:41:39","date_gmt":"2026-04-19T09:41:39","guid":{"rendered":"https:\/\/1dronas.lt\/?post_type=product&#038;p=18734"},"modified":"2026-04-19T12:46:25","modified_gmt":"2026-04-19T09:46:25","slug":"flywoo-irankiu-rinkinys","status":"publish","type":"product","link":"https:\/\/1dronas.lt\/en\/produktas\/flywoo-irankiu-rinkinys\/","title":{"rendered":"Flywoo Tool Set"},"content":{"rendered":"<p>Flywoo FPV Quad Tool Kit &#8211; kompakti\u0161kas ir patogus \u012franki\u0173 rinkinys FPV dron\u0173 prie\u017ei\u016brai bei remontui. Tvirtas, sm\u016bgiams atsparus ir vandeniui atsparus d\u0117klas apsaugo \u012frankius, o viduje esantys lituoklis, multimetras ir kiti priedai leid\u017eia greitai atlikti darbus tiek namuose, tiek kelion\u0117je.<\/p>\n<p><strong>Features:<\/strong><\/p>\n<p>\u2022 Tvirtas EVA d\u0117klas \u2013 atsparus sm\u016bgiams, spaudimui ir vandeniui;<br \/>\n\u2022 Vidin\u0117 tinklin\u0117 ki\u0161en\u0117 papildomiems priedams;<br \/>\n\u2022 Kompakti\u0161kas skaitmeninis multimetras;<br \/>\n\u2022 XT60 maitinimo kabelis.<\/p>\n<p><strong>Specifications:<\/strong><\/p>\n<p>Lituoklis:<\/p>\n<p>\u2022 Rankenos dydis: 110 x 16 x 15 mm;<br \/>\n\u2022 Darbin\u0117 \u012ftampa: DC 12\u201324 V;<br \/>\n\u2022 Temperat\u016bra: 220 \u2013 400 \u00b0C;<br \/>\n\u2022 Maitinimo jungtis: 5.5 x 2.5;<br \/>\n\u2022 Srov\u0117: &gt; 1.5 A;<br \/>\n\u2022 Antgalio dydis: 115 x 5.5 mm;<br \/>\n\u2022 Svoris: 28 g;<br \/>\n\u2022 Galia: 65 W.<\/p>\n<p>Skaitmeninis multimetras:<\/p>\n<p>\u2022 Talpa: 0.001 nF \u2013 9.999 mF;<br \/>\n\u2022 AC \u012ftampa: 400 mV \u2013 600 V;<br \/>\n\u2022 DC \u012ftampa: 400 mV \u2013 600 V;<br \/>\n\u2022 Var\u017ea: 0.1 \u03a9 \u2013 40 M\u03a9;<br \/>\n\u2022 Da\u017enis: 0.01 Hz \u2013 9.999 MHz;<br \/>\n\u2022 Display: LCD;<br \/>\n\u2022 Svoris: ~110 g;<br \/>\n\u2022 Maitinimas: 2 x 1.5 V baterijos.<\/p>\n<p><strong>Measurements:<\/strong><\/p>\n<p><img loading=\"lazy\" decoding=\"async\" class=\"alignnone wp-image-18738\" src=\"https:\/\/1dronas.lt\/wp-content\/uploads\/2026\/04\/d04fc99643286c7be313ca210ad71c50_900x-e1776532928790.webp\" alt=\"\" width=\"472\" height=\"329\" srcset=\"https:\/\/1dronas.lt\/wp-content\/uploads\/2026\/04\/d04fc99643286c7be313ca210ad71c50_900x-e1776532928790.webp 876w, https:\/\/1dronas.lt\/wp-content\/uploads\/2026\/04\/d04fc99643286c7be313ca210ad71c50_900x-e1776532928790-300x209.webp 300w, https:\/\/1dronas.lt\/wp-content\/uploads\/2026\/04\/d04fc99643286c7be313ca210ad71c50_900x-e1776532928790-768x535.webp 768w, https:\/\/1dronas.lt\/wp-content\/uploads\/2026\/04\/d04fc99643286c7be313ca210ad71c50_900x-e1776532928790-18x12.webp 18w, https:\/\/1dronas.lt\/wp-content\/uploads\/2026\/04\/d04fc99643286c7be313ca210ad71c50_900x-e1776532928790-510x355.webp 510w\" sizes=\"auto, (max-width: 472px) 100vw, 472px\" \/><\/p>\n<p><strong>Package:<\/strong><\/p>\n<p>1x 4-in-1 \u0161e\u0161iakampi\u0173 atsuktuv\u0173 rinkinys;<br \/>\n1x ZOYI skaitmeninis multimetras;<br \/>\n1x Soldering iron stand;<br \/>\n1x Lituoklio pried\u0173 rinkinys;<br \/>\n1x 65W lituoklis;<br \/>\n1x Fliusas;<br \/>\n1x Tweezers;<br \/>\n1x XT60 \u012f DC kabelis;<br \/>\n1x Metalin\u0117 liniuot\u0117;<br \/>\n1x Dir\u017eelis;<br \/>\n1x Repl\u0117s;<br \/>\n1x Peilis;<br \/>\n1x Propeleri\u0173 \u012frankis;<br \/>\n1x Litavimo viela.<\/p>\n<p><img loading=\"lazy\" decoding=\"async\" class=\"alignnone wp-image-18735\" src=\"https:\/\/1dronas.lt\/wp-content\/uploads\/2026\/04\/51dc049f59763cd498e3e07cf6fc3092_900x.webp\" alt=\"\" width=\"674\" height=\"674\" srcset=\"https:\/\/1dronas.lt\/wp-content\/uploads\/2026\/04\/51dc049f59763cd498e3e07cf6fc3092_900x.webp 900w, https:\/\/1dronas.lt\/wp-content\/uploads\/2026\/04\/51dc049f59763cd498e3e07cf6fc3092_900x-300x300.webp 300w, https:\/\/1dronas.lt\/wp-content\/uploads\/2026\/04\/51dc049f59763cd498e3e07cf6fc3092_900x-150x150.webp 150w, https:\/\/1dronas.lt\/wp-content\/uploads\/2026\/04\/51dc049f59763cd498e3e07cf6fc3092_900x-768x768.webp 768w, https:\/\/1dronas.lt\/wp-content\/uploads\/2026\/04\/51dc049f59763cd498e3e07cf6fc3092_900x-12x12.webp 12w, https:\/\/1dronas.lt\/wp-content\/uploads\/2026\/04\/51dc049f59763cd498e3e07cf6fc3092_900x-247x247.webp 247w, https:\/\/1dronas.lt\/wp-content\/uploads\/2026\/04\/51dc049f59763cd498e3e07cf6fc3092_900x-510x510.webp 510w, https:\/\/1dronas.lt\/wp-content\/uploads\/2026\/04\/51dc049f59763cd498e3e07cf6fc3092_900x-100x100.webp 100w\" sizes=\"auto, (max-width: 674px) 100vw, 674px\" \/><\/p>","protected":false},"excerpt":{"rendered":"<p><span style=\"color: #333333;\">Flywoo FPV Quad Tool Kit \u2013 kompakti\u0161kas \u012franki\u0173 rinkinys su lituokliu ir multimetru, skirtas FPV dron\u0173 remontui ir prie\u017ei\u016brai. Patogus d\u0117klas ir gausi komplektacija leid\u017eia lengvai atlikti darbus bet kur.<\/span><\/p>\n<p><strong><span style=\"color: #333333;\"><img loading=\"lazy\" decoding=\"async\" class=\"alignnone wp-image-1806\" src=\"https:\/\/1dronas.lt\/wp-content\/uploads\/2021\/05\/delivery-icon.png\" alt=\"\" width=\"24\" height=\"24\" srcset=\"https:\/\/1dronas.lt\/wp-content\/uploads\/2021\/05\/delivery-icon.png 35w, https:\/\/1dronas.lt\/wp-content\/uploads\/2021\/05\/delivery-icon-12x12.png 12w\" sizes=\"auto, (max-width: 24px) 100vw, 24px\" \/>\u00a0\u00a0\u00a0<span style=\"font-size: 90%;\">1 \u2013 2 days<\/span><\/span><\/strong><\/p>","protected":false},"featured_media":18737,"comment_status":"open","ping_status":"closed","template":"","meta":[],"product_brand":[1152],"product_cat":[679],"product_tag":[90,1073,902,1288],"class_list":{"0":"post-18734","1":"product","2":"type-product","3":"status-publish","4":"has-post-thumbnail","6":"product_brand-flywoo","7":"product_cat-irankiai","8":"product_tag-flywoo","9":"product_tag-irankiu-rinkinys","10":"product_tag-lituoklis","11":"product_tag-multimetras","13":"first","14":"instock","15":"taxable","16":"shipping-taxable","17":"purchasable","18":"product-type-simple"},"yoast_head":"<!-- This site is optimized with the Yoast SEO plugin v27.4 - https:\/\/yoast.com\/product\/yoast-seo-wordpress\/ -->\n<title>Flywoo \u012eranki\u0173 rinkinys - 1dronas.lt<\/title>\n<meta name=\"robots\" content=\"index, follow, max-snippet:-1, max-image-preview:large, max-video-preview:-1\" \/>\n<link rel=\"canonical\" href=\"https:\/\/1dronas.lt\/en\/produktas\/flywoo-irankiu-rinkinys\/\" \/>\n<meta property=\"og:locale\" content=\"en_US\" \/>\n<meta property=\"og:type\" content=\"article\" \/>\n<meta property=\"og:title\" content=\"Flywoo \u012eranki\u0173 rinkinys - 1dronas.lt\" \/>\n<meta property=\"og:description\" content=\"Flywoo FPV Quad Tool Kit \u2013 kompakti\u0161kas \u012franki\u0173 rinkinys su lituokliu ir multimetru, skirtas FPV dron\u0173 remontui ir prie\u017ei\u016brai. Patogus d\u0117klas ir gausi komplektacija leid\u017eia lengvai atlikti darbus bet kur.  \u00a0\u00a0\u00a01 \u2013 2 d. d.\" \/>\n<meta property=\"og:url\" content=\"https:\/\/1dronas.lt\/en\/produktas\/flywoo-irankiu-rinkinys\/\" \/>\n<meta property=\"og:site_name\" content=\"1dronas.lt\" \/>\n<meta property=\"article:publisher\" content=\"https:\/\/www.facebook.com\/1dronas\/\" \/>\n<meta property=\"article:modified_time\" content=\"2026-04-19T09:46:25+00:00\" \/>\n<meta property=\"og:image\" content=\"https:\/\/1dronas.lt\/wp-content\/uploads\/2026\/04\/801a246f5666a598004fc47f32169927_900x.webp\" \/>\n\t<meta property=\"og:image:width\" content=\"900\" \/>\n\t<meta property=\"og:image:height\" content=\"900\" \/>\n\t<meta property=\"og:image:type\" content=\"image\/webp\" \/>\n<meta name=\"twitter:card\" content=\"summary_large_image\" \/>\n<meta name=\"twitter:label1\" content=\"Est. reading time\" \/>\n\t<meta name=\"twitter:data1\" content=\"2 minutes\" \/>\n<script type=\"application\/ld+json\" class=\"yoast-schema-graph\">{\"@context\":\"https:\\\/\\\/schema.org\",\"@graph\":[{\"@type\":\"WebPage\",\"@id\":\"https:\\\/\\\/1dronas.lt\\\/en\\\/produktas\\\/flywoo-irankiu-rinkinys\\\/\",\"url\":\"https:\\\/\\\/1dronas.lt\\\/en\\\/produktas\\\/flywoo-irankiu-rinkinys\\\/\",\"name\":\"Flywoo \u012eranki\u0173 rinkinys - 1dronas.lt\",\"isPartOf\":{\"@id\":\"https:\\\/\\\/1dronas.lt\\\/en\\\/#website\"},\"primaryImageOfPage\":{\"@id\":\"https:\\\/\\\/1dronas.lt\\\/en\\\/produktas\\\/flywoo-irankiu-rinkinys\\\/#primaryimage\"},\"image\":{\"@id\":\"https:\\\/\\\/1dronas.lt\\\/en\\\/produktas\\\/flywoo-irankiu-rinkinys\\\/#primaryimage\"},\"thumbnailUrl\":\"https:\\\/\\\/1dronas.lt\\\/wp-content\\\/uploads\\\/2026\\\/04\\\/801a246f5666a598004fc47f32169927_900x.webp\",\"datePublished\":\"2026-04-19T09:41:39+00:00\",\"dateModified\":\"2026-04-19T09:46:25+00:00\",\"breadcrumb\":{\"@id\":\"https:\\\/\\\/1dronas.lt\\\/en\\\/produktas\\\/flywoo-irankiu-rinkinys\\\/#breadcrumb\"},\"inLanguage\":\"en-US\",\"potentialAction\":[{\"@type\":\"ReadAction\",\"target\":[\"https:\\\/\\\/1dronas.lt\\\/en\\\/produktas\\\/flywoo-irankiu-rinkinys\\\/\"]}]},{\"@type\":\"ImageObject\",\"inLanguage\":\"en-US\",\"@id\":\"https:\\\/\\\/1dronas.lt\\\/en\\\/produktas\\\/flywoo-irankiu-rinkinys\\\/#primaryimage\",\"url\":\"https:\\\/\\\/1dronas.lt\\\/wp-content\\\/uploads\\\/2026\\\/04\\\/801a246f5666a598004fc47f32169927_900x.webp\",\"contentUrl\":\"https:\\\/\\\/1dronas.lt\\\/wp-content\\\/uploads\\\/2026\\\/04\\\/801a246f5666a598004fc47f32169927_900x.webp\",\"width\":900,\"height\":900},{\"@type\":\"BreadcrumbList\",\"@id\":\"https:\\\/\\\/1dronas.lt\\\/en\\\/produktas\\\/flywoo-irankiu-rinkinys\\\/#breadcrumb\",\"itemListElement\":[{\"@type\":\"ListItem\",\"position\":1,\"name\":\"Home\",\"item\":\"https:\\\/\\\/1dronas.lt\\\/\"},{\"@type\":\"ListItem\",\"position\":2,\"name\":\"Parduotuv\u0117\",\"item\":\"https:\\\/\\\/1dronas.lt\\\/parduotuve\\\/\"},{\"@type\":\"ListItem\",\"position\":3,\"name\":\"Flywoo \u012eranki\u0173 rinkinys\"}]},{\"@type\":\"WebSite\",\"@id\":\"https:\\\/\\\/1dronas.lt\\\/en\\\/#website\",\"url\":\"https:\\\/\\\/1dronas.lt\\\/en\\\/\",\"name\":\"1dronas.lt\",\"description\":\"Internetin\u0117 parduotuv\u0117\",\"publisher\":{\"@id\":\"https:\\\/\\\/1dronas.lt\\\/en\\\/#organization\"},\"potentialAction\":[{\"@type\":\"SearchAction\",\"target\":{\"@type\":\"EntryPoint\",\"urlTemplate\":\"https:\\\/\\\/1dronas.lt\\\/en\\\/?s={search_term_string}\"},\"query-input\":{\"@type\":\"PropertyValueSpecification\",\"valueRequired\":true,\"valueName\":\"search_term_string\"}}],\"inLanguage\":\"en-US\"},{\"@type\":\"Organization\",\"@id\":\"https:\\\/\\\/1dronas.lt\\\/en\\\/#organization\",\"name\":\"1dronas.lt\",\"url\":\"https:\\\/\\\/1dronas.lt\\\/en\\\/\",\"logo\":{\"@type\":\"ImageObject\",\"inLanguage\":\"en-US\",\"@id\":\"https:\\\/\\\/1dronas.lt\\\/en\\\/#\\\/schema\\\/logo\\\/image\\\/\",\"url\":\"https:\\\/\\\/1dronas.lt\\\/wp-content\\\/uploads\\\/2020\\\/12\\\/Ekrano_kopija__2_-removebg-preview-1-1.png\",\"contentUrl\":\"https:\\\/\\\/1dronas.lt\\\/wp-content\\\/uploads\\\/2020\\\/12\\\/Ekrano_kopija__2_-removebg-preview-1-1.png\",\"width\":234,\"height\":81,\"caption\":\"1dronas.lt\"},\"image\":{\"@id\":\"https:\\\/\\\/1dronas.lt\\\/en\\\/#\\\/schema\\\/logo\\\/image\\\/\"},\"sameAs\":[\"https:\\\/\\\/www.facebook.com\\\/1dronas\\\/\"]}]}<\/script>\n<!-- \/ Yoast SEO plugin. -->","yoast_head_json":{"title":"Flywoo \u012eranki\u0173 rinkinys - 1dronas.lt","robots":{"index":"index","follow":"follow","max-snippet":"max-snippet:-1","max-image-preview":"max-image-preview:large","max-video-preview":"max-video-preview:-1"},"canonical":"https:\/\/1dronas.lt\/en\/produktas\/flywoo-irankiu-rinkinys\/","og_locale":"en_US","og_type":"article","og_title":"Flywoo \u012eranki\u0173 rinkinys - 1dronas.lt","og_description":"Flywoo FPV Quad Tool Kit \u2013 kompakti\u0161kas \u012franki\u0173 rinkinys su lituokliu ir multimetru, skirtas FPV dron\u0173 remontui ir prie\u017ei\u016brai. Patogus d\u0117klas ir gausi komplektacija leid\u017eia lengvai atlikti darbus bet kur.  \u00a0\u00a0\u00a01 \u2013 2 d. d.","og_url":"https:\/\/1dronas.lt\/en\/produktas\/flywoo-irankiu-rinkinys\/","og_site_name":"1dronas.lt","article_publisher":"https:\/\/www.facebook.com\/1dronas\/","article_modified_time":"2026-04-19T09:46:25+00:00","og_image":[{"width":900,"height":900,"url":"https:\/\/1dronas.lt\/wp-content\/uploads\/2026\/04\/801a246f5666a598004fc47f32169927_900x.webp","type":"image\/webp"}],"twitter_card":"summary_large_image","twitter_misc":{"Est. reading time":"2 minutes"},"schema":{"@context":"https:\/\/schema.org","@graph":[{"@type":"WebPage","@id":"https:\/\/1dronas.lt\/en\/produktas\/flywoo-irankiu-rinkinys\/","url":"https:\/\/1dronas.lt\/en\/produktas\/flywoo-irankiu-rinkinys\/","name":"Flywoo \u012eranki\u0173 rinkinys - 1dronas.lt","isPartOf":{"@id":"https:\/\/1dronas.lt\/en\/#website"},"primaryImageOfPage":{"@id":"https:\/\/1dronas.lt\/en\/produktas\/flywoo-irankiu-rinkinys\/#primaryimage"},"image":{"@id":"https:\/\/1dronas.lt\/en\/produktas\/flywoo-irankiu-rinkinys\/#primaryimage"},"thumbnailUrl":"https:\/\/1dronas.lt\/wp-content\/uploads\/2026\/04\/801a246f5666a598004fc47f32169927_900x.webp","datePublished":"2026-04-19T09:41:39+00:00","dateModified":"2026-04-19T09:46:25+00:00","breadcrumb":{"@id":"https:\/\/1dronas.lt\/en\/produktas\/flywoo-irankiu-rinkinys\/#breadcrumb"},"inLanguage":"en-US","potentialAction":[{"@type":"ReadAction","target":["https:\/\/1dronas.lt\/en\/produktas\/flywoo-irankiu-rinkinys\/"]}]},{"@type":"ImageObject","inLanguage":"en-US","@id":"https:\/\/1dronas.lt\/en\/produktas\/flywoo-irankiu-rinkinys\/#primaryimage","url":"https:\/\/1dronas.lt\/wp-content\/uploads\/2026\/04\/801a246f5666a598004fc47f32169927_900x.webp","contentUrl":"https:\/\/1dronas.lt\/wp-content\/uploads\/2026\/04\/801a246f5666a598004fc47f32169927_900x.webp","width":900,"height":900},{"@type":"BreadcrumbList","@id":"https:\/\/1dronas.lt\/en\/produktas\/flywoo-irankiu-rinkinys\/#breadcrumb","itemListElement":[{"@type":"ListItem","position":1,"name":"Home","item":"https:\/\/1dronas.lt\/"},{"@type":"ListItem","position":2,"name":"Parduotuv\u0117","item":"https:\/\/1dronas.lt\/parduotuve\/"},{"@type":"ListItem","position":3,"name":"Flywoo \u012eranki\u0173 rinkinys"}]},{"@type":"WebSite","@id":"https:\/\/1dronas.lt\/en\/#website","url":"https:\/\/1dronas.lt\/en\/","name":"1dronas.lt","description":"Online store","publisher":{"@id":"https:\/\/1dronas.lt\/en\/#organization"},"potentialAction":[{"@type":"SearchAction","target":{"@type":"EntryPoint","urlTemplate":"https:\/\/1dronas.lt\/en\/?s={search_term_string}"},"query-input":{"@type":"PropertyValueSpecification","valueRequired":true,"valueName":"search_term_string"}}],"inLanguage":"en-US"},{"@type":"Organization","@id":"https:\/\/1dronas.lt\/en\/#organization","name":"1dronas.lt","url":"https:\/\/1dronas.lt\/en\/","logo":{"@type":"ImageObject","inLanguage":"en-US","@id":"https:\/\/1dronas.lt\/en\/#\/schema\/logo\/image\/","url":"https:\/\/1dronas.lt\/wp-content\/uploads\/2020\/12\/Ekrano_kopija__2_-removebg-preview-1-1.png","contentUrl":"https:\/\/1dronas.lt\/wp-content\/uploads\/2020\/12\/Ekrano_kopija__2_-removebg-preview-1-1.png","width":234,"height":81,"caption":"1dronas.lt"},"image":{"@id":"https:\/\/1dronas.lt\/en\/#\/schema\/logo\/image\/"},"sameAs":["https:\/\/www.facebook.com\/1dronas\/"]}]}},"jetpack_sharing_enabled":true,"_links":{"self":[{"href":"https:\/\/1dronas.lt\/en\/wp-json\/wp\/v2\/product\/18734","targetHints":{"allow":["GET"]}}],"collection":[{"href":"https:\/\/1dronas.lt\/en\/wp-json\/wp\/v2\/product"}],"about":[{"href":"https:\/\/1dronas.lt\/en\/wp-json\/wp\/v2\/types\/product"}],"replies":[{"embeddable":true,"href":"https:\/\/1dronas.lt\/en\/wp-json\/wp\/v2\/comments?post=18734"}],"wp:featuredmedia":[{"embeddable":true,"href":"https:\/\/1dronas.lt\/en\/wp-json\/wp\/v2\/media\/18737"}],"wp:attachment":[{"href":"https:\/\/1dronas.lt\/en\/wp-json\/wp\/v2\/media?parent=18734"}],"wp:term":[{"taxonomy":"product_brand","embeddable":true,"href":"https:\/\/1dronas.lt\/en\/wp-json\/wp\/v2\/product_brand?post=18734"},{"taxonomy":"product_cat","embeddable":true,"href":"https:\/\/1dronas.lt\/en\/wp-json\/wp\/v2\/product_cat?post=18734"},{"taxonomy":"product_tag","embeddable":true,"href":"https:\/\/1dronas.lt\/en\/wp-json\/wp\/v2\/product_tag?post=18734"}],"curies":[{"name":"wp","href":"https:\/\/api.w.org\/{rel}","templated":true}]}}