{"id":18722,"date":"2026-04-23T21:26:55","date_gmt":"2026-04-23T18:26:55","guid":{"rendered":"https:\/\/1dronas.lt\/?post_type=product&#038;p=18722"},"modified":"2026-04-23T21:27:11","modified_gmt":"2026-04-23T18:27:11","slug":"betafpv-lava-series-1102-brushless-motors-14000kv","status":"publish","type":"product","link":"https:\/\/1dronas.lt\/en\/produktas\/betafpv-lava-series-1102-brushless-motors-14000kv\/","title":{"rendered":"BETAFPV LAVA Series 1102 Brushless Motors 14000KV"},"content":{"rendered":"<p>BETAFPV LAVA Series 1102 Brushless Motors 14000KV (22mm) &#8211; tai lengvas ir efektyvus be\u0161epet\u0117linis variklis, sukurtas ma\u017eiems whoop tipo dronams. D\u0117l pa\u017eangios magnet\u0173 konstrukcijos ir optimizuoto apvij\u0173 i\u0161d\u0117stymo jis u\u017etikrina stipri\u0105 trauk\u0105, skland\u0173 veikim\u0105 ir ger\u0105 energijos panaudojim\u0105. Variklis pasi\u017eymi puikiu galios ir svorio santykiu, tod\u0117l leid\u017eia dronui i\u0161likti manevringam ir stabiliam skryd\u017eio metu.<\/p>\n<p><img loading=\"lazy\" decoding=\"async\" class=\"alignnone size-full wp-image-18728\" src=\"https:\/\/1dronas.lt\/wp-content\/uploads\/2026\/04\/74b96dbb2d19db9758ba306fc55ad040_37ff0200-0116-4cfd-8545-b1e81e1db250.webp\" alt=\"\" width=\"1600\" height=\"900\" srcset=\"https:\/\/1dronas.lt\/wp-content\/uploads\/2026\/04\/74b96dbb2d19db9758ba306fc55ad040_37ff0200-0116-4cfd-8545-b1e81e1db250.webp 1600w, https:\/\/1dronas.lt\/wp-content\/uploads\/2026\/04\/74b96dbb2d19db9758ba306fc55ad040_37ff0200-0116-4cfd-8545-b1e81e1db250-300x169.webp 300w, https:\/\/1dronas.lt\/wp-content\/uploads\/2026\/04\/74b96dbb2d19db9758ba306fc55ad040_37ff0200-0116-4cfd-8545-b1e81e1db250-1024x576.webp 1024w, https:\/\/1dronas.lt\/wp-content\/uploads\/2026\/04\/74b96dbb2d19db9758ba306fc55ad040_37ff0200-0116-4cfd-8545-b1e81e1db250-768x432.webp 768w, https:\/\/1dronas.lt\/wp-content\/uploads\/2026\/04\/74b96dbb2d19db9758ba306fc55ad040_37ff0200-0116-4cfd-8545-b1e81e1db250-1536x864.webp 1536w, https:\/\/1dronas.lt\/wp-content\/uploads\/2026\/04\/74b96dbb2d19db9758ba306fc55ad040_37ff0200-0116-4cfd-8545-b1e81e1db250-18x10.webp 18w, https:\/\/1dronas.lt\/wp-content\/uploads\/2026\/04\/74b96dbb2d19db9758ba306fc55ad040_37ff0200-0116-4cfd-8545-b1e81e1db250-510x287.webp 510w\" sizes=\"auto, (max-width: 1600px) 100vw, 1600px\" \/><\/p>\n<p><strong>Features:<\/strong><\/p>\n<p>\u2022 Sukurtas Pavo Femto dronui &#8211; pasiekia iki 6.75:1 traukos ir svorio santyk\u012f;<br \/>\n\u2022 Auk\u0161tas efektyvumas &#8211; 1.5 g\/W prie ~130 g traukos;<br \/>\n\u2022 Itin lengvas &#8211; tik apie 3.4 g (22mm laidas);<br \/>\n\u2022 Tinka DIY &#8211; 4 x M2 tvirtinimas \u012fvairiems propeleriams.<\/p>\n<p><strong>Specification:<\/strong><\/p>\n<p>\u2022 KV: 14000KV;<br \/>\n\u2022 Maksimali galia: 84.1 W;<br \/>\n\u2022 Maksimali srov\u0117: 10.51 A;<br \/>\n\u2022 Svoris: 3.4 g;<br \/>\n\u2022 Veleno skersmuo: \u00d81.5 mm;<br \/>\n\u2022 Shaft length: 5 mm;<br \/>\n\u2022 Laidai: 28AWG;<br \/>\n\u2022 Laid\u0173 ilgis: 22 mm;<br \/>\n\u2022 Variklio tvirtinimas: 3 x M1.4 \u00d86.6 mm;<br \/>\n\u2022 Propelerio tvirtinimas: 4 x M2 \u00d85 mm.<\/p>\n<p><strong>Measurements:<\/strong><\/p>\n<p><img loading=\"lazy\" decoding=\"async\" class=\"alignnone wp-image-18723\" src=\"https:\/\/1dronas.lt\/wp-content\/uploads\/2026\/04\/LAVA_1102_Motor_22mm_dimentions_1024x1024.webp\" alt=\"\" width=\"611\" height=\"237\" srcset=\"https:\/\/1dronas.lt\/wp-content\/uploads\/2026\/04\/LAVA_1102_Motor_22mm_dimentions_1024x1024.webp 1024w, https:\/\/1dronas.lt\/wp-content\/uploads\/2026\/04\/LAVA_1102_Motor_22mm_dimentions_1024x1024-300x116.webp 300w, https:\/\/1dronas.lt\/wp-content\/uploads\/2026\/04\/LAVA_1102_Motor_22mm_dimentions_1024x1024-768x298.webp 768w, https:\/\/1dronas.lt\/wp-content\/uploads\/2026\/04\/LAVA_1102_Motor_22mm_dimentions_1024x1024-18x7.webp 18w, https:\/\/1dronas.lt\/wp-content\/uploads\/2026\/04\/LAVA_1102_Motor_22mm_dimentions_1024x1024-510x198.webp 510w\" sizes=\"auto, (max-width: 611px) 100vw, 611px\" \/><\/p>\n<p><img loading=\"lazy\" decoding=\"async\" class=\"alignnone wp-image-18724\" src=\"https:\/\/1dronas.lt\/wp-content\/uploads\/2026\/04\/Outline_drawing_of_LAVA_1102_Motor_1024x1024.webp\" alt=\"\" width=\"569\" height=\"213\" srcset=\"https:\/\/1dronas.lt\/wp-content\/uploads\/2026\/04\/Outline_drawing_of_LAVA_1102_Motor_1024x1024.webp 1024w, https:\/\/1dronas.lt\/wp-content\/uploads\/2026\/04\/Outline_drawing_of_LAVA_1102_Motor_1024x1024-300x112.webp 300w, https:\/\/1dronas.lt\/wp-content\/uploads\/2026\/04\/Outline_drawing_of_LAVA_1102_Motor_1024x1024-768x287.webp 768w, https:\/\/1dronas.lt\/wp-content\/uploads\/2026\/04\/Outline_drawing_of_LAVA_1102_Motor_1024x1024-18x7.webp 18w, https:\/\/1dronas.lt\/wp-content\/uploads\/2026\/04\/Outline_drawing_of_LAVA_1102_Motor_1024x1024-510x191.webp 510w\" sizes=\"auto, (max-width: 569px) 100vw, 569px\" \/><\/p>\n<p><img loading=\"lazy\" decoding=\"async\" class=\"alignnone wp-image-18725\" src=\"https:\/\/1dronas.lt\/wp-content\/uploads\/2026\/04\/Load_performance_of_LAVA_1102_Motor.webp\" alt=\"\" width=\"623\" height=\"505\" srcset=\"https:\/\/1dronas.lt\/wp-content\/uploads\/2026\/04\/Load_performance_of_LAVA_1102_Motor.webp 1547w, https:\/\/1dronas.lt\/wp-content\/uploads\/2026\/04\/Load_performance_of_LAVA_1102_Motor-300x243.webp 300w, https:\/\/1dronas.lt\/wp-content\/uploads\/2026\/04\/Load_performance_of_LAVA_1102_Motor-1024x829.webp 1024w, https:\/\/1dronas.lt\/wp-content\/uploads\/2026\/04\/Load_performance_of_LAVA_1102_Motor-768x622.webp 768w, https:\/\/1dronas.lt\/wp-content\/uploads\/2026\/04\/Load_performance_of_LAVA_1102_Motor-1536x1244.webp 1536w, https:\/\/1dronas.lt\/wp-content\/uploads\/2026\/04\/Load_performance_of_LAVA_1102_Motor-15x12.webp 15w, https:\/\/1dronas.lt\/wp-content\/uploads\/2026\/04\/Load_performance_of_LAVA_1102_Motor-510x413.webp 510w\" sizes=\"auto, (max-width: 623px) 100vw, 623px\" \/><\/p>\n<p>BETAFPV LAVA Series 1102 Brushless Motors 14000KV (22mm) turi keturias M2 propeleri\u0173 tvirtinimo skyles, tod\u0117l yra suderinamas su \u012fvairiais propeleriais ir whoop tipo dronais. Tai suteikia daugiau lankstumo ir galimybi\u0173 skirtingiems DIY projektams.<\/p>\n<p><img loading=\"lazy\" decoding=\"async\" class=\"alignnone size-full wp-image-18726\" src=\"https:\/\/1dronas.lt\/wp-content\/uploads\/2026\/04\/M2.webp\" alt=\"\" width=\"1600\" height=\"900\" srcset=\"https:\/\/1dronas.lt\/wp-content\/uploads\/2026\/04\/M2.webp 1600w, https:\/\/1dronas.lt\/wp-content\/uploads\/2026\/04\/M2-300x169.webp 300w, https:\/\/1dronas.lt\/wp-content\/uploads\/2026\/04\/M2-1024x576.webp 1024w, https:\/\/1dronas.lt\/wp-content\/uploads\/2026\/04\/M2-768x432.webp 768w, https:\/\/1dronas.lt\/wp-content\/uploads\/2026\/04\/M2-1536x864.webp 1536w, https:\/\/1dronas.lt\/wp-content\/uploads\/2026\/04\/M2-18x10.webp 18w, https:\/\/1dronas.lt\/wp-content\/uploads\/2026\/04\/M2-510x287.webp 510w\" sizes=\"auto, (max-width: 1600px) 100vw, 1600px\" \/><\/p>\n<p><strong>Package:<\/strong><\/p>\n<p>1x BETAFPV LAVA Series 1102 Brushless Motors 14000kV;<br \/>\n4x M1.4 x 3 kry\u017emin\u0117s plok\u0161\u010dios galvut\u0117s var\u017etai;<br \/>\n4x M1.4 x 4 kry\u017emin\u0117s plok\u0161\u010dios galvut\u0117s var\u017etai.<\/p>\n<p><img loading=\"lazy\" decoding=\"async\" class=\"alignnone wp-image-18727\" src=\"https:\/\/1dronas.lt\/wp-content\/uploads\/2026\/04\/1f0786e40cc2c3c3227b98241e633680_06f98628-15f0-49f8-bdb3-b6053905f2d8_600x600.webp\" alt=\"\" width=\"391\" height=\"391\" \/><\/p>","protected":false},"excerpt":{"rendered":"<p><span style=\"color: #333333;\">BETAFPV LAVA Series 1102 Brushless Motors 14000kV (22mm) \u2013 lengvas ir efektyvus be\u0161epet\u0117linis variklis ma\u017eiems whoop tipo dronams, u\u017etikrinantis ger\u0105 trauk\u0105, stabil\u0173 veikim\u0105 ir ilgesn\u012f skryd\u017eio laik\u0105.<\/span><\/p>\n<p><span style=\"color: #333333;\"><strong><img loading=\"lazy\" decoding=\"async\" class=\"alignnone wp-image-1806\" src=\"https:\/\/1dronas.lt\/wp-content\/uploads\/2021\/05\/delivery-icon.png.webp\" alt=\"\" width=\"24\" height=\"24\" srcset=\"https:\/\/1dronas.lt\/wp-content\/uploads\/2021\/05\/delivery-icon.png 35w, https:\/\/1dronas.lt\/wp-content\/uploads\/2021\/05\/delivery-icon-12x12.png 12w\" sizes=\"auto, (max-width: 24px) 100vw, 24px\" \/>\u00a0\u00a01 \u2013 2 days<\/strong><\/span><\/p>","protected":false},"featured_media":18729,"comment_status":"open","ping_status":"closed","template":"","meta":[],"product_brand":[489],"product_cat":[101],"product_tag":[812,1286,69,814,443],"class_list":{"0":"post-18722","1":"product","2":"type-product","3":"status-publish","4":"has-post-thumbnail","6":"product_brand-betafpv","7":"product_cat-motorai","8":"product_tag-812","9":"product_tag-14000kv","10":"product_tag-betafpv","11":"product_tag-brushless-motors","12":"product_tag-lava","14":"first","15":"instock","16":"taxable","17":"shipping-taxable","18":"purchasable","19":"product-type-simple"},"yoast_head":"<!-- This site is optimized with the Yoast SEO plugin v27.4 - https:\/\/yoast.com\/product\/yoast-seo-wordpress\/ -->\n<title>BETAFPV LAVA Series 1102 Brushless Motors 14000KV - 1dronas.lt<\/title>\n<meta name=\"robots\" content=\"index, follow, max-snippet:-1, max-image-preview:large, max-video-preview:-1\" \/>\n<link rel=\"canonical\" href=\"https:\/\/1dronas.lt\/en\/produktas\/betafpv-lava-series-1102-brushless-motors-14000kv\/\" \/>\n<meta property=\"og:locale\" content=\"en_US\" \/>\n<meta property=\"og:type\" content=\"article\" \/>\n<meta property=\"og:title\" content=\"BETAFPV LAVA Series 1102 Brushless Motors 14000KV - 1dronas.lt\" \/>\n<meta property=\"og:description\" content=\"BETAFPV LAVA Series 1102 Brushless Motors 14000kV (22mm) \u2013 lengvas ir efektyvus be\u0161epet\u0117linis variklis ma\u017eiems whoop tipo dronams, u\u017etikrinantis ger\u0105 trauk\u0105, stabil\u0173 veikim\u0105 ir ilgesn\u012f skryd\u017eio laik\u0105.  \u00a0\u00a01 \u2013 2 d.d.\" \/>\n<meta property=\"og:url\" content=\"https:\/\/1dronas.lt\/en\/produktas\/betafpv-lava-series-1102-brushless-motors-14000kv\/\" \/>\n<meta property=\"og:site_name\" content=\"1dronas.lt\" \/>\n<meta property=\"article:publisher\" content=\"https:\/\/www.facebook.com\/1dronas\/\" \/>\n<meta property=\"article:modified_time\" content=\"2026-04-23T18:27:11+00:00\" \/>\n<meta property=\"og:image\" content=\"https:\/\/1dronas.lt\/wp-content\/uploads\/2026\/04\/6391ace427ade714b70fb966024ae804_94640f3d-188f-4ac2-a252-c71e9812d78f_720x.webp\" \/>\n\t<meta property=\"og:image:width\" content=\"720\" \/>\n\t<meta property=\"og:image:height\" content=\"720\" \/>\n\t<meta property=\"og:image:type\" content=\"image\/webp\" \/>\n<meta name=\"twitter:card\" content=\"summary_large_image\" \/>\n<meta name=\"twitter:label1\" content=\"Est. reading time\" \/>\n\t<meta name=\"twitter:data1\" content=\"3 minutes\" \/>\n<script type=\"application\/ld+json\" class=\"yoast-schema-graph\">{\"@context\":\"https:\\\/\\\/schema.org\",\"@graph\":[{\"@type\":\"WebPage\",\"@id\":\"https:\\\/\\\/1dronas.lt\\\/en\\\/produktas\\\/betafpv-lava-series-1102-brushless-motors-14000kv\\\/\",\"url\":\"https:\\\/\\\/1dronas.lt\\\/en\\\/produktas\\\/betafpv-lava-series-1102-brushless-motors-14000kv\\\/\",\"name\":\"BETAFPV LAVA Series 1102 Brushless Motors 14000KV - 1dronas.lt\",\"isPartOf\":{\"@id\":\"https:\\\/\\\/1dronas.lt\\\/en\\\/#website\"},\"primaryImageOfPage\":{\"@id\":\"https:\\\/\\\/1dronas.lt\\\/en\\\/produktas\\\/betafpv-lava-series-1102-brushless-motors-14000kv\\\/#primaryimage\"},\"image\":{\"@id\":\"https:\\\/\\\/1dronas.lt\\\/en\\\/produktas\\\/betafpv-lava-series-1102-brushless-motors-14000kv\\\/#primaryimage\"},\"thumbnailUrl\":\"https:\\\/\\\/1dronas.lt\\\/wp-content\\\/uploads\\\/2026\\\/04\\\/6391ace427ade714b70fb966024ae804_94640f3d-188f-4ac2-a252-c71e9812d78f_720x.webp\",\"datePublished\":\"2026-04-23T18:26:55+00:00\",\"dateModified\":\"2026-04-23T18:27:11+00:00\",\"breadcrumb\":{\"@id\":\"https:\\\/\\\/1dronas.lt\\\/en\\\/produktas\\\/betafpv-lava-series-1102-brushless-motors-14000kv\\\/#breadcrumb\"},\"inLanguage\":\"en-US\",\"potentialAction\":[{\"@type\":\"ReadAction\",\"target\":[\"https:\\\/\\\/1dronas.lt\\\/en\\\/produktas\\\/betafpv-lava-series-1102-brushless-motors-14000kv\\\/\"]}]},{\"@type\":\"ImageObject\",\"inLanguage\":\"en-US\",\"@id\":\"https:\\\/\\\/1dronas.lt\\\/en\\\/produktas\\\/betafpv-lava-series-1102-brushless-motors-14000kv\\\/#primaryimage\",\"url\":\"https:\\\/\\\/1dronas.lt\\\/wp-content\\\/uploads\\\/2026\\\/04\\\/6391ace427ade714b70fb966024ae804_94640f3d-188f-4ac2-a252-c71e9812d78f_720x.webp\",\"contentUrl\":\"https:\\\/\\\/1dronas.lt\\\/wp-content\\\/uploads\\\/2026\\\/04\\\/6391ace427ade714b70fb966024ae804_94640f3d-188f-4ac2-a252-c71e9812d78f_720x.webp\",\"width\":720,\"height\":720},{\"@type\":\"BreadcrumbList\",\"@id\":\"https:\\\/\\\/1dronas.lt\\\/en\\\/produktas\\\/betafpv-lava-series-1102-brushless-motors-14000kv\\\/#breadcrumb\",\"itemListElement\":[{\"@type\":\"ListItem\",\"position\":1,\"name\":\"Home\",\"item\":\"https:\\\/\\\/1dronas.lt\\\/\"},{\"@type\":\"ListItem\",\"position\":2,\"name\":\"Parduotuv\u0117\",\"item\":\"https:\\\/\\\/1dronas.lt\\\/parduotuve\\\/\"},{\"@type\":\"ListItem\",\"position\":3,\"name\":\"BETAFPV LAVA Series 1102 Brushless Motors 14000KV\"}]},{\"@type\":\"WebSite\",\"@id\":\"https:\\\/\\\/1dronas.lt\\\/en\\\/#website\",\"url\":\"https:\\\/\\\/1dronas.lt\\\/en\\\/\",\"name\":\"1dronas.lt\",\"description\":\"Internetin\u0117 parduotuv\u0117\",\"publisher\":{\"@id\":\"https:\\\/\\\/1dronas.lt\\\/en\\\/#organization\"},\"potentialAction\":[{\"@type\":\"SearchAction\",\"target\":{\"@type\":\"EntryPoint\",\"urlTemplate\":\"https:\\\/\\\/1dronas.lt\\\/en\\\/?s={search_term_string}\"},\"query-input\":{\"@type\":\"PropertyValueSpecification\",\"valueRequired\":true,\"valueName\":\"search_term_string\"}}],\"inLanguage\":\"en-US\"},{\"@type\":\"Organization\",\"@id\":\"https:\\\/\\\/1dronas.lt\\\/en\\\/#organization\",\"name\":\"1dronas.lt\",\"url\":\"https:\\\/\\\/1dronas.lt\\\/en\\\/\",\"logo\":{\"@type\":\"ImageObject\",\"inLanguage\":\"en-US\",\"@id\":\"https:\\\/\\\/1dronas.lt\\\/en\\\/#\\\/schema\\\/logo\\\/image\\\/\",\"url\":\"https:\\\/\\\/1dronas.lt\\\/wp-content\\\/uploads\\\/2020\\\/12\\\/Ekrano_kopija__2_-removebg-preview-1-1.png\",\"contentUrl\":\"https:\\\/\\\/1dronas.lt\\\/wp-content\\\/uploads\\\/2020\\\/12\\\/Ekrano_kopija__2_-removebg-preview-1-1.png\",\"width\":234,\"height\":81,\"caption\":\"1dronas.lt\"},\"image\":{\"@id\":\"https:\\\/\\\/1dronas.lt\\\/en\\\/#\\\/schema\\\/logo\\\/image\\\/\"},\"sameAs\":[\"https:\\\/\\\/www.facebook.com\\\/1dronas\\\/\"]}]}<\/script>\n<!-- \/ Yoast SEO plugin. -->","yoast_head_json":{"title":"BETAFPV LAVA Series 1102 Brushless Motors 14000KV - 1dronas.lt","robots":{"index":"index","follow":"follow","max-snippet":"max-snippet:-1","max-image-preview":"max-image-preview:large","max-video-preview":"max-video-preview:-1"},"canonical":"https:\/\/1dronas.lt\/en\/produktas\/betafpv-lava-series-1102-brushless-motors-14000kv\/","og_locale":"en_US","og_type":"article","og_title":"BETAFPV LAVA Series 1102 Brushless Motors 14000KV - 1dronas.lt","og_description":"BETAFPV LAVA Series 1102 Brushless Motors 14000kV (22mm) \u2013 lengvas ir efektyvus be\u0161epet\u0117linis variklis ma\u017eiems whoop tipo dronams, u\u017etikrinantis ger\u0105 trauk\u0105, stabil\u0173 veikim\u0105 ir ilgesn\u012f skryd\u017eio laik\u0105.  \u00a0\u00a01 \u2013 2 d.d.","og_url":"https:\/\/1dronas.lt\/en\/produktas\/betafpv-lava-series-1102-brushless-motors-14000kv\/","og_site_name":"1dronas.lt","article_publisher":"https:\/\/www.facebook.com\/1dronas\/","article_modified_time":"2026-04-23T18:27:11+00:00","og_image":[{"width":720,"height":720,"url":"https:\/\/1dronas.lt\/wp-content\/uploads\/2026\/04\/6391ace427ade714b70fb966024ae804_94640f3d-188f-4ac2-a252-c71e9812d78f_720x.webp","type":"image\/webp"}],"twitter_card":"summary_large_image","twitter_misc":{"Est. reading time":"3 minutes"},"schema":{"@context":"https:\/\/schema.org","@graph":[{"@type":"WebPage","@id":"https:\/\/1dronas.lt\/en\/produktas\/betafpv-lava-series-1102-brushless-motors-14000kv\/","url":"https:\/\/1dronas.lt\/en\/produktas\/betafpv-lava-series-1102-brushless-motors-14000kv\/","name":"BETAFPV LAVA Series 1102 Brushless Motors 14000KV - 1dronas.lt","isPartOf":{"@id":"https:\/\/1dronas.lt\/en\/#website"},"primaryImageOfPage":{"@id":"https:\/\/1dronas.lt\/en\/produktas\/betafpv-lava-series-1102-brushless-motors-14000kv\/#primaryimage"},"image":{"@id":"https:\/\/1dronas.lt\/en\/produktas\/betafpv-lava-series-1102-brushless-motors-14000kv\/#primaryimage"},"thumbnailUrl":"https:\/\/1dronas.lt\/wp-content\/uploads\/2026\/04\/6391ace427ade714b70fb966024ae804_94640f3d-188f-4ac2-a252-c71e9812d78f_720x.webp","datePublished":"2026-04-23T18:26:55+00:00","dateModified":"2026-04-23T18:27:11+00:00","breadcrumb":{"@id":"https:\/\/1dronas.lt\/en\/produktas\/betafpv-lava-series-1102-brushless-motors-14000kv\/#breadcrumb"},"inLanguage":"en-US","potentialAction":[{"@type":"ReadAction","target":["https:\/\/1dronas.lt\/en\/produktas\/betafpv-lava-series-1102-brushless-motors-14000kv\/"]}]},{"@type":"ImageObject","inLanguage":"en-US","@id":"https:\/\/1dronas.lt\/en\/produktas\/betafpv-lava-series-1102-brushless-motors-14000kv\/#primaryimage","url":"https:\/\/1dronas.lt\/wp-content\/uploads\/2026\/04\/6391ace427ade714b70fb966024ae804_94640f3d-188f-4ac2-a252-c71e9812d78f_720x.webp","contentUrl":"https:\/\/1dronas.lt\/wp-content\/uploads\/2026\/04\/6391ace427ade714b70fb966024ae804_94640f3d-188f-4ac2-a252-c71e9812d78f_720x.webp","width":720,"height":720},{"@type":"BreadcrumbList","@id":"https:\/\/1dronas.lt\/en\/produktas\/betafpv-lava-series-1102-brushless-motors-14000kv\/#breadcrumb","itemListElement":[{"@type":"ListItem","position":1,"name":"Home","item":"https:\/\/1dronas.lt\/"},{"@type":"ListItem","position":2,"name":"Parduotuv\u0117","item":"https:\/\/1dronas.lt\/parduotuve\/"},{"@type":"ListItem","position":3,"name":"BETAFPV LAVA Series 1102 Brushless Motors 14000KV"}]},{"@type":"WebSite","@id":"https:\/\/1dronas.lt\/en\/#website","url":"https:\/\/1dronas.lt\/en\/","name":"1dronas.lt","description":"Online store","publisher":{"@id":"https:\/\/1dronas.lt\/en\/#organization"},"potentialAction":[{"@type":"SearchAction","target":{"@type":"EntryPoint","urlTemplate":"https:\/\/1dronas.lt\/en\/?s={search_term_string}"},"query-input":{"@type":"PropertyValueSpecification","valueRequired":true,"valueName":"search_term_string"}}],"inLanguage":"en-US"},{"@type":"Organization","@id":"https:\/\/1dronas.lt\/en\/#organization","name":"1dronas.lt","url":"https:\/\/1dronas.lt\/en\/","logo":{"@type":"ImageObject","inLanguage":"en-US","@id":"https:\/\/1dronas.lt\/en\/#\/schema\/logo\/image\/","url":"https:\/\/1dronas.lt\/wp-content\/uploads\/2020\/12\/Ekrano_kopija__2_-removebg-preview-1-1.png","contentUrl":"https:\/\/1dronas.lt\/wp-content\/uploads\/2020\/12\/Ekrano_kopija__2_-removebg-preview-1-1.png","width":234,"height":81,"caption":"1dronas.lt"},"image":{"@id":"https:\/\/1dronas.lt\/en\/#\/schema\/logo\/image\/"},"sameAs":["https:\/\/www.facebook.com\/1dronas\/"]}]}},"jetpack_sharing_enabled":true,"_links":{"self":[{"href":"https:\/\/1dronas.lt\/en\/wp-json\/wp\/v2\/product\/18722","targetHints":{"allow":["GET"]}}],"collection":[{"href":"https:\/\/1dronas.lt\/en\/wp-json\/wp\/v2\/product"}],"about":[{"href":"https:\/\/1dronas.lt\/en\/wp-json\/wp\/v2\/types\/product"}],"replies":[{"embeddable":true,"href":"https:\/\/1dronas.lt\/en\/wp-json\/wp\/v2\/comments?post=18722"}],"wp:featuredmedia":[{"embeddable":true,"href":"https:\/\/1dronas.lt\/en\/wp-json\/wp\/v2\/media\/18729"}],"wp:attachment":[{"href":"https:\/\/1dronas.lt\/en\/wp-json\/wp\/v2\/media?parent=18722"}],"wp:term":[{"taxonomy":"product_brand","embeddable":true,"href":"https:\/\/1dronas.lt\/en\/wp-json\/wp\/v2\/product_brand?post=18722"},{"taxonomy":"product_cat","embeddable":true,"href":"https:\/\/1dronas.lt\/en\/wp-json\/wp\/v2\/product_cat?post=18722"},{"taxonomy":"product_tag","embeddable":true,"href":"https:\/\/1dronas.lt\/en\/wp-json\/wp\/v2\/product_tag?post=18722"}],"curies":[{"name":"wp","href":"https:\/\/api.w.org\/{rel}","templated":true}]}}