{"id":18713,"date":"2026-04-23T21:52:25","date_gmt":"2026-04-23T18:52:25","guid":{"rendered":"https:\/\/1dronas.lt\/?post_type=product&#038;p=18713"},"modified":"2026-04-23T21:52:26","modified_gmt":"2026-04-23T18:52:26","slug":"betafpv-lava-series-1506-brushless-motors-4200kv","status":"publish","type":"product","link":"https:\/\/1dronas.lt\/en\/produktas\/betafpv-lava-series-1506-brushless-motors-4200kv\/","title":{"rendered":"BETAFPV LAVA Series 1506 Brushless Motors 4200KV"},"content":{"rendered":"<p>BETAFPV LAVA Series 1506 Brushless Motors 4200KV (34mm) \u2013 tai be\u0161epet\u0117liniai varikliai, skirti 4S 2.5&#8243; dronams, u\u017etikrinantys skland\u0173 sukimo moment\u0105 ir tiksl\u0173 valdym\u0105. Jie puikiai tinka freestyle skryd\u017eiams, var\u017eyboms ir filmavimui, nes pasi\u017eymi auk\u0161tu efektyvumu bei optimizuotu energijos sunaudojimu. Suderinus su tinkamais komponentais, suteikia stabil\u0173 veikim\u0105 ir kokybi\u0161k\u0105 skryd\u017eio patirt\u012f.<\/p>\n<p><img loading=\"lazy\" decoding=\"async\" class=\"size-full wp-image-18714 alignnone\" src=\"https:\/\/1dronas.lt\/wp-content\/uploads\/2026\/04\/2_d142af5d-8e97-4b73-8167-32e3b25aefcc_1024x1024.webp\" alt=\"\" width=\"1024\" height=\"576\" srcset=\"https:\/\/1dronas.lt\/wp-content\/uploads\/2026\/04\/2_d142af5d-8e97-4b73-8167-32e3b25aefcc_1024x1024.webp 1024w, https:\/\/1dronas.lt\/wp-content\/uploads\/2026\/04\/2_d142af5d-8e97-4b73-8167-32e3b25aefcc_1024x1024-300x169.webp 300w, https:\/\/1dronas.lt\/wp-content\/uploads\/2026\/04\/2_d142af5d-8e97-4b73-8167-32e3b25aefcc_1024x1024-768x432.webp 768w, https:\/\/1dronas.lt\/wp-content\/uploads\/2026\/04\/2_d142af5d-8e97-4b73-8167-32e3b25aefcc_1024x1024-18x10.webp 18w, https:\/\/1dronas.lt\/wp-content\/uploads\/2026\/04\/2_d142af5d-8e97-4b73-8167-32e3b25aefcc_1024x1024-510x287.webp 510w\" sizes=\"auto, (max-width: 1024px) 100vw, 1024px\" \/><\/p>\n<p><strong>Features:<\/strong><\/p>\n<p>\u2022 LAVA Series 1506 4200KV (34mm) be\u0161epet\u0117liniai varikliai sukurti 4S 2.5&#8243; dronams, suteikiantys didesn\u0119 gali\u0105 ir geresn\u012f skryd\u017eio na\u0161um\u0105;<br \/>\n\u2022 Suderinus su GF D63 3-men\u010di\u0173 propeleriais (1.5 mm velenas), sukuriama efektyvi ir tylesn\u0117 pavaros sistema;<br \/>\n\u2022 Naudojant kartu su F722 35A AIO V2 skryd\u017eio valdikliu, u\u017etikrinamas stabilus, galingas ir sklandus skrydis;<br \/>\n\u2022 Palyginti su 1505 4600KV varikliais \u0161ie pasi\u017eymi didesne trauka, efektyvesniu energijos panaudojimu ir tolygesniu galios paskirstymu.<\/p>\n<p><img loading=\"lazy\" decoding=\"async\" class=\"alignnone wp-image-18715\" src=\"https:\/\/1dronas.lt\/wp-content\/uploads\/2026\/04\/89c208b8d0ec27f911787b00cbb5d511_5f603bd9-b122-4b7d-9be2-ec4a288e6bca_1024x1024-e1776529140531.webp\" alt=\"\" width=\"413\" height=\"466\" srcset=\"https:\/\/1dronas.lt\/wp-content\/uploads\/2026\/04\/89c208b8d0ec27f911787b00cbb5d511_5f603bd9-b122-4b7d-9be2-ec4a288e6bca_1024x1024-e1776529140531.webp 510w, https:\/\/1dronas.lt\/wp-content\/uploads\/2026\/04\/89c208b8d0ec27f911787b00cbb5d511_5f603bd9-b122-4b7d-9be2-ec4a288e6bca_1024x1024-e1776529140531-266x300.webp 266w, https:\/\/1dronas.lt\/wp-content\/uploads\/2026\/04\/89c208b8d0ec27f911787b00cbb5d511_5f603bd9-b122-4b7d-9be2-ec4a288e6bca_1024x1024-e1776529140531-11x12.webp 11w\" sizes=\"auto, (max-width: 413px) 100vw, 413px\" \/><\/p>\n<p><strong>Specification:<\/strong><\/p>\n<p>\u2022 KV: 4200KV;<br \/>\n\u2022 Maksimali galia: 313.44 W;<br \/>\n\u2022 Maksimali srov\u0117: 19.59 A;<br \/>\n\u2022 Svoris: 13.6 g;<br \/>\n\u2022 Veleno skersmuo: \u00d81.5 mm;<br \/>\n\u2022 Veleno ilgis: 4 mm;<br \/>\n\u2022 Laidai: 24AWG;<br \/>\n\u2022 Laid\u0173 ilgis: 34 mm;<br \/>\n\u2022 Variklio tvirtinimo skyl\u0117s: 4 x M2 \u00d812 mm;<br \/>\n\u2022 Propelerio tvirtinimo skyl\u0117s: 4 x M2 \u00d85 mm.<\/p>\n<p><strong>Measurements:<\/strong><\/p>\n<p><img loading=\"lazy\" decoding=\"async\" class=\"alignnone wp-image-18717 size-full\" src=\"https:\/\/1dronas.lt\/wp-content\/uploads\/2026\/04\/LAVA_1506_motor_34mm_diagram_600x600.webp\" alt=\"\" width=\"600\" height=\"225\" srcset=\"https:\/\/1dronas.lt\/wp-content\/uploads\/2026\/04\/LAVA_1506_motor_34mm_diagram_600x600.webp 600w, https:\/\/1dronas.lt\/wp-content\/uploads\/2026\/04\/LAVA_1506_motor_34mm_diagram_600x600-300x113.webp 300w, https:\/\/1dronas.lt\/wp-content\/uploads\/2026\/04\/LAVA_1506_motor_34mm_diagram_600x600-18x7.webp 18w, https:\/\/1dronas.lt\/wp-content\/uploads\/2026\/04\/LAVA_1506_motor_34mm_diagram_600x600-510x191.webp 510w\" sizes=\"auto, (max-width: 600px) 100vw, 600px\" \/><\/p>\n<p><img loading=\"lazy\" decoding=\"async\" class=\"alignnone size-full wp-image-18718\" src=\"https:\/\/1dronas.lt\/wp-content\/uploads\/2026\/04\/9948510e3dcfc96b7b03038a28ab2954_27261fef-16d1-4e5a-835b-a35da2fe4128_600x600.webp\" alt=\"\" width=\"600\" height=\"600\" srcset=\"https:\/\/1dronas.lt\/wp-content\/uploads\/2026\/04\/9948510e3dcfc96b7b03038a28ab2954_27261fef-16d1-4e5a-835b-a35da2fe4128_600x600.webp 600w, https:\/\/1dronas.lt\/wp-content\/uploads\/2026\/04\/9948510e3dcfc96b7b03038a28ab2954_27261fef-16d1-4e5a-835b-a35da2fe4128_600x600-300x300.webp 300w, https:\/\/1dronas.lt\/wp-content\/uploads\/2026\/04\/9948510e3dcfc96b7b03038a28ab2954_27261fef-16d1-4e5a-835b-a35da2fe4128_600x600-150x150.webp 150w, https:\/\/1dronas.lt\/wp-content\/uploads\/2026\/04\/9948510e3dcfc96b7b03038a28ab2954_27261fef-16d1-4e5a-835b-a35da2fe4128_600x600-12x12.webp 12w, https:\/\/1dronas.lt\/wp-content\/uploads\/2026\/04\/9948510e3dcfc96b7b03038a28ab2954_27261fef-16d1-4e5a-835b-a35da2fe4128_600x600-247x247.webp 247w, https:\/\/1dronas.lt\/wp-content\/uploads\/2026\/04\/9948510e3dcfc96b7b03038a28ab2954_27261fef-16d1-4e5a-835b-a35da2fe4128_600x600-510x510.webp 510w, https:\/\/1dronas.lt\/wp-content\/uploads\/2026\/04\/9948510e3dcfc96b7b03038a28ab2954_27261fef-16d1-4e5a-835b-a35da2fe4128_600x600-100x100.webp 100w\" sizes=\"auto, (max-width: 600px) 100vw, 600px\" \/><\/p>\n<p><strong>Package:<\/strong><\/p>\n<p>1x LAVA Series 1506 4200KV Brushless Motors;<br \/>\n4x M2 * 5 Hex plok\u0161\u010dios galvut\u0117s var\u017etai;<br \/>\n4x M2 * 7 Hex plok\u0161\u010dios galvut\u0117s var\u017etai.<\/p>\n<p><img loading=\"lazy\" decoding=\"async\" class=\"alignnone wp-image-18716\" src=\"https:\/\/1dronas.lt\/wp-content\/uploads\/2026\/04\/3f89305fb1dabad87b9b93324e3c25cd_61d18a53-d327-4f39-8cb6-c47fe0e1ca56_480x480.webp\" alt=\"\" width=\"379\" height=\"379\" srcset=\"https:\/\/1dronas.lt\/wp-content\/uploads\/2026\/04\/3f89305fb1dabad87b9b93324e3c25cd_61d18a53-d327-4f39-8cb6-c47fe0e1ca56_480x480.webp 480w, https:\/\/1dronas.lt\/wp-content\/uploads\/2026\/04\/3f89305fb1dabad87b9b93324e3c25cd_61d18a53-d327-4f39-8cb6-c47fe0e1ca56_480x480-300x300.webp 300w, https:\/\/1dronas.lt\/wp-content\/uploads\/2026\/04\/3f89305fb1dabad87b9b93324e3c25cd_61d18a53-d327-4f39-8cb6-c47fe0e1ca56_480x480-150x150.webp 150w, https:\/\/1dronas.lt\/wp-content\/uploads\/2026\/04\/3f89305fb1dabad87b9b93324e3c25cd_61d18a53-d327-4f39-8cb6-c47fe0e1ca56_480x480-12x12.webp 12w, https:\/\/1dronas.lt\/wp-content\/uploads\/2026\/04\/3f89305fb1dabad87b9b93324e3c25cd_61d18a53-d327-4f39-8cb6-c47fe0e1ca56_480x480-247x247.webp 247w, https:\/\/1dronas.lt\/wp-content\/uploads\/2026\/04\/3f89305fb1dabad87b9b93324e3c25cd_61d18a53-d327-4f39-8cb6-c47fe0e1ca56_480x480-100x100.webp 100w\" sizes=\"auto, (max-width: 379px) 100vw, 379px\" \/><\/p>","protected":false},"excerpt":{"rendered":"<p><span style=\"color: #333333;\">BETAFPV LAVA Series 1506 Brushless Motors 4200KV (34mm) &#8211; kompakti\u0161kas ir efektyvus be\u0161epet\u0117linis variklis 4S 2.5&#8243; dronams, u\u017etikrinantis skland\u0173 veikim\u0105, ger\u0105 trauk\u0105 ir stabil\u0173 skryd\u012f. Puikiai tinka freestyle, var\u017eyboms ir filmavimui.<\/span><\/p>\n<p><span style=\"color: #333333;\"><strong><img loading=\"lazy\" decoding=\"async\" class=\"alignnone wp-image-1806\" src=\"https:\/\/1dronas.lt\/wp-content\/uploads\/2021\/05\/delivery-icon.png.webp\" alt=\"\" width=\"24\" height=\"24\" srcset=\"https:\/\/1dronas.lt\/wp-content\/uploads\/2021\/05\/delivery-icon.png 35w, https:\/\/1dronas.lt\/wp-content\/uploads\/2021\/05\/delivery-icon-12x12.png 12w\" sizes=\"auto, (max-width: 24px) 100vw, 24px\" \/>\u00a0\u00a01 \u2013 2 days<\/strong><\/span><\/p>","protected":false},"featured_media":18719,"comment_status":"open","ping_status":"closed","template":"","meta":[],"product_brand":[489],"product_cat":[101],"product_tag":[1285,1284,69,814,443,136],"class_list":{"0":"post-18713","1":"product","2":"type-product","3":"status-publish","4":"has-post-thumbnail","6":"product_brand-betafpv","7":"product_cat-motorai","8":"product_tag-1285","9":"product_tag-4200kv","10":"product_tag-betafpv","11":"product_tag-brushless-motors","12":"product_tag-lava","13":"product_tag-motorai","15":"first","16":"instock","17":"taxable","18":"shipping-taxable","19":"purchasable","20":"product-type-simple"},"yoast_head":"<!-- This site is optimized with the Yoast SEO plugin v27.4 - https:\/\/yoast.com\/product\/yoast-seo-wordpress\/ -->\n<title>BETAFPV LAVA Series 1506 Brushless Motors 4200KV - 1dronas.lt<\/title>\n<meta name=\"robots\" content=\"index, follow, max-snippet:-1, max-image-preview:large, max-video-preview:-1\" \/>\n<link rel=\"canonical\" href=\"https:\/\/1dronas.lt\/en\/produktas\/betafpv-lava-series-1506-brushless-motors-4200kv\/\" \/>\n<meta property=\"og:locale\" content=\"en_US\" \/>\n<meta property=\"og:type\" content=\"article\" \/>\n<meta property=\"og:title\" content=\"BETAFPV LAVA Series 1506 Brushless Motors 4200KV - 1dronas.lt\" \/>\n<meta property=\"og:description\" content=\"BETAFPV LAVA Series 1506 Brushless Motors 4200KV (34mm) - kompakti\u0161kas ir efektyvus be\u0161epet\u0117linis variklis 4S 2.5&quot; dronams, u\u017etikrinantis skland\u0173 veikim\u0105, ger\u0105 trauk\u0105 ir stabil\u0173 skryd\u012f. Puikiai tinka freestyle, var\u017eyboms ir filmavimui.  \u00a0\u00a01 \u2013 2 d.d.\" \/>\n<meta property=\"og:url\" content=\"https:\/\/1dronas.lt\/en\/produktas\/betafpv-lava-series-1506-brushless-motors-4200kv\/\" \/>\n<meta property=\"og:site_name\" content=\"1dronas.lt\" \/>\n<meta property=\"article:publisher\" content=\"https:\/\/www.facebook.com\/1dronas\/\" \/>\n<meta property=\"article:modified_time\" content=\"2026-04-23T18:52:26+00:00\" \/>\n<meta property=\"og:image\" content=\"https:\/\/1dronas.lt\/wp-content\/uploads\/2026\/04\/6391ace427ade714b70fb966024ae804_30ede877-f065-413a-a67d-b4083a1c3b85_720x.webp\" \/>\n\t<meta property=\"og:image:width\" content=\"720\" \/>\n\t<meta property=\"og:image:height\" content=\"720\" \/>\n\t<meta property=\"og:image:type\" content=\"image\/webp\" \/>\n<meta name=\"twitter:card\" content=\"summary_large_image\" \/>\n<meta name=\"twitter:label1\" content=\"Est. reading time\" \/>\n\t<meta name=\"twitter:data1\" content=\"3 minutes\" \/>\n<script type=\"application\/ld+json\" class=\"yoast-schema-graph\">{\"@context\":\"https:\\\/\\\/schema.org\",\"@graph\":[{\"@type\":\"WebPage\",\"@id\":\"https:\\\/\\\/1dronas.lt\\\/en\\\/produktas\\\/betafpv-lava-series-1506-brushless-motors-4200kv\\\/\",\"url\":\"https:\\\/\\\/1dronas.lt\\\/en\\\/produktas\\\/betafpv-lava-series-1506-brushless-motors-4200kv\\\/\",\"name\":\"BETAFPV LAVA Series 1506 Brushless Motors 4200KV - 1dronas.lt\",\"isPartOf\":{\"@id\":\"https:\\\/\\\/1dronas.lt\\\/en\\\/#website\"},\"primaryImageOfPage\":{\"@id\":\"https:\\\/\\\/1dronas.lt\\\/en\\\/produktas\\\/betafpv-lava-series-1506-brushless-motors-4200kv\\\/#primaryimage\"},\"image\":{\"@id\":\"https:\\\/\\\/1dronas.lt\\\/en\\\/produktas\\\/betafpv-lava-series-1506-brushless-motors-4200kv\\\/#primaryimage\"},\"thumbnailUrl\":\"https:\\\/\\\/1dronas.lt\\\/wp-content\\\/uploads\\\/2026\\\/04\\\/6391ace427ade714b70fb966024ae804_30ede877-f065-413a-a67d-b4083a1c3b85_720x.webp\",\"datePublished\":\"2026-04-23T18:52:25+00:00\",\"dateModified\":\"2026-04-23T18:52:26+00:00\",\"breadcrumb\":{\"@id\":\"https:\\\/\\\/1dronas.lt\\\/en\\\/produktas\\\/betafpv-lava-series-1506-brushless-motors-4200kv\\\/#breadcrumb\"},\"inLanguage\":\"en-US\",\"potentialAction\":[{\"@type\":\"ReadAction\",\"target\":[\"https:\\\/\\\/1dronas.lt\\\/en\\\/produktas\\\/betafpv-lava-series-1506-brushless-motors-4200kv\\\/\"]}]},{\"@type\":\"ImageObject\",\"inLanguage\":\"en-US\",\"@id\":\"https:\\\/\\\/1dronas.lt\\\/en\\\/produktas\\\/betafpv-lava-series-1506-brushless-motors-4200kv\\\/#primaryimage\",\"url\":\"https:\\\/\\\/1dronas.lt\\\/wp-content\\\/uploads\\\/2026\\\/04\\\/6391ace427ade714b70fb966024ae804_30ede877-f065-413a-a67d-b4083a1c3b85_720x.webp\",\"contentUrl\":\"https:\\\/\\\/1dronas.lt\\\/wp-content\\\/uploads\\\/2026\\\/04\\\/6391ace427ade714b70fb966024ae804_30ede877-f065-413a-a67d-b4083a1c3b85_720x.webp\",\"width\":720,\"height\":720},{\"@type\":\"BreadcrumbList\",\"@id\":\"https:\\\/\\\/1dronas.lt\\\/en\\\/produktas\\\/betafpv-lava-series-1506-brushless-motors-4200kv\\\/#breadcrumb\",\"itemListElement\":[{\"@type\":\"ListItem\",\"position\":1,\"name\":\"Home\",\"item\":\"https:\\\/\\\/1dronas.lt\\\/\"},{\"@type\":\"ListItem\",\"position\":2,\"name\":\"Parduotuv\u0117\",\"item\":\"https:\\\/\\\/1dronas.lt\\\/parduotuve\\\/\"},{\"@type\":\"ListItem\",\"position\":3,\"name\":\"BETAFPV LAVA Series 1506 Brushless Motors 4200KV\"}]},{\"@type\":\"WebSite\",\"@id\":\"https:\\\/\\\/1dronas.lt\\\/en\\\/#website\",\"url\":\"https:\\\/\\\/1dronas.lt\\\/en\\\/\",\"name\":\"1dronas.lt\",\"description\":\"Internetin\u0117 parduotuv\u0117\",\"publisher\":{\"@id\":\"https:\\\/\\\/1dronas.lt\\\/en\\\/#organization\"},\"potentialAction\":[{\"@type\":\"SearchAction\",\"target\":{\"@type\":\"EntryPoint\",\"urlTemplate\":\"https:\\\/\\\/1dronas.lt\\\/en\\\/?s={search_term_string}\"},\"query-input\":{\"@type\":\"PropertyValueSpecification\",\"valueRequired\":true,\"valueName\":\"search_term_string\"}}],\"inLanguage\":\"en-US\"},{\"@type\":\"Organization\",\"@id\":\"https:\\\/\\\/1dronas.lt\\\/en\\\/#organization\",\"name\":\"1dronas.lt\",\"url\":\"https:\\\/\\\/1dronas.lt\\\/en\\\/\",\"logo\":{\"@type\":\"ImageObject\",\"inLanguage\":\"en-US\",\"@id\":\"https:\\\/\\\/1dronas.lt\\\/en\\\/#\\\/schema\\\/logo\\\/image\\\/\",\"url\":\"https:\\\/\\\/1dronas.lt\\\/wp-content\\\/uploads\\\/2020\\\/12\\\/Ekrano_kopija__2_-removebg-preview-1-1.png\",\"contentUrl\":\"https:\\\/\\\/1dronas.lt\\\/wp-content\\\/uploads\\\/2020\\\/12\\\/Ekrano_kopija__2_-removebg-preview-1-1.png\",\"width\":234,\"height\":81,\"caption\":\"1dronas.lt\"},\"image\":{\"@id\":\"https:\\\/\\\/1dronas.lt\\\/en\\\/#\\\/schema\\\/logo\\\/image\\\/\"},\"sameAs\":[\"https:\\\/\\\/www.facebook.com\\\/1dronas\\\/\"]}]}<\/script>\n<!-- \/ Yoast SEO plugin. -->","yoast_head_json":{"title":"BETAFPV LAVA Series 1506 Brushless Motors 4200KV - 1dronas.lt","robots":{"index":"index","follow":"follow","max-snippet":"max-snippet:-1","max-image-preview":"max-image-preview:large","max-video-preview":"max-video-preview:-1"},"canonical":"https:\/\/1dronas.lt\/en\/produktas\/betafpv-lava-series-1506-brushless-motors-4200kv\/","og_locale":"en_US","og_type":"article","og_title":"BETAFPV LAVA Series 1506 Brushless Motors 4200KV - 1dronas.lt","og_description":"BETAFPV LAVA Series 1506 Brushless Motors 4200KV (34mm) - kompakti\u0161kas ir efektyvus be\u0161epet\u0117linis variklis 4S 2.5\" dronams, u\u017etikrinantis skland\u0173 veikim\u0105, ger\u0105 trauk\u0105 ir stabil\u0173 skryd\u012f. Puikiai tinka freestyle, var\u017eyboms ir filmavimui.  \u00a0\u00a01 \u2013 2 d.d.","og_url":"https:\/\/1dronas.lt\/en\/produktas\/betafpv-lava-series-1506-brushless-motors-4200kv\/","og_site_name":"1dronas.lt","article_publisher":"https:\/\/www.facebook.com\/1dronas\/","article_modified_time":"2026-04-23T18:52:26+00:00","og_image":[{"width":720,"height":720,"url":"https:\/\/1dronas.lt\/wp-content\/uploads\/2026\/04\/6391ace427ade714b70fb966024ae804_30ede877-f065-413a-a67d-b4083a1c3b85_720x.webp","type":"image\/webp"}],"twitter_card":"summary_large_image","twitter_misc":{"Est. reading time":"3 minutes"},"schema":{"@context":"https:\/\/schema.org","@graph":[{"@type":"WebPage","@id":"https:\/\/1dronas.lt\/en\/produktas\/betafpv-lava-series-1506-brushless-motors-4200kv\/","url":"https:\/\/1dronas.lt\/en\/produktas\/betafpv-lava-series-1506-brushless-motors-4200kv\/","name":"BETAFPV LAVA Series 1506 Brushless Motors 4200KV - 1dronas.lt","isPartOf":{"@id":"https:\/\/1dronas.lt\/en\/#website"},"primaryImageOfPage":{"@id":"https:\/\/1dronas.lt\/en\/produktas\/betafpv-lava-series-1506-brushless-motors-4200kv\/#primaryimage"},"image":{"@id":"https:\/\/1dronas.lt\/en\/produktas\/betafpv-lava-series-1506-brushless-motors-4200kv\/#primaryimage"},"thumbnailUrl":"https:\/\/1dronas.lt\/wp-content\/uploads\/2026\/04\/6391ace427ade714b70fb966024ae804_30ede877-f065-413a-a67d-b4083a1c3b85_720x.webp","datePublished":"2026-04-23T18:52:25+00:00","dateModified":"2026-04-23T18:52:26+00:00","breadcrumb":{"@id":"https:\/\/1dronas.lt\/en\/produktas\/betafpv-lava-series-1506-brushless-motors-4200kv\/#breadcrumb"},"inLanguage":"en-US","potentialAction":[{"@type":"ReadAction","target":["https:\/\/1dronas.lt\/en\/produktas\/betafpv-lava-series-1506-brushless-motors-4200kv\/"]}]},{"@type":"ImageObject","inLanguage":"en-US","@id":"https:\/\/1dronas.lt\/en\/produktas\/betafpv-lava-series-1506-brushless-motors-4200kv\/#primaryimage","url":"https:\/\/1dronas.lt\/wp-content\/uploads\/2026\/04\/6391ace427ade714b70fb966024ae804_30ede877-f065-413a-a67d-b4083a1c3b85_720x.webp","contentUrl":"https:\/\/1dronas.lt\/wp-content\/uploads\/2026\/04\/6391ace427ade714b70fb966024ae804_30ede877-f065-413a-a67d-b4083a1c3b85_720x.webp","width":720,"height":720},{"@type":"BreadcrumbList","@id":"https:\/\/1dronas.lt\/en\/produktas\/betafpv-lava-series-1506-brushless-motors-4200kv\/#breadcrumb","itemListElement":[{"@type":"ListItem","position":1,"name":"Home","item":"https:\/\/1dronas.lt\/"},{"@type":"ListItem","position":2,"name":"Parduotuv\u0117","item":"https:\/\/1dronas.lt\/parduotuve\/"},{"@type":"ListItem","position":3,"name":"BETAFPV LAVA Series 1506 Brushless Motors 4200KV"}]},{"@type":"WebSite","@id":"https:\/\/1dronas.lt\/en\/#website","url":"https:\/\/1dronas.lt\/en\/","name":"1dronas.lt","description":"Online store","publisher":{"@id":"https:\/\/1dronas.lt\/en\/#organization"},"potentialAction":[{"@type":"SearchAction","target":{"@type":"EntryPoint","urlTemplate":"https:\/\/1dronas.lt\/en\/?s={search_term_string}"},"query-input":{"@type":"PropertyValueSpecification","valueRequired":true,"valueName":"search_term_string"}}],"inLanguage":"en-US"},{"@type":"Organization","@id":"https:\/\/1dronas.lt\/en\/#organization","name":"1dronas.lt","url":"https:\/\/1dronas.lt\/en\/","logo":{"@type":"ImageObject","inLanguage":"en-US","@id":"https:\/\/1dronas.lt\/en\/#\/schema\/logo\/image\/","url":"https:\/\/1dronas.lt\/wp-content\/uploads\/2020\/12\/Ekrano_kopija__2_-removebg-preview-1-1.png","contentUrl":"https:\/\/1dronas.lt\/wp-content\/uploads\/2020\/12\/Ekrano_kopija__2_-removebg-preview-1-1.png","width":234,"height":81,"caption":"1dronas.lt"},"image":{"@id":"https:\/\/1dronas.lt\/en\/#\/schema\/logo\/image\/"},"sameAs":["https:\/\/www.facebook.com\/1dronas\/"]}]}},"jetpack_sharing_enabled":true,"_links":{"self":[{"href":"https:\/\/1dronas.lt\/en\/wp-json\/wp\/v2\/product\/18713","targetHints":{"allow":["GET"]}}],"collection":[{"href":"https:\/\/1dronas.lt\/en\/wp-json\/wp\/v2\/product"}],"about":[{"href":"https:\/\/1dronas.lt\/en\/wp-json\/wp\/v2\/types\/product"}],"replies":[{"embeddable":true,"href":"https:\/\/1dronas.lt\/en\/wp-json\/wp\/v2\/comments?post=18713"}],"wp:featuredmedia":[{"embeddable":true,"href":"https:\/\/1dronas.lt\/en\/wp-json\/wp\/v2\/media\/18719"}],"wp:attachment":[{"href":"https:\/\/1dronas.lt\/en\/wp-json\/wp\/v2\/media?parent=18713"}],"wp:term":[{"taxonomy":"product_brand","embeddable":true,"href":"https:\/\/1dronas.lt\/en\/wp-json\/wp\/v2\/product_brand?post=18713"},{"taxonomy":"product_cat","embeddable":true,"href":"https:\/\/1dronas.lt\/en\/wp-json\/wp\/v2\/product_cat?post=18713"},{"taxonomy":"product_tag","embeddable":true,"href":"https:\/\/1dronas.lt\/en\/wp-json\/wp\/v2\/product_tag?post=18713"}],"curies":[{"name":"wp","href":"https:\/\/api.w.org\/{rel}","templated":true}]}}