{"id":18617,"date":"2026-04-15T22:14:17","date_gmt":"2026-04-15T19:14:17","guid":{"rendered":"https:\/\/1dronas.lt\/?post_type=product&#038;p=18617"},"modified":"2026-04-15T22:17:13","modified_gmt":"2026-04-15T19:17:13","slug":"flywoo-xt30up-male-pigtail-18awg","status":"publish","type":"product","link":"https:\/\/1dronas.lt\/en\/produktas\/flywoo-xt30up-male-pigtail-18awg\/","title":{"rendered":"Flywoo XT30UP Male Pigtail 18awg"},"content":{"rendered":"<p><img loading=\"lazy\" decoding=\"async\" class=\"alignnone wp-image-16421 size-full\" src=\"https:\/\/1dronas.lt\/wp-content\/uploads\/2026\/02\/XT30UP-EN-3.jpg\" alt=\"\" width=\"1600\" height=\"2115\" srcset=\"https:\/\/1dronas.lt\/wp-content\/uploads\/2026\/02\/XT30UP-EN-3.jpg 1600w, https:\/\/1dronas.lt\/wp-content\/uploads\/2026\/02\/XT30UP-EN-3-227x300.jpg 227w, https:\/\/1dronas.lt\/wp-content\/uploads\/2026\/02\/XT30UP-EN-3-775x1024.jpg 775w, https:\/\/1dronas.lt\/wp-content\/uploads\/2026\/02\/XT30UP-EN-3-768x1015.jpg 768w, https:\/\/1dronas.lt\/wp-content\/uploads\/2026\/02\/XT30UP-EN-3-1162x1536.jpg 1162w, https:\/\/1dronas.lt\/wp-content\/uploads\/2026\/02\/XT30UP-EN-3-1549x2048.jpg 1549w, https:\/\/1dronas.lt\/wp-content\/uploads\/2026\/02\/XT30UP-EN-3-9x12.jpg 9w, https:\/\/1dronas.lt\/wp-content\/uploads\/2026\/02\/XT30UP-EN-3-510x674.jpg 510w\" sizes=\"auto, (max-width: 1600px) 100vw, 1600px\" \/><\/p>\n<p><em>*The photo shows a &quot;Female&quot; type connector.<\/em><\/p>\n<p data-start=\"357\" data-end=\"376\">Naujasis XT30 pigtail jungties kabelis efektyviai i\u0161sprend\u017eia ki\u0161tuko l\u016b\u017eimo problem\u0105. Flywoo Suk\u016br\u0117 suderinam\u0105 original\u0173 Amass XT30 korpus\u0105, kuris ne tik apsaugo kabel\u012f nuo atsijungimo naudojimo metu, bet ir u\u017etikrina patogesn\u012f bei lengvesn\u012f prijungim\u0105 ir atjungim\u0105.<\/p>\n<p data-start=\"357\" data-end=\"376\"><strong>Features:<\/strong><\/p>\n<p data-start=\"357\" data-end=\"376\"><span style=\"font-size: 100%;\">\u2022 <\/span>Sustiprinta XT30 jungtis, ma\u017einanti ki\u0161tuko l\u016b\u017eimo rizik\u0105;<br data-start=\"57\" data-end=\"60\" \/><span style=\"font-size: 100%;\">\u2022 <\/span>Originalus Amass korpusas u\u017etikrina tvirt\u0105 ir patikim\u0105 sujungim\u0105;<br data-start=\"124\" data-end=\"127\" \/><span style=\"font-size: 100%;\">\u2022 <\/span>Apsauga nuo kabelio atsijungimo naudojimo metu;<br data-start=\"173\" data-end=\"176\" \/><span style=\"font-size: 100%;\">\u2022 <\/span>Patogesnis ir lengvesnis prijungimas bei atjungimas;<br data-start=\"227\" data-end=\"230\" \/><span style=\"font-size: 100%;\">\u2022 <\/span>18AWG laidas tinkamas didesn\u0117ms srov\u0117ms ir stabilesniam veikimui;<br data-start=\"294\" data-end=\"297\" \/><span style=\"font-size: 100%;\">\u2022 <\/span>Vyri\u0161ka (M) jungtis;<br data-start=\"316\" data-end=\"319\" \/><span style=\"font-size: 100%;\">\u2022 <\/span>Ma\u017ea kontaktin\u0117 var\u017ea (0,7 m\u03a9) u\u017etikrina efektyv\u0173 energijos perdavim\u0105;<br data-start=\"444\" data-end=\"447\" \/><span style=\"font-size: 100%;\">\u2022 <\/span>Atspari ugniai izoliacija (VL94-V0);<br data-start=\"482\" data-end=\"485\" \/><span style=\"font-size: 100%;\">\u2022 <\/span>Ilgaam\u017ei\u0161kumas iki ma\u017edaug 1000 prijungimo cikl\u0173.<\/p>\n<p data-start=\"357\" data-end=\"376\"><strong data-start=\"357\" data-end=\"376\">Specifications:<\/strong><\/p>\n<p data-start=\"378\" data-end=\"780\" data-is-last-node=\"\" data-is-only-node=\"\"><span style=\"font-size: 100%;\">\u2022 <\/span>Product model: XT30UP;<br data-start=\"402\" data-end=\"405\" \/><span style=\"font-size: 100%;\">\u2022 <\/span>Nominali srov\u0117: 15A (RC), maksimali momentin\u0117 srov\u0117: 30A (MC);<br data-start=\"466\" data-end=\"469\" \/><span style=\"font-size: 100%;\">\u2022 <\/span>Kontaktin\u0117 var\u017ea: 0,7 m\u03a9;<br data-start=\"493\" data-end=\"496\" \/><span style=\"font-size: 100%;\">\u2022 <\/span>Dielektrinis stiprumas: 500V DC;<br data-start=\"527\" data-end=\"530\" \/><span style=\"font-size: 100%;\">\u2022 <\/span>Darbin\u0117 temperat\u016bra: nuo -20\u00b0 iki 120\u00b0;<br data-start=\"568\" data-end=\"571\" \/><span style=\"font-size: 100%;\">\u2022 <\/span>Atsparumo ugniai klas\u0117: VL94-V0;<br data-start=\"602\" data-end=\"605\" \/><span style=\"font-size: 100%;\">\u2022 <\/span>Colors: black \/ white \/ red \/ pink \/ blue \/ yellow;<br data-start=\"665\" data-end=\"668\" \/><span style=\"font-size: 100%;\">\u2022 <\/span>Izoliacijos med\u017eiaga: PA;<br data-start=\"692\" data-end=\"695\" \/><span style=\"font-size: 100%;\">\u2022 <\/span>Rekomenduojamas naudojimo kart\u0173 skai\u010dius: 1000 kart\u0173.<\/p>\n<p data-start=\"378\" data-end=\"780\" data-is-last-node=\"\" data-is-only-node=\"\"><strong>Measurements:<\/strong><\/p>\n<p data-start=\"378\" data-end=\"780\" data-is-last-node=\"\" data-is-only-node=\"\"><img loading=\"lazy\" decoding=\"async\" class=\"alignnone wp-image-18619\" src=\"https:\/\/1dronas.lt\/wp-content\/uploads\/2026\/04\/XT30-2-2.jpeg-1024x1024.webp\" alt=\"\" width=\"439\" height=\"439\" srcset=\"https:\/\/1dronas.lt\/wp-content\/uploads\/2026\/04\/XT30-2-2.jpeg-1024x1024.webp 1024w, https:\/\/1dronas.lt\/wp-content\/uploads\/2026\/04\/XT30-2-2.jpeg-300x300.webp 300w, https:\/\/1dronas.lt\/wp-content\/uploads\/2026\/04\/XT30-2-2.jpeg-150x150.webp 150w, https:\/\/1dronas.lt\/wp-content\/uploads\/2026\/04\/XT30-2-2.jpeg-768x768.webp 768w, https:\/\/1dronas.lt\/wp-content\/uploads\/2026\/04\/XT30-2-2.jpeg-1536x1536.webp 1536w, https:\/\/1dronas.lt\/wp-content\/uploads\/2026\/04\/XT30-2-2.jpeg-12x12.webp 12w, https:\/\/1dronas.lt\/wp-content\/uploads\/2026\/04\/XT30-2-2.jpeg-247x247.webp 247w, https:\/\/1dronas.lt\/wp-content\/uploads\/2026\/04\/XT30-2-2.jpeg-510x510.webp 510w, https:\/\/1dronas.lt\/wp-content\/uploads\/2026\/04\/XT30-2-2.jpeg-100x100.webp 100w, https:\/\/1dronas.lt\/wp-content\/uploads\/2026\/04\/XT30-2-2.jpeg.webp 2000w\" sizes=\"auto, (max-width: 439px) 100vw, 439px\" \/><\/p>\n<p data-start=\"378\" data-end=\"780\" data-is-last-node=\"\" data-is-only-node=\"\"><em>*The photo shows a &quot;Female&quot; type connector.<\/em><\/p>\n<p>Made of high-quality silicone, this cable has excellent heat resistance and operates stably over an extremely wide temperature range - from -60 \u00b0C to 200 \u00b0C.<\/p>\n<p><img loading=\"lazy\" decoding=\"async\" class=\"alignnone wp-image-16419 size-full\" src=\"https:\/\/1dronas.lt\/wp-content\/uploads\/2026\/02\/XT30UP-EN-1.jpg\" alt=\"\" width=\"1600\" height=\"2060\" srcset=\"https:\/\/1dronas.lt\/wp-content\/uploads\/2026\/02\/XT30UP-EN-1.jpg 1600w, https:\/\/1dronas.lt\/wp-content\/uploads\/2026\/02\/XT30UP-EN-1-233x300.jpg 233w, https:\/\/1dronas.lt\/wp-content\/uploads\/2026\/02\/XT30UP-EN-1-795x1024.jpg 795w, https:\/\/1dronas.lt\/wp-content\/uploads\/2026\/02\/XT30UP-EN-1-768x989.jpg 768w, https:\/\/1dronas.lt\/wp-content\/uploads\/2026\/02\/XT30UP-EN-1-1193x1536.jpg 1193w, https:\/\/1dronas.lt\/wp-content\/uploads\/2026\/02\/XT30UP-EN-1-1591x2048.jpg 1591w, https:\/\/1dronas.lt\/wp-content\/uploads\/2026\/02\/XT30UP-EN-1-9x12.jpg 9w, https:\/\/1dronas.lt\/wp-content\/uploads\/2026\/02\/XT30UP-EN-1-510x657.jpg 510w\" sizes=\"auto, (max-width: 1600px) 100vw, 1600px\" \/><\/p>\n<p><strong>Package:<\/strong><\/p>\n<p>2x Flywoo XT30UP Male Pigtail 18awg.<\/p>","protected":false},"excerpt":{"rendered":"<p><span style=\"color: #333333;\">The new Flywoo XT30 Pigtail connector cable solves the problem of plug breakage. Available in six colors.\u00a0<\/span><\/p>\n<p><span style=\"color: #333333;\"><strong><img loading=\"lazy\" decoding=\"async\" class=\"alignnone wp-image-1806\" src=\"https:\/\/1dronas.lt\/wp-content\/uploads\/2021\/05\/delivery-icon.png\" alt=\"\" width=\"24\" height=\"24\" srcset=\"https:\/\/1dronas.lt\/wp-content\/uploads\/2021\/05\/delivery-icon.png 35w, https:\/\/1dronas.lt\/wp-content\/uploads\/2021\/05\/delivery-icon-12x12.png 12w\" sizes=\"auto, (max-width: 24px) 100vw, 24px\" \/>\u00a0\u00a0\u00a0<span style=\"font-size: 90%;\">1 \u2013 2 days<\/span><\/strong><\/span><\/p>","protected":false},"featured_media":18635,"comment_status":"open","ping_status":"closed","template":"","meta":[],"product_brand":[1152],"product_cat":[676],"product_tag":[832,851,90,1242,1175],"class_list":{"0":"post-18617","1":"product","2":"type-product","3":"status-publish","4":"has-post-thumbnail","6":"product_brand-flywoo","7":"product_cat-laidai-jungtys","8":"product_tag-18-awg","9":"product_tag-cable-pigtail","10":"product_tag-flywoo","11":"product_tag-male","12":"product_tag-xt30up","14":"first","15":"instock","16":"taxable","17":"shipping-taxable","18":"purchasable","19":"product-type-variable"},"yoast_head":"<!-- This site is optimized with the Yoast SEO plugin v27.4 - https:\/\/yoast.com\/product\/yoast-seo-wordpress\/ -->\n<title>Flywoo XT30UP Male Pigtail 18awg - 1dronas.lt<\/title>\n<meta name=\"robots\" content=\"index, follow, max-snippet:-1, max-image-preview:large, max-video-preview:-1\" \/>\n<link rel=\"canonical\" href=\"https:\/\/1dronas.lt\/en\/produktas\/flywoo-xt30up-male-pigtail-18awg\/\" \/>\n<meta property=\"og:locale\" content=\"en_US\" \/>\n<meta property=\"og:type\" content=\"article\" \/>\n<meta property=\"og:title\" content=\"Flywoo XT30UP Male Pigtail 18awg - 1dronas.lt\" \/>\n<meta property=\"og:description\" content=\"Naujasis Flywoo XT30 Pigtail jungties laidas i\u0161sprend\u017eia ki\u0161tuko l\u016b\u017eimo problem\u0105. Galima rinktis i\u0161 \u0161e\u0161i\u0173 spalv\u0173.\u00a0  \u00a0\u00a0\u00a01 \u2013 2 d. d.\" \/>\n<meta property=\"og:url\" content=\"https:\/\/1dronas.lt\/en\/produktas\/flywoo-xt30up-male-pigtail-18awg\/\" \/>\n<meta property=\"og:site_name\" content=\"1dronas.lt\" \/>\n<meta property=\"article:publisher\" content=\"https:\/\/www.facebook.com\/1dronas\/\" \/>\n<meta property=\"article:modified_time\" content=\"2026-04-15T19:17:13+00:00\" \/>\n<meta property=\"og:image\" content=\"https:\/\/1dronas.lt\/wp-content\/uploads\/2026\/04\/m30u.jpg\" \/>\n\t<meta property=\"og:image:width\" content=\"1512\" \/>\n\t<meta property=\"og:image:height\" content=\"1512\" \/>\n\t<meta property=\"og:image:type\" content=\"image\/jpeg\" \/>\n<meta name=\"twitter:card\" content=\"summary_large_image\" \/>\n<meta name=\"twitter:label1\" content=\"Est. reading time\" \/>\n\t<meta name=\"twitter:data1\" content=\"2 minutes\" \/>\n<script type=\"application\/ld+json\" class=\"yoast-schema-graph\">{\"@context\":\"https:\\\/\\\/schema.org\",\"@graph\":[{\"@type\":\"WebPage\",\"@id\":\"https:\\\/\\\/1dronas.lt\\\/en\\\/produktas\\\/flywoo-xt30up-male-pigtail-18awg\\\/\",\"url\":\"https:\\\/\\\/1dronas.lt\\\/en\\\/produktas\\\/flywoo-xt30up-male-pigtail-18awg\\\/\",\"name\":\"Flywoo XT30UP Male Pigtail 18awg - 1dronas.lt\",\"isPartOf\":{\"@id\":\"https:\\\/\\\/1dronas.lt\\\/en\\\/#website\"},\"primaryImageOfPage\":{\"@id\":\"https:\\\/\\\/1dronas.lt\\\/en\\\/produktas\\\/flywoo-xt30up-male-pigtail-18awg\\\/#primaryimage\"},\"image\":{\"@id\":\"https:\\\/\\\/1dronas.lt\\\/en\\\/produktas\\\/flywoo-xt30up-male-pigtail-18awg\\\/#primaryimage\"},\"thumbnailUrl\":\"https:\\\/\\\/1dronas.lt\\\/wp-content\\\/uploads\\\/2026\\\/04\\\/m30u.jpg\",\"datePublished\":\"2026-04-15T19:14:17+00:00\",\"dateModified\":\"2026-04-15T19:17:13+00:00\",\"breadcrumb\":{\"@id\":\"https:\\\/\\\/1dronas.lt\\\/en\\\/produktas\\\/flywoo-xt30up-male-pigtail-18awg\\\/#breadcrumb\"},\"inLanguage\":\"en-US\",\"potentialAction\":[{\"@type\":\"ReadAction\",\"target\":[\"https:\\\/\\\/1dronas.lt\\\/en\\\/produktas\\\/flywoo-xt30up-male-pigtail-18awg\\\/\"]}]},{\"@type\":\"ImageObject\",\"inLanguage\":\"en-US\",\"@id\":\"https:\\\/\\\/1dronas.lt\\\/en\\\/produktas\\\/flywoo-xt30up-male-pigtail-18awg\\\/#primaryimage\",\"url\":\"https:\\\/\\\/1dronas.lt\\\/wp-content\\\/uploads\\\/2026\\\/04\\\/m30u.jpg\",\"contentUrl\":\"https:\\\/\\\/1dronas.lt\\\/wp-content\\\/uploads\\\/2026\\\/04\\\/m30u.jpg\",\"width\":1512,\"height\":1512},{\"@type\":\"BreadcrumbList\",\"@id\":\"https:\\\/\\\/1dronas.lt\\\/en\\\/produktas\\\/flywoo-xt30up-male-pigtail-18awg\\\/#breadcrumb\",\"itemListElement\":[{\"@type\":\"ListItem\",\"position\":1,\"name\":\"Home\",\"item\":\"https:\\\/\\\/1dronas.lt\\\/\"},{\"@type\":\"ListItem\",\"position\":2,\"name\":\"Parduotuv\u0117\",\"item\":\"https:\\\/\\\/1dronas.lt\\\/parduotuve\\\/\"},{\"@type\":\"ListItem\",\"position\":3,\"name\":\"Flywoo XT30UP Male Pigtail 18awg\"}]},{\"@type\":\"WebSite\",\"@id\":\"https:\\\/\\\/1dronas.lt\\\/en\\\/#website\",\"url\":\"https:\\\/\\\/1dronas.lt\\\/en\\\/\",\"name\":\"1dronas.lt\",\"description\":\"Internetin\u0117 parduotuv\u0117\",\"publisher\":{\"@id\":\"https:\\\/\\\/1dronas.lt\\\/en\\\/#organization\"},\"potentialAction\":[{\"@type\":\"SearchAction\",\"target\":{\"@type\":\"EntryPoint\",\"urlTemplate\":\"https:\\\/\\\/1dronas.lt\\\/en\\\/?s={search_term_string}\"},\"query-input\":{\"@type\":\"PropertyValueSpecification\",\"valueRequired\":true,\"valueName\":\"search_term_string\"}}],\"inLanguage\":\"en-US\"},{\"@type\":\"Organization\",\"@id\":\"https:\\\/\\\/1dronas.lt\\\/en\\\/#organization\",\"name\":\"1dronas.lt\",\"url\":\"https:\\\/\\\/1dronas.lt\\\/en\\\/\",\"logo\":{\"@type\":\"ImageObject\",\"inLanguage\":\"en-US\",\"@id\":\"https:\\\/\\\/1dronas.lt\\\/en\\\/#\\\/schema\\\/logo\\\/image\\\/\",\"url\":\"https:\\\/\\\/1dronas.lt\\\/wp-content\\\/uploads\\\/2020\\\/12\\\/Ekrano_kopija__2_-removebg-preview-1-1.png\",\"contentUrl\":\"https:\\\/\\\/1dronas.lt\\\/wp-content\\\/uploads\\\/2020\\\/12\\\/Ekrano_kopija__2_-removebg-preview-1-1.png\",\"width\":234,\"height\":81,\"caption\":\"1dronas.lt\"},\"image\":{\"@id\":\"https:\\\/\\\/1dronas.lt\\\/en\\\/#\\\/schema\\\/logo\\\/image\\\/\"},\"sameAs\":[\"https:\\\/\\\/www.facebook.com\\\/1dronas\\\/\"]}]}<\/script>\n<!-- \/ Yoast SEO plugin. -->","yoast_head_json":{"title":"Flywoo XT30UP Male Pigtail 18awg - 1dronas.lt","robots":{"index":"index","follow":"follow","max-snippet":"max-snippet:-1","max-image-preview":"max-image-preview:large","max-video-preview":"max-video-preview:-1"},"canonical":"https:\/\/1dronas.lt\/en\/produktas\/flywoo-xt30up-male-pigtail-18awg\/","og_locale":"en_US","og_type":"article","og_title":"Flywoo XT30UP Male Pigtail 18awg - 1dronas.lt","og_description":"Naujasis Flywoo XT30 Pigtail jungties laidas i\u0161sprend\u017eia ki\u0161tuko l\u016b\u017eimo problem\u0105. Galima rinktis i\u0161 \u0161e\u0161i\u0173 spalv\u0173.\u00a0  \u00a0\u00a0\u00a01 \u2013 2 d. d.","og_url":"https:\/\/1dronas.lt\/en\/produktas\/flywoo-xt30up-male-pigtail-18awg\/","og_site_name":"1dronas.lt","article_publisher":"https:\/\/www.facebook.com\/1dronas\/","article_modified_time":"2026-04-15T19:17:13+00:00","og_image":[{"width":1512,"height":1512,"url":"https:\/\/1dronas.lt\/wp-content\/uploads\/2026\/04\/m30u.jpg","type":"image\/jpeg"}],"twitter_card":"summary_large_image","twitter_misc":{"Est. reading time":"2 minutes"},"schema":{"@context":"https:\/\/schema.org","@graph":[{"@type":"WebPage","@id":"https:\/\/1dronas.lt\/en\/produktas\/flywoo-xt30up-male-pigtail-18awg\/","url":"https:\/\/1dronas.lt\/en\/produktas\/flywoo-xt30up-male-pigtail-18awg\/","name":"Flywoo XT30UP Male Pigtail 18awg - 1dronas.lt","isPartOf":{"@id":"https:\/\/1dronas.lt\/en\/#website"},"primaryImageOfPage":{"@id":"https:\/\/1dronas.lt\/en\/produktas\/flywoo-xt30up-male-pigtail-18awg\/#primaryimage"},"image":{"@id":"https:\/\/1dronas.lt\/en\/produktas\/flywoo-xt30up-male-pigtail-18awg\/#primaryimage"},"thumbnailUrl":"https:\/\/1dronas.lt\/wp-content\/uploads\/2026\/04\/m30u.jpg","datePublished":"2026-04-15T19:14:17+00:00","dateModified":"2026-04-15T19:17:13+00:00","breadcrumb":{"@id":"https:\/\/1dronas.lt\/en\/produktas\/flywoo-xt30up-male-pigtail-18awg\/#breadcrumb"},"inLanguage":"en-US","potentialAction":[{"@type":"ReadAction","target":["https:\/\/1dronas.lt\/en\/produktas\/flywoo-xt30up-male-pigtail-18awg\/"]}]},{"@type":"ImageObject","inLanguage":"en-US","@id":"https:\/\/1dronas.lt\/en\/produktas\/flywoo-xt30up-male-pigtail-18awg\/#primaryimage","url":"https:\/\/1dronas.lt\/wp-content\/uploads\/2026\/04\/m30u.jpg","contentUrl":"https:\/\/1dronas.lt\/wp-content\/uploads\/2026\/04\/m30u.jpg","width":1512,"height":1512},{"@type":"BreadcrumbList","@id":"https:\/\/1dronas.lt\/en\/produktas\/flywoo-xt30up-male-pigtail-18awg\/#breadcrumb","itemListElement":[{"@type":"ListItem","position":1,"name":"Home","item":"https:\/\/1dronas.lt\/"},{"@type":"ListItem","position":2,"name":"Parduotuv\u0117","item":"https:\/\/1dronas.lt\/parduotuve\/"},{"@type":"ListItem","position":3,"name":"Flywoo XT30UP Male Pigtail 18awg"}]},{"@type":"WebSite","@id":"https:\/\/1dronas.lt\/en\/#website","url":"https:\/\/1dronas.lt\/en\/","name":"1dronas.lt","description":"Online store","publisher":{"@id":"https:\/\/1dronas.lt\/en\/#organization"},"potentialAction":[{"@type":"SearchAction","target":{"@type":"EntryPoint","urlTemplate":"https:\/\/1dronas.lt\/en\/?s={search_term_string}"},"query-input":{"@type":"PropertyValueSpecification","valueRequired":true,"valueName":"search_term_string"}}],"inLanguage":"en-US"},{"@type":"Organization","@id":"https:\/\/1dronas.lt\/en\/#organization","name":"1dronas.lt","url":"https:\/\/1dronas.lt\/en\/","logo":{"@type":"ImageObject","inLanguage":"en-US","@id":"https:\/\/1dronas.lt\/en\/#\/schema\/logo\/image\/","url":"https:\/\/1dronas.lt\/wp-content\/uploads\/2020\/12\/Ekrano_kopija__2_-removebg-preview-1-1.png","contentUrl":"https:\/\/1dronas.lt\/wp-content\/uploads\/2020\/12\/Ekrano_kopija__2_-removebg-preview-1-1.png","width":234,"height":81,"caption":"1dronas.lt"},"image":{"@id":"https:\/\/1dronas.lt\/en\/#\/schema\/logo\/image\/"},"sameAs":["https:\/\/www.facebook.com\/1dronas\/"]}]}},"jetpack_sharing_enabled":true,"_links":{"self":[{"href":"https:\/\/1dronas.lt\/en\/wp-json\/wp\/v2\/product\/18617","targetHints":{"allow":["GET"]}}],"collection":[{"href":"https:\/\/1dronas.lt\/en\/wp-json\/wp\/v2\/product"}],"about":[{"href":"https:\/\/1dronas.lt\/en\/wp-json\/wp\/v2\/types\/product"}],"replies":[{"embeddable":true,"href":"https:\/\/1dronas.lt\/en\/wp-json\/wp\/v2\/comments?post=18617"}],"wp:featuredmedia":[{"embeddable":true,"href":"https:\/\/1dronas.lt\/en\/wp-json\/wp\/v2\/media\/18635"}],"wp:attachment":[{"href":"https:\/\/1dronas.lt\/en\/wp-json\/wp\/v2\/media?parent=18617"}],"wp:term":[{"taxonomy":"product_brand","embeddable":true,"href":"https:\/\/1dronas.lt\/en\/wp-json\/wp\/v2\/product_brand?post=18617"},{"taxonomy":"product_cat","embeddable":true,"href":"https:\/\/1dronas.lt\/en\/wp-json\/wp\/v2\/product_cat?post=18617"},{"taxonomy":"product_tag","embeddable":true,"href":"https:\/\/1dronas.lt\/en\/wp-json\/wp\/v2\/product_tag?post=18617"}],"curies":[{"name":"wp","href":"https:\/\/api.w.org\/{rel}","templated":true}]}}